{"id":37495,"date":"2026-05-08T08:13:39","date_gmt":"2026-05-08T08:13:39","guid":{"rendered":"https:\/\/www.ull.es\/portal\/cienciaull\/?page_id=37495"},"modified":"2026-05-08T08:13:39","modified_gmt":"2026-05-08T08:13:39","slug":"taller-11-la-memoria-migrante-desde-la-literatura-hispanoamericana","status":"publish","type":"page","link":"https:\/\/www.ull.es\/portal\/cienciaull\/laboratorio-virtual-conecta-cienciull\/ciencias-sociales-humanidades-y-arte\/taller-11-la-memoria-migrante-desde-la-literatura-hispanoamericana\/","title":{"rendered":"Taller 11. \u00abLa memoria migrante desde la Literatura Hispanoamericana\u00bb"},"content":{"rendered":"<p>[vc_row][vc_column][vc_custom_heading source=\u00bbpost_title\u00bb font_container=\u00bbtag:h2|text_align:left|color:%235499c7&#8243; google_fonts=\u00bbfont_family:Roboto%20Slab%3A100%2C300%2Cregular%2C700|font_style:700%20bold%20regular%3A700%3Anormal\u00bb][vc_single_image image=\u00bb37500&#8243;][\/vc_column][\/vc_row][vc_row][vc_column][vc_empty_space][vc_column_text]<\/p>\n<table style=\"height: 76px\" width=\"1223\">\n<tbody>\n<tr>\n<td width=\"120\">Breve descripci\u00f3n<\/td>\n<\/tr>\n<tr>\n<td style=\"text-align: justify\">\n<div class=\"\" data-turn-id-container=\"a1a7b047-d77d-41c1-9880-6285151fe71e\" data-is-intersecting=\"true\">\n<p><span style=\"font-weight: 400\">Este taller tiene como objetivo ofrecer una introducci\u00f3n a las formas de investigaci\u00f3n en la Literatura Hispanoamericana contempor\u00e1nea en torno a temas transversales como la migraci\u00f3n y la memoria. Para ello, se abordar\u00e1 el dise\u00f1o y la elaboraci\u00f3n de una entrevista a una autor\u00eda, se presentar\u00e1n las principales perspectivas metodol\u00f3gicas implicadas en este tipo de estudios y se explicar\u00e1 c\u00f3mo establecer relaciones cr\u00edticas entre distintos corpus literarios.<\/span><\/p>\n<p><span style=\"font-weight: 400\">En la segunda parte del taller se propone un acercamiento creativo y escritural a algunos de los conceptos centrales de la investigaci\u00f3n, en particular el de la memoria migrante heredada. A trav\u00e9s de una serie de consignas, se invitar\u00e1 a las personas participantes a escribir un poema que dialogue con recuerdos no vividos en primera persona, vinculados a los desplazamientos que configuran y atraviesan nuestra identidad.<\/span><\/p>\n<\/div>\n<\/td>\n<\/tr>\n<\/tbody>\n<\/table>\n<p>[\/vc_column_text][vc_column_text]<\/p>\n<table style=\"height: 98px\" width=\"1232\">\n<tbody>\n<tr>\n<td width=\"120\"><strong>P\u00fablico al que se dirige<\/strong><\/td>\n<td width=\"65\"><strong>Duraci\u00f3n<\/strong><\/td>\n<\/tr>\n<tr>\n<td>Alumnado de 4\u00baESO y Bachillerato<\/td>\n<td>10 minutos<\/td>\n<\/tr>\n<\/tbody>\n<\/table>\n<p>[\/vc_column_text][vc_column_text]<\/p>\n<table>\n<tbody>\n<tr>\n<td colspan=\"2\" width=\"566\"><strong>Materiales y recursos<\/strong><\/td>\n<\/tr>\n<tr>\n<td width=\"283\">\n<ul>\n<li style=\"font-weight: 400\"><span style=\"font-weight: 400\">Archivo hist\u00f3rico y personal sobre migraci\u00f3n.<\/span><\/li>\n<li style=\"font-weight: 400\"><span style=\"font-weight: 400\">Poemarios espec\u00edficos de autoras latinoamericanas contempor\u00e1neas.<\/span><\/li>\n<li style=\"font-weight: 400\"><span style=\"font-weight: 400\">Libros sobre estudios culturales espec\u00edficos<\/span><\/li>\n<\/ul>\n<\/td>\n<td width=\"283\">\n<ul>\n<li style=\"font-weight: 400\"><span style=\"font-weight: 400\">Hojas en blanco.<\/span><\/li>\n<li style=\"font-weight: 400\"><span style=\"font-weight: 400\">Bol\u00edgrafos.<\/span><\/li>\n<\/ul>\n<\/td>\n<\/tr>\n<\/tbody>\n<\/table>\n<p>[\/vc_column_text][vc_column_text]<\/p>\n<table style=\"height: 38px\" width=\"1229\">\n<tbody>\n<tr>\n<td width=\"120\"><strong>Investigadoras<\/strong><\/td>\n<td width=\"65\">Katya V\u00e1zquez Schr\u00f6der<\/td>\n<\/tr>\n<tr>\n<td><strong>Departamento<\/strong><\/td>\n<td><span style=\"font-weight: 400\">Departamento de Filolog\u00eda Espa\u00f1ola<\/span><\/td>\n<\/tr>\n<\/tbody>\n<\/table>\n<p>[\/vc_column_text][vc_empty_space][vc_btn title=\u00bbDescargar ficha del taller\u00bb color=\u00bborange\u00bb size=\u00bblg\u00bb align=\u00bbcenter\u00bb link=\u00bburl:https%3A%2F%2Fdrive.google.com%2Ffile%2Fd%2F1E4O4Tr6Ta2v2j9AJJGdfNlaO1tPxCNgU%2Fview%3Fusp%3Dsharing|target:_blank\u00bb][\/vc_column][\/vc_row]<\/p>\n","protected":false},"excerpt":{"rendered":"<p>[vc_row][vc_column][vc_custom_heading source=\u00bbpost_title\u00bb font_container=\u00bbtag:h2|text_align:left|color:%235499c7&#8243; google_fonts=\u00bbfont_family:Roboto%20Slab%3A100%2C300%2Cregular%2C700|font_style:700%20bold%20regular%3A700%3Anormal\u00bb][vc_single_image image=\u00bb37500&#8243;][\/vc_column][\/vc_row][vc_row][vc_column][vc_empty_space][vc_column_text] Breve descripci\u00f3n Este taller tiene como objetivo ofrecer una introducci\u00f3n a las formas de investigaci\u00f3n en la Literatura Hispanoamericana contempor\u00e1nea en torno a temas transversales como la migraci\u00f3n y la memoria. Para ello, se abordar\u00e1 el dise\u00f1o y la elaboraci\u00f3n de una entrevista a una autor\u00eda, se presentar\u00e1n las principales&#8230;<\/p>\n","protected":false},"author":56,"featured_media":0,"parent":27022,"menu_order":11,"comment_status":"closed","ping_status":"closed","template":"","meta":{"inline_featured_image":false,"footnotes":""},"acf":[],"yoast_head":"<!-- This site is optimized with the Yoast SEO plugin v21.3 - https:\/\/yoast.com\/wordpress\/plugins\/seo\/ -->\n<title>Taller 11. \u00abLa memoria migrante desde la Literatura Hispanoamericana\u00bb -<\/title>\n<meta name=\"robots\" content=\"index, follow, max-snippet:-1, max-image-preview:large, max-video-preview:-1\" \/>\n<link rel=\"canonical\" href=\"https:\/\/www.ull.es\/portal\/cienciaull\/laboratorio-virtual-conecta-cienciull\/ciencias-sociales-humanidades-y-arte\/taller-11-la-memoria-migrante-desde-la-literatura-hispanoamericana\/\" \/>\n<meta property=\"og:locale\" content=\"es_ES\" \/>\n<meta property=\"og:type\" content=\"article\" \/>\n<meta property=\"og:title\" content=\"Taller 11. \u00abLa memoria migrante desde la Literatura Hispanoamericana\u00bb -\" \/>\n<meta property=\"og:description\" content=\"[vc_row][vc_column][vc_custom_heading source=\u00bbpost_title\u00bb font_container=\u00bbtag:h2|text_align:left|color:%235499c7&#8243; google_fonts=\u00bbfont_family:Roboto%20Slab%3A100%2C300%2Cregular%2C700|font_style:700%20bold%20regular%3A700%3Anormal\u00bb][vc_single_image image=\u00bb37500&#8243;][\/vc_column][\/vc_row][vc_row][vc_column][vc_empty_space][vc_column_text] Breve descripci\u00f3n Este taller tiene como objetivo ofrecer una introducci\u00f3n a las formas de investigaci\u00f3n en la Literatura Hispanoamericana contempor\u00e1nea en torno a temas transversales como la migraci\u00f3n y la memoria. Para ello, se abordar\u00e1 el dise\u00f1o y la elaboraci\u00f3n de una entrevista a una autor\u00eda, se presentar\u00e1n las principales...\" \/>\n<meta property=\"og:url\" content=\"https:\/\/www.ull.es\/portal\/cienciaull\/laboratorio-virtual-conecta-cienciull\/ciencias-sociales-humanidades-y-arte\/taller-11-la-memoria-migrante-desde-la-literatura-hispanoamericana\/\" \/>\n<meta property=\"article:publisher\" content=\"https:\/\/www.facebook.com\/CienciaULL\/\" \/>\n<meta name=\"twitter:card\" content=\"summary_large_image\" \/>\n<meta name=\"twitter:site\" content=\"@CienciaULL\" \/>\n<meta name=\"twitter:label1\" content=\"Tiempo de lectura\" \/>\n\t<meta name=\"twitter:data1\" content=\"1 minuto\" \/>\n<script type=\"application\/ld+json\" class=\"yoast-schema-graph\">{\"@context\":\"https:\/\/schema.org\",\"@graph\":[{\"@type\":\"WebPage\",\"@id\":\"https:\/\/www.ull.es\/portal\/cienciaull\/laboratorio-virtual-conecta-cienciull\/ciencias-sociales-humanidades-y-arte\/taller-11-la-memoria-migrante-desde-la-literatura-hispanoamericana\/\",\"url\":\"https:\/\/www.ull.es\/portal\/cienciaull\/laboratorio-virtual-conecta-cienciull\/ciencias-sociales-humanidades-y-arte\/taller-11-la-memoria-migrante-desde-la-literatura-hispanoamericana\/\",\"name\":\"Taller 11. \u00abLa memoria migrante desde la Literatura Hispanoamericana\u00bb -\",\"isPartOf\":{\"@id\":\"https:\/\/www.ull.es\/portal\/cienciaull\/#website\"},\"datePublished\":\"2026-05-08T08:13:39+00:00\",\"dateModified\":\"2026-05-08T08:13:39+00:00\",\"breadcrumb\":{\"@id\":\"https:\/\/www.ull.es\/portal\/cienciaull\/laboratorio-virtual-conecta-cienciull\/ciencias-sociales-humanidades-y-arte\/taller-11-la-memoria-migrante-desde-la-literatura-hispanoamericana\/#breadcrumb\"},\"inLanguage\":\"es\",\"potentialAction\":[{\"@type\":\"ReadAction\",\"target\":[\"https:\/\/www.ull.es\/portal\/cienciaull\/laboratorio-virtual-conecta-cienciull\/ciencias-sociales-humanidades-y-arte\/taller-11-la-memoria-migrante-desde-la-literatura-hispanoamericana\/\"]}]},{\"@type\":\"BreadcrumbList\",\"@id\":\"https:\/\/www.ull.es\/portal\/cienciaull\/laboratorio-virtual-conecta-cienciull\/ciencias-sociales-humanidades-y-arte\/taller-11-la-memoria-migrante-desde-la-literatura-hispanoamericana\/#breadcrumb\",\"itemListElement\":[{\"@type\":\"ListItem\",\"position\":1,\"name\":\"Portada\",\"item\":\"https:\/\/www.ull.es\/portal\/cienciaull\/\"},{\"@type\":\"ListItem\",\"position\":2,\"name\":\"Laboratorio Virtual Conecta Cienci@ULL\",\"item\":\"https:\/\/www.ull.es\/portal\/cienciaull\/laboratorio-virtual-conecta-cienciull\/\"},{\"@type\":\"ListItem\",\"position\":3,\"name\":\"Ciencias Sociales, Humanidades y Arte\",\"item\":\"https:\/\/www.ull.es\/portal\/cienciaull\/laboratorio-virtual-conecta-cienciull\/ciencias-sociales-humanidades-y-arte\/\"},{\"@type\":\"ListItem\",\"position\":4,\"name\":\"Taller 11. \u00abLa memoria migrante desde la Literatura Hispanoamericana\u00bb\"}]},{\"@type\":\"WebSite\",\"@id\":\"https:\/\/www.ull.es\/portal\/cienciaull\/#website\",\"url\":\"https:\/\/www.ull.es\/portal\/cienciaull\/\",\"name\":\"\",\"description\":\"Unidad de Cultura Cient\u00edfica y de la Innovaci\u00f3n de la Universidad de La Laguna\",\"potentialAction\":[{\"@type\":\"SearchAction\",\"target\":{\"@type\":\"EntryPoint\",\"urlTemplate\":\"https:\/\/www.ull.es\/portal\/cienciaull\/?s={search_term_string}\"},\"query-input\":\"required name=search_term_string\"}],\"inLanguage\":\"es\"}]}<\/script>\n<!-- \/ Yoast SEO plugin. -->","yoast_head_json":{"title":"Taller 11. \u00abLa memoria migrante desde la Literatura Hispanoamericana\u00bb -","robots":{"index":"index","follow":"follow","max-snippet":"max-snippet:-1","max-image-preview":"max-image-preview:large","max-video-preview":"max-video-preview:-1"},"canonical":"https:\/\/www.ull.es\/portal\/cienciaull\/laboratorio-virtual-conecta-cienciull\/ciencias-sociales-humanidades-y-arte\/taller-11-la-memoria-migrante-desde-la-literatura-hispanoamericana\/","og_locale":"es_ES","og_type":"article","og_title":"Taller 11. \u00abLa memoria migrante desde la Literatura Hispanoamericana\u00bb -","og_description":"[vc_row][vc_column][vc_custom_heading source=\u00bbpost_title\u00bb font_container=\u00bbtag:h2|text_align:left|color:%235499c7&#8243; google_fonts=\u00bbfont_family:Roboto%20Slab%3A100%2C300%2Cregular%2C700|font_style:700%20bold%20regular%3A700%3Anormal\u00bb][vc_single_image image=\u00bb37500&#8243;][\/vc_column][\/vc_row][vc_row][vc_column][vc_empty_space][vc_column_text] Breve descripci\u00f3n Este taller tiene como objetivo ofrecer una introducci\u00f3n a las formas de investigaci\u00f3n en la Literatura Hispanoamericana contempor\u00e1nea en torno a temas transversales como la migraci\u00f3n y la memoria. Para ello, se abordar\u00e1 el dise\u00f1o y la elaboraci\u00f3n de una entrevista a una autor\u00eda, se presentar\u00e1n las principales...","og_url":"https:\/\/www.ull.es\/portal\/cienciaull\/laboratorio-virtual-conecta-cienciull\/ciencias-sociales-humanidades-y-arte\/taller-11-la-memoria-migrante-desde-la-literatura-hispanoamericana\/","article_publisher":"https:\/\/www.facebook.com\/CienciaULL\/","twitter_card":"summary_large_image","twitter_site":"@CienciaULL","twitter_misc":{"Tiempo de lectura":"1 minuto"},"schema":{"@context":"https:\/\/schema.org","@graph":[{"@type":"WebPage","@id":"https:\/\/www.ull.es\/portal\/cienciaull\/laboratorio-virtual-conecta-cienciull\/ciencias-sociales-humanidades-y-arte\/taller-11-la-memoria-migrante-desde-la-literatura-hispanoamericana\/","url":"https:\/\/www.ull.es\/portal\/cienciaull\/laboratorio-virtual-conecta-cienciull\/ciencias-sociales-humanidades-y-arte\/taller-11-la-memoria-migrante-desde-la-literatura-hispanoamericana\/","name":"Taller 11. \u00abLa memoria migrante desde la Literatura Hispanoamericana\u00bb -","isPartOf":{"@id":"https:\/\/www.ull.es\/portal\/cienciaull\/#website"},"datePublished":"2026-05-08T08:13:39+00:00","dateModified":"2026-05-08T08:13:39+00:00","breadcrumb":{"@id":"https:\/\/www.ull.es\/portal\/cienciaull\/laboratorio-virtual-conecta-cienciull\/ciencias-sociales-humanidades-y-arte\/taller-11-la-memoria-migrante-desde-la-literatura-hispanoamericana\/#breadcrumb"},"inLanguage":"es","potentialAction":[{"@type":"ReadAction","target":["https:\/\/www.ull.es\/portal\/cienciaull\/laboratorio-virtual-conecta-cienciull\/ciencias-sociales-humanidades-y-arte\/taller-11-la-memoria-migrante-desde-la-literatura-hispanoamericana\/"]}]},{"@type":"BreadcrumbList","@id":"https:\/\/www.ull.es\/portal\/cienciaull\/laboratorio-virtual-conecta-cienciull\/ciencias-sociales-humanidades-y-arte\/taller-11-la-memoria-migrante-desde-la-literatura-hispanoamericana\/#breadcrumb","itemListElement":[{"@type":"ListItem","position":1,"name":"Portada","item":"https:\/\/www.ull.es\/portal\/cienciaull\/"},{"@type":"ListItem","position":2,"name":"Laboratorio Virtual Conecta Cienci@ULL","item":"https:\/\/www.ull.es\/portal\/cienciaull\/laboratorio-virtual-conecta-cienciull\/"},{"@type":"ListItem","position":3,"name":"Ciencias Sociales, Humanidades y Arte","item":"https:\/\/www.ull.es\/portal\/cienciaull\/laboratorio-virtual-conecta-cienciull\/ciencias-sociales-humanidades-y-arte\/"},{"@type":"ListItem","position":4,"name":"Taller 11. \u00abLa memoria migrante desde la Literatura Hispanoamericana\u00bb"}]},{"@type":"WebSite","@id":"https:\/\/www.ull.es\/portal\/cienciaull\/#website","url":"https:\/\/www.ull.es\/portal\/cienciaull\/","name":"","description":"Unidad de Cultura Cient\u00edfica y de la Innovaci\u00f3n de la Universidad de La Laguna","potentialAction":[{"@type":"SearchAction","target":{"@type":"EntryPoint","urlTemplate":"https:\/\/www.ull.es\/portal\/cienciaull\/?s={search_term_string}"},"query-input":"required name=search_term_string"}],"inLanguage":"es"}]}},"_links":{"self":[{"href":"https:\/\/www.ull.es\/portal\/cienciaull\/wp-json\/wp\/v2\/pages\/37495"}],"collection":[{"href":"https:\/\/www.ull.es\/portal\/cienciaull\/wp-json\/wp\/v2\/pages"}],"about":[{"href":"https:\/\/www.ull.es\/portal\/cienciaull\/wp-json\/wp\/v2\/types\/page"}],"author":[{"embeddable":true,"href":"https:\/\/www.ull.es\/portal\/cienciaull\/wp-json\/wp\/v2\/users\/56"}],"replies":[{"embeddable":true,"href":"https:\/\/www.ull.es\/portal\/cienciaull\/wp-json\/wp\/v2\/comments?post=37495"}],"version-history":[{"count":3,"href":"https:\/\/www.ull.es\/portal\/cienciaull\/wp-json\/wp\/v2\/pages\/37495\/revisions"}],"predecessor-version":[{"id":37513,"href":"https:\/\/www.ull.es\/portal\/cienciaull\/wp-json\/wp\/v2\/pages\/37495\/revisions\/37513"}],"up":[{"embeddable":true,"href":"https:\/\/www.ull.es\/portal\/cienciaull\/wp-json\/wp\/v2\/pages\/27022"}],"wp:attachment":[{"href":"https:\/\/www.ull.es\/portal\/cienciaull\/wp-json\/wp\/v2\/media?parent=37495"}],"curies":[{"name":"wp","href":"https:\/\/api.w.org\/{rel}","templated":true}]}}