{"id":3919,"date":"2020-04-22T08:43:36","date_gmt":"2020-04-22T08:43:36","guid":{"rendered":"https:\/\/www.ull.es\/portal\/cienciaull\/?page_id=3919"},"modified":"2024-08-26T11:56:52","modified_gmt":"2024-08-26T11:56:52","slug":"cctcanarias","status":"publish","type":"page","link":"https:\/\/www.ull.es\/portal\/cienciaull\/cctcanarias\/","title":{"rendered":"CCT Canarias"},"content":{"rendered":"<p>[vc_row][vc_column]\n<div id=\"rev_slider_293_1_wrapper\" class=\"rev_slider_wrapper fullwidthbanner-container\" data-source=\"gallery\" style=\"margin:0px auto;background:transparent;padding:0px;margin-top:0px;margin-bottom:0px;\">\n<!-- START REVOLUTION SLIDER 5.4.7.3 auto mode -->\n\t<div id=\"rev_slider_293_1\" class=\"rev_slider fullwidthabanner\" style=\"display:none;\" data-version=\"5.4.7.3\">\n<ul>\t<!-- SLIDE  -->\n\t<li data-index=\"rs-343\" data-transition=\"fade\" data-slotamount=\"default\" data-hideafterloop=\"0\" data-hideslideonmobile=\"off\"  data-easein=\"default\" data-easeout=\"default\" data-masterspeed=\"300\"  data-rotate=\"0\"  data-saveperformance=\"off\"  data-title=\"Slide\" data-param1=\"\" data-param2=\"\" data-param3=\"\" data-param4=\"\" data-param5=\"\" data-param6=\"\" data-param7=\"\" data-param8=\"\" data-param9=\"\" data-param10=\"\" data-description=\"\">\n\t\t<!-- MAIN IMAGE -->\n\t\t<img src=\"https:\/\/www.ull.es\/portal\/cienciaull\/wp-content\/plugins\/revslider\/admin\/assets\/images\/transparent.png\"  alt=\"\" title=\"CCT Canarias\"  data-bgposition=\"center center\" data-bgfit=\"cover\" data-bgrepeat=\"no-repeat\" class=\"rev-slidebg\" data-no-retina>\n\t\t<!-- LAYERS -->\n\n\t\t<!-- LAYER NR. 1 -->\n\t\t<div class=\"tp-caption   tp-resizeme\" \n\t\t\t id=\"slide-343-layer-2\" \n\t\t\t data-x=\"\" \n\t\t\t data-y=\"-56\" \n\t\t\t\t\t\tdata-width=\"['none','none','none','none']\"\n\t\t\tdata-height=\"['none','none','none','none']\"\n \n\t\t\tdata-type=\"image\" \n\t\t\tdata-responsive_offset=\"on\" \n\n\t\t\tdata-frames='[{\"delay\":0,\"speed\":300,\"frame\":\"0\",\"from\":\"opacity:0;\",\"to\":\"o:1;\",\"ease\":\"Power3.easeInOut\"},{\"delay\":\"wait\",\"speed\":300,\"frame\":\"999\",\"to\":\"opacity:0;\",\"ease\":\"Power3.easeInOut\"}]'\n\t\t\tdata-textAlign=\"['inherit','inherit','inherit','inherit']\"\n\t\t\tdata-paddingtop=\"[0,0,0,0]\"\n\t\t\tdata-paddingright=\"[0,0,0,0]\"\n\t\t\tdata-paddingbottom=\"[0,0,0,0]\"\n\t\t\tdata-paddingleft=\"[0,0,0,0]\"\n\n\t\t\tstyle=\"z-index: 6;\"><img src=\"https:\/\/www.ull.es\/portal\/cienciaull\/wp-content\/uploads\/sites\/24\/2024\/06\/cct_canarias_Banner-header-Facebook.jpg\" alt=\"\" data-ww=\"1524px\" data-hh=\"564px\" width=\"1773\" height=\"656\" data-no-retina> <\/div>\n\t<\/li>\n<\/ul>\n<div class=\"tp-bannertimer tp-bottom\" style=\"visibility: hidden !important;\"><\/div>\t<\/div>\n<script>var htmlDiv = document.getElementById(\"rs-plugin-settings-inline-css\"); var htmlDivCss=\"\";\r\n\t\t\t\tif(htmlDiv) {\r\n\t\t\t\t\thtmlDiv.innerHTML = htmlDiv.innerHTML + htmlDivCss;\r\n\t\t\t\t}else{\r\n\t\t\t\t\tvar htmlDiv = document.createElement(\"div\");\r\n\t\t\t\t\thtmlDiv.innerHTML = \"<style>\" + htmlDivCss + \"<\/style>\";\r\n\t\t\t\t\tdocument.getElementsByTagName(\"head\")[0].appendChild(htmlDiv.childNodes[0]);\r\n\t\t\t\t}\r\n\t\t\t<\/script>\n\t\t<script type=\"text\/javascript\">\r\nif (setREVStartSize!==undefined) setREVStartSize(\r\n\t{c: '#rev_slider_293_1', gridwidth: [1500], gridheight: [500], sliderLayout: 'auto'});\r\n\t\t\t\r\nvar revapi293,\r\n\ttpj;\t\r\n(function() {\t\t\t\r\n\tif (!\/loaded|interactive|complete\/.test(document.readyState)) document.addEventListener(\"DOMContentLoaded\",onLoad); else onLoad();\t\r\n\tfunction onLoad() {\t\t\t\t\r\n\t\tif (tpj===undefined) { tpj = jQuery; if(\"off\" == \"on\") tpj.noConflict();}\r\n\tif(tpj(\"#rev_slider_293_1\").revolution == undefined){\n\t\trevslider_showDoubleJqueryError(\"#rev_slider_293_1\");\n\t}else{\n\t\trevapi293 = tpj(\"#rev_slider_293_1\").show().revolution({\n\t\t\tsliderType:\"hero\",\n\t\t\tjsFileLocation:\"\/\/www.ull.es\/portal\/cienciaull\/wp-content\/plugins\/revslider\/public\/assets\/js\/\",\n\t\t\tsliderLayout:\"auto\",\n\t\t\tdottedOverlay:\"none\",\n\t\t\tdelay:9000,\n\t\t\tvisibilityLevels:[1240,1024,778,480],\n\t\t\tgridwidth:1500,\n\t\t\tgridheight:500,\n\t\t\tlazyType:\"none\",\n\t\t\tshadow:0,\n\t\t\tspinner:\"spinner0\",\n\t\t\tautoHeight:\"off\",\n\t\t\tdisableProgressBar:\"on\",\n\t\t\thideThumbsOnMobile:\"off\",\n\t\t\thideSliderAtLimit:0,\n\t\t\thideCaptionAtLimit:0,\n\t\t\thideAllCaptionAtLilmit:0,\n\t\t\tdebugMode:false,\n\t\t\tfallbacks: {\n\t\t\t\tsimplifyAll:\"off\",\n\t\t\t\tdisableFocusListener:false,\n\t\t\t}\n\t\t});\n\t}; \/* END OF revapi call *\/\n\t\n }; \/* END OF ON LOAD FUNCTION *\/\r\n}()); \/* END OF WRAPPING FUNCTION *\/\r\n<\/script>\r\n\t\t<\/div><!-- END REVOLUTION SLIDER -->[vc_separator color=\u00bbcustom\u00bb border_width=\u00bb10&#8243; accent_color=\u00bb#e84e1b\u00bb][\/vc_column][\/vc_row][vc_row][vc_column width=\u00bb2\/3&#8243;][vc_empty_space height=\u00bb40px\u00bb][vc_custom_heading text=\u00bbPresentaci\u00f3n\u00bb font_container=\u00bbtag:h2|text_align:left|color:%23e84e1b\u00bb google_fonts=\u00bbfont_family:Roboto%20Slab%3A100%2C300%2Cregular%2C700|font_style:700%20bold%20regular%3A700%3Anormal\u00bb css=\u00bb.vc_custom_1652809749286{margin-bottom: 6px !important;border-bottom-width: 6px !important;padding-bottom: 6px !important;}\u00bb][vc_column_text css=\u00bb.vc_custom_1719834723647{margin-top: 3px !important;margin-right: px !important;margin-bottom: px !important;margin-left: px !important;border-top-width: 3px !important;border-right-width: 0px !important;border-bottom-width: 3px !important;border-left-width: 0px !important;padding-top: 9px !important;padding-right: 9px !important;padding-bottom: 9px !important;padding-left: 9px !important;background-color: #d6eaf8 !important;border-radius: 3px !important;}\u00bb]<\/p>\n<p style=\"text-align: justify\">El <strong><span style=\"color: #000000\">Campus de la Ciencia y la Tecnolog\u00eda de Canarias en la Universidad de La Laguna, CCT Canarias<\/span>, <\/strong>es un programa formativo, de car\u00e1cter pr\u00e1ctico y l\u00fadico, que tiene como principal finalidad <strong><em>\u00abpotenciar la curiosidad cient\u00edfica del alumnado de 3\u00ba y 4\u00ba de la ESO y 1\u00ba de Bachillerato de los centros escolares de Canarias que han mostrado actitudes claras hacia la ciencia y\/o la tecnolog\u00eda\u201d<\/em><\/strong>, ense\u00f1\u00e1ndoles de primera mano la labor diaria que desarrolla un\/a investigador\/a de la Universidad de La Laguna (ULL) y los centros de I+D asociados. En esta nueva edici\u00f3n, se podr\u00e1 participar en la modalidad de \u201cproyectos de I+D\u201d, que contar\u00e1 con un itinerario de actividades espec\u00edfico de dos semanas de duraci\u00f3n en los ejes cient\u00edficos: Biomedicina y Salud, Ciencia, Ingenier\u00eda y Tecnolog\u00eda y Sociedad, Humanidades y Arte. Y en un eje profesional:\u00a0 Escuela de Negocio y Emprendimiento.<\/p>\n<p>[\/vc_column_text][vc_column_text css=\u00bb.vc_custom_1719834729713{padding-top: 9px !important;padding-right: 9px !important;padding-bottom: 9px !important;padding-left: 9px !important;}\u00bb]<\/p>\n<p style=\"text-align: justify\">La modalidad de <strong>Proyectos de I+D<\/strong>. consiste en la realizaci\u00f3n de un proyecto de I+D real, desde el planteamiento del problema hasta la comunicaci\u00f3n y divulgaci\u00f3n de sus resultados, bajo la direcci\u00f3n de un grupo de investigaci\u00f3n de la ULL en los tres primeros ejes. Como novedad esta edici\u00f3n, en el eje de Negocio y Emprendimiento, se desarrollar\u00e1 una idea de negocio.<\/p>\n<p style=\"text-align: justify\"><u>Se contar\u00e1 con la participaci\u00f3n de 11 grupos de investigaci\u00f3n de la Universidad de La Laguna.<\/u> En cada uno de estos grupos de investigaci\u00f3n <u>se integrar\u00e1n 7 alumnos\/as<\/u> para desarrollar conjuntamente un proyecto de I+D real o una idea de negocio.<\/p>\n<p style=\"text-align: justify\">Adem\u00e1s, el alumnado participante realizar\u00e1 diferentes actividades complementarias cient\u00edfico- culturales como: visitas a otros centros de I+D, ponencias y talleres cient\u00edficos, emprendimiento tecnol\u00f3gico, conocimiento y uso de equipamiento cient\u00edfico, emprendimiento, transformaci\u00f3n digital, utilizaci\u00f3n de herramientas e instrumentos TIC, divulgaci\u00f3n cient\u00edfica\u2026.etc.<\/p>\n<p style=\"text-align: justify\">Para el cierre del Campus se celebrar\u00e1 un acto de clausura donde se reconocer\u00e1 el trabajo realizado por los alumnados\/as participantes, as\u00ed como el agradecimiento de todas entidades, estructura y personas f\u00edsicas que han colaborado para el desarrollo del mismo.<\/p>\n<p>[\/vc_column_text][vc_column_text css_animation=\u00bbnone\u00bb css=\u00bb.vc_custom_1719841881850{margin-top: 3px !important;margin-right: 0px !important;margin-bottom: 3px !important;margin-left: 0px !important;border-top-width: 3px !important;border-right-width: 0px !important;border-bottom-width: 3px !important;border-left-width: 0px !important;padding-top: 9px !important;padding-right: 9px !important;padding-bottom: 9px !important;padding-left: 9px !important;}\u00bb]<\/p>\n<p style=\"text-align: justify\">El\u00a0<strong>CCT Canarias<\/strong> se realiza del 22 de julio al 02 de agosto de 2024 durante el mes de julio y en horario de ma\u00f1ana, de 9:30 a 14:00 h, en los diferentes campus de la Universidad de La Laguna e instalaciones de los organismos colaboradores.<\/p>\n<p style=\"text-align: justify\">La inscripci\u00f3n del <strong>CCT Canarias<\/strong> estar\u00e1 abierta desde el <strong>01 al 16 de julio de 2024<\/strong>. El coste de la matricula para todos los participantes ser\u00e1 GRATIS.<\/p>\n<p style=\"text-align: justify\">El<strong> CTT Canarias<\/strong> es una iniciativa promovida por la <a href=\"https:\/\/www.ull.es\/\" target=\"_blank\" rel=\"noopener\">Universidad de La Laguna<\/a>, a trav\u00e9s de Cienci@ULL, <a href=\"https:\/\/www.fundaciondisa.org\/\" target=\"_blank\" rel=\"noopener\">Fundaci\u00f3n DISA<\/a> y la Agencia Canaria de Investigaci\u00f3n, Innovaci\u00f3n y Sociedad de la Informaci\u00f3n del Gobierno de Canarias.\u00a0 Cuenta con la colaboraci\u00f3n de C\u00e1tedra CEOE-Tenerife Empresa y Relaciones Laborales de la Universidad de La Laguna, <a href=\"https:\/\/www.cajasiete.com\/es\" target=\"_blank\" rel=\"noopener\">CajaSiete<\/a>, y el proyecto europeo <a href=\"https:\/\/macaronight.eu\/\" target=\"_blank\" rel=\"noopener\">MacaroNight<\/a> (una iniciativa financiada por la Comisi\u00f3n Europea bajo las Acciones Marie Sk\u0142odowska-Curie (MSCA)).<\/p>\n<p>[\/vc_column_text][vc_message message_box_color=\u00bbpink\u00bb]El viaje, alojamiento y manutenci\u00f3n en el CCT Canarias para el alumnado de otras islas no esta cubierto por el proyecto, de momento.[\/vc_message][\/vc_column][vc_column width=\u00bb1\/3&#8243;][vc_video link=\u00bbhttps:\/\/youtu.be\/Dn2_x1Uqr5I\u00bb css=\u00bb.vc_custom_1652809171690{margin-top: 43px !important;border-top-width: 43px !important;padding-top: 43px !important;}\u00bb][vc_video link=\u00bbhttps:\/\/www.youtube.com\/watch?v=RzKR70PhDSw&amp;t=1s\u00bb css=\u00bb.vc_custom_1719833494053{margin-top: 20px !important;border-top-width: 20px !important;padding-top: 20px !important;}\u00bb][vc_row_inner][vc_column_inner css=\u00bb.vc_custom_1587787590981{padding-bottom: -100px !important;}\u00bb][vc_empty_space height=\u00bb20px\u00bb][vc_btn title=\u00bbObjetivos\u00bb color=\u00bbinfo\u00bb size=\u00bblg\u00bb align=\u00bbcenter\u00bb button_block=\u00bbtrue\u00bb link=\u00bburl:https%3A%2F%2Fwww.ull.es%2Fportal%2Fcienciaull%2F%3Fpage_id%3D16310%26preview%3Dtrue\u00bb css=\u00bb.vc_custom_1657619982123{margin-bottom: 3px !important;border-bottom-width: 3px !important;padding-bottom: 3px !important;}\u00bb][vc_btn title=\u00bbDestinatarios\u00bb color=\u00bbwarning\u00bb size=\u00bblg\u00bb align=\u00bbcenter\u00bb button_block=\u00bbtrue\u00bb link=\u00bburl:https%3A%2F%2Fwww.ull.es%2Fportal%2Fcienciaull%2Fcctcanarias%2Fpublico-objetivo-cct-canarias2022%2F\u00bb css=\u00bb.vc_custom_1652893524908{margin-bottom: 3px !important;border-bottom-width: 3px !important;padding-bottom: 3px !important;}\u00bb][vc_btn title=\u00bbPrograma de actividades\u00bb color=\u00bbinfo\u00bb size=\u00bblg\u00bb align=\u00bbcenter\u00bb button_block=\u00bbtrue\u00bb css=\u00bb.vc_custom_1652809903303{margin-bottom: 3px !important;border-bottom-width: 3px !important;padding-bottom: 3px !important;}\u00bb link=\u00bburl:https%3A%2F%2Fwww.ull.es%2Fportal%2Fcienciaull%2Fcctcanarias%2Fprograma-de-actividades-cct-canarias-2022%2F\u00bb][vc_btn title=\u00bbLugar y periodos de celebraci\u00f3n\u00bb color=\u00bbwarning\u00bb size=\u00bblg\u00bb align=\u00bbcenter\u00bb button_block=\u00bbtrue\u00bb css=\u00bb.vc_custom_1652810154965{margin-bottom: 3px !important;border-bottom-width: 3px !important;padding-bottom: 3px !important;}\u00bb link=\u00bburl:https%3A%2F%2Fwww.ull.es%2Fportal%2Fcienciaull%2Fcctcanarias%2Flugar-y-periodos-de-celebracion-cct-canarias2022%2F\u00bb][vc_btn title=\u00bbMultimedia\u00bb color=\u00bbinfo\u00bb size=\u00bblg\u00bb align=\u00bbcenter\u00bb button_block=\u00bbtrue\u00bb css=\u00bb.vc_custom_1652809910694{margin-bottom: 3px !important;border-bottom-width: 3px !important;padding-bottom: 3px !important;}\u00bb link=\u00bburl:https%3A%2F%2Fwww.ull.es%2Fportal%2Fcienciaull%2Fcctcanarias%2Fmultimedia-cct-canarias-2022%2F\u00bb][vc_btn title=\u00bbPreinscripci\u00f3n\u00bb color=\u00bbwarning\u00bb size=\u00bblg\u00bb align=\u00bbcenter\u00bb button_block=\u00bbtrue\u00bb css=\u00bb.vc_custom_1652969315501{margin-bottom: 3px !important;border-bottom-width: 3px !important;padding-bottom: 3px !important;}\u00bb link=\u00bburl:https%3A%2F%2Fwww.ull.es%2Fportal%2Fcienciaull%2Fcctcanarias%2Fpreinscripcion-2%2F|title:Preinscripci%C3%B3n\u00bb][vc_btn title=\u00bbEntidades Colaboradoras\u00bb color=\u00bbinfo\u00bb size=\u00bblg\u00bb align=\u00bbcenter\u00bb button_block=\u00bbtrue\u00bb css=\u00bb.vc_custom_1657409086701{margin-bottom: 3px !important;border-bottom-width: 3px !important;padding-bottom: 3px !important;}\u00bb link=\u00bburl:https%3A%2F%2Fwww.ull.es%2Fportal%2Fcienciaull%2Fcolaboradores-cct-canarias%2F|title:Colaboradores%20%E2%80%93%20CCT%20Canarias\u00bb][vc_btn title=\u00bbListado Provisional\u00bb color=\u00bbwarning\u00bb size=\u00bblg\u00bb align=\u00bbcenter\u00bb button_block=\u00bbtrue\u00bb css=\u00bb.vc_custom_1721222724554{margin-bottom: 3px !important;border-bottom-width: 3px !important;padding-bottom: 3px !important;}\u00bb link=\u00bburl:https%3A%2F%2Fdrive.google.com%2Ffile%2Fd%2F12j3nnOhEEXDpwS8TTyvDYT2zXmuQ7RgG%2Fview%3Fusp%3Dsharing|title:Preinscripci%C3%B3n\u00bb][vc_btn title=\u00bbListado Definitivo\u00bb color=\u00bbinfo\u00bb size=\u00bblg\u00bb align=\u00bbcenter\u00bb button_block=\u00bbtrue\u00bb css=\u00bb.vc_custom_1721395533144{margin-bottom: 3px !important;border-bottom-width: 3px !important;padding-bottom: 3px !important;}\u00bb link=\u00bburl:https%3A%2F%2Fdrive.google.com%2Ffile%2Fd%2F1sIFlYuA-M_cUUFtSZLvIEumS_e7Bt0Nl%2Fview|title:Preinscripci%C3%B3n\u00bb][vc_btn title=\u00bbProyectos 2024&#8243; color=\u00bbwarning\u00bb size=\u00bblg\u00bb align=\u00bbcenter\u00bb button_block=\u00bbtrue\u00bb css=\u00bb.vc_custom_1724673397988{margin-bottom: 3px !important;border-bottom-width: 3px !important;padding-bottom: 3px !important;}\u00bb link=\u00bburl:https%3A%2F%2Fwww.ull.es%2Fportal%2Fcienciaull%2Fgrupos-por-proyecto-cct-canarias-2024%2F|title:Preinscripci%C3%B3n\u00bb][vc_empty_space height=\u00bb50px\u00bb][\/vc_column_inner][\/vc_row_inner][vc_media_grid style=\u00bbpagination\u00bb items_per_page=\u00bb1&#8243; element_width=\u00bb12&#8243; paging_color=\u00bbsky\u00bb loop=\u00bbyes\u00bb autoplay=\u00bb3&#8243; item=\u00bbmediaGrid_SlideInTitle\u00bb grid_id=\u00bbvc_gid:1724673358085-d0bb8541-1253-6&#8243; include=\u00bb17120,17119,17127,17125,17124,17126,17123,17122,17121,17134,17115,17128,17118,17117,17116,17114,17133,17113&#8243;][\/vc_column][\/vc_row]<\/p>\n","protected":false},"excerpt":{"rendered":"<p>[vc_row][vc_column][vc_separator color=\u00bbcustom\u00bb border_width=\u00bb10&#8243; accent_color=\u00bb#e84e1b\u00bb][\/vc_column][\/vc_row][vc_row][vc_column width=\u00bb2\/3&#8243;][vc_empty_space height=\u00bb40px\u00bb][vc_custom_heading text=\u00bbPresentaci\u00f3n\u00bb font_container=\u00bbtag:h2|text_align:left|color:%23e84e1b\u00bb google_fonts=\u00bbfont_family:Roboto%20Slab%3A100%2C300%2Cregular%2C700|font_style:700%20bold%20regular%3A700%3Anormal\u00bb css=\u00bb.vc_custom_1652809749286{margin-bottom: 6px !important;border-bottom-width: 6px !important;padding-bottom: 6px !important;}\u00bb][vc_column_text css=\u00bb.vc_custom_1719834723647{margin-top: 3px !important;margin-right: px !important;margin-bottom: px !important;margin-left: px !important;border-top-width: 3px !important;border-right-width: 0px !important;border-bottom-width: 3px !important;border-left-width: 0px !important;padding-top: 9px !important;padding-right: 9px !important;padding-bottom: 9px !important;padding-left: 9px !important;background-color: #d6eaf8 !important;border-radius: 3px !important;}\u00bb] El Campus de la Ciencia y la Tecnolog\u00eda de Canarias&#8230;<\/p>\n","protected":false},"author":56,"featured_media":0,"parent":0,"menu_order":0,"comment_status":"closed","ping_status":"closed","template":"templates\/cienciaull.php","meta":{"inline_featured_image":false,"footnotes":""},"acf":[],"yoast_head":"<!-- This site is optimized with the Yoast SEO plugin v21.3 - https:\/\/yoast.com\/wordpress\/plugins\/seo\/ -->\n<title>CCT Canarias -<\/title>\n<meta name=\"robots\" content=\"index, follow, max-snippet:-1, max-image-preview:large, max-video-preview:-1\" \/>\n<link rel=\"canonical\" href=\"https:\/\/www.ull.es\/portal\/cienciaull\/cctcanarias\/\" \/>\n<meta property=\"og:locale\" content=\"es_ES\" \/>\n<meta property=\"og:type\" content=\"article\" \/>\n<meta property=\"og:title\" content=\"CCT Canarias -\" \/>\n<meta property=\"og:description\" content=\"[vc_row][vc_column][vc_separator color=\u00bbcustom\u00bb border_width=\u00bb10&#8243; accent_color=\u00bb#e84e1b\u00bb][\/vc_column][\/vc_row][vc_row][vc_column width=\u00bb2\/3&#8243;][vc_empty_space height=\u00bb40px\u00bb][vc_custom_heading text=\u00bbPresentaci\u00f3n\u00bb font_container=\u00bbtag:h2|text_align:left|color:%23e84e1b\u00bb google_fonts=\u00bbfont_family:Roboto%20Slab%3A100%2C300%2Cregular%2C700|font_style:700%20bold%20regular%3A700%3Anormal\u00bb css=\u00bb.vc_custom_1652809749286{margin-bottom: 6px !important;border-bottom-width: 6px !important;padding-bottom: 6px !important;}\u00bb][vc_column_text css=\u00bb.vc_custom_1719834723647{margin-top: 3px !important;margin-right: px !important;margin-bottom: px !important;margin-left: px !important;border-top-width: 3px !important;border-right-width: 0px !important;border-bottom-width: 3px !important;border-left-width: 0px !important;padding-top: 9px !important;padding-right: 9px !important;padding-bottom: 9px !important;padding-left: 9px !important;background-color: #d6eaf8 !important;border-radius: 3px !important;}\u00bb] El Campus de la Ciencia y la Tecnolog\u00eda de Canarias...\" \/>\n<meta property=\"og:url\" content=\"https:\/\/www.ull.es\/portal\/cienciaull\/cctcanarias\/\" \/>\n<meta property=\"article:publisher\" content=\"https:\/\/www.facebook.com\/CienciaULL\/\" \/>\n<meta property=\"article:modified_time\" content=\"2024-08-26T11:56:52+00:00\" \/>\n<meta name=\"twitter:card\" content=\"summary_large_image\" \/>\n<meta name=\"twitter:site\" content=\"@CienciaULL\" \/>\n<meta name=\"twitter:label1\" content=\"Tiempo de lectura\" \/>\n\t<meta name=\"twitter:data1\" content=\"4 minutos\" \/>\n<script type=\"application\/ld+json\" class=\"yoast-schema-graph\">{\"@context\":\"https:\/\/schema.org\",\"@graph\":[{\"@type\":\"WebPage\",\"@id\":\"https:\/\/www.ull.es\/portal\/cienciaull\/cctcanarias\/\",\"url\":\"https:\/\/www.ull.es\/portal\/cienciaull\/cctcanarias\/\",\"name\":\"CCT Canarias -\",\"isPartOf\":{\"@id\":\"https:\/\/www.ull.es\/portal\/cienciaull\/#website\"},\"datePublished\":\"2020-04-22T08:43:36+00:00\",\"dateModified\":\"2024-08-26T11:56:52+00:00\",\"breadcrumb\":{\"@id\":\"https:\/\/www.ull.es\/portal\/cienciaull\/cctcanarias\/#breadcrumb\"},\"inLanguage\":\"es\",\"potentialAction\":[{\"@type\":\"ReadAction\",\"target\":[\"https:\/\/www.ull.es\/portal\/cienciaull\/cctcanarias\/\"]}]},{\"@type\":\"BreadcrumbList\",\"@id\":\"https:\/\/www.ull.es\/portal\/cienciaull\/cctcanarias\/#breadcrumb\",\"itemListElement\":[{\"@type\":\"ListItem\",\"position\":1,\"name\":\"Portada\",\"item\":\"https:\/\/www.ull.es\/portal\/cienciaull\/\"},{\"@type\":\"ListItem\",\"position\":2,\"name\":\"CCT Canarias\"}]},{\"@type\":\"WebSite\",\"@id\":\"https:\/\/www.ull.es\/portal\/cienciaull\/#website\",\"url\":\"https:\/\/www.ull.es\/portal\/cienciaull\/\",\"name\":\"\",\"description\":\"Unidad de Cultura Cient\u00edfica y de la Innovaci\u00f3n de la Universidad de La Laguna\",\"potentialAction\":[{\"@type\":\"SearchAction\",\"target\":{\"@type\":\"EntryPoint\",\"urlTemplate\":\"https:\/\/www.ull.es\/portal\/cienciaull\/?s={search_term_string}\"},\"query-input\":\"required name=search_term_string\"}],\"inLanguage\":\"es\"}]}<\/script>\n<!-- \/ Yoast SEO plugin. -->","yoast_head_json":{"title":"CCT Canarias -","robots":{"index":"index","follow":"follow","max-snippet":"max-snippet:-1","max-image-preview":"max-image-preview:large","max-video-preview":"max-video-preview:-1"},"canonical":"https:\/\/www.ull.es\/portal\/cienciaull\/cctcanarias\/","og_locale":"es_ES","og_type":"article","og_title":"CCT Canarias -","og_description":"[vc_row][vc_column][vc_separator color=\u00bbcustom\u00bb border_width=\u00bb10&#8243; accent_color=\u00bb#e84e1b\u00bb][\/vc_column][\/vc_row][vc_row][vc_column width=\u00bb2\/3&#8243;][vc_empty_space height=\u00bb40px\u00bb][vc_custom_heading text=\u00bbPresentaci\u00f3n\u00bb font_container=\u00bbtag:h2|text_align:left|color:%23e84e1b\u00bb google_fonts=\u00bbfont_family:Roboto%20Slab%3A100%2C300%2Cregular%2C700|font_style:700%20bold%20regular%3A700%3Anormal\u00bb css=\u00bb.vc_custom_1652809749286{margin-bottom: 6px !important;border-bottom-width: 6px !important;padding-bottom: 6px !important;}\u00bb][vc_column_text css=\u00bb.vc_custom_1719834723647{margin-top: 3px !important;margin-right: px !important;margin-bottom: px !important;margin-left: px !important;border-top-width: 3px !important;border-right-width: 0px !important;border-bottom-width: 3px !important;border-left-width: 0px !important;padding-top: 9px !important;padding-right: 9px !important;padding-bottom: 9px !important;padding-left: 9px !important;background-color: #d6eaf8 !important;border-radius: 3px !important;}\u00bb] El Campus de la Ciencia y la Tecnolog\u00eda de Canarias...","og_url":"https:\/\/www.ull.es\/portal\/cienciaull\/cctcanarias\/","article_publisher":"https:\/\/www.facebook.com\/CienciaULL\/","article_modified_time":"2024-08-26T11:56:52+00:00","twitter_card":"summary_large_image","twitter_site":"@CienciaULL","twitter_misc":{"Tiempo de lectura":"4 minutos"},"schema":{"@context":"https:\/\/schema.org","@graph":[{"@type":"WebPage","@id":"https:\/\/www.ull.es\/portal\/cienciaull\/cctcanarias\/","url":"https:\/\/www.ull.es\/portal\/cienciaull\/cctcanarias\/","name":"CCT Canarias -","isPartOf":{"@id":"https:\/\/www.ull.es\/portal\/cienciaull\/#website"},"datePublished":"2020-04-22T08:43:36+00:00","dateModified":"2024-08-26T11:56:52+00:00","breadcrumb":{"@id":"https:\/\/www.ull.es\/portal\/cienciaull\/cctcanarias\/#breadcrumb"},"inLanguage":"es","potentialAction":[{"@type":"ReadAction","target":["https:\/\/www.ull.es\/portal\/cienciaull\/cctcanarias\/"]}]},{"@type":"BreadcrumbList","@id":"https:\/\/www.ull.es\/portal\/cienciaull\/cctcanarias\/#breadcrumb","itemListElement":[{"@type":"ListItem","position":1,"name":"Portada","item":"https:\/\/www.ull.es\/portal\/cienciaull\/"},{"@type":"ListItem","position":2,"name":"CCT Canarias"}]},{"@type":"WebSite","@id":"https:\/\/www.ull.es\/portal\/cienciaull\/#website","url":"https:\/\/www.ull.es\/portal\/cienciaull\/","name":"","description":"Unidad de Cultura Cient\u00edfica y de la Innovaci\u00f3n de la Universidad de La Laguna","potentialAction":[{"@type":"SearchAction","target":{"@type":"EntryPoint","urlTemplate":"https:\/\/www.ull.es\/portal\/cienciaull\/?s={search_term_string}"},"query-input":"required name=search_term_string"}],"inLanguage":"es"}]}},"_links":{"self":[{"href":"https:\/\/www.ull.es\/portal\/cienciaull\/wp-json\/wp\/v2\/pages\/3919"}],"collection":[{"href":"https:\/\/www.ull.es\/portal\/cienciaull\/wp-json\/wp\/v2\/pages"}],"about":[{"href":"https:\/\/www.ull.es\/portal\/cienciaull\/wp-json\/wp\/v2\/types\/page"}],"author":[{"embeddable":true,"href":"https:\/\/www.ull.es\/portal\/cienciaull\/wp-json\/wp\/v2\/users\/56"}],"replies":[{"embeddable":true,"href":"https:\/\/www.ull.es\/portal\/cienciaull\/wp-json\/wp\/v2\/comments?post=3919"}],"version-history":[{"count":159,"href":"https:\/\/www.ull.es\/portal\/cienciaull\/wp-json\/wp\/v2\/pages\/3919\/revisions"}],"predecessor-version":[{"id":30818,"href":"https:\/\/www.ull.es\/portal\/cienciaull\/wp-json\/wp\/v2\/pages\/3919\/revisions\/30818"}],"wp:attachment":[{"href":"https:\/\/www.ull.es\/portal\/cienciaull\/wp-json\/wp\/v2\/media?parent=3919"}],"curies":[{"name":"wp","href":"https:\/\/api.w.org\/{rel}","templated":true}]}}