{"id":3994,"date":"2020-04-22T10:43:57","date_gmt":"2020-04-22T10:43:57","guid":{"rendered":"https:\/\/www.ull.es\/portal\/cienciaull\/?page_id=3994"},"modified":"2020-05-11T13:12:10","modified_gmt":"2020-05-11T13:12:10","slug":"proyecto-de-id","status":"publish","type":"page","link":"https:\/\/www.ull.es\/portal\/cienciaull\/cctcanarias\/proyecto-de-id\/","title":{"rendered":"Proyecto de I+D"},"content":{"rendered":"<div class=\"wpb_text_column wpb_content_element \">\n<div class=\"wpb_wrapper\">\n<h1 style=\"text-align: center\"><strong><img decoding=\"async\" loading=\"lazy\" class=\"wp-image-5940 aligncenter\" src=\"https:\/\/www.ull.es\/portal\/cienciaull\/wp-content\/uploads\/sites\/24\/2020\/05\/Nave-300x300.png\" alt=\"\" width=\"112\" height=\"112\" srcset=\"https:\/\/www.ull.es\/portal\/cienciaull\/wp-content\/uploads\/sites\/24\/2020\/05\/Nave-300x300.png 300w, https:\/\/www.ull.es\/portal\/cienciaull\/wp-content\/uploads\/sites\/24\/2020\/05\/Nave-150x150.png 150w, https:\/\/www.ull.es\/portal\/cienciaull\/wp-content\/uploads\/sites\/24\/2020\/05\/Nave-375x375.png 375w, https:\/\/www.ull.es\/portal\/cienciaull\/wp-content\/uploads\/sites\/24\/2020\/05\/Nave-50x50.png 50w, https:\/\/www.ull.es\/portal\/cienciaull\/wp-content\/uploads\/sites\/24\/2020\/05\/Nave.png 512w\" sizes=\"(max-width: 112px) 100vw, 112px\" \/>Proyectos de I+D<\/strong><\/h1>\n<h4><\/h4>\n<h4 style=\"text-align: justify\"><strong>Descripci\u00f3n<\/strong><\/h4>\n<p style=\"text-align: justify\">La actividad principal de este Campus consiste en la realizaci\u00f3n de un proyecto de I+D real, desde el planteamiento del problema hasta la comunicaci\u00f3n y divulgaci\u00f3n de sus resultados, bajo la direcci\u00f3n de un grupo de investigaci\u00f3n de la ULL, y en el marco de uno de los cuatro ejes cient\u00edficos siguientes:<\/p>\n<p style=\"text-align: justify\"><strong>Eje 1.<\/strong>\u00a0<strong>Biomedicina y Salud.<\/strong>\u00a0Las \u00e1reas de conocimiento de los proyectos a desarrollar pueden ser: medicina, farmacolog\u00eda, veterinaria, cosm\u00e9tica, nutrici\u00f3n y bot\u00e1nica.<\/p>\n<p style=\"text-align: justify\"><strong><img decoding=\"async\" loading=\"lazy\" class=\"alignnone size-full wp-image-789\" src=\"https:\/\/ciencia.fg.ull.es\/cctcanarias2018\/wp-content\/uploads\/2017\/04\/dna_64-1.png\" alt=\"\" width=\"64\" height=\"64\" \/><img decoding=\"async\" loading=\"lazy\" class=\"alignnone size-full wp-image-795\" src=\"https:\/\/ciencia.fg.ull.es\/cctcanarias2018\/wp-content\/uploads\/2017\/04\/head-atom_64.png\" alt=\"\" width=\"64\" height=\"64\" \/><img decoding=\"async\" loading=\"lazy\" class=\"alignnone size-full wp-image-790\" src=\"https:\/\/ciencia.fg.ull.es\/cctcanarias2018\/wp-content\/uploads\/2017\/04\/file01_64.png\" alt=\"\" width=\"64\" height=\"64\" \/><\/strong><\/p>\n<p style=\"text-align: justify\"><strong>Eje 2.<\/strong>\u00a0<strong>Energ\u00eda, Biodiversidad y Medioambiente.<\/strong>\u00a0Las \u00e1reas de conocimiento de los proyectos a desarrollar pueden ser: ciencias ambientales, energ\u00edas renovables, contaminaci\u00f3n, educaci\u00f3n ambiental, biolog\u00eda vegetal y animal, vulcanolog\u00eda, geolog\u00eda, paleontolog\u00eda y aguas.<\/p>\n<p><strong><img decoding=\"async\" loading=\"lazy\" class=\"alignnone size-full wp-image-792\" src=\"https:\/\/ciencia.fg.ull.es\/cctcanarias2018\/wp-content\/uploads\/2017\/04\/flower_64.png\" alt=\"\" width=\"64\" height=\"64\" \/><img decoding=\"async\" loading=\"lazy\" class=\"alignnone size-full wp-image-788\" src=\"https:\/\/ciencia.fg.ull.es\/cctcanarias2018\/wp-content\/uploads\/2017\/04\/dinosaur_64-1.png\" alt=\"\" width=\"64\" height=\"64\" \/><img decoding=\"async\" loading=\"lazy\" class=\"alignnone size-full wp-image-796\" src=\"https:\/\/ciencia.fg.ull.es\/cctcanarias2018\/wp-content\/uploads\/2017\/04\/lab-flask_64-1.png\" alt=\"\" width=\"64\" height=\"64\" \/><\/strong><\/p>\n<p style=\"text-align: justify\"><strong>Eje 3.<\/strong>\u00a0<strong>Ciencias, Ingenier\u00eda y Tecnolog\u00eda.<\/strong>\u00a0Las \u00e1reas de conocimiento delos proyectos a desarrollar pueden ser: astrof\u00edsica, matem\u00e1ticas, qu\u00edmica, telecomunicaciones, programaci\u00f3n, rob\u00f3tica, electr\u00f3nica, mec\u00e1nica, se\u00f1ales, arquitectura e ingenier\u00eda mar\u00edtima.<\/p>\n<\/div>\n<div class=\"wpb_wrapper\">\n<p><strong><img decoding=\"async\" loading=\"lazy\" class=\"size-full wp-image-793 alignnone\" src=\"https:\/\/ciencia.fg.ull.es\/cctcanarias2018\/wp-content\/uploads\/2017\/04\/formula_64-1.png\" alt=\"\" width=\"64\" height=\"64\" \/><img decoding=\"async\" loading=\"lazy\" class=\"size-full wp-image-798 alignnone\" src=\"https:\/\/ciencia.fg.ull.es\/cctcanarias2018\/wp-content\/uploads\/2017\/04\/molecule_64.png\" alt=\"\" width=\"64\" height=\"64\" \/><img decoding=\"async\" loading=\"lazy\" class=\"size-full wp-image-801 alignnone\" src=\"https:\/\/ciencia.fg.ull.es\/cctcanarias2018\/wp-content\/uploads\/2017\/04\/paper-plane_64.png\" alt=\"\" width=\"64\" height=\"64\" \/><\/strong><\/p>\n<p style=\"text-align: justify\"><strong>Eje 4 .<\/strong>\u00a0<strong>Ciencias y Sociedad.<\/strong>\u00a0Las \u00e1reas de conocimiento de los proyectos a desarrollar pueden ser: geograf\u00eda, antropolog\u00eda, biblioteconom\u00eda, derecho, econom\u00eda, sociolog\u00eda, criminolog\u00eda, ling\u00fc\u00edstica, psicolog\u00eda y educaci\u00f3n.<\/p>\n<\/div>\n<div class=\"wpb_wrapper\">\n<p><strong><img decoding=\"async\" loading=\"lazy\" class=\"alignnone size-full wp-image-797\" src=\"https:\/\/ciencia.fg.ull.es\/cctcanarias2018\/wp-content\/uploads\/2017\/04\/laptop_64.png\" alt=\"\" width=\"64\" height=\"64\" \/><img decoding=\"async\" loading=\"lazy\" class=\"alignnone size-full wp-image-786\" src=\"https:\/\/ciencia.fg.ull.es\/cctcanarias2018\/wp-content\/uploads\/2017\/04\/chart01_64.png\" alt=\"\" width=\"64\" height=\"64\" \/><img decoding=\"async\" loading=\"lazy\" class=\"alignnone wp-image-766\" src=\"https:\/\/ciencia.fg.ull.es\/cctcanarias2018\/wp-content\/uploads\/2017\/04\/11.Notebook-128.png\" alt=\"\" width=\"58\" height=\"58\" \/><\/strong><\/p>\n<p style=\"text-align: justify\"><u>Para los ejes (1) y (2) participaran dos grupos de la ULL y para los ejes (3) y (4) un grupo<\/u>. En cada uno de estos grupos de investigaci\u00f3n\u00a0<u>se integrar\u00e1n 7 alumnos\/as<\/u>\u00a0para desarrollar conjuntamente un proyecto de I+D real.<\/p>\n<\/div>\n<div style=\"text-align: justify\"><\/div>\n<div class=\"wpb_wrapper\" style=\"text-align: justify\">Adem\u00e1s, el alumnado participante realizar\u00e1 diferentes actividades complementarias cient\u00edfico-culturales como: visitas a otros centros de I+D, ponencias y talleres cient\u00edficos, perfeccionamiento de idiomas, conocimiento y uso de equipamiento cient\u00edfico, utilizaci\u00f3n de herramientas e instrumentos TIC, divulgaci\u00f3n cient\u00edfica, etc.<\/div>\n<\/div>\n<div style=\"text-align: justify\"><\/div>\n<div>\n<h4 style=\"text-align: justify\"><strong>Beneficiarios<\/strong><\/h4>\n<p style=\"text-align: justify\">Esta modalidad est\u00e1 dirigida al alumnado de 3\u00ba y 4\u00ba de la ESO de los centros escolares de la Provincia de Santa Cruz de Tenerife<\/p>\n<\/div>\n<h4 style=\"text-align: justify\"><strong>Actividades<\/strong><\/h4>\n<p style=\"text-align: justify\"><strong>A) Proyecto de Investigaci\u00f3n<\/strong><\/p>\n<p style=\"text-align: justify\">Durante dos semanas, cada grupo de 7 alumnos\/as realizar\u00e1 un proyecto de investigaci\u00f3n bajo la supervisi\u00f3n de un grupo de investigaci\u00f3n de la ULL, esta es la actividad principal del Campus y tendr\u00e1 una\u00a0<strong>duraci\u00f3n de 20 horas<\/strong>.<\/p>\n<p style=\"text-align: justify\">Se plantea como gu\u00eda para el desarrollo del proyecto de investigaci\u00f3n las siguientes fases:<\/p>\n<p style=\"text-align: justify\"><strong>Fase 1.\u00a0<\/strong>\u00bfQu\u00e9 es un proyecto de investigaci\u00f3n?, \u00bfCu\u00e1les son las l\u00edneas de trabajo de mi GI?; Definici\u00f3n del proyecto de investigaci\u00f3n a realizar; identificaci\u00f3n del problema a resolver; definici\u00f3n y planificaci\u00f3n de las pautas a seguir para su resoluci\u00f3n.<\/p>\n<p style=\"text-align: justify\"><strong>Fase 2.<\/strong>\u00a0Posibles soluciones al problema de investigaci\u00f3n. Metodolog\u00eda a utilizar.<\/p>\n<p style=\"text-align: justify\"><strong>Fase 3<\/strong>. Desarrollo del trabajo. Trabajo de campo y\/o de laboratorio, an\u00e1lisis de muestras, etc.<\/p>\n<p style=\"text-align: justify\"><strong>Fase 4.<\/strong>\u00a0An\u00e1lisis de los resultados obtenidos y conclusiones.<\/p>\n<p style=\"text-align: justify\"><strong>Fase 5.<\/strong>\u00a0Divulgaci\u00f3n de los resultados.<\/p>\n<p style=\"text-align: justify\"><strong>B) Conoce la actividad investigadora que se desarrolla en la ULL u otros Centros de investigaci\u00f3n de la isla<\/strong><\/p>\n<p style=\"text-align: justify\">Cada equipo de trabajo podr\u00e1 conocer, adem\u00e1s de la actividad investigadora que se desarrolla en su grupo investigaci\u00f3n, diferentes departamentos, laboratorios y servicios de la ULL u otros centros de I+D de la isla de Tenerife (IAC, ITER, ICIA, ITC, IEO,\u2026).<\/p>\n<p style=\"text-align: justify\">Para ello, se organizar\u00e1n diferentes visitas guiadas por personal investigador o t\u00e9cnico, que tendr\u00e1n un componente te\u00f3rico-pr\u00e1ctico. Por cada eje se plantea la realizaci\u00f3n de tres visitas. Esta actividad tendr\u00e1 una\u00a0<strong>duraci\u00f3n de 6 horas<\/strong>.<\/p>\n<p style=\"text-align: justify\">\n<p style=\"text-align: justify\"><strong>C) Formaci\u00f3n complementarias<\/strong><\/p>\n<p style=\"text-align: justify\">Paralelamente a estas actividades, el alumnado participante recibir\u00e1 formaci\u00f3n en:<\/p>\n<p style=\"text-align: justify\"><strong>Idiomas<\/strong>, 4 horas. Mostrar el idioma aplicado a la investigaci\u00f3n de un proyecto de I+D.<\/p>\n<p style=\"text-align: justify\"><strong>Divulgaci\u00f3n cient\u00edfica<\/strong>, 4 horas. Conceptos b\u00e1sicos y herramientas para que un investigador comunique la labor que realiza a la sociedad. El alumnado desarrolla un blog divulgativo durante el Campus.<\/p>\n<p style=\"text-align: justify\"><strong>Pensamiento Computacional<\/strong>, 4 horas. Se muestra al alumnado c\u00f3mo resolver problemas desde el punto de vista computacional y se les muestran instrumentos educativos basados en la TIC.<\/p>\n<p style=\"text-align: justify\">Esta actividad tiene un car\u00e1cter complementario y servir\u00e1 como ayuda para mejorar la capacidad del alumnado en la exposici\u00f3n de un trabajo o resultado.<\/p>\n<p style=\"text-align: justify\"><strong>D) Taller Cient\u00edfico<\/strong><\/p>\n<p style=\"text-align: justify\">Para cada eje se organizar\u00e1 un taller cient\u00edfico donde el alumnado podr\u00e1 aprender, a trav\u00e9s de ejercicios pr\u00e1cticos, conceptos cient\u00edficos relacionados con el \u00e1mbito de los proyectos. Tendr\u00e1 una duraci\u00f3n de dos horas y ser\u00e1 impartido por un grupo de investigaci\u00f3n de la ULL.<\/p>\n<h4 style=\"text-align: justify\"><strong>Matr\u00edcula\u00a0<\/strong><\/h4>\n<p style=\"text-align: justify\">La tasa de la matr\u00edcula del alumnado es de 50\u20ac. Dicha matr\u00edcula s\u00f3lo cubre los coste necesarios para el desarrollo del plan de actividades.<\/p>\n<h4 style=\"text-align: justify\"><strong>Desplazamiento y alojamiento en Tenerife del alumnado procedente de otras islas<\/strong><\/h4>\n<p style=\"text-align: justify\">Ser\u00e1 sufragado por el programa el desplazamiento, alojamiento y dietas para el alumnado procedente de las Islas de La Palma, La Gomera y El Hierro.<\/p>\n","protected":false},"excerpt":{"rendered":"<p>Proyectos de I+D Descripci\u00f3n La actividad principal de este Campus consiste en la realizaci\u00f3n de un proyecto de I+D real, desde el planteamiento del problema hasta la comunicaci\u00f3n y divulgaci\u00f3n de sus resultados, bajo la direcci\u00f3n de un grupo de investigaci\u00f3n de la ULL, y en el marco de uno de los cuatro ejes cient\u00edficos&#8230;<\/p>\n","protected":false},"author":56,"featured_media":0,"parent":3919,"menu_order":1,"comment_status":"closed","ping_status":"closed","template":"","meta":{"inline_featured_image":false,"footnotes":""},"acf":[],"yoast_head":"<!-- This site is optimized with the Yoast SEO plugin v21.3 - https:\/\/yoast.com\/wordpress\/plugins\/seo\/ -->\n<title>Proyecto de I+D -<\/title>\n<meta name=\"robots\" content=\"index, follow, max-snippet:-1, max-image-preview:large, max-video-preview:-1\" \/>\n<link rel=\"canonical\" href=\"https:\/\/www.ull.es\/portal\/cienciaull\/cctcanarias\/proyecto-de-id\/\" \/>\n<meta property=\"og:locale\" content=\"es_ES\" \/>\n<meta property=\"og:type\" content=\"article\" \/>\n<meta property=\"og:title\" content=\"Proyecto de I+D -\" \/>\n<meta property=\"og:description\" content=\"Proyectos de I+D Descripci\u00f3n La actividad principal de este Campus consiste en la realizaci\u00f3n de un proyecto de I+D real, desde el planteamiento del problema hasta la comunicaci\u00f3n y divulgaci\u00f3n de sus resultados, bajo la direcci\u00f3n de un grupo de investigaci\u00f3n de la ULL, y en el marco de uno de los cuatro ejes cient\u00edficos...\" \/>\n<meta property=\"og:url\" content=\"https:\/\/www.ull.es\/portal\/cienciaull\/cctcanarias\/proyecto-de-id\/\" \/>\n<meta property=\"article:publisher\" content=\"https:\/\/www.facebook.com\/CienciaULL\/\" \/>\n<meta property=\"article:modified_time\" content=\"2020-05-11T13:12:10+00:00\" \/>\n<meta property=\"og:image\" content=\"https:\/\/www.ull.es\/portal\/cienciaull\/wp-content\/uploads\/sites\/24\/2020\/05\/Nave-300x300.png\" \/>\n<meta name=\"twitter:card\" content=\"summary_large_image\" \/>\n<meta name=\"twitter:site\" content=\"@CienciaULL\" \/>\n<meta name=\"twitter:label1\" content=\"Tiempo de lectura\" \/>\n\t<meta name=\"twitter:data1\" content=\"4 minutos\" \/>\n<script type=\"application\/ld+json\" class=\"yoast-schema-graph\">{\"@context\":\"https:\/\/schema.org\",\"@graph\":[{\"@type\":\"WebPage\",\"@id\":\"https:\/\/www.ull.es\/portal\/cienciaull\/cctcanarias\/proyecto-de-id\/\",\"url\":\"https:\/\/www.ull.es\/portal\/cienciaull\/cctcanarias\/proyecto-de-id\/\",\"name\":\"Proyecto de I+D -\",\"isPartOf\":{\"@id\":\"https:\/\/www.ull.es\/portal\/cienciaull\/#website\"},\"datePublished\":\"2020-04-22T10:43:57+00:00\",\"dateModified\":\"2020-05-11T13:12:10+00:00\",\"breadcrumb\":{\"@id\":\"https:\/\/www.ull.es\/portal\/cienciaull\/cctcanarias\/proyecto-de-id\/#breadcrumb\"},\"inLanguage\":\"es\",\"potentialAction\":[{\"@type\":\"ReadAction\",\"target\":[\"https:\/\/www.ull.es\/portal\/cienciaull\/cctcanarias\/proyecto-de-id\/\"]}]},{\"@type\":\"BreadcrumbList\",\"@id\":\"https:\/\/www.ull.es\/portal\/cienciaull\/cctcanarias\/proyecto-de-id\/#breadcrumb\",\"itemListElement\":[{\"@type\":\"ListItem\",\"position\":1,\"name\":\"Portada\",\"item\":\"https:\/\/www.ull.es\/portal\/cienciaull\/\"},{\"@type\":\"ListItem\",\"position\":2,\"name\":\"CCT Canarias\",\"item\":\"https:\/\/www.ull.es\/portal\/cienciaull\/cctcanarias\/\"},{\"@type\":\"ListItem\",\"position\":3,\"name\":\"Proyecto de I+D\"}]},{\"@type\":\"WebSite\",\"@id\":\"https:\/\/www.ull.es\/portal\/cienciaull\/#website\",\"url\":\"https:\/\/www.ull.es\/portal\/cienciaull\/\",\"name\":\"\",\"description\":\"Unidad de Cultura Cient\u00edfica y de la Innovaci\u00f3n de la Universidad de La Laguna\",\"potentialAction\":[{\"@type\":\"SearchAction\",\"target\":{\"@type\":\"EntryPoint\",\"urlTemplate\":\"https:\/\/www.ull.es\/portal\/cienciaull\/?s={search_term_string}\"},\"query-input\":\"required name=search_term_string\"}],\"inLanguage\":\"es\"}]}<\/script>\n<!-- \/ Yoast SEO plugin. -->","yoast_head_json":{"title":"Proyecto de I+D -","robots":{"index":"index","follow":"follow","max-snippet":"max-snippet:-1","max-image-preview":"max-image-preview:large","max-video-preview":"max-video-preview:-1"},"canonical":"https:\/\/www.ull.es\/portal\/cienciaull\/cctcanarias\/proyecto-de-id\/","og_locale":"es_ES","og_type":"article","og_title":"Proyecto de I+D -","og_description":"Proyectos de I+D Descripci\u00f3n La actividad principal de este Campus consiste en la realizaci\u00f3n de un proyecto de I+D real, desde el planteamiento del problema hasta la comunicaci\u00f3n y divulgaci\u00f3n de sus resultados, bajo la direcci\u00f3n de un grupo de investigaci\u00f3n de la ULL, y en el marco de uno de los cuatro ejes cient\u00edficos...","og_url":"https:\/\/www.ull.es\/portal\/cienciaull\/cctcanarias\/proyecto-de-id\/","article_publisher":"https:\/\/www.facebook.com\/CienciaULL\/","article_modified_time":"2020-05-11T13:12:10+00:00","og_image":[{"url":"https:\/\/www.ull.es\/portal\/cienciaull\/wp-content\/uploads\/sites\/24\/2020\/05\/Nave-300x300.png"}],"twitter_card":"summary_large_image","twitter_site":"@CienciaULL","twitter_misc":{"Tiempo de lectura":"4 minutos"},"schema":{"@context":"https:\/\/schema.org","@graph":[{"@type":"WebPage","@id":"https:\/\/www.ull.es\/portal\/cienciaull\/cctcanarias\/proyecto-de-id\/","url":"https:\/\/www.ull.es\/portal\/cienciaull\/cctcanarias\/proyecto-de-id\/","name":"Proyecto de I+D -","isPartOf":{"@id":"https:\/\/www.ull.es\/portal\/cienciaull\/#website"},"datePublished":"2020-04-22T10:43:57+00:00","dateModified":"2020-05-11T13:12:10+00:00","breadcrumb":{"@id":"https:\/\/www.ull.es\/portal\/cienciaull\/cctcanarias\/proyecto-de-id\/#breadcrumb"},"inLanguage":"es","potentialAction":[{"@type":"ReadAction","target":["https:\/\/www.ull.es\/portal\/cienciaull\/cctcanarias\/proyecto-de-id\/"]}]},{"@type":"BreadcrumbList","@id":"https:\/\/www.ull.es\/portal\/cienciaull\/cctcanarias\/proyecto-de-id\/#breadcrumb","itemListElement":[{"@type":"ListItem","position":1,"name":"Portada","item":"https:\/\/www.ull.es\/portal\/cienciaull\/"},{"@type":"ListItem","position":2,"name":"CCT Canarias","item":"https:\/\/www.ull.es\/portal\/cienciaull\/cctcanarias\/"},{"@type":"ListItem","position":3,"name":"Proyecto de I+D"}]},{"@type":"WebSite","@id":"https:\/\/www.ull.es\/portal\/cienciaull\/#website","url":"https:\/\/www.ull.es\/portal\/cienciaull\/","name":"","description":"Unidad de Cultura Cient\u00edfica y de la Innovaci\u00f3n de la Universidad de La Laguna","potentialAction":[{"@type":"SearchAction","target":{"@type":"EntryPoint","urlTemplate":"https:\/\/www.ull.es\/portal\/cienciaull\/?s={search_term_string}"},"query-input":"required name=search_term_string"}],"inLanguage":"es"}]}},"_links":{"self":[{"href":"https:\/\/www.ull.es\/portal\/cienciaull\/wp-json\/wp\/v2\/pages\/3994"}],"collection":[{"href":"https:\/\/www.ull.es\/portal\/cienciaull\/wp-json\/wp\/v2\/pages"}],"about":[{"href":"https:\/\/www.ull.es\/portal\/cienciaull\/wp-json\/wp\/v2\/types\/page"}],"author":[{"embeddable":true,"href":"https:\/\/www.ull.es\/portal\/cienciaull\/wp-json\/wp\/v2\/users\/56"}],"replies":[{"embeddable":true,"href":"https:\/\/www.ull.es\/portal\/cienciaull\/wp-json\/wp\/v2\/comments?post=3994"}],"version-history":[{"count":56,"href":"https:\/\/www.ull.es\/portal\/cienciaull\/wp-json\/wp\/v2\/pages\/3994\/revisions"}],"predecessor-version":[{"id":6287,"href":"https:\/\/www.ull.es\/portal\/cienciaull\/wp-json\/wp\/v2\/pages\/3994\/revisions\/6287"}],"up":[{"embeddable":true,"href":"https:\/\/www.ull.es\/portal\/cienciaull\/wp-json\/wp\/v2\/pages\/3919"}],"wp:attachment":[{"href":"https:\/\/www.ull.es\/portal\/cienciaull\/wp-json\/wp\/v2\/media?parent=3994"}],"curies":[{"name":"wp","href":"https:\/\/api.w.org\/{rel}","templated":true}]}}