{"id":4248,"date":"2020-04-22T21:01:04","date_gmt":"2020-04-22T21:01:04","guid":{"rendered":"https:\/\/www.ull.es\/portal\/cienciaull\/?page_id=4248"},"modified":"2020-05-11T12:28:34","modified_gmt":"2020-05-11T12:28:34","slug":"actividades","status":"publish","type":"page","link":"https:\/\/www.ull.es\/portal\/cienciaull\/laboratorio-arn-innova\/actividades\/","title":{"rendered":"Actividades"},"content":{"rendered":"<p>[vc_row][vc_column][vc_custom_heading source=\u00bbpost_title\u00bb google_fonts=\u00bbfont_family:Roboto%20Slab%3A100%2C300%2Cregular%2C700|font_style:700%20bold%20regular%3A700%3Anormal\u00bb css=\u00bb.vc_custom_1587589340864{margin-bottom: 7px !important;border-bottom-width: 7px !important;padding-bottom: 7px !important;}\u00bb][vc_column_text]<\/p>\n<p style=\"text-align: justify\">El <strong>\u201cPrograma de actividades para el fomento de la innovaci\u00f3n empresarial en el municipio de Arona, ARN INNOVA \u201c<\/strong>es una iniciativa que surge, en diciembre de 2017 de la mano del Ayuntamiento de Arona, la Universidad de La Laguna y su Fundaci\u00f3n General, para aunar fuerzas para fomentar el emprendimiento en el Municipio en el marco de la actividad del Centro empresarial de Las Galletas. Su primera edici\u00f3n, ha tenido una duraci\u00f3n de dos a\u00f1os, ha obtenido muy buenos resultados, en cada uno de los bloques de actividades, que han motivado el desarrollado de una segunda desde el 02 de enero de 2020 al 31 de diciembre de 2021 para ayudar a mejor la realidad socioecon\u00f3mica de la comarca del sur de la isla.<\/p>\n<p style=\"text-align: justify\">En est\u00e1 segunda edici\u00f3n del proyecto, se incluir\u00e1 dos bloques de actividades:<\/p>\n<ul style=\"text-align: justify\">\n<li>El primero, ser\u00e1 una continuaci\u00f3n del programa de Laboratorio de Ciencia y Tecnolog\u00eda, con actividades destinadas a incentivar la creatividad y la inquietud por la ciencia y la tecnolog\u00eda en los participantes.<\/li>\n<li>El segundo, consiste en un programa volcado al fomento y el asesoramiento de los emprendedores cuyos proyectos as\u00ed lo requieran.<\/li>\n<\/ul>\n<p style=\"text-align: justify\">El objetivo del proyecto es fomentar el emprendimiento y mejorar el conocimiento de los habitantes de Arona, mediante los siguientes objetivos:<\/p>\n<ul style=\"text-align: justify\">\n<li>Identificar emprendedores proclives a beneficiarse del programa de acciones propuesto entre distintos colectivos (estudiantes universitarios, pymes\u2026) Mediante la realizaci\u00f3n de proyectos de divulgaci\u00f3n y difusi\u00f3n.<\/li>\n<li>Fomentar la creatividad en edades tempranas.<\/li>\n<li>Generar y fortalecer nuevo tejido productivo y de empleo en proyectos empresariales de valor para el municipio, como lo son el turismo y el desarrollo tecnol\u00f3gico.<\/li>\n<li>Identificar los principales factores del sistema emprendedor para incentivar la cooperaci\u00f3n entre empresas.<\/li>\n<\/ul>\n<p>El Laboratorio de Ciencia y Tecnolog\u00eda y se divide en tres partes:<\/p>\n<p><b>Actividad 1. Programa ARN TECHNOLOGY<\/b><\/p>\n<p style=\"text-align: justify\"><span style=\"font-weight: 400\">Se trata de una actividad de acompa\u00f1amiento dirigida a mayores de 16 a\u00f1os que permita dotarles de las herramientas y el contenido necesario sobre el uso de nuevas tecnolog\u00edas que le servir\u00e1n para el desarrollo de futuras ideas empresariales.\u00a0<\/span><\/p>\n<p style=\"text-align: justify\"><span style=\"font-weight: 400\">Esta actividad tendr\u00e1 una duraci\u00f3n de 6 meses y se realizar\u00e1 en dos etapas de la mano de personal investigador de la Universidad de La Laguna. En la primera etapa se desarrollar\u00e1n diferentes talleres pr\u00e1cticos de 3-4 horas de sobre estas \u00e1reas:<\/span><\/p>\n<ul>\n<li style=\"font-weight: 400\"><span style=\"font-weight: 400\">Dise\u00f1o digital, modelado e impresi\u00f3n en 3D.<\/span><\/li>\n<li style=\"font-weight: 400\"><span style=\"font-weight: 400\">Rob\u00f3tica (con Arduino y kits).<\/span><\/li>\n<li style=\"font-weight: 400\"><span style=\"font-weight: 400\">Programaci\u00f3n.<\/span><\/li>\n<\/ul>\n<p style=\"text-align: justify\"><span style=\"font-weight: 400\">En una segunda etapa se ayudar\u00e1 al alumnado participante a definir un proyecto innovador que deber\u00e1n desarrollar tomando como base el contenido aprendido y bajo la tutorizaci\u00f3n del personal investigador. El alumnado desarrollar\u00e1 un prototipo de su idea que se expondr\u00e1 en un evento final tras la finalizaci\u00f3n del programa para ser evaluado.\u00a0<\/span><\/p>\n<p><b>Actividad 2. Festival de la Ciencia\u00a0<\/b><\/p>\n<p style=\"text-align: justify\"><span style=\"font-weight: 400\">Durante los cursos escolares 2019\/2020 y 2020\/2021 se plantear\u00e1 a los cursos de 5\u00ba de primaria hasta 2\u00ba la ESO que participen en un concurso escolar de proyectos cient\u00edficos, donde cada clase participante podr\u00e1 participar con un m\u00e1ximo de tres proyectos. Dichos proyectos ser\u00e1n asesorados por doctorandos de la ULL y se presentar\u00e1n en el evento final tras la finalizaci\u00f3n del curso escolar de este programa. La realizaci\u00f3n de cada proyecto pasar\u00e1 por cada una de las fases del m\u00e9todo cient\u00edfico, desde que se plantea el problema a resolver, se obtiene la soluci\u00f3n m\u00e1s adecuada y se divulga, a trav\u00e9s de una hoja de ruta elaborada por el equipo de Cienci@ULL.<\/span><\/p>\n<p><span style=\"font-weight: 400\">Los mejores proyectos ser\u00e1n premiados.<\/span><\/p>\n<p><b>Actividad 3. Talleres Cientec Cienci@ULL<\/b><\/p>\n<p style=\"text-align: justify\"><span style=\"font-weight: 400\">Durante los cursos escolares 2019\/2020, 2020\/2021 y 2021\/2022 se desarrollar\u00e1n talleres de car\u00e1cter cient\u00edfico con una duraci\u00f3n de dos horas y estar\u00e1n dirigidos a grupos de un m\u00e1ximo de 20- 25 alumnos y alumnas de primaria, ESO, Bachillerato y Formaci\u00f3n profesional. Ser\u00e1n impartidos por el personal investigador en formaci\u00f3n de la ULL. Las tem\u00e1ticas que podr\u00e1n optar versar\u00e1n sobre:<\/span><\/p>\n<ul>\n<li style=\"font-weight: 400\"><span style=\"font-weight: 400\">Rob\u00f3tica y Arduino.\u00a0<\/span><\/li>\n<li style=\"font-weight: 400\"><span style=\"font-weight: 400\">Programaci\u00f3n en Payton y scratch.\u00a0<\/span><\/li>\n<li style=\"font-weight: 400\"><span style=\"font-weight: 400\">Dise\u00f1o y Modelizaci\u00f3n e Impresi\u00f3n en 3D.<\/span><\/li>\n<li style=\"font-weight: 400\"><span style=\"font-weight: 400\">Ciencias B\u00e1sicas (F\u00edsica, matem\u00e1ticas, biolog\u00eda y qu\u00edmica).<\/span><\/li>\n<li style=\"font-weight: 400\"><span style=\"font-weight: 400\">Energ\u00edas renovables.<\/span><\/li>\n<li style=\"font-weight: 400\"><span style=\"font-weight: 400\">Astrof\u00edsica.<\/span><\/li>\n<\/ul>\n<p>[\/vc_column_text][\/vc_column][\/vc_row]<\/p>\n","protected":false},"excerpt":{"rendered":"<p>[vc_row][vc_column][vc_custom_heading source=\u00bbpost_title\u00bb google_fonts=\u00bbfont_family:Roboto%20Slab%3A100%2C300%2Cregular%2C700|font_style:700%20bold%20regular%3A700%3Anormal\u00bb css=\u00bb.vc_custom_1587589340864{margin-bottom: 7px !important;border-bottom-width: 7px !important;padding-bottom: 7px !important;}\u00bb][vc_column_text] El \u201cPrograma de actividades para el fomento de la innovaci\u00f3n empresarial en el municipio de Arona, ARN INNOVA \u201ces una iniciativa que surge, en diciembre de 2017 de la mano del Ayuntamiento de Arona, la Universidad de La Laguna y su Fundaci\u00f3n General, para aunar&#8230;<\/p>\n","protected":false},"author":56,"featured_media":0,"parent":4245,"menu_order":1,"comment_status":"closed","ping_status":"closed","template":"","meta":{"inline_featured_image":false,"footnotes":""},"acf":[],"yoast_head":"<!-- This site is optimized with the Yoast SEO plugin v21.3 - https:\/\/yoast.com\/wordpress\/plugins\/seo\/ -->\n<title>Actividades -<\/title>\n<meta name=\"robots\" content=\"index, follow, max-snippet:-1, max-image-preview:large, max-video-preview:-1\" \/>\n<link rel=\"canonical\" href=\"https:\/\/www.ull.es\/portal\/cienciaull\/laboratorio-arn-innova\/actividades\/\" \/>\n<meta property=\"og:locale\" content=\"es_ES\" \/>\n<meta property=\"og:type\" content=\"article\" \/>\n<meta property=\"og:title\" content=\"Actividades -\" \/>\n<meta property=\"og:description\" content=\"[vc_row][vc_column][vc_custom_heading source=\u00bbpost_title\u00bb google_fonts=\u00bbfont_family:Roboto%20Slab%3A100%2C300%2Cregular%2C700|font_style:700%20bold%20regular%3A700%3Anormal\u00bb css=\u00bb.vc_custom_1587589340864{margin-bottom: 7px !important;border-bottom-width: 7px !important;padding-bottom: 7px !important;}\u00bb][vc_column_text] El \u201cPrograma de actividades para el fomento de la innovaci\u00f3n empresarial en el municipio de Arona, ARN INNOVA \u201ces una iniciativa que surge, en diciembre de 2017 de la mano del Ayuntamiento de Arona, la Universidad de La Laguna y su Fundaci\u00f3n General, para aunar...\" \/>\n<meta property=\"og:url\" content=\"https:\/\/www.ull.es\/portal\/cienciaull\/laboratorio-arn-innova\/actividades\/\" \/>\n<meta property=\"article:publisher\" content=\"https:\/\/www.facebook.com\/CienciaULL\/\" \/>\n<meta property=\"article:modified_time\" content=\"2020-05-11T12:28:34+00:00\" \/>\n<meta name=\"twitter:card\" content=\"summary_large_image\" \/>\n<meta name=\"twitter:site\" content=\"@CienciaULL\" \/>\n<meta name=\"twitter:label1\" content=\"Tiempo de lectura\" \/>\n\t<meta name=\"twitter:data1\" content=\"4 minutos\" \/>\n<script type=\"application\/ld+json\" class=\"yoast-schema-graph\">{\"@context\":\"https:\/\/schema.org\",\"@graph\":[{\"@type\":\"WebPage\",\"@id\":\"https:\/\/www.ull.es\/portal\/cienciaull\/laboratorio-arn-innova\/actividades\/\",\"url\":\"https:\/\/www.ull.es\/portal\/cienciaull\/laboratorio-arn-innova\/actividades\/\",\"name\":\"Actividades -\",\"isPartOf\":{\"@id\":\"https:\/\/www.ull.es\/portal\/cienciaull\/#website\"},\"datePublished\":\"2020-04-22T21:01:04+00:00\",\"dateModified\":\"2020-05-11T12:28:34+00:00\",\"breadcrumb\":{\"@id\":\"https:\/\/www.ull.es\/portal\/cienciaull\/laboratorio-arn-innova\/actividades\/#breadcrumb\"},\"inLanguage\":\"es\",\"potentialAction\":[{\"@type\":\"ReadAction\",\"target\":[\"https:\/\/www.ull.es\/portal\/cienciaull\/laboratorio-arn-innova\/actividades\/\"]}]},{\"@type\":\"BreadcrumbList\",\"@id\":\"https:\/\/www.ull.es\/portal\/cienciaull\/laboratorio-arn-innova\/actividades\/#breadcrumb\",\"itemListElement\":[{\"@type\":\"ListItem\",\"position\":1,\"name\":\"Portada\",\"item\":\"https:\/\/www.ull.es\/portal\/cienciaull\/\"},{\"@type\":\"ListItem\",\"position\":2,\"name\":\"Laboratorio ARN Innova\",\"item\":\"https:\/\/www.ull.es\/portal\/cienciaull\/laboratorio-arn-innova\/\"},{\"@type\":\"ListItem\",\"position\":3,\"name\":\"Actividades\"}]},{\"@type\":\"WebSite\",\"@id\":\"https:\/\/www.ull.es\/portal\/cienciaull\/#website\",\"url\":\"https:\/\/www.ull.es\/portal\/cienciaull\/\",\"name\":\"\",\"description\":\"Unidad de Cultura Cient\u00edfica y de la Innovaci\u00f3n de la Universidad de La Laguna\",\"potentialAction\":[{\"@type\":\"SearchAction\",\"target\":{\"@type\":\"EntryPoint\",\"urlTemplate\":\"https:\/\/www.ull.es\/portal\/cienciaull\/?s={search_term_string}\"},\"query-input\":\"required name=search_term_string\"}],\"inLanguage\":\"es\"}]}<\/script>\n<!-- \/ Yoast SEO plugin. -->","yoast_head_json":{"title":"Actividades -","robots":{"index":"index","follow":"follow","max-snippet":"max-snippet:-1","max-image-preview":"max-image-preview:large","max-video-preview":"max-video-preview:-1"},"canonical":"https:\/\/www.ull.es\/portal\/cienciaull\/laboratorio-arn-innova\/actividades\/","og_locale":"es_ES","og_type":"article","og_title":"Actividades -","og_description":"[vc_row][vc_column][vc_custom_heading source=\u00bbpost_title\u00bb google_fonts=\u00bbfont_family:Roboto%20Slab%3A100%2C300%2Cregular%2C700|font_style:700%20bold%20regular%3A700%3Anormal\u00bb css=\u00bb.vc_custom_1587589340864{margin-bottom: 7px !important;border-bottom-width: 7px !important;padding-bottom: 7px !important;}\u00bb][vc_column_text] El \u201cPrograma de actividades para el fomento de la innovaci\u00f3n empresarial en el municipio de Arona, ARN INNOVA \u201ces una iniciativa que surge, en diciembre de 2017 de la mano del Ayuntamiento de Arona, la Universidad de La Laguna y su Fundaci\u00f3n General, para aunar...","og_url":"https:\/\/www.ull.es\/portal\/cienciaull\/laboratorio-arn-innova\/actividades\/","article_publisher":"https:\/\/www.facebook.com\/CienciaULL\/","article_modified_time":"2020-05-11T12:28:34+00:00","twitter_card":"summary_large_image","twitter_site":"@CienciaULL","twitter_misc":{"Tiempo de lectura":"4 minutos"},"schema":{"@context":"https:\/\/schema.org","@graph":[{"@type":"WebPage","@id":"https:\/\/www.ull.es\/portal\/cienciaull\/laboratorio-arn-innova\/actividades\/","url":"https:\/\/www.ull.es\/portal\/cienciaull\/laboratorio-arn-innova\/actividades\/","name":"Actividades -","isPartOf":{"@id":"https:\/\/www.ull.es\/portal\/cienciaull\/#website"},"datePublished":"2020-04-22T21:01:04+00:00","dateModified":"2020-05-11T12:28:34+00:00","breadcrumb":{"@id":"https:\/\/www.ull.es\/portal\/cienciaull\/laboratorio-arn-innova\/actividades\/#breadcrumb"},"inLanguage":"es","potentialAction":[{"@type":"ReadAction","target":["https:\/\/www.ull.es\/portal\/cienciaull\/laboratorio-arn-innova\/actividades\/"]}]},{"@type":"BreadcrumbList","@id":"https:\/\/www.ull.es\/portal\/cienciaull\/laboratorio-arn-innova\/actividades\/#breadcrumb","itemListElement":[{"@type":"ListItem","position":1,"name":"Portada","item":"https:\/\/www.ull.es\/portal\/cienciaull\/"},{"@type":"ListItem","position":2,"name":"Laboratorio ARN Innova","item":"https:\/\/www.ull.es\/portal\/cienciaull\/laboratorio-arn-innova\/"},{"@type":"ListItem","position":3,"name":"Actividades"}]},{"@type":"WebSite","@id":"https:\/\/www.ull.es\/portal\/cienciaull\/#website","url":"https:\/\/www.ull.es\/portal\/cienciaull\/","name":"","description":"Unidad de Cultura Cient\u00edfica y de la Innovaci\u00f3n de la Universidad de La Laguna","potentialAction":[{"@type":"SearchAction","target":{"@type":"EntryPoint","urlTemplate":"https:\/\/www.ull.es\/portal\/cienciaull\/?s={search_term_string}"},"query-input":"required name=search_term_string"}],"inLanguage":"es"}]}},"_links":{"self":[{"href":"https:\/\/www.ull.es\/portal\/cienciaull\/wp-json\/wp\/v2\/pages\/4248"}],"collection":[{"href":"https:\/\/www.ull.es\/portal\/cienciaull\/wp-json\/wp\/v2\/pages"}],"about":[{"href":"https:\/\/www.ull.es\/portal\/cienciaull\/wp-json\/wp\/v2\/types\/page"}],"author":[{"embeddable":true,"href":"https:\/\/www.ull.es\/portal\/cienciaull\/wp-json\/wp\/v2\/users\/56"}],"replies":[{"embeddable":true,"href":"https:\/\/www.ull.es\/portal\/cienciaull\/wp-json\/wp\/v2\/comments?post=4248"}],"version-history":[{"count":8,"href":"https:\/\/www.ull.es\/portal\/cienciaull\/wp-json\/wp\/v2\/pages\/4248\/revisions"}],"predecessor-version":[{"id":9172,"href":"https:\/\/www.ull.es\/portal\/cienciaull\/wp-json\/wp\/v2\/pages\/4248\/revisions\/9172"}],"up":[{"embeddable":true,"href":"https:\/\/www.ull.es\/portal\/cienciaull\/wp-json\/wp\/v2\/pages\/4245"}],"wp:attachment":[{"href":"https:\/\/www.ull.es\/portal\/cienciaull\/wp-json\/wp\/v2\/media?parent=4248"}],"curies":[{"name":"wp","href":"https:\/\/api.w.org\/{rel}","templated":true}]}}