{"id":4289,"date":"2020-04-23T01:40:43","date_gmt":"2020-04-23T01:40:43","guid":{"rendered":"https:\/\/www.ull.es\/portal\/cienciaull\/?page_id=4289"},"modified":"2023-10-23T13:08:54","modified_gmt":"2023-10-23T13:08:54","slug":"exposicion-ciencia-teatralizada","status":"publish","type":"page","link":"https:\/\/www.ull.es\/portal\/cienciaull\/exposicion-ciencia-teatralizada\/","title":{"rendered":"Exposici\u00f3n \u00abCiencia Teatralizada\u00bb"},"content":{"rendered":"<p>[vc_row][vc_column]\n<div id=\"rev_slider_237_1_wrapper\" class=\"rev_slider_wrapper fullwidthbanner-container\" data-source=\"gallery\" style=\"margin:0px auto;background:transparent;padding:0px;margin-top:0px;margin-bottom:0px;\">\n<!-- START REVOLUTION SLIDER 5.4.7.3 auto mode -->\n\t<div id=\"rev_slider_237_1\" class=\"rev_slider fullwidthabanner\" style=\"display:none;\" data-version=\"5.4.7.3\">\n<ul>\t<!-- SLIDE  -->\n\t<li data-index=\"rs-271\" data-transition=\"fade\" data-slotamount=\"default\" data-hideafterloop=\"0\" data-hideslideonmobile=\"off\"  data-easein=\"default\" data-easeout=\"default\" data-masterspeed=\"300\"  data-rotate=\"0\"  data-saveperformance=\"off\"  data-title=\"Slide\" data-param1=\"\" data-param2=\"\" data-param3=\"\" data-param4=\"\" data-param5=\"\" data-param6=\"\" data-param7=\"\" data-param8=\"\" data-param9=\"\" data-param10=\"\" data-description=\"\">\n\t\t<!-- MAIN IMAGE -->\n\t\t<img src=\"https:\/\/www.ull.es\/portal\/cienciaull\/wp-content\/plugins\/revslider\/admin\/assets\/images\/transparent.png\"  alt=\"\" title=\"Exposici\u00f3n \u00abCiencia Teatralizada\u00bb\"  data-bgposition=\"center center\" data-bgfit=\"cover\" data-bgrepeat=\"no-repeat\" class=\"rev-slidebg\" data-no-retina>\n\t\t<!-- LAYERS -->\n\n\t\t<!-- LAYER NR. 1 -->\n\t\t<div class=\"tp-caption   tp-resizeme\" \n\t\t\t id=\"slide-271-layer-5\" \n\t\t\t data-x=\"\" \n\t\t\t data-y=\"\" \n\t\t\t\t\t\tdata-width=\"['full','full','full','full']\"\n\t\t\tdata-height=\"['full','full','full','full']\"\n \n\t\t\tdata-type=\"image\" \n\t\t\tdata-responsive_offset=\"on\" \n\n\t\t\tdata-frames='[{\"delay\":0,\"speed\":300,\"frame\":\"0\",\"from\":\"opacity:0;\",\"to\":\"o:1;\",\"ease\":\"Power3.easeInOut\"},{\"delay\":\"wait\",\"speed\":300,\"frame\":\"999\",\"to\":\"opacity:0;\",\"ease\":\"Power3.easeInOut\"}]'\n\t\t\tdata-textAlign=\"['inherit','inherit','inherit','inherit']\"\n\t\t\tdata-paddingtop=\"[0,0,0,0]\"\n\t\t\tdata-paddingright=\"[0,0,0,0]\"\n\t\t\tdata-paddingbottom=\"[0,0,0,0]\"\n\t\t\tdata-paddingleft=\"[0,0,0,0]\"\n\n\t\t\tstyle=\"z-index: 7;\"><img src=\"https:\/\/www.ull.es\/portal\/cienciaull\/wp-content\/uploads\/sites\/24\/2023\/10\/Ciencia-Teatralizada-2023_1600x600-1.png\" alt=\"\" data-ww=\"full\" data-hh=\"full\" width=\"1601\" height=\"600\" data-no-retina> <\/div>\n\t<\/li>\n<\/ul>\n<div class=\"tp-bannertimer tp-bottom\" style=\"visibility: hidden !important;\"><\/div>\t<\/div>\n<script>var htmlDiv = document.getElementById(\"rs-plugin-settings-inline-css\"); var htmlDivCss=\"\";\r\n\t\t\t\tif(htmlDiv) {\r\n\t\t\t\t\thtmlDiv.innerHTML = htmlDiv.innerHTML + htmlDivCss;\r\n\t\t\t\t}else{\r\n\t\t\t\t\tvar htmlDiv = document.createElement(\"div\");\r\n\t\t\t\t\thtmlDiv.innerHTML = \"<style>\" + htmlDivCss + \"<\/style>\";\r\n\t\t\t\t\tdocument.getElementsByTagName(\"head\")[0].appendChild(htmlDiv.childNodes[0]);\r\n\t\t\t\t}\r\n\t\t\t<\/script>\n\t\t<script type=\"text\/javascript\">\r\nif (setREVStartSize!==undefined) setREVStartSize(\r\n\t{c: '#rev_slider_237_1', gridwidth: [1500], gridheight: [500], sliderLayout: 'auto'});\r\n\t\t\t\r\nvar revapi237,\r\n\ttpj;\t\r\n(function() {\t\t\t\r\n\tif (!\/loaded|interactive|complete\/.test(document.readyState)) document.addEventListener(\"DOMContentLoaded\",onLoad); else onLoad();\t\r\n\tfunction onLoad() {\t\t\t\t\r\n\t\tif (tpj===undefined) { tpj = jQuery; if(\"off\" == \"on\") tpj.noConflict();}\r\n\tif(tpj(\"#rev_slider_237_1\").revolution == undefined){\n\t\trevslider_showDoubleJqueryError(\"#rev_slider_237_1\");\n\t}else{\n\t\trevapi237 = tpj(\"#rev_slider_237_1\").show().revolution({\n\t\t\tsliderType:\"standard\",\n\t\t\tjsFileLocation:\"\/\/www.ull.es\/portal\/cienciaull\/wp-content\/plugins\/revslider\/public\/assets\/js\/\",\n\t\t\tsliderLayout:\"auto\",\n\t\t\tdottedOverlay:\"none\",\n\t\t\tdelay:9000,\n\t\t\tnavigation: {\n\t\t\t\tonHoverStop:\"off\",\n\t\t\t},\n\t\t\tvisibilityLevels:[1240,1024,778,480],\n\t\t\tgridwidth:1500,\n\t\t\tgridheight:500,\n\t\t\tlazyType:\"none\",\n\t\t\tshadow:0,\n\t\t\tspinner:\"spinner0\",\n\t\t\tstopLoop:\"off\",\n\t\t\tstopAfterLoops:-1,\n\t\t\tstopAtSlide:-1,\n\t\t\tshuffle:\"off\",\n\t\t\tautoHeight:\"off\",\n\t\t\tdisableProgressBar:\"on\",\n\t\t\thideThumbsOnMobile:\"off\",\n\t\t\thideSliderAtLimit:0,\n\t\t\thideCaptionAtLimit:0,\n\t\t\thideAllCaptionAtLilmit:0,\n\t\t\tdebugMode:false,\n\t\t\tfallbacks: {\n\t\t\t\tsimplifyAll:\"off\",\n\t\t\t\tnextSlideOnWindowFocus:\"off\",\n\t\t\t\tdisableFocusListener:false,\n\t\t\t}\n\t\t});\n\t}; \/* END OF revapi call *\/\n\t\n }; \/* END OF ON LOAD FUNCTION *\/\r\n}()); \/* END OF WRAPPING FUNCTION *\/\r\n<\/script>\r\n\t\t<\/div><!-- END REVOLUTION SLIDER -->[vc_separator color=\u00bbcustom\u00bb style=\u00bbdouble\u00bb border_width=\u00bb10&#8243; accent_color=\u00bb#ededed\u00bb][\/vc_column][\/vc_row][vc_row][vc_column width=\u00bb2\/3&#8243;][vc_empty_space height=\u00bb40px\u00bb][vc_column_text]<\/p>\n<p style=\"text-align: justify\">La <strong><span style=\"color: #95368b\">Exposici\u00f3n<\/span><\/strong> \u201c<strong><span style=\"color: #00adbb\">Ciencia<\/span>\u00a0<span style=\"color: #e8522a\">Teatralizada<\/span><\/strong>\u201d es una actividad dise\u00f1ada por el alumnado de las asignatura de Recursos Did\u00e1cticos para las Ciencias Experimentales del Grado de Maestro en Educaci\u00f3n Primaria, impartida por <span style=\"font-weight: 400\">el docente Antonio Eff-Darwich y Did\u00e1ctica de la Numeraci\u00f3n, de la Estad\u00edstica y del Azar, impartida por el docente Israel Garc\u00eda<\/span>, y en colaboraci\u00f3n con la Unidad de Comunicaci\u00f3n Cient\u00edfica y la Innovaci\u00f3n de la ULL (Cienci@ULL).<\/p>\n<p style=\"text-align: justify\">La actividad se llevar\u00e1 a cabo el<strong><span style=\"color: #ff9900\"> 24 y 25 de octubre,<\/span><\/strong> en los espacios interiores del Edificio Central de la Universidad de la Laguna. Esta iniciativa cosiste en el montaje de una serie de m\u00f3dulos expositivos a modo de s\u00edmil de un teatro, donde se explica la vida y obra de un famoso cient\u00edfico. La tem\u00e1tica en la que se inspira en esta edici\u00f3n la exposici\u00f3n ser\u00e1 <span style=\"color: #ff9900\">\u201c<strong>Recursos matem\u00e1ticos en la did\u00e1ctica de las ciencias<\/strong>\u201d<\/span>.<\/p>\n<p style=\"text-align: justify\">Los m\u00f3dulos incluir\u00e1n peque\u00f1as piezas teatrales, as\u00ed como an\u00e9cdotas hist\u00f3ricas y sociales de la \u00e9poca que les toc\u00f3 vivir a estos investigadores, con el fin de captar la atenci\u00f3n de los ni\u00f1os y ni\u00f1as. Tratando as\u00ed de acercar al alumnado al contexto hist\u00f3rico de los pensadores.<\/p>\n<p style=\"text-align: justify\">Esta exposici\u00f3n integra diferentes disciplinas entre s\u00ed, como las ciencias experimentales, la m\u00fasica e historia. Su duraci\u00f3n ser\u00e1 aproximadamente de una hora y media y el p\u00fablico objetivo al que est\u00e1 est\u00e1 dirigido es el alumnado de 4\u00ba, 5\u00ba y 6\u00ba de primaria de distintos centros educativos de la isla de Tenerife.<\/p>\n<p>Los colegios participantes en esta edici\u00f3n son:<\/p>\n<table>\n<tbody>\n<tr>\n<td>\n<ul>\n<li style=\"font-weight: 400\"><span style=\"font-weight: 400\">CEIP San Mat\u00edas<\/span><\/li>\n<\/ul>\n<\/td>\n<td>\n<ul>\n<li style=\"font-weight: 400\"><span style=\"font-weight: 400\">CEIP Aguere<\/span><\/li>\n<\/ul>\n<\/td>\n<td>\n<ul>\n<li style=\"font-weight: 400\"><span style=\"font-weight: 400\">Colegio Adonai<\/span><\/li>\n<\/ul>\n<\/td>\n<\/tr>\n<tr>\n<td>\n<ul>\n<li style=\"font-weight: 400\"><span style=\"font-weight: 400\">CEIP Igueste<\/span><\/li>\n<\/ul>\n<\/td>\n<td>\n<ul>\n<li style=\"font-weight: 400\"><span style=\"font-weight: 400\">CEIP Inocencio Sosa Hern\u00e1ndez<\/span><\/li>\n<\/ul>\n<\/td>\n<td>\n<ul>\n<li><span style=\"font-weight: 400\">CEIP Mar\u00eda Rosa Alonso<\/span><\/li>\n<\/ul>\n<\/td>\n<\/tr>\n<tr>\n<td>\n<ul>\n<li style=\"font-weight: 400\"><span style=\"font-weight: 400\">CEIP Las Mercedes<\/span><\/li>\n<\/ul>\n<\/td>\n<td>\n<ul>\n<li style=\"font-weight: 400\"><span style=\"font-weight: 400\">CEIP Pr\u00e1cticas Aneja<\/span><\/li>\n<\/ul>\n<\/td>\n<td>\n<ul>\n<li><span style=\"font-weight: 400\">Colegio La Salle La Laguna<\/span><\/li>\n<\/ul>\n<\/td>\n<\/tr>\n<tr>\n<td>\n<ul>\n<li style=\"font-weight: 400\"><span style=\"font-weight: 400\">CEIP La Verdellada<\/span><\/li>\n<\/ul>\n<\/td>\n<td>\n<ul>\n<li style=\"font-weight: 400\"><span style=\"font-weight: 400\">CEIP Camino Largo<\/span><\/li>\n<\/ul>\n<\/td>\n<td><\/td>\n<\/tr>\n<\/tbody>\n<\/table>\n<p style=\"text-align: justify\">Adem\u00e1s, La <strong><span style=\"color: #95368b\">Exposici\u00f3n<\/span><\/strong> \u201c<strong><span style=\"color: #00adbb\">Ciencia<\/span>\u00a0<span style=\"color: #e8522a\">Teatralizada<\/span><\/strong>\u201d se enmarca en el programa de post-actividades de MacaroNight 2023 (Noche Europea de los Investigadores e investigadoras de la Macaronesia). Proyecto que surge de una iniciativa promovida por La Palma Research Centre, la Sociedade Afonso Chaves- Associa\u00e7\u00e3o de Estudos A\u00e7oreanos, la Fundaci\u00f3n del Parque Cient\u00edfico Tecnol\u00f3gico de la Universidad de Las Palmas de Gran Canaria, la Universidad da Madeira, Fundaci\u00f3n General de la Universidad de La Laguna. Es cofinanciada por la Comisi\u00f3n Europea bajo las Acciones Marie Sk\u0142odowska-Curie (MSCA); iniciativa para fomentar las carreras cient\u00edficas en Europa, que se enmarca en Horizonte Europa, Programa Marco de Investigaci\u00f3n e Innovaci\u00f3n de la Uni\u00f3n Europea.<\/p>\n<p>[\/vc_column_text][\/vc_column][vc_column width=\u00bb1\/3&#8243;][vc_video link=\u00bbhttps:\/\/youtu.be\/QDM5PY3QOhI\u00bb css=\u00bb.vc_custom_1592554873299{margin-top: 24px !important;border-top-width: 24px !important;padding-top: 24px !important;}\u00bb][vc_empty_space height=\u00bb15px\u00bb][vc_btn title=\u00bbInscripci\u00f3n\u00bb color=\u00bbpink\u00bb size=\u00bblg\u00bb align=\u00bbcenter\u00bb button_block=\u00bbtrue\u00bb link=\u00bburl:https%3A%2F%2Fwww.ull.es%2Fportal%2Fcienciaull%2Fexposicion-ciencia-teatralizada%2Finscripcion%2F\u00bb][vc_btn title=\u00bbCat\u00e1logo\u00bb color=\u00bborange\u00bb size=\u00bblg\u00bb align=\u00bbcenter\u00bb button_block=\u00bbtrue\u00bb link=\u00bburl:https%3A%2F%2Fdrive.google.com%2Ffile%2Fd%2F1OEBzWreLVnaiQy7HQvo9OGtFAzQuwx4U%2Fview%3Fusp%3Dshare_link\u00bb][vc_btn title=\u00bbCentros participantes\u00bb color=\u00bbgreen\u00bb size=\u00bblg\u00bb align=\u00bbcenter\u00bb button_block=\u00bbtrue\u00bb link=\u00bburl:https%3A%2F%2Fwww.ull.es%2Fportal%2Fcienciaull%2Fexposicion-ciencia-teatralizada%2Fcentros-escolares-participantes%2F\u00bb][vc_btn title=\u00bbMultimedia\u00bb color=\u00bbviolet\u00bb size=\u00bblg\u00bb align=\u00bbcenter\u00bb button_block=\u00bbtrue\u00bb link=\u00bburl:https%3A%2F%2Fwww.ull.es%2Fportal%2Fcienciaull%2Fexposicion-ciencia-teatralizada%2Fmultimedia%2F\u00bb][vc_empty_space height=\u00bb15px\u00bb][vc_media_grid style=\u00bbpagination\u00bb items_per_page=\u00bb1&#8243; element_width=\u00bb12&#8243; paging_color=\u00bbgreen\u00bb item=\u00bbmediaGrid_SlideInTitle\u00bb initial_loading_animation=\u00bbnone\u00bb grid_id=\u00bbvc_gid:1698066259349-8218f132-7614-3&#8243; include=\u00bb5263,5264,5265,5266,5267,5268,5269,5270,5271,5272,5273&#8243;][\/vc_column][\/vc_row]<\/p>\n","protected":false},"excerpt":{"rendered":"<p>[vc_row][vc_column][vc_separator color=\u00bbcustom\u00bb style=\u00bbdouble\u00bb border_width=\u00bb10&#8243; accent_color=\u00bb#ededed\u00bb][\/vc_column][\/vc_row][vc_row][vc_column width=\u00bb2\/3&#8243;][vc_empty_space height=\u00bb40px\u00bb][vc_column_text] La Exposici\u00f3n \u201cCiencia\u00a0Teatralizada\u201d es una actividad dise\u00f1ada por el alumnado de las asignatura de Recursos Did\u00e1cticos para las Ciencias Experimentales del Grado de Maestro en Educaci\u00f3n Primaria, impartida por el docente Antonio Eff-Darwich y Did\u00e1ctica de la Numeraci\u00f3n, de la Estad\u00edstica y del Azar, impartida por el docente&#8230;<\/p>\n","protected":false},"author":56,"featured_media":0,"parent":0,"menu_order":0,"comment_status":"closed","ping_status":"closed","template":"templates\/cienciaull.php","meta":{"inline_featured_image":false,"footnotes":""},"acf":[],"yoast_head":"<!-- This site is optimized with the Yoast SEO plugin v21.3 - https:\/\/yoast.com\/wordpress\/plugins\/seo\/ -->\n<title>Exposici\u00f3n &quot;Ciencia Teatralizada&quot; -<\/title>\n<meta name=\"robots\" content=\"index, follow, max-snippet:-1, max-image-preview:large, max-video-preview:-1\" \/>\n<link rel=\"canonical\" href=\"https:\/\/www.ull.es\/portal\/cienciaull\/exposicion-ciencia-teatralizada\/\" \/>\n<meta property=\"og:locale\" content=\"es_ES\" \/>\n<meta property=\"og:type\" content=\"article\" \/>\n<meta property=\"og:title\" content=\"Exposici\u00f3n &quot;Ciencia Teatralizada&quot; -\" \/>\n<meta property=\"og:description\" content=\"[vc_row][vc_column][vc_separator color=\u00bbcustom\u00bb style=\u00bbdouble\u00bb border_width=\u00bb10&#8243; accent_color=\u00bb#ededed\u00bb][\/vc_column][\/vc_row][vc_row][vc_column width=\u00bb2\/3&#8243;][vc_empty_space height=\u00bb40px\u00bb][vc_column_text] La Exposici\u00f3n \u201cCiencia\u00a0Teatralizada\u201d es una actividad dise\u00f1ada por el alumnado de las asignatura de Recursos Did\u00e1cticos para las Ciencias Experimentales del Grado de Maestro en Educaci\u00f3n Primaria, impartida por el docente Antonio Eff-Darwich y Did\u00e1ctica de la Numeraci\u00f3n, de la Estad\u00edstica y del Azar, impartida por el docente...\" \/>\n<meta property=\"og:url\" content=\"https:\/\/www.ull.es\/portal\/cienciaull\/exposicion-ciencia-teatralizada\/\" \/>\n<meta property=\"article:publisher\" content=\"https:\/\/www.facebook.com\/CienciaULL\/\" \/>\n<meta property=\"article:modified_time\" content=\"2023-10-23T13:08:54+00:00\" \/>\n<meta name=\"twitter:card\" content=\"summary_large_image\" \/>\n<meta name=\"twitter:site\" content=\"@CienciaULL\" \/>\n<meta name=\"twitter:label1\" content=\"Tiempo de lectura\" \/>\n\t<meta name=\"twitter:data1\" content=\"3 minutos\" \/>\n<script type=\"application\/ld+json\" class=\"yoast-schema-graph\">{\"@context\":\"https:\/\/schema.org\",\"@graph\":[{\"@type\":\"WebPage\",\"@id\":\"https:\/\/www.ull.es\/portal\/cienciaull\/exposicion-ciencia-teatralizada\/\",\"url\":\"https:\/\/www.ull.es\/portal\/cienciaull\/exposicion-ciencia-teatralizada\/\",\"name\":\"Exposici\u00f3n \\\"Ciencia Teatralizada\\\" -\",\"isPartOf\":{\"@id\":\"https:\/\/www.ull.es\/portal\/cienciaull\/#website\"},\"datePublished\":\"2020-04-23T01:40:43+00:00\",\"dateModified\":\"2023-10-23T13:08:54+00:00\",\"breadcrumb\":{\"@id\":\"https:\/\/www.ull.es\/portal\/cienciaull\/exposicion-ciencia-teatralizada\/#breadcrumb\"},\"inLanguage\":\"es\",\"potentialAction\":[{\"@type\":\"ReadAction\",\"target\":[\"https:\/\/www.ull.es\/portal\/cienciaull\/exposicion-ciencia-teatralizada\/\"]}]},{\"@type\":\"BreadcrumbList\",\"@id\":\"https:\/\/www.ull.es\/portal\/cienciaull\/exposicion-ciencia-teatralizada\/#breadcrumb\",\"itemListElement\":[{\"@type\":\"ListItem\",\"position\":1,\"name\":\"Portada\",\"item\":\"https:\/\/www.ull.es\/portal\/cienciaull\/\"},{\"@type\":\"ListItem\",\"position\":2,\"name\":\"Exposici\u00f3n \u00abCiencia Teatralizada\u00bb\"}]},{\"@type\":\"WebSite\",\"@id\":\"https:\/\/www.ull.es\/portal\/cienciaull\/#website\",\"url\":\"https:\/\/www.ull.es\/portal\/cienciaull\/\",\"name\":\"\",\"description\":\"Unidad de Cultura Cient\u00edfica y de la Innovaci\u00f3n de la Universidad de La Laguna\",\"potentialAction\":[{\"@type\":\"SearchAction\",\"target\":{\"@type\":\"EntryPoint\",\"urlTemplate\":\"https:\/\/www.ull.es\/portal\/cienciaull\/?s={search_term_string}\"},\"query-input\":\"required name=search_term_string\"}],\"inLanguage\":\"es\"}]}<\/script>\n<!-- \/ Yoast SEO plugin. -->","yoast_head_json":{"title":"Exposici\u00f3n \"Ciencia Teatralizada\" -","robots":{"index":"index","follow":"follow","max-snippet":"max-snippet:-1","max-image-preview":"max-image-preview:large","max-video-preview":"max-video-preview:-1"},"canonical":"https:\/\/www.ull.es\/portal\/cienciaull\/exposicion-ciencia-teatralizada\/","og_locale":"es_ES","og_type":"article","og_title":"Exposici\u00f3n \"Ciencia Teatralizada\" -","og_description":"[vc_row][vc_column][vc_separator color=\u00bbcustom\u00bb style=\u00bbdouble\u00bb border_width=\u00bb10&#8243; accent_color=\u00bb#ededed\u00bb][\/vc_column][\/vc_row][vc_row][vc_column width=\u00bb2\/3&#8243;][vc_empty_space height=\u00bb40px\u00bb][vc_column_text] La Exposici\u00f3n \u201cCiencia\u00a0Teatralizada\u201d es una actividad dise\u00f1ada por el alumnado de las asignatura de Recursos Did\u00e1cticos para las Ciencias Experimentales del Grado de Maestro en Educaci\u00f3n Primaria, impartida por el docente Antonio Eff-Darwich y Did\u00e1ctica de la Numeraci\u00f3n, de la Estad\u00edstica y del Azar, impartida por el docente...","og_url":"https:\/\/www.ull.es\/portal\/cienciaull\/exposicion-ciencia-teatralizada\/","article_publisher":"https:\/\/www.facebook.com\/CienciaULL\/","article_modified_time":"2023-10-23T13:08:54+00:00","twitter_card":"summary_large_image","twitter_site":"@CienciaULL","twitter_misc":{"Tiempo de lectura":"3 minutos"},"schema":{"@context":"https:\/\/schema.org","@graph":[{"@type":"WebPage","@id":"https:\/\/www.ull.es\/portal\/cienciaull\/exposicion-ciencia-teatralizada\/","url":"https:\/\/www.ull.es\/portal\/cienciaull\/exposicion-ciencia-teatralizada\/","name":"Exposici\u00f3n \"Ciencia Teatralizada\" -","isPartOf":{"@id":"https:\/\/www.ull.es\/portal\/cienciaull\/#website"},"datePublished":"2020-04-23T01:40:43+00:00","dateModified":"2023-10-23T13:08:54+00:00","breadcrumb":{"@id":"https:\/\/www.ull.es\/portal\/cienciaull\/exposicion-ciencia-teatralizada\/#breadcrumb"},"inLanguage":"es","potentialAction":[{"@type":"ReadAction","target":["https:\/\/www.ull.es\/portal\/cienciaull\/exposicion-ciencia-teatralizada\/"]}]},{"@type":"BreadcrumbList","@id":"https:\/\/www.ull.es\/portal\/cienciaull\/exposicion-ciencia-teatralizada\/#breadcrumb","itemListElement":[{"@type":"ListItem","position":1,"name":"Portada","item":"https:\/\/www.ull.es\/portal\/cienciaull\/"},{"@type":"ListItem","position":2,"name":"Exposici\u00f3n \u00abCiencia Teatralizada\u00bb"}]},{"@type":"WebSite","@id":"https:\/\/www.ull.es\/portal\/cienciaull\/#website","url":"https:\/\/www.ull.es\/portal\/cienciaull\/","name":"","description":"Unidad de Cultura Cient\u00edfica y de la Innovaci\u00f3n de la Universidad de La Laguna","potentialAction":[{"@type":"SearchAction","target":{"@type":"EntryPoint","urlTemplate":"https:\/\/www.ull.es\/portal\/cienciaull\/?s={search_term_string}"},"query-input":"required name=search_term_string"}],"inLanguage":"es"}]}},"_links":{"self":[{"href":"https:\/\/www.ull.es\/portal\/cienciaull\/wp-json\/wp\/v2\/pages\/4289"}],"collection":[{"href":"https:\/\/www.ull.es\/portal\/cienciaull\/wp-json\/wp\/v2\/pages"}],"about":[{"href":"https:\/\/www.ull.es\/portal\/cienciaull\/wp-json\/wp\/v2\/types\/page"}],"author":[{"embeddable":true,"href":"https:\/\/www.ull.es\/portal\/cienciaull\/wp-json\/wp\/v2\/users\/56"}],"replies":[{"embeddable":true,"href":"https:\/\/www.ull.es\/portal\/cienciaull\/wp-json\/wp\/v2\/comments?post=4289"}],"version-history":[{"count":31,"href":"https:\/\/www.ull.es\/portal\/cienciaull\/wp-json\/wp\/v2\/pages\/4289\/revisions"}],"predecessor-version":[{"id":25261,"href":"https:\/\/www.ull.es\/portal\/cienciaull\/wp-json\/wp\/v2\/pages\/4289\/revisions\/25261"}],"wp:attachment":[{"href":"https:\/\/www.ull.es\/portal\/cienciaull\/wp-json\/wp\/v2\/media?parent=4289"}],"curies":[{"name":"wp","href":"https:\/\/api.w.org\/{rel}","templated":true}]}}