{"id":4670,"date":"2020-04-25T15:46:54","date_gmt":"2020-04-25T15:46:54","guid":{"rendered":"https:\/\/www.ull.es\/portal\/cienciaull\/?page_id=4670"},"modified":"2020-05-14T17:31:40","modified_gmt":"2020-05-14T17:31:40","slug":"nos-convertimos-en-cientifics-por-un-dia","status":"publish","type":"page","link":"https:\/\/www.ull.es\/portal\/cienciaull\/nos-convertimos-en-cientifics-por-un-dia\/","title":{"rendered":"Nos convertimos en cient\u00edfic@s por un d\u00eda"},"content":{"rendered":"<p>[vc_row][vc_column]<link href=\"https:\/\/fonts.googleapis.com\/css?family=Roboto:500\" rel=\"stylesheet\" property=\"stylesheet\" type=\"text\/css\" media=\"all\">\n<div id=\"rev_slider_34_1_wrapper\" class=\"rev_slider_wrapper fullwidthbanner-container\" data-source=\"gallery\" style=\"margin:0px auto;background:transparent;padding:0px;margin-top:0px;margin-bottom:0px;\">\n<!-- START REVOLUTION SLIDER 5.4.7.3 auto mode -->\n\t<div id=\"rev_slider_34_1\" class=\"rev_slider fullwidthabanner\" style=\"display:none;\" data-version=\"5.4.7.3\">\n<ul>\t<!-- SLIDE  -->\n\t<li data-index=\"rs-56\" data-transition=\"fade\" data-slotamount=\"default\" data-hideafterloop=\"0\" data-hideslideonmobile=\"off\"  data-easein=\"default\" data-easeout=\"default\" data-masterspeed=\"300\"  data-rotate=\"0\"  data-saveperformance=\"off\"  data-title=\"Slide\" data-param1=\"\" data-param2=\"\" data-param3=\"\" data-param4=\"\" data-param5=\"\" data-param6=\"\" data-param7=\"\" data-param8=\"\" data-param9=\"\" data-param10=\"\" data-description=\"\">\n\t\t<!-- MAIN IMAGE -->\n\t\t<img src=\"https:\/\/s4.gifyu.com\/images\/Banner-Nos-Convertimos-en-Cientificos-por-un-dia-1600-x-675.png\"  alt=\"\"  width=\"1920\" height=\"1080\" data-bgposition=\"center center\" data-bgfit=\"contain\" data-bgrepeat=\"no-repeat\" class=\"rev-slidebg\" data-no-retina>\n\t\t<!-- LAYERS -->\n\n\t\t<!-- LAYER NR. 1 -->\n\t\t<div class=\"tp-caption rev-btn \" \n\t\t\t id=\"slide-56-layer-1\" \n\t\t\t data-x=\"651\" \n\t\t\t data-y=\"558\" \n\t\t\t\t\t\tdata-width=\"['98']\"\n\t\t\tdata-height=\"['27']\"\n \n\t\t\tdata-type=\"button\" \n\t\t\tdata-actions='[{\"event\":\"click\",\"action\":\"simplelink\",\"target\":\"_self\",\"url\":\"https:\\\/\\\/www.ull.es\\\/portal\\\/cienciaull\\\/nos-convertimos-en-cientifics-por-un-dia\\\/inscripcion\\\/\",\"delay\":\"\"}]'\n\t\t\tdata-responsive_offset=\"on\" \n\t\t\tdata-responsive=\"off\"\n\t\t\tdata-frames='[{\"delay\":0,\"speed\":300,\"frame\":\"0\",\"from\":\"opacity:0;\",\"to\":\"o:1;\",\"ease\":\"Power3.easeInOut\"},{\"delay\":\"wait\",\"speed\":300,\"frame\":\"999\",\"to\":\"opacity:0;\",\"ease\":\"Power3.easeInOut\"},{\"frame\":\"hover\",\"speed\":\"0\",\"ease\":\"Linear.easeNone\",\"to\":\"o:1;rX:0;rY:0;rZ:0;z:0;\",\"style\":\"c:rgba(0,0,0,0);bg:rgba(255,255,255,0);bs:solid;bw:0 0 0 0;\"}]'\n\t\t\tdata-textAlign=\"['inherit','inherit','inherit','inherit']\"\n\t\t\tdata-paddingtop=\"[12,12,12,12]\"\n\t\t\tdata-paddingright=\"[35,35,35,35]\"\n\t\t\tdata-paddingbottom=\"[12,12,12,12]\"\n\t\t\tdata-paddingleft=\"[35,35,35,35]\"\n\n\t\t\tstyle=\"z-index: 5; min-width: 98px; max-width: 98px; max-width: 27px; max-width: 27px; white-space: nowrap; font-size: 17px; line-height: 17px; font-weight: 500; color: rgba(255,255,255,0); letter-spacing: px;font-family:Roboto;background-color:rgba(0,0,0,0);border-radius:30px 30px 30px 30px;outline:none;box-shadow:none;box-sizing:border-box;-moz-box-sizing:border-box;-webkit-box-sizing:border-box;cursor:pointer;\"> <\/div>\n\n\t\t<!-- LAYER NR. 2 -->\n\t\t<div class=\"tp-caption rev-btn \" \n\t\t\t id=\"slide-56-layer-2\" \n\t\t\t data-x=\"937\" \n\t\t\t data-y=\"556\" \n\t\t\t\t\t\tdata-width=\"['86']\"\n\t\t\tdata-height=\"['30']\"\n \n\t\t\tdata-type=\"button\" \n\t\t\tdata-actions='[{\"event\":\"click\",\"action\":\"simplelink\",\"target\":\"_self\",\"url\":\"https:\\\/\\\/www.ull.es\\\/portal\\\/cienciaull\\\/nos-convertimos-en-cientifics-por-un-dia\\\/ediciones\\\/\",\"delay\":\"\"}]'\n\t\t\tdata-responsive_offset=\"on\" \n\t\t\tdata-responsive=\"off\"\n\t\t\tdata-frames='[{\"delay\":0,\"speed\":300,\"frame\":\"0\",\"from\":\"opacity:0;\",\"to\":\"o:1;\",\"ease\":\"Power3.easeInOut\"},{\"delay\":\"wait\",\"speed\":300,\"frame\":\"999\",\"to\":\"opacity:0;\",\"ease\":\"Power3.easeInOut\"},{\"frame\":\"hover\",\"speed\":\"0\",\"ease\":\"Linear.easeNone\",\"to\":\"o:1;rX:0;rY:0;rZ:0;z:0;\",\"style\":\"c:rgba(0,0,0,0);bg:rgba(255,255,255,0);bs:solid;bw:0 0 0 0;\"}]'\n\t\t\tdata-textAlign=\"['inherit','inherit','inherit','inherit']\"\n\t\t\tdata-paddingtop=\"[12,12,12,12]\"\n\t\t\tdata-paddingright=\"[35,35,35,35]\"\n\t\t\tdata-paddingbottom=\"[12,12,12,12]\"\n\t\t\tdata-paddingleft=\"[35,35,35,35]\"\n\n\t\t\tstyle=\"z-index: 6; min-width: 86px; max-width: 86px; max-width: 30px; max-width: 30px; white-space: nowrap; font-size: 17px; line-height: 17px; font-weight: 500; color: rgba(255,255,255,0); letter-spacing: px;font-family:Roboto;background-color:rgba(0,0,0,0);border-radius:30px 30px 30px 30px;outline:none;box-shadow:none;box-sizing:border-box;-moz-box-sizing:border-box;-webkit-box-sizing:border-box;cursor:pointer;\"> <\/div>\n\n\t\t<!-- LAYER NR. 3 -->\n\t\t<div class=\"tp-caption rev-btn \" \n\t\t\t id=\"slide-56-layer-3\" \n\t\t\t data-x=\"1198\" \n\t\t\t data-y=\"555\" \n\t\t\t\t\t\tdata-width=\"['102']\"\n\t\t\tdata-height=\"['31']\"\n \n\t\t\tdata-type=\"button\" \n\t\t\tdata-actions='[{\"event\":\"click\",\"action\":\"simplelink\",\"target\":\"_self\",\"url\":\"https:\\\/\\\/www.ull.es\\\/portal\\\/cienciaull\\\/nos-convertimos-en-cientifics-por-un-dia\\\/multimedia\\\/\",\"delay\":\"\"}]'\n\t\t\tdata-responsive_offset=\"on\" \n\t\t\tdata-responsive=\"off\"\n\t\t\tdata-frames='[{\"delay\":0,\"speed\":300,\"frame\":\"0\",\"from\":\"opacity:0;\",\"to\":\"o:1;\",\"ease\":\"Power3.easeInOut\"},{\"delay\":\"wait\",\"speed\":300,\"frame\":\"999\",\"to\":\"opacity:0;\",\"ease\":\"Power3.easeInOut\"},{\"frame\":\"hover\",\"speed\":\"0\",\"ease\":\"Linear.easeNone\",\"to\":\"o:1;rX:0;rY:0;rZ:0;z:0;\",\"style\":\"c:rgba(0,0,0,0);bg:rgba(255,255,255,0);bs:solid;bw:0 0 0 0;\"}]'\n\t\t\tdata-textAlign=\"['inherit','inherit','inherit','inherit']\"\n\t\t\tdata-paddingtop=\"[12,12,12,12]\"\n\t\t\tdata-paddingright=\"[35,35,35,35]\"\n\t\t\tdata-paddingbottom=\"[12,12,12,12]\"\n\t\t\tdata-paddingleft=\"[35,35,35,35]\"\n\n\t\t\tstyle=\"z-index: 7; min-width: 102px; max-width: 102px; max-width: 31px; max-width: 31px; white-space: nowrap; font-size: 17px; line-height: 17px; font-weight: 500; color: rgba(255,255,255,0); letter-spacing: px;font-family:Roboto;background-color:rgba(0,0,0,0);border-radius:30px 30px 30px 30px;outline:none;box-shadow:none;box-sizing:border-box;-moz-box-sizing:border-box;-webkit-box-sizing:border-box;cursor:pointer;\"> <\/div>\n\t<\/li>\n<\/ul>\n<div class=\"tp-bannertimer tp-bottom\" style=\"visibility: hidden !important;\"><\/div>\t<\/div>\n<script>var htmlDiv = document.getElementById(\"rs-plugin-settings-inline-css\"); var htmlDivCss=\"\";\r\n\t\t\t\tif(htmlDiv) {\r\n\t\t\t\t\thtmlDiv.innerHTML = htmlDiv.innerHTML + htmlDivCss;\r\n\t\t\t\t}else{\r\n\t\t\t\t\tvar htmlDiv = document.createElement(\"div\");\r\n\t\t\t\t\thtmlDiv.innerHTML = \"<style>\" + htmlDivCss + \"<\/style>\";\r\n\t\t\t\t\tdocument.getElementsByTagName(\"head\")[0].appendChild(htmlDiv.childNodes[0]);\r\n\t\t\t\t}\r\n\t\t\t<\/script>\n\t\t<script type=\"text\/javascript\">\r\nif (setREVStartSize!==undefined) setREVStartSize(\r\n\t{c: '#rev_slider_34_1', gridwidth: [1600], gridheight: [675], sliderLayout: 'auto'});\r\n\t\t\t\r\nvar revapi34,\r\n\ttpj;\t\r\n(function() {\t\t\t\r\n\tif (!\/loaded|interactive|complete\/.test(document.readyState)) document.addEventListener(\"DOMContentLoaded\",onLoad); else onLoad();\t\r\n\tfunction onLoad() {\t\t\t\t\r\n\t\tif (tpj===undefined) { tpj = jQuery; if(\"off\" == \"on\") tpj.noConflict();}\r\n\tif(tpj(\"#rev_slider_34_1\").revolution == undefined){\n\t\trevslider_showDoubleJqueryError(\"#rev_slider_34_1\");\n\t}else{\n\t\trevapi34 = tpj(\"#rev_slider_34_1\").show().revolution({\n\t\t\tsliderType:\"standard\",\n\t\t\tjsFileLocation:\"\/\/www.ull.es\/portal\/cienciaull\/wp-content\/plugins\/revslider\/public\/assets\/js\/\",\n\t\t\tsliderLayout:\"auto\",\n\t\t\tdottedOverlay:\"none\",\n\t\t\tdelay:9000,\n\t\t\tnavigation: {\n\t\t\t\tonHoverStop:\"off\",\n\t\t\t},\n\t\t\tvisibilityLevels:[1240,1024,778,480],\n\t\t\tgridwidth:1600,\n\t\t\tgridheight:675,\n\t\t\tlazyType:\"none\",\n\t\t\tshadow:0,\n\t\t\tspinner:\"spinner0\",\n\t\t\tstopLoop:\"off\",\n\t\t\tstopAfterLoops:-1,\n\t\t\tstopAtSlide:-1,\n\t\t\tshuffle:\"off\",\n\t\t\tautoHeight:\"off\",\n\t\t\tdisableProgressBar:\"on\",\n\t\t\thideThumbsOnMobile:\"off\",\n\t\t\thideSliderAtLimit:0,\n\t\t\thideCaptionAtLimit:0,\n\t\t\thideAllCaptionAtLilmit:0,\n\t\t\tdebugMode:false,\n\t\t\tfallbacks: {\n\t\t\t\tsimplifyAll:\"off\",\n\t\t\t\tnextSlideOnWindowFocus:\"off\",\n\t\t\t\tdisableFocusListener:false,\n\t\t\t}\n\t\t});\n\t}; \/* END OF revapi call *\/\n\t\n }; \/* END OF ON LOAD FUNCTION *\/\r\n}()); \/* END OF WRAPPING FUNCTION *\/\r\n<\/script>\r\n\t\t<\/div><!-- END REVOLUTION SLIDER -->[vc_separator color=\u00bbcustom\u00bb style=\u00bbdouble\u00bb border_width=\u00bb10&#8243; accent_color=\u00bb#884a95&#8243;][\/vc_column][\/vc_row][vc_row][vc_column width=\u00bb2\/3&#8243;][vc_empty_space height=\u00bb40px\u00bb][vc_custom_heading text=\u00bbPresentaci\u00f3n\u00bb font_container=\u00bbtag:h2|text_align:left|color:%23884a95&#8243; google_fonts=\u00bbfont_family:Roboto%20Slab%3A100%2C300%2Cregular%2C700|font_style:700%20bold%20regular%3A700%3Anormal\u00bb css=\u00bb.vc_custom_1589467958417{margin-bottom: 7px !important;border-bottom-width: 7px !important;padding-bottom: 7px !important;}\u00bb][vc_column_text]La Universidad de La Laguna y su Fundaci\u00f3n General, a trav\u00e9s de su Unidad de Cultura Cient\u00edfica y de la Innovaci\u00f3n (Cienci@ULL) organizan las<strong> \u201c<span style=\"color: #884a95\">Jornadas Nos convertimos en cient\u00edficos y cient\u00edficas por un d\u00eda<\/span><\/strong>\u201d, dirigida al alumnado de 3\u00ba y 4\u00ba de la ESO y Bachillerato de los centros escolares de la isla de Tenerife.<\/p>\n<p>Esta actividad tiene como objetivo principal <em>fomentar el inter\u00e9s del alumnado por una vocaci\u00f3n profesional en el \u00e1mbito de la investigaci\u00f3n<\/em>. Para ello, se ha configurado un programa de actividades compuesto por talleres cient\u00edficos, de dos horas de duraci\u00f3n y realizados por j\u00f3venes investigadores e investigadoras de la ULL, y dos ponencias cient\u00edficas, de 30 minutos de duraci\u00f3n, impartidas por personal investigador senior de la instituci\u00f3n. Las \u00e1reas de conocimiento de esta edici\u00f3n ser\u00e1n: energ\u00eda, sostenibilidad, medio ambiente, ingenier\u00eda, productos naturales, matem\u00e1ticas biomedicina y salud, arte y astrof\u00edsica.<\/p>\n<p>Esta actividad es promovida por la Universidad de La Laguna y su Fundaci\u00f3n General, a trav\u00e9s de su Unidad de Cultura Cient\u00edfica y de la Innovaci\u00f3n (Cienci@ULL), dentro del Programa de las Semanas de la Ciencia y la Innovaci\u00f3n en Canarias 2019 promovida por la Consejer\u00eda de Econom\u00eda, Conocimiento y Empleo del Gobierno de Canarias, a trav\u00e9s de la Agencia Canaria de Investigaci\u00f3n, Innovaci\u00f3n y Sociedad de la Informaci\u00f3n.[\/vc_column_text][\/vc_column][vc_column width=\u00bb1\/3&#8243;][vc_images_carousel images=\u00bb5327,5328,5329,5330,5331,5332,5333,5334,5336,5337,5338,5339&#8243; img_size=\u00bb350&#215;350&#8243; css=\u00bb.vc_custom_1589468621468{margin-top: 45px !important;border-top-width: 45px !important;padding-top: 45px !important;}\u00bb][vc_empty_space height=\u00bb20px\u00bb][\/vc_column][\/vc_row]<\/p>\n","protected":false},"excerpt":{"rendered":"<p>[vc_row][vc_column][vc_separator color=\u00bbcustom\u00bb style=\u00bbdouble\u00bb border_width=\u00bb10&#8243; accent_color=\u00bb#884a95&#8243;][\/vc_column][\/vc_row][vc_row][vc_column width=\u00bb2\/3&#8243;][vc_empty_space height=\u00bb40px\u00bb][vc_custom_heading text=\u00bbPresentaci\u00f3n\u00bb font_container=\u00bbtag:h2|text_align:left|color:%23884a95&#8243; google_fonts=\u00bbfont_family:Roboto%20Slab%3A100%2C300%2Cregular%2C700|font_style:700%20bold%20regular%3A700%3Anormal\u00bb css=\u00bb.vc_custom_1589467958417{margin-bottom: 7px !important;border-bottom-width: 7px !important;padding-bottom: 7px !important;}\u00bb][vc_column_text]La Universidad de La Laguna y su Fundaci\u00f3n General, a trav\u00e9s de su Unidad de Cultura Cient\u00edfica y de la Innovaci\u00f3n (Cienci@ULL) organizan las \u201cJornadas Nos convertimos en cient\u00edficos y cient\u00edficas por un d\u00eda\u201d, dirigida al alumnado de 3\u00ba&#8230;<\/p>\n","protected":false},"author":56,"featured_media":0,"parent":0,"menu_order":0,"comment_status":"closed","ping_status":"closed","template":"templates\/cienciaull.php","meta":{"inline_featured_image":false,"footnotes":""},"acf":[],"yoast_head":"<!-- This site is optimized with the Yoast SEO plugin v21.3 - https:\/\/yoast.com\/wordpress\/plugins\/seo\/ -->\n<title>Nos convertimos en cient\u00edfic@s por un d\u00eda -<\/title>\n<meta name=\"robots\" content=\"index, follow, max-snippet:-1, max-image-preview:large, max-video-preview:-1\" \/>\n<link rel=\"canonical\" href=\"https:\/\/www.ull.es\/portal\/cienciaull\/nos-convertimos-en-cientifics-por-un-dia\/\" \/>\n<meta property=\"og:locale\" content=\"es_ES\" \/>\n<meta property=\"og:type\" content=\"article\" \/>\n<meta property=\"og:title\" content=\"Nos convertimos en cient\u00edfic@s por un d\u00eda -\" \/>\n<meta property=\"og:description\" content=\"[vc_row][vc_column][vc_separator color=\u00bbcustom\u00bb style=\u00bbdouble\u00bb border_width=\u00bb10&#8243; accent_color=\u00bb#884a95&#8243;][\/vc_column][\/vc_row][vc_row][vc_column width=\u00bb2\/3&#8243;][vc_empty_space height=\u00bb40px\u00bb][vc_custom_heading text=\u00bbPresentaci\u00f3n\u00bb font_container=\u00bbtag:h2|text_align:left|color:%23884a95&#8243; google_fonts=\u00bbfont_family:Roboto%20Slab%3A100%2C300%2Cregular%2C700|font_style:700%20bold%20regular%3A700%3Anormal\u00bb css=\u00bb.vc_custom_1589467958417{margin-bottom: 7px !important;border-bottom-width: 7px !important;padding-bottom: 7px !important;}\u00bb][vc_column_text]La Universidad de La Laguna y su Fundaci\u00f3n General, a trav\u00e9s de su Unidad de Cultura Cient\u00edfica y de la Innovaci\u00f3n (Cienci@ULL) organizan las \u201cJornadas Nos convertimos en cient\u00edficos y cient\u00edficas por un d\u00eda\u201d, dirigida al alumnado de 3\u00ba...\" \/>\n<meta property=\"og:url\" content=\"https:\/\/www.ull.es\/portal\/cienciaull\/nos-convertimos-en-cientifics-por-un-dia\/\" \/>\n<meta property=\"article:publisher\" content=\"https:\/\/www.facebook.com\/CienciaULL\/\" \/>\n<meta property=\"article:modified_time\" content=\"2020-05-14T17:31:40+00:00\" \/>\n<meta name=\"twitter:card\" content=\"summary_large_image\" \/>\n<meta name=\"twitter:site\" content=\"@CienciaULL\" \/>\n<meta name=\"twitter:label1\" content=\"Tiempo de lectura\" \/>\n\t<meta name=\"twitter:data1\" content=\"2 minutos\" \/>\n<script type=\"application\/ld+json\" class=\"yoast-schema-graph\">{\"@context\":\"https:\/\/schema.org\",\"@graph\":[{\"@type\":\"WebPage\",\"@id\":\"https:\/\/www.ull.es\/portal\/cienciaull\/nos-convertimos-en-cientifics-por-un-dia\/\",\"url\":\"https:\/\/www.ull.es\/portal\/cienciaull\/nos-convertimos-en-cientifics-por-un-dia\/\",\"name\":\"Nos convertimos en cient\u00edfic@s por un d\u00eda -\",\"isPartOf\":{\"@id\":\"https:\/\/www.ull.es\/portal\/cienciaull\/#website\"},\"datePublished\":\"2020-04-25T15:46:54+00:00\",\"dateModified\":\"2020-05-14T17:31:40+00:00\",\"breadcrumb\":{\"@id\":\"https:\/\/www.ull.es\/portal\/cienciaull\/nos-convertimos-en-cientifics-por-un-dia\/#breadcrumb\"},\"inLanguage\":\"es\",\"potentialAction\":[{\"@type\":\"ReadAction\",\"target\":[\"https:\/\/www.ull.es\/portal\/cienciaull\/nos-convertimos-en-cientifics-por-un-dia\/\"]}]},{\"@type\":\"BreadcrumbList\",\"@id\":\"https:\/\/www.ull.es\/portal\/cienciaull\/nos-convertimos-en-cientifics-por-un-dia\/#breadcrumb\",\"itemListElement\":[{\"@type\":\"ListItem\",\"position\":1,\"name\":\"Portada\",\"item\":\"https:\/\/www.ull.es\/portal\/cienciaull\/\"},{\"@type\":\"ListItem\",\"position\":2,\"name\":\"Nos convertimos en cient\u00edfic@s por un d\u00eda\"}]},{\"@type\":\"WebSite\",\"@id\":\"https:\/\/www.ull.es\/portal\/cienciaull\/#website\",\"url\":\"https:\/\/www.ull.es\/portal\/cienciaull\/\",\"name\":\"\",\"description\":\"Unidad de Cultura Cient\u00edfica y de la Innovaci\u00f3n de la Universidad de La Laguna\",\"potentialAction\":[{\"@type\":\"SearchAction\",\"target\":{\"@type\":\"EntryPoint\",\"urlTemplate\":\"https:\/\/www.ull.es\/portal\/cienciaull\/?s={search_term_string}\"},\"query-input\":\"required name=search_term_string\"}],\"inLanguage\":\"es\"}]}<\/script>\n<!-- \/ Yoast SEO plugin. -->","yoast_head_json":{"title":"Nos convertimos en cient\u00edfic@s por un d\u00eda -","robots":{"index":"index","follow":"follow","max-snippet":"max-snippet:-1","max-image-preview":"max-image-preview:large","max-video-preview":"max-video-preview:-1"},"canonical":"https:\/\/www.ull.es\/portal\/cienciaull\/nos-convertimos-en-cientifics-por-un-dia\/","og_locale":"es_ES","og_type":"article","og_title":"Nos convertimos en cient\u00edfic@s por un d\u00eda -","og_description":"[vc_row][vc_column][vc_separator color=\u00bbcustom\u00bb style=\u00bbdouble\u00bb border_width=\u00bb10&#8243; accent_color=\u00bb#884a95&#8243;][\/vc_column][\/vc_row][vc_row][vc_column width=\u00bb2\/3&#8243;][vc_empty_space height=\u00bb40px\u00bb][vc_custom_heading text=\u00bbPresentaci\u00f3n\u00bb font_container=\u00bbtag:h2|text_align:left|color:%23884a95&#8243; google_fonts=\u00bbfont_family:Roboto%20Slab%3A100%2C300%2Cregular%2C700|font_style:700%20bold%20regular%3A700%3Anormal\u00bb css=\u00bb.vc_custom_1589467958417{margin-bottom: 7px !important;border-bottom-width: 7px !important;padding-bottom: 7px !important;}\u00bb][vc_column_text]La Universidad de La Laguna y su Fundaci\u00f3n General, a trav\u00e9s de su Unidad de Cultura Cient\u00edfica y de la Innovaci\u00f3n (Cienci@ULL) organizan las \u201cJornadas Nos convertimos en cient\u00edficos y cient\u00edficas por un d\u00eda\u201d, dirigida al alumnado de 3\u00ba...","og_url":"https:\/\/www.ull.es\/portal\/cienciaull\/nos-convertimos-en-cientifics-por-un-dia\/","article_publisher":"https:\/\/www.facebook.com\/CienciaULL\/","article_modified_time":"2020-05-14T17:31:40+00:00","twitter_card":"summary_large_image","twitter_site":"@CienciaULL","twitter_misc":{"Tiempo de lectura":"2 minutos"},"schema":{"@context":"https:\/\/schema.org","@graph":[{"@type":"WebPage","@id":"https:\/\/www.ull.es\/portal\/cienciaull\/nos-convertimos-en-cientifics-por-un-dia\/","url":"https:\/\/www.ull.es\/portal\/cienciaull\/nos-convertimos-en-cientifics-por-un-dia\/","name":"Nos convertimos en cient\u00edfic@s por un d\u00eda -","isPartOf":{"@id":"https:\/\/www.ull.es\/portal\/cienciaull\/#website"},"datePublished":"2020-04-25T15:46:54+00:00","dateModified":"2020-05-14T17:31:40+00:00","breadcrumb":{"@id":"https:\/\/www.ull.es\/portal\/cienciaull\/nos-convertimos-en-cientifics-por-un-dia\/#breadcrumb"},"inLanguage":"es","potentialAction":[{"@type":"ReadAction","target":["https:\/\/www.ull.es\/portal\/cienciaull\/nos-convertimos-en-cientifics-por-un-dia\/"]}]},{"@type":"BreadcrumbList","@id":"https:\/\/www.ull.es\/portal\/cienciaull\/nos-convertimos-en-cientifics-por-un-dia\/#breadcrumb","itemListElement":[{"@type":"ListItem","position":1,"name":"Portada","item":"https:\/\/www.ull.es\/portal\/cienciaull\/"},{"@type":"ListItem","position":2,"name":"Nos convertimos en cient\u00edfic@s por un d\u00eda"}]},{"@type":"WebSite","@id":"https:\/\/www.ull.es\/portal\/cienciaull\/#website","url":"https:\/\/www.ull.es\/portal\/cienciaull\/","name":"","description":"Unidad de Cultura Cient\u00edfica y de la Innovaci\u00f3n de la Universidad de La Laguna","potentialAction":[{"@type":"SearchAction","target":{"@type":"EntryPoint","urlTemplate":"https:\/\/www.ull.es\/portal\/cienciaull\/?s={search_term_string}"},"query-input":"required name=search_term_string"}],"inLanguage":"es"}]}},"_links":{"self":[{"href":"https:\/\/www.ull.es\/portal\/cienciaull\/wp-json\/wp\/v2\/pages\/4670"}],"collection":[{"href":"https:\/\/www.ull.es\/portal\/cienciaull\/wp-json\/wp\/v2\/pages"}],"about":[{"href":"https:\/\/www.ull.es\/portal\/cienciaull\/wp-json\/wp\/v2\/types\/page"}],"author":[{"embeddable":true,"href":"https:\/\/www.ull.es\/portal\/cienciaull\/wp-json\/wp\/v2\/users\/56"}],"replies":[{"embeddable":true,"href":"https:\/\/www.ull.es\/portal\/cienciaull\/wp-json\/wp\/v2\/comments?post=4670"}],"version-history":[{"count":23,"href":"https:\/\/www.ull.es\/portal\/cienciaull\/wp-json\/wp\/v2\/pages\/4670\/revisions"}],"predecessor-version":[{"id":6454,"href":"https:\/\/www.ull.es\/portal\/cienciaull\/wp-json\/wp\/v2\/pages\/4670\/revisions\/6454"}],"wp:attachment":[{"href":"https:\/\/www.ull.es\/portal\/cienciaull\/wp-json\/wp\/v2\/media?parent=4670"}],"curies":[{"name":"wp","href":"https:\/\/api.w.org\/{rel}","templated":true}]}}