{"id":4761,"date":"2020-04-25T19:48:54","date_gmt":"2020-04-25T19:48:54","guid":{"rendered":"https:\/\/www.ull.es\/portal\/cienciaull\/?page_id=4761"},"modified":"2025-12-04T13:02:41","modified_gmt":"2025-12-04T13:02:41","slug":"piensacomputacionaullmente","status":"publish","type":"page","link":"https:\/\/www.ull.es\/portal\/cienciaull\/piensacomputacionaullmente\/","title":{"rendered":"PiensacomputacionULLmente"},"content":{"rendered":"<p>[vc_row][vc_column]\n<div id=\"rev_slider_135_1_wrapper\" class=\"rev_slider_wrapper fullwidthbanner-container\" data-source=\"gallery\" style=\"margin:0px auto;background:transparent;padding:0px;margin-top:0px;margin-bottom:0px;\">\n<!-- START REVOLUTION SLIDER 5.4.7.3 auto mode -->\n\t<div id=\"rev_slider_135_1\" class=\"rev_slider fullwidthabanner\" style=\"display:none;\" data-version=\"5.4.7.3\">\n<ul>\t<!-- SLIDE  -->\n\t<li data-index=\"rs-164\" data-transition=\"fade\" data-slotamount=\"default\" data-hideafterloop=\"0\" data-hideslideonmobile=\"off\"  data-easein=\"default\" data-easeout=\"default\" data-masterspeed=\"300\"  data-rotate=\"0\"  data-saveperformance=\"off\"  data-title=\"Slide\" data-param1=\"\" data-param2=\"\" data-param3=\"\" data-param4=\"\" data-param5=\"\" data-param6=\"\" data-param7=\"\" data-param8=\"\" data-param9=\"\" data-param10=\"\" data-description=\"\">\n\t\t<!-- MAIN IMAGE -->\n\t\t<img src=\"https:\/\/www.ull.es\/portal\/cienciaull\/wp-content\/plugins\/revslider\/admin\/assets\/images\/transparent.png\"  alt=\"\" title=\"piensacompu_banner_web\"  width=\"1600\" height=\"600\" data-bgposition=\"center center\" data-bgfit=\"cover\" data-bgrepeat=\"no-repeat\" class=\"rev-slidebg\" data-no-retina>\n\t\t<!-- LAYERS -->\n\n\t\t<!-- LAYER NR. 1 -->\n\t\t<div class=\"tp-caption   tp-resizeme\" \n\t\t\t id=\"slide-164-layer-3\" \n\t\t\t data-x=\"3\" \n\t\t\t data-y=\"-5\" \n\t\t\t\t\t\tdata-width=\"['none','none','none','none']\"\n\t\t\tdata-height=\"['none','none','none','none']\"\n \n\t\t\tdata-type=\"image\" \n\t\t\tdata-responsive_offset=\"on\" \n\n\t\t\tdata-frames='[{\"delay\":0,\"speed\":300,\"frame\":\"0\",\"from\":\"opacity:0;\",\"to\":\"o:1;\",\"ease\":\"Power3.easeInOut\"},{\"delay\":\"wait\",\"speed\":300,\"frame\":\"999\",\"to\":\"opacity:0;\",\"ease\":\"Power3.easeInOut\"}]'\n\t\t\tdata-textAlign=\"['inherit','inherit','inherit','inherit']\"\n\t\t\tdata-paddingtop=\"[0,0,0,0]\"\n\t\t\tdata-paddingright=\"[0,0,0,0]\"\n\t\t\tdata-paddingbottom=\"[0,0,0,0]\"\n\t\t\tdata-paddingleft=\"[0,0,0,0]\"\n\n\t\t\tstyle=\"z-index: 6;\"><img src=\"https:\/\/www.ull.es\/portal\/cienciaull\/wp-content\/uploads\/sites\/24\/2025\/11\/piensacompu_banner_web.jpg\" alt=\"\" data-ww=\"1600px\" data-hh=\"600px\" width=\"1600\" height=\"600\" data-no-retina> <\/div>\n\t<\/li>\n<\/ul>\n<div class=\"tp-bannertimer tp-bottom\" style=\"visibility: hidden !important;\"><\/div>\t<\/div>\n<script>var htmlDiv = document.getElementById(\"rs-plugin-settings-inline-css\"); var htmlDivCss=\"\";\r\n\t\t\t\tif(htmlDiv) {\r\n\t\t\t\t\thtmlDiv.innerHTML = htmlDiv.innerHTML + htmlDivCss;\r\n\t\t\t\t}else{\r\n\t\t\t\t\tvar htmlDiv = document.createElement(\"div\");\r\n\t\t\t\t\thtmlDiv.innerHTML = \"<style>\" + htmlDivCss + \"<\/style>\";\r\n\t\t\t\t\tdocument.getElementsByTagName(\"head\")[0].appendChild(htmlDiv.childNodes[0]);\r\n\t\t\t\t}\r\n\t\t\t<\/script>\n\t\t<script type=\"text\/javascript\">\r\nif (setREVStartSize!==undefined) setREVStartSize(\r\n\t{c: '#rev_slider_135_1', gridwidth: [1470], gridheight: [600], sliderLayout: 'auto'});\r\n\t\t\t\r\nvar revapi135,\r\n\ttpj;\t\r\n(function() {\t\t\t\r\n\tif (!\/loaded|interactive|complete\/.test(document.readyState)) document.addEventListener(\"DOMContentLoaded\",onLoad); else onLoad();\t\r\n\tfunction onLoad() {\t\t\t\t\r\n\t\tif (tpj===undefined) { tpj = jQuery; if(\"off\" == \"on\") tpj.noConflict();}\r\n\tif(tpj(\"#rev_slider_135_1\").revolution == undefined){\n\t\trevslider_showDoubleJqueryError(\"#rev_slider_135_1\");\n\t}else{\n\t\trevapi135 = tpj(\"#rev_slider_135_1\").show().revolution({\n\t\t\tsliderType:\"hero\",\n\t\t\tjsFileLocation:\"\/\/www.ull.es\/portal\/cienciaull\/wp-content\/plugins\/revslider\/public\/assets\/js\/\",\n\t\t\tsliderLayout:\"auto\",\n\t\t\tdottedOverlay:\"none\",\n\t\t\tdelay:9000,\n\t\t\tvisibilityLevels:[1240,1024,778,480],\n\t\t\tgridwidth:1470,\n\t\t\tgridheight:600,\n\t\t\tlazyType:\"none\",\n\t\t\tshadow:0,\n\t\t\tspinner:\"spinner0\",\n\t\t\tautoHeight:\"off\",\n\t\t\tdisableProgressBar:\"on\",\n\t\t\thideThumbsOnMobile:\"off\",\n\t\t\thideSliderAtLimit:0,\n\t\t\thideCaptionAtLimit:0,\n\t\t\thideAllCaptionAtLilmit:0,\n\t\t\tdebugMode:false,\n\t\t\tfallbacks: {\n\t\t\t\tsimplifyAll:\"off\",\n\t\t\t\tdisableFocusListener:false,\n\t\t\t}\n\t\t});\n\t}; \/* END OF revapi call *\/\n\t\n }; \/* END OF ON LOAD FUNCTION *\/\r\n}()); \/* END OF WRAPPING FUNCTION *\/\r\n<\/script>\r\n\t\t<\/div><!-- END REVOLUTION SLIDER -->[vc_separator color=\u00bbpink\u00bb style=\u00bbdouble\u00bb border_width=\u00bb10&#8243;][\/vc_column][\/vc_row][vc_row][vc_column width=\u00bb1\/3&#8243;][vc_empty_space][vc_btn title=\u00bbProyecto\u00bb color=\u00bbblue\u00bb size=\u00bblg\u00bb align=\u00bbcenter\u00bb button_block=\u00bbtrue\u00bb link=\u00bburl:https%3A%2F%2Fwww.ull.es%2Fportal%2Fcienciaull%2Fpiensacomputacionaullmente%2Fproyecto\u00bb][vc_separator][vc_btn title=\u00bbMateriales\u00bb color=\u00bbprimary\u00bb size=\u00bblg\u00bb align=\u00bbcenter\u00bb button_block=\u00bbtrue\u00bb link=\u00bburl:https%3A%2F%2Fwww.ull.es%2Fportal%2Fcienciaull%2Fpiensacomputacionaullmente%2Fmateriales%2F|target:_blank\u00bb][\/vc_column][vc_column width=\u00bb1\/3&#8243;][vc_empty_space][vc_btn title=\u00bbCentros Escolares\u00bb color=\u00bbprimary\u00bb size=\u00bblg\u00bb align=\u00bbcenter\u00bb button_block=\u00bbtrue\u00bb link=\u00bburl:https%3A%2F%2Fwww.ull.es%2Fportal%2Fcienciaull%2Fpiensacomputacionaullmente%2Fcentros-escolares\u00bb][vc_separator][vc_btn title=\u00bbMultimedia\u00bb color=\u00bbturquoise\u00bb size=\u00bblg\u00bb align=\u00bbcenter\u00bb button_block=\u00bbtrue\u00bb link=\u00bburl:https%3A%2F%2Fwww.ull.es%2Fportal%2Fcienciaull%2Fpiensacomputacionaullmente%2Fmultimedia%2F|target:_blank\u00bb][\/vc_column][vc_column width=\u00bb1\/3&#8243;][vc_empty_space][vc_btn title=\u00bbInscripci\u00f3n\u00bb color=\u00bbturquoise\u00bb size=\u00bblg\u00bb align=\u00bbcenter\u00bb button_block=\u00bbtrue\u00bb link=\u00bburl:https%3A%2F%2Fwww.ull.es%2Fportal%2Fcienciaull%2Fpiensacomputacionaullmente%2Finscripcion|target:_blank\u00bb][vc_separator][vc_btn title=\u00bbPrograma Formativo\u00bb color=\u00bbblue\u00bb size=\u00bblg\u00bb align=\u00bbcenter\u00bb button_block=\u00bbtrue\u00bb link=\u00bburl:https%3A%2F%2Fwww.ull.es%2Fportal%2Fcienciaull%2Fpiensacomputacionaullmente%2Fprograma-formativo%2F|title:Programa%20Formativo|target:_blank\u00bb][\/vc_column][\/vc_row][vc_row][vc_column width=\u00bb2\/3&#8243;][vc_empty_space height=\u00bb10px\u00bb][vc_single_image source=\u00bbexternal_link\u00bb external_img_size=\u00bb250&#215;150&#8243; custom_src=\u00bbhttps:\/\/s6.gifyu.com\/images\/Presentacion-Pensamiento-Computacional-PNG.png\u00bb][vc_empty_space height=\u00bb10px\u00bb][vc_column_text]<\/p>\n<p style=\"text-align: justify\"><span style=\"font-weight: 400\">El Proyecto Educativo <strong><span style=\"color: #da4b4e\">Piensa ComputacionULLmente<\/span><\/strong> surge como un proyecto de investigaci\u00f3n en el que se tratan de analizar las posibles ventajas que tiene el Pensamiento Computacional.<\/span><\/p>\n<p style=\"text-align: justify\">La principal finalidad de este proyecto es apoyar a los escolares, sus familias y sus docentes en la integraci\u00f3n del Pensamiento Computacional en el aprendizaje formal e informal para lograr la educaci\u00f3n de una nueva generaci\u00f3n con una comprensi\u00f3n mucho m\u00e1s profunda de nuestro mundo.<\/p>\n<p style=\"text-align: justify\">Por tanto, el objetivo de este Proyecto es promover entre el alumnado de <span style=\"color: #da4b4e\"><strong>Primaria<\/strong>, <strong>Ense\u00f1anza Secundaria Obligatoria (ESO) y Formaci\u00f3n Profesional B\u00e1sica y Media,<\/strong><\/span> las <span style=\"color: #da4b4e\"><strong>Ciencias de la Computaci\u00f3n<\/strong>,<\/span> principalmente las competencias de Pensamiento Computacional, mediante un programa de actividades y herramientas que les doten de capacidades generales para la resoluci\u00f3n de problemas en cualquier \u00e1mbito (no s\u00f3lo espec\u00edfico sino de la vida cotidiana): capacidad para entender problemas, modelarlos y ofrecer soluciones a los mismos.<\/p>\n<p style=\"text-align: justify\"><span style=\"font-weight: 400\">El Proyecto Educativo <strong><span style=\"color: #da4b4e\">Piensa ComputacionULLmente<\/span><\/strong> es una iniciativa que surge desde el <a href=\"https:\/\/www.tenerife.es\/portalcabtfe\/es\/\" target=\"_blank\" rel=\"noopener\">Cabildo de Tenerife<\/a> y la <a href=\"https:\/\/www.ull.es\/\" target=\"_blank\" rel=\"noopener\">Universidad de La Laguna<\/a>, <\/span><span style=\"font-weight: 400\">a trav\u00e9s de la Unidad de Cultura Cient\u00edfica de la <\/span><span style=\"font-weight: 400\">Innovaci\u00f3n, Cienci@ULL.<\/span><\/p>\n<p>[\/vc_column_text][vc_empty_space][vc_single_image source=\u00bbexternal_link\u00bb external_img_size=\u00bb200&#215;200&#8243; alignment=\u00bbright\u00bb custom_src=\u00bbhttps:\/\/s6.gifyu.com\/images\/Piensa-Computacional-Monigote-Contento-Volteado-1000-x-1000-PNG.png\u00bb css=\u00bb.vc_custom_1636985444762{margin-top: -30px !important;margin-right: -30px !important;border-top-width: -30px !important;border-right-width: -30px !important;padding-top: -30px !important;padding-right: -30px !important;}\u00bb][\/vc_column][vc_column width=\u00bb1\/3&#8243;][vc_empty_space height=\u00bb120px\u00bb][vc_video link=\u00bbhttps:\/\/www.youtube.com\/watch?v=2OoJHtfCjF8&#8243;][vc_empty_space height=\u00bb40px\u00bb][vc_btn title=\u00bbGu\u00eda Did\u00e1ctica\u00bb color=\u00bbpink\u00bb size=\u00bblg\u00bb align=\u00bbcenter\u00bb button_block=\u00bbtrue\u00bb link=\u00bburl:https%3A%2F%2Fdrive.google.com%2Ffile%2Fd%2F1rRtys_lq5s-azDeotgbyUuyYxqwSksxm%2Fview%3Fusp%3Ddrive_link|title:Gu%C3%ADa%20Pensamiento%20Computacional|target:_blank\u00bb][vc_btn title=\u00bbPrograma CTC4T\u00bb color=\u00bbpeacoc\u00bb size=\u00bblg\u00bb align=\u00bbcenter\u00bb button_block=\u00bbtrue\u00bb link=\u00bburl:https%3A%2F%2Fwww.ull.es%2Fportal%2Fcienciaull%2Fpensamientocomputacionullmente-accion1-1%2F|target:_blank\u00bb][vc_empty_space][vc_single_image image=\u00bb36281&#8243; img_size=\u00bb296&#215;76&#8243; onclick=\u00bbcustom_link\u00bb img_link_target=\u00bb_blank\u00bb link=\u00bbhttps:\/\/www.tenerifejovenyeduca.com\u00bb][\/vc_column][\/vc_row]<\/p>\n","protected":false},"excerpt":{"rendered":"<p>[vc_row][vc_column][vc_separator color=\u00bbpink\u00bb style=\u00bbdouble\u00bb border_width=\u00bb10&#8243;][\/vc_column][\/vc_row][vc_row][vc_column width=\u00bb1\/3&#8243;][vc_empty_space][vc_btn title=\u00bbProyecto\u00bb color=\u00bbblue\u00bb size=\u00bblg\u00bb align=\u00bbcenter\u00bb button_block=\u00bbtrue\u00bb link=\u00bburl:https%3A%2F%2Fwww.ull.es%2Fportal%2Fcienciaull%2Fpiensacomputacionaullmente%2Fproyecto\u00bb][vc_separator][vc_btn title=\u00bbMateriales\u00bb color=\u00bbprimary\u00bb size=\u00bblg\u00bb align=\u00bbcenter\u00bb button_block=\u00bbtrue\u00bb link=\u00bburl:https%3A%2F%2Fwww.ull.es%2Fportal%2Fcienciaull%2Fpiensacomputacionaullmente%2Fmateriales%2F|target:_blank\u00bb][\/vc_column][vc_column width=\u00bb1\/3&#8243;][vc_empty_space][vc_btn title=\u00bbCentros Escolares\u00bb color=\u00bbprimary\u00bb size=\u00bblg\u00bb align=\u00bbcenter\u00bb button_block=\u00bbtrue\u00bb link=\u00bburl:https%3A%2F%2Fwww.ull.es%2Fportal%2Fcienciaull%2Fpiensacomputacionaullmente%2Fcentros-escolares\u00bb][vc_separator][vc_btn title=\u00bbMultimedia\u00bb color=\u00bbturquoise\u00bb size=\u00bblg\u00bb align=\u00bbcenter\u00bb button_block=\u00bbtrue\u00bb link=\u00bburl:https%3A%2F%2Fwww.ull.es%2Fportal%2Fcienciaull%2Fpiensacomputacionaullmente%2Fmultimedia%2F|target:_blank\u00bb][\/vc_column][vc_column width=\u00bb1\/3&#8243;][vc_empty_space][vc_btn title=\u00bbInscripci\u00f3n\u00bb color=\u00bbturquoise\u00bb size=\u00bblg\u00bb align=\u00bbcenter\u00bb button_block=\u00bbtrue\u00bb link=\u00bburl:https%3A%2F%2Fwww.ull.es%2Fportal%2Fcienciaull%2Fpiensacomputacionaullmente%2Finscripcion|target:_blank\u00bb][vc_separator][vc_btn title=\u00bbPrograma Formativo\u00bb color=\u00bbblue\u00bb size=\u00bblg\u00bb align=\u00bbcenter\u00bb button_block=\u00bbtrue\u00bb link=\u00bburl:https%3A%2F%2Fwww.ull.es%2Fportal%2Fcienciaull%2Fpiensacomputacionaullmente%2Fprograma-formativo%2F|title:Programa%20Formativo|target:_blank\u00bb][\/vc_column][\/vc_row][vc_row][vc_column width=\u00bb2\/3&#8243;][vc_empty_space height=\u00bb10px\u00bb][vc_single_image source=\u00bbexternal_link\u00bb external_img_size=\u00bb250&#215;150&#8243; custom_src=\u00bbhttps:\/\/s6.gifyu.com\/images\/Presentacion-Pensamiento-Computacional-PNG.png\u00bb][vc_empty_space height=\u00bb10px\u00bb][vc_column_text] El Proyecto Educativo Piensa&#8230;<\/p>\n","protected":false},"author":56,"featured_media":0,"parent":0,"menu_order":0,"comment_status":"closed","ping_status":"closed","template":"templates\/cienciaull.php","meta":{"inline_featured_image":false,"footnotes":""},"acf":[],"yoast_head":"<!-- This site is optimized with the Yoast SEO plugin v21.3 - https:\/\/yoast.com\/wordpress\/plugins\/seo\/ -->\n<title>PiensacomputacionULLmente -<\/title>\n<meta name=\"robots\" content=\"index, follow, max-snippet:-1, max-image-preview:large, max-video-preview:-1\" \/>\n<link rel=\"canonical\" href=\"https:\/\/www.ull.es\/portal\/cienciaull\/piensacomputacionaullmente\/\" \/>\n<meta property=\"og:locale\" content=\"es_ES\" \/>\n<meta property=\"og:type\" content=\"article\" \/>\n<meta property=\"og:title\" content=\"PiensacomputacionULLmente -\" \/>\n<meta property=\"og:description\" content=\"[vc_row][vc_column][vc_separator color=\u00bbpink\u00bb style=\u00bbdouble\u00bb border_width=\u00bb10&#8243;][\/vc_column][\/vc_row][vc_row][vc_column width=\u00bb1\/3&#8243;][vc_empty_space][vc_btn title=\u00bbProyecto\u00bb color=\u00bbblue\u00bb size=\u00bblg\u00bb align=\u00bbcenter\u00bb button_block=\u00bbtrue\u00bb link=\u00bburl:https%3A%2F%2Fwww.ull.es%2Fportal%2Fcienciaull%2Fpiensacomputacionaullmente%2Fproyecto\u00bb][vc_separator][vc_btn title=\u00bbMateriales\u00bb color=\u00bbprimary\u00bb size=\u00bblg\u00bb align=\u00bbcenter\u00bb button_block=\u00bbtrue\u00bb link=\u00bburl:https%3A%2F%2Fwww.ull.es%2Fportal%2Fcienciaull%2Fpiensacomputacionaullmente%2Fmateriales%2F|target:_blank\u00bb][\/vc_column][vc_column width=\u00bb1\/3&#8243;][vc_empty_space][vc_btn title=\u00bbCentros Escolares\u00bb color=\u00bbprimary\u00bb size=\u00bblg\u00bb align=\u00bbcenter\u00bb button_block=\u00bbtrue\u00bb link=\u00bburl:https%3A%2F%2Fwww.ull.es%2Fportal%2Fcienciaull%2Fpiensacomputacionaullmente%2Fcentros-escolares\u00bb][vc_separator][vc_btn title=\u00bbMultimedia\u00bb color=\u00bbturquoise\u00bb size=\u00bblg\u00bb align=\u00bbcenter\u00bb button_block=\u00bbtrue\u00bb link=\u00bburl:https%3A%2F%2Fwww.ull.es%2Fportal%2Fcienciaull%2Fpiensacomputacionaullmente%2Fmultimedia%2F|target:_blank\u00bb][\/vc_column][vc_column width=\u00bb1\/3&#8243;][vc_empty_space][vc_btn title=\u00bbInscripci\u00f3n\u00bb color=\u00bbturquoise\u00bb size=\u00bblg\u00bb align=\u00bbcenter\u00bb button_block=\u00bbtrue\u00bb link=\u00bburl:https%3A%2F%2Fwww.ull.es%2Fportal%2Fcienciaull%2Fpiensacomputacionaullmente%2Finscripcion|target:_blank\u00bb][vc_separator][vc_btn title=\u00bbPrograma Formativo\u00bb color=\u00bbblue\u00bb size=\u00bblg\u00bb align=\u00bbcenter\u00bb button_block=\u00bbtrue\u00bb link=\u00bburl:https%3A%2F%2Fwww.ull.es%2Fportal%2Fcienciaull%2Fpiensacomputacionaullmente%2Fprograma-formativo%2F|title:Programa%20Formativo|target:_blank\u00bb][\/vc_column][\/vc_row][vc_row][vc_column width=\u00bb2\/3&#8243;][vc_empty_space height=\u00bb10px\u00bb][vc_single_image source=\u00bbexternal_link\u00bb external_img_size=\u00bb250&#215;150&#8243; custom_src=\u00bbhttps:\/\/s6.gifyu.com\/images\/Presentacion-Pensamiento-Computacional-PNG.png\u00bb][vc_empty_space height=\u00bb10px\u00bb][vc_column_text] El Proyecto Educativo Piensa...\" \/>\n<meta property=\"og:url\" content=\"https:\/\/www.ull.es\/portal\/cienciaull\/piensacomputacionaullmente\/\" \/>\n<meta property=\"article:publisher\" content=\"https:\/\/www.facebook.com\/CienciaULL\/\" \/>\n<meta property=\"article:modified_time\" content=\"2025-12-04T13:02:41+00:00\" \/>\n<meta name=\"twitter:card\" content=\"summary_large_image\" \/>\n<meta name=\"twitter:site\" content=\"@CienciaULL\" \/>\n<meta name=\"twitter:label1\" content=\"Tiempo de lectura\" \/>\n\t<meta name=\"twitter:data1\" content=\"2 minutos\" \/>\n<script type=\"application\/ld+json\" class=\"yoast-schema-graph\">{\"@context\":\"https:\/\/schema.org\",\"@graph\":[{\"@type\":\"WebPage\",\"@id\":\"https:\/\/www.ull.es\/portal\/cienciaull\/piensacomputacionaullmente\/\",\"url\":\"https:\/\/www.ull.es\/portal\/cienciaull\/piensacomputacionaullmente\/\",\"name\":\"PiensacomputacionULLmente -\",\"isPartOf\":{\"@id\":\"https:\/\/www.ull.es\/portal\/cienciaull\/#website\"},\"datePublished\":\"2020-04-25T19:48:54+00:00\",\"dateModified\":\"2025-12-04T13:02:41+00:00\",\"breadcrumb\":{\"@id\":\"https:\/\/www.ull.es\/portal\/cienciaull\/piensacomputacionaullmente\/#breadcrumb\"},\"inLanguage\":\"es\",\"potentialAction\":[{\"@type\":\"ReadAction\",\"target\":[\"https:\/\/www.ull.es\/portal\/cienciaull\/piensacomputacionaullmente\/\"]}]},{\"@type\":\"BreadcrumbList\",\"@id\":\"https:\/\/www.ull.es\/portal\/cienciaull\/piensacomputacionaullmente\/#breadcrumb\",\"itemListElement\":[{\"@type\":\"ListItem\",\"position\":1,\"name\":\"Portada\",\"item\":\"https:\/\/www.ull.es\/portal\/cienciaull\/\"},{\"@type\":\"ListItem\",\"position\":2,\"name\":\"PiensacomputacionULLmente\"}]},{\"@type\":\"WebSite\",\"@id\":\"https:\/\/www.ull.es\/portal\/cienciaull\/#website\",\"url\":\"https:\/\/www.ull.es\/portal\/cienciaull\/\",\"name\":\"\",\"description\":\"Unidad de Cultura Cient\u00edfica y de la Innovaci\u00f3n de la Universidad de La Laguna\",\"potentialAction\":[{\"@type\":\"SearchAction\",\"target\":{\"@type\":\"EntryPoint\",\"urlTemplate\":\"https:\/\/www.ull.es\/portal\/cienciaull\/?s={search_term_string}\"},\"query-input\":\"required name=search_term_string\"}],\"inLanguage\":\"es\"}]}<\/script>\n<!-- \/ Yoast SEO plugin. -->","yoast_head_json":{"title":"PiensacomputacionULLmente -","robots":{"index":"index","follow":"follow","max-snippet":"max-snippet:-1","max-image-preview":"max-image-preview:large","max-video-preview":"max-video-preview:-1"},"canonical":"https:\/\/www.ull.es\/portal\/cienciaull\/piensacomputacionaullmente\/","og_locale":"es_ES","og_type":"article","og_title":"PiensacomputacionULLmente -","og_description":"[vc_row][vc_column][vc_separator color=\u00bbpink\u00bb style=\u00bbdouble\u00bb border_width=\u00bb10&#8243;][\/vc_column][\/vc_row][vc_row][vc_column width=\u00bb1\/3&#8243;][vc_empty_space][vc_btn title=\u00bbProyecto\u00bb color=\u00bbblue\u00bb size=\u00bblg\u00bb align=\u00bbcenter\u00bb button_block=\u00bbtrue\u00bb link=\u00bburl:https%3A%2F%2Fwww.ull.es%2Fportal%2Fcienciaull%2Fpiensacomputacionaullmente%2Fproyecto\u00bb][vc_separator][vc_btn title=\u00bbMateriales\u00bb color=\u00bbprimary\u00bb size=\u00bblg\u00bb align=\u00bbcenter\u00bb button_block=\u00bbtrue\u00bb link=\u00bburl:https%3A%2F%2Fwww.ull.es%2Fportal%2Fcienciaull%2Fpiensacomputacionaullmente%2Fmateriales%2F|target:_blank\u00bb][\/vc_column][vc_column width=\u00bb1\/3&#8243;][vc_empty_space][vc_btn title=\u00bbCentros Escolares\u00bb color=\u00bbprimary\u00bb size=\u00bblg\u00bb align=\u00bbcenter\u00bb button_block=\u00bbtrue\u00bb link=\u00bburl:https%3A%2F%2Fwww.ull.es%2Fportal%2Fcienciaull%2Fpiensacomputacionaullmente%2Fcentros-escolares\u00bb][vc_separator][vc_btn title=\u00bbMultimedia\u00bb color=\u00bbturquoise\u00bb size=\u00bblg\u00bb align=\u00bbcenter\u00bb button_block=\u00bbtrue\u00bb link=\u00bburl:https%3A%2F%2Fwww.ull.es%2Fportal%2Fcienciaull%2Fpiensacomputacionaullmente%2Fmultimedia%2F|target:_blank\u00bb][\/vc_column][vc_column width=\u00bb1\/3&#8243;][vc_empty_space][vc_btn title=\u00bbInscripci\u00f3n\u00bb color=\u00bbturquoise\u00bb size=\u00bblg\u00bb align=\u00bbcenter\u00bb button_block=\u00bbtrue\u00bb link=\u00bburl:https%3A%2F%2Fwww.ull.es%2Fportal%2Fcienciaull%2Fpiensacomputacionaullmente%2Finscripcion|target:_blank\u00bb][vc_separator][vc_btn title=\u00bbPrograma Formativo\u00bb color=\u00bbblue\u00bb size=\u00bblg\u00bb align=\u00bbcenter\u00bb button_block=\u00bbtrue\u00bb link=\u00bburl:https%3A%2F%2Fwww.ull.es%2Fportal%2Fcienciaull%2Fpiensacomputacionaullmente%2Fprograma-formativo%2F|title:Programa%20Formativo|target:_blank\u00bb][\/vc_column][\/vc_row][vc_row][vc_column width=\u00bb2\/3&#8243;][vc_empty_space height=\u00bb10px\u00bb][vc_single_image source=\u00bbexternal_link\u00bb external_img_size=\u00bb250&#215;150&#8243; custom_src=\u00bbhttps:\/\/s6.gifyu.com\/images\/Presentacion-Pensamiento-Computacional-PNG.png\u00bb][vc_empty_space height=\u00bb10px\u00bb][vc_column_text] El Proyecto Educativo Piensa...","og_url":"https:\/\/www.ull.es\/portal\/cienciaull\/piensacomputacionaullmente\/","article_publisher":"https:\/\/www.facebook.com\/CienciaULL\/","article_modified_time":"2025-12-04T13:02:41+00:00","twitter_card":"summary_large_image","twitter_site":"@CienciaULL","twitter_misc":{"Tiempo de lectura":"2 minutos"},"schema":{"@context":"https:\/\/schema.org","@graph":[{"@type":"WebPage","@id":"https:\/\/www.ull.es\/portal\/cienciaull\/piensacomputacionaullmente\/","url":"https:\/\/www.ull.es\/portal\/cienciaull\/piensacomputacionaullmente\/","name":"PiensacomputacionULLmente -","isPartOf":{"@id":"https:\/\/www.ull.es\/portal\/cienciaull\/#website"},"datePublished":"2020-04-25T19:48:54+00:00","dateModified":"2025-12-04T13:02:41+00:00","breadcrumb":{"@id":"https:\/\/www.ull.es\/portal\/cienciaull\/piensacomputacionaullmente\/#breadcrumb"},"inLanguage":"es","potentialAction":[{"@type":"ReadAction","target":["https:\/\/www.ull.es\/portal\/cienciaull\/piensacomputacionaullmente\/"]}]},{"@type":"BreadcrumbList","@id":"https:\/\/www.ull.es\/portal\/cienciaull\/piensacomputacionaullmente\/#breadcrumb","itemListElement":[{"@type":"ListItem","position":1,"name":"Portada","item":"https:\/\/www.ull.es\/portal\/cienciaull\/"},{"@type":"ListItem","position":2,"name":"PiensacomputacionULLmente"}]},{"@type":"WebSite","@id":"https:\/\/www.ull.es\/portal\/cienciaull\/#website","url":"https:\/\/www.ull.es\/portal\/cienciaull\/","name":"","description":"Unidad de Cultura Cient\u00edfica y de la Innovaci\u00f3n de la Universidad de La Laguna","potentialAction":[{"@type":"SearchAction","target":{"@type":"EntryPoint","urlTemplate":"https:\/\/www.ull.es\/portal\/cienciaull\/?s={search_term_string}"},"query-input":"required name=search_term_string"}],"inLanguage":"es"}]}},"_links":{"self":[{"href":"https:\/\/www.ull.es\/portal\/cienciaull\/wp-json\/wp\/v2\/pages\/4761"}],"collection":[{"href":"https:\/\/www.ull.es\/portal\/cienciaull\/wp-json\/wp\/v2\/pages"}],"about":[{"href":"https:\/\/www.ull.es\/portal\/cienciaull\/wp-json\/wp\/v2\/types\/page"}],"author":[{"embeddable":true,"href":"https:\/\/www.ull.es\/portal\/cienciaull\/wp-json\/wp\/v2\/users\/56"}],"replies":[{"embeddable":true,"href":"https:\/\/www.ull.es\/portal\/cienciaull\/wp-json\/wp\/v2\/comments?post=4761"}],"version-history":[{"count":64,"href":"https:\/\/www.ull.es\/portal\/cienciaull\/wp-json\/wp\/v2\/pages\/4761\/revisions"}],"predecessor-version":[{"id":36289,"href":"https:\/\/www.ull.es\/portal\/cienciaull\/wp-json\/wp\/v2\/pages\/4761\/revisions\/36289"}],"wp:attachment":[{"href":"https:\/\/www.ull.es\/portal\/cienciaull\/wp-json\/wp\/v2\/media?parent=4761"}],"curies":[{"name":"wp","href":"https:\/\/api.w.org\/{rel}","templated":true}]}}