{"id":4807,"date":"2020-04-25T22:48:51","date_gmt":"2020-04-25T22:48:51","guid":{"rendered":"https:\/\/www.ull.es\/portal\/cienciaull\/?page_id=4807"},"modified":"2020-05-07T17:37:31","modified_gmt":"2020-05-07T17:37:31","slug":"medio","status":"publish","type":"page","link":"https:\/\/www.ull.es\/portal\/cienciaull\/50-aniversario-math-ull\/medio\/","title":{"rendered":"Media"},"content":{"rendered":"<p>[vc_row][vc_column][vc_custom_heading text=\u00bbMultimedia\u00bb google_fonts=\u00bbfont_family:Roboto%20Slab%3A100%2C300%2Cregular%2C700|font_style:700%20bold%20regular%3A700%3Anormal\u00bb][\/vc_column][\/vc_row][vc_row][vc_column width=\u00bb1\/2&#8243;][vc_single_image image=\u00bb5955&#8243; alignment=\u00bbcenter\u00bb][vc_tta_accordion color=\u00bbwhite\u00bb c_align=\u00bbcenter\u00bb active_section=\u00bb\u00bb collapsible_all=\u00bbtrue\u00bb][vc_tta_section tab_id=\u00bb1588836658209-415f3e4f-c5f8&#8243; title=\u00bbCiclo de Conferencia\u00bb][vc_single_image image=\u00bb5961&#8243; alignment=\u00bbcenter\u00bb onclick=\u00bbcustom_link\u00bb img_link_target=\u00bb_blank\u00bb link=\u00bbhttps:\/\/drive.google.com\/drive\/folders\/1SVNHBs_pxv8TAmJjhF3FdOzCWJ5OTYt-?usp=sharing\u00bb][\/vc_tta_section][\/vc_tta_accordion][\/vc_column][vc_column width=\u00bb1\/2&#8243;][vc_single_image image=\u00bb5956&#8243; alignment=\u00bbcenter\u00bb][vc_tta_accordion color=\u00bbwhite\u00bb c_align=\u00bbcenter\u00bb active_section=\u00bb\u00bb collapsible_all=\u00bbtrue\u00bb][vc_tta_section title=\u00bbCiclo de Conferencia\u00bb tab_id=\u00bb1588840343931-1cf5dc9f-4d76&#8243;][vc_row_inner][vc_column_inner][vc_video link=\u00bbhttps:\/\/youtu.be\/Mzax_9M8aYc\u00bb align=\u00bbcenter\u00bb][vc_video link=\u00bbhttps:\/\/youtu.be\/qdGv3jDa-_8&#8243; align=\u00bbcenter\u00bb][vc_video link=\u00bbhttps:\/\/youtu.be\/EzsrtOhp4CQ\u00bb align=\u00bbcenter\u00bb][vc_video link=\u00bbhttps:\/\/youtu.be\/A6TxhOvwUQ0&#8243; align=\u00bbcenter\u00bb][vc_video link=\u00bbhttps:\/\/youtu.be\/yib9uZgvN5E\u00bb align=\u00bbcenter\u00bb][vc_video link=\u00bbhttps:\/\/youtu.be\/AdrsDownAOU\u00bb align=\u00bbcenter\u00bb][vc_video link=\u00bbhttps:\/\/youtu.be\/Q0a9cq5233s\u00bb][vc_video link=\u00bbhttps:\/\/youtu.be\/LSdh_LWn2Vk\u00bb align=\u00bbcenter\u00bb][vc_video link=\u00bbhttps:\/\/youtu.be\/Fr-BUuOALEI\u00bb align=\u00bbcenter\u00bb][vc_video link=\u00bbhttps:\/\/youtu.be\/IuRkhS83qvk\u00bb align=\u00bbcenter\u00bb][\/vc_column_inner][\/vc_row_inner][\/vc_tta_section][vc_tta_section title=\u00bbJornada de Matem\u00e1ticas M\u00e1gica para tod@s\u00bb tab_id=\u00bb1588840100592-39f837ef-f6b1&#8243;][vc_video link=\u00bbhttps:\/\/youtu.be\/SY3RVJ_X1C0&#8243; align=\u00bbcenter\u00bb][\/vc_tta_section][vc_tta_section title=\u00bbTaller de recursos did\u00e1cticos para la ense\u00f1anza de las matem\u00e1ticas\u00bb tab_id=\u00bb1588840100569-ebd4b5f8-750e\u00bb][vc_video link=\u00bbhttps:\/\/youtu.be\/UaGQYNrP2bk\u00bb][\/vc_tta_section][\/vc_tta_accordion][\/vc_column][\/vc_row]<\/p>\n","protected":false},"excerpt":{"rendered":"<p>[vc_row][vc_column][vc_custom_heading text=\u00bbMultimedia\u00bb google_fonts=\u00bbfont_family:Roboto%20Slab%3A100%2C300%2Cregular%2C700|font_style:700%20bold%20regular%3A700%3Anormal\u00bb][\/vc_column][\/vc_row][vc_row][vc_column width=\u00bb1\/2&#8243;][vc_single_image image=\u00bb5955&#8243; alignment=\u00bbcenter\u00bb][vc_tta_accordion color=\u00bbwhite\u00bb c_align=\u00bbcenter\u00bb active_section=\u00bb\u00bb collapsible_all=\u00bbtrue\u00bb][vc_tta_section tab_id=\u00bb1588836658209-415f3e4f-c5f8&#8243; title=\u00bbCiclo de Conferencia\u00bb][vc_single_image image=\u00bb5961&#8243; alignment=\u00bbcenter\u00bb onclick=\u00bbcustom_link\u00bb img_link_target=\u00bb_blank\u00bb link=\u00bbhttps:\/\/drive.google.com\/drive\/folders\/1SVNHBs_pxv8TAmJjhF3FdOzCWJ5OTYt-?usp=sharing\u00bb][\/vc_tta_section][\/vc_tta_accordion][\/vc_column][vc_column width=\u00bb1\/2&#8243;][vc_single_image image=\u00bb5956&#8243; alignment=\u00bbcenter\u00bb][vc_tta_accordion color=\u00bbwhite\u00bb c_align=\u00bbcenter\u00bb active_section=\u00bb\u00bb collapsible_all=\u00bbtrue\u00bb][vc_tta_section title=\u00bbCiclo de Conferencia\u00bb tab_id=\u00bb1588840343931-1cf5dc9f-4d76&#8243;][vc_row_inner][vc_column_inner][vc_video link=\u00bbhttps:\/\/youtu.be\/Mzax_9M8aYc\u00bb align=\u00bbcenter\u00bb][vc_video link=\u00bbhttps:\/\/youtu.be\/qdGv3jDa-_8&#8243; align=\u00bbcenter\u00bb][vc_video link=\u00bbhttps:\/\/youtu.be\/EzsrtOhp4CQ\u00bb align=\u00bbcenter\u00bb][vc_video link=\u00bbhttps:\/\/youtu.be\/A6TxhOvwUQ0&#8243; align=\u00bbcenter\u00bb][vc_video link=\u00bbhttps:\/\/youtu.be\/yib9uZgvN5E\u00bb align=\u00bbcenter\u00bb][vc_video link=\u00bbhttps:\/\/youtu.be\/AdrsDownAOU\u00bb align=\u00bbcenter\u00bb][vc_video link=\u00bbhttps:\/\/youtu.be\/Q0a9cq5233s\u00bb][vc_video link=\u00bbhttps:\/\/youtu.be\/LSdh_LWn2Vk\u00bb align=\u00bbcenter\u00bb][vc_video link=\u00bbhttps:\/\/youtu.be\/Fr-BUuOALEI\u00bb align=\u00bbcenter\u00bb][vc_video link=\u00bbhttps:\/\/youtu.be\/IuRkhS83qvk\u00bb align=\u00bbcenter\u00bb][\/vc_column_inner][\/vc_row_inner][\/vc_tta_section][vc_tta_section title=\u00bbJornada de Matem\u00e1ticas M\u00e1gica para tod@s\u00bb&#8230;<\/p>\n","protected":false},"author":56,"featured_media":0,"parent":2443,"menu_order":2,"comment_status":"closed","ping_status":"closed","template":"","meta":{"inline_featured_image":false,"footnotes":""},"acf":[],"yoast_head":"<!-- This site is optimized with the Yoast SEO plugin v21.3 - https:\/\/yoast.com\/wordpress\/plugins\/seo\/ -->\n<title>Media -<\/title>\n<meta name=\"robots\" content=\"index, follow, max-snippet:-1, max-image-preview:large, max-video-preview:-1\" \/>\n<link rel=\"canonical\" href=\"https:\/\/www.ull.es\/portal\/cienciaull\/50-aniversario-math-ull\/medio\/\" \/>\n<meta property=\"og:locale\" content=\"es_ES\" \/>\n<meta property=\"og:type\" content=\"article\" \/>\n<meta property=\"og:title\" content=\"Media -\" \/>\n<meta property=\"og:description\" content=\"[vc_row][vc_column][vc_custom_heading text=\u00bbMultimedia\u00bb google_fonts=\u00bbfont_family:Roboto%20Slab%3A100%2C300%2Cregular%2C700|font_style:700%20bold%20regular%3A700%3Anormal\u00bb][\/vc_column][\/vc_row][vc_row][vc_column width=\u00bb1\/2&#8243;][vc_single_image image=\u00bb5955&#8243; alignment=\u00bbcenter\u00bb][vc_tta_accordion color=\u00bbwhite\u00bb c_align=\u00bbcenter\u00bb active_section=\u00bb\u00bb collapsible_all=\u00bbtrue\u00bb][vc_tta_section tab_id=\u00bb1588836658209-415f3e4f-c5f8&#8243; title=\u00bbCiclo de Conferencia\u00bb][vc_single_image image=\u00bb5961&#8243; alignment=\u00bbcenter\u00bb onclick=\u00bbcustom_link\u00bb img_link_target=\u00bb_blank\u00bb link=\u00bbhttps:\/\/drive.google.com\/drive\/folders\/1SVNHBs_pxv8TAmJjhF3FdOzCWJ5OTYt-?usp=sharing\u00bb][\/vc_tta_section][\/vc_tta_accordion][\/vc_column][vc_column width=\u00bb1\/2&#8243;][vc_single_image image=\u00bb5956&#8243; alignment=\u00bbcenter\u00bb][vc_tta_accordion color=\u00bbwhite\u00bb c_align=\u00bbcenter\u00bb active_section=\u00bb\u00bb collapsible_all=\u00bbtrue\u00bb][vc_tta_section title=\u00bbCiclo de Conferencia\u00bb tab_id=\u00bb1588840343931-1cf5dc9f-4d76&#8243;][vc_row_inner][vc_column_inner][vc_video link=\u00bbhttps:\/\/youtu.be\/Mzax_9M8aYc\u00bb align=\u00bbcenter\u00bb][vc_video link=\u00bbhttps:\/\/youtu.be\/qdGv3jDa-_8&#8243; align=\u00bbcenter\u00bb][vc_video link=\u00bbhttps:\/\/youtu.be\/EzsrtOhp4CQ\u00bb align=\u00bbcenter\u00bb][vc_video link=\u00bbhttps:\/\/youtu.be\/A6TxhOvwUQ0&#8243; align=\u00bbcenter\u00bb][vc_video link=\u00bbhttps:\/\/youtu.be\/yib9uZgvN5E\u00bb align=\u00bbcenter\u00bb][vc_video link=\u00bbhttps:\/\/youtu.be\/AdrsDownAOU\u00bb align=\u00bbcenter\u00bb][vc_video link=\u00bbhttps:\/\/youtu.be\/Q0a9cq5233s\u00bb][vc_video link=\u00bbhttps:\/\/youtu.be\/LSdh_LWn2Vk\u00bb align=\u00bbcenter\u00bb][vc_video link=\u00bbhttps:\/\/youtu.be\/Fr-BUuOALEI\u00bb align=\u00bbcenter\u00bb][vc_video link=\u00bbhttps:\/\/youtu.be\/IuRkhS83qvk\u00bb align=\u00bbcenter\u00bb][\/vc_column_inner][\/vc_row_inner][\/vc_tta_section][vc_tta_section title=\u00bbJornada de Matem\u00e1ticas M\u00e1gica para tod@s\u00bb...\" \/>\n<meta property=\"og:url\" content=\"https:\/\/www.ull.es\/portal\/cienciaull\/50-aniversario-math-ull\/medio\/\" \/>\n<meta property=\"article:publisher\" content=\"https:\/\/www.facebook.com\/CienciaULL\/\" \/>\n<meta property=\"article:modified_time\" content=\"2020-05-07T17:37:31+00:00\" \/>\n<meta name=\"twitter:card\" content=\"summary_large_image\" \/>\n<meta name=\"twitter:site\" content=\"@CienciaULL\" \/>\n<meta name=\"twitter:label1\" content=\"Tiempo de lectura\" \/>\n\t<meta name=\"twitter:data1\" content=\"1 minuto\" \/>\n<script type=\"application\/ld+json\" class=\"yoast-schema-graph\">{\"@context\":\"https:\/\/schema.org\",\"@graph\":[{\"@type\":\"WebPage\",\"@id\":\"https:\/\/www.ull.es\/portal\/cienciaull\/50-aniversario-math-ull\/medio\/\",\"url\":\"https:\/\/www.ull.es\/portal\/cienciaull\/50-aniversario-math-ull\/medio\/\",\"name\":\"Media -\",\"isPartOf\":{\"@id\":\"https:\/\/www.ull.es\/portal\/cienciaull\/#website\"},\"datePublished\":\"2020-04-25T22:48:51+00:00\",\"dateModified\":\"2020-05-07T17:37:31+00:00\",\"breadcrumb\":{\"@id\":\"https:\/\/www.ull.es\/portal\/cienciaull\/50-aniversario-math-ull\/medio\/#breadcrumb\"},\"inLanguage\":\"es\",\"potentialAction\":[{\"@type\":\"ReadAction\",\"target\":[\"https:\/\/www.ull.es\/portal\/cienciaull\/50-aniversario-math-ull\/medio\/\"]}]},{\"@type\":\"BreadcrumbList\",\"@id\":\"https:\/\/www.ull.es\/portal\/cienciaull\/50-aniversario-math-ull\/medio\/#breadcrumb\",\"itemListElement\":[{\"@type\":\"ListItem\",\"position\":1,\"name\":\"Portada\",\"item\":\"https:\/\/www.ull.es\/portal\/cienciaull\/\"},{\"@type\":\"ListItem\",\"position\":2,\"name\":\"50 Aniversario Math ULL\",\"item\":\"https:\/\/www.ull.es\/portal\/cienciaull\/50-aniversario-math-ull\/\"},{\"@type\":\"ListItem\",\"position\":3,\"name\":\"Media\"}]},{\"@type\":\"WebSite\",\"@id\":\"https:\/\/www.ull.es\/portal\/cienciaull\/#website\",\"url\":\"https:\/\/www.ull.es\/portal\/cienciaull\/\",\"name\":\"\",\"description\":\"Unidad de Cultura Cient\u00edfica y de la Innovaci\u00f3n de la Universidad de La Laguna\",\"potentialAction\":[{\"@type\":\"SearchAction\",\"target\":{\"@type\":\"EntryPoint\",\"urlTemplate\":\"https:\/\/www.ull.es\/portal\/cienciaull\/?s={search_term_string}\"},\"query-input\":\"required name=search_term_string\"}],\"inLanguage\":\"es\"}]}<\/script>\n<!-- \/ Yoast SEO plugin. -->","yoast_head_json":{"title":"Media -","robots":{"index":"index","follow":"follow","max-snippet":"max-snippet:-1","max-image-preview":"max-image-preview:large","max-video-preview":"max-video-preview:-1"},"canonical":"https:\/\/www.ull.es\/portal\/cienciaull\/50-aniversario-math-ull\/medio\/","og_locale":"es_ES","og_type":"article","og_title":"Media -","og_description":"[vc_row][vc_column][vc_custom_heading text=\u00bbMultimedia\u00bb google_fonts=\u00bbfont_family:Roboto%20Slab%3A100%2C300%2Cregular%2C700|font_style:700%20bold%20regular%3A700%3Anormal\u00bb][\/vc_column][\/vc_row][vc_row][vc_column width=\u00bb1\/2&#8243;][vc_single_image image=\u00bb5955&#8243; alignment=\u00bbcenter\u00bb][vc_tta_accordion color=\u00bbwhite\u00bb c_align=\u00bbcenter\u00bb active_section=\u00bb\u00bb collapsible_all=\u00bbtrue\u00bb][vc_tta_section tab_id=\u00bb1588836658209-415f3e4f-c5f8&#8243; title=\u00bbCiclo de Conferencia\u00bb][vc_single_image image=\u00bb5961&#8243; alignment=\u00bbcenter\u00bb onclick=\u00bbcustom_link\u00bb img_link_target=\u00bb_blank\u00bb link=\u00bbhttps:\/\/drive.google.com\/drive\/folders\/1SVNHBs_pxv8TAmJjhF3FdOzCWJ5OTYt-?usp=sharing\u00bb][\/vc_tta_section][\/vc_tta_accordion][\/vc_column][vc_column width=\u00bb1\/2&#8243;][vc_single_image image=\u00bb5956&#8243; alignment=\u00bbcenter\u00bb][vc_tta_accordion color=\u00bbwhite\u00bb c_align=\u00bbcenter\u00bb active_section=\u00bb\u00bb collapsible_all=\u00bbtrue\u00bb][vc_tta_section title=\u00bbCiclo de Conferencia\u00bb tab_id=\u00bb1588840343931-1cf5dc9f-4d76&#8243;][vc_row_inner][vc_column_inner][vc_video link=\u00bbhttps:\/\/youtu.be\/Mzax_9M8aYc\u00bb align=\u00bbcenter\u00bb][vc_video link=\u00bbhttps:\/\/youtu.be\/qdGv3jDa-_8&#8243; align=\u00bbcenter\u00bb][vc_video link=\u00bbhttps:\/\/youtu.be\/EzsrtOhp4CQ\u00bb align=\u00bbcenter\u00bb][vc_video link=\u00bbhttps:\/\/youtu.be\/A6TxhOvwUQ0&#8243; align=\u00bbcenter\u00bb][vc_video link=\u00bbhttps:\/\/youtu.be\/yib9uZgvN5E\u00bb align=\u00bbcenter\u00bb][vc_video link=\u00bbhttps:\/\/youtu.be\/AdrsDownAOU\u00bb align=\u00bbcenter\u00bb][vc_video link=\u00bbhttps:\/\/youtu.be\/Q0a9cq5233s\u00bb][vc_video link=\u00bbhttps:\/\/youtu.be\/LSdh_LWn2Vk\u00bb align=\u00bbcenter\u00bb][vc_video link=\u00bbhttps:\/\/youtu.be\/Fr-BUuOALEI\u00bb align=\u00bbcenter\u00bb][vc_video link=\u00bbhttps:\/\/youtu.be\/IuRkhS83qvk\u00bb align=\u00bbcenter\u00bb][\/vc_column_inner][\/vc_row_inner][\/vc_tta_section][vc_tta_section title=\u00bbJornada de Matem\u00e1ticas M\u00e1gica para tod@s\u00bb...","og_url":"https:\/\/www.ull.es\/portal\/cienciaull\/50-aniversario-math-ull\/medio\/","article_publisher":"https:\/\/www.facebook.com\/CienciaULL\/","article_modified_time":"2020-05-07T17:37:31+00:00","twitter_card":"summary_large_image","twitter_site":"@CienciaULL","twitter_misc":{"Tiempo de lectura":"1 minuto"},"schema":{"@context":"https:\/\/schema.org","@graph":[{"@type":"WebPage","@id":"https:\/\/www.ull.es\/portal\/cienciaull\/50-aniversario-math-ull\/medio\/","url":"https:\/\/www.ull.es\/portal\/cienciaull\/50-aniversario-math-ull\/medio\/","name":"Media -","isPartOf":{"@id":"https:\/\/www.ull.es\/portal\/cienciaull\/#website"},"datePublished":"2020-04-25T22:48:51+00:00","dateModified":"2020-05-07T17:37:31+00:00","breadcrumb":{"@id":"https:\/\/www.ull.es\/portal\/cienciaull\/50-aniversario-math-ull\/medio\/#breadcrumb"},"inLanguage":"es","potentialAction":[{"@type":"ReadAction","target":["https:\/\/www.ull.es\/portal\/cienciaull\/50-aniversario-math-ull\/medio\/"]}]},{"@type":"BreadcrumbList","@id":"https:\/\/www.ull.es\/portal\/cienciaull\/50-aniversario-math-ull\/medio\/#breadcrumb","itemListElement":[{"@type":"ListItem","position":1,"name":"Portada","item":"https:\/\/www.ull.es\/portal\/cienciaull\/"},{"@type":"ListItem","position":2,"name":"50 Aniversario Math ULL","item":"https:\/\/www.ull.es\/portal\/cienciaull\/50-aniversario-math-ull\/"},{"@type":"ListItem","position":3,"name":"Media"}]},{"@type":"WebSite","@id":"https:\/\/www.ull.es\/portal\/cienciaull\/#website","url":"https:\/\/www.ull.es\/portal\/cienciaull\/","name":"","description":"Unidad de Cultura Cient\u00edfica y de la Innovaci\u00f3n de la Universidad de La Laguna","potentialAction":[{"@type":"SearchAction","target":{"@type":"EntryPoint","urlTemplate":"https:\/\/www.ull.es\/portal\/cienciaull\/?s={search_term_string}"},"query-input":"required name=search_term_string"}],"inLanguage":"es"}]}},"_links":{"self":[{"href":"https:\/\/www.ull.es\/portal\/cienciaull\/wp-json\/wp\/v2\/pages\/4807"}],"collection":[{"href":"https:\/\/www.ull.es\/portal\/cienciaull\/wp-json\/wp\/v2\/pages"}],"about":[{"href":"https:\/\/www.ull.es\/portal\/cienciaull\/wp-json\/wp\/v2\/types\/page"}],"author":[{"embeddable":true,"href":"https:\/\/www.ull.es\/portal\/cienciaull\/wp-json\/wp\/v2\/users\/56"}],"replies":[{"embeddable":true,"href":"https:\/\/www.ull.es\/portal\/cienciaull\/wp-json\/wp\/v2\/comments?post=4807"}],"version-history":[{"count":13,"href":"https:\/\/www.ull.es\/portal\/cienciaull\/wp-json\/wp\/v2\/pages\/4807\/revisions"}],"predecessor-version":[{"id":5868,"href":"https:\/\/www.ull.es\/portal\/cienciaull\/wp-json\/wp\/v2\/pages\/4807\/revisions\/5868"}],"up":[{"embeddable":true,"href":"https:\/\/www.ull.es\/portal\/cienciaull\/wp-json\/wp\/v2\/pages\/2443"}],"wp:attachment":[{"href":"https:\/\/www.ull.es\/portal\/cienciaull\/wp-json\/wp\/v2\/media?parent=4807"}],"curies":[{"name":"wp","href":"https:\/\/api.w.org\/{rel}","templated":true}]}}