{"id":4808,"date":"2020-04-25T22:46:51","date_gmt":"2020-04-25T22:46:51","guid":{"rendered":"https:\/\/www.ull.es\/portal\/cienciaull\/?page_id=4808"},"modified":"2020-05-11T12:21:08","modified_gmt":"2020-05-11T12:21:08","slug":"programa","status":"publish","type":"page","link":"https:\/\/www.ull.es\/portal\/cienciaull\/50-aniversario-math-ull\/programa\/","title":{"rendered":"Programa"},"content":{"rendered":"<p>[vc_row][vc_column][vc_custom_heading source=\u00bbpost_title\u00bb google_fonts=\u00bbfont_family:Roboto%20Slab%3A100%2C300%2Cregular%2C700|font_style:700%20bold%20regular%3A700%3Anormal\u00bb css=\u00bb.vc_custom_1587854867090{margin-bottom: 7px !important;border-bottom-width: 7px !important;padding-bottom: 7px !important;}\u00bb][vc_column_text]<\/p>\n<p style=\"text-align: justify\"><b>Matem\u00e1ticas m\u00e1gicas para tod@s<\/b><\/p>\n<p style=\"text-align: justify\"><span style=\"font-weight: 400\">Est\u00e1 actividad estaba dirigida al p\u00fablico en general <\/span><span style=\"font-weight: 400\">en el que se mostr\u00f3 la importancia de las matem\u00e1ticas en nuestra vida cotidiana a trav\u00e9s de divertidos juegos de magia. S<\/span><span style=\"font-weight: 400\">e celebr\u00f3 en el Exconvento de Santo Domingo y como magos se cont\u00f3 con la participaci\u00f3n de tres matem\u00e1ticos de renombre nacional como:<\/span><\/p>\n<ul style=\"text-align: justify\">\n<li style=\"font-weight: 400\"><span style=\"font-weight: 400\">D. Fernando Blasco<\/span><span style=\"font-weight: 400\"> es profesor titular de Matem\u00e1tica Aplicada de la Universidad Polit\u00e9cnica de Madrid.\u00a0Miembro de la Sociedad Espa\u00f1ola de Ilusionismo.<\/span><\/li>\n<li style=\"font-weight: 400\"><span style=\"font-weight: 400\">D. Pedro Alegr\u00eda\u00a0Profesor Titular de An\u00e1lisis Matem\u00e1tico de la Universidad del Pa\u00eds Vasco. Ha escrito varios\u00a0art\u00edculos sobre magia y matem\u00e1ticas y el libro Magia por principios.<\/span><\/li>\n<li style=\"font-weight: 400\"><span style=\"font-weight: 400\">D. Jos\u00e9 Antonio Rup\u00e9rez, Catedr\u00e1tico de Matem\u00e1ticas jubilado del IES Canarias Cabrera Pinto, en La Laguna,\u00a0miembro de la Sociedad Isaac Newton de profesores de\u00a0Matem\u00e1ticas.\u00a0<\/span><\/li>\n<\/ul>\n<p style=\"text-align: justify\"><span style=\"font-weight: 400\">Para m\u00e1s informaci\u00f3n puedes pinchar aqu\u00ed: <\/span><a href=\"http:\/\/eventos.ull.es\/36486\/section\/20448\/50-aniversario-de-matematicas-en-la-ull.html\" target=\"_blank\" rel=\"noopener\"><span style=\"font-weight: 400\">http:\/\/eventos.ull.es\/36486\/section\/20448\/50-aniversario-de-matematicas-en-la-ull.html<\/span><\/a><\/p>\n<p style=\"text-align: justify\"><b>50 a\u00f1os, 50 problemas<\/b><\/p>\n<p style=\"text-align: justify\"><span style=\"font-weight: 400\">Con motivo de la conmemoraci\u00f3n, se presentan 50 problemas matem\u00e1ticos en el tranv\u00eda y guaguas de Titsa de la isla. Dichos problemas nos plantean un reto matem\u00e1tico relacionado con cosas cotidianas del d\u00eda a d\u00eda.<\/span><\/p>\n<p style=\"text-align: justify\"><b>Ciclo de conferencias<\/b><\/p>\n<p style=\"text-align: justify\"><span style=\"font-weight: 400\">El ciclo de conferencias se celebr\u00f3 los d\u00edas 14, 15, 16, 17 y 18 de octubre siendo impartidos por expertos y expertas de diferentes universidades nacionales e internacionales, que han mostrado de una forma divulgativa resultados de investigaci\u00f3n en matem\u00e1ticas de inter\u00e9s para la sociedad.<\/span><\/p>\n<p style=\"text-align: justify\"><span style=\"font-weight: 400\">El d\u00eda 14 fue la ceremonia de apertura en el que intervino la Exma. Sra. Rectora de la ULL, Rosa M\u00aa Aguilar Chinea. La conferencia de \u201c50 a\u00f1os de historia\u201d fue a cargo del profesor Dr. Jos\u00e9 Manuel M\u00e9ndez P\u00e9rez, segundo decano de la Facultad y medalla de oro de la ULL.<\/span><\/p>\n<p style=\"text-align: justify\"><span style=\"font-weight: 400\">Ese mismo d\u00eda, la Universidad recibi\u00f3 al Dr. Mart\u00edn Hairer profesor del Imperial College de Londres y Medalla Fields en el a\u00f1o 2014, para deleitarnos con una ponencia sobre las ecuaciones diferenciales parciales estoc\u00e1sticas<\/span><\/p>\n<p style=\"text-align: justify\"><span style=\"font-weight: 400\">El d\u00eda 15 de octubre se realizaron dos ponencias, la primera, fue impartida por la Dra. Xue Mei Li profesora del Imperial College de Londres, en la que nos explic\u00f3 las estructuras de la aleatoriedad a trav\u00e9s de ruido peque\u00f1os que se ignoran normalmente, para ello, explica el promedio y la homogeneizaci\u00f3n de las ecuaciones estoc\u00e1sticas, y los avances recientes. La segunda ponencia fue instruida por el Dr. Danielle Vigo profesor del Departamento de Ingenier\u00eda de la Energ\u00eda El\u00e9ctrica y de la Informaci\u00f3n de la \u00abGuglielmo Marconi\u00bb sobre algunas tendencias de investigaci\u00f3n recientes sobre heur\u00edstica para el problema de enrutamiento del veh\u00edculo (VRP) que est\u00e1n validadas en variantes b\u00e1sicas y que pueden proporcionar direcciones interesantes para el desarrollo de enfoques futuros simples y utilizables.<\/span><\/p>\n<p style=\"text-align: justify\"><span style=\"font-weight: 400\">El d\u00eda 16 de octubre provino de la Universidad de Helsinki el Dr. Eero Saksman, el cual nos instruy\u00f3 con su ponencia sobre matrices aleatorias y la funci\u00f3n zeta de Riemann. Tambi\u00e9n recibimos la visita del Dr. Manuel de Le\u00f3n Rodr\u00edguez, un investigador del Instituto de Ciencias de Matem\u00e1ticas (ICMAT) donde nos hizo un recorrido sobre sobre las ideas de Galileo, Las leyes de Newton y Kepler, las teor\u00edas de Einstein, y las teor\u00edas de la visi\u00f3n.<\/span><\/p>\n<p style=\"text-align: justify\"><span style=\"font-weight: 400\">El d\u00eda 17 de octubre nos deleitamos con una ponencia del Dr. Carlos Beltr\u00e1n \u00c1lvarez profesor de la Universidad de Cantabria, donde nos explic\u00f3 los sistemas de ecuaciones polinomiales. Asimismo, en la segunda parte de la jornada, recibimos al Dr. Luis Casas\u00fas Latorre, profesor de la Universidad Polit\u00e9cnica de Madrid y antiguo profesor de la ULL, nos instruy\u00f3 sobre algunas aplicaciones de los sistemas no aut\u00f3nomos, computador infinito, biomatem\u00e1ticas y problemas inversos y complejos.<\/span><\/p>\n<p style=\"text-align: justify\"><span style=\"font-weight: 400\">El \u00faltimo d\u00eda del ciclo de conferencia, el 18 de octubre, la Universidad recibi\u00f3 al Dr. Jes\u00fas L\u00f3pez Fidalgo, profesor de la Universidad de Navarra, el cual nos realiz\u00f3 una ponencia sobre estad\u00edstica. Por \u00faltimo, la Dra. Michele Artigue, profesora em\u00e9rita de la Universidad de Par\u00eds 7, nos hizo un recorrido sobre la evoluci\u00f3n en las dos \u00faltimas d\u00e9cadas c\u00f3mo han influido en la visi\u00f3n de la transici\u00f3n entre ense\u00f1anza secundaria y universitaria, y tambi\u00e9n c\u00f3mo permiten mejor relacionar investigaci\u00f3n y acci\u00f3n did\u00e1ctica.\u00a0\u00a0\u00a0<\/span><\/p>\n<p>[\/vc_column_text][\/vc_column][\/vc_row]<\/p>\n","protected":false},"excerpt":{"rendered":"<p>[vc_row][vc_column][vc_custom_heading source=\u00bbpost_title\u00bb google_fonts=\u00bbfont_family:Roboto%20Slab%3A100%2C300%2Cregular%2C700|font_style:700%20bold%20regular%3A700%3Anormal\u00bb css=\u00bb.vc_custom_1587854867090{margin-bottom: 7px !important;border-bottom-width: 7px !important;padding-bottom: 7px !important;}\u00bb][vc_column_text] Matem\u00e1ticas m\u00e1gicas para tod@s Est\u00e1 actividad estaba dirigida al p\u00fablico en general en el que se mostr\u00f3 la importancia de las matem\u00e1ticas en nuestra vida cotidiana a trav\u00e9s de divertidos juegos de magia. Se celebr\u00f3 en el Exconvento de Santo Domingo y como magos se&#8230;<\/p>\n","protected":false},"author":56,"featured_media":0,"parent":2443,"menu_order":1,"comment_status":"closed","ping_status":"closed","template":"","meta":{"inline_featured_image":false,"footnotes":""},"acf":[],"yoast_head":"<!-- This site is optimized with the Yoast SEO plugin v21.3 - https:\/\/yoast.com\/wordpress\/plugins\/seo\/ -->\n<title>Programa -<\/title>\n<meta name=\"robots\" content=\"index, follow, max-snippet:-1, max-image-preview:large, max-video-preview:-1\" \/>\n<link rel=\"canonical\" href=\"https:\/\/www.ull.es\/portal\/cienciaull\/50-aniversario-math-ull\/programa\/\" \/>\n<meta property=\"og:locale\" content=\"es_ES\" \/>\n<meta property=\"og:type\" content=\"article\" \/>\n<meta property=\"og:title\" content=\"Programa -\" \/>\n<meta property=\"og:description\" content=\"[vc_row][vc_column][vc_custom_heading source=\u00bbpost_title\u00bb google_fonts=\u00bbfont_family:Roboto%20Slab%3A100%2C300%2Cregular%2C700|font_style:700%20bold%20regular%3A700%3Anormal\u00bb css=\u00bb.vc_custom_1587854867090{margin-bottom: 7px !important;border-bottom-width: 7px !important;padding-bottom: 7px !important;}\u00bb][vc_column_text] Matem\u00e1ticas m\u00e1gicas para tod@s Est\u00e1 actividad estaba dirigida al p\u00fablico en general en el que se mostr\u00f3 la importancia de las matem\u00e1ticas en nuestra vida cotidiana a trav\u00e9s de divertidos juegos de magia. Se celebr\u00f3 en el Exconvento de Santo Domingo y como magos se...\" \/>\n<meta property=\"og:url\" content=\"https:\/\/www.ull.es\/portal\/cienciaull\/50-aniversario-math-ull\/programa\/\" \/>\n<meta property=\"article:publisher\" content=\"https:\/\/www.facebook.com\/CienciaULL\/\" \/>\n<meta property=\"article:modified_time\" content=\"2020-05-11T12:21:08+00:00\" \/>\n<meta name=\"twitter:card\" content=\"summary_large_image\" \/>\n<meta name=\"twitter:site\" content=\"@CienciaULL\" \/>\n<meta name=\"twitter:label1\" content=\"Tiempo de lectura\" \/>\n\t<meta name=\"twitter:data1\" content=\"4 minutos\" \/>\n<script type=\"application\/ld+json\" class=\"yoast-schema-graph\">{\"@context\":\"https:\/\/schema.org\",\"@graph\":[{\"@type\":\"WebPage\",\"@id\":\"https:\/\/www.ull.es\/portal\/cienciaull\/50-aniversario-math-ull\/programa\/\",\"url\":\"https:\/\/www.ull.es\/portal\/cienciaull\/50-aniversario-math-ull\/programa\/\",\"name\":\"Programa -\",\"isPartOf\":{\"@id\":\"https:\/\/www.ull.es\/portal\/cienciaull\/#website\"},\"datePublished\":\"2020-04-25T22:46:51+00:00\",\"dateModified\":\"2020-05-11T12:21:08+00:00\",\"breadcrumb\":{\"@id\":\"https:\/\/www.ull.es\/portal\/cienciaull\/50-aniversario-math-ull\/programa\/#breadcrumb\"},\"inLanguage\":\"es\",\"potentialAction\":[{\"@type\":\"ReadAction\",\"target\":[\"https:\/\/www.ull.es\/portal\/cienciaull\/50-aniversario-math-ull\/programa\/\"]}]},{\"@type\":\"BreadcrumbList\",\"@id\":\"https:\/\/www.ull.es\/portal\/cienciaull\/50-aniversario-math-ull\/programa\/#breadcrumb\",\"itemListElement\":[{\"@type\":\"ListItem\",\"position\":1,\"name\":\"Portada\",\"item\":\"https:\/\/www.ull.es\/portal\/cienciaull\/\"},{\"@type\":\"ListItem\",\"position\":2,\"name\":\"50 Aniversario Math ULL\",\"item\":\"https:\/\/www.ull.es\/portal\/cienciaull\/50-aniversario-math-ull\/\"},{\"@type\":\"ListItem\",\"position\":3,\"name\":\"Programa\"}]},{\"@type\":\"WebSite\",\"@id\":\"https:\/\/www.ull.es\/portal\/cienciaull\/#website\",\"url\":\"https:\/\/www.ull.es\/portal\/cienciaull\/\",\"name\":\"\",\"description\":\"Unidad de Cultura Cient\u00edfica y de la Innovaci\u00f3n de la Universidad de La Laguna\",\"potentialAction\":[{\"@type\":\"SearchAction\",\"target\":{\"@type\":\"EntryPoint\",\"urlTemplate\":\"https:\/\/www.ull.es\/portal\/cienciaull\/?s={search_term_string}\"},\"query-input\":\"required name=search_term_string\"}],\"inLanguage\":\"es\"}]}<\/script>\n<!-- \/ Yoast SEO plugin. -->","yoast_head_json":{"title":"Programa -","robots":{"index":"index","follow":"follow","max-snippet":"max-snippet:-1","max-image-preview":"max-image-preview:large","max-video-preview":"max-video-preview:-1"},"canonical":"https:\/\/www.ull.es\/portal\/cienciaull\/50-aniversario-math-ull\/programa\/","og_locale":"es_ES","og_type":"article","og_title":"Programa -","og_description":"[vc_row][vc_column][vc_custom_heading source=\u00bbpost_title\u00bb google_fonts=\u00bbfont_family:Roboto%20Slab%3A100%2C300%2Cregular%2C700|font_style:700%20bold%20regular%3A700%3Anormal\u00bb css=\u00bb.vc_custom_1587854867090{margin-bottom: 7px !important;border-bottom-width: 7px !important;padding-bottom: 7px !important;}\u00bb][vc_column_text] Matem\u00e1ticas m\u00e1gicas para tod@s Est\u00e1 actividad estaba dirigida al p\u00fablico en general en el que se mostr\u00f3 la importancia de las matem\u00e1ticas en nuestra vida cotidiana a trav\u00e9s de divertidos juegos de magia. Se celebr\u00f3 en el Exconvento de Santo Domingo y como magos se...","og_url":"https:\/\/www.ull.es\/portal\/cienciaull\/50-aniversario-math-ull\/programa\/","article_publisher":"https:\/\/www.facebook.com\/CienciaULL\/","article_modified_time":"2020-05-11T12:21:08+00:00","twitter_card":"summary_large_image","twitter_site":"@CienciaULL","twitter_misc":{"Tiempo de lectura":"4 minutos"},"schema":{"@context":"https:\/\/schema.org","@graph":[{"@type":"WebPage","@id":"https:\/\/www.ull.es\/portal\/cienciaull\/50-aniversario-math-ull\/programa\/","url":"https:\/\/www.ull.es\/portal\/cienciaull\/50-aniversario-math-ull\/programa\/","name":"Programa -","isPartOf":{"@id":"https:\/\/www.ull.es\/portal\/cienciaull\/#website"},"datePublished":"2020-04-25T22:46:51+00:00","dateModified":"2020-05-11T12:21:08+00:00","breadcrumb":{"@id":"https:\/\/www.ull.es\/portal\/cienciaull\/50-aniversario-math-ull\/programa\/#breadcrumb"},"inLanguage":"es","potentialAction":[{"@type":"ReadAction","target":["https:\/\/www.ull.es\/portal\/cienciaull\/50-aniversario-math-ull\/programa\/"]}]},{"@type":"BreadcrumbList","@id":"https:\/\/www.ull.es\/portal\/cienciaull\/50-aniversario-math-ull\/programa\/#breadcrumb","itemListElement":[{"@type":"ListItem","position":1,"name":"Portada","item":"https:\/\/www.ull.es\/portal\/cienciaull\/"},{"@type":"ListItem","position":2,"name":"50 Aniversario Math ULL","item":"https:\/\/www.ull.es\/portal\/cienciaull\/50-aniversario-math-ull\/"},{"@type":"ListItem","position":3,"name":"Programa"}]},{"@type":"WebSite","@id":"https:\/\/www.ull.es\/portal\/cienciaull\/#website","url":"https:\/\/www.ull.es\/portal\/cienciaull\/","name":"","description":"Unidad de Cultura Cient\u00edfica y de la Innovaci\u00f3n de la Universidad de La Laguna","potentialAction":[{"@type":"SearchAction","target":{"@type":"EntryPoint","urlTemplate":"https:\/\/www.ull.es\/portal\/cienciaull\/?s={search_term_string}"},"query-input":"required name=search_term_string"}],"inLanguage":"es"}]}},"_links":{"self":[{"href":"https:\/\/www.ull.es\/portal\/cienciaull\/wp-json\/wp\/v2\/pages\/4808"}],"collection":[{"href":"https:\/\/www.ull.es\/portal\/cienciaull\/wp-json\/wp\/v2\/pages"}],"about":[{"href":"https:\/\/www.ull.es\/portal\/cienciaull\/wp-json\/wp\/v2\/types\/page"}],"author":[{"embeddable":true,"href":"https:\/\/www.ull.es\/portal\/cienciaull\/wp-json\/wp\/v2\/users\/56"}],"replies":[{"embeddable":true,"href":"https:\/\/www.ull.es\/portal\/cienciaull\/wp-json\/wp\/v2\/comments?post=4808"}],"version-history":[{"count":4,"href":"https:\/\/www.ull.es\/portal\/cienciaull\/wp-json\/wp\/v2\/pages\/4808\/revisions"}],"predecessor-version":[{"id":6276,"href":"https:\/\/www.ull.es\/portal\/cienciaull\/wp-json\/wp\/v2\/pages\/4808\/revisions\/6276"}],"up":[{"embeddable":true,"href":"https:\/\/www.ull.es\/portal\/cienciaull\/wp-json\/wp\/v2\/pages\/2443"}],"wp:attachment":[{"href":"https:\/\/www.ull.es\/portal\/cienciaull\/wp-json\/wp\/v2\/media?parent=4808"}],"curies":[{"name":"wp","href":"https:\/\/api.w.org\/{rel}","templated":true}]}}