{"id":4893,"date":"2020-04-26T01:20:18","date_gmt":"2020-04-26T01:20:18","guid":{"rendered":"https:\/\/www.ull.es\/portal\/cienciaull\/?page_id=4893"},"modified":"2020-05-08T10:04:05","modified_gmt":"2020-05-08T10:04:05","slug":"formacion","status":"publish","type":"page","link":"https:\/\/www.ull.es\/portal\/cienciaull\/formacion\/","title":{"rendered":"Formaci\u00f3n"},"content":{"rendered":"<p>[vc_row][vc_column]\n<div id=\"rev_slider_25_1_wrapper\" class=\"rev_slider_wrapper fullwidthbanner-container\" data-source=\"gallery\" style=\"margin:0px auto;background:transparent;padding:0px;margin-top:0px;margin-bottom:0px;\">\n<!-- START REVOLUTION SLIDER 5.4.7.3 auto mode -->\n\t<div id=\"rev_slider_25_1\" class=\"rev_slider fullwidthabanner\" style=\"display:none;\" data-version=\"5.4.7.3\">\n<ul>\t<!-- SLIDE  -->\n\t<li data-index=\"rs-47\" data-transition=\"fade\" data-slotamount=\"default\" data-hideafterloop=\"0\" data-hideslideonmobile=\"off\"  data-easein=\"default\" data-easeout=\"default\" data-masterspeed=\"300\"  data-rotate=\"0\"  data-saveperformance=\"off\"  data-title=\"Slide\" data-param1=\"\" data-param2=\"\" data-param3=\"\" data-param4=\"\" data-param5=\"\" data-param6=\"\" data-param7=\"\" data-param8=\"\" data-param9=\"\" data-param10=\"\" data-description=\"\">\n\t\t<!-- MAIN IMAGE -->\n\t\t<img src=\"https:\/\/www.ull.es\/portal\/cienciaull\/wp-content\/plugins\/revslider\/admin\/assets\/images\/transparent.png\"  alt=\"\" title=\"Formaci\u00f3n\"  data-bgposition=\"center center\" data-bgfit=\"cover\" data-bgrepeat=\"no-repeat\" class=\"rev-slidebg\" data-no-retina>\n\t\t<!-- LAYERS -->\n\n\t\t<!-- LAYER NR. 1 -->\n\t\t<div class=\"tp-caption   tp-resizeme\" \n\t\t\t id=\"slide-47-layer-1\" \n\t\t\t data-x=\"-2\" \n\t\t\t data-y=\"-7\" \n\t\t\t\t\t\tdata-width=\"['none','none','none','none']\"\n\t\t\tdata-height=\"['none','none','none','none']\"\n \n\t\t\tdata-type=\"image\" \n\t\t\tdata-responsive_offset=\"on\" \n\n\t\t\tdata-frames='[{\"delay\":0,\"speed\":300,\"frame\":\"0\",\"from\":\"opacity:0;\",\"to\":\"o:1;\",\"ease\":\"Power3.easeInOut\"},{\"delay\":\"wait\",\"speed\":300,\"frame\":\"999\",\"to\":\"opacity:0;\",\"ease\":\"Power3.easeInOut\"}]'\n\t\t\tdata-textAlign=\"['inherit','inherit','inherit','inherit']\"\n\t\t\tdata-paddingtop=\"[0,0,0,0]\"\n\t\t\tdata-paddingright=\"[0,0,0,0]\"\n\t\t\tdata-paddingbottom=\"[0,0,0,0]\"\n\t\t\tdata-paddingleft=\"[0,0,0,0]\"\n\n\t\t\tstyle=\"z-index: 5;\"><img src=\"https:\/\/www.ull.es\/portal\/cienciaull\/wp-content\/uploads\/sites\/24\/2020\/04\/Formaci\u00f3n.jpg\" alt=\"\" data-ww=\"1240px\" data-hh=\"465px\" width=\"1600\" height=\"600\" data-no-retina> <\/div>\n\t<\/li>\n<\/ul>\n<div class=\"tp-bannertimer tp-bottom\" style=\"visibility: hidden !important;\"><\/div>\t<\/div>\n<script>var htmlDiv = document.getElementById(\"rs-plugin-settings-inline-css\"); var htmlDivCss=\"\";\r\n\t\t\t\tif(htmlDiv) {\r\n\t\t\t\t\thtmlDiv.innerHTML = htmlDiv.innerHTML + htmlDivCss;\r\n\t\t\t\t}else{\r\n\t\t\t\t\tvar htmlDiv = document.createElement(\"div\");\r\n\t\t\t\t\thtmlDiv.innerHTML = \"<style>\" + htmlDivCss + \"<\/style>\";\r\n\t\t\t\t\tdocument.getElementsByTagName(\"head\")[0].appendChild(htmlDiv.childNodes[0]);\r\n\t\t\t\t}\r\n\t\t\t<\/script>\n\t\t<script type=\"text\/javascript\">\r\nif (setREVStartSize!==undefined) setREVStartSize(\r\n\t{c: '#rev_slider_25_1', gridwidth: [1240], gridheight: [462], sliderLayout: 'auto'});\r\n\t\t\t\r\nvar revapi25,\r\n\ttpj;\t\r\n(function() {\t\t\t\r\n\tif (!\/loaded|interactive|complete\/.test(document.readyState)) document.addEventListener(\"DOMContentLoaded\",onLoad); else onLoad();\t\r\n\tfunction onLoad() {\t\t\t\t\r\n\t\tif (tpj===undefined) { tpj = jQuery; if(\"off\" == \"on\") tpj.noConflict();}\r\n\tif(tpj(\"#rev_slider_25_1\").revolution == undefined){\n\t\trevslider_showDoubleJqueryError(\"#rev_slider_25_1\");\n\t}else{\n\t\trevapi25 = tpj(\"#rev_slider_25_1\").show().revolution({\n\t\t\tsliderType:\"standard\",\n\t\t\tjsFileLocation:\"\/\/www.ull.es\/portal\/cienciaull\/wp-content\/plugins\/revslider\/public\/assets\/js\/\",\n\t\t\tsliderLayout:\"auto\",\n\t\t\tdottedOverlay:\"none\",\n\t\t\tdelay:9000,\n\t\t\tnavigation: {\n\t\t\t\tonHoverStop:\"off\",\n\t\t\t},\n\t\t\tvisibilityLevels:[1240,1024,778,480],\n\t\t\tgridwidth:1240,\n\t\t\tgridheight:462,\n\t\t\tlazyType:\"none\",\n\t\t\tshadow:0,\n\t\t\tspinner:\"spinner0\",\n\t\t\tstopLoop:\"off\",\n\t\t\tstopAfterLoops:-1,\n\t\t\tstopAtSlide:-1,\n\t\t\tshuffle:\"off\",\n\t\t\tautoHeight:\"off\",\n\t\t\tdisableProgressBar:\"on\",\n\t\t\thideThumbsOnMobile:\"off\",\n\t\t\thideSliderAtLimit:0,\n\t\t\thideCaptionAtLimit:0,\n\t\t\thideAllCaptionAtLilmit:0,\n\t\t\tdebugMode:false,\n\t\t\tfallbacks: {\n\t\t\t\tsimplifyAll:\"off\",\n\t\t\t\tnextSlideOnWindowFocus:\"off\",\n\t\t\t\tdisableFocusListener:false,\n\t\t\t}\n\t\t});\n\t}; \/* END OF revapi call *\/\n\t\n }; \/* END OF ON LOAD FUNCTION *\/\r\n}()); \/* END OF WRAPPING FUNCTION *\/\r\n<\/script>\r\n\t\t<\/div><!-- END REVOLUTION SLIDER -->[vc_separator color=\u00bbcustom\u00bb style=\u00bbdouble\u00bb border_width=\u00bb10&#8243; accent_color=\u00bb#e67e22&#8243;][\/vc_column][\/vc_row][vc_row][vc_column][vc_empty_space height=\u00bb40px\u00bb][vc_custom_heading text=\u00bbPresentaci\u00f3n\u00bb google_fonts=\u00bbfont_family:Roboto%20Slab%3A100%2C300%2Cregular%2C700|font_style:700%20bold%20regular%3A700%3Anormal\u00bb css=\u00bb.vc_custom_1587864755752{margin-bottom: 7px !important;border-bottom-width: 7px !important;padding-bottom: 7px !important;}\u00bb][vc_empty_space][vc_column_text]<\/p>\n<h2><strong>II Curso de comunicaci\u00f3n, difusi\u00f3n y divulgaci\u00f3n cient\u00edfica: \u00ab\u00bfC\u00f3mo divulgar mi investigaci\u00f3n cient\u00edfica?\u00bb<\/strong><\/h2>\n<p>La ciencia y la tecnolog\u00eda est\u00e1n en cada uno de los acontecimientos que rodean nuestras vidas. Esto lo saben muy bien los investigadores y las investigadoras de cualquier centro de I+D, y en particular de nuestra Universidad, que trabajan en la b\u00fasqueda de nuevos conocimientos que ayuden a resolver y\/o mejorar las necesidades de la Sociedad.<\/p>\n<p>La VI Encuesta de Percepci\u00f3n Social de la Ciencia 2012 de la Fundaci\u00f3n Espa\u00f1ola para la Ciencia y la Tecnolog\u00eda concluye que el inter\u00e9s por la ciencia en Espa\u00f1a crece el 19% desde 2010. Es un inter\u00e9s similar a las tem\u00e1ticas como el medio ambiente o la educaci\u00f3n. Entre los j\u00f3venes de 14 a 24 a\u00f1os aument\u00f3 el inter\u00e9s un 40% pasando del 17% al 24%. Sin embargo, uno de cada cuatro espa\u00f1oles dice no entender la ciencia.<\/p>\n<p>Es por ello que la difusi\u00f3n, divulgaci\u00f3n y comunicaci\u00f3n de los resultados de investigaci\u00f3n que generan en los departamentos y estructuras cient\u00edficas de una universidad, concretamente su repercusi\u00f3n directa en la vida real, es una actividad clave para mejorar el conocimiento cient\u00edfico de la sociedad, creando un canal de di\u00e1logo entre el personal cient\u00edfico y los\/as ciudadanos\/as, e incrementar las vocaciones cient\u00edficas de nuestros j\u00f3venes.<\/p>\n<p>En abril de 2015 se celebr\u00f3 la primera edici\u00f3n de este curso con la participaci\u00f3n de personal investigador de la Universidad de La Laguna. Dado el inter\u00e9s suscitado, se celebr\u00f3 la II Edici\u00f3n en octubre de 2015.<\/p>\n<p>&nbsp;<\/p>\n<h3><strong>Objetivo<\/strong><\/h3>\n<p>Mostrar al personal investigador la importancia de comunicar y divulgar los resultados de su actividad investigadora a la sociedad, utilizando un lenguaje cercano pero sin perder el rigor cient\u00edfico. Para ello, se les introducir\u00e1 en conceptos, m\u00e9todos y herramientas sobre el \u00e1mbito de la divulgaci\u00f3n cient\u00edfica.<\/p>\n<p>&nbsp;<\/p>\n<h3><strong>Metodolog\u00eda<\/strong><\/h3>\n<p>Clases te\u00f3ricas y pr\u00e1cticas combinadas con visitas a centros de divulgaci\u00f3n.<\/p>\n<p>&nbsp;<\/p>\n<h3><strong>Contenido<\/strong><\/h3>\n<p>El curso tendr\u00e1 una duraci\u00f3n de 30 horas, de las cuales 20 ser\u00e1n presenciales y 10 de trabajo online a trav\u00e9s del aula virtual de la Fundaci\u00f3n General de la Universidad de La Laguna. Las horas presenciales se impartir\u00e1n en 8 sesiones, de acuerdo a la siguiente distribuci\u00f3n:[\/vc_column_text][vc_tta_accordion][vc_tta_section title=\u00bbPrimera sesi\u00f3n.\u00bb tab_id=\u00bb1588929186294-e510a3f8-f59c\u00bb][vc_column_text]<\/p>\n<h2 class=\"widgettitle\">Medios de comunicaci\u00f3n y ciencia<\/h2>\n<div class=\"textwidget\">\n<p><strong>1.1.<\/strong>\u00a0Introducci\u00f3n<\/p>\n<p><strong>1.2.<\/strong>\u00a0El mensaje eres t\u00fa: la toma de conciencia de los diferentes p\u00fablicos<\/p>\n<p><strong>1.3.<\/strong>\u00a0Distinguir a los principales medios de comunicaci\u00f3n generales y espec\u00edficos relacionados con la I+D+i<\/p>\n<p><strong>1.4.<\/strong>\u00a0Medios de comunicaci\u00f3n: \u00bfqu\u00e9 son?, \u00bfqu\u00e9 buscan?, \u00bfc\u00f3mo son sus estructuras?, tiempos y trabajos<\/p>\n<p><strong>1.5.<\/strong>\u00a0Gabinetes de comunicaci\u00f3n. \u00bfQu\u00e9 son?, \u00bfc\u00f3mo nos pueden ayudar en la divulgaci\u00f3n\u00a0?<\/p>\n<p><strong>1.6.<\/strong>\u00a0Unidades de cultura cient\u00edfica<\/p>\n<p><strong>1.7.<\/strong>\u00a0Ejercicio Pr\u00e1ctico<\/p>\n<\/div>\n<p>[\/vc_column_text][\/vc_tta_section][vc_tta_section title=\u00bbSegunda sesi\u00f3n.\u00bb tab_id=\u00bb1588929186327-c88bcde5-a56e\u00bb][vc_column_text]<\/p>\n<h2 class=\"widgettitle\">Divulgaci\u00f3n a trav\u00e9s de los medios de comunicaci\u00f3n escritos e Internet<\/h2>\n<div class=\"textwidget\">\n<p><strong>2.1.<\/strong>\u00a0Divulgaci\u00f3n a trav\u00e9s de los medios de comunicaci\u00f3n escritos.<\/p>\n<p><strong>2.2.<\/strong>\u00a0El cient\u00edfico ante los medios de comunicaci\u00f3n.\u00a0\u00bfC\u00f3mo trasmitir la informaci\u00f3n en una entrevista period\u00edstica?<\/p>\n<p><strong>2.3.<\/strong>\u00a0G\u00e9neros period\u00edsticos.\u00a0La t\u00e9cnica de las 5W\u2019s<\/p>\n<p><strong>2.4.<\/strong>\u00a0Selecci\u00f3n de los contenidos: configurar y ordenar el lenguaje cient\u00edfico para destacar la idea cient\u00edfica principal<\/p>\n<p><strong>2.5.<\/strong>\u00a0Internet como el escaparate de la ciencia<\/p>\n<p><strong>2.6.<\/strong>\u00a0Redes sociales como herramientas de divulgaci\u00f3n<\/p>\n<p><strong>2.7.<\/strong>\u00a0Ejercicio Pr\u00e1ctico<\/p>\n<\/div>\n<p>[\/vc_column_text][\/vc_tta_section][vc_tta_section title=\u00bbTercera sesi\u00f3n.\u00bb tab_id=\u00bb1588929373469-003a1b7e-cd6f\u00bb][vc_column_text]<\/p>\n<h2 class=\"widgettitle\">El v\u00eddeo como herramienta de divulgaci\u00f3n. YouTube, la red social en expansi\u00f3n<\/h2>\n<div class=\"textwidget\">\n<p><strong>3.1.<\/strong>\u00a0Las im\u00e1genes en movimiento.<\/p>\n<p><strong>3.2.<\/strong>\u00a0Normas b\u00e1sicas para transmitir emociones relacionadas con la ciencia.<\/p>\n<p><strong>3.3.<\/strong>\u00a0Elaboraci\u00f3n de v\u00eddeos para transmitir emociones relacionadas con la ciencia.<\/p>\n<p><strong>3.4.<\/strong>\u00a0C\u00f3mo funciona, c\u00f3mo crear un canal y difundir conocimientos por la red social en mayor expansi\u00f3n.<\/p>\n<p><strong>3.5.<\/strong>\u00a0C\u00f3mo optimizar las herramientas gratuitas o semigratuitas que existen para editar y promover material audiovisual.<\/p>\n<p><strong>3.6.<\/strong>\u00a0Ejercicio pr\u00e1ctico.<\/p>\n<\/div>\n<p>[\/vc_column_text][\/vc_tta_section][vc_tta_section title=\u00bbCuarta sesi\u00f3n.\u00bb tab_id=\u00bb1588929437503-24ff2f0d-7748&#8243;][vc_column_text]<\/p>\n<h2 class=\"widgettitle\">Internet y la ciencia. El ejemplo de Naukas<\/h2>\n<div class=\"textwidget\">\n<p><strong>4.1.<\/strong>\u00a0C\u00f3mo comunicar ciencia en Internet<\/p>\n<p><strong>4.2.\u00a0<\/strong>Los blogs y los web site como canales de comunicaci\u00f3n directos<\/p>\n<p><strong>4.3.<\/strong>\u00a0La ciencia como contenido de inter\u00e9s para un p\u00fablico en red<\/p>\n<p><strong>4.4.<\/strong>\u00a0Experiencias de divulgaci\u00f3n e informaci\u00f3n cient\u00edfica.<\/p>\n<p><strong>4.5.<\/strong>\u00a0Ejercicio pr\u00e1ctico.<\/p>\n<\/div>\n<p>[\/vc_column_text][\/vc_tta_section][vc_tta_section title=\u00bbQuinta sesi\u00f3n.\u00bb tab_id=\u00bb1588929515605-05f82060-5327&#8243;][vc_column_text]<\/p>\n<h2 class=\"widgettitle\">C\u00f3mo divulgar sin saltarse las reglas del juego<\/h2>\n<div class=\"textwidget\">\n<p><strong>5.1.<\/strong>\u00a0Conceptos b\u00e1sicos sobre la publicaci\u00f3n en revistas cient\u00edficas.<\/p>\n<p><strong>5.2.<\/strong>\u00a0Conceptos b\u00e1sicos sobre patente.<\/p>\n<p><strong>5.3.<\/strong>\u00a0\u00bfC\u00f3mo comunicar sin saltarse las normas del juego en patentes y publicaciones?<\/p>\n<p><strong>5.4.<\/strong>\u00a0Ejercicio pr\u00e1ctico.<\/p>\n<p><strong>5.5.<\/strong>\u00a0Exigencias de las publicaciones cient\u00edficas. La letra peque\u00f1a.<\/p>\n<p><strong>5.6.<\/strong>\u00a0Ejercicio pr\u00e1ctico.<\/p>\n<\/div>\n<p>[\/vc_column_text][\/vc_tta_section][vc_tta_section title=\u00bbSexta sesi\u00f3n.\u00bb tab_id=\u00bb1588929571219-153a0505-9852&#8243;][vc_column_text]<\/p>\n<h2 class=\"widgettitle\">Divulgaci\u00f3n cient\u00edfica en el mundo audiovisual<\/h2>\n<div class=\"textwidget\">\n<p><strong>6.1.<\/strong>\u00a0Claves de la divulgaci\u00f3n cient\u00edfica en el mundo audiovisual.<br \/>\n<strong>6.2.<\/strong>\u00a0\u00bfQu\u00e9 es y c\u00f3mo se realiza un gui\u00f3n radiof\u00f3nico?<br \/>\n<strong>6.3.<\/strong>\u00a0\u00bfC\u00f3mo escribir una escaleta para un programa de TV?<br \/>\n<strong>6.4.<\/strong>\u00a0Resumir ciencia en 1,2 minutos<br \/>\n<strong>6.5.<\/strong>\u00a0Visita \/ participaci\u00f3n en el programa de radio Doble H\u00e9lice de RNE.<\/p>\n<\/div>\n<p>[\/vc_column_text][\/vc_tta_section][vc_tta_section title=\u00bbS\u00e9ptima sesi\u00f3n.\u00bb tab_id=\u00bb1588929691593-7819abba-aadc\u00bb][vc_column_text]Visita a la grabaci\u00f3n del programa de TV de divulgaci\u00f3n cient\u00edfica Planeta vivo de TVE-C con el presentador David Calvo.[\/vc_column_text][\/vc_tta_section][vc_tta_section title=\u00bbOctava sesi\u00f3n.\u00bb tab_id=\u00bb1588929758589-33fa0f79-634f\u00bb][vc_column_text]<\/p>\n<h2 class=\"widgettitle\">Presentaci\u00f3n de trabajos y clausura del curso<\/h2>\n<div class=\"textwidget\">\n<p>Celebraci\u00f3n del T\u00fa s\u00ed que vales de la ciencia en el que se presentar\u00e1n los trabajos realizados por el alumnado.<\/p>\n<\/div>\n<p>[\/vc_column_text][\/vc_tta_section][\/vc_tta_accordion][vc_empty_space][vc_column_text]<\/p>\n<h3><strong>Evaluaci\u00f3n<\/strong><\/h3>\n<p>Para superar este curso ser\u00e1 obligatorio\u00a0asistir al menos al 90 % del mismo,\u00a0realizar todas las actividades que se plateen durante el desarrollo del mismo, adem\u00e1s de la realizaci\u00f3n y presentaci\u00f3n de un trabajo final.<\/p>\n<p>&nbsp;<\/p>\n<h3><strong>P\u00fablico al que va dirigido<\/strong><\/h3>\n<p>Personal investigador de la Universidad de La Laguna fijo, a cargo de proyectos o en formaci\u00f3n.<\/p>\n<p>&nbsp;<\/p>\n<h3><strong>N\u00famero de Plazas<\/strong><\/h3>\n<p>Proximamente.<\/p>\n<p>&nbsp;<\/p>\n<h3><strong>Lugar de celebraci\u00f3n<\/strong><\/h3>\n<p>Aulario de la Fundaci\u00f3n General de la Universidad de La Laguna. Aula 14.<\/p>\n<p>&nbsp;<\/p>\n<h3><strong>Direcci\u00f3n Acad\u00e9mica<\/strong><\/h3>\n<p><strong>D\u00f1a. Carmen Rodr\u00edguez Wang\u00fcemert<\/strong>, profesora titular del departamento de Ciencias de la Comunicaci\u00f3n y Trabajo Social de la ULL<\/p>\n<p>&nbsp;<\/p>\n<h3><strong>Equipo docente<\/strong><\/h3>\n<p>[\/vc_column_text][vc_media_grid item=\u00bbmasonryGrid_FadeIn\u00bb grid_id=\u00bbvc_gid:1588932005405-9900ada2-0443-5&#8243; include=\u00bb5996,5997,5998,5999,6000,6001&#8243;][\/vc_column][\/vc_row]<\/p>\n","protected":false},"excerpt":{"rendered":"<p>[vc_row][vc_column][vc_separator color=\u00bbcustom\u00bb style=\u00bbdouble\u00bb border_width=\u00bb10&#8243; accent_color=\u00bb#e67e22&#8243;][\/vc_column][\/vc_row][vc_row][vc_column][vc_empty_space height=\u00bb40px\u00bb][vc_custom_heading text=\u00bbPresentaci\u00f3n\u00bb google_fonts=\u00bbfont_family:Roboto%20Slab%3A100%2C300%2Cregular%2C700|font_style:700%20bold%20regular%3A700%3Anormal\u00bb css=\u00bb.vc_custom_1587864755752{margin-bottom: 7px !important;border-bottom-width: 7px !important;padding-bottom: 7px !important;}\u00bb][vc_empty_space][vc_column_text] II Curso de comunicaci\u00f3n, difusi\u00f3n y divulgaci\u00f3n cient\u00edfica: \u00ab\u00bfC\u00f3mo divulgar mi investigaci\u00f3n cient\u00edfica?\u00bb La ciencia y la tecnolog\u00eda est\u00e1n en cada uno de los acontecimientos que rodean nuestras vidas. Esto lo saben muy bien los investigadores y las investigadoras de&#8230;<\/p>\n","protected":false},"author":56,"featured_media":0,"parent":0,"menu_order":0,"comment_status":"closed","ping_status":"closed","template":"templates\/cienciaull.php","meta":{"inline_featured_image":false,"footnotes":""},"acf":[],"yoast_head":"<!-- This site is optimized with the Yoast SEO plugin v21.3 - https:\/\/yoast.com\/wordpress\/plugins\/seo\/ -->\n<title>Formaci\u00f3n -<\/title>\n<meta name=\"robots\" content=\"index, follow, max-snippet:-1, max-image-preview:large, max-video-preview:-1\" \/>\n<link rel=\"canonical\" href=\"https:\/\/www.ull.es\/portal\/cienciaull\/formacion\/\" \/>\n<meta property=\"og:locale\" content=\"es_ES\" \/>\n<meta property=\"og:type\" content=\"article\" \/>\n<meta property=\"og:title\" content=\"Formaci\u00f3n -\" \/>\n<meta property=\"og:description\" content=\"[vc_row][vc_column][vc_separator color=\u00bbcustom\u00bb style=\u00bbdouble\u00bb border_width=\u00bb10&#8243; accent_color=\u00bb#e67e22&#8243;][\/vc_column][\/vc_row][vc_row][vc_column][vc_empty_space height=\u00bb40px\u00bb][vc_custom_heading text=\u00bbPresentaci\u00f3n\u00bb google_fonts=\u00bbfont_family:Roboto%20Slab%3A100%2C300%2Cregular%2C700|font_style:700%20bold%20regular%3A700%3Anormal\u00bb css=\u00bb.vc_custom_1587864755752{margin-bottom: 7px !important;border-bottom-width: 7px !important;padding-bottom: 7px !important;}\u00bb][vc_empty_space][vc_column_text] II Curso de comunicaci\u00f3n, difusi\u00f3n y divulgaci\u00f3n cient\u00edfica: \u00ab\u00bfC\u00f3mo divulgar mi investigaci\u00f3n cient\u00edfica?\u00bb La ciencia y la tecnolog\u00eda est\u00e1n en cada uno de los acontecimientos que rodean nuestras vidas. Esto lo saben muy bien los investigadores y las investigadoras de...\" \/>\n<meta property=\"og:url\" content=\"https:\/\/www.ull.es\/portal\/cienciaull\/formacion\/\" \/>\n<meta property=\"article:publisher\" content=\"https:\/\/www.facebook.com\/CienciaULL\/\" \/>\n<meta property=\"article:modified_time\" content=\"2020-05-08T10:04:05+00:00\" \/>\n<meta name=\"twitter:card\" content=\"summary_large_image\" \/>\n<meta name=\"twitter:site\" content=\"@CienciaULL\" \/>\n<meta name=\"twitter:label1\" content=\"Tiempo de lectura\" \/>\n\t<meta name=\"twitter:data1\" content=\"6 minutos\" \/>\n<script type=\"application\/ld+json\" class=\"yoast-schema-graph\">{\"@context\":\"https:\/\/schema.org\",\"@graph\":[{\"@type\":\"WebPage\",\"@id\":\"https:\/\/www.ull.es\/portal\/cienciaull\/formacion\/\",\"url\":\"https:\/\/www.ull.es\/portal\/cienciaull\/formacion\/\",\"name\":\"Formaci\u00f3n -\",\"isPartOf\":{\"@id\":\"https:\/\/www.ull.es\/portal\/cienciaull\/#website\"},\"datePublished\":\"2020-04-26T01:20:18+00:00\",\"dateModified\":\"2020-05-08T10:04:05+00:00\",\"breadcrumb\":{\"@id\":\"https:\/\/www.ull.es\/portal\/cienciaull\/formacion\/#breadcrumb\"},\"inLanguage\":\"es\",\"potentialAction\":[{\"@type\":\"ReadAction\",\"target\":[\"https:\/\/www.ull.es\/portal\/cienciaull\/formacion\/\"]}]},{\"@type\":\"BreadcrumbList\",\"@id\":\"https:\/\/www.ull.es\/portal\/cienciaull\/formacion\/#breadcrumb\",\"itemListElement\":[{\"@type\":\"ListItem\",\"position\":1,\"name\":\"Portada\",\"item\":\"https:\/\/www.ull.es\/portal\/cienciaull\/\"},{\"@type\":\"ListItem\",\"position\":2,\"name\":\"Formaci\u00f3n\"}]},{\"@type\":\"WebSite\",\"@id\":\"https:\/\/www.ull.es\/portal\/cienciaull\/#website\",\"url\":\"https:\/\/www.ull.es\/portal\/cienciaull\/\",\"name\":\"\",\"description\":\"Unidad de Cultura Cient\u00edfica y de la Innovaci\u00f3n de la Universidad de La Laguna\",\"potentialAction\":[{\"@type\":\"SearchAction\",\"target\":{\"@type\":\"EntryPoint\",\"urlTemplate\":\"https:\/\/www.ull.es\/portal\/cienciaull\/?s={search_term_string}\"},\"query-input\":\"required name=search_term_string\"}],\"inLanguage\":\"es\"}]}<\/script>\n<!-- \/ Yoast SEO plugin. -->","yoast_head_json":{"title":"Formaci\u00f3n -","robots":{"index":"index","follow":"follow","max-snippet":"max-snippet:-1","max-image-preview":"max-image-preview:large","max-video-preview":"max-video-preview:-1"},"canonical":"https:\/\/www.ull.es\/portal\/cienciaull\/formacion\/","og_locale":"es_ES","og_type":"article","og_title":"Formaci\u00f3n -","og_description":"[vc_row][vc_column][vc_separator color=\u00bbcustom\u00bb style=\u00bbdouble\u00bb border_width=\u00bb10&#8243; accent_color=\u00bb#e67e22&#8243;][\/vc_column][\/vc_row][vc_row][vc_column][vc_empty_space height=\u00bb40px\u00bb][vc_custom_heading text=\u00bbPresentaci\u00f3n\u00bb google_fonts=\u00bbfont_family:Roboto%20Slab%3A100%2C300%2Cregular%2C700|font_style:700%20bold%20regular%3A700%3Anormal\u00bb css=\u00bb.vc_custom_1587864755752{margin-bottom: 7px !important;border-bottom-width: 7px !important;padding-bottom: 7px !important;}\u00bb][vc_empty_space][vc_column_text] II Curso de comunicaci\u00f3n, difusi\u00f3n y divulgaci\u00f3n cient\u00edfica: \u00ab\u00bfC\u00f3mo divulgar mi investigaci\u00f3n cient\u00edfica?\u00bb La ciencia y la tecnolog\u00eda est\u00e1n en cada uno de los acontecimientos que rodean nuestras vidas. Esto lo saben muy bien los investigadores y las investigadoras de...","og_url":"https:\/\/www.ull.es\/portal\/cienciaull\/formacion\/","article_publisher":"https:\/\/www.facebook.com\/CienciaULL\/","article_modified_time":"2020-05-08T10:04:05+00:00","twitter_card":"summary_large_image","twitter_site":"@CienciaULL","twitter_misc":{"Tiempo de lectura":"6 minutos"},"schema":{"@context":"https:\/\/schema.org","@graph":[{"@type":"WebPage","@id":"https:\/\/www.ull.es\/portal\/cienciaull\/formacion\/","url":"https:\/\/www.ull.es\/portal\/cienciaull\/formacion\/","name":"Formaci\u00f3n -","isPartOf":{"@id":"https:\/\/www.ull.es\/portal\/cienciaull\/#website"},"datePublished":"2020-04-26T01:20:18+00:00","dateModified":"2020-05-08T10:04:05+00:00","breadcrumb":{"@id":"https:\/\/www.ull.es\/portal\/cienciaull\/formacion\/#breadcrumb"},"inLanguage":"es","potentialAction":[{"@type":"ReadAction","target":["https:\/\/www.ull.es\/portal\/cienciaull\/formacion\/"]}]},{"@type":"BreadcrumbList","@id":"https:\/\/www.ull.es\/portal\/cienciaull\/formacion\/#breadcrumb","itemListElement":[{"@type":"ListItem","position":1,"name":"Portada","item":"https:\/\/www.ull.es\/portal\/cienciaull\/"},{"@type":"ListItem","position":2,"name":"Formaci\u00f3n"}]},{"@type":"WebSite","@id":"https:\/\/www.ull.es\/portal\/cienciaull\/#website","url":"https:\/\/www.ull.es\/portal\/cienciaull\/","name":"","description":"Unidad de Cultura Cient\u00edfica y de la Innovaci\u00f3n de la Universidad de La Laguna","potentialAction":[{"@type":"SearchAction","target":{"@type":"EntryPoint","urlTemplate":"https:\/\/www.ull.es\/portal\/cienciaull\/?s={search_term_string}"},"query-input":"required name=search_term_string"}],"inLanguage":"es"}]}},"_links":{"self":[{"href":"https:\/\/www.ull.es\/portal\/cienciaull\/wp-json\/wp\/v2\/pages\/4893"}],"collection":[{"href":"https:\/\/www.ull.es\/portal\/cienciaull\/wp-json\/wp\/v2\/pages"}],"about":[{"href":"https:\/\/www.ull.es\/portal\/cienciaull\/wp-json\/wp\/v2\/types\/page"}],"author":[{"embeddable":true,"href":"https:\/\/www.ull.es\/portal\/cienciaull\/wp-json\/wp\/v2\/users\/56"}],"replies":[{"embeddable":true,"href":"https:\/\/www.ull.es\/portal\/cienciaull\/wp-json\/wp\/v2\/comments?post=4893"}],"version-history":[{"count":27,"href":"https:\/\/www.ull.es\/portal\/cienciaull\/wp-json\/wp\/v2\/pages\/4893\/revisions"}],"predecessor-version":[{"id":6024,"href":"https:\/\/www.ull.es\/portal\/cienciaull\/wp-json\/wp\/v2\/pages\/4893\/revisions\/6024"}],"wp:attachment":[{"href":"https:\/\/www.ull.es\/portal\/cienciaull\/wp-json\/wp\/v2\/media?parent=4893"}],"curies":[{"name":"wp","href":"https:\/\/api.w.org\/{rel}","templated":true}]}}