{"id":4929,"date":"2020-04-26T02:03:30","date_gmt":"2020-04-26T02:03:30","guid":{"rendered":"https:\/\/www.ull.es\/portal\/cienciaull\/?page_id=4929"},"modified":"2023-11-03T14:36:25","modified_gmt":"2023-11-03T14:36:25","slug":"exposiciones","status":"publish","type":"page","link":"https:\/\/www.ull.es\/portal\/cienciaull\/repositorio-material\/exposiciones\/","title":{"rendered":"Exposiciones"},"content":{"rendered":"<p>[vc_row][vc_column width=\u00bb2\/3&#8243;][vc_empty_space][vc_custom_heading source=\u00bbpost_title\u00bb google_fonts=\u00bbfont_family:Roboto%20Slab%3A100%2C300%2Cregular%2C700|font_style:700%20bold%20regular%3A700%3Anormal\u00bb css=\u00bb.vc_custom_1587866665320{margin-bottom: 7px !important;border-bottom-width: 7px !important;padding-bottom: 7px !important;}\u00bb][vc_empty_space height=\u00bb40px\u00bb][vc_row_inner][vc_column_inner][vc_column_text]<\/p>\n<h2 style=\"text-align: center\"><strong>Jos\u00e9 de Viera y Clavijo y Agust\u00edn de Betancourt a la luz de la ciencia<\/strong><\/h2>\n<p style=\"text-align: justify\">El proyecto \u201cJos\u00e9 de Viera y Clavijo y Agust\u00edn de Betancourt a la luz de la ciencia\u201d propone un recorrido por la ciencia donde los protagonistas son Jos\u00e9 de Viera y Clavijo y Agust\u00edn de Betancourt, dos cient\u00edficos canarios del siglo XVIII cuya participaci\u00f3n en la sociedad, la investigaci\u00f3n y los avances cient\u00edficos fue primordial para la Europa Ilustrada de entonces.<\/p>\n<p style=\"text-align: justify\">Ambos cient\u00edficos dejaron un legado bastante vers\u00e1til debido a que participaron en diferentes campos de investigaci\u00f3n como el lanzamiento de los dos primeros globos aerost\u00e1ticos en Espa\u00f1a, el uso de la m\u00e1quina de vapor y el uso de productos naturales extra\u00eddos de las plantas. Por un lado, Jos\u00e9 de Viera y Clavijo, naci\u00f3 el 28 de diciembre de 1731 en Los Realejos, y fue un historiador, bi\u00f3logo y escritor que es reconocido como el m\u00e1ximo exponente de la Ilustraci\u00f3n canaria. Por otro lado, Agust\u00edn de Betancourt y Molina, nacido en el Puerto de la Cruz el 1 de febrero de 1758, fue uno de los ingenieros m\u00e1s prestigiosos de Europa.<\/p>\n<p style=\"text-align: justify\">De esta forma, la exposici\u00f3n consta de 20 paneles d\u00f3nde se ofrecen varios textos explicativos y un buen n\u00famero de fotograf\u00edas, im\u00e1genes y planos de la \u00e9poca, configurando as\u00ed una panor\u00e1mica global que muestra el recorrido y la aportaci\u00f3n estos cient\u00edficos canarios, tambi\u00e9n considerados \u201cpadres de la ciencia\u201d. Asimismo, el objetivo es promocionar la importancia de estos dos investigadores nacidos en las islas, adem\u00e1s de promover y dar a conocer los acontecimientos, contribuciones y eventos importantes de los que formaron parte. El contenido est\u00e1 organizado cronol\u00f3gicamente y divido en varios bloques de contendido, de una forma din\u00e1mica y visual, dirigido a todos los p\u00fablicos:<\/p>\n<ul style=\"text-align: justify\">\n<li>Jos\u00e9 de Viera y Clavijo. Cronobiograf\u00eda (p\u00e1ginas 3-6)<\/li>\n<li>Agust\u00edn de Betancourt. Cronobiograf\u00eda (p\u00e1ginas 7-11)<\/li>\n<li>El globo (p\u00e1gina 12)<\/li>\n<li>La Tertulia de Nava y las Sociedades Econ\u00f3micas (p\u00e1gina 13)<\/li>\n<li>La industria textil (p\u00e1gina 14)<\/li>\n<li>El carb\u00f3n (p\u00e1gina 15)<\/li>\n<li>Viera y Betancourt, dos educadores (p\u00e1gina 16)<\/li>\n<li>Recorriendo Europa (p\u00e1gina 17)<\/li>\n<li>Francia, el para\u00edso de la ciencia (p\u00e1gina 18)<\/li>\n<\/ul>\n<p style=\"text-align: justify\">Este cat\u00e1logo expositivo es posible gracias a la cooperaci\u00f3n de la Fundaci\u00f3n General de la Universidad de La Laguna, Cienci@ull, C\u00e1tedra Cultural Viera y Clavijo y INtech Tenerife, adem\u00e1s de la direcci\u00f3n de Rafael Padr\u00f3n Fern\u00e1ndez, coordinaci\u00f3n cient\u00edfica de Francisco Pomares Rodr\u00edguez y coordinaci\u00f3n t\u00e9cnica de Laura Garc\u00eda Donante.<\/p>\n<p style=\"text-align: justify\"><strong>Puedes descargar el cat\u00e1logo a continuaci\u00f3n:<\/strong><\/p>\n<p>[\/vc_column_text][vc_btn title=\u00bbCat\u00e1logo\u00bb color=\u00bbviolet\u00bb align=\u00bbleft\u00bb link=\u00bburl:https%3A%2F%2Fdrive.google.com%2Ffile%2Fd%2F1RWmntx1Cu0_dHKr2Z32nFEAPnqAa3irV%2Fview%3Fusp%3Dsharing\u00bb][vc_media_grid style=\u00bbpagination\u00bb items_per_page=\u00bb3&#8243; paging_color=\u00bbturquoise\u00bb grid_id=\u00bbvc_gid:1699022165058-138574dc-99b6-6&#8243; include=\u00bb6394,6395,6396,6397,6398,6399,6400,6401,6402,6403,6404,6405,6406,6407&#8243;][vc_column_text]Para reservar esta exposici\u00f3n pincha en el siguiente enlace:[\/vc_column_text][vc_btn title=\u00bbFormulario reserva de exposici\u00f3n \u00abJos\u00e9 de Viera y Clavijo y Agust\u00edn de Betancourt a la luz de la ciencia\u00ab\u00bb color=\u00bbviolet\u00bb align=\u00bbcenter\u00bb link=\u00bburl:https%3A%2F%2Fforms.gle%2FomNx7DSKQB68Mpqr7|||\u00bb][vc_empty_space][vc_column_text]<\/p>\n<h2 style=\"text-align: center\"><span style=\"color: #6cc1de\"><strong>Viera y las ciencias<\/strong><\/span><\/h2>\n<p style=\"text-align: justify\"><em>Viera y las Ciencias <\/em>es una exposici\u00f3n organizada con motivo de las Semanas Canarias de la Ciencia y la Innovaci\u00f3n. Dedicada al c\u00e9lebre sacerdote y escritor Jos\u00e9 de Viera y Clavijo, consta de 13 coloridos paneles, a los que acompa\u00f1an varias im\u00e1genes que ilustran los viajes, obra y encuentros que realiz\u00f3 Viera a lo largo de su vida.<\/p>\n<p style=\"text-align: justify\">Viera y Clavijo fue uno de los pensadores m\u00e1s remarcables de occidente en el siglo XVIII. Pese a su origen humilde, Viera termin\u00f3 frecuentando a destacables personajes de la alta sociedad y convirti\u00e9ndose en una de las figuras m\u00e1s importantes de toda Canarias y de Espa\u00f1a.<\/p>\n<p style=\"text-align: justify\">La exposici\u00f3n est\u00e1 organizada en dos grandes bloques, divididos a su vez por secciones. El primero, <em>Cronobiograf\u00eda,<\/em> hace un recorrido por la vida y la obra del autor en orden cronol\u00f3gico. Este bloque contiene cuatro secciones biogr\u00e1ficas: \u201cJuventud y Primeros a\u00f1os\u201d, \u201cSu formaci\u00f3n en La Laguna\u201d, \u201cMadrid y sus viajes por Europa\u201d y \u201c\u00daltimos a\u00f1os en Gran Canaria\u201d.<\/p>\n<p style=\"text-align: justify\">El segundo bloque, titulado <em>Viera y las Ciencias<\/em>, refleja la relaci\u00f3n y el inter\u00e9s de Viera por las ciencias. Hace un repaso de los viajes y los encuentros fortuitos que le permitieron desarrollar sus trabajos tal y como hoy los conocemos y se hace alusi\u00f3n a eventos extraordinarios en los que Viera se vio inmerso, como el lanzamiento del segundo globo aerost\u00e1tico en Espa\u00f1a o la aurora boreal que apareci\u00f3 en Canarias en el siglo XVIII y que Viera describe en su <em>Carta filos\u00f3fica sobre la aurora boreal.<\/em><\/p>\n<p style=\"text-align: justify\">Grabados, pinturas o fotograf\u00edas de las personas que le influenciaron, as\u00ed como de su obra y de los lugares en los que estuvo, son solo algunos de los elementos que se incluyen en esta exposici\u00f3n sobre uno de los autores que escribieron nuestra historia.<\/p>\n<p style=\"text-align: justify\"><strong>\u00a0Puedes descargar el cat\u00e1logo a continuaci\u00f3n:<\/strong><\/p>\n<p>[\/vc_column_text][vc_btn title=\u00bbCat\u00e1logo\u00bb color=\u00bbinfo\u00bb align=\u00bbleft\u00bb link=\u00bburl:https%3A%2F%2Fdrive.google.com%2Ffile%2Fd%2F1kKvS_i_eKVh7COMZZ1qPqS2IFPoFeXKE%2Fview%3Fusp%3Dsharing\u00bb][vc_media_grid style=\u00bbpagination\u00bb items_per_page=\u00bb3&#8243; paging_color=\u00bbmulled_wine\u00bb grid_id=\u00bbvc_gid:1699022165059-b7c90f6e-9fba-0&#8243; include=\u00bb6414,6415,6416,6417,6418,6419,6420,6421,6422,6423,6424,6425,6426,6427,6428,6429,6430,6431,6432,6433,6434,6435&#8243;][vc_column_text]Para reservar esta exposici\u00f3n pincha en el siguiente enlace:[\/vc_column_text][vc_btn title=\u00bbFormulario reserva de exposici\u00f3n \u00abViera y las ciencias\u00ab\u00bb color=\u00bbinfo\u00bb align=\u00bbcenter\u00bb button_block=\u00bbtrue\u00bb link=\u00bburl:https%3A%2F%2Fforms.gle%2FR3PX3Zm7obqLhYh27|||\u00bb][vc_empty_space][vc_column_text]<\/p>\n<h2 style=\"text-align: center\"><span style=\"color: #36af34\"><strong>Rafael Arozarena<\/strong><\/span><\/h2>\n<p style=\"text-align: justify\">Con motivo del centenario del nacimiento de\u00a0Rafael Arozarena\u00a0(1923-2023)\u00a0el autor Rafael Padr\u00f3n Fern\u00e1ndez, ha querido rendirle un homenaje a trav\u00e9s de una exposici\u00f3n que recopila tanto su trayectoria personal como art\u00edstica.<\/p>\n<p style=\"text-align: justify\">Rafael Arozarena (1923-2009) fue un destacado escritor, poeta y periodista espa\u00f1ol, nacido en La Palma. Sus obras abarcaban un amplio abanico de g\u00e9neros literarios, siendo m\u00e1s conocido por su contribuci\u00f3n a la literatura canaria y su influencia en la literatura espa\u00f1ola del siglo XX.<\/p>\n<p style=\"text-align: justify\">Arozarena comenz\u00f3 su carrera literaria como poeta y public\u00f3 obras como \u00abM\u00fasica antigua\u00bb (1949) y \u00abHojas de hierba\u00bb (1971). Seguidamente, incursion\u00f3 en la narrativa, siendo su novela m\u00e1s conocida \u00abMarar\u00eda\u00bb (1973), que trata temas de identidad, cultura y discriminaci\u00f3n en las Islas Canarias.<\/p>\n<p style=\"text-align: justify\">Adem\u00e1s de la poes\u00eda y la narrativa, Arozarena escribi\u00f3 obras teatrales y ensayos literarios que contribuyeron a la reflexi\u00f3n sobre la literatura y la cultura canaria. Tambi\u00e9n tuvo una destacada carrera en el periodismo, donde abord\u00f3 temas culturales y sociales de Canarias.<\/p>\n<p style=\"text-align: justify\">Arozarena recibi\u00f3 numerosos premios y reconocimientos a lo largo de su carrera, incluyendo el Premio Canarias de Literatura en 1991. Su legado literario sigue siendo relevante en el \u00e1mbito de la literatura canaria y espa\u00f1ola, y sus escritos contin\u00faan siendo estudiados y apreciados en la actualidad.<\/p>\n<p style=\"text-align: justify\"><strong>\u00a0Puedes descargar el cat\u00e1logo a continuaci\u00f3n:<\/strong><\/p>\n<p>[\/vc_column_text][vc_btn title=\u00bbCat\u00e1logo\u00bb color=\u00bbgreen\u00bb align=\u00bbleft\u00bb link=\u00bburl:https%3A%2F%2Fdrive.google.com%2Ffile%2Fd%2F1cQa-qxDkl18g71OrOP4GLgxsOydZBoYP%2Fview\u00bb][vc_media_grid style=\u00bbpagination\u00bb items_per_page=\u00bb3&#8243; paging_color=\u00bbmulled_wine\u00bb grid_id=\u00bbvc_gid:1699022165060-572f8856-0cf2-3&#8243; include=\u00bb25420,25419,25418,25417,25416,25415,25414,25413,25412,25411,25410,25409,25408&#8243;][vc_column_text]Para reservar esta exposici\u00f3n pincha en el siguiente enlace:[\/vc_column_text][vc_btn title=\u00bbFormulario reserva de exposici\u00f3n \u00abRafael Arozarena\u00ab\u00bb color=\u00bbgreen\u00bb align=\u00bbcenter\u00bb button_block=\u00bbtrue\u00bb link=\u00bburl:https%3A%2F%2Fforms.gle%2FR3PX3Zm7obqLhYh27|||\u00bb][\/vc_column_inner][\/vc_row_inner][\/vc_column][vc_column width=\u00bb1\/3&#8243;][vc_empty_space][vc_btn title=\u00bbExposici\u00f3n \u00abViera y las ciencias\u00ab\u00bb color=\u00bbviolet\u00bb align=\u00bbcenter\u00bb button_block=\u00bbtrue\u00bb link=\u00bburl:https%3A%2F%2Fwww.ull.es%2Fportal%2Fcienciaull%2Frepositorio-material%2Fexposiciones%2Fexposicion-viera-y-las-ciencias%2F\u00bb][vc_btn title=\u00bbExposici\u00f3n \u00abLa luz de la ciencia\u00ab\u00bb color=\u00bbinfo\u00bb align=\u00bbcenter\u00bb button_block=\u00bbtrue\u00bb link=\u00bburl:https%3A%2F%2Fwww.ull.es%2Fportal%2Fcienciaull%2Frepositorio-material%2Fexposiciones%2Fjose-de-viera-y-clavijo-y-agustin-de-betancourt-a-la-luz-de-la-ciencia%2F\u00bb][vc_btn title=\u00bbExposici\u00f3n \u00abRafael Arozarena\u00ab\u00bb color=\u00bbgreen\u00bb align=\u00bbcenter\u00bb button_block=\u00bbtrue\u00bb link=\u00bburl:https%3A%2F%2Fwww.ull.es%2Fportal%2Fcienciaull%2Frepositorio-material%2Fexposiciones%2Fexposicion-rafael-arozarena%2F\u00bb][\/vc_column][\/vc_row]<\/p>\n","protected":false},"excerpt":{"rendered":"<p>[vc_row][vc_column width=\u00bb2\/3&#8243;][vc_empty_space][vc_custom_heading source=\u00bbpost_title\u00bb google_fonts=\u00bbfont_family:Roboto%20Slab%3A100%2C300%2Cregular%2C700|font_style:700%20bold%20regular%3A700%3Anormal\u00bb css=\u00bb.vc_custom_1587866665320{margin-bottom: 7px !important;border-bottom-width: 7px !important;padding-bottom: 7px !important;}\u00bb][vc_empty_space height=\u00bb40px\u00bb][vc_row_inner][vc_column_inner][vc_column_text] Jos\u00e9 de Viera y Clavijo y Agust\u00edn de Betancourt a la luz de la ciencia El proyecto \u201cJos\u00e9 de Viera y Clavijo y Agust\u00edn de Betancourt a la luz de la ciencia\u201d propone un recorrido por la ciencia donde los protagonistas son Jos\u00e9&#8230;<\/p>\n","protected":false},"author":56,"featured_media":0,"parent":2512,"menu_order":4,"comment_status":"closed","ping_status":"closed","template":"templates\/cienciaull.php","meta":{"inline_featured_image":false,"footnotes":""},"acf":[],"yoast_head":"<!-- This site is optimized with the Yoast SEO plugin v21.3 - https:\/\/yoast.com\/wordpress\/plugins\/seo\/ -->\n<title>Exposiciones -<\/title>\n<meta name=\"robots\" content=\"index, follow, max-snippet:-1, max-image-preview:large, max-video-preview:-1\" \/>\n<link rel=\"canonical\" href=\"https:\/\/www.ull.es\/portal\/cienciaull\/repositorio-material\/exposiciones\/\" \/>\n<meta property=\"og:locale\" content=\"es_ES\" \/>\n<meta property=\"og:type\" content=\"article\" \/>\n<meta property=\"og:title\" content=\"Exposiciones -\" \/>\n<meta property=\"og:description\" content=\"[vc_row][vc_column width=\u00bb2\/3&#8243;][vc_empty_space][vc_custom_heading source=\u00bbpost_title\u00bb google_fonts=\u00bbfont_family:Roboto%20Slab%3A100%2C300%2Cregular%2C700|font_style:700%20bold%20regular%3A700%3Anormal\u00bb css=\u00bb.vc_custom_1587866665320{margin-bottom: 7px !important;border-bottom-width: 7px !important;padding-bottom: 7px !important;}\u00bb][vc_empty_space height=\u00bb40px\u00bb][vc_row_inner][vc_column_inner][vc_column_text] Jos\u00e9 de Viera y Clavijo y Agust\u00edn de Betancourt a la luz de la ciencia El proyecto \u201cJos\u00e9 de Viera y Clavijo y Agust\u00edn de Betancourt a la luz de la ciencia\u201d propone un recorrido por la ciencia donde los protagonistas son Jos\u00e9...\" \/>\n<meta property=\"og:url\" content=\"https:\/\/www.ull.es\/portal\/cienciaull\/repositorio-material\/exposiciones\/\" \/>\n<meta property=\"article:publisher\" content=\"https:\/\/www.facebook.com\/CienciaULL\/\" \/>\n<meta property=\"article:modified_time\" content=\"2023-11-03T14:36:25+00:00\" \/>\n<meta name=\"twitter:card\" content=\"summary_large_image\" \/>\n<meta name=\"twitter:site\" content=\"@CienciaULL\" \/>\n<meta name=\"twitter:label1\" content=\"Tiempo de lectura\" \/>\n\t<meta name=\"twitter:data1\" content=\"5 minutos\" \/>\n<script type=\"application\/ld+json\" class=\"yoast-schema-graph\">{\"@context\":\"https:\/\/schema.org\",\"@graph\":[{\"@type\":\"WebPage\",\"@id\":\"https:\/\/www.ull.es\/portal\/cienciaull\/repositorio-material\/exposiciones\/\",\"url\":\"https:\/\/www.ull.es\/portal\/cienciaull\/repositorio-material\/exposiciones\/\",\"name\":\"Exposiciones -\",\"isPartOf\":{\"@id\":\"https:\/\/www.ull.es\/portal\/cienciaull\/#website\"},\"datePublished\":\"2020-04-26T02:03:30+00:00\",\"dateModified\":\"2023-11-03T14:36:25+00:00\",\"breadcrumb\":{\"@id\":\"https:\/\/www.ull.es\/portal\/cienciaull\/repositorio-material\/exposiciones\/#breadcrumb\"},\"inLanguage\":\"es\",\"potentialAction\":[{\"@type\":\"ReadAction\",\"target\":[\"https:\/\/www.ull.es\/portal\/cienciaull\/repositorio-material\/exposiciones\/\"]}]},{\"@type\":\"BreadcrumbList\",\"@id\":\"https:\/\/www.ull.es\/portal\/cienciaull\/repositorio-material\/exposiciones\/#breadcrumb\",\"itemListElement\":[{\"@type\":\"ListItem\",\"position\":1,\"name\":\"Portada\",\"item\":\"https:\/\/www.ull.es\/portal\/cienciaull\/\"},{\"@type\":\"ListItem\",\"position\":2,\"name\":\"Repositorio Material\",\"item\":\"https:\/\/www.ull.es\/portal\/cienciaull\/repositorio-material\/\"},{\"@type\":\"ListItem\",\"position\":3,\"name\":\"Exposiciones\"}]},{\"@type\":\"WebSite\",\"@id\":\"https:\/\/www.ull.es\/portal\/cienciaull\/#website\",\"url\":\"https:\/\/www.ull.es\/portal\/cienciaull\/\",\"name\":\"\",\"description\":\"Unidad de Cultura Cient\u00edfica y de la Innovaci\u00f3n de la Universidad de La Laguna\",\"potentialAction\":[{\"@type\":\"SearchAction\",\"target\":{\"@type\":\"EntryPoint\",\"urlTemplate\":\"https:\/\/www.ull.es\/portal\/cienciaull\/?s={search_term_string}\"},\"query-input\":\"required name=search_term_string\"}],\"inLanguage\":\"es\"}]}<\/script>\n<!-- \/ Yoast SEO plugin. -->","yoast_head_json":{"title":"Exposiciones -","robots":{"index":"index","follow":"follow","max-snippet":"max-snippet:-1","max-image-preview":"max-image-preview:large","max-video-preview":"max-video-preview:-1"},"canonical":"https:\/\/www.ull.es\/portal\/cienciaull\/repositorio-material\/exposiciones\/","og_locale":"es_ES","og_type":"article","og_title":"Exposiciones -","og_description":"[vc_row][vc_column width=\u00bb2\/3&#8243;][vc_empty_space][vc_custom_heading source=\u00bbpost_title\u00bb google_fonts=\u00bbfont_family:Roboto%20Slab%3A100%2C300%2Cregular%2C700|font_style:700%20bold%20regular%3A700%3Anormal\u00bb css=\u00bb.vc_custom_1587866665320{margin-bottom: 7px !important;border-bottom-width: 7px !important;padding-bottom: 7px !important;}\u00bb][vc_empty_space height=\u00bb40px\u00bb][vc_row_inner][vc_column_inner][vc_column_text] Jos\u00e9 de Viera y Clavijo y Agust\u00edn de Betancourt a la luz de la ciencia El proyecto \u201cJos\u00e9 de Viera y Clavijo y Agust\u00edn de Betancourt a la luz de la ciencia\u201d propone un recorrido por la ciencia donde los protagonistas son Jos\u00e9...","og_url":"https:\/\/www.ull.es\/portal\/cienciaull\/repositorio-material\/exposiciones\/","article_publisher":"https:\/\/www.facebook.com\/CienciaULL\/","article_modified_time":"2023-11-03T14:36:25+00:00","twitter_card":"summary_large_image","twitter_site":"@CienciaULL","twitter_misc":{"Tiempo de lectura":"5 minutos"},"schema":{"@context":"https:\/\/schema.org","@graph":[{"@type":"WebPage","@id":"https:\/\/www.ull.es\/portal\/cienciaull\/repositorio-material\/exposiciones\/","url":"https:\/\/www.ull.es\/portal\/cienciaull\/repositorio-material\/exposiciones\/","name":"Exposiciones -","isPartOf":{"@id":"https:\/\/www.ull.es\/portal\/cienciaull\/#website"},"datePublished":"2020-04-26T02:03:30+00:00","dateModified":"2023-11-03T14:36:25+00:00","breadcrumb":{"@id":"https:\/\/www.ull.es\/portal\/cienciaull\/repositorio-material\/exposiciones\/#breadcrumb"},"inLanguage":"es","potentialAction":[{"@type":"ReadAction","target":["https:\/\/www.ull.es\/portal\/cienciaull\/repositorio-material\/exposiciones\/"]}]},{"@type":"BreadcrumbList","@id":"https:\/\/www.ull.es\/portal\/cienciaull\/repositorio-material\/exposiciones\/#breadcrumb","itemListElement":[{"@type":"ListItem","position":1,"name":"Portada","item":"https:\/\/www.ull.es\/portal\/cienciaull\/"},{"@type":"ListItem","position":2,"name":"Repositorio Material","item":"https:\/\/www.ull.es\/portal\/cienciaull\/repositorio-material\/"},{"@type":"ListItem","position":3,"name":"Exposiciones"}]},{"@type":"WebSite","@id":"https:\/\/www.ull.es\/portal\/cienciaull\/#website","url":"https:\/\/www.ull.es\/portal\/cienciaull\/","name":"","description":"Unidad de Cultura Cient\u00edfica y de la Innovaci\u00f3n de la Universidad de La Laguna","potentialAction":[{"@type":"SearchAction","target":{"@type":"EntryPoint","urlTemplate":"https:\/\/www.ull.es\/portal\/cienciaull\/?s={search_term_string}"},"query-input":"required name=search_term_string"}],"inLanguage":"es"}]}},"_links":{"self":[{"href":"https:\/\/www.ull.es\/portal\/cienciaull\/wp-json\/wp\/v2\/pages\/4929"}],"collection":[{"href":"https:\/\/www.ull.es\/portal\/cienciaull\/wp-json\/wp\/v2\/pages"}],"about":[{"href":"https:\/\/www.ull.es\/portal\/cienciaull\/wp-json\/wp\/v2\/types\/page"}],"author":[{"embeddable":true,"href":"https:\/\/www.ull.es\/portal\/cienciaull\/wp-json\/wp\/v2\/users\/56"}],"replies":[{"embeddable":true,"href":"https:\/\/www.ull.es\/portal\/cienciaull\/wp-json\/wp\/v2\/comments?post=4929"}],"version-history":[{"count":24,"href":"https:\/\/www.ull.es\/portal\/cienciaull\/wp-json\/wp\/v2\/pages\/4929\/revisions"}],"predecessor-version":[{"id":25444,"href":"https:\/\/www.ull.es\/portal\/cienciaull\/wp-json\/wp\/v2\/pages\/4929\/revisions\/25444"}],"up":[{"embeddable":true,"href":"https:\/\/www.ull.es\/portal\/cienciaull\/wp-json\/wp\/v2\/pages\/2512"}],"wp:attachment":[{"href":"https:\/\/www.ull.es\/portal\/cienciaull\/wp-json\/wp\/v2\/media?parent=4929"}],"curies":[{"name":"wp","href":"https:\/\/api.w.org\/{rel}","templated":true}]}}