{"id":6180,"date":"2020-05-11T01:29:01","date_gmt":"2020-05-11T01:29:01","guid":{"rendered":"https:\/\/www.ull.es\/portal\/cienciaull\/?page_id=6180"},"modified":"2023-01-12T18:13:11","modified_gmt":"2023-01-12T18:13:11","slug":"proyectos-educativos","status":"publish","type":"page","link":"https:\/\/www.ull.es\/portal\/cienciaull\/proyectos-educativos\/","title":{"rendered":"Proyectos educativos"},"content":{"rendered":"<p>[vc_row][vc_column]\n<div id=\"rev_slider_15_1_wrapper\" class=\"rev_slider_wrapper fullwidthbanner-container\" data-source=\"gallery\" style=\"margin:0px auto;background:transparent;padding:0px;margin-top:0px;margin-bottom:0px;\">\n<!-- START REVOLUTION SLIDER 5.4.7.3 auto mode -->\n\t<div id=\"rev_slider_15_1\" class=\"rev_slider fullwidthabanner\" style=\"display:none;\" data-version=\"5.4.7.3\">\n<ul>\t<!-- SLIDE  -->\n\t<li data-index=\"rs-37\" data-transition=\"fade\" data-slotamount=\"default\" data-hideafterloop=\"0\" data-hideslideonmobile=\"off\"  data-easein=\"default\" data-easeout=\"default\" data-masterspeed=\"300\"  data-rotate=\"0\"  data-saveperformance=\"off\"  data-title=\"Slide\" data-param1=\"\" data-param2=\"\" data-param3=\"\" data-param4=\"\" data-param5=\"\" data-param6=\"\" data-param7=\"\" data-param8=\"\" data-param9=\"\" data-param10=\"\" data-description=\"\">\n\t\t<!-- MAIN IMAGE -->\n\t\t<img src=\"https:\/\/s6.gifyu.com\/images\/Banner-CienciULL-Generico-1600-x-560.png\"  alt=\"\"  width=\"1920\" height=\"1080\" data-bgposition=\"center center\" data-bgfit=\"contain\" data-bgrepeat=\"no-repeat\" class=\"rev-slidebg\" data-no-retina>\n\t\t<!-- LAYERS -->\n\t<\/li>\n<\/ul>\n<div class=\"tp-bannertimer tp-bottom\" style=\"visibility: hidden !important;\"><\/div>\t<\/div>\n<script>var htmlDiv = document.getElementById(\"rs-plugin-settings-inline-css\"); var htmlDivCss=\"\";\r\n\t\t\t\tif(htmlDiv) {\r\n\t\t\t\t\thtmlDiv.innerHTML = htmlDiv.innerHTML + htmlDivCss;\r\n\t\t\t\t}else{\r\n\t\t\t\t\tvar htmlDiv = document.createElement(\"div\");\r\n\t\t\t\t\thtmlDiv.innerHTML = \"<style>\" + htmlDivCss + \"<\/style>\";\r\n\t\t\t\t\tdocument.getElementsByTagName(\"head\")[0].appendChild(htmlDiv.childNodes[0]);\r\n\t\t\t\t}\r\n\t\t\t<\/script>\n\t\t<script type=\"text\/javascript\">\r\nif (setREVStartSize!==undefined) setREVStartSize(\r\n\t{c: '#rev_slider_15_1', gridwidth: [1600], gridheight: [560], sliderLayout: 'auto'});\r\n\t\t\t\r\nvar revapi15,\r\n\ttpj;\t\r\n(function() {\t\t\t\r\n\tif (!\/loaded|interactive|complete\/.test(document.readyState)) document.addEventListener(\"DOMContentLoaded\",onLoad); else onLoad();\t\r\n\tfunction onLoad() {\t\t\t\t\r\n\t\tif (tpj===undefined) { tpj = jQuery; if(\"off\" == \"on\") tpj.noConflict();}\r\n\tif(tpj(\"#rev_slider_15_1\").revolution == undefined){\n\t\trevslider_showDoubleJqueryError(\"#rev_slider_15_1\");\n\t}else{\n\t\trevapi15 = tpj(\"#rev_slider_15_1\").show().revolution({\n\t\t\tsliderType:\"hero\",\n\t\t\tjsFileLocation:\"\/\/www.ull.es\/portal\/cienciaull\/wp-content\/plugins\/revslider\/public\/assets\/js\/\",\n\t\t\tsliderLayout:\"auto\",\n\t\t\tdottedOverlay:\"none\",\n\t\t\tdelay:9000,\n\t\t\tvisibilityLevels:[1240,1024,778,480],\n\t\t\tgridwidth:1600,\n\t\t\tgridheight:560,\n\t\t\tlazyType:\"none\",\n\t\t\tshadow:0,\n\t\t\tspinner:\"spinner0\",\n\t\t\tautoHeight:\"off\",\n\t\t\tdisableProgressBar:\"on\",\n\t\t\thideThumbsOnMobile:\"off\",\n\t\t\thideSliderAtLimit:0,\n\t\t\thideCaptionAtLimit:0,\n\t\t\thideAllCaptionAtLilmit:0,\n\t\t\tdebugMode:false,\n\t\t\tfallbacks: {\n\t\t\t\tsimplifyAll:\"off\",\n\t\t\t\tdisableFocusListener:false,\n\t\t\t}\n\t\t});\n\t}; \/* END OF revapi call *\/\n\t\n }; \/* END OF ON LOAD FUNCTION *\/\r\n}()); \/* END OF WRAPPING FUNCTION *\/\r\n<\/script>\r\n\t\t<\/div><!-- END REVOLUTION SLIDER -->[vc_separator color=\u00bbviolet\u00bb border_width=\u00bb10&#8243;][\/vc_column][\/vc_row][vc_row][vc_column][vc_empty_space height=\u00bb45px\u00bb][vc_custom_heading text=\u00bbProyectos educativos\u00bb google_fonts=\u00bbfont_family:Roboto%20Slab%3A100%2C300%2Cregular%2C700|font_style:700%20bold%20regular%3A700%3Anormal\u00bb css=\u00bb.vc_custom_1673521939366{margin-bottom: 5px !important;border-bottom-width: 5px !important;padding-bottom: 5px !important;}\u00bb][vc_column_text]<\/p>\n<p style=\"font-weight: 400;text-align: justify\">Desde el a\u00f1o 2017, la Fundaci\u00f3n General de la Universidad de La Laguna, a trav\u00e9s de Cienci@ULL, el Aula Cultural de Pensamiento Computacional, el departamento de Did\u00e1ctica de las Ciencias Experimentales y el \u00e1rea de Did\u00e1cticas de las Matem\u00e1ticas de la Universidad de La Laguna, desarrolla junto al Servicio de Educaci\u00f3n y Juventud del Cabildo Insular de Tenerife una serie de proyectos educativos dirigidos a los centros escolares de primaria y secundaria de la isla.<\/p>\n<p style=\"font-weight: 400;text-align: justify\">Estos proyectos tienen como finalidad capacitar al profesorado con nuevas metodolog\u00edas para la ense\u00f1anza de las matem\u00e1ticas, la ciencia y la tecnolog\u00eda. Para ello, cuenta tambi\u00e9n con la colaboraci\u00f3n del Museo de la Ciencia y el Cosmos y la Sociedad Canaria de Profesores de Matem\u00e1ticas Luis Balbuena.<\/p>\n<p style=\"font-weight: 400;text-align: justify\">A continuaci\u00f3n, encontrar\u00e1s una breve descripci\u00f3n estos proyectos y el acceso a sus webs:<\/p>\n<p style=\"font-weight: 400;text-align: justify\"><strong><span style=\"color: #3f2987\">Ciencia a lo Grande<\/span><\/strong>, pretende favorecer la ense\u00f1anza y el aprendizaje de las ciencias en Educaci\u00f3n Primaria, a trav\u00e9s de la formaci\u00f3n del profesorado sobre el funcionamiento general b\u00e1sico del mundo f\u00edsico en el que nos encontramos, aprendiendo sobre el uso del concepto de las grandes ideas de la ciencia.<\/p>\n<p style=\"font-weight: 400;text-align: justify\"><strong><span style=\"color: #004f95\">P<\/span><span style=\"color: #e24319\">r<\/span><span style=\"color: #fece3a\">o<\/span><span style=\"color: #00b53f\">y<\/span><span style=\"color: #004f95\">e<\/span><span style=\"color: #e24319\">c<\/span><span style=\"color: #fece3a\">t<\/span><span style=\"color: #00b53f\">a<span style=\"color: #004f95\">Mates <\/span><\/span><\/strong>tiene como objetivo principal desarrollar el uso del razonamiento l\u00f3gico y la resoluci\u00f3n de problemas en el alumnado de la isla de Tenerife (de 3\u00ba a 6\u00ba de primaria y 1\u00ba y 2\u00ba de la ESO) a trav\u00e9s del manejo de t\u00e9cnicas y estrategias docentes que permitan fortalecer las capacidades deductivas del alumnado.<\/p>\n<p style=\"font-weight: 400;text-align: justify\"><span style=\"font-weight: 400\"><strong><span style=\"color: #da4b4e\">Piensa ComputacionULLmente<\/span><\/strong><\/span> es un proyecto educativo que pretende apoyar a los estudiantes, sus familias y sus docentes en la integraci\u00f3n del Pensamiento Computacional en el aprendizaje para lograr una educaci\u00f3n con una comprensi\u00f3n mucho m\u00e1s profunda de nuestro mundo actual.<\/p>\n<p>[\/vc_column_text][\/vc_column][\/vc_row][vc_row][vc_column width=\u00bb1\/3&#8243;][vc_empty_space height=\u00bb40px\u00bb][vc_single_image image=\u00bb20441&#8243; img_size=\u00bb300&#215;300&#8243; alignment=\u00bbcenter\u00bb onclick=\u00bbcustom_link\u00bb link=\u00bbhttps:\/\/www.ull.es\/portal\/cienciaull\/ciencia-a-lo-grande\/\u00bb css=\u00bb.vc_custom_1673547058896{margin-top: 0px !important;margin-right: 3px !important;border-top-width: 0px !important;border-right-width: 3px !important;padding-top: 0px !important;padding-right: 3px !important;}\u00bb][vc_column_text css=\u00bb.vc_custom_1673546194772{margin-top: 0px !important;margin-right: 28px !important;margin-left: 28px !important;border-top-width: 0px !important;border-right-width: 28px !important;border-left-width: 28px !important;padding-top: 0px !important;padding-right: 28px !important;padding-left: 28px !important;background-color: #7d3c98 !important;}\u00bb]<\/p>\n<p style=\"text-align: center\"><span style=\"color: #ffffff\"><strong>Ciencia a lo Grande<\/strong><\/span><\/p>\n<p>[\/vc_column_text][\/vc_column][vc_column width=\u00bb1\/3&#8243;][vc_empty_space height=\u00bb40px\u00bb][vc_single_image image=\u00bb20440&#8243; img_size=\u00bb300&#215;300&#8243; alignment=\u00bbcenter\u00bb onclick=\u00bbcustom_link\u00bb link=\u00bbhttps:\/\/www.ull.es\/portal\/cienciaull\/proyectamates\/\u00bb css=\u00bb.vc_custom_1673547071106{margin-top: 0px !important;margin-right: 3px !important;margin-left: 3px !important;border-top-width: 0px !important;border-right-width: 3px !important;border-left-width: 3px !important;padding-top: 0px !important;padding-right: 3px !important;padding-left: 3px !important;}\u00bb][vc_column_text css=\u00bb.vc_custom_1673546227875{margin-top: 0px !important;margin-right: 28px !important;margin-left: 28px !important;border-top-width: 0px !important;border-right-width: 28px !important;border-left-width: 28px !important;padding-top: 0px !important;padding-right: 28px !important;padding-left: 28px !important;background-color: #7d3c98 !important;}\u00bb]<\/p>\n<p style=\"text-align: center\"><span style=\"color: #ffffff\"><strong>ProyectaMates<\/strong><\/span><\/p>\n<p>[\/vc_column_text][\/vc_column][vc_column width=\u00bb1\/3&#8243;][vc_empty_space height=\u00bb40px\u00bb][vc_single_image image=\u00bb20439&#8243; img_size=\u00bb300&#215;300&#8243; alignment=\u00bbcenter\u00bb onclick=\u00bbcustom_link\u00bb link=\u00bbhttps:\/\/www.ull.es\/portal\/cienciaull\/piensacomputacionaullmente\/\u00bb css=\u00bb.vc_custom_1673547082848{margin-top: 0px !important;margin-right: 3px !important;margin-left: 3px !important;border-top-width: 0px !important;border-right-width: 3px !important;border-left-width: 3px !important;padding-top: 0px !important;padding-right: 3px !important;padding-left: 3px !important;}\u00bb][vc_column_text css=\u00bb.vc_custom_1673546473841{margin-top: 0px !important;margin-right: 28px !important;margin-left: 28px !important;border-top-width: 0px !important;border-right-width: 28px !important;border-left-width: 28px !important;padding-top: 0px !important;padding-right: 28px !important;padding-left: 28px !important;background-color: #7d3c98 !important;}\u00bb]<\/p>\n<p style=\"text-align: center\"><span style=\"color: #ffffff\"><strong>Piensa ComputacionLLmente<\/strong><\/span><\/p>\n<p>[\/vc_column_text][\/vc_column][\/vc_row]<\/p>\n","protected":false},"excerpt":{"rendered":"<p>[vc_row][vc_column][vc_separator color=\u00bbviolet\u00bb border_width=\u00bb10&#8243;][\/vc_column][\/vc_row][vc_row][vc_column][vc_empty_space height=\u00bb45px\u00bb][vc_custom_heading text=\u00bbProyectos educativos\u00bb google_fonts=\u00bbfont_family:Roboto%20Slab%3A100%2C300%2Cregular%2C700|font_style:700%20bold%20regular%3A700%3Anormal\u00bb css=\u00bb.vc_custom_1673521939366{margin-bottom: 5px !important;border-bottom-width: 5px !important;padding-bottom: 5px !important;}\u00bb][vc_column_text] Desde el a\u00f1o 2017, la Fundaci\u00f3n General de la Universidad de La Laguna, a trav\u00e9s de Cienci@ULL, el Aula Cultural de Pensamiento Computacional, el departamento de Did\u00e1ctica de las Ciencias Experimentales y el \u00e1rea de Did\u00e1cticas de las Matem\u00e1ticas de la&#8230;<\/p>\n","protected":false},"author":56,"featured_media":0,"parent":0,"menu_order":0,"comment_status":"closed","ping_status":"closed","template":"templates\/cienciaull.php","meta":{"inline_featured_image":false,"footnotes":""},"acf":[],"yoast_head":"<!-- This site is optimized with the Yoast SEO plugin v21.3 - https:\/\/yoast.com\/wordpress\/plugins\/seo\/ -->\n<title>Proyectos educativos -<\/title>\n<meta name=\"robots\" content=\"index, follow, max-snippet:-1, max-image-preview:large, max-video-preview:-1\" \/>\n<link rel=\"canonical\" href=\"https:\/\/www.ull.es\/portal\/cienciaull\/proyectos-educativos\/\" \/>\n<meta property=\"og:locale\" content=\"es_ES\" \/>\n<meta property=\"og:type\" content=\"article\" \/>\n<meta property=\"og:title\" content=\"Proyectos educativos -\" \/>\n<meta property=\"og:description\" content=\"[vc_row][vc_column][vc_separator color=\u00bbviolet\u00bb border_width=\u00bb10&#8243;][\/vc_column][\/vc_row][vc_row][vc_column][vc_empty_space height=\u00bb45px\u00bb][vc_custom_heading text=\u00bbProyectos educativos\u00bb google_fonts=\u00bbfont_family:Roboto%20Slab%3A100%2C300%2Cregular%2C700|font_style:700%20bold%20regular%3A700%3Anormal\u00bb css=\u00bb.vc_custom_1673521939366{margin-bottom: 5px !important;border-bottom-width: 5px !important;padding-bottom: 5px !important;}\u00bb][vc_column_text] Desde el a\u00f1o 2017, la Fundaci\u00f3n General de la Universidad de La Laguna, a trav\u00e9s de Cienci@ULL, el Aula Cultural de Pensamiento Computacional, el departamento de Did\u00e1ctica de las Ciencias Experimentales y el \u00e1rea de Did\u00e1cticas de las Matem\u00e1ticas de la...\" \/>\n<meta property=\"og:url\" content=\"https:\/\/www.ull.es\/portal\/cienciaull\/proyectos-educativos\/\" \/>\n<meta property=\"article:publisher\" content=\"https:\/\/www.facebook.com\/CienciaULL\/\" \/>\n<meta property=\"article:modified_time\" content=\"2023-01-12T18:13:11+00:00\" \/>\n<meta name=\"twitter:card\" content=\"summary_large_image\" \/>\n<meta name=\"twitter:site\" content=\"@CienciaULL\" \/>\n<meta name=\"twitter:label1\" content=\"Tiempo de lectura\" \/>\n\t<meta name=\"twitter:data1\" content=\"3 minutos\" \/>\n<script type=\"application\/ld+json\" class=\"yoast-schema-graph\">{\"@context\":\"https:\/\/schema.org\",\"@graph\":[{\"@type\":\"WebPage\",\"@id\":\"https:\/\/www.ull.es\/portal\/cienciaull\/proyectos-educativos\/\",\"url\":\"https:\/\/www.ull.es\/portal\/cienciaull\/proyectos-educativos\/\",\"name\":\"Proyectos educativos -\",\"isPartOf\":{\"@id\":\"https:\/\/www.ull.es\/portal\/cienciaull\/#website\"},\"datePublished\":\"2020-05-11T01:29:01+00:00\",\"dateModified\":\"2023-01-12T18:13:11+00:00\",\"breadcrumb\":{\"@id\":\"https:\/\/www.ull.es\/portal\/cienciaull\/proyectos-educativos\/#breadcrumb\"},\"inLanguage\":\"es\",\"potentialAction\":[{\"@type\":\"ReadAction\",\"target\":[\"https:\/\/www.ull.es\/portal\/cienciaull\/proyectos-educativos\/\"]}]},{\"@type\":\"BreadcrumbList\",\"@id\":\"https:\/\/www.ull.es\/portal\/cienciaull\/proyectos-educativos\/#breadcrumb\",\"itemListElement\":[{\"@type\":\"ListItem\",\"position\":1,\"name\":\"Portada\",\"item\":\"https:\/\/www.ull.es\/portal\/cienciaull\/\"},{\"@type\":\"ListItem\",\"position\":2,\"name\":\"Proyectos educativos\"}]},{\"@type\":\"WebSite\",\"@id\":\"https:\/\/www.ull.es\/portal\/cienciaull\/#website\",\"url\":\"https:\/\/www.ull.es\/portal\/cienciaull\/\",\"name\":\"\",\"description\":\"Unidad de Cultura Cient\u00edfica y de la Innovaci\u00f3n de la Universidad de La Laguna\",\"potentialAction\":[{\"@type\":\"SearchAction\",\"target\":{\"@type\":\"EntryPoint\",\"urlTemplate\":\"https:\/\/www.ull.es\/portal\/cienciaull\/?s={search_term_string}\"},\"query-input\":\"required name=search_term_string\"}],\"inLanguage\":\"es\"}]}<\/script>\n<!-- \/ Yoast SEO plugin. -->","yoast_head_json":{"title":"Proyectos educativos -","robots":{"index":"index","follow":"follow","max-snippet":"max-snippet:-1","max-image-preview":"max-image-preview:large","max-video-preview":"max-video-preview:-1"},"canonical":"https:\/\/www.ull.es\/portal\/cienciaull\/proyectos-educativos\/","og_locale":"es_ES","og_type":"article","og_title":"Proyectos educativos -","og_description":"[vc_row][vc_column][vc_separator color=\u00bbviolet\u00bb border_width=\u00bb10&#8243;][\/vc_column][\/vc_row][vc_row][vc_column][vc_empty_space height=\u00bb45px\u00bb][vc_custom_heading text=\u00bbProyectos educativos\u00bb google_fonts=\u00bbfont_family:Roboto%20Slab%3A100%2C300%2Cregular%2C700|font_style:700%20bold%20regular%3A700%3Anormal\u00bb css=\u00bb.vc_custom_1673521939366{margin-bottom: 5px !important;border-bottom-width: 5px !important;padding-bottom: 5px !important;}\u00bb][vc_column_text] Desde el a\u00f1o 2017, la Fundaci\u00f3n General de la Universidad de La Laguna, a trav\u00e9s de Cienci@ULL, el Aula Cultural de Pensamiento Computacional, el departamento de Did\u00e1ctica de las Ciencias Experimentales y el \u00e1rea de Did\u00e1cticas de las Matem\u00e1ticas de la...","og_url":"https:\/\/www.ull.es\/portal\/cienciaull\/proyectos-educativos\/","article_publisher":"https:\/\/www.facebook.com\/CienciaULL\/","article_modified_time":"2023-01-12T18:13:11+00:00","twitter_card":"summary_large_image","twitter_site":"@CienciaULL","twitter_misc":{"Tiempo de lectura":"3 minutos"},"schema":{"@context":"https:\/\/schema.org","@graph":[{"@type":"WebPage","@id":"https:\/\/www.ull.es\/portal\/cienciaull\/proyectos-educativos\/","url":"https:\/\/www.ull.es\/portal\/cienciaull\/proyectos-educativos\/","name":"Proyectos educativos -","isPartOf":{"@id":"https:\/\/www.ull.es\/portal\/cienciaull\/#website"},"datePublished":"2020-05-11T01:29:01+00:00","dateModified":"2023-01-12T18:13:11+00:00","breadcrumb":{"@id":"https:\/\/www.ull.es\/portal\/cienciaull\/proyectos-educativos\/#breadcrumb"},"inLanguage":"es","potentialAction":[{"@type":"ReadAction","target":["https:\/\/www.ull.es\/portal\/cienciaull\/proyectos-educativos\/"]}]},{"@type":"BreadcrumbList","@id":"https:\/\/www.ull.es\/portal\/cienciaull\/proyectos-educativos\/#breadcrumb","itemListElement":[{"@type":"ListItem","position":1,"name":"Portada","item":"https:\/\/www.ull.es\/portal\/cienciaull\/"},{"@type":"ListItem","position":2,"name":"Proyectos educativos"}]},{"@type":"WebSite","@id":"https:\/\/www.ull.es\/portal\/cienciaull\/#website","url":"https:\/\/www.ull.es\/portal\/cienciaull\/","name":"","description":"Unidad de Cultura Cient\u00edfica y de la Innovaci\u00f3n de la Universidad de La Laguna","potentialAction":[{"@type":"SearchAction","target":{"@type":"EntryPoint","urlTemplate":"https:\/\/www.ull.es\/portal\/cienciaull\/?s={search_term_string}"},"query-input":"required name=search_term_string"}],"inLanguage":"es"}]}},"_links":{"self":[{"href":"https:\/\/www.ull.es\/portal\/cienciaull\/wp-json\/wp\/v2\/pages\/6180"}],"collection":[{"href":"https:\/\/www.ull.es\/portal\/cienciaull\/wp-json\/wp\/v2\/pages"}],"about":[{"href":"https:\/\/www.ull.es\/portal\/cienciaull\/wp-json\/wp\/v2\/types\/page"}],"author":[{"embeddable":true,"href":"https:\/\/www.ull.es\/portal\/cienciaull\/wp-json\/wp\/v2\/users\/56"}],"replies":[{"embeddable":true,"href":"https:\/\/www.ull.es\/portal\/cienciaull\/wp-json\/wp\/v2\/comments?post=6180"}],"version-history":[{"count":10,"href":"https:\/\/www.ull.es\/portal\/cienciaull\/wp-json\/wp\/v2\/pages\/6180\/revisions"}],"predecessor-version":[{"id":20453,"href":"https:\/\/www.ull.es\/portal\/cienciaull\/wp-json\/wp\/v2\/pages\/6180\/revisions\/20453"}],"wp:attachment":[{"href":"https:\/\/www.ull.es\/portal\/cienciaull\/wp-json\/wp\/v2\/media?parent=6180"}],"curies":[{"name":"wp","href":"https:\/\/api.w.org\/{rel}","templated":true}]}}