{"id":65,"date":"2017-04-19T12:30:01","date_gmt":"2017-04-19T12:30:01","guid":{"rendered":"https:\/\/cienciapre.fgull.org\/?page_id=65"},"modified":"2023-05-17T12:39:44","modified_gmt":"2023-05-17T12:39:44","slug":"quienes-somos","status":"publish","type":"page","link":"https:\/\/www.ull.es\/portal\/cienciaull\/inicio\/quienes-somos\/","title":{"rendered":"Presentaci\u00f3n"},"content":{"rendered":"<p>[vc_row][vc_column][vc_custom_heading source=\u00bbpost_title\u00bb font_container=\u00bbtag:h1|text_align:left\u00bb google_fonts=\u00bbfont_family:Roboto%20Slab%3A100%2C300%2Cregular%2C700|font_style:700%20bold%20regular%3A700%3Anormal\u00bb css=\u00bb.vc_custom_1588290032503{margin-bottom: 7px !important;border-bottom-width: 7px !important;padding-bottom: 7px !important;}\u00bb][vc_column_text]<\/p>\n<p style=\"text-align: justify\"><img decoding=\"async\" loading=\"lazy\" class=\"size-medium wp-image-5472 alignleft\" src=\"https:\/\/www.ull.es\/portal\/cienciaull\/wp-content\/uploads\/sites\/24\/2020\/05\/circulo-1-300x300.jpg\" alt=\"\" width=\"300\" height=\"300\" srcset=\"https:\/\/www.ull.es\/portal\/cienciaull\/wp-content\/uploads\/sites\/24\/2020\/05\/circulo-1-300x300.jpg 300w, https:\/\/www.ull.es\/portal\/cienciaull\/wp-content\/uploads\/sites\/24\/2020\/05\/circulo-1-150x150.jpg 150w, https:\/\/www.ull.es\/portal\/cienciaull\/wp-content\/uploads\/sites\/24\/2020\/05\/circulo-1-375x375.jpg 375w, https:\/\/www.ull.es\/portal\/cienciaull\/wp-content\/uploads\/sites\/24\/2020\/05\/circulo-1-50x50.jpg 50w, https:\/\/www.ull.es\/portal\/cienciaull\/wp-content\/uploads\/sites\/24\/2020\/05\/circulo-1.jpg 400w\" sizes=\"(max-width: 300px) 100vw, 300px\" \/>Desde el a\u00f1o 2006, la Universidad de La Laguna (ULL), a trav\u00e9s de su Fundaci\u00f3n General (FGULL), organiza y realiza diferentes acciones dirigidas a dar a conocer la actividad investigadora que se desarrolla en sus departamentos y estructuras cient\u00edficas a la sociedad Canaria.<\/p>\n<p style=\"text-align: justify\">En el a\u00f1o 2013, estas dos entidades deciden constituir una unidad de cultura cient\u00edfica y de la innovaci\u00f3n (UCC+i), <strong>Cienci@ULL<\/strong>, de acuerdo con los requisitos establecidos en el <em>\u201cLibro Blanco\u201d de la UCC+i de la Fundaci\u00f3n Espa\u00f1ola para la Ciencia y la Tecnolog\u00eda del Ministerio de Ciencia e Innovaci\u00f3n<\/em>.<br \/>\n<strong>Cienci@ULL<\/strong> cuenta con un plan anual de acciones dirigido a diferentes p\u00fablicos, con el fin de <span style=\"color: #cc99ff\">potenciar la actividad de difusi\u00f3n, divulgaci\u00f3n y comunicaci\u00f3n que realizan ambas entidades, y reforzar su labor de transferencia de conocimiento hacia al sector empresarial y\/o la administraci\u00f3n, para promover e inculcar la cultura cient\u00edfica en la sociedad canaria, comenzando por las edades m\u00e1s tempranas.<\/span><\/p>\n<p style=\"text-align: justify\">La difusi\u00f3n, divulgaci\u00f3n y comunicaci\u00f3n de los resultados de investigaci\u00f3n que se generan en los departamentos y estructuras cient\u00edficas de la ULL y, concretamente, la repercusi\u00f3n directa que tienen en la vida real, es una actividad clave para mejorar el conocimiento cient\u00edfico de la sociedad canaria y una forma de crear un canal de di\u00e1logo entre el personal cient\u00edfico y la poblaci\u00f3n de las islas, ayudando a incentivar las vocaciones cient\u00edficas de nuestros j\u00f3venes.<\/p>\n<p style=\"text-align: justify\">Este hecho se apoya en que, actualmente, la ciencia y la tecnolog\u00eda est\u00e1n presentes de forma activa en cada uno de los acontecimientos que se desarrollan en la vida cotidiana, lo que genera que la sociedad demande un mayor conocimiento en estos \u00e1mbitos. Sin embargo, el informe CRECE (Comisiones de Reflexi\u00f3n y Estudio de la Ciencia en Espa\u00f1a), elaborado por la Confederaci\u00f3n de Sociedades Cient\u00edficas de Espa\u00f1a (COSCE), recoge que Espa\u00f1a posee una tasa muy baja en cultura cient\u00edfica.<\/p>\n<p style=\"text-align: justify\">Adem\u00e1s, el estudio presentado el 4 de febrero de 2015, titulado \u201cEvaluaci\u00f3n del impacto de las acciones de divulgaci\u00f3n en t\u00e9rminos de promoci\u00f3n de vocaciones cient\u00edfico-tecnol\u00f3gicas\u201d y realizado por la Obra Social \u201cla Caixa\u201d, la Fundaci\u00f3n Espa\u00f1ola para la Ciencia y la Tecnolog\u00eda (FECYT) y everis, muestra que la realizaci\u00f3n de acciones de divulgaci\u00f3n cient\u00edfica en los centros escolares de secundaria aumenta en un 5,6% el n\u00famero de j\u00f3venes interesados en realizar estudios superiores vinculados a la ciencia y la investigaci\u00f3n.<\/p>\n<p style=\"text-align: justify\">Por tanto, la labor que se realiza desde las UCC+i constituye una v\u00eda fundamental \u201cen la transmisi\u00f3n social del conocimiento generado en los centros de investigaci\u00f3n, universidades y otras instituciones\u201d. Del mismo modo, \u201cdesempe\u00f1an una de gran importancia para el fomento de la cultura cient\u00edfica y de la innovaci\u00f3n, tanto en la sociedad civil como en el tejido productivo\u201d.<\/p>\n<p>[\/vc_column_text][vc_media_grid style=\u00bbpagination\u00bb items_per_page=\u00bb12&#8243; element_width=\u00bb2&#8243; paging_color=\u00bbviolet\u00bb item=\u00bbmediaGrid_SlideInTitle\u00bb initial_loading_animation=\u00bbnone\u00bb grid_id=\u00bbvc_gid:1684327166653-eda4b8bb-2338-4&#8243; include=\u00bb5392,5380,5378,5377,5336,5339,5333,5331,5328,5292,5291,5290,5288,5278,5286,5285,5271,5269,5281,5268,5266,5150,5147,5145,5144,5138,5132,5131,5129,5130,5126,5065,5073,5054,5070,4536,4540,4516,4473,5334,5289,5287,5294,5180,5152,5176,5123,4526&#8243;][vc_column_text]<\/p>\n<p style=\"text-align: justify\">La Unidad de Cultura Cient\u00edfica y de la Innovaci\u00f3n de la ULL, Cienci@ULL\u00ae, es una estructura operacional destinada a acercar la actividad investigadora de su universidad y de otros centros de I+D canarios asociados a la misma a la sociedad, de una forma cercana y pr\u00e1ctica pero sin perder el rigor cient\u00edfico de la misma y de la mano de su personal investigador y tecnol\u00f3gico, as\u00ed como a despertar la curiosidad cient\u00edfica de los\/as j\u00f3venes canarios para ayudarles a identificar sus intereses profesionales.<\/p>\n<p style=\"text-align: justify\">Para ello, Cienci@ULL desarrolla anualmente su actividad en torno a cuatro lineas estrat\u00e9gicas, cada una de ellas dirigida a un p\u00fablico objetivo:<\/p>\n<ul>\n<li style=\"list-style-type: none\">\n<ul>\n<li>\n<p style=\"text-align: justify\"><span style=\"color: #008000\"><strong>L\u00ednea 1. La divulgaci\u00f3n, difusi\u00f3n y comunicaci\u00f3n de los resultados de investigaci\u00f3n generados por la Universidad de La Laguna<\/strong><\/span>, a trav\u00e9s de la realizaci\u00f3n de entrevistas de radio al personal investigador o v\u00eddeos divulgativos, la organizaci\u00f3n de ferias cient\u00edficas, etc.<\/p>\n<\/li>\n<li>\n<p style=\"text-align: justify\"><span style=\"color: #3366ff\"><strong>L\u00ednea 2. El fomento de las vocaciones cient\u00edficas y profesionales del alumnado de primaria, secundaria, bachillerato, formaci\u00f3n profesional y universitario<\/strong>,<\/span> mediante la organizaci\u00f3n de actividades espec\u00edficas, tales como: rutas cient\u00edficas, talleres pr\u00e1cticos, charlas cient\u00edficas, concursos, campus de la ciencia, etc.<\/p>\n<\/li>\n<li>\n<p style=\"text-align: justify\"><span style=\"color: #ff6600\"><strong>L\u00ednea 3. La sensibilizaci\u00f3n y la formaci\u00f3n del personal investigador en comunicaci\u00f3n, divulgaci\u00f3n de sus resultados de investigaci\u00f3n y mostrando la importancia de la transferencia de conocimiento.<\/strong><\/span> Para ello se organizan diferentes actividades (cursos formativos y concursos) con la finalidad de concienciar y motivar al personal investigador y dotarles de las pautas y herramientas necesarias para hacerlo.<\/p>\n<\/li>\n<li>\n<p style=\"text-align: justify\"><span style=\"color: #800080\"><strong>L\u00ednea 4. Promoci\u00f3n de la oferta cient\u00edfico-tecnol\u00f3gica de la Universidad de La Laguna<\/strong><\/span> en ferias y foros.<\/p>\n<\/li>\n<\/ul>\n<\/li>\n<\/ul>\n<p>[\/vc_column_text][\/vc_column][\/vc_row]<\/p>\n","protected":false},"excerpt":{"rendered":"<p>[vc_row][vc_column][vc_custom_heading source=\u00bbpost_title\u00bb font_container=\u00bbtag:h1|text_align:left\u00bb google_fonts=\u00bbfont_family:Roboto%20Slab%3A100%2C300%2Cregular%2C700|font_style:700%20bold%20regular%3A700%3Anormal\u00bb css=\u00bb.vc_custom_1588290032503{margin-bottom: 7px !important;border-bottom-width: 7px !important;padding-bottom: 7px !important;}\u00bb][vc_column_text] Desde el a\u00f1o 2006, la Universidad de La Laguna (ULL), a trav\u00e9s de su Fundaci\u00f3n General (FGULL), organiza y realiza diferentes acciones dirigidas a dar a conocer la actividad investigadora que se desarrolla en sus departamentos y estructuras cient\u00edficas a la sociedad Canaria. En&#8230;<\/p>\n","protected":false},"author":1,"featured_media":0,"parent":415,"menu_order":1,"comment_status":"closed","ping_status":"closed","template":"","meta":{"inline_featured_image":false,"footnotes":""},"acf":[],"yoast_head":"<!-- This site is optimized with the Yoast SEO plugin v21.3 - https:\/\/yoast.com\/wordpress\/plugins\/seo\/ -->\n<title>Presentaci\u00f3n -<\/title>\n<meta name=\"robots\" content=\"index, follow, max-snippet:-1, max-image-preview:large, max-video-preview:-1\" \/>\n<link rel=\"canonical\" href=\"https:\/\/www.ull.es\/portal\/cienciaull\/inicio\/quienes-somos\/\" \/>\n<meta property=\"og:locale\" content=\"es_ES\" \/>\n<meta property=\"og:type\" content=\"article\" \/>\n<meta property=\"og:title\" content=\"Presentaci\u00f3n -\" \/>\n<meta property=\"og:description\" content=\"[vc_row][vc_column][vc_custom_heading source=\u00bbpost_title\u00bb font_container=\u00bbtag:h1|text_align:left\u00bb google_fonts=\u00bbfont_family:Roboto%20Slab%3A100%2C300%2Cregular%2C700|font_style:700%20bold%20regular%3A700%3Anormal\u00bb css=\u00bb.vc_custom_1588290032503{margin-bottom: 7px !important;border-bottom-width: 7px !important;padding-bottom: 7px !important;}\u00bb][vc_column_text] Desde el a\u00f1o 2006, la Universidad de La Laguna (ULL), a trav\u00e9s de su Fundaci\u00f3n General (FGULL), organiza y realiza diferentes acciones dirigidas a dar a conocer la actividad investigadora que se desarrolla en sus departamentos y estructuras cient\u00edficas a la sociedad Canaria. En...\" \/>\n<meta property=\"og:url\" content=\"https:\/\/www.ull.es\/portal\/cienciaull\/inicio\/quienes-somos\/\" \/>\n<meta property=\"article:publisher\" content=\"https:\/\/www.facebook.com\/CienciaULL\/\" \/>\n<meta property=\"article:modified_time\" content=\"2023-05-17T12:39:44+00:00\" \/>\n<meta property=\"og:image\" content=\"https:\/\/www.ull.es\/portal\/cienciaull\/wp-content\/uploads\/sites\/24\/2020\/05\/circulo-1-300x300.jpg\" \/>\n<meta name=\"twitter:card\" content=\"summary_large_image\" \/>\n<meta name=\"twitter:site\" content=\"@CienciaULL\" \/>\n<meta name=\"twitter:label1\" content=\"Tiempo de lectura\" \/>\n\t<meta name=\"twitter:data1\" content=\"4 minutos\" \/>\n<script type=\"application\/ld+json\" class=\"yoast-schema-graph\">{\"@context\":\"https:\/\/schema.org\",\"@graph\":[{\"@type\":\"WebPage\",\"@id\":\"https:\/\/www.ull.es\/portal\/cienciaull\/inicio\/quienes-somos\/\",\"url\":\"https:\/\/www.ull.es\/portal\/cienciaull\/inicio\/quienes-somos\/\",\"name\":\"Presentaci\u00f3n -\",\"isPartOf\":{\"@id\":\"https:\/\/www.ull.es\/portal\/cienciaull\/#website\"},\"datePublished\":\"2017-04-19T12:30:01+00:00\",\"dateModified\":\"2023-05-17T12:39:44+00:00\",\"breadcrumb\":{\"@id\":\"https:\/\/www.ull.es\/portal\/cienciaull\/inicio\/quienes-somos\/#breadcrumb\"},\"inLanguage\":\"es\",\"potentialAction\":[{\"@type\":\"ReadAction\",\"target\":[\"https:\/\/www.ull.es\/portal\/cienciaull\/inicio\/quienes-somos\/\"]}]},{\"@type\":\"BreadcrumbList\",\"@id\":\"https:\/\/www.ull.es\/portal\/cienciaull\/inicio\/quienes-somos\/#breadcrumb\",\"itemListElement\":[{\"@type\":\"ListItem\",\"position\":1,\"name\":\"Portada\",\"item\":\"https:\/\/www.ull.es\/portal\/cienciaull\/\"},{\"@type\":\"ListItem\",\"position\":2,\"name\":\"Inicio\",\"item\":\"https:\/\/www.ull.es\/portal\/cienciaull\/\"},{\"@type\":\"ListItem\",\"position\":3,\"name\":\"Presentaci\u00f3n\"}]},{\"@type\":\"WebSite\",\"@id\":\"https:\/\/www.ull.es\/portal\/cienciaull\/#website\",\"url\":\"https:\/\/www.ull.es\/portal\/cienciaull\/\",\"name\":\"\",\"description\":\"Unidad de Cultura Cient\u00edfica y de la Innovaci\u00f3n de la Universidad de La Laguna\",\"potentialAction\":[{\"@type\":\"SearchAction\",\"target\":{\"@type\":\"EntryPoint\",\"urlTemplate\":\"https:\/\/www.ull.es\/portal\/cienciaull\/?s={search_term_string}\"},\"query-input\":\"required name=search_term_string\"}],\"inLanguage\":\"es\"}]}<\/script>\n<!-- \/ Yoast SEO plugin. -->","yoast_head_json":{"title":"Presentaci\u00f3n -","robots":{"index":"index","follow":"follow","max-snippet":"max-snippet:-1","max-image-preview":"max-image-preview:large","max-video-preview":"max-video-preview:-1"},"canonical":"https:\/\/www.ull.es\/portal\/cienciaull\/inicio\/quienes-somos\/","og_locale":"es_ES","og_type":"article","og_title":"Presentaci\u00f3n -","og_description":"[vc_row][vc_column][vc_custom_heading source=\u00bbpost_title\u00bb font_container=\u00bbtag:h1|text_align:left\u00bb google_fonts=\u00bbfont_family:Roboto%20Slab%3A100%2C300%2Cregular%2C700|font_style:700%20bold%20regular%3A700%3Anormal\u00bb css=\u00bb.vc_custom_1588290032503{margin-bottom: 7px !important;border-bottom-width: 7px !important;padding-bottom: 7px !important;}\u00bb][vc_column_text] Desde el a\u00f1o 2006, la Universidad de La Laguna (ULL), a trav\u00e9s de su Fundaci\u00f3n General (FGULL), organiza y realiza diferentes acciones dirigidas a dar a conocer la actividad investigadora que se desarrolla en sus departamentos y estructuras cient\u00edficas a la sociedad Canaria. En...","og_url":"https:\/\/www.ull.es\/portal\/cienciaull\/inicio\/quienes-somos\/","article_publisher":"https:\/\/www.facebook.com\/CienciaULL\/","article_modified_time":"2023-05-17T12:39:44+00:00","og_image":[{"url":"https:\/\/www.ull.es\/portal\/cienciaull\/wp-content\/uploads\/sites\/24\/2020\/05\/circulo-1-300x300.jpg"}],"twitter_card":"summary_large_image","twitter_site":"@CienciaULL","twitter_misc":{"Tiempo de lectura":"4 minutos"},"schema":{"@context":"https:\/\/schema.org","@graph":[{"@type":"WebPage","@id":"https:\/\/www.ull.es\/portal\/cienciaull\/inicio\/quienes-somos\/","url":"https:\/\/www.ull.es\/portal\/cienciaull\/inicio\/quienes-somos\/","name":"Presentaci\u00f3n -","isPartOf":{"@id":"https:\/\/www.ull.es\/portal\/cienciaull\/#website"},"datePublished":"2017-04-19T12:30:01+00:00","dateModified":"2023-05-17T12:39:44+00:00","breadcrumb":{"@id":"https:\/\/www.ull.es\/portal\/cienciaull\/inicio\/quienes-somos\/#breadcrumb"},"inLanguage":"es","potentialAction":[{"@type":"ReadAction","target":["https:\/\/www.ull.es\/portal\/cienciaull\/inicio\/quienes-somos\/"]}]},{"@type":"BreadcrumbList","@id":"https:\/\/www.ull.es\/portal\/cienciaull\/inicio\/quienes-somos\/#breadcrumb","itemListElement":[{"@type":"ListItem","position":1,"name":"Portada","item":"https:\/\/www.ull.es\/portal\/cienciaull\/"},{"@type":"ListItem","position":2,"name":"Inicio","item":"https:\/\/www.ull.es\/portal\/cienciaull\/"},{"@type":"ListItem","position":3,"name":"Presentaci\u00f3n"}]},{"@type":"WebSite","@id":"https:\/\/www.ull.es\/portal\/cienciaull\/#website","url":"https:\/\/www.ull.es\/portal\/cienciaull\/","name":"","description":"Unidad de Cultura Cient\u00edfica y de la Innovaci\u00f3n de la Universidad de La Laguna","potentialAction":[{"@type":"SearchAction","target":{"@type":"EntryPoint","urlTemplate":"https:\/\/www.ull.es\/portal\/cienciaull\/?s={search_term_string}"},"query-input":"required name=search_term_string"}],"inLanguage":"es"}]}},"_links":{"self":[{"href":"https:\/\/www.ull.es\/portal\/cienciaull\/wp-json\/wp\/v2\/pages\/65"}],"collection":[{"href":"https:\/\/www.ull.es\/portal\/cienciaull\/wp-json\/wp\/v2\/pages"}],"about":[{"href":"https:\/\/www.ull.es\/portal\/cienciaull\/wp-json\/wp\/v2\/types\/page"}],"author":[{"embeddable":true,"href":"https:\/\/www.ull.es\/portal\/cienciaull\/wp-json\/wp\/v2\/users\/1"}],"replies":[{"embeddable":true,"href":"https:\/\/www.ull.es\/portal\/cienciaull\/wp-json\/wp\/v2\/comments?post=65"}],"version-history":[{"count":24,"href":"https:\/\/www.ull.es\/portal\/cienciaull\/wp-json\/wp\/v2\/pages\/65\/revisions"}],"predecessor-version":[{"id":23416,"href":"https:\/\/www.ull.es\/portal\/cienciaull\/wp-json\/wp\/v2\/pages\/65\/revisions\/23416"}],"up":[{"embeddable":true,"href":"https:\/\/www.ull.es\/portal\/cienciaull\/wp-json\/wp\/v2\/pages\/415"}],"wp:attachment":[{"href":"https:\/\/www.ull.es\/portal\/cienciaull\/wp-json\/wp\/v2\/media?parent=65"}],"curies":[{"name":"wp","href":"https:\/\/api.w.org\/{rel}","templated":true}]}}