{"id":6594,"date":"2020-05-26T15:07:25","date_gmt":"2020-05-26T15:07:25","guid":{"rendered":"https:\/\/www.ull.es\/portal\/cienciaull\/?page_id=6594"},"modified":"2024-11-27T12:57:40","modified_gmt":"2024-11-27T12:57:40","slug":"jose-de-viera-y-clavijo-y-agustin-de-betancourt-a-la-luz-de-la-ciencia","status":"publish","type":"page","link":"https:\/\/www.ull.es\/portal\/cienciaull\/repositorio-material\/exposiciones\/jose-de-viera-y-clavijo-y-agustin-de-betancourt-a-la-luz-de-la-ciencia\/","title":{"rendered":"Exposici\u00f3n \u00abLa luz de la ciencia\u00bb"},"content":{"rendered":"<p>[vc_row][vc_column]\n<div id=\"rev_slider_15_1_wrapper\" class=\"rev_slider_wrapper fullwidthbanner-container\" data-source=\"gallery\" style=\"margin:0px auto;background:transparent;padding:0px;margin-top:0px;margin-bottom:0px;\">\n<!-- START REVOLUTION SLIDER 5.4.7.3 auto mode -->\n\t<div id=\"rev_slider_15_1\" class=\"rev_slider fullwidthabanner\" style=\"display:none;\" data-version=\"5.4.7.3\">\n<ul>\t<!-- SLIDE  -->\n\t<li data-index=\"rs-37\" data-transition=\"fade\" data-slotamount=\"default\" data-hideafterloop=\"0\" data-hideslideonmobile=\"off\"  data-easein=\"default\" data-easeout=\"default\" data-masterspeed=\"300\"  data-rotate=\"0\"  data-saveperformance=\"off\"  data-title=\"Slide\" data-param1=\"\" data-param2=\"\" data-param3=\"\" data-param4=\"\" data-param5=\"\" data-param6=\"\" data-param7=\"\" data-param8=\"\" data-param9=\"\" data-param10=\"\" data-description=\"\">\n\t\t<!-- MAIN IMAGE -->\n\t\t<img src=\"https:\/\/s6.gifyu.com\/images\/Banner-CienciULL-Generico-1600-x-560.png\"  alt=\"\"  width=\"1920\" height=\"1080\" data-bgposition=\"center center\" data-bgfit=\"contain\" data-bgrepeat=\"no-repeat\" class=\"rev-slidebg\" data-no-retina>\n\t\t<!-- LAYERS -->\n\t<\/li>\n<\/ul>\n<div class=\"tp-bannertimer tp-bottom\" style=\"visibility: hidden !important;\"><\/div>\t<\/div>\n<script>var htmlDiv = document.getElementById(\"rs-plugin-settings-inline-css\"); var htmlDivCss=\"\";\r\n\t\t\t\tif(htmlDiv) {\r\n\t\t\t\t\thtmlDiv.innerHTML = htmlDiv.innerHTML + htmlDivCss;\r\n\t\t\t\t}else{\r\n\t\t\t\t\tvar htmlDiv = document.createElement(\"div\");\r\n\t\t\t\t\thtmlDiv.innerHTML = \"<style>\" + htmlDivCss + \"<\/style>\";\r\n\t\t\t\t\tdocument.getElementsByTagName(\"head\")[0].appendChild(htmlDiv.childNodes[0]);\r\n\t\t\t\t}\r\n\t\t\t<\/script>\n\t\t<script type=\"text\/javascript\">\r\nif (setREVStartSize!==undefined) setREVStartSize(\r\n\t{c: '#rev_slider_15_1', gridwidth: [1600], gridheight: [560], sliderLayout: 'auto'});\r\n\t\t\t\r\nvar revapi15,\r\n\ttpj;\t\r\n(function() {\t\t\t\r\n\tif (!\/loaded|interactive|complete\/.test(document.readyState)) document.addEventListener(\"DOMContentLoaded\",onLoad); else onLoad();\t\r\n\tfunction onLoad() {\t\t\t\t\r\n\t\tif (tpj===undefined) { tpj = jQuery; if(\"off\" == \"on\") tpj.noConflict();}\r\n\tif(tpj(\"#rev_slider_15_1\").revolution == undefined){\n\t\trevslider_showDoubleJqueryError(\"#rev_slider_15_1\");\n\t}else{\n\t\trevapi15 = tpj(\"#rev_slider_15_1\").show().revolution({\n\t\t\tsliderType:\"hero\",\n\t\t\tjsFileLocation:\"\/\/www.ull.es\/portal\/cienciaull\/wp-content\/plugins\/revslider\/public\/assets\/js\/\",\n\t\t\tsliderLayout:\"auto\",\n\t\t\tdottedOverlay:\"none\",\n\t\t\tdelay:9000,\n\t\t\tvisibilityLevels:[1240,1024,778,480],\n\t\t\tgridwidth:1600,\n\t\t\tgridheight:560,\n\t\t\tlazyType:\"none\",\n\t\t\tshadow:0,\n\t\t\tspinner:\"spinner0\",\n\t\t\tautoHeight:\"off\",\n\t\t\tdisableProgressBar:\"on\",\n\t\t\thideThumbsOnMobile:\"off\",\n\t\t\thideSliderAtLimit:0,\n\t\t\thideCaptionAtLimit:0,\n\t\t\thideAllCaptionAtLilmit:0,\n\t\t\tdebugMode:false,\n\t\t\tfallbacks: {\n\t\t\t\tsimplifyAll:\"off\",\n\t\t\t\tdisableFocusListener:false,\n\t\t\t}\n\t\t});\n\t}; \/* END OF revapi call *\/\n\t\n }; \/* END OF ON LOAD FUNCTION *\/\r\n}()); \/* END OF WRAPPING FUNCTION *\/\r\n<\/script>\r\n\t\t<\/div><!-- END REVOLUTION SLIDER -->[vc_separator color=\u00bbturquoise\u00bb border_width=\u00bb6&#8243;][vc_empty_space][vc_custom_heading source=\u00bbpost_title\u00bb font_container=\u00bbtag:h2|text_align:left|color:%236cc1de\u00bb google_fonts=\u00bbfont_family:Roboto%20Slab%3A100%2C300%2Cregular%2C700|font_style:700%20bold%20regular%3A700%3Anormal\u00bb css=\u00bb.vc_custom_1699353366634{margin-bottom: 10px !important;border-bottom-width: 10px !important;padding-bottom: 10px !important;}\u00bb][\/vc_column][\/vc_row][vc_row][vc_column width=\u00bb2\/3&#8243;][vc_column_text]<\/p>\n<p style=\"text-align: justify\">El proyecto \u201cJos\u00e9 de Viera y Clavijo y Agust\u00edn de Betancourt a la luz de la ciencia\u201d propone un recorrido por la ciencia donde los protagonistas son Jos\u00e9 de Viera y Clavijo y Agust\u00edn de Betancourt, dos cient\u00edficos canarios del siglo XVIII cuya participaci\u00f3n en la sociedad, la investigaci\u00f3n y los avances cient\u00edficos fue primordial para la Europa Ilustrada de entonces.<\/p>\n<p style=\"text-align: justify\">Ambos cient\u00edficos dejaron un legado bastante vers\u00e1til debido a que participaron en diferentes campos de investigaci\u00f3n como el lanzamiento de los dos primeros globos aerost\u00e1ticos en Espa\u00f1a, el uso de la m\u00e1quina de vapor y el uso de productos naturales extra\u00eddos de las plantas. Por un lado, Jos\u00e9 de Viera y Clavijo, naci\u00f3 el 28 de diciembre de 1731 en Los Realejos, y fue un historiador, bi\u00f3logo y escritor que es reconocido como el m\u00e1ximo exponente de la Ilustraci\u00f3n canaria. Por otro lado, Agust\u00edn de Betancourt y Molina, nacido en Puerto de la Cruz el 1 de febrero de 1758, fue uno de los ingenieros m\u00e1s prestigiosos de Europa.<\/p>\n<p style=\"text-align: justify\">De esta forma, la exposici\u00f3n consta de 20 paneles donde se ofrecen varios textos explicativos y un buen n\u00famero de fotograf\u00edas, im\u00e1genes y planos de la \u00e9poca, configurando as\u00ed una panor\u00e1mica global que muestra el recorrido y la aportaci\u00f3n de estos cient\u00edficos canarios, tambi\u00e9n considerados \u201cpadres de la ciencia\u201d. Asimismo, el objetivo es promocionar la importancia de estos dos investigadores nacidos en las islas, adem\u00e1s de promover y dar a conocer los acontecimientos, contribuciones y eventos importantes de los que formaron parte. El contenido est\u00e1 organizado cronol\u00f3gicamente y dividido en varios bloques de contendido, de una forma din\u00e1mica y visual, dirigido a todos los p\u00fablicos:<\/p>\n<ul style=\"text-align: justify\">\n<li>Jos\u00e9 de Viera y Clavijo. Cronobiograf\u00eda (p\u00e1ginas 3-6)<\/li>\n<li>Agust\u00edn de Betancourt. Cronobiograf\u00eda (p\u00e1ginas 7-11)<\/li>\n<li>El globo (p\u00e1gina 12)<\/li>\n<li>La Tertulia de Nava y las Sociedades Econ\u00f3micas (p\u00e1gina 13)<\/li>\n<li>La industria textil (p\u00e1gina 14)<\/li>\n<li>El carb\u00f3n (p\u00e1gina 15)<\/li>\n<li>Viera y Betancourt, dos educadores (p\u00e1gina 16)<\/li>\n<li>Recorriendo Europa (p\u00e1gina 17)Francia, el para\u00edso de la ciencia (p\u00e1gina 18)<\/li>\n<\/ul>\n<p style=\"text-align: justify\">El siguiente cat\u00e1logo expositivo es posible gracias a la cooperaci\u00f3n de la Fundaci\u00f3n General de la Universidad de La Laguna, Cienci@ull, C\u00e1tedra Cultural Viera y Clavijo e INtech Tenerife, adem\u00e1s de la direcci\u00f3n de Rafael Padr\u00f3n Fern\u00e1ndez, coordinaci\u00f3n cient\u00edfica de Francisco Pomares Rodr\u00edguez y la coordinaci\u00f3n t\u00e9cnica de Laura Garc\u00eda Donante.<\/p>\n<p>[\/vc_column_text][vc_media_grid style=\u00bbpagination\u00bb items_per_page=\u00bb6&#8243; element_width=\u00bb2&#8243; grid_id=\u00bbvc_gid:1732712245107-7182fddf-75d7-9&#8243; include=\u00bb6397,6396,6395,6394,6407,6406,6405,6404,6403,6402,6401,6400,6399,6398&#8243;][vc_column_text]Puedes descargarte el cat\u00e1logo en el siguiente enlace:[\/vc_column_text][vc_btn title=\u00bbCat\u00e1logo\u00bb color=\u00bbinfo\u00bb align=\u00bbleft\u00bb link=\u00bburl:https%3A%2F%2Fdrive.google.com%2Ffile%2Fd%2F1RWmntx1Cu0_dHKr2Z32nFEAPnqAa3irV%2Fview%3Fusp%3Dsharing\u00bb][vc_column_text]Para reservar esta exposici\u00f3n cumplimenta el siguiente formulario:[\/vc_column_text][vc_btn title=\u00bbFormulario reserva exposici\u00f3n \u00abJos\u00e9 de Viera y Clavijo y Agust\u00edn de Betancourt a la luz de la ciencia\u201d\u00bb color=\u00bbinfo\u00bb align=\u00bbcenter\u00bb button_block=\u00bbtrue\u00bb link=\u00bburl:https%3A%2F%2Fforms.gle%2FpZ3P1GsbbNKEcWXu6&#8243;][\/vc_column][vc_column width=\u00bb1\/3&#8243;][vc_btn title=\u00bbExposici\u00f3n \u00abViera y las Ciencias\u00ab\u00bb color=\u00bbviolet\u00bb align=\u00bbcenter\u00bb button_block=\u00bbtrue\u00bb link=\u00bburl:https%3A%2F%2Fwww.ull.es%2Fportal%2Fcienciaull%2Frepositorio-material%2Fexposiciones%2Fexposicion-viera-y-las-ciencias%2F\u00bb css=\u00bb.vc_custom_1699353357242{margin-bottom: 3px !important;border-bottom-width: 3px !important;padding-bottom: 3px !important;}\u00bb][vc_btn title=\u00bbExposici\u00f3n \u00abRafael Arozarena\u00ab\u00bb color=\u00bbgreen\u00bb align=\u00bbcenter\u00bb button_block=\u00bbtrue\u00bb link=\u00bburl:https%3A%2F%2Fwww.ull.es%2Fportal%2Fcienciaull%2Frepositorio-material%2Fexposiciones%2Fexposicion-rafael-arozarena%2F\u00bb css=\u00bb.vc_custom_1732712231213{margin-bottom: 3px !important;border-bottom-width: 3px !important;padding-bottom: 3px !important;}\u00bb][vc_btn title=\u00bbExposici\u00f3n \u00abEx Machina: Agust\u00edn de Betancourt y Molina\u00ab\u00bb color=\u00bbdanger\u00bb align=\u00bbcenter\u00bb button_block=\u00bbtrue\u00bb link=\u00bburl:https%3A%2F%2Fwww.ull.es%2Fportal%2Fcienciaull%2Frepositorio-material%2Fexposiciones%2Fexposicion-agustin-de-betancourt-y-molina\u00bb][\/vc_column][\/vc_row]<\/p>\n","protected":false},"excerpt":{"rendered":"<p>[vc_row][vc_column][vc_separator color=\u00bbturquoise\u00bb border_width=\u00bb6&#8243;][vc_empty_space][vc_custom_heading source=\u00bbpost_title\u00bb font_container=\u00bbtag:h2|text_align:left|color:%236cc1de\u00bb google_fonts=\u00bbfont_family:Roboto%20Slab%3A100%2C300%2Cregular%2C700|font_style:700%20bold%20regular%3A700%3Anormal\u00bb css=\u00bb.vc_custom_1699353366634{margin-bottom: 10px !important;border-bottom-width: 10px !important;padding-bottom: 10px !important;}\u00bb][\/vc_column][\/vc_row][vc_row][vc_column width=\u00bb2\/3&#8243;][vc_column_text] El proyecto \u201cJos\u00e9 de Viera y Clavijo y Agust\u00edn de Betancourt a la luz de la ciencia\u201d propone un recorrido por la ciencia donde los protagonistas son Jos\u00e9 de Viera y Clavijo y Agust\u00edn de Betancourt, dos cient\u00edficos canarios del siglo&#8230;<\/p>\n","protected":false},"author":56,"featured_media":0,"parent":4929,"menu_order":0,"comment_status":"closed","ping_status":"closed","template":"templates\/cienciaull.php","meta":{"inline_featured_image":false,"footnotes":""},"acf":[],"yoast_head":"<!-- This site is optimized with the Yoast SEO plugin v21.3 - https:\/\/yoast.com\/wordpress\/plugins\/seo\/ -->\n<title>Exposici\u00f3n &quot;La luz de la ciencia&quot; -<\/title>\n<meta name=\"robots\" content=\"index, follow, max-snippet:-1, max-image-preview:large, max-video-preview:-1\" \/>\n<link rel=\"canonical\" href=\"https:\/\/www.ull.es\/portal\/cienciaull\/repositorio-material\/exposiciones\/jose-de-viera-y-clavijo-y-agustin-de-betancourt-a-la-luz-de-la-ciencia\/\" \/>\n<meta property=\"og:locale\" content=\"es_ES\" \/>\n<meta property=\"og:type\" content=\"article\" \/>\n<meta property=\"og:title\" content=\"Exposici\u00f3n &quot;La luz de la ciencia&quot; -\" \/>\n<meta property=\"og:description\" content=\"[vc_row][vc_column][vc_separator color=\u00bbturquoise\u00bb border_width=\u00bb6&#8243;][vc_empty_space][vc_custom_heading source=\u00bbpost_title\u00bb font_container=\u00bbtag:h2|text_align:left|color:%236cc1de\u00bb google_fonts=\u00bbfont_family:Roboto%20Slab%3A100%2C300%2Cregular%2C700|font_style:700%20bold%20regular%3A700%3Anormal\u00bb css=\u00bb.vc_custom_1699353366634{margin-bottom: 10px !important;border-bottom-width: 10px !important;padding-bottom: 10px !important;}\u00bb][\/vc_column][\/vc_row][vc_row][vc_column width=\u00bb2\/3&#8243;][vc_column_text] El proyecto \u201cJos\u00e9 de Viera y Clavijo y Agust\u00edn de Betancourt a la luz de la ciencia\u201d propone un recorrido por la ciencia donde los protagonistas son Jos\u00e9 de Viera y Clavijo y Agust\u00edn de Betancourt, dos cient\u00edficos canarios del siglo...\" \/>\n<meta property=\"og:url\" content=\"https:\/\/www.ull.es\/portal\/cienciaull\/repositorio-material\/exposiciones\/jose-de-viera-y-clavijo-y-agustin-de-betancourt-a-la-luz-de-la-ciencia\/\" \/>\n<meta property=\"article:publisher\" content=\"https:\/\/www.facebook.com\/CienciaULL\/\" \/>\n<meta property=\"article:modified_time\" content=\"2024-11-27T12:57:40+00:00\" \/>\n<meta name=\"twitter:card\" content=\"summary_large_image\" \/>\n<meta name=\"twitter:site\" content=\"@CienciaULL\" \/>\n<meta name=\"twitter:label1\" content=\"Tiempo de lectura\" \/>\n\t<meta name=\"twitter:data1\" content=\"3 minutos\" \/>\n<script type=\"application\/ld+json\" class=\"yoast-schema-graph\">{\"@context\":\"https:\/\/schema.org\",\"@graph\":[{\"@type\":\"WebPage\",\"@id\":\"https:\/\/www.ull.es\/portal\/cienciaull\/repositorio-material\/exposiciones\/jose-de-viera-y-clavijo-y-agustin-de-betancourt-a-la-luz-de-la-ciencia\/\",\"url\":\"https:\/\/www.ull.es\/portal\/cienciaull\/repositorio-material\/exposiciones\/jose-de-viera-y-clavijo-y-agustin-de-betancourt-a-la-luz-de-la-ciencia\/\",\"name\":\"Exposici\u00f3n \\\"La luz de la ciencia\\\" -\",\"isPartOf\":{\"@id\":\"https:\/\/www.ull.es\/portal\/cienciaull\/#website\"},\"datePublished\":\"2020-05-26T15:07:25+00:00\",\"dateModified\":\"2024-11-27T12:57:40+00:00\",\"breadcrumb\":{\"@id\":\"https:\/\/www.ull.es\/portal\/cienciaull\/repositorio-material\/exposiciones\/jose-de-viera-y-clavijo-y-agustin-de-betancourt-a-la-luz-de-la-ciencia\/#breadcrumb\"},\"inLanguage\":\"es\",\"potentialAction\":[{\"@type\":\"ReadAction\",\"target\":[\"https:\/\/www.ull.es\/portal\/cienciaull\/repositorio-material\/exposiciones\/jose-de-viera-y-clavijo-y-agustin-de-betancourt-a-la-luz-de-la-ciencia\/\"]}]},{\"@type\":\"BreadcrumbList\",\"@id\":\"https:\/\/www.ull.es\/portal\/cienciaull\/repositorio-material\/exposiciones\/jose-de-viera-y-clavijo-y-agustin-de-betancourt-a-la-luz-de-la-ciencia\/#breadcrumb\",\"itemListElement\":[{\"@type\":\"ListItem\",\"position\":1,\"name\":\"Portada\",\"item\":\"https:\/\/www.ull.es\/portal\/cienciaull\/\"},{\"@type\":\"ListItem\",\"position\":2,\"name\":\"Repositorio Material\",\"item\":\"https:\/\/www.ull.es\/portal\/cienciaull\/repositorio-material\/\"},{\"@type\":\"ListItem\",\"position\":3,\"name\":\"Exposiciones\",\"item\":\"https:\/\/www.ull.es\/portal\/cienciaull\/repositorio-material\/exposiciones\/\"},{\"@type\":\"ListItem\",\"position\":4,\"name\":\"Exposici\u00f3n \u00abLa luz de la ciencia\u00bb\"}]},{\"@type\":\"WebSite\",\"@id\":\"https:\/\/www.ull.es\/portal\/cienciaull\/#website\",\"url\":\"https:\/\/www.ull.es\/portal\/cienciaull\/\",\"name\":\"\",\"description\":\"Unidad de Cultura Cient\u00edfica y de la Innovaci\u00f3n de la Universidad de La Laguna\",\"potentialAction\":[{\"@type\":\"SearchAction\",\"target\":{\"@type\":\"EntryPoint\",\"urlTemplate\":\"https:\/\/www.ull.es\/portal\/cienciaull\/?s={search_term_string}\"},\"query-input\":\"required name=search_term_string\"}],\"inLanguage\":\"es\"}]}<\/script>\n<!-- \/ Yoast SEO plugin. -->","yoast_head_json":{"title":"Exposici\u00f3n \"La luz de la ciencia\" -","robots":{"index":"index","follow":"follow","max-snippet":"max-snippet:-1","max-image-preview":"max-image-preview:large","max-video-preview":"max-video-preview:-1"},"canonical":"https:\/\/www.ull.es\/portal\/cienciaull\/repositorio-material\/exposiciones\/jose-de-viera-y-clavijo-y-agustin-de-betancourt-a-la-luz-de-la-ciencia\/","og_locale":"es_ES","og_type":"article","og_title":"Exposici\u00f3n \"La luz de la ciencia\" -","og_description":"[vc_row][vc_column][vc_separator color=\u00bbturquoise\u00bb border_width=\u00bb6&#8243;][vc_empty_space][vc_custom_heading source=\u00bbpost_title\u00bb font_container=\u00bbtag:h2|text_align:left|color:%236cc1de\u00bb google_fonts=\u00bbfont_family:Roboto%20Slab%3A100%2C300%2Cregular%2C700|font_style:700%20bold%20regular%3A700%3Anormal\u00bb css=\u00bb.vc_custom_1699353366634{margin-bottom: 10px !important;border-bottom-width: 10px !important;padding-bottom: 10px !important;}\u00bb][\/vc_column][\/vc_row][vc_row][vc_column width=\u00bb2\/3&#8243;][vc_column_text] El proyecto \u201cJos\u00e9 de Viera y Clavijo y Agust\u00edn de Betancourt a la luz de la ciencia\u201d propone un recorrido por la ciencia donde los protagonistas son Jos\u00e9 de Viera y Clavijo y Agust\u00edn de Betancourt, dos cient\u00edficos canarios del siglo...","og_url":"https:\/\/www.ull.es\/portal\/cienciaull\/repositorio-material\/exposiciones\/jose-de-viera-y-clavijo-y-agustin-de-betancourt-a-la-luz-de-la-ciencia\/","article_publisher":"https:\/\/www.facebook.com\/CienciaULL\/","article_modified_time":"2024-11-27T12:57:40+00:00","twitter_card":"summary_large_image","twitter_site":"@CienciaULL","twitter_misc":{"Tiempo de lectura":"3 minutos"},"schema":{"@context":"https:\/\/schema.org","@graph":[{"@type":"WebPage","@id":"https:\/\/www.ull.es\/portal\/cienciaull\/repositorio-material\/exposiciones\/jose-de-viera-y-clavijo-y-agustin-de-betancourt-a-la-luz-de-la-ciencia\/","url":"https:\/\/www.ull.es\/portal\/cienciaull\/repositorio-material\/exposiciones\/jose-de-viera-y-clavijo-y-agustin-de-betancourt-a-la-luz-de-la-ciencia\/","name":"Exposici\u00f3n \"La luz de la ciencia\" -","isPartOf":{"@id":"https:\/\/www.ull.es\/portal\/cienciaull\/#website"},"datePublished":"2020-05-26T15:07:25+00:00","dateModified":"2024-11-27T12:57:40+00:00","breadcrumb":{"@id":"https:\/\/www.ull.es\/portal\/cienciaull\/repositorio-material\/exposiciones\/jose-de-viera-y-clavijo-y-agustin-de-betancourt-a-la-luz-de-la-ciencia\/#breadcrumb"},"inLanguage":"es","potentialAction":[{"@type":"ReadAction","target":["https:\/\/www.ull.es\/portal\/cienciaull\/repositorio-material\/exposiciones\/jose-de-viera-y-clavijo-y-agustin-de-betancourt-a-la-luz-de-la-ciencia\/"]}]},{"@type":"BreadcrumbList","@id":"https:\/\/www.ull.es\/portal\/cienciaull\/repositorio-material\/exposiciones\/jose-de-viera-y-clavijo-y-agustin-de-betancourt-a-la-luz-de-la-ciencia\/#breadcrumb","itemListElement":[{"@type":"ListItem","position":1,"name":"Portada","item":"https:\/\/www.ull.es\/portal\/cienciaull\/"},{"@type":"ListItem","position":2,"name":"Repositorio Material","item":"https:\/\/www.ull.es\/portal\/cienciaull\/repositorio-material\/"},{"@type":"ListItem","position":3,"name":"Exposiciones","item":"https:\/\/www.ull.es\/portal\/cienciaull\/repositorio-material\/exposiciones\/"},{"@type":"ListItem","position":4,"name":"Exposici\u00f3n \u00abLa luz de la ciencia\u00bb"}]},{"@type":"WebSite","@id":"https:\/\/www.ull.es\/portal\/cienciaull\/#website","url":"https:\/\/www.ull.es\/portal\/cienciaull\/","name":"","description":"Unidad de Cultura Cient\u00edfica y de la Innovaci\u00f3n de la Universidad de La Laguna","potentialAction":[{"@type":"SearchAction","target":{"@type":"EntryPoint","urlTemplate":"https:\/\/www.ull.es\/portal\/cienciaull\/?s={search_term_string}"},"query-input":"required name=search_term_string"}],"inLanguage":"es"}]}},"_links":{"self":[{"href":"https:\/\/www.ull.es\/portal\/cienciaull\/wp-json\/wp\/v2\/pages\/6594"}],"collection":[{"href":"https:\/\/www.ull.es\/portal\/cienciaull\/wp-json\/wp\/v2\/pages"}],"about":[{"href":"https:\/\/www.ull.es\/portal\/cienciaull\/wp-json\/wp\/v2\/types\/page"}],"author":[{"embeddable":true,"href":"https:\/\/www.ull.es\/portal\/cienciaull\/wp-json\/wp\/v2\/users\/56"}],"replies":[{"embeddable":true,"href":"https:\/\/www.ull.es\/portal\/cienciaull\/wp-json\/wp\/v2\/comments?post=6594"}],"version-history":[{"count":29,"href":"https:\/\/www.ull.es\/portal\/cienciaull\/wp-json\/wp\/v2\/pages\/6594\/revisions"}],"predecessor-version":[{"id":32206,"href":"https:\/\/www.ull.es\/portal\/cienciaull\/wp-json\/wp\/v2\/pages\/6594\/revisions\/32206"}],"up":[{"embeddable":true,"href":"https:\/\/www.ull.es\/portal\/cienciaull\/wp-json\/wp\/v2\/pages\/4929"}],"wp:attachment":[{"href":"https:\/\/www.ull.es\/portal\/cienciaull\/wp-json\/wp\/v2\/media?parent=6594"}],"curies":[{"name":"wp","href":"https:\/\/api.w.org\/{rel}","templated":true}]}}