{"id":6779,"date":"2020-06-17T12:11:23","date_gmt":"2020-06-17T12:11:23","guid":{"rendered":"https:\/\/www.ull.es\/portal\/cienciaull\/?page_id=6779"},"modified":"2020-07-14T07:47:19","modified_gmt":"2020-07-14T07:47:19","slug":"inscripcion","status":"publish","type":"page","link":"https:\/\/www.ull.es\/portal\/cienciaull\/laboratorio-arn-innova\/actividades\/laboratorio-de-verano-de-ciencia-y-tecnologia-de-arona\/inscripcion\/","title":{"rendered":"Inscripci\u00f3n"},"content":{"rendered":"<p>[vc_row][vc_column][vc_custom_heading text=\u00bbInscripci\u00f3n\u00bb google_fonts=\u00bbfont_family:Roboto%20Slab%3A100%2C300%2Cregular%2C700|font_style:700%20bold%20regular%3A700%3Anormal\u00bb css=\u00bb.vc_custom_1592504612244{margin-bottom: 5px !important;border-bottom-width: 5px !important;padding-bottom: 5px !important;}\u00bb][vc_column_text]<\/p>\n<p style=\"text-align: justify\">El periodo de inscripci\u00f3n ser\u00e1 del <strong>18 de junio al 17 de julio de 2020<\/strong>. Se realizaci\u00f3n a trav\u00e9s de los siguientes formularios de inscripci\u00f3n de acuerdo a la edad del\/la participante:<\/p>\n<p><strong><img decoding=\"async\" loading=\"lazy\" class=\"wp-image-4105 alignnone\" src=\"https:\/\/www.ull.es\/portal\/cienciaull\/wp-content\/uploads\/sites\/24\/2020\/04\/lapiz-1.png\" alt=\"\" width=\"30\" height=\"30\" srcset=\"https:\/\/www.ull.es\/portal\/cienciaull\/wp-content\/uploads\/sites\/24\/2020\/04\/lapiz-1.png 128w, https:\/\/www.ull.es\/portal\/cienciaull\/wp-content\/uploads\/sites\/24\/2020\/04\/lapiz-1-50x50.png 50w\" sizes=\"(max-width: 30px) 100vw, 30px\" \/><a href=\"https:\/\/forms.gle\/axGbqb4PD9xrhMXz7\" target=\"_blank\" rel=\"noopener\"> <span style=\"color: #ff6600\">Formulario de Inscripci\u00f3n alumnado de 5\u00ba y 6\u00ba de primaria (10-12 a\u00f1os)<\/span><\/a><\/strong><\/p>\n<p><strong><img decoding=\"async\" loading=\"lazy\" class=\"wp-image-4105 alignnone\" src=\"https:\/\/www.ull.es\/portal\/cienciaull\/wp-content\/uploads\/sites\/24\/2020\/04\/lapiz-1.png\" alt=\"\" width=\"30\" height=\"30\" srcset=\"https:\/\/www.ull.es\/portal\/cienciaull\/wp-content\/uploads\/sites\/24\/2020\/04\/lapiz-1.png 128w, https:\/\/www.ull.es\/portal\/cienciaull\/wp-content\/uploads\/sites\/24\/2020\/04\/lapiz-1-50x50.png 50w\" sizes=\"(max-width: 30px) 100vw, 30px\" \/><a href=\"https:\/\/forms.gle\/32ob8vkfPvMVRDvi6\" target=\"_blank\" rel=\"noopener\"><span style=\"color: #3366ff\"> Formulario de inscripci\u00f3n Alumnado de 1\u00ba y 2\u00ba de la ESO (12- 14 a\u00f1os)<\/span><\/a><\/strong><\/p>\n<p><img decoding=\"async\" loading=\"lazy\" class=\"wp-image-6795 alignleft\" src=\"https:\/\/www.ull.es\/portal\/cienciaull\/wp-content\/uploads\/sites\/24\/2020\/06\/lista-150x250.png\" alt=\"\" width=\"89\" height=\"148\" \/> La documentaci\u00f3n a aportar en la inscripci\u00f3n ser\u00e1:<\/p>\n<ul>\n<li>DNI de alumno\/a<\/li>\n<li>DNI del padre\/madre\/tutor<\/li>\n<li>Autorizaci\u00f3n firmada<\/li>\n<li>Documento acreditativo de ser residente en el municipio de Arona<\/li>\n<\/ul>\n<p>[\/vc_column_text][\/vc_column][\/vc_row]<\/p>\n","protected":false},"excerpt":{"rendered":"<p>[vc_row][vc_column][vc_custom_heading text=\u00bbInscripci\u00f3n\u00bb google_fonts=\u00bbfont_family:Roboto%20Slab%3A100%2C300%2Cregular%2C700|font_style:700%20bold%20regular%3A700%3Anormal\u00bb css=\u00bb.vc_custom_1592504612244{margin-bottom: 5px !important;border-bottom-width: 5px !important;padding-bottom: 5px !important;}\u00bb][vc_column_text] El periodo de inscripci\u00f3n ser\u00e1 del 18 de junio al 17 de julio de 2020. Se realizaci\u00f3n a trav\u00e9s de los siguientes formularios de inscripci\u00f3n de acuerdo a la edad del\/la participante: Formulario de Inscripci\u00f3n alumnado de 5\u00ba y 6\u00ba de primaria (10-12 a\u00f1os) Formulario&#8230;<\/p>\n","protected":false},"author":56,"featured_media":0,"parent":6737,"menu_order":2,"comment_status":"closed","ping_status":"closed","template":"","meta":{"inline_featured_image":false,"footnotes":""},"acf":[],"yoast_head":"<!-- This site is optimized with the Yoast SEO plugin v21.3 - https:\/\/yoast.com\/wordpress\/plugins\/seo\/ -->\n<title>Inscripci\u00f3n -<\/title>\n<meta name=\"robots\" content=\"index, follow, max-snippet:-1, max-image-preview:large, max-video-preview:-1\" \/>\n<link rel=\"canonical\" href=\"https:\/\/www.ull.es\/portal\/cienciaull\/laboratorio-arn-innova\/actividades\/laboratorio-de-verano-de-ciencia-y-tecnologia-de-arona\/inscripcion\/\" \/>\n<meta property=\"og:locale\" content=\"es_ES\" \/>\n<meta property=\"og:type\" content=\"article\" \/>\n<meta property=\"og:title\" content=\"Inscripci\u00f3n -\" \/>\n<meta property=\"og:description\" content=\"[vc_row][vc_column][vc_custom_heading text=\u00bbInscripci\u00f3n\u00bb google_fonts=\u00bbfont_family:Roboto%20Slab%3A100%2C300%2Cregular%2C700|font_style:700%20bold%20regular%3A700%3Anormal\u00bb css=\u00bb.vc_custom_1592504612244{margin-bottom: 5px !important;border-bottom-width: 5px !important;padding-bottom: 5px !important;}\u00bb][vc_column_text] El periodo de inscripci\u00f3n ser\u00e1 del 18 de junio al 17 de julio de 2020. Se realizaci\u00f3n a trav\u00e9s de los siguientes formularios de inscripci\u00f3n de acuerdo a la edad del\/la participante: Formulario de Inscripci\u00f3n alumnado de 5\u00ba y 6\u00ba de primaria (10-12 a\u00f1os) Formulario...\" \/>\n<meta property=\"og:url\" content=\"https:\/\/www.ull.es\/portal\/cienciaull\/laboratorio-arn-innova\/actividades\/laboratorio-de-verano-de-ciencia-y-tecnologia-de-arona\/inscripcion\/\" \/>\n<meta property=\"article:publisher\" content=\"https:\/\/www.facebook.com\/CienciaULL\/\" \/>\n<meta property=\"article:modified_time\" content=\"2020-07-14T07:47:19+00:00\" \/>\n<meta property=\"og:image\" content=\"https:\/\/www.ull.es\/portal\/cienciaull\/wp-content\/uploads\/sites\/24\/2020\/04\/lapiz-1.png\" \/>\n<meta name=\"twitter:card\" content=\"summary_large_image\" \/>\n<meta name=\"twitter:site\" content=\"@CienciaULL\" \/>\n<meta name=\"twitter:label1\" content=\"Tiempo de lectura\" \/>\n\t<meta name=\"twitter:data1\" content=\"1 minuto\" \/>\n<script type=\"application\/ld+json\" class=\"yoast-schema-graph\">{\"@context\":\"https:\/\/schema.org\",\"@graph\":[{\"@type\":\"WebPage\",\"@id\":\"https:\/\/www.ull.es\/portal\/cienciaull\/laboratorio-arn-innova\/actividades\/laboratorio-de-verano-de-ciencia-y-tecnologia-de-arona\/inscripcion\/\",\"url\":\"https:\/\/www.ull.es\/portal\/cienciaull\/laboratorio-arn-innova\/actividades\/laboratorio-de-verano-de-ciencia-y-tecnologia-de-arona\/inscripcion\/\",\"name\":\"Inscripci\u00f3n -\",\"isPartOf\":{\"@id\":\"https:\/\/www.ull.es\/portal\/cienciaull\/#website\"},\"datePublished\":\"2020-06-17T12:11:23+00:00\",\"dateModified\":\"2020-07-14T07:47:19+00:00\",\"breadcrumb\":{\"@id\":\"https:\/\/www.ull.es\/portal\/cienciaull\/laboratorio-arn-innova\/actividades\/laboratorio-de-verano-de-ciencia-y-tecnologia-de-arona\/inscripcion\/#breadcrumb\"},\"inLanguage\":\"es\",\"potentialAction\":[{\"@type\":\"ReadAction\",\"target\":[\"https:\/\/www.ull.es\/portal\/cienciaull\/laboratorio-arn-innova\/actividades\/laboratorio-de-verano-de-ciencia-y-tecnologia-de-arona\/inscripcion\/\"]}]},{\"@type\":\"BreadcrumbList\",\"@id\":\"https:\/\/www.ull.es\/portal\/cienciaull\/laboratorio-arn-innova\/actividades\/laboratorio-de-verano-de-ciencia-y-tecnologia-de-arona\/inscripcion\/#breadcrumb\",\"itemListElement\":[{\"@type\":\"ListItem\",\"position\":1,\"name\":\"Portada\",\"item\":\"https:\/\/www.ull.es\/portal\/cienciaull\/\"},{\"@type\":\"ListItem\",\"position\":2,\"name\":\"Laboratorio ARN Innova\",\"item\":\"https:\/\/www.ull.es\/portal\/cienciaull\/laboratorio-arn-innova\/\"},{\"@type\":\"ListItem\",\"position\":3,\"name\":\"Actividades\",\"item\":\"https:\/\/www.ull.es\/portal\/cienciaull\/laboratorio-arn-innova\/actividades\/\"},{\"@type\":\"ListItem\",\"position\":4,\"name\":\"Laboratorio de Verano de Ciencia y Tecnolog\u00eda de Arona\",\"item\":\"https:\/\/www.ull.es\/portal\/cienciaull\/laboratorio-arn-innova\/actividades\/laboratorio-de-verano-de-ciencia-y-tecnologia-de-arona\/\"},{\"@type\":\"ListItem\",\"position\":5,\"name\":\"Inscripci\u00f3n\"}]},{\"@type\":\"WebSite\",\"@id\":\"https:\/\/www.ull.es\/portal\/cienciaull\/#website\",\"url\":\"https:\/\/www.ull.es\/portal\/cienciaull\/\",\"name\":\"\",\"description\":\"Unidad de Cultura Cient\u00edfica y de la Innovaci\u00f3n de la Universidad de La Laguna\",\"potentialAction\":[{\"@type\":\"SearchAction\",\"target\":{\"@type\":\"EntryPoint\",\"urlTemplate\":\"https:\/\/www.ull.es\/portal\/cienciaull\/?s={search_term_string}\"},\"query-input\":\"required name=search_term_string\"}],\"inLanguage\":\"es\"}]}<\/script>\n<!-- \/ Yoast SEO plugin. -->","yoast_head_json":{"title":"Inscripci\u00f3n -","robots":{"index":"index","follow":"follow","max-snippet":"max-snippet:-1","max-image-preview":"max-image-preview:large","max-video-preview":"max-video-preview:-1"},"canonical":"https:\/\/www.ull.es\/portal\/cienciaull\/laboratorio-arn-innova\/actividades\/laboratorio-de-verano-de-ciencia-y-tecnologia-de-arona\/inscripcion\/","og_locale":"es_ES","og_type":"article","og_title":"Inscripci\u00f3n -","og_description":"[vc_row][vc_column][vc_custom_heading text=\u00bbInscripci\u00f3n\u00bb google_fonts=\u00bbfont_family:Roboto%20Slab%3A100%2C300%2Cregular%2C700|font_style:700%20bold%20regular%3A700%3Anormal\u00bb css=\u00bb.vc_custom_1592504612244{margin-bottom: 5px !important;border-bottom-width: 5px !important;padding-bottom: 5px !important;}\u00bb][vc_column_text] El periodo de inscripci\u00f3n ser\u00e1 del 18 de junio al 17 de julio de 2020. Se realizaci\u00f3n a trav\u00e9s de los siguientes formularios de inscripci\u00f3n de acuerdo a la edad del\/la participante: Formulario de Inscripci\u00f3n alumnado de 5\u00ba y 6\u00ba de primaria (10-12 a\u00f1os) Formulario...","og_url":"https:\/\/www.ull.es\/portal\/cienciaull\/laboratorio-arn-innova\/actividades\/laboratorio-de-verano-de-ciencia-y-tecnologia-de-arona\/inscripcion\/","article_publisher":"https:\/\/www.facebook.com\/CienciaULL\/","article_modified_time":"2020-07-14T07:47:19+00:00","og_image":[{"url":"https:\/\/www.ull.es\/portal\/cienciaull\/wp-content\/uploads\/sites\/24\/2020\/04\/lapiz-1.png"}],"twitter_card":"summary_large_image","twitter_site":"@CienciaULL","twitter_misc":{"Tiempo de lectura":"1 minuto"},"schema":{"@context":"https:\/\/schema.org","@graph":[{"@type":"WebPage","@id":"https:\/\/www.ull.es\/portal\/cienciaull\/laboratorio-arn-innova\/actividades\/laboratorio-de-verano-de-ciencia-y-tecnologia-de-arona\/inscripcion\/","url":"https:\/\/www.ull.es\/portal\/cienciaull\/laboratorio-arn-innova\/actividades\/laboratorio-de-verano-de-ciencia-y-tecnologia-de-arona\/inscripcion\/","name":"Inscripci\u00f3n -","isPartOf":{"@id":"https:\/\/www.ull.es\/portal\/cienciaull\/#website"},"datePublished":"2020-06-17T12:11:23+00:00","dateModified":"2020-07-14T07:47:19+00:00","breadcrumb":{"@id":"https:\/\/www.ull.es\/portal\/cienciaull\/laboratorio-arn-innova\/actividades\/laboratorio-de-verano-de-ciencia-y-tecnologia-de-arona\/inscripcion\/#breadcrumb"},"inLanguage":"es","potentialAction":[{"@type":"ReadAction","target":["https:\/\/www.ull.es\/portal\/cienciaull\/laboratorio-arn-innova\/actividades\/laboratorio-de-verano-de-ciencia-y-tecnologia-de-arona\/inscripcion\/"]}]},{"@type":"BreadcrumbList","@id":"https:\/\/www.ull.es\/portal\/cienciaull\/laboratorio-arn-innova\/actividades\/laboratorio-de-verano-de-ciencia-y-tecnologia-de-arona\/inscripcion\/#breadcrumb","itemListElement":[{"@type":"ListItem","position":1,"name":"Portada","item":"https:\/\/www.ull.es\/portal\/cienciaull\/"},{"@type":"ListItem","position":2,"name":"Laboratorio ARN Innova","item":"https:\/\/www.ull.es\/portal\/cienciaull\/laboratorio-arn-innova\/"},{"@type":"ListItem","position":3,"name":"Actividades","item":"https:\/\/www.ull.es\/portal\/cienciaull\/laboratorio-arn-innova\/actividades\/"},{"@type":"ListItem","position":4,"name":"Laboratorio de Verano de Ciencia y Tecnolog\u00eda de Arona","item":"https:\/\/www.ull.es\/portal\/cienciaull\/laboratorio-arn-innova\/actividades\/laboratorio-de-verano-de-ciencia-y-tecnologia-de-arona\/"},{"@type":"ListItem","position":5,"name":"Inscripci\u00f3n"}]},{"@type":"WebSite","@id":"https:\/\/www.ull.es\/portal\/cienciaull\/#website","url":"https:\/\/www.ull.es\/portal\/cienciaull\/","name":"","description":"Unidad de Cultura Cient\u00edfica y de la Innovaci\u00f3n de la Universidad de La Laguna","potentialAction":[{"@type":"SearchAction","target":{"@type":"EntryPoint","urlTemplate":"https:\/\/www.ull.es\/portal\/cienciaull\/?s={search_term_string}"},"query-input":"required name=search_term_string"}],"inLanguage":"es"}]}},"_links":{"self":[{"href":"https:\/\/www.ull.es\/portal\/cienciaull\/wp-json\/wp\/v2\/pages\/6779"}],"collection":[{"href":"https:\/\/www.ull.es\/portal\/cienciaull\/wp-json\/wp\/v2\/pages"}],"about":[{"href":"https:\/\/www.ull.es\/portal\/cienciaull\/wp-json\/wp\/v2\/types\/page"}],"author":[{"embeddable":true,"href":"https:\/\/www.ull.es\/portal\/cienciaull\/wp-json\/wp\/v2\/users\/56"}],"replies":[{"embeddable":true,"href":"https:\/\/www.ull.es\/portal\/cienciaull\/wp-json\/wp\/v2\/comments?post=6779"}],"version-history":[{"count":25,"href":"https:\/\/www.ull.es\/portal\/cienciaull\/wp-json\/wp\/v2\/pages\/6779\/revisions"}],"predecessor-version":[{"id":8137,"href":"https:\/\/www.ull.es\/portal\/cienciaull\/wp-json\/wp\/v2\/pages\/6779\/revisions\/8137"}],"up":[{"embeddable":true,"href":"https:\/\/www.ull.es\/portal\/cienciaull\/wp-json\/wp\/v2\/pages\/6737"}],"wp:attachment":[{"href":"https:\/\/www.ull.es\/portal\/cienciaull\/wp-json\/wp\/v2\/media?parent=6779"}],"curies":[{"name":"wp","href":"https:\/\/api.w.org\/{rel}","templated":true}]}}