{"id":7245,"date":"2020-06-22T15:15:39","date_gmt":"2020-06-22T15:15:39","guid":{"rendered":"https:\/\/www.ull.es\/portal\/cienciaull\/?page_id=7245"},"modified":"2021-10-04T14:31:06","modified_gmt":"2021-10-04T14:31:06","slug":"talleres-cientec-cienciull","status":"publish","type":"page","link":"https:\/\/www.ull.es\/portal\/cienciaull\/laboratorio-arn-innova\/actividades\/talleres-cientec-cienciull\/","title":{"rendered":"Talleres Cientec Cienci@ULL"},"content":{"rendered":"<p>[vc_row][vc_column][vc_single_image image=\u00bb10133&#8243; img_size=\u00bbfull\u00bb alignment=\u00bbcenter\u00bb][vc_text_separator title=\u00bb\u00bb color=\u00bbcustom\u00bb style=\u00bbdouble\u00bb border_width=\u00bb10&#8243; accent_color=\u00bb#783e6b\u00bb][\/vc_column][\/vc_row][vc_row][vc_column][vc_empty_space height=\u00bb35px\u00bb][vc_custom_heading text=\u00bbPresentaci\u00f3n\u00bb google_fonts=\u00bbfont_family:Roboto%20Slab%3A100%2C300%2Cregular%2C700|font_style:700%20bold%20regular%3A700%3Anormal\u00bb][vc_column_text]<\/p>\n<p style=\"text-align: justify\">El\u00a0 Laboratorio de Ciencia y Tecnolog\u00eda, surge con la finalidad principal de dotar de conocimiento y herramientas necesarias para los ciudadanos y ciudadanas del municipio para fomentar la creatividad y el inter\u00e9s por la ciencia y la tecnolog\u00eda, especialmente en edades tempranas, implicando de esta forma a la comunidad educativa en el desarrollo del municipio.<\/p>\n<p style=\"text-align: justify\">Durante el curso escolar 2021\/22 se desarrollan talleres de car\u00e1cter cient\u00edfico con una duraci\u00f3n de dos horas y estar\u00e1n dirigidos a grupos de un m\u00e1ximo de 25 &#8211; 30 alumnos y alumnas desde 3\u00ba de primaria, hasta Bachillerato. Son impartidos por el personal investigador en formaci\u00f3n de la ULL. Se realizan en el propio centro inscritos.<\/p>\n<p style=\"text-align: justify\">Las tem\u00e1ticas que se imparten versar\u00e1 sobre: ciencias ambientales, bot\u00e1nica, qu\u00edmica org\u00e1nica, neurociencia, enfermedades tropicales, biolog\u00eda marina, astrof\u00edsica, rob\u00f3tica, matem\u00e1ticas, y biocombustibles.<\/p>\n<p><strong>Los talleres a impartir son:<\/strong><\/p>\n<table>\n<tbody>\n<tr>\n<td width=\"198\">Ciencias ambientales<\/p>\n<p>&nbsp;<\/td>\n<td width=\"368\">&#8211; Y t\u00fa, \u00bfQu\u00e9 suelo prefieres?<\/p>\n<p>&#8211; Huella de carbono y huella h\u00eddrica<\/p>\n<p>&#8211; Fen\u00f3menos de contaminaci\u00f3n en Tierra, Agua y Aire<\/p>\n<p>&#8211; Un mar plastificado<\/td>\n<\/tr>\n<tr>\n<td width=\"198\">Bot\u00e1nica<\/td>\n<td width=\"368\">&#8211; El herbario como herramienta para el estudio de la Bot\u00e1nica<\/td>\n<\/tr>\n<tr>\n<td width=\"198\">Qu\u00edmica<\/td>\n<td width=\"368\">&#8211; La naturaleza, un tesoro para el ser humano. Ejemplos: la qu\u00edmica de Productos Naturales y\u00a0la Farmacolog\u00eda<\/p>\n<p>-La magia de la luz<\/td>\n<\/tr>\n<tr>\n<td width=\"198\">Neurociencia<\/td>\n<td width=\"368\">&#8211; Neurociencia en la vida actual<\/td>\n<\/tr>\n<tr>\n<td width=\"198\">Enfermedades Tropicales<\/td>\n<td width=\"368\">&#8211; Introducci\u00f3n a la investigaci\u00f3n de enfermedades infecciosas, desarrollo de tratamientos y prevenci\u00f3n<\/td>\n<\/tr>\n<tr>\n<td width=\"198\">Biolog\u00eda Marina<\/td>\n<td width=\"368\">&#8211; Los grandes del oc\u00e9ano<\/td>\n<\/tr>\n<tr>\n<td width=\"198\">Astrof\u00edsica<\/p>\n<p>&nbsp;<\/td>\n<td width=\"368\">&#8211; El relojero estelar<\/p>\n<p>&#8211; La luz, color a color<\/p>\n<p>&#8211; Preparados, apunte, \u00a1observen!<\/p>\n<p>&#8211; La b\u00fasqueda de nuevos mundos<\/p>\n<p>-Principios de \u00f3ptica para telescopio<\/td>\n<\/tr>\n<\/tbody>\n<\/table>\n<p style=\"text-align: justify\">Los centros escolares que est\u00e9n interesados para participar pueden inscribirse a trav\u00e9s del enlace del formulario<\/p>\n<p>[\/vc_column_text][vc_btn title=\u00bbInscripci\u00f3n\u00bb color=\u00bbpurple\u00bb size=\u00bblg\u00bb align=\u00bbcenter\u00bb link=\u00bburl:https%3A%2F%2Fforms.gle%2FUi4Mic526sLmDxE7A|target:_blank\u00bb][vc_column_text]Puedes consultar las fechas que se realizar\u00e1n los talleres en este enlace:[\/vc_column_text][vc_btn title=\u00bbFecha talleres\u00bb color=\u00bbviolet\u00bb size=\u00bblg\u00bb align=\u00bbcenter\u00bb link=\u00bburl:https%3A%2F%2Fdrive.google.com%2Ffile%2Fd%2F1LYtOJ&#8211;9Ru4xYoHdfoO4MWoggR1JDlW4%2Fview%3Fusp%3Dsharing|target:_blank\u00bb][vc_column_text]Puedes consultar el cat\u00e1logo de talleres que se ofertan a trav\u00e9s del siguiente enlace:[\/vc_column_text][vc_btn title=\u00bbCat\u00e1logo de Talleres\u00bb color=\u00bbblue\u00bb size=\u00bblg\u00bb align=\u00bbcenter\u00bb link=\u00bbtarget:_blank\u00bb][\/vc_column][\/vc_row]<\/p>\n","protected":false},"excerpt":{"rendered":"<p>[vc_row][vc_column][vc_single_image image=\u00bb10133&#8243; img_size=\u00bbfull\u00bb alignment=\u00bbcenter\u00bb][vc_text_separator title=\u00bb\u00bb color=\u00bbcustom\u00bb style=\u00bbdouble\u00bb border_width=\u00bb10&#8243; accent_color=\u00bb#783e6b\u00bb][\/vc_column][\/vc_row][vc_row][vc_column][vc_empty_space height=\u00bb35px\u00bb][vc_custom_heading text=\u00bbPresentaci\u00f3n\u00bb google_fonts=\u00bbfont_family:Roboto%20Slab%3A100%2C300%2Cregular%2C700|font_style:700%20bold%20regular%3A700%3Anormal\u00bb][vc_column_text] El\u00a0 Laboratorio de Ciencia y Tecnolog\u00eda, surge con la finalidad principal de dotar de conocimiento y herramientas necesarias para los ciudadanos y ciudadanas del municipio para fomentar la creatividad y el inter\u00e9s por la ciencia y la tecnolog\u00eda, especialmente en edades tempranas, implicando&#8230;<\/p>\n","protected":false},"author":56,"featured_media":0,"parent":4248,"menu_order":0,"comment_status":"closed","ping_status":"closed","template":"","meta":{"inline_featured_image":false,"footnotes":""},"acf":[],"yoast_head":"<!-- This site is optimized with the Yoast SEO plugin v21.3 - https:\/\/yoast.com\/wordpress\/plugins\/seo\/ -->\n<title>Talleres Cientec Cienci@ULL -<\/title>\n<meta name=\"robots\" content=\"index, follow, max-snippet:-1, max-image-preview:large, max-video-preview:-1\" \/>\n<link rel=\"canonical\" href=\"https:\/\/www.ull.es\/portal\/cienciaull\/laboratorio-arn-innova\/actividades\/talleres-cientec-cienciull\/\" \/>\n<meta property=\"og:locale\" content=\"es_ES\" \/>\n<meta property=\"og:type\" content=\"article\" \/>\n<meta property=\"og:title\" content=\"Talleres Cientec Cienci@ULL -\" \/>\n<meta property=\"og:description\" content=\"[vc_row][vc_column][vc_single_image image=\u00bb10133&#8243; img_size=\u00bbfull\u00bb alignment=\u00bbcenter\u00bb][vc_text_separator title=\u00bb\u00bb color=\u00bbcustom\u00bb style=\u00bbdouble\u00bb border_width=\u00bb10&#8243; accent_color=\u00bb#783e6b\u00bb][\/vc_column][\/vc_row][vc_row][vc_column][vc_empty_space height=\u00bb35px\u00bb][vc_custom_heading text=\u00bbPresentaci\u00f3n\u00bb google_fonts=\u00bbfont_family:Roboto%20Slab%3A100%2C300%2Cregular%2C700|font_style:700%20bold%20regular%3A700%3Anormal\u00bb][vc_column_text] El\u00a0 Laboratorio de Ciencia y Tecnolog\u00eda, surge con la finalidad principal de dotar de conocimiento y herramientas necesarias para los ciudadanos y ciudadanas del municipio para fomentar la creatividad y el inter\u00e9s por la ciencia y la tecnolog\u00eda, especialmente en edades tempranas, implicando...\" \/>\n<meta property=\"og:url\" content=\"https:\/\/www.ull.es\/portal\/cienciaull\/laboratorio-arn-innova\/actividades\/talleres-cientec-cienciull\/\" \/>\n<meta property=\"article:publisher\" content=\"https:\/\/www.facebook.com\/CienciaULL\/\" \/>\n<meta property=\"article:modified_time\" content=\"2021-10-04T14:31:06+00:00\" \/>\n<meta name=\"twitter:card\" content=\"summary_large_image\" \/>\n<meta name=\"twitter:site\" content=\"@CienciaULL\" \/>\n<meta name=\"twitter:label1\" content=\"Tiempo de lectura\" \/>\n\t<meta name=\"twitter:data1\" content=\"2 minutos\" \/>\n<script type=\"application\/ld+json\" class=\"yoast-schema-graph\">{\"@context\":\"https:\/\/schema.org\",\"@graph\":[{\"@type\":\"WebPage\",\"@id\":\"https:\/\/www.ull.es\/portal\/cienciaull\/laboratorio-arn-innova\/actividades\/talleres-cientec-cienciull\/\",\"url\":\"https:\/\/www.ull.es\/portal\/cienciaull\/laboratorio-arn-innova\/actividades\/talleres-cientec-cienciull\/\",\"name\":\"Talleres Cientec Cienci@ULL -\",\"isPartOf\":{\"@id\":\"https:\/\/www.ull.es\/portal\/cienciaull\/#website\"},\"datePublished\":\"2020-06-22T15:15:39+00:00\",\"dateModified\":\"2021-10-04T14:31:06+00:00\",\"breadcrumb\":{\"@id\":\"https:\/\/www.ull.es\/portal\/cienciaull\/laboratorio-arn-innova\/actividades\/talleres-cientec-cienciull\/#breadcrumb\"},\"inLanguage\":\"es\",\"potentialAction\":[{\"@type\":\"ReadAction\",\"target\":[\"https:\/\/www.ull.es\/portal\/cienciaull\/laboratorio-arn-innova\/actividades\/talleres-cientec-cienciull\/\"]}]},{\"@type\":\"BreadcrumbList\",\"@id\":\"https:\/\/www.ull.es\/portal\/cienciaull\/laboratorio-arn-innova\/actividades\/talleres-cientec-cienciull\/#breadcrumb\",\"itemListElement\":[{\"@type\":\"ListItem\",\"position\":1,\"name\":\"Portada\",\"item\":\"https:\/\/www.ull.es\/portal\/cienciaull\/\"},{\"@type\":\"ListItem\",\"position\":2,\"name\":\"Laboratorio ARN Innova\",\"item\":\"https:\/\/www.ull.es\/portal\/cienciaull\/laboratorio-arn-innova\/\"},{\"@type\":\"ListItem\",\"position\":3,\"name\":\"Actividades\",\"item\":\"https:\/\/www.ull.es\/portal\/cienciaull\/laboratorio-arn-innova\/actividades\/\"},{\"@type\":\"ListItem\",\"position\":4,\"name\":\"Talleres Cientec Cienci@ULL\"}]},{\"@type\":\"WebSite\",\"@id\":\"https:\/\/www.ull.es\/portal\/cienciaull\/#website\",\"url\":\"https:\/\/www.ull.es\/portal\/cienciaull\/\",\"name\":\"\",\"description\":\"Unidad de Cultura Cient\u00edfica y de la Innovaci\u00f3n de la Universidad de La Laguna\",\"potentialAction\":[{\"@type\":\"SearchAction\",\"target\":{\"@type\":\"EntryPoint\",\"urlTemplate\":\"https:\/\/www.ull.es\/portal\/cienciaull\/?s={search_term_string}\"},\"query-input\":\"required name=search_term_string\"}],\"inLanguage\":\"es\"}]}<\/script>\n<!-- \/ Yoast SEO plugin. -->","yoast_head_json":{"title":"Talleres Cientec Cienci@ULL -","robots":{"index":"index","follow":"follow","max-snippet":"max-snippet:-1","max-image-preview":"max-image-preview:large","max-video-preview":"max-video-preview:-1"},"canonical":"https:\/\/www.ull.es\/portal\/cienciaull\/laboratorio-arn-innova\/actividades\/talleres-cientec-cienciull\/","og_locale":"es_ES","og_type":"article","og_title":"Talleres Cientec Cienci@ULL -","og_description":"[vc_row][vc_column][vc_single_image image=\u00bb10133&#8243; img_size=\u00bbfull\u00bb alignment=\u00bbcenter\u00bb][vc_text_separator title=\u00bb\u00bb color=\u00bbcustom\u00bb style=\u00bbdouble\u00bb border_width=\u00bb10&#8243; accent_color=\u00bb#783e6b\u00bb][\/vc_column][\/vc_row][vc_row][vc_column][vc_empty_space height=\u00bb35px\u00bb][vc_custom_heading text=\u00bbPresentaci\u00f3n\u00bb google_fonts=\u00bbfont_family:Roboto%20Slab%3A100%2C300%2Cregular%2C700|font_style:700%20bold%20regular%3A700%3Anormal\u00bb][vc_column_text] El\u00a0 Laboratorio de Ciencia y Tecnolog\u00eda, surge con la finalidad principal de dotar de conocimiento y herramientas necesarias para los ciudadanos y ciudadanas del municipio para fomentar la creatividad y el inter\u00e9s por la ciencia y la tecnolog\u00eda, especialmente en edades tempranas, implicando...","og_url":"https:\/\/www.ull.es\/portal\/cienciaull\/laboratorio-arn-innova\/actividades\/talleres-cientec-cienciull\/","article_publisher":"https:\/\/www.facebook.com\/CienciaULL\/","article_modified_time":"2021-10-04T14:31:06+00:00","twitter_card":"summary_large_image","twitter_site":"@CienciaULL","twitter_misc":{"Tiempo de lectura":"2 minutos"},"schema":{"@context":"https:\/\/schema.org","@graph":[{"@type":"WebPage","@id":"https:\/\/www.ull.es\/portal\/cienciaull\/laboratorio-arn-innova\/actividades\/talleres-cientec-cienciull\/","url":"https:\/\/www.ull.es\/portal\/cienciaull\/laboratorio-arn-innova\/actividades\/talleres-cientec-cienciull\/","name":"Talleres Cientec Cienci@ULL -","isPartOf":{"@id":"https:\/\/www.ull.es\/portal\/cienciaull\/#website"},"datePublished":"2020-06-22T15:15:39+00:00","dateModified":"2021-10-04T14:31:06+00:00","breadcrumb":{"@id":"https:\/\/www.ull.es\/portal\/cienciaull\/laboratorio-arn-innova\/actividades\/talleres-cientec-cienciull\/#breadcrumb"},"inLanguage":"es","potentialAction":[{"@type":"ReadAction","target":["https:\/\/www.ull.es\/portal\/cienciaull\/laboratorio-arn-innova\/actividades\/talleres-cientec-cienciull\/"]}]},{"@type":"BreadcrumbList","@id":"https:\/\/www.ull.es\/portal\/cienciaull\/laboratorio-arn-innova\/actividades\/talleres-cientec-cienciull\/#breadcrumb","itemListElement":[{"@type":"ListItem","position":1,"name":"Portada","item":"https:\/\/www.ull.es\/portal\/cienciaull\/"},{"@type":"ListItem","position":2,"name":"Laboratorio ARN Innova","item":"https:\/\/www.ull.es\/portal\/cienciaull\/laboratorio-arn-innova\/"},{"@type":"ListItem","position":3,"name":"Actividades","item":"https:\/\/www.ull.es\/portal\/cienciaull\/laboratorio-arn-innova\/actividades\/"},{"@type":"ListItem","position":4,"name":"Talleres Cientec Cienci@ULL"}]},{"@type":"WebSite","@id":"https:\/\/www.ull.es\/portal\/cienciaull\/#website","url":"https:\/\/www.ull.es\/portal\/cienciaull\/","name":"","description":"Unidad de Cultura Cient\u00edfica y de la Innovaci\u00f3n de la Universidad de La Laguna","potentialAction":[{"@type":"SearchAction","target":{"@type":"EntryPoint","urlTemplate":"https:\/\/www.ull.es\/portal\/cienciaull\/?s={search_term_string}"},"query-input":"required name=search_term_string"}],"inLanguage":"es"}]}},"_links":{"self":[{"href":"https:\/\/www.ull.es\/portal\/cienciaull\/wp-json\/wp\/v2\/pages\/7245"}],"collection":[{"href":"https:\/\/www.ull.es\/portal\/cienciaull\/wp-json\/wp\/v2\/pages"}],"about":[{"href":"https:\/\/www.ull.es\/portal\/cienciaull\/wp-json\/wp\/v2\/types\/page"}],"author":[{"embeddable":true,"href":"https:\/\/www.ull.es\/portal\/cienciaull\/wp-json\/wp\/v2\/users\/56"}],"replies":[{"embeddable":true,"href":"https:\/\/www.ull.es\/portal\/cienciaull\/wp-json\/wp\/v2\/comments?post=7245"}],"version-history":[{"count":18,"href":"https:\/\/www.ull.es\/portal\/cienciaull\/wp-json\/wp\/v2\/pages\/7245\/revisions"}],"predecessor-version":[{"id":14046,"href":"https:\/\/www.ull.es\/portal\/cienciaull\/wp-json\/wp\/v2\/pages\/7245\/revisions\/14046"}],"up":[{"embeddable":true,"href":"https:\/\/www.ull.es\/portal\/cienciaull\/wp-json\/wp\/v2\/pages\/4248"}],"wp:attachment":[{"href":"https:\/\/www.ull.es\/portal\/cienciaull\/wp-json\/wp\/v2\/media?parent=7245"}],"curies":[{"name":"wp","href":"https:\/\/api.w.org\/{rel}","templated":true}]}}