{"id":810,"date":"2018-12-29T03:04:26","date_gmt":"2018-12-29T03:04:26","guid":{"rendered":"https:\/\/www.ull.es\/portal\/cienciaull\/?page_id=810"},"modified":"2021-04-26T00:11:23","modified_gmt":"2021-04-26T00:11:23","slug":"feria-de-las-vocaciones-cientifica-y-profesionales-de-canarias-2020","status":"publish","type":"page","link":"https:\/\/www.ull.es\/portal\/cienciaull\/feria-de-las-vocaciones-cientifica-y-profesionales-de-canarias-2020\/","title":{"rendered":"Feria de las Vocaciones Cient\u00edficas y Profesionales de Canarias 2020"},"content":{"rendered":"<p>[vc_row][vc_column]\n<div id=\"rev_slider_48_1_wrapper\" class=\"rev_slider_wrapper fullwidthbanner-container\" data-source=\"gallery\" style=\"margin:0px auto;background:transparent;padding:0px;margin-top:0px;margin-bottom:0px;\">\n<!-- START REVOLUTION SLIDER 5.4.7.3 auto mode -->\n\t<div id=\"rev_slider_48_1\" class=\"rev_slider fullwidthabanner\" style=\"display:none;\" data-version=\"5.4.7.3\">\n<ul>\t<!-- SLIDE  -->\n\t<li data-index=\"rs-73\" data-transition=\"fade\" data-slotamount=\"default\" data-hideafterloop=\"0\" data-hideslideonmobile=\"off\"  data-easein=\"default\" data-easeout=\"default\" data-masterspeed=\"300\"  data-rotate=\"0\"  data-saveperformance=\"off\"  data-title=\"Slide\" data-param1=\"\" data-param2=\"\" data-param3=\"\" data-param4=\"\" data-param5=\"\" data-param6=\"\" data-param7=\"\" data-param8=\"\" data-param9=\"\" data-param10=\"\" data-description=\"\">\n\t\t<!-- MAIN IMAGE -->\n\t\t<img src=\"https:\/\/www.ull.es\/portal\/cienciaull\/wp-content\/plugins\/revslider\/admin\/assets\/images\/transparent.png\"  alt=\"\" title=\"Feria de las Vocaciones Cient\u00edficas y Profesionales de Canarias 2020\"  data-bgposition=\"center center\" data-bgfit=\"cover\" data-bgrepeat=\"no-repeat\" class=\"rev-slidebg\" data-no-retina>\n\t\t<!-- LAYERS -->\n\n\t\t<!-- LAYER NR. 1 -->\n\t\t<div class=\"tp-caption   tp-resizeme\" \n\t\t\t id=\"slide-73-layer-1\" \n\t\t\t data-x=\"3\" \n\t\t\t data-y=\"3\" \n\t\t\t\t\t\tdata-width=\"['none','none','none','none']\"\n\t\t\tdata-height=\"['none','none','none','none']\"\n \n\t\t\tdata-type=\"image\" \n\t\t\tdata-responsive_offset=\"on\" \n\n\t\t\tdata-frames='[{\"delay\":0,\"speed\":300,\"frame\":\"0\",\"from\":\"opacity:0;\",\"to\":\"o:1;\",\"ease\":\"Power3.easeInOut\"},{\"delay\":\"wait\",\"speed\":300,\"frame\":\"999\",\"to\":\"opacity:0;\",\"ease\":\"Power3.easeInOut\"}]'\n\t\t\tdata-textAlign=\"['inherit','inherit','inherit','inherit']\"\n\t\t\tdata-paddingtop=\"[0,0,0,0]\"\n\t\t\tdata-paddingright=\"[0,0,0,0]\"\n\t\t\tdata-paddingbottom=\"[0,0,0,0]\"\n\t\t\tdata-paddingleft=\"[0,0,0,0]\"\n\n\t\t\tstyle=\"z-index: 5;\"><img src=\"https:\/\/www.ull.es\/portal\/cienciaull\/wp-content\/uploads\/sites\/24\/2020\/10\/banner-1200x628px.jpg\" alt=\"\" data-ww=\"1200px\" data-hh=\"628px\" width=\"1200\" height=\"628\" data-no-retina> <\/div>\n\t<\/li>\n<\/ul>\n<div class=\"tp-bannertimer tp-bottom\" style=\"visibility: hidden !important;\"><\/div>\t<\/div>\n<script>var htmlDiv = document.getElementById(\"rs-plugin-settings-inline-css\"); var htmlDivCss=\"\";\r\n\t\t\t\tif(htmlDiv) {\r\n\t\t\t\t\thtmlDiv.innerHTML = htmlDiv.innerHTML + htmlDivCss;\r\n\t\t\t\t}else{\r\n\t\t\t\t\tvar htmlDiv = document.createElement(\"div\");\r\n\t\t\t\t\thtmlDiv.innerHTML = \"<style>\" + htmlDivCss + \"<\/style>\";\r\n\t\t\t\t\tdocument.getElementsByTagName(\"head\")[0].appendChild(htmlDiv.childNodes[0]);\r\n\t\t\t\t}\r\n\t\t\t<\/script>\n\t\t<script type=\"text\/javascript\">\r\nif (setREVStartSize!==undefined) setREVStartSize(\r\n\t{c: '#rev_slider_48_1', gridwidth: [1200], gridheight: [628], sliderLayout: 'auto'});\r\n\t\t\t\r\nvar revapi48,\r\n\ttpj;\t\r\n(function() {\t\t\t\r\n\tif (!\/loaded|interactive|complete\/.test(document.readyState)) document.addEventListener(\"DOMContentLoaded\",onLoad); else onLoad();\t\r\n\tfunction onLoad() {\t\t\t\t\r\n\t\tif (tpj===undefined) { tpj = jQuery; if(\"off\" == \"on\") tpj.noConflict();}\r\n\tif(tpj(\"#rev_slider_48_1\").revolution == undefined){\n\t\trevslider_showDoubleJqueryError(\"#rev_slider_48_1\");\n\t}else{\n\t\trevapi48 = tpj(\"#rev_slider_48_1\").show().revolution({\n\t\t\tsliderType:\"standard\",\n\t\t\tjsFileLocation:\"\/\/www.ull.es\/portal\/cienciaull\/wp-content\/plugins\/revslider\/public\/assets\/js\/\",\n\t\t\tsliderLayout:\"auto\",\n\t\t\tdottedOverlay:\"none\",\n\t\t\tdelay:9000,\n\t\t\tnavigation: {\n\t\t\t\tonHoverStop:\"off\",\n\t\t\t},\n\t\t\tvisibilityLevels:[1240,1024,778,480],\n\t\t\tgridwidth:1200,\n\t\t\tgridheight:628,\n\t\t\tlazyType:\"none\",\n\t\t\tshadow:0,\n\t\t\tspinner:\"spinner0\",\n\t\t\tstopLoop:\"off\",\n\t\t\tstopAfterLoops:-1,\n\t\t\tstopAtSlide:-1,\n\t\t\tshuffle:\"off\",\n\t\t\tautoHeight:\"off\",\n\t\t\tdisableProgressBar:\"on\",\n\t\t\thideThumbsOnMobile:\"off\",\n\t\t\thideSliderAtLimit:0,\n\t\t\thideCaptionAtLimit:0,\n\t\t\thideAllCaptionAtLilmit:0,\n\t\t\tdebugMode:false,\n\t\t\tfallbacks: {\n\t\t\t\tsimplifyAll:\"off\",\n\t\t\t\tnextSlideOnWindowFocus:\"off\",\n\t\t\t\tdisableFocusListener:false,\n\t\t\t}\n\t\t});\n\t}; \/* END OF revapi call *\/\n\t\n }; \/* END OF ON LOAD FUNCTION *\/\r\n}()); \/* END OF WRAPPING FUNCTION *\/\r\n<\/script>\r\n\t\t<\/div><!-- END REVOLUTION SLIDER -->[vc_separator color=\u00bbcustom\u00bb style=\u00bbdouble\u00bb border_width=\u00bb10&#8243; accent_color=\u00bb#884a95&#8243;][\/vc_column][\/vc_row][vc_row][vc_column css=\u00bb.vc_custom_1546088715842{margin-bottom: 0px !important;border-bottom-width: 0px !important;padding-bottom: 0px !important;}\u00bb][vc_empty_space height=\u00bb10px\u00bb][vc_custom_heading text=\u00bbPresentaci\u00f3n\u00bb google_fonts=\u00bbfont_family:Roboto%20Slab%3A100%2C300%2Cregular%2C700|font_style:700%20bold%20regular%3A700%3Anormal\u00bb][\/vc_column][\/vc_row][vc_row][vc_column width=\u00bb2\/3&#8243;][vc_column_text]<\/p>\n<p style=\"text-align: justify\">Desde el a\u00f1o 2014, la Universidad de La Laguna (ULL), su Fundaci\u00f3n General, a trav\u00e9s de su Unidad de Cultura Cient\u00edfica y la Innovaci\u00f3n (Cienci@ULL), y el Cabildo Insular de Tenerife a\u00fanan fuerzas para fomentar las vocaciones cient\u00edficas y profesionales en el alumnado de la Isla de Tenerife, mediante la realizaci\u00f3n de diferentes acciones orientadas a potenciar su cultura cient\u00edfica.<\/p>\n<p style=\"text-align: justify\">Una de estas acciones es la\u00a0<strong>Feria de las Vocaciones Cient\u00edficas y Profesionales de Canarias\u00a0<\/strong>que se celebra cada a\u00f1o, en el municipio de San Crist\u00f3bal de La Laguna y que tiene como principal objetivo \u201c<strong>incrementar el inter\u00e9s de los y las j\u00f3venes por la ciencia, la tecnolog\u00eda, la innovaci\u00f3n y el emprendimiento para el desarrollo de su futuro profesional\u201d,\u00a0<\/strong>con el desarrollo, durante dos d\u00edas, de un programa de actividades divulgativas dirigidas al alumnado escolar.<\/p>\n<p style=\"text-align: justify\">En esta s\u00e9ptima edici\u00f3n la Feria se desarrollar\u00e1 en modalidad virtual, debido a las restricciones de seguridad para la prevenci\u00f3n del Covid-19, y en el marco de la Miniferia de Tenerife promovida por la Agencia Canaria de Investigaci\u00f3n, Innovaci\u00f3n y Sociedad de la Informaci\u00f3n del Gobierno de Canarias y es la antesala de MacaroNight 2020.<\/p>\n<p style=\"text-align: justify\">El programa de la Feria estar\u00e1 compuesto por actividades que se realizaran en director, a trav\u00e9s de la plataforma google.meet, y a la carta, con material audiovisual que podr\u00e1n descargarse los centros escolares desde la web de esta feria.<\/p>\n<h3 style=\"text-align: center\"><strong>Programaci\u00f3n a la carta<\/strong><\/h3>\n<p><strong>24 stand demostrativos, <\/strong>donde se muestra la actividad investigadora que se desarrolla en la Universidad de La Laguna y otros centros de I+D asociados en diferentes \u00e1mbitos de inter\u00e9s para la sociedad canaria (energ\u00eda, sostenibilidad, medio ambiente, biodiversidad, biomedicina y salud, turismo y patrimonio, entre otros) de una forma cercana y coloquial, as\u00ed como las principales salidas profesionales que ofrecen los diferentes programas formativos que oferta la ULL.<\/p>\n<p>[\/vc_column_text][vc_btn title=\u00bbPuedes verlos aqu\u00ed\u00bb color=\u00bbgreen\u00bb align=\u00bbcenter\u00bb link=\u00bburl:https%3A%2F%2Fwww.ull.es%2Fportal%2Fcienciaull%2Fferia-de-las-vocaciones-cientificas-y-profesionales-de-canarias%2Fstand-demostrativos%2F|title:Stand%20demostrativos\u00bb][vc_column_text]<strong>7 Talleres Cient\u00edficos del Laboratorio Virtual \u201cConecta-Cienci@ULL\u201d, <\/strong>donde el profesorado y alumnado puede replicar en clase o casa a la actividad con material muy sencillo y econ\u00f3mico.<\/p>\n<p>[\/vc_column_text][vc_btn title=\u00bbPuedes verlos aqu\u00ed\u00bb color=\u00bbsky\u00bb align=\u00bbcenter\u00bb link=\u00bburl:https%3A%2F%2Fwww.ull.es%2Fportal%2Fcienciaull%2Fferia-de-las-vocaciones-cientificas-y-profesionales-de-canarias%2Ftalleres-cientificos%2F|title:Stand%20demostrativos\u00bb][vc_empty_space height=\u00bb15px\u00bb css=\u00bb.vc_custom_1606250835321{margin-bottom: 0px !important;border-bottom-width: 0px !important;padding-bottom: 0px !important;}\u00bb][vc_column_text]<\/p>\n<h3 style=\"text-align: center\"><strong>Programaci\u00f3n en directo<\/strong><\/h3>\n<p><strong>20 Talleres cient\u00edficos <\/strong>pr\u00e1cticos desarrollados en directo de la mano de j\u00f3venes investigadores, de una hora de duraci\u00f3n.<\/p>\n<p>&nbsp;<\/p>\n<p style=\"text-align: justify\"><strong>12 Charlas profesionales\u00a0<\/strong>impartidas por profesionales de diferentes \u00e1reas de conocimiento del \u00e1mbito empresarial, p\u00fablico o I+D, con el objetivo de que cuenten al alumnado su trayectoria formativa y experiencia profesional. Cada charla tendr\u00e1 una duraci\u00f3n de 25 minutos y se realizaran por googlemeet.<\/p>\n<p>[\/vc_column_text][vc_empty_space height=\u00bb50px\u00bb][vc_btn title=\u00bbMacaroNight 2020&#8243; color=\u00bbsuccess\u00bb link=\u00bburl:https%3A%2F%2Fwww.ull.es%2Fportal%2Fcienciaull%2Fmacaronight-2020%2F|title:MacaroNight%202020&#8243;][vc_btn title=\u00bbLaboratorio de Verano\u00bb color=\u00bbsky\u00bb link=\u00bburl:https%3A%2F%2Fwww.ull.es%2Fportal%2Fcienciaull%2Flaboratorio-arn-innova%2Factividades%2Flaboratorio-de-verano-de-ciencia-y-tecnologia-de-arona%2F|title:Laboratorio%20de%20Verano%20de%20Ciencia%20y%20Tecnolog%C3%ADa%20de%20Arona\u00bb][vc_btn title=\u00bbConecta Cienci@ULL\u00bb color=\u00bbdanger\u00bb link=\u00bburl:https%3A%2F%2Fwww.ull.es%2Fportal%2Fcienciaull%2Fconecta-cienciaull-la-gomera-y-la-palma%2F|title:Conecta%20Ciencia%40ULL%20La%20Gomera%20y%20La%20Palma\u00bb][vc_btn title=\u00bbRutas Cient\u00edficas\u00bb color=\u00bborange\u00bb link=\u00bburl:https%3A%2F%2Fwww.ull.es%2Fportal%2Fcienciaull%2Frutas-cientificas-de-la-macaronesia%2F|title:Rutas%20Cient%C3%ADficas%20de%20la%20Macaronesia\u00bb][vc_btn title=\u00bbConcurso Maletas Cient\u00edficas\u00bb color=\u00bbwarning\u00bb link=\u00bburl:https%3A%2F%2Fwww.ull.es%2Fportal%2Fcienciaull%2Fconcurso-infantil-de-maletas-cientificas-de-canarias%2F|title:Concurso%20Infantil%20De%20Maletas%20Cient%C3%ADficas%20de%20Canarias\u00bb][vc_btn title=\u00bbConcurso de Divulgaci\u00f3n Cient\u00edfica\u00bb color=\u00bbinfo\u00bb link=\u00bburl:https%3A%2F%2Fwww.ull.es%2Fportal%2Fcienciaull%2Fconcurso-de-divulgacion%2F|title:Concurso%20de%20Divulgaci%C3%B3n\u00bb][vc_btn title=\u00bbMuestra documental\u00bb color=\u00bbviolet\u00bb link=\u00bburl:https%3A%2F%2Fwww.ull.es%2Fportal%2Fcienciaull%2Fmuestra-documental-cientifico%2F|title:Muestra%20Documental%20Cient%C3%ADfico\u00bb][\/vc_column][vc_column width=\u00bb1\/3&#8243;][vc_video link=\u00bbhttps:\/\/youtu.be\/FdglyWiKtJ8&#8243;][vc_empty_space height=\u00bb30px\u00bb css=\u00bb.vc_custom_1601986324190{margin-bottom: 0px !important;border-bottom-width: 0px !important;padding-bottom: 0px !important;}\u00bb][vc_custom_heading text=\u00bbGaler\u00eda\u00bb google_fonts=\u00bbfont_family:Roboto%20Slab%3A100%2C300%2Cregular%2C700|font_style:700%20bold%20regular%3A700%3Anormal\u00bb][vc_media_grid style=\u00bbpagination\u00bb items_per_page=\u00bb1&#8243; element_width=\u00bb12&#8243; paging_color=\u00bbgreen\u00bb loop=\u00bbyes\u00bb grid_id=\u00bbvc_gid:1619395705640-f60faaa2-58f9-8&#8243; include=\u00bb5891,5892,5893,5894,5895,5896,5897,5898,5899,5900&#8243; css=\u00bb.vc_custom_1601986353371{margin-top: -32px !important;border-top-width: -32px !important;}\u00bb][vc_empty_space height=\u00bb45px\u00bb css=\u00bb.vc_custom_1601986367894{margin-bottom: 0px !important;border-bottom-width: 0px !important;padding-bottom: 0px !important;}\u00bb][vc_btn title=\u00bbFotos 2019&#8243; color=\u00bbsuccess\u00bb size=\u00bbsm\u00bb align=\u00bbcenter\u00bb button_block=\u00bbtrue\u00bb css=\u00bb.vc_custom_1606250970361{margin-bottom: 3px !important;border-bottom-width: 3px !important;padding-bottom: 3px !important;}\u00bb link=\u00bburl:https%3A%2F%2Fdrive.google.com%2Fdrive%2Ffolders%2F1mmytOwLWmrX8oWez1u-5jcZijAaqUpS1%3Fusp%3Dsharing|target:_blank\u00bb][vc_btn title=\u00bbFotos 2018&#8243; color=\u00bbinfo\u00bb size=\u00bbsm\u00bb align=\u00bbcenter\u00bb button_block=\u00bbtrue\u00bb css=\u00bb.vc_custom_1606250977030{margin-bottom: 3px !important;border-bottom-width: 3px !important;padding-bottom: 3px !important;}\u00bb link=\u00bburl:https%3A%2F%2Fdrive.google.com%2Fdrive%2Ffolders%2F1kEyUIokBYyeCqHcWPSbcoVJ-ltHiPo_F%3Fusp%3Dsharing|target:_blank\u00bb][vc_btn title=\u00bbFotos 2017&#8243; color=\u00bborange\u00bb align=\u00bbcenter\u00bb button_block=\u00bbtrue\u00bb css=\u00bb.vc_custom_1606250984388{margin-bottom: 3px !important;border-bottom-width: 3px !important;padding-bottom: 3px !important;}\u00bb link=\u00bburl:https%3A%2F%2Fdrive.google.com%2Fdrive%2Ffolders%2F1rRiPw5joh5XBuPMqEKVyiRwt3K2odN_j%3Fusp%3Dsharing|target:_blank\u00bb][vc_btn title=\u00bbFotos 2016&#8243; color=\u00bbviolet\u00bb align=\u00bbcenter\u00bb button_block=\u00bbtrue\u00bb css=\u00bb.vc_custom_1606250992597{margin-bottom: 3px !important;border-bottom-width: 3px !important;padding-bottom: 3px !important;}\u00bb link=\u00bburl:https%3A%2F%2Fdrive.google.com%2Fdrive%2Ffolders%2F1L4eZpY8xfsCFLWZXtuJMO5qEMkL9EscM%3Fusp%3Dsharing|target:_blank\u00bb][vc_btn title=\u00bbFotos 2015&#8243; color=\u00bbpink\u00bb align=\u00bbcenter\u00bb button_block=\u00bbtrue\u00bb css=\u00bb.vc_custom_1606251058207{margin-bottom: 3px !important;border-bottom-width: 3px !important;padding-bottom: 3px !important;}\u00bb link=\u00bburl:https%3A%2F%2Fdrive.google.com%2Fdrive%2Ffolders%2F1-nInKNeYsiRBKek9WDY6vl-Je-bzu3Zy%3Fusp%3Dsharing|target:_blank\u00bb][vc_btn title=\u00bbFotos 2014&#8243; color=\u00bbvista-blue\u00bb align=\u00bbcenter\u00bb button_block=\u00bbtrue\u00bb css=\u00bb.vc_custom_1603822939882{margin-bottom: 3px !important;border-bottom-width: 3px !important;padding-bottom: 3px !important;}\u00bb link=\u00bburl:https%3A%2F%2Fdrive.google.com%2Fdrive%2Ffolders%2F1Ts_1NPziPuKm2FIseoX7cBDDm4FilKBR%3Fusp%3Dsharing|target:_blank\u00bb][vc_btn title=\u00bbEdici\u00f3n 2021&#8243; color=\u00bbblue\u00bb align=\u00bbcenter\u00bb button_block=\u00bbtrue\u00bb css=\u00bb.vc_custom_1619395880808{margin-bottom: 3px !important;border-bottom-width: 3px !important;padding-bottom: 3px !important;}\u00bb link=\u00bburl:https%3A%2F%2Fwww.ull.es%2Fportal%2Fcienciaull%2Fferia-de-las-vocaciones-cientificas-y-profesionales-de-canarias%2F|target:_blank\u00bb][vc_empty_space height=\u00bb15px\u00bb css=\u00bb.vc_custom_1606250835321{margin-bottom: 0px !important;border-bottom-width: 0px !important;padding-bottom: 0px !important;}\u00bb][vc_wp_text]<\/p>\n<h3 style=\"text-align: center\">Miniferias 2020<\/h3>\n<p>[\/vc_wp_text][vc_single_image image=\u00bb10224&#8243; img_size=\u00bb400&#215;200&#8243; alignment=\u00bbcenter\u00bb onclick=\u00bbcustom_link\u00bb link=\u00bbhttps:\/\/www.cienciacanaria.es\/miniferias2020\/portfolio-details\/item\/15-tenerife\u00bb][\/vc_column][\/vc_row]<\/p>\n","protected":false},"excerpt":{"rendered":"<p>[vc_row][vc_column][vc_separator color=\u00bbcustom\u00bb style=\u00bbdouble\u00bb border_width=\u00bb10&#8243; accent_color=\u00bb#884a95&#8243;][\/vc_column][\/vc_row][vc_row][vc_column css=\u00bb.vc_custom_1546088715842{margin-bottom: 0px !important;border-bottom-width: 0px !important;padding-bottom: 0px !important;}\u00bb][vc_empty_space height=\u00bb10px\u00bb][vc_custom_heading text=\u00bbPresentaci\u00f3n\u00bb google_fonts=\u00bbfont_family:Roboto%20Slab%3A100%2C300%2Cregular%2C700|font_style:700%20bold%20regular%3A700%3Anormal\u00bb][\/vc_column][\/vc_row][vc_row][vc_column width=\u00bb2\/3&#8243;][vc_column_text] Desde el a\u00f1o 2014, la Universidad de La Laguna (ULL), su Fundaci\u00f3n General, a trav\u00e9s de su Unidad de Cultura Cient\u00edfica y la Innovaci\u00f3n (Cienci@ULL), y el Cabildo Insular de Tenerife a\u00fanan fuerzas para fomentar las vocaciones cient\u00edficas y&#8230;<\/p>\n","protected":false},"author":56,"featured_media":808,"parent":0,"menu_order":0,"comment_status":"closed","ping_status":"closed","template":"templates\/cienciaull.php","meta":{"inline_featured_image":false,"footnotes":""},"acf":[],"yoast_head":"<!-- This site is optimized with the Yoast SEO plugin v21.3 - https:\/\/yoast.com\/wordpress\/plugins\/seo\/ -->\n<title>Feria de las Vocaciones Cient\u00edficas y Profesionales de Canarias 2020 -<\/title>\n<meta name=\"robots\" content=\"index, follow, max-snippet:-1, max-image-preview:large, max-video-preview:-1\" \/>\n<link rel=\"canonical\" href=\"https:\/\/www.ull.es\/portal\/cienciaull\/feria-de-las-vocaciones-cientifica-y-profesionales-de-canarias-2020\/\" \/>\n<meta property=\"og:locale\" content=\"es_ES\" \/>\n<meta property=\"og:type\" content=\"article\" \/>\n<meta property=\"og:title\" content=\"Feria de las Vocaciones Cient\u00edficas y Profesionales de Canarias 2020 -\" \/>\n<meta property=\"og:description\" content=\"[vc_row][vc_column][vc_separator color=\u00bbcustom\u00bb style=\u00bbdouble\u00bb border_width=\u00bb10&#8243; accent_color=\u00bb#884a95&#8243;][\/vc_column][\/vc_row][vc_row][vc_column css=\u00bb.vc_custom_1546088715842{margin-bottom: 0px !important;border-bottom-width: 0px !important;padding-bottom: 0px !important;}\u00bb][vc_empty_space height=\u00bb10px\u00bb][vc_custom_heading text=\u00bbPresentaci\u00f3n\u00bb google_fonts=\u00bbfont_family:Roboto%20Slab%3A100%2C300%2Cregular%2C700|font_style:700%20bold%20regular%3A700%3Anormal\u00bb][\/vc_column][\/vc_row][vc_row][vc_column width=\u00bb2\/3&#8243;][vc_column_text] Desde el a\u00f1o 2014, la Universidad de La Laguna (ULL), su Fundaci\u00f3n General, a trav\u00e9s de su Unidad de Cultura Cient\u00edfica y la Innovaci\u00f3n (Cienci@ULL), y el Cabildo Insular de Tenerife a\u00fanan fuerzas para fomentar las vocaciones cient\u00edficas y...\" \/>\n<meta property=\"og:url\" content=\"https:\/\/www.ull.es\/portal\/cienciaull\/feria-de-las-vocaciones-cientifica-y-profesionales-de-canarias-2020\/\" \/>\n<meta property=\"article:publisher\" content=\"https:\/\/www.facebook.com\/CienciaULL\/\" \/>\n<meta property=\"article:modified_time\" content=\"2021-04-26T00:11:23+00:00\" \/>\n<meta property=\"og:image\" content=\"https:\/\/www.ull.es\/portal\/cienciaull\/wp-content\/uploads\/sites\/24\/2018\/12\/Mailing_560x224px-1.jpg\" \/>\n\t<meta property=\"og:image:width\" content=\"560\" \/>\n\t<meta property=\"og:image:height\" content=\"224\" \/>\n\t<meta property=\"og:image:type\" content=\"image\/jpeg\" \/>\n<meta name=\"twitter:card\" content=\"summary_large_image\" \/>\n<meta name=\"twitter:site\" content=\"@CienciaULL\" \/>\n<meta name=\"twitter:label1\" content=\"Tiempo de lectura\" \/>\n\t<meta name=\"twitter:data1\" content=\"3 minutos\" \/>\n<script type=\"application\/ld+json\" class=\"yoast-schema-graph\">{\"@context\":\"https:\/\/schema.org\",\"@graph\":[{\"@type\":\"WebPage\",\"@id\":\"https:\/\/www.ull.es\/portal\/cienciaull\/feria-de-las-vocaciones-cientifica-y-profesionales-de-canarias-2020\/\",\"url\":\"https:\/\/www.ull.es\/portal\/cienciaull\/feria-de-las-vocaciones-cientifica-y-profesionales-de-canarias-2020\/\",\"name\":\"Feria de las Vocaciones Cient\u00edficas y Profesionales de Canarias 2020 -\",\"isPartOf\":{\"@id\":\"https:\/\/www.ull.es\/portal\/cienciaull\/#website\"},\"datePublished\":\"2018-12-29T03:04:26+00:00\",\"dateModified\":\"2021-04-26T00:11:23+00:00\",\"breadcrumb\":{\"@id\":\"https:\/\/www.ull.es\/portal\/cienciaull\/feria-de-las-vocaciones-cientifica-y-profesionales-de-canarias-2020\/#breadcrumb\"},\"inLanguage\":\"es\",\"potentialAction\":[{\"@type\":\"ReadAction\",\"target\":[\"https:\/\/www.ull.es\/portal\/cienciaull\/feria-de-las-vocaciones-cientifica-y-profesionales-de-canarias-2020\/\"]}]},{\"@type\":\"BreadcrumbList\",\"@id\":\"https:\/\/www.ull.es\/portal\/cienciaull\/feria-de-las-vocaciones-cientifica-y-profesionales-de-canarias-2020\/#breadcrumb\",\"itemListElement\":[{\"@type\":\"ListItem\",\"position\":1,\"name\":\"Portada\",\"item\":\"https:\/\/www.ull.es\/portal\/cienciaull\/\"},{\"@type\":\"ListItem\",\"position\":2,\"name\":\"Feria de las Vocaciones Cient\u00edficas y Profesionales de Canarias 2020\"}]},{\"@type\":\"WebSite\",\"@id\":\"https:\/\/www.ull.es\/portal\/cienciaull\/#website\",\"url\":\"https:\/\/www.ull.es\/portal\/cienciaull\/\",\"name\":\"\",\"description\":\"Unidad de Cultura Cient\u00edfica y de la Innovaci\u00f3n de la Universidad de La Laguna\",\"potentialAction\":[{\"@type\":\"SearchAction\",\"target\":{\"@type\":\"EntryPoint\",\"urlTemplate\":\"https:\/\/www.ull.es\/portal\/cienciaull\/?s={search_term_string}\"},\"query-input\":\"required name=search_term_string\"}],\"inLanguage\":\"es\"}]}<\/script>\n<!-- \/ Yoast SEO plugin. -->","yoast_head_json":{"title":"Feria de las Vocaciones Cient\u00edficas y Profesionales de Canarias 2020 -","robots":{"index":"index","follow":"follow","max-snippet":"max-snippet:-1","max-image-preview":"max-image-preview:large","max-video-preview":"max-video-preview:-1"},"canonical":"https:\/\/www.ull.es\/portal\/cienciaull\/feria-de-las-vocaciones-cientifica-y-profesionales-de-canarias-2020\/","og_locale":"es_ES","og_type":"article","og_title":"Feria de las Vocaciones Cient\u00edficas y Profesionales de Canarias 2020 -","og_description":"[vc_row][vc_column][vc_separator color=\u00bbcustom\u00bb style=\u00bbdouble\u00bb border_width=\u00bb10&#8243; accent_color=\u00bb#884a95&#8243;][\/vc_column][\/vc_row][vc_row][vc_column css=\u00bb.vc_custom_1546088715842{margin-bottom: 0px !important;border-bottom-width: 0px !important;padding-bottom: 0px !important;}\u00bb][vc_empty_space height=\u00bb10px\u00bb][vc_custom_heading text=\u00bbPresentaci\u00f3n\u00bb google_fonts=\u00bbfont_family:Roboto%20Slab%3A100%2C300%2Cregular%2C700|font_style:700%20bold%20regular%3A700%3Anormal\u00bb][\/vc_column][\/vc_row][vc_row][vc_column width=\u00bb2\/3&#8243;][vc_column_text] Desde el a\u00f1o 2014, la Universidad de La Laguna (ULL), su Fundaci\u00f3n General, a trav\u00e9s de su Unidad de Cultura Cient\u00edfica y la Innovaci\u00f3n (Cienci@ULL), y el Cabildo Insular de Tenerife a\u00fanan fuerzas para fomentar las vocaciones cient\u00edficas y...","og_url":"https:\/\/www.ull.es\/portal\/cienciaull\/feria-de-las-vocaciones-cientifica-y-profesionales-de-canarias-2020\/","article_publisher":"https:\/\/www.facebook.com\/CienciaULL\/","article_modified_time":"2021-04-26T00:11:23+00:00","og_image":[{"width":560,"height":224,"url":"https:\/\/www.ull.es\/portal\/cienciaull\/wp-content\/uploads\/sites\/24\/2018\/12\/Mailing_560x224px-1.jpg","type":"image\/jpeg"}],"twitter_card":"summary_large_image","twitter_site":"@CienciaULL","twitter_misc":{"Tiempo de lectura":"3 minutos"},"schema":{"@context":"https:\/\/schema.org","@graph":[{"@type":"WebPage","@id":"https:\/\/www.ull.es\/portal\/cienciaull\/feria-de-las-vocaciones-cientifica-y-profesionales-de-canarias-2020\/","url":"https:\/\/www.ull.es\/portal\/cienciaull\/feria-de-las-vocaciones-cientifica-y-profesionales-de-canarias-2020\/","name":"Feria de las Vocaciones Cient\u00edficas y Profesionales de Canarias 2020 -","isPartOf":{"@id":"https:\/\/www.ull.es\/portal\/cienciaull\/#website"},"datePublished":"2018-12-29T03:04:26+00:00","dateModified":"2021-04-26T00:11:23+00:00","breadcrumb":{"@id":"https:\/\/www.ull.es\/portal\/cienciaull\/feria-de-las-vocaciones-cientifica-y-profesionales-de-canarias-2020\/#breadcrumb"},"inLanguage":"es","potentialAction":[{"@type":"ReadAction","target":["https:\/\/www.ull.es\/portal\/cienciaull\/feria-de-las-vocaciones-cientifica-y-profesionales-de-canarias-2020\/"]}]},{"@type":"BreadcrumbList","@id":"https:\/\/www.ull.es\/portal\/cienciaull\/feria-de-las-vocaciones-cientifica-y-profesionales-de-canarias-2020\/#breadcrumb","itemListElement":[{"@type":"ListItem","position":1,"name":"Portada","item":"https:\/\/www.ull.es\/portal\/cienciaull\/"},{"@type":"ListItem","position":2,"name":"Feria de las Vocaciones Cient\u00edficas y Profesionales de Canarias 2020"}]},{"@type":"WebSite","@id":"https:\/\/www.ull.es\/portal\/cienciaull\/#website","url":"https:\/\/www.ull.es\/portal\/cienciaull\/","name":"","description":"Unidad de Cultura Cient\u00edfica y de la Innovaci\u00f3n de la Universidad de La Laguna","potentialAction":[{"@type":"SearchAction","target":{"@type":"EntryPoint","urlTemplate":"https:\/\/www.ull.es\/portal\/cienciaull\/?s={search_term_string}"},"query-input":"required name=search_term_string"}],"inLanguage":"es"}]}},"_links":{"self":[{"href":"https:\/\/www.ull.es\/portal\/cienciaull\/wp-json\/wp\/v2\/pages\/810"}],"collection":[{"href":"https:\/\/www.ull.es\/portal\/cienciaull\/wp-json\/wp\/v2\/pages"}],"about":[{"href":"https:\/\/www.ull.es\/portal\/cienciaull\/wp-json\/wp\/v2\/types\/page"}],"author":[{"embeddable":true,"href":"https:\/\/www.ull.es\/portal\/cienciaull\/wp-json\/wp\/v2\/users\/56"}],"replies":[{"embeddable":true,"href":"https:\/\/www.ull.es\/portal\/cienciaull\/wp-json\/wp\/v2\/comments?post=810"}],"version-history":[{"count":241,"href":"https:\/\/www.ull.es\/portal\/cienciaull\/wp-json\/wp\/v2\/pages\/810\/revisions"}],"predecessor-version":[{"id":11435,"href":"https:\/\/www.ull.es\/portal\/cienciaull\/wp-json\/wp\/v2\/pages\/810\/revisions\/11435"}],"wp:featuredmedia":[{"embeddable":true,"href":"https:\/\/www.ull.es\/portal\/cienciaull\/wp-json\/wp\/v2\/media\/808"}],"wp:attachment":[{"href":"https:\/\/www.ull.es\/portal\/cienciaull\/wp-json\/wp\/v2\/media?parent=810"}],"curies":[{"name":"wp","href":"https:\/\/api.w.org\/{rel}","templated":true}]}}