{"id":8162,"date":"2020-07-14T13:31:22","date_gmt":"2020-07-14T13:31:22","guid":{"rendered":"https:\/\/www.ull.es\/portal\/cienciaull\/?page_id=8162"},"modified":"2021-05-11T10:39:58","modified_gmt":"2021-05-11T10:39:58","slug":"concurso-infantil-de-maletas-cientificas-de-canarias","status":"publish","type":"page","link":"https:\/\/www.ull.es\/portal\/cienciaull\/concurso-infantil-de-maletas-cientificas-de-canarias\/","title":{"rendered":"Concurso Infantil De Maletas Cient\u00edficas de Canarias"},"content":{"rendered":"<p>[vc_row][vc_column]\n<div id=\"rev_slider_42_1_wrapper\" class=\"rev_slider_wrapper fullwidthbanner-container\" data-source=\"gallery\" style=\"margin:0px auto;background:transparent;padding:0px;margin-top:0px;margin-bottom:0px;\">\n<!-- START REVOLUTION SLIDER 5.4.7.3 auto mode -->\n\t<div id=\"rev_slider_42_1\" class=\"rev_slider fullwidthabanner\" style=\"display:none;\" data-version=\"5.4.7.3\">\n<ul>\t<!-- SLIDE  -->\n\t<li data-index=\"rs-64\" data-transition=\"fade\" data-slotamount=\"default\" data-hideafterloop=\"0\" data-hideslideonmobile=\"off\"  data-easein=\"default\" data-easeout=\"default\" data-masterspeed=\"300\"  data-rotate=\"0\"  data-saveperformance=\"off\"  data-title=\"Slide\" data-param1=\"\" data-param2=\"\" data-param3=\"\" data-param4=\"\" data-param5=\"\" data-param6=\"\" data-param7=\"\" data-param8=\"\" data-param9=\"\" data-param10=\"\" data-description=\"\">\n\t\t<!-- MAIN IMAGE -->\n\t\t<img src=\"https:\/\/www.ull.es\/portal\/cienciaull\/wp-content\/plugins\/revslider\/admin\/assets\/images\/transparent.png\"  alt=\"\" title=\"Concurso Infantil De Maletas Cient\u00edficas de Canarias\"  data-bgposition=\"center center\" data-bgfit=\"cover\" data-bgrepeat=\"no-repeat\" class=\"rev-slidebg\" data-no-retina>\n\t\t<!-- LAYERS -->\n\n\t\t<!-- LAYER NR. 1 -->\n\t\t<div class=\"tp-caption   tp-resizeme\" \n\t\t\t id=\"slide-64-layer-1\" \n\t\t\t data-x=\"-1\" \n\t\t\t data-y=\"-8\" \n\t\t\t\t\t\tdata-width=\"['none','none','none','none']\"\n\t\t\tdata-height=\"['none','none','none','none']\"\n \n\t\t\tdata-type=\"image\" \n\t\t\tdata-responsive_offset=\"on\" \n\n\t\t\tdata-frames='[{\"delay\":0,\"speed\":300,\"frame\":\"0\",\"from\":\"opacity:0;\",\"to\":\"o:1;\",\"ease\":\"Power3.easeInOut\"},{\"delay\":\"wait\",\"speed\":300,\"frame\":\"999\",\"to\":\"opacity:0;\",\"ease\":\"Power3.easeInOut\"}]'\n\t\t\tdata-textAlign=\"['inherit','inherit','inherit','inherit']\"\n\t\t\tdata-paddingtop=\"[0,0,0,0]\"\n\t\t\tdata-paddingright=\"[0,0,0,0]\"\n\t\t\tdata-paddingbottom=\"[0,0,0,0]\"\n\t\t\tdata-paddingleft=\"[0,0,0,0]\"\n\n\t\t\tstyle=\"z-index: 5;\"><img src=\"https:\/\/www.ull.es\/portal\/cienciaull\/wp-content\/uploads\/sites\/24\/2020\/09\/banner_maletas-OK.jpg\" alt=\"\" data-ww=\"1250px\" data-hh=\"470\" width=\"1600\" height=\"601\" data-no-retina> <\/div>\n\t<\/li>\n<\/ul>\n<div class=\"tp-bannertimer tp-bottom\" style=\"visibility: hidden !important;\"><\/div>\t<\/div>\n<script>var htmlDiv = document.getElementById(\"rs-plugin-settings-inline-css\"); var htmlDivCss=\"\";\r\n\t\t\t\tif(htmlDiv) {\r\n\t\t\t\t\thtmlDiv.innerHTML = htmlDiv.innerHTML + htmlDivCss;\r\n\t\t\t\t}else{\r\n\t\t\t\t\tvar htmlDiv = document.createElement(\"div\");\r\n\t\t\t\t\thtmlDiv.innerHTML = \"<style>\" + htmlDivCss + \"<\/style>\";\r\n\t\t\t\t\tdocument.getElementsByTagName(\"head\")[0].appendChild(htmlDiv.childNodes[0]);\r\n\t\t\t\t}\r\n\t\t\t<\/script>\n\t\t<script type=\"text\/javascript\">\r\nif (setREVStartSize!==undefined) setREVStartSize(\r\n\t{c: '#rev_slider_42_1', gridwidth: [1250], gridheight: [460], sliderLayout: 'auto'});\r\n\t\t\t\r\nvar revapi42,\r\n\ttpj;\t\r\n(function() {\t\t\t\r\n\tif (!\/loaded|interactive|complete\/.test(document.readyState)) document.addEventListener(\"DOMContentLoaded\",onLoad); else onLoad();\t\r\n\tfunction onLoad() {\t\t\t\t\r\n\t\tif (tpj===undefined) { tpj = jQuery; if(\"off\" == \"on\") tpj.noConflict();}\r\n\tif(tpj(\"#rev_slider_42_1\").revolution == undefined){\n\t\trevslider_showDoubleJqueryError(\"#rev_slider_42_1\");\n\t}else{\n\t\trevapi42 = tpj(\"#rev_slider_42_1\").show().revolution({\n\t\t\tsliderType:\"standard\",\n\t\t\tjsFileLocation:\"\/\/www.ull.es\/portal\/cienciaull\/wp-content\/plugins\/revslider\/public\/assets\/js\/\",\n\t\t\tsliderLayout:\"auto\",\n\t\t\tdottedOverlay:\"none\",\n\t\t\tdelay:9000,\n\t\t\tnavigation: {\n\t\t\t\tonHoverStop:\"off\",\n\t\t\t},\n\t\t\tvisibilityLevels:[1240,1024,778,480],\n\t\t\tgridwidth:1250,\n\t\t\tgridheight:460,\n\t\t\tlazyType:\"none\",\n\t\t\tshadow:0,\n\t\t\tspinner:\"spinner0\",\n\t\t\tstopLoop:\"off\",\n\t\t\tstopAfterLoops:-1,\n\t\t\tstopAtSlide:-1,\n\t\t\tshuffle:\"off\",\n\t\t\tautoHeight:\"off\",\n\t\t\tdisableProgressBar:\"on\",\n\t\t\thideThumbsOnMobile:\"off\",\n\t\t\thideSliderAtLimit:0,\n\t\t\thideCaptionAtLimit:0,\n\t\t\thideAllCaptionAtLilmit:0,\n\t\t\tdebugMode:false,\n\t\t\tfallbacks: {\n\t\t\t\tsimplifyAll:\"off\",\n\t\t\t\tnextSlideOnWindowFocus:\"off\",\n\t\t\t\tdisableFocusListener:false,\n\t\t\t}\n\t\t});\n\t}; \/* END OF revapi call *\/\n\t\n }; \/* END OF ON LOAD FUNCTION *\/\r\n}()); \/* END OF WRAPPING FUNCTION *\/\r\n<\/script>\r\n\t\t<\/div><!-- END REVOLUTION SLIDER -->[vc_separator color=\u00bbviolet\u00bb style=\u00bbdouble\u00bb border_width=\u00bb10&#8243;][\/vc_column][\/vc_row][vc_row][vc_column][vc_empty_space height=\u00bb40px\u00bb][vc_custom_heading text=\u00bbPresentaci\u00f3n\u00bb font_container=\u00bbtag:h2|text_align:left|color:%239b31d8&#8243; google_fonts=\u00bbfont_family:Roboto%20Slab%3A100%2C300%2Cregular%2C700|font_style:700%20bold%20regular%3A700%3Anormal\u00bb css=\u00bb.vc_custom_1606123401084{margin-bottom: 7px !important;border-bottom-width: 7px !important;padding-bottom: 7px !important;}\u00bb][\/vc_column][\/vc_row][vc_row][vc_column width=\u00bb3\/4&#8243;][vc_column_text]<\/p>\n<p style=\"text-align: justify\">Desde el a\u00f1o 2006, la Universidad de La Laguna (ULL) y su Fundaci\u00f3n General (FGULL) organizan y realizan conjuntamente diferentes acciones dirigidas a dar a conocer a la sociedad canaria la actividad investigadora que se desarrolla en sus diferentes departamentos y estructuras cient\u00edficas.<\/p>\n<p style=\"text-align: justify\">Es por ello que, ambas entidades, motivadas por potenciar la actividad de difusi\u00f3n, divulgaci\u00f3n y comunicaci\u00f3n que realizan y, adem\u00e1s, reforzar su labor de transferencia de conocimiento hacia al sector empresarial y\/o la administraci\u00f3n, en el a\u00f1o 2013 deciden constituir una <strong>Unidad de Cultura Cient\u00edfica y de la Innovaci\u00f3n (UCC+I), Cienci@ULL<\/strong>, con un plan anual estrat\u00e9gico de acciones, dirigido a diferentes p\u00fablicos. Una de las l\u00edneas de acci\u00f3n de este plan es <em>\u201cEl fomento de las vocaciones cient\u00edficas y profesionales del alumnado de primaria, secundaria, bachillerato, formaci\u00f3n profesional y universitario\u201d<\/em>, mediante la organizaci\u00f3n de actividades espec\u00edficas, tales como: rutas cient\u00edficas, talleres pr\u00e1cticos, charlas cient\u00edficas, concursos, etc.<\/p>\n<p style=\"text-align: justify\">La <strong>Unidad de Cultura Cient\u00edfica y de la Innovaci\u00f3n (UCC+I), Cienci@ULL<\/strong>, organiza y desarrolla el <span style=\"color: #800080\"><strong>I Concurso Infantil de Maletas Cient\u00edficas de Canarias<\/strong><\/span> dirigido al alumnado de 4\u00ba, 5\u00ba y 6\u00ba de primaria de los centros educativos de primaria de la Comunidad Aut\u00f3noma de Canarias, como pre-actividad dentro del marco del proyecto europeo \u201c<strong>MacaroNight: la Noche Europea de los Investigadores de la Macaronesia\u201d,<\/strong> financiado por las acciones Marie Sklodowska-Curie del programa Horizonte 2020, y cuyo objetivo principal es acercar la labor de investigaci\u00f3n que se desarrolla en Canarias, Madeira y Azores, a trav\u00e9s de la organizaci\u00f3n de un programa de actividades el 27 de noviembre de 2020.<\/p>\n<p style=\"text-align: justify\"><strong>MacaroNight<\/strong> es una iniciativa promovida por La Palma Research Centre, el Fundo Regional para a Ci\u00eancia e Tecnologia de A\u00e7ores, la Fundaci\u00f3n del Parque Cient\u00edfico Tecnol\u00f3gico de la Universidad de Las Palmas de Gran Canaria, la Universidad da Madeira, Fundaci\u00f3n General de la Universidad de La Laguna y la Agencia Canaria de Investigaci\u00f3n, Innovaci\u00f3n y Sociedad de la Informaci\u00f3n del Gobierno de Canarias.<\/p>\n<h4 style=\"text-align: justify\"><strong>1. Objeto<\/strong><\/h4>\n<p style=\"text-align: justify\">Realizaci\u00f3n por parte del alumnado de primaria de una maqueta o prototipo sobre un hecho o descubrimiento cient\u00edfico realizado por un\/a investigador\/a canario\/a. Esta representaci\u00f3n debe realizarse en el interior de una maleta que tiene que ser elaborada por el propio alumnado.<\/p>\n<p style=\"text-align: justify\">Asimismo, el alumnado participante debe hacer una exposici\u00f3n del prototipo\/maqueta cient\u00edfica a trav\u00e9s de la realizaci\u00f3n de un v\u00eddeo, cuya duraci\u00f3n m\u00e1xima sea de 5 minutos, explicando el hecho o descubrimiento cient\u00edfico que han representado y el motivo de la elecci\u00f3n del mismo, los materiales utilizados, la hoja de ruta o planificaci\u00f3n y la distribuci\u00f3n del trabajo empleada para la realizaci\u00f3n de la maqueta.<\/p>\n<h4 style=\"text-align: justify\"><strong>2. P\u00fablico al que va dirigido<\/strong><\/h4>\n<p style=\"text-align: justify\">Podr\u00e1n participar en esta actividad:<\/p>\n<ul style=\"text-align: justify\">\n<li>Grupos de m\u00e1ximo 10 alumnos\/as de 4\u00ba, 5\u00ba y 6\u00ba de primaria de los diferentes centros educativos de la Comunidad Aut\u00f3noma de Canarias. Se podr\u00e1n presentar varios grupos dentro de la misma clase siempre y cuando cumplan con el n\u00famero m\u00e1ximo de participantes.<\/li>\n<\/ul>\n<h4 style=\"text-align: justify\"><strong>3. Premios<\/strong><\/h4>\n<p style=\"text-align: justify\">Se establecen tres categor\u00edas de premios (primer, segundo y tercer premio) cuya dotaci\u00f3n econ\u00f3mica estar\u00e1 destinada a la compra de material escolar para el centro educativo. Las cuant\u00edas de los premios son las siguientes:<\/p>\n<p style=\"text-align: justify\"><strong>Primer premio: <\/strong>1.000,00 euros<\/p>\n<p style=\"text-align: justify\"><strong>Segundo premio:<\/strong> 750, 00 euros<\/p>\n<p style=\"text-align: justify\"><strong>Tercer premio: <\/strong>500,00 euros<\/p>\n<h4 style=\"text-align: justify\"><\/h4>\n<h4 style=\"text-align: justify\"><strong>4. Valoraci\u00f3n de los Maletas Cient\u00edficas<\/strong><\/h4>\n<p style=\"text-align: justify\">Se conformar\u00e1 una comisi\u00f3n de selecci\u00f3n, compuesta por 1 representante de la Universidad de La Laguna, 1 de La Palma Research Centre, 1 de la Agencia Canaria de Investigaci\u00f3n, Innovaci\u00f3n y Sociedad de la Informaci\u00f3n y 2 de la Fundaci\u00f3n General de la Universidad de la Laguna, que elegir\u00e1n a los ganadores en funci\u00f3n de los siguientes criterios:<\/p>\n<ol style=\"text-align: justify\">\n<li>T\u00edtulo claro y atractivo del prototipo\/maqueta cient\u00edfica<\/li>\n<li>Originalidad en la realizaci\u00f3n de la maleta cient\u00edfica<\/li>\n<li>Exactitud del hecho o descubrimiento cient\u00edfico<\/li>\n<li>Brevedad y claridad en la exposici\u00f3n de la maleta cient\u00edfica a trav\u00e9s de un v\u00eddeo<\/li>\n<li>Organizaci\u00f3n y trabajo en equipo<\/li>\n<li>Creatividad en la exposici\u00f3n y los tipos de materiales empleados en la realizaci\u00f3n de la maqueta<\/li>\n<\/ol>\n<h4 style=\"text-align: justify\"><strong>5. Inscripci\u00f3n<\/strong><\/h4>\n<p style=\"text-align: justify\">La presentaci\u00f3n de los trabajos se realizar\u00e1 exclusivamente a trav\u00e9s del formulario online:<\/p>\n<p>[\/vc_column_text][vc_btn title=\u00bbFormulario Concurso Infantil\u00bb color=\u00bbviolet\u00bb align=\u00bbcenter\u00bb link=\u00bburl:https%3A%2F%2Fforms.gle%2F2YKXgRpgDX7rQEoG7%20|||\u00bb][vc_column_text]<\/p>\n<p style=\"text-align: justify\">Una vez finalizada la maqueta y antes de la finalizaci\u00f3n del plazo fijado en estas bases, se deber\u00e1 enviar el v\u00eddeo de presentaci\u00f3n de la maqueta de acuerdo a los criterios de valoraci\u00f3n a la siguiente direcci\u00f3n de correo electr\u00f3nico gciencia@fg.ull.es<\/p>\n<h4><strong>6. Fecha L\u00edmite<\/strong><\/h4>\n<p style=\"text-align: justify\">La fecha l\u00edmite para la presentaci\u00f3n personal de las piezas es el <strong>23 de noviembre de 2020<\/strong>.<\/p>\n<p style=\"text-align: justify\">Para m\u00e1s informaci\u00f3n consultar las <a href=\"https:\/\/drive.google.com\/file\/d\/1dqUrYTgNnwFdfUBqv9zuvSYp7oUzE9Hr\/view?usp=sharing\" target=\"_blank\" rel=\"noopener\">Bases de participaci\u00f3n<\/a>.<\/p>\n<p>[\/vc_column_text][vc_column_text]<\/p>\n<h4 style=\"text-align: justify\"><strong>7. Trabajos presentados<\/strong><\/h4>\n<p>[\/vc_column_text][vc_column_text]A continuaci\u00f3n puedes consultar los trabajos presentados a la primera edici\u00f3n de este concurso.[\/vc_column_text][vc_btn title=\u00bbTrabajos presentados\u00bb color=\u00bbviolet\u00bb size=\u00bblg\u00bb align=\u00bbcenter\u00bb link=\u00bburl:https%3A%2F%2Fwww.ull.es%2Fportal%2Fcienciaull%2Fconcurso-infantil-de-maletas-cientificas-de-canarias%2Fconcurso-infantil-de-maletas-cientificas-de-canarias-trabajos-presentados%2F\u00bb][\/vc_column][vc_column width=\u00bb1\/4&#8243;][vc_btn title=\u00bbMacaroNight 2020&#8243; color=\u00bbgreen\u00bb size=\u00bblg\u00bb align=\u00bbcenter\u00bb button_block=\u00bbtrue\u00bb css=\u00bb.vc_custom_1599806894787{margin-bottom: 3px !important;border-bottom-width: 3px !important;padding-bottom: 3px !important;}\u00bb link=\u00bburl:https%3A%2F%2Fwww.ull.es%2Fportal%2Fcienciaull%2Fmacaronight-2020%2F\u00bb][vc_btn title=\u00bbConcurso Divulgaci\u00f3n Cient\u00edfica\u00bb color=\u00bbsky\u00bb size=\u00bblg\u00bb align=\u00bbcenter\u00bb button_block=\u00bbtrue\u00bb css=\u00bb.vc_custom_1594973766689{margin-top: 3px !important;margin-bottom: 3px !important;border-top-width: 3px !important;border-bottom-width: 3px !important;padding-top: 3px !important;padding-bottom: 3px !important;}\u00bb link=\u00bburl:%20https%3A%2F%2Fwww.ull.es%2Fportal%2Fcienciaull%2Fconcurso-de-divulgacion%2F|||\u00bb][vc_btn title=\u00bbLaboratorio de Verano\u00bb color=\u00bborange\u00bb size=\u00bblg\u00bb align=\u00bbcenter\u00bb button_block=\u00bbtrue\u00bb css=\u00bb.vc_custom_1594973802358{margin-top: 3px !important;margin-bottom: 3px !important;border-top-width: 3px !important;border-bottom-width: 3px !important;padding-top: 3px !important;padding-bottom: 3px !important;}\u00bb link=\u00bburl:https%3A%2F%2Fwww.ull.es%2Fportal%2Fcienciaull%2Flaboratorio-arn-innova%2Factividades%2Flaboratorio-de-verano-de-ciencia-y-tecnologia-de-arona%2F|||\u00bb][vc_btn title=\u00bbConecta Cienci@ULL\u00bb color=\u00bbpink\u00bb size=\u00bblg\u00bb align=\u00bbcenter\u00bb button_block=\u00bbtrue\u00bb css=\u00bb.vc_custom_1600289804577{margin-top: 3px !important;margin-bottom: 3px !important;border-top-width: 3px !important;border-bottom-width: 3px !important;padding-top: 3px !important;padding-bottom: 3px !important;}\u00bb link=\u00bburl:https%3A%2F%2Fwww.ull.es%2Fportal%2Fcienciaull%2Fconecta-cienciaull-la-gomera-y-la-palma%2F|title:Conecta%20Ciencia%40ULL%20La%20Gomera%20y%20La%20Palma\u00bb][vc_btn title=\u00bbMuestra Documental\u00bb color=\u00bbviolet\u00bb size=\u00bblg\u00bb align=\u00bbcenter\u00bb button_block=\u00bbtrue\u00bb css=\u00bb.vc_custom_1600289842943{margin-top: 3px !important;margin-bottom: 3px !important;border-top-width: 3px !important;border-bottom-width: 3px !important;padding-top: 3px !important;padding-bottom: 3px !important;}\u00bb link=\u00bburl:https%3A%2F%2Fwww.ull.es%2Fportal%2Fcienciaull%2Fmuestra-documental-cientifico%2F|title:Muestra%20Documental%20Cient%C3%ADfico\u00bb][vc_btn title=\u00bbRutas Cient\u00edficas de la Macaronesia\u00bb color=\u00bbvista-blue\u00bb size=\u00bblg\u00bb align=\u00bbcenter\u00bb button_block=\u00bbtrue\u00bb css=\u00bb.vc_custom_1601983168064{margin-top: 3px !important;margin-bottom: 3px !important;border-top-width: 3px !important;border-bottom-width: 3px !important;padding-top: 3px !important;padding-bottom: 3px !important;}\u00bb link=\u00bburl:https%3A%2F%2Fwww.ull.es%2Fportal%2Fcienciaull%2Frutas-cientificas-de-la-macaronesia%2F|title:Muestra%20Documental%20Cient%C3%ADfico\u00bb][vc_btn title=\u00bbFeria de las Vocaciones Cient\u00edficas\u00bb color=\u00bbblue\u00bb size=\u00bblg\u00bb align=\u00bbcenter\u00bb button_block=\u00bbtrue\u00bb css=\u00bb.vc_custom_1601885250541{margin-top: 3px !important;margin-bottom: 3px !important;border-top-width: 3px !important;border-bottom-width: 3px !important;padding-top: 3px !important;padding-bottom: 3px !important;}\u00bb link=\u00bburl:https%3A%2F%2Fwww.ull.es%2Fportal%2Fcienciaull%2Fferia-de-las-vocaciones-cientificas-y-profesionales-de-canarias%2F|title:Muestra%20Documental%20Cient%C3%ADfico\u00bb][vc_btn title=\u00bbII Edici\u00f3n Concurso Maletas Cient\u00edficas\u00bb color=\u00bbpurple\u00bb size=\u00bblg\u00bb align=\u00bbcenter\u00bb button_block=\u00bbtrue\u00bb css=\u00bb.vc_custom_1620729596724{margin-top: 3px !important;margin-bottom: 3px !important;border-top-width: 3px !important;border-bottom-width: 3px !important;padding-top: 3px !important;padding-bottom: 3px !important;}\u00bb link=\u00bburl:https%3A%2F%2Fwww.ull.es%2Fportal%2Fcienciaull%2Fconcurso-infantil-de-maletas-cientificas-de-canarias-2%2F\u00bb][\/vc_column][\/vc_row]<\/p>\n","protected":false},"excerpt":{"rendered":"<p>[vc_row][vc_column][vc_separator color=\u00bbviolet\u00bb style=\u00bbdouble\u00bb border_width=\u00bb10&#8243;][\/vc_column][\/vc_row][vc_row][vc_column][vc_empty_space height=\u00bb40px\u00bb][vc_custom_heading text=\u00bbPresentaci\u00f3n\u00bb font_container=\u00bbtag:h2|text_align:left|color:%239b31d8&#8243; google_fonts=\u00bbfont_family:Roboto%20Slab%3A100%2C300%2Cregular%2C700|font_style:700%20bold%20regular%3A700%3Anormal\u00bb css=\u00bb.vc_custom_1606123401084{margin-bottom: 7px !important;border-bottom-width: 7px !important;padding-bottom: 7px !important;}\u00bb][\/vc_column][\/vc_row][vc_row][vc_column width=\u00bb3\/4&#8243;][vc_column_text] Desde el a\u00f1o 2006, la Universidad de La Laguna (ULL) y su Fundaci\u00f3n General (FGULL) organizan y realizan conjuntamente diferentes acciones dirigidas a dar a conocer a la sociedad canaria la actividad investigadora que se desarrolla en sus diferentes&#8230;<\/p>\n","protected":false},"author":56,"featured_media":0,"parent":0,"menu_order":0,"comment_status":"closed","ping_status":"closed","template":"templates\/cienciaull.php","meta":{"inline_featured_image":false,"footnotes":""},"acf":[],"yoast_head":"<!-- This site is optimized with the Yoast SEO plugin v21.3 - https:\/\/yoast.com\/wordpress\/plugins\/seo\/ -->\n<title>Concurso Infantil De Maletas Cient\u00edficas de Canarias -<\/title>\n<meta name=\"robots\" content=\"index, follow, max-snippet:-1, max-image-preview:large, max-video-preview:-1\" \/>\n<link rel=\"canonical\" href=\"https:\/\/www.ull.es\/portal\/cienciaull\/concurso-infantil-de-maletas-cientificas-de-canarias\/\" \/>\n<meta property=\"og:locale\" content=\"es_ES\" \/>\n<meta property=\"og:type\" content=\"article\" \/>\n<meta property=\"og:title\" content=\"Concurso Infantil De Maletas Cient\u00edficas de Canarias -\" \/>\n<meta property=\"og:description\" content=\"[vc_row][vc_column][vc_separator color=\u00bbviolet\u00bb style=\u00bbdouble\u00bb border_width=\u00bb10&#8243;][\/vc_column][\/vc_row][vc_row][vc_column][vc_empty_space height=\u00bb40px\u00bb][vc_custom_heading text=\u00bbPresentaci\u00f3n\u00bb font_container=\u00bbtag:h2|text_align:left|color:%239b31d8&#8243; google_fonts=\u00bbfont_family:Roboto%20Slab%3A100%2C300%2Cregular%2C700|font_style:700%20bold%20regular%3A700%3Anormal\u00bb css=\u00bb.vc_custom_1606123401084{margin-bottom: 7px !important;border-bottom-width: 7px !important;padding-bottom: 7px !important;}\u00bb][\/vc_column][\/vc_row][vc_row][vc_column width=\u00bb3\/4&#8243;][vc_column_text] Desde el a\u00f1o 2006, la Universidad de La Laguna (ULL) y su Fundaci\u00f3n General (FGULL) organizan y realizan conjuntamente diferentes acciones dirigidas a dar a conocer a la sociedad canaria la actividad investigadora que se desarrolla en sus diferentes...\" \/>\n<meta property=\"og:url\" content=\"https:\/\/www.ull.es\/portal\/cienciaull\/concurso-infantil-de-maletas-cientificas-de-canarias\/\" \/>\n<meta property=\"article:publisher\" content=\"https:\/\/www.facebook.com\/CienciaULL\/\" \/>\n<meta property=\"article:modified_time\" content=\"2021-05-11T10:39:58+00:00\" \/>\n<meta name=\"twitter:card\" content=\"summary_large_image\" \/>\n<meta name=\"twitter:site\" content=\"@CienciaULL\" \/>\n<meta name=\"twitter:label1\" content=\"Tiempo de lectura\" \/>\n\t<meta name=\"twitter:data1\" content=\"5 minutos\" \/>\n<script type=\"application\/ld+json\" class=\"yoast-schema-graph\">{\"@context\":\"https:\/\/schema.org\",\"@graph\":[{\"@type\":\"WebPage\",\"@id\":\"https:\/\/www.ull.es\/portal\/cienciaull\/concurso-infantil-de-maletas-cientificas-de-canarias\/\",\"url\":\"https:\/\/www.ull.es\/portal\/cienciaull\/concurso-infantil-de-maletas-cientificas-de-canarias\/\",\"name\":\"Concurso Infantil De Maletas Cient\u00edficas de Canarias -\",\"isPartOf\":{\"@id\":\"https:\/\/www.ull.es\/portal\/cienciaull\/#website\"},\"datePublished\":\"2020-07-14T13:31:22+00:00\",\"dateModified\":\"2021-05-11T10:39:58+00:00\",\"breadcrumb\":{\"@id\":\"https:\/\/www.ull.es\/portal\/cienciaull\/concurso-infantil-de-maletas-cientificas-de-canarias\/#breadcrumb\"},\"inLanguage\":\"es\",\"potentialAction\":[{\"@type\":\"ReadAction\",\"target\":[\"https:\/\/www.ull.es\/portal\/cienciaull\/concurso-infantil-de-maletas-cientificas-de-canarias\/\"]}]},{\"@type\":\"BreadcrumbList\",\"@id\":\"https:\/\/www.ull.es\/portal\/cienciaull\/concurso-infantil-de-maletas-cientificas-de-canarias\/#breadcrumb\",\"itemListElement\":[{\"@type\":\"ListItem\",\"position\":1,\"name\":\"Portada\",\"item\":\"https:\/\/www.ull.es\/portal\/cienciaull\/\"},{\"@type\":\"ListItem\",\"position\":2,\"name\":\"Concurso Infantil De Maletas Cient\u00edficas de Canarias\"}]},{\"@type\":\"WebSite\",\"@id\":\"https:\/\/www.ull.es\/portal\/cienciaull\/#website\",\"url\":\"https:\/\/www.ull.es\/portal\/cienciaull\/\",\"name\":\"\",\"description\":\"Unidad de Cultura Cient\u00edfica y de la Innovaci\u00f3n de la Universidad de La Laguna\",\"potentialAction\":[{\"@type\":\"SearchAction\",\"target\":{\"@type\":\"EntryPoint\",\"urlTemplate\":\"https:\/\/www.ull.es\/portal\/cienciaull\/?s={search_term_string}\"},\"query-input\":\"required name=search_term_string\"}],\"inLanguage\":\"es\"}]}<\/script>\n<!-- \/ Yoast SEO plugin. -->","yoast_head_json":{"title":"Concurso Infantil De Maletas Cient\u00edficas de Canarias -","robots":{"index":"index","follow":"follow","max-snippet":"max-snippet:-1","max-image-preview":"max-image-preview:large","max-video-preview":"max-video-preview:-1"},"canonical":"https:\/\/www.ull.es\/portal\/cienciaull\/concurso-infantil-de-maletas-cientificas-de-canarias\/","og_locale":"es_ES","og_type":"article","og_title":"Concurso Infantil De Maletas Cient\u00edficas de Canarias -","og_description":"[vc_row][vc_column][vc_separator color=\u00bbviolet\u00bb style=\u00bbdouble\u00bb border_width=\u00bb10&#8243;][\/vc_column][\/vc_row][vc_row][vc_column][vc_empty_space height=\u00bb40px\u00bb][vc_custom_heading text=\u00bbPresentaci\u00f3n\u00bb font_container=\u00bbtag:h2|text_align:left|color:%239b31d8&#8243; google_fonts=\u00bbfont_family:Roboto%20Slab%3A100%2C300%2Cregular%2C700|font_style:700%20bold%20regular%3A700%3Anormal\u00bb css=\u00bb.vc_custom_1606123401084{margin-bottom: 7px !important;border-bottom-width: 7px !important;padding-bottom: 7px !important;}\u00bb][\/vc_column][\/vc_row][vc_row][vc_column width=\u00bb3\/4&#8243;][vc_column_text] Desde el a\u00f1o 2006, la Universidad de La Laguna (ULL) y su Fundaci\u00f3n General (FGULL) organizan y realizan conjuntamente diferentes acciones dirigidas a dar a conocer a la sociedad canaria la actividad investigadora que se desarrolla en sus diferentes...","og_url":"https:\/\/www.ull.es\/portal\/cienciaull\/concurso-infantil-de-maletas-cientificas-de-canarias\/","article_publisher":"https:\/\/www.facebook.com\/CienciaULL\/","article_modified_time":"2021-05-11T10:39:58+00:00","twitter_card":"summary_large_image","twitter_site":"@CienciaULL","twitter_misc":{"Tiempo de lectura":"5 minutos"},"schema":{"@context":"https:\/\/schema.org","@graph":[{"@type":"WebPage","@id":"https:\/\/www.ull.es\/portal\/cienciaull\/concurso-infantil-de-maletas-cientificas-de-canarias\/","url":"https:\/\/www.ull.es\/portal\/cienciaull\/concurso-infantil-de-maletas-cientificas-de-canarias\/","name":"Concurso Infantil De Maletas Cient\u00edficas de Canarias -","isPartOf":{"@id":"https:\/\/www.ull.es\/portal\/cienciaull\/#website"},"datePublished":"2020-07-14T13:31:22+00:00","dateModified":"2021-05-11T10:39:58+00:00","breadcrumb":{"@id":"https:\/\/www.ull.es\/portal\/cienciaull\/concurso-infantil-de-maletas-cientificas-de-canarias\/#breadcrumb"},"inLanguage":"es","potentialAction":[{"@type":"ReadAction","target":["https:\/\/www.ull.es\/portal\/cienciaull\/concurso-infantil-de-maletas-cientificas-de-canarias\/"]}]},{"@type":"BreadcrumbList","@id":"https:\/\/www.ull.es\/portal\/cienciaull\/concurso-infantil-de-maletas-cientificas-de-canarias\/#breadcrumb","itemListElement":[{"@type":"ListItem","position":1,"name":"Portada","item":"https:\/\/www.ull.es\/portal\/cienciaull\/"},{"@type":"ListItem","position":2,"name":"Concurso Infantil De Maletas Cient\u00edficas de Canarias"}]},{"@type":"WebSite","@id":"https:\/\/www.ull.es\/portal\/cienciaull\/#website","url":"https:\/\/www.ull.es\/portal\/cienciaull\/","name":"","description":"Unidad de Cultura Cient\u00edfica y de la Innovaci\u00f3n de la Universidad de La Laguna","potentialAction":[{"@type":"SearchAction","target":{"@type":"EntryPoint","urlTemplate":"https:\/\/www.ull.es\/portal\/cienciaull\/?s={search_term_string}"},"query-input":"required name=search_term_string"}],"inLanguage":"es"}]}},"_links":{"self":[{"href":"https:\/\/www.ull.es\/portal\/cienciaull\/wp-json\/wp\/v2\/pages\/8162"}],"collection":[{"href":"https:\/\/www.ull.es\/portal\/cienciaull\/wp-json\/wp\/v2\/pages"}],"about":[{"href":"https:\/\/www.ull.es\/portal\/cienciaull\/wp-json\/wp\/v2\/types\/page"}],"author":[{"embeddable":true,"href":"https:\/\/www.ull.es\/portal\/cienciaull\/wp-json\/wp\/v2\/users\/56"}],"replies":[{"embeddable":true,"href":"https:\/\/www.ull.es\/portal\/cienciaull\/wp-json\/wp\/v2\/comments?post=8162"}],"version-history":[{"count":36,"href":"https:\/\/www.ull.es\/portal\/cienciaull\/wp-json\/wp\/v2\/pages\/8162\/revisions"}],"predecessor-version":[{"id":11690,"href":"https:\/\/www.ull.es\/portal\/cienciaull\/wp-json\/wp\/v2\/pages\/8162\/revisions\/11690"}],"wp:attachment":[{"href":"https:\/\/www.ull.es\/portal\/cienciaull\/wp-json\/wp\/v2\/media?parent=8162"}],"curies":[{"name":"wp","href":"https:\/\/api.w.org\/{rel}","templated":true}]}}