{"id":8185,"date":"2020-07-15T08:23:45","date_gmt":"2020-07-15T08:23:45","guid":{"rendered":"https:\/\/www.ull.es\/portal\/cienciaull\/?page_id=8185"},"modified":"2020-07-17T08:59:23","modified_gmt":"2020-07-17T08:59:23","slug":"pre-eventos","status":"publish","type":"page","link":"https:\/\/www.ull.es\/portal\/cienciaull\/macaronight-2020\/pre-eventos\/","title":{"rendered":"Pre eventos"},"content":{"rendered":"<p>[vc_row][vc_column]\n<div id=\"rev_slider_15_1_wrapper\" class=\"rev_slider_wrapper fullwidthbanner-container\" data-source=\"gallery\" style=\"margin:0px auto;background:transparent;padding:0px;margin-top:0px;margin-bottom:0px;\">\n<!-- START REVOLUTION SLIDER 5.4.7.3 auto mode -->\n\t<div id=\"rev_slider_15_1\" class=\"rev_slider fullwidthabanner\" style=\"display:none;\" data-version=\"5.4.7.3\">\n<ul>\t<!-- SLIDE  -->\n\t<li data-index=\"rs-37\" data-transition=\"fade\" data-slotamount=\"default\" data-hideafterloop=\"0\" data-hideslideonmobile=\"off\"  data-easein=\"default\" data-easeout=\"default\" data-masterspeed=\"300\"  data-rotate=\"0\"  data-saveperformance=\"off\"  data-title=\"Slide\" data-param1=\"\" data-param2=\"\" data-param3=\"\" data-param4=\"\" data-param5=\"\" data-param6=\"\" data-param7=\"\" data-param8=\"\" data-param9=\"\" data-param10=\"\" data-description=\"\">\n\t\t<!-- MAIN IMAGE -->\n\t\t<img src=\"https:\/\/s6.gifyu.com\/images\/Banner-CienciULL-Generico-1600-x-560.png\"  alt=\"\"  width=\"1920\" height=\"1080\" data-bgposition=\"center center\" data-bgfit=\"contain\" data-bgrepeat=\"no-repeat\" class=\"rev-slidebg\" data-no-retina>\n\t\t<!-- LAYERS -->\n\t<\/li>\n<\/ul>\n<div class=\"tp-bannertimer tp-bottom\" style=\"visibility: hidden !important;\"><\/div>\t<\/div>\n<script>var htmlDiv = document.getElementById(\"rs-plugin-settings-inline-css\"); var htmlDivCss=\"\";\r\n\t\t\t\tif(htmlDiv) {\r\n\t\t\t\t\thtmlDiv.innerHTML = htmlDiv.innerHTML + htmlDivCss;\r\n\t\t\t\t}else{\r\n\t\t\t\t\tvar htmlDiv = document.createElement(\"div\");\r\n\t\t\t\t\thtmlDiv.innerHTML = \"<style>\" + htmlDivCss + \"<\/style>\";\r\n\t\t\t\t\tdocument.getElementsByTagName(\"head\")[0].appendChild(htmlDiv.childNodes[0]);\r\n\t\t\t\t}\r\n\t\t\t<\/script>\n\t\t<script type=\"text\/javascript\">\r\nif (setREVStartSize!==undefined) setREVStartSize(\r\n\t{c: '#rev_slider_15_1', gridwidth: [1600], gridheight: [560], sliderLayout: 'auto'});\r\n\t\t\t\r\nvar revapi15,\r\n\ttpj;\t\r\n(function() {\t\t\t\r\n\tif (!\/loaded|interactive|complete\/.test(document.readyState)) document.addEventListener(\"DOMContentLoaded\",onLoad); else onLoad();\t\r\n\tfunction onLoad() {\t\t\t\t\r\n\t\tif (tpj===undefined) { tpj = jQuery; if(\"off\" == \"on\") tpj.noConflict();}\r\n\tif(tpj(\"#rev_slider_15_1\").revolution == undefined){\n\t\trevslider_showDoubleJqueryError(\"#rev_slider_15_1\");\n\t}else{\n\t\trevapi15 = tpj(\"#rev_slider_15_1\").show().revolution({\n\t\t\tsliderType:\"hero\",\n\t\t\tjsFileLocation:\"\/\/www.ull.es\/portal\/cienciaull\/wp-content\/plugins\/revslider\/public\/assets\/js\/\",\n\t\t\tsliderLayout:\"auto\",\n\t\t\tdottedOverlay:\"none\",\n\t\t\tdelay:9000,\n\t\t\tvisibilityLevels:[1240,1024,778,480],\n\t\t\tgridwidth:1600,\n\t\t\tgridheight:560,\n\t\t\tlazyType:\"none\",\n\t\t\tshadow:0,\n\t\t\tspinner:\"spinner0\",\n\t\t\tautoHeight:\"off\",\n\t\t\tdisableProgressBar:\"on\",\n\t\t\thideThumbsOnMobile:\"off\",\n\t\t\thideSliderAtLimit:0,\n\t\t\thideCaptionAtLimit:0,\n\t\t\thideAllCaptionAtLilmit:0,\n\t\t\tdebugMode:false,\n\t\t\tfallbacks: {\n\t\t\t\tsimplifyAll:\"off\",\n\t\t\t\tdisableFocusListener:false,\n\t\t\t}\n\t\t});\n\t}; \/* END OF revapi call *\/\n\t\n }; \/* END OF ON LOAD FUNCTION *\/\r\n}()); \/* END OF WRAPPING FUNCTION *\/\r\n<\/script>\r\n\t\t<\/div><!-- END REVOLUTION SLIDER -->[\/vc_column][\/vc_row][vc_row][vc_column][vc_empty_space][vc_custom_heading text=\u00bbPresentaci\u00f3n\u00bb font_container=\u00bbtag:h2|text_align:left|color:%23a131d8&#8243; google_fonts=\u00bbfont_family:Roboto%20Slab%3A100%2C300%2Cregular%2C700|font_style:700%20bold%20regular%3A700%3Anormal\u00bb][vc_row_inner][vc_column_inner width=\u00bb3\/4&#8243;][vc_column_text]<\/p>\n<p style=\"text-align: justify\">La Fundaci\u00f3n General de la Universidad de La Laguna, a trav\u00e9s de su Unidad de Cultura Cient\u00edfica y de la Innovaci\u00f3n de la ULL (Cienci@ULL), desarrollar\u00e1 la Noche Europea de los Investigadores de la Macaronesia desde la Ciudad de La Laguna el 27 de noviembre del 2020. Asimismo, dentro del marco de este proyecto se realizar\u00e1n diferentes pre-actividades dirigidas al alumnado de 3\u00ba y 4\u00ba de la ESO y 1\u00ba y 2\u00ba de Bachillerato.<\/p>\n<h4 style=\"text-align: justify\"><strong>1. Rutas cient\u00edficas por las infraestructuras de la ULL.<\/strong><\/h4>\n<p style=\"text-align: justify\">Se realizar\u00e1n 7 rutas virtuales que consistir\u00e1n en:<\/p>\n<ul style=\"text-align: justify\">\n<li>Un documental donde se har\u00e1 un recorrido por las instalaciones de la ULL de la mano de su personal investigador explicando la actividad investigadora que realizan en el d\u00eda a d\u00eda y su principal equipamiento cient\u00edfico.<\/li>\n<li>Charla con un\/a investigador\/a participante en la ruta cient\u00edfica a trav\u00e9s de streaming para que el alumnado tenga la oportunidad de preguntar cualquier cuesti\u00f3n despu\u00e9s de ver el documental.<\/li>\n<\/ul>\n<p style=\"text-align: justify\"><strong>Ejecuci\u00f3n: <\/strong><\/p>\n<p style=\"text-align: justify\">&#8211; 14 de octubre de 2020<\/p>\n<p style=\"text-align: justify\">&#8211; 16 de octubre de 2020<\/p>\n<p style=\"text-align: justify\">&#8211; 19 de octubre de 2020<\/p>\n<p style=\"text-align: justify\">&#8211; 21 de octubre de 2020<\/p>\n<p style=\"text-align: justify\">&#8211; 23 de octubre de 2020<\/p>\n<p style=\"text-align: justify\">&#8211; 26 de octubre de 2020<\/p>\n<p>&#8211; 28 de octubre de 2020<\/p>\n<p><strong>Duraci\u00f3n:<\/strong> 90 minutos[\/vc_column_text][vc_btn title=\u00bbFormulario inscripci\u00f3n rutas virtuales\u00bb color=\u00bbvista-blue\u00bb][vc_empty_space][vc_media_grid style=\u00bbpagination\u00bb items_per_page=\u00bb3&#8243; paging_color=\u00bbsky\u00bb item=\u00bbmediaGrid_SlideInTitle\u00bb grid_id=\u00bbvc_gid:1594976234869-a6539ab7-2e3b-10&#8243; include=\u00bb5294,5293,5292,5291,5290,5289,5288,5287,5286,5285,5284,5283,5282,5281,5277,5278,5279,5280&#8243;][vc_empty_space][vc_column_text]<\/p>\n<h4 style=\"text-align: justify\"><strong>2. Programa Conecta Cienci@ULL en los centros escolares de la Gomera y La Palma.<\/strong><\/h4>\n<p style=\"text-align: justify\">Esta actividad consistir\u00e1 en realizar un taller cient\u00edfico de la mano de un\/a joven investigador\/a de la Universidad de La Laguna. Dicho taller se realizar\u00e1 de manera virtual a trav\u00e9s de streaming. Los alumnos podr\u00e1n seguir paso a paso el taller para que lo repliquen desde el centro escolar o desde casa, realizando consultas en directo al investigador\/a.<\/p>\n<p style=\"text-align: justify\"><strong>Ejecuci\u00f3n:<\/strong><\/p>\n<p style=\"text-align: justify\">&#8211; 30 de octubre de 2020 en La Gomera<\/p>\n<p style=\"text-align: justify\">&#8211; 2 de noviembre de 2020 en La Palma<\/p>\n<p style=\"text-align: justify\"><strong>Duraci\u00f3n:<\/strong> 120 minutos<\/p>\n<p>[\/vc_column_text][vc_btn title=\u00bbFormulario inscripci\u00f3n Conect@ Cienci@ULL La Gomera\u00bb color=\u00bborange\u00bb][vc_btn title=\u00bbFormulario inscripci\u00f3n Conect@ Cienci@ULL La Palma\u00bb color=\u00bbpink\u00bb][vc_empty_space][vc_media_grid style=\u00bbpagination\u00bb items_per_page=\u00bb3&#8243; paging_color=\u00bbsky\u00bb item=\u00bbmediaGrid_SlideInTitle\u00bb grid_id=\u00bbvc_gid:1594976234873-12316506-6e55-4&#8243; include=\u00bb5862,5861,5860,5859,5858,5857,5856,3434,3430&#8243;][vc_empty_space][vc_column_text]<\/p>\n<h4 style=\"text-align: justify\"><strong>3. Muestra documental cient\u00edfico.<\/strong><\/h4>\n<p style=\"text-align: justify\">Esta actividad consiste en la proyecci\u00f3n de dos documentales que vendr\u00e1n acompa\u00f1ados por la presentaci\u00f3n del autor y una actividad did\u00e1ctica sobre lo visto. Dicha actividad se realizar\u00e1 de forma virtual y por streaming, a trav\u00e9s del Canal de YouTube de Cienci@ULL.<\/p>\n<p style=\"text-align: justify\"><strong>Ejecuci\u00f3n:<\/strong><\/p>\n<p style=\"text-align: justify\">&#8211; 4 de noviembre de 2020<\/p>\n<p style=\"text-align: justify\">&#8211; 6 de noviembre de 2020<\/p>\n<p style=\"text-align: justify\"><strong>Duraci\u00f3n: <\/strong>120 minutos<\/p>\n<p>[\/vc_column_text][vc_btn title=\u00bbFormulario inscripci\u00f3n Muestra de documental cient\u00edfico\u00bb color=\u00bbpurple\u00bb][vc_empty_space][vc_media_grid style=\u00bbpagination\u00bb items_per_page=\u00bb3&#8243; paging_color=\u00bbsky\u00bb item=\u00bbmediaGrid_SlideInTitle\u00bb grid_id=\u00bbvc_gid:1594976234876-3614ca53-4169-10&#8243; include=\u00bb8324,8325,8326,8327,8328,8329,8330&#8243;][\/vc_column_inner][vc_column_inner width=\u00bb1\/4&#8243;][vc_btn title=\u00bbMacaroNight 2020&#8243; color=\u00bbsuccess\u00bb link=\u00bburl:https%3A%2F%2Fwww.ull.es%2Fportal%2Fcienciaull%2Fmacaronight-2018-19%2F|||\u00bb][vc_btn title=\u00bbConcurso de Divulgaci\u00f3n Cient\u00edfica\u00bb color=\u00bbpeacoc\u00bb link=\u00bburl:https%3A%2F%2Fwww.ull.es%2Fportal%2Fcienciaull%2Fconcurso-de-divulgacion%2F|||\u00bb][vc_btn title=\u00bbLaboratorio de Verano\u00bb color=\u00bbsandy-brown\u00bb link=\u00bburl:https%3A%2F%2Fwww.ull.es%2Fportal%2Fcienciaull%2Flaboratorio-arn-innova%2Factividades%2Flaboratorio-de-verano-de-ciencia-y-tecnologia-de-arona%2F|||\u00bb][vc_btn title=\u00bbConcurso Infantil De Maletas Cient\u00edficas de Canarias\u00bb color=\u00bbpink\u00bb link=\u00bburl:https%3A%2F%2Fwww.ull.es%2Fportal%2Fcienciaull%2Ffiltro-actividades%2Fmacaronight2018%2Fconcurso-infantil-de-maletas-cientificas-de-canarias%2F|||\u00bb][\/vc_column_inner][\/vc_row_inner][\/vc_column][\/vc_row]<\/p>\n","protected":false},"excerpt":{"rendered":"<p>[vc_row][vc_column][\/vc_column][\/vc_row][vc_row][vc_column][vc_empty_space][vc_custom_heading text=\u00bbPresentaci\u00f3n\u00bb font_container=\u00bbtag:h2|text_align:left|color:%23a131d8&#8243; google_fonts=\u00bbfont_family:Roboto%20Slab%3A100%2C300%2Cregular%2C700|font_style:700%20bold%20regular%3A700%3Anormal\u00bb][vc_row_inner][vc_column_inner width=\u00bb3\/4&#8243;][vc_column_text] La Fundaci\u00f3n General de la Universidad de La Laguna, a trav\u00e9s de su Unidad de Cultura Cient\u00edfica y de la Innovaci\u00f3n de la ULL (Cienci@ULL), desarrollar\u00e1 la Noche Europea de los Investigadores de la Macaronesia desde la Ciudad de La Laguna el 27 de noviembre del 2020. Asimismo, dentro del&#8230;<\/p>\n","protected":false},"author":56,"featured_media":0,"parent":2440,"menu_order":0,"comment_status":"closed","ping_status":"closed","template":"templates\/cienciaull.php","meta":{"inline_featured_image":false,"footnotes":""},"acf":[],"yoast_head":"<!-- This site is optimized with the Yoast SEO plugin v21.3 - https:\/\/yoast.com\/wordpress\/plugins\/seo\/ -->\n<title>Pre eventos -<\/title>\n<meta name=\"robots\" content=\"index, follow, max-snippet:-1, max-image-preview:large, max-video-preview:-1\" \/>\n<link rel=\"canonical\" href=\"https:\/\/www.ull.es\/portal\/cienciaull\/macaronight-2020\/pre-eventos\/\" \/>\n<meta property=\"og:locale\" content=\"es_ES\" \/>\n<meta property=\"og:type\" content=\"article\" \/>\n<meta property=\"og:title\" content=\"Pre eventos -\" \/>\n<meta property=\"og:description\" content=\"[vc_row][vc_column][\/vc_column][\/vc_row][vc_row][vc_column][vc_empty_space][vc_custom_heading text=\u00bbPresentaci\u00f3n\u00bb font_container=\u00bbtag:h2|text_align:left|color:%23a131d8&#8243; google_fonts=\u00bbfont_family:Roboto%20Slab%3A100%2C300%2Cregular%2C700|font_style:700%20bold%20regular%3A700%3Anormal\u00bb][vc_row_inner][vc_column_inner width=\u00bb3\/4&#8243;][vc_column_text] La Fundaci\u00f3n General de la Universidad de La Laguna, a trav\u00e9s de su Unidad de Cultura Cient\u00edfica y de la Innovaci\u00f3n de la ULL (Cienci@ULL), desarrollar\u00e1 la Noche Europea de los Investigadores de la Macaronesia desde la Ciudad de La Laguna el 27 de noviembre del 2020. Asimismo, dentro del...\" \/>\n<meta property=\"og:url\" content=\"https:\/\/www.ull.es\/portal\/cienciaull\/macaronight-2020\/pre-eventos\/\" \/>\n<meta property=\"article:publisher\" content=\"https:\/\/www.facebook.com\/CienciaULL\/\" \/>\n<meta property=\"article:modified_time\" content=\"2020-07-17T08:59:23+00:00\" \/>\n<meta name=\"twitter:card\" content=\"summary_large_image\" \/>\n<meta name=\"twitter:site\" content=\"@CienciaULL\" \/>\n<meta name=\"twitter:label1\" content=\"Tiempo de lectura\" \/>\n\t<meta name=\"twitter:data1\" content=\"3 minutos\" \/>\n<script type=\"application\/ld+json\" class=\"yoast-schema-graph\">{\"@context\":\"https:\/\/schema.org\",\"@graph\":[{\"@type\":\"WebPage\",\"@id\":\"https:\/\/www.ull.es\/portal\/cienciaull\/macaronight-2020\/pre-eventos\/\",\"url\":\"https:\/\/www.ull.es\/portal\/cienciaull\/macaronight-2020\/pre-eventos\/\",\"name\":\"Pre eventos -\",\"isPartOf\":{\"@id\":\"https:\/\/www.ull.es\/portal\/cienciaull\/#website\"},\"datePublished\":\"2020-07-15T08:23:45+00:00\",\"dateModified\":\"2020-07-17T08:59:23+00:00\",\"breadcrumb\":{\"@id\":\"https:\/\/www.ull.es\/portal\/cienciaull\/macaronight-2020\/pre-eventos\/#breadcrumb\"},\"inLanguage\":\"es\",\"potentialAction\":[{\"@type\":\"ReadAction\",\"target\":[\"https:\/\/www.ull.es\/portal\/cienciaull\/macaronight-2020\/pre-eventos\/\"]}]},{\"@type\":\"BreadcrumbList\",\"@id\":\"https:\/\/www.ull.es\/portal\/cienciaull\/macaronight-2020\/pre-eventos\/#breadcrumb\",\"itemListElement\":[{\"@type\":\"ListItem\",\"position\":1,\"name\":\"Portada\",\"item\":\"https:\/\/www.ull.es\/portal\/cienciaull\/\"},{\"@type\":\"ListItem\",\"position\":2,\"name\":\"MacaroNight 2020\",\"item\":\"https:\/\/www.ull.es\/portal\/cienciaull\/macaronight-2020\/\"},{\"@type\":\"ListItem\",\"position\":3,\"name\":\"Pre eventos\"}]},{\"@type\":\"WebSite\",\"@id\":\"https:\/\/www.ull.es\/portal\/cienciaull\/#website\",\"url\":\"https:\/\/www.ull.es\/portal\/cienciaull\/\",\"name\":\"\",\"description\":\"Unidad de Cultura Cient\u00edfica y de la Innovaci\u00f3n de la Universidad de La Laguna\",\"potentialAction\":[{\"@type\":\"SearchAction\",\"target\":{\"@type\":\"EntryPoint\",\"urlTemplate\":\"https:\/\/www.ull.es\/portal\/cienciaull\/?s={search_term_string}\"},\"query-input\":\"required name=search_term_string\"}],\"inLanguage\":\"es\"}]}<\/script>\n<!-- \/ Yoast SEO plugin. -->","yoast_head_json":{"title":"Pre eventos -","robots":{"index":"index","follow":"follow","max-snippet":"max-snippet:-1","max-image-preview":"max-image-preview:large","max-video-preview":"max-video-preview:-1"},"canonical":"https:\/\/www.ull.es\/portal\/cienciaull\/macaronight-2020\/pre-eventos\/","og_locale":"es_ES","og_type":"article","og_title":"Pre eventos -","og_description":"[vc_row][vc_column][\/vc_column][\/vc_row][vc_row][vc_column][vc_empty_space][vc_custom_heading text=\u00bbPresentaci\u00f3n\u00bb font_container=\u00bbtag:h2|text_align:left|color:%23a131d8&#8243; google_fonts=\u00bbfont_family:Roboto%20Slab%3A100%2C300%2Cregular%2C700|font_style:700%20bold%20regular%3A700%3Anormal\u00bb][vc_row_inner][vc_column_inner width=\u00bb3\/4&#8243;][vc_column_text] La Fundaci\u00f3n General de la Universidad de La Laguna, a trav\u00e9s de su Unidad de Cultura Cient\u00edfica y de la Innovaci\u00f3n de la ULL (Cienci@ULL), desarrollar\u00e1 la Noche Europea de los Investigadores de la Macaronesia desde la Ciudad de La Laguna el 27 de noviembre del 2020. Asimismo, dentro del...","og_url":"https:\/\/www.ull.es\/portal\/cienciaull\/macaronight-2020\/pre-eventos\/","article_publisher":"https:\/\/www.facebook.com\/CienciaULL\/","article_modified_time":"2020-07-17T08:59:23+00:00","twitter_card":"summary_large_image","twitter_site":"@CienciaULL","twitter_misc":{"Tiempo de lectura":"3 minutos"},"schema":{"@context":"https:\/\/schema.org","@graph":[{"@type":"WebPage","@id":"https:\/\/www.ull.es\/portal\/cienciaull\/macaronight-2020\/pre-eventos\/","url":"https:\/\/www.ull.es\/portal\/cienciaull\/macaronight-2020\/pre-eventos\/","name":"Pre eventos -","isPartOf":{"@id":"https:\/\/www.ull.es\/portal\/cienciaull\/#website"},"datePublished":"2020-07-15T08:23:45+00:00","dateModified":"2020-07-17T08:59:23+00:00","breadcrumb":{"@id":"https:\/\/www.ull.es\/portal\/cienciaull\/macaronight-2020\/pre-eventos\/#breadcrumb"},"inLanguage":"es","potentialAction":[{"@type":"ReadAction","target":["https:\/\/www.ull.es\/portal\/cienciaull\/macaronight-2020\/pre-eventos\/"]}]},{"@type":"BreadcrumbList","@id":"https:\/\/www.ull.es\/portal\/cienciaull\/macaronight-2020\/pre-eventos\/#breadcrumb","itemListElement":[{"@type":"ListItem","position":1,"name":"Portada","item":"https:\/\/www.ull.es\/portal\/cienciaull\/"},{"@type":"ListItem","position":2,"name":"MacaroNight 2020","item":"https:\/\/www.ull.es\/portal\/cienciaull\/macaronight-2020\/"},{"@type":"ListItem","position":3,"name":"Pre eventos"}]},{"@type":"WebSite","@id":"https:\/\/www.ull.es\/portal\/cienciaull\/#website","url":"https:\/\/www.ull.es\/portal\/cienciaull\/","name":"","description":"Unidad de Cultura Cient\u00edfica y de la Innovaci\u00f3n de la Universidad de La Laguna","potentialAction":[{"@type":"SearchAction","target":{"@type":"EntryPoint","urlTemplate":"https:\/\/www.ull.es\/portal\/cienciaull\/?s={search_term_string}"},"query-input":"required name=search_term_string"}],"inLanguage":"es"}]}},"_links":{"self":[{"href":"https:\/\/www.ull.es\/portal\/cienciaull\/wp-json\/wp\/v2\/pages\/8185"}],"collection":[{"href":"https:\/\/www.ull.es\/portal\/cienciaull\/wp-json\/wp\/v2\/pages"}],"about":[{"href":"https:\/\/www.ull.es\/portal\/cienciaull\/wp-json\/wp\/v2\/types\/page"}],"author":[{"embeddable":true,"href":"https:\/\/www.ull.es\/portal\/cienciaull\/wp-json\/wp\/v2\/users\/56"}],"replies":[{"embeddable":true,"href":"https:\/\/www.ull.es\/portal\/cienciaull\/wp-json\/wp\/v2\/comments?post=8185"}],"version-history":[{"count":23,"href":"https:\/\/www.ull.es\/portal\/cienciaull\/wp-json\/wp\/v2\/pages\/8185\/revisions"}],"predecessor-version":[{"id":8271,"href":"https:\/\/www.ull.es\/portal\/cienciaull\/wp-json\/wp\/v2\/pages\/8185\/revisions\/8271"}],"up":[{"embeddable":true,"href":"https:\/\/www.ull.es\/portal\/cienciaull\/wp-json\/wp\/v2\/pages\/2440"}],"wp:attachment":[{"href":"https:\/\/www.ull.es\/portal\/cienciaull\/wp-json\/wp\/v2\/media?parent=8185"}],"curies":[{"name":"wp","href":"https:\/\/api.w.org\/{rel}","templated":true}]}}