{"id":8264,"date":"2020-07-15T13:28:38","date_gmt":"2020-07-15T13:28:38","guid":{"rendered":"https:\/\/www.ull.es\/portal\/cienciaull\/?page_id=8264"},"modified":"2025-12-19T10:52:00","modified_gmt":"2025-12-19T10:52:00","slug":"rosa-aguilar-informatica","status":"publish","type":"page","link":"https:\/\/www.ull.es\/portal\/cienciaull\/proyectochicasconcienciaull\/rosa-aguilar-informatica\/","title":{"rendered":"Rosa Aguilar &#8211; Inform\u00e1tica"},"content":{"rendered":"<p>[vc_row][vc_column][vc_empty_space]\n<div id=\"rev_slider_95_1_wrapper\" class=\"rev_slider_wrapper fullwidthbanner-container\" data-source=\"gallery\" style=\"margin:0px auto;background:transparent;padding:0px;margin-top:0px;margin-bottom:0px;\">\n<!-- START REVOLUTION SLIDER 5.4.7.3 fullwidth mode -->\n\t<div id=\"rev_slider_95_1\" class=\"rev_slider fullwidthabanner\" style=\"display:none;\" data-version=\"5.4.7.3\">\n<ul>\t<!-- SLIDE  -->\n\t<li data-index=\"rs-123\" data-transition=\"fade\" data-slotamount=\"default\" data-hideafterloop=\"0\" data-hideslideonmobile=\"off\"  data-easein=\"default\" data-easeout=\"default\" data-masterspeed=\"300\"  data-rotate=\"0\"  data-saveperformance=\"off\"  data-title=\"Slide\" data-param1=\"\" data-param2=\"\" data-param3=\"\" data-param4=\"\" data-param5=\"\" data-param6=\"\" data-param7=\"\" data-param8=\"\" data-param9=\"\" data-param10=\"\" data-description=\"\">\n\t\t<!-- MAIN IMAGE -->\n\t\t<img src=\"https:\/\/s1.gifyu.com\/images\/Banner-Web-Chicas-con-CienciULL-Rosa-Aguilar.png\"  alt=\"\"  width=\"1920\" height=\"1080\" data-bgposition=\"center center\" data-bgfit=\"cover\" data-bgrepeat=\"no-repeat\" class=\"rev-slidebg\" data-no-retina>\n\t\t<!-- LAYERS -->\n\t<\/li>\n<\/ul>\n<div class=\"tp-bannertimer tp-bottom\" style=\"visibility: hidden !important;\"><\/div>\t<\/div>\n<script>var htmlDiv = document.getElementById(\"rs-plugin-settings-inline-css\"); var htmlDivCss=\"\";\r\n\t\t\t\tif(htmlDiv) {\r\n\t\t\t\t\thtmlDiv.innerHTML = htmlDiv.innerHTML + htmlDivCss;\r\n\t\t\t\t}else{\r\n\t\t\t\t\tvar htmlDiv = document.createElement(\"div\");\r\n\t\t\t\t\thtmlDiv.innerHTML = \"<style>\" + htmlDivCss + \"<\/style>\";\r\n\t\t\t\t\tdocument.getElementsByTagName(\"head\")[0].appendChild(htmlDiv.childNodes[0]);\r\n\t\t\t\t}\r\n\t\t\t<\/script>\n\t\t<script type=\"text\/javascript\">\r\nif (setREVStartSize!==undefined) setREVStartSize(\r\n\t{c: '#rev_slider_95_1', gridwidth: [1500], gridheight: [500], sliderLayout: 'auto'});\r\n\t\t\t\r\nvar revapi95,\r\n\ttpj;\t\r\n(function() {\t\t\t\r\n\tif (!\/loaded|interactive|complete\/.test(document.readyState)) document.addEventListener(\"DOMContentLoaded\",onLoad); else onLoad();\t\r\n\tfunction onLoad() {\t\t\t\t\r\n\t\tif (tpj===undefined) { tpj = jQuery; if(\"off\" == \"on\") tpj.noConflict();}\r\n\tif(tpj(\"#rev_slider_95_1\").revolution == undefined){\n\t\trevslider_showDoubleJqueryError(\"#rev_slider_95_1\");\n\t}else{\n\t\trevapi95 = tpj(\"#rev_slider_95_1\").show().revolution({\n\t\t\tsliderType:\"standard\",\n\t\t\tjsFileLocation:\"\/\/www.ull.es\/portal\/cienciaull\/wp-content\/plugins\/revslider\/public\/assets\/js\/\",\n\t\t\tsliderLayout:\"auto\",\n\t\t\tdottedOverlay:\"none\",\n\t\t\tdelay:9000,\n\t\t\tnavigation: {\n\t\t\t\tonHoverStop:\"off\",\n\t\t\t},\n\t\t\tvisibilityLevels:[1240,1024,778,480],\n\t\t\tgridwidth:1500,\n\t\t\tgridheight:500,\n\t\t\tlazyType:\"none\",\n\t\t\tshadow:0,\n\t\t\tspinner:\"spinner0\",\n\t\t\tstopLoop:\"off\",\n\t\t\tstopAfterLoops:-1,\n\t\t\tstopAtSlide:-1,\n\t\t\tshuffle:\"off\",\n\t\t\tautoHeight:\"off\",\n\t\t\tdisableProgressBar:\"on\",\n\t\t\thideThumbsOnMobile:\"off\",\n\t\t\thideSliderAtLimit:0,\n\t\t\thideCaptionAtLimit:0,\n\t\t\thideAllCaptionAtLilmit:0,\n\t\t\tdebugMode:false,\n\t\t\tfallbacks: {\n\t\t\t\tsimplifyAll:\"off\",\n\t\t\t\tnextSlideOnWindowFocus:\"off\",\n\t\t\t\tdisableFocusListener:false,\n\t\t\t}\n\t\t});\n\t}; \/* END OF revapi call *\/\n\t\n }; \/* END OF ON LOAD FUNCTION *\/\r\n}()); \/* END OF WRAPPING FUNCTION *\/\r\n<\/script>\r\n\t\t<\/div><!-- END REVOLUTION SLIDER -->[\/vc_column][\/vc_row][vc_row][vc_column width=\u00bb2\/3&#8243;][vc_empty_space css=\u00bb.vc_custom_1648119349600{margin-bottom: 3px !important;border-bottom-width: 3px !important;padding-bottom: 3px !important;}\u00bb][vc_custom_heading text=\u00bb\u00c1rea Ciencia y Tecnolog\u00eda\u00bb font_container=\u00bbtag:h2|text_align:left|color:%23ff8034&#8243; google_fonts=\u00bbfont_family:Roboto%20Slab%3A100%2C300%2Cregular%2C700|font_style:700%20bold%20regular%3A700%3Anormal\u00bb css=\u00bb.vc_custom_1648129854774{margin-bottom: 3px !important;border-bottom-width: 3px !important;padding-bottom: 3px !important;}\u00bb][vc_custom_heading text=\u00bbCap\u00edtulo 27. Rosa Aguilar &#8211; Inform\u00e1tica\u00bb font_container=\u00bbtag:h3|text_align:left|color:%23ff8034&#8243; google_fonts=\u00bbfont_family:Roboto%20Slab%3A100%2C300%2Cregular%2C700|font_style:700%20bold%20regular%3A700%3Anormal\u00bb css=\u00bb.vc_custom_1648129860475{margin-bottom: 5px !important;border-bottom-width: 5px !important;padding-bottom: 5px !important;}\u00bb][vc_custom_heading text=\u00bb<strong>Biograf\u00eda<\/strong>\u00bb font_container=\u00bbtag:h4|text_align:left|color:%23535968&#8243; google_fonts=\u00bbfont_family:Roboto%20Slab%3A100%2C300%2Cregular%2C700|font_style:700%20bold%20regular%3A700%3Anormal\u00bb css=\u00bb.vc_custom_1648125158044{margin-bottom: 5px !important;border-bottom-width: 5px !important;padding-bottom: 5px !important;}\u00bb][vc_column_text css=\u00bb.vc_custom_1738660603781{margin-bottom: 5px !important;border-bottom-width: 5px !important;padding-bottom: 5px !important;}\u00bb]<\/p>\n<p style=\"text-align: justify\">Rosa M\u00aa Aguilar Chineaes catedr\u00e1tica de Ingenier\u00eda de Sistemas y Autom\u00e1tica en la Universidad de La Laguna. Estudia Ingenier\u00eda Inform\u00e1tica y en 1993 entra a formar parte de la comunidad acad\u00e9mica y, en concreto, del grupo de computadoras y control de la Universidad de La Laguna. Al ser un grupo grande con distintas l\u00edneas de trabajo (control, simulaci\u00f3n, educaci\u00f3n, etc.) y tener un perfil inform\u00e1tico, colabora en muchos de los proyectos de investigaci\u00f3n desarrollados por el grupo.<\/p>\n<p style=\"text-align: justify\">Ha publicado m\u00e1s de un centenar de art\u00edculos en revistas nacionales e internacionales de prestigio, incluyendo cap\u00edtulos de libros, y su participaci\u00f3n en congresos de su rama ha sido igualmente notable.<\/p>\n<p style=\"text-align: justify\">Rosa Aguilar cuenta con cuatro sexenios de investigaci\u00f3n, ha dirigido una decena de tesis doctorales, algunas con menci\u00f3n de calidad, otras industriales e internacionales. Ha participado como miembro activo en m\u00e1s de una treintena de proyectos de investigaci\u00f3n competitivos, de los cuales ha sido investigadora principal en buena parte de ellos. Tiene un largo recorrido en el campo de la transferencia al mundo de la empresa, con la firma de una veintena de contratos, de los que tambi\u00e9n ha sido en buena parte investigadora principal.<\/p>\n<p style=\"text-align: justify\">En el \u00e1mbito de la gesti\u00f3n, y sabedora de la importancia del compromiso con la comunidad, ha sido directora de la escuela polit\u00e9cnica que albergaba los estudios de Ingenier\u00eda Industrial, vicerrectora de Tecnolog\u00edas de la Informaci\u00f3n y las Comunicaciones (TIC) y entre 2019 y 2023 fue rectora de la ULL.<\/p>\n<p style=\"text-align: justify\">En el a\u00f1o 2022 ha recibido por parte de la comunidad de ejecutivos y profesionales de gobierno y gesti\u00f3n del servicio itSMF Espa\u00f1a el \u201cPremio Compromiso con la Profesi\u00f3n\u201d. Galard\u00f3n que es un reconocimiento a la contribuci\u00f3n de Rosa Aguilar Chinea al avance de las tecnolog\u00edas de la informaci\u00f3n, impulsando iniciativas de cambio y transformaci\u00f3n en las \u00e1reas TIC. Asimismo, recibi\u00f3 la Medalla de Oro de Canarias por su extensa trayectoria investigadora.<\/p>\n<p>[\/vc_column_text][vc_custom_heading text=\u00bb<strong>Departamento<\/strong>\u00bb font_container=\u00bbtag:h4|text_align:left|color:%23535968&#8243; google_fonts=\u00bbfont_family:Roboto%20Slab%3A100%2C300%2Cregular%2C700|font_style:700%20bold%20regular%3A700%3Anormal\u00bb css=\u00bb.vc_custom_1680184272530{margin-bottom: 5px !important;border-bottom-width: 5px !important;padding-bottom: 5px !important;}\u00bb][vc_column_text]<\/p>\n<ul>\n<li><a href=\"https:\/\/portalciencia.ull.es\/unidades\/2915\/detalle\" target=\"_blank\" rel=\"noopener\">Ingenier\u00eda Inform\u00e1tica y de Sistemas<\/a><\/li>\n<\/ul>\n<p>[\/vc_column_text][vc_custom_heading text=\u00bb<strong>L\u00edneas de investigaci\u00f3n<\/strong>\u00bb font_container=\u00bbtag:h4|text_align:left|color:%23535968&#8243; google_fonts=\u00bbfont_family:Roboto%20Slab%3A100%2C300%2Cregular%2C700|font_style:700%20bold%20regular%3A700%3Anormal\u00bb css=\u00bb.vc_custom_1684151875892{margin-bottom: 5px !important;border-bottom-width: 5px !important;padding-bottom: 5px !important;}\u00bb][vc_column_text]<\/p>\n<ul>\n<li>Ingenier\u00eda El\u00e9ctrica, Electr\u00f3nica y Autom\u00e1tica.<\/li>\n<\/ul>\n<p>[\/vc_column_text][vc_custom_heading text=\u00bb<strong>Grupo de investigaci\u00f3n<\/strong>\u00bb font_container=\u00bbtag:h4|text_align:left|color:%23535968&#8243; google_fonts=\u00bbfont_family:Roboto%20Slab%3A100%2C300%2Cregular%2C700|font_style:700%20bold%20regular%3A700%3Anormal\u00bb css=\u00bb.vc_custom_1684498732289{margin-bottom: 5px !important;border-bottom-width: 5px !important;padding-bottom: 5px !important;}\u00bb][vc_column_text]<\/p>\n<ul>\n<li><a href=\"https:\/\/portalciencia.ull.es\/grupos\/6293\/detalle\" target=\"_blank\" rel=\"noopener\">Computadoras y Control<\/a><\/li>\n<\/ul>\n<p>[\/vc_column_text][\/vc_column][vc_column width=\u00bb1\/3&#8243;][vc_empty_space height=\u00bb135 px\u00bb][vc_custom_heading text=\u00bb<strong>V\u00eddeo<\/strong>\u00bb font_container=\u00bbtag:h4|text_align:center|color:%23535968&#8243; google_fonts=\u00bbfont_family:Roboto%20Slab%3A100%2C300%2Cregular%2C700|font_style:700%20bold%20regular%3A700%3Anormal\u00bb css=\u00bb.vc_custom_1648119285405{margin-bottom: 5px !important;border-bottom-width: 5px !important;padding-bottom: 5px !important;}\u00bb][vc_video link=\u00bbhttps:\/\/www.youtube.com\/watch?v=v_tAE4ND0x0&#8243;][vc_empty_space][vc_btn title=\u00bbSerie Chicas Con Cienci@ULL\u00bb color=\u00bbwarning\u00bb size=\u00bblg\u00bb align=\u00bbcenter\u00bb button_block=\u00bbtrue\u00bb link=\u00bburl:https%3A%2F%2Fwww.ull.es%2Fportal%2Fcienciaull%2F2a-temporada-chicas-con-cienciull-2%2F\u00bb css=\u00bb.vc_custom_1682600300647{margin-bottom: 3px !important;border-bottom-width: 3px !important;padding-bottom: 3px !important;}\u00bb][vc_btn title=\u00bbProducci\u00f3n cient\u00edfica\u00bb color=\u00bbblue\u00bb size=\u00bblg\u00bb align=\u00bbcenter\u00bb button_block=\u00bbtrue\u00bb link=\u00bburl:https%3A%2F%2Fportalciencia.ull.es%2Finvestigadores%2F82009%2Fdetalle\u00bb css=\u00bb.vc_custom_1682600306430{margin-bottom: 3px !important;border-bottom-width: 3px !important;padding-bottom: 3px !important;}\u00bb][vc_btn title=\u00bbFiguras destacadas\u00bb color=\u00bbgreen\u00bb size=\u00bblg\u00bb align=\u00bbcenter\u00bb button_block=\u00bbtrue\u00bb css=\u00bb.vc_custom_1684151930496{margin-bottom: 3px !important;border-bottom-width: 3px !important;padding-bottom: 3px !important;}\u00bb link=\u00bburl:https%3A%2F%2Fwww.ull.es%2Fportal%2Fcienciaull%2Fcalendario-investigaull%2Ffigurasdesta_investigaull%2F\u00bb][\/vc_column][\/vc_row][vc_row][vc_column][vc_empty_space]\n<div id=\"rev_slider_97_2_wrapper\" class=\"rev_slider_wrapper fullwidthbanner-container\" data-source=\"gallery\" style=\"margin:0px auto;background:transparent;padding:0px;margin-top:0px;margin-bottom:0px;\">\n<!-- START REVOLUTION SLIDER 5.4.7.3 auto mode -->\n\t<div id=\"rev_slider_97_2\" class=\"rev_slider fullwidthabanner\" style=\"display:none;\" data-version=\"5.4.7.3\">\n<ul>\t<!-- SLIDE  -->\n\t<li data-index=\"rs-125\" data-transition=\"fade\" data-slotamount=\"default\" data-hideafterloop=\"0\" data-hideslideonmobile=\"off\"  data-easein=\"default\" data-easeout=\"default\" data-masterspeed=\"300\"  data-rotate=\"0\"  data-saveperformance=\"off\"  data-title=\"Slide\" data-param1=\"\" data-param2=\"\" data-param3=\"\" data-param4=\"\" data-param5=\"\" data-param6=\"\" data-param7=\"\" data-param8=\"\" data-param9=\"\" data-param10=\"\" data-description=\"\">\n\t\t<!-- MAIN IMAGE -->\n\t\t<img src=\"https:\/\/s1.gifyu.com\/images\/Logos-Proyecto-Chicas-con-CienciULL-1-Edicion.png\"  alt=\"\"  width=\"1920\" height=\"1080\" data-bgposition=\"center center\" data-bgfit=\"cover\" data-bgrepeat=\"no-repeat\" class=\"rev-slidebg\" data-no-retina>\n\t\t<!-- LAYERS -->\n\t<\/li>\n<\/ul>\n<div class=\"tp-bannertimer tp-bottom\" style=\"visibility: hidden !important;\"><\/div>\t<\/div>\n<script>var htmlDiv = document.getElementById(\"rs-plugin-settings-inline-css\"); var htmlDivCss=\"\";\r\n\t\t\t\tif(htmlDiv) {\r\n\t\t\t\t\thtmlDiv.innerHTML = htmlDiv.innerHTML + htmlDivCss;\r\n\t\t\t\t}else{\r\n\t\t\t\t\tvar htmlDiv = document.createElement(\"div\");\r\n\t\t\t\t\thtmlDiv.innerHTML = \"<style>\" + htmlDivCss + \"<\/style>\";\r\n\t\t\t\t\tdocument.getElementsByTagName(\"head\")[0].appendChild(htmlDiv.childNodes[0]);\r\n\t\t\t\t}\r\n\t\t\t<\/script>\n\t\t<script type=\"text\/javascript\">\r\nif (setREVStartSize!==undefined) setREVStartSize(\r\n\t{c: '#rev_slider_97_2', gridwidth: [1500], gridheight: [106], sliderLayout: 'auto'});\r\n\t\t\t\r\nvar revapi97,\r\n\ttpj;\t\r\n(function() {\t\t\t\r\n\tif (!\/loaded|interactive|complete\/.test(document.readyState)) document.addEventListener(\"DOMContentLoaded\",onLoad); else onLoad();\t\r\n\tfunction onLoad() {\t\t\t\t\r\n\t\tif (tpj===undefined) { tpj = jQuery; if(\"off\" == \"on\") tpj.noConflict();}\r\n\tif(tpj(\"#rev_slider_97_2\").revolution == undefined){\n\t\trevslider_showDoubleJqueryError(\"#rev_slider_97_2\");\n\t}else{\n\t\trevapi97 = tpj(\"#rev_slider_97_2\").show().revolution({\n\t\t\tsliderType:\"standard\",\n\t\t\tjsFileLocation:\"\/\/www.ull.es\/portal\/cienciaull\/wp-content\/plugins\/revslider\/public\/assets\/js\/\",\n\t\t\tsliderLayout:\"auto\",\n\t\t\tdottedOverlay:\"none\",\n\t\t\tdelay:9000,\n\t\t\tnavigation: {\n\t\t\t\tonHoverStop:\"off\",\n\t\t\t},\n\t\t\tvisibilityLevels:[1240,1024,778,480],\n\t\t\tgridwidth:1500,\n\t\t\tgridheight:106,\n\t\t\tlazyType:\"none\",\n\t\t\tshadow:0,\n\t\t\tspinner:\"spinner0\",\n\t\t\tstopLoop:\"off\",\n\t\t\tstopAfterLoops:-1,\n\t\t\tstopAtSlide:-1,\n\t\t\tshuffle:\"off\",\n\t\t\tautoHeight:\"off\",\n\t\t\tdisableProgressBar:\"on\",\n\t\t\thideThumbsOnMobile:\"off\",\n\t\t\thideSliderAtLimit:0,\n\t\t\thideCaptionAtLimit:0,\n\t\t\thideAllCaptionAtLilmit:0,\n\t\t\tdebugMode:false,\n\t\t\tfallbacks: {\n\t\t\t\tsimplifyAll:\"off\",\n\t\t\t\tnextSlideOnWindowFocus:\"off\",\n\t\t\t\tdisableFocusListener:false,\n\t\t\t}\n\t\t});\n\t}; \/* END OF revapi call *\/\n\t\n }; \/* END OF ON LOAD FUNCTION *\/\r\n}()); \/* END OF WRAPPING FUNCTION *\/\r\n<\/script>\r\n\t\t<\/div><!-- END REVOLUTION SLIDER -->[\/vc_column][\/vc_row]<\/p>\n","protected":false},"excerpt":{"rendered":"<p>[vc_row][vc_column][vc_empty_space][\/vc_column][\/vc_row][vc_row][vc_column width=\u00bb2\/3&#8243;][vc_empty_space css=\u00bb.vc_custom_1648119349600{margin-bottom: 3px !important;border-bottom-width: 3px !important;padding-bottom: 3px !important;}\u00bb][vc_custom_heading text=\u00bb\u00c1rea Ciencia y Tecnolog\u00eda\u00bb font_container=\u00bbtag:h2|text_align:left|color:%23ff8034&#8243; google_fonts=\u00bbfont_family:Roboto%20Slab%3A100%2C300%2Cregular%2C700|font_style:700%20bold%20regular%3A700%3Anormal\u00bb css=\u00bb.vc_custom_1648129854774{margin-bottom: 3px !important;border-bottom-width: 3px !important;padding-bottom: 3px !important;}\u00bb][vc_custom_heading text=\u00bbCap\u00edtulo 27. Rosa Aguilar &#8211; Inform\u00e1tica\u00bb font_container=\u00bbtag:h3|text_align:left|color:%23ff8034&#8243; google_fonts=\u00bbfont_family:Roboto%20Slab%3A100%2C300%2Cregular%2C700|font_style:700%20bold%20regular%3A700%3Anormal\u00bb css=\u00bb.vc_custom_1648129860475{margin-bottom: 5px !important;border-bottom-width: 5px !important;padding-bottom: 5px !important;}\u00bb][vc_custom_heading text=\u00bbBiograf\u00eda\u00bb font_container=\u00bbtag:h4|text_align:left|color:%23535968&#8243; google_fonts=\u00bbfont_family:Roboto%20Slab%3A100%2C300%2Cregular%2C700|font_style:700%20bold%20regular%3A700%3Anormal\u00bb css=\u00bb.vc_custom_1648125158044{margin-bottom: 5px !important;border-bottom-width: 5px !important;padding-bottom: 5px !important;}\u00bb][vc_column_text css=\u00bb.vc_custom_1738660603781{margin-bottom: 5px !important;border-bottom-width: 5px !important;padding-bottom: 5px !important;}\u00bb] Rosa&#8230;<\/p>\n","protected":false},"author":56,"featured_media":0,"parent":1606,"menu_order":0,"comment_status":"closed","ping_status":"closed","template":"templates\/cienciaull.php","meta":{"inline_featured_image":false,"footnotes":""},"acf":[],"yoast_head":"<!-- This site is optimized with the Yoast SEO plugin v21.3 - https:\/\/yoast.com\/wordpress\/plugins\/seo\/ -->\n<title>Rosa Aguilar - Inform\u00e1tica -<\/title>\n<meta name=\"robots\" content=\"index, follow, max-snippet:-1, max-image-preview:large, max-video-preview:-1\" \/>\n<link rel=\"canonical\" href=\"https:\/\/www.ull.es\/portal\/cienciaull\/proyectochicasconcienciaull\/rosa-aguilar-informatica\/\" \/>\n<meta property=\"og:locale\" content=\"es_ES\" \/>\n<meta property=\"og:type\" content=\"article\" \/>\n<meta property=\"og:title\" content=\"Rosa Aguilar - Inform\u00e1tica -\" \/>\n<meta property=\"og:description\" content=\"[vc_row][vc_column][vc_empty_space][\/vc_column][\/vc_row][vc_row][vc_column width=\u00bb2\/3&#8243;][vc_empty_space css=\u00bb.vc_custom_1648119349600{margin-bottom: 3px !important;border-bottom-width: 3px !important;padding-bottom: 3px !important;}\u00bb][vc_custom_heading text=\u00bb\u00c1rea Ciencia y Tecnolog\u00eda\u00bb font_container=\u00bbtag:h2|text_align:left|color:%23ff8034&#8243; google_fonts=\u00bbfont_family:Roboto%20Slab%3A100%2C300%2Cregular%2C700|font_style:700%20bold%20regular%3A700%3Anormal\u00bb css=\u00bb.vc_custom_1648129854774{margin-bottom: 3px !important;border-bottom-width: 3px !important;padding-bottom: 3px !important;}\u00bb][vc_custom_heading text=\u00bbCap\u00edtulo 27. Rosa Aguilar &#8211; Inform\u00e1tica\u00bb font_container=\u00bbtag:h3|text_align:left|color:%23ff8034&#8243; google_fonts=\u00bbfont_family:Roboto%20Slab%3A100%2C300%2Cregular%2C700|font_style:700%20bold%20regular%3A700%3Anormal\u00bb css=\u00bb.vc_custom_1648129860475{margin-bottom: 5px !important;border-bottom-width: 5px !important;padding-bottom: 5px !important;}\u00bb][vc_custom_heading text=\u00bbBiograf\u00eda\u00bb font_container=\u00bbtag:h4|text_align:left|color:%23535968&#8243; google_fonts=\u00bbfont_family:Roboto%20Slab%3A100%2C300%2Cregular%2C700|font_style:700%20bold%20regular%3A700%3Anormal\u00bb css=\u00bb.vc_custom_1648125158044{margin-bottom: 5px !important;border-bottom-width: 5px !important;padding-bottom: 5px !important;}\u00bb][vc_column_text css=\u00bb.vc_custom_1738660603781{margin-bottom: 5px !important;border-bottom-width: 5px !important;padding-bottom: 5px !important;}\u00bb] Rosa...\" \/>\n<meta property=\"og:url\" content=\"https:\/\/www.ull.es\/portal\/cienciaull\/proyectochicasconcienciaull\/rosa-aguilar-informatica\/\" \/>\n<meta property=\"article:publisher\" content=\"https:\/\/www.facebook.com\/CienciaULL\/\" \/>\n<meta property=\"article:modified_time\" content=\"2025-12-19T10:52:00+00:00\" \/>\n<meta name=\"twitter:card\" content=\"summary_large_image\" \/>\n<meta name=\"twitter:site\" content=\"@CienciaULL\" \/>\n<meta name=\"twitter:label1\" content=\"Tiempo de lectura\" \/>\n\t<meta name=\"twitter:data1\" content=\"3 minutos\" \/>\n<script type=\"application\/ld+json\" class=\"yoast-schema-graph\">{\"@context\":\"https:\/\/schema.org\",\"@graph\":[{\"@type\":\"WebPage\",\"@id\":\"https:\/\/www.ull.es\/portal\/cienciaull\/proyectochicasconcienciaull\/rosa-aguilar-informatica\/\",\"url\":\"https:\/\/www.ull.es\/portal\/cienciaull\/proyectochicasconcienciaull\/rosa-aguilar-informatica\/\",\"name\":\"Rosa Aguilar - Inform\u00e1tica -\",\"isPartOf\":{\"@id\":\"https:\/\/www.ull.es\/portal\/cienciaull\/#website\"},\"datePublished\":\"2020-07-15T13:28:38+00:00\",\"dateModified\":\"2025-12-19T10:52:00+00:00\",\"breadcrumb\":{\"@id\":\"https:\/\/www.ull.es\/portal\/cienciaull\/proyectochicasconcienciaull\/rosa-aguilar-informatica\/#breadcrumb\"},\"inLanguage\":\"es\",\"potentialAction\":[{\"@type\":\"ReadAction\",\"target\":[\"https:\/\/www.ull.es\/portal\/cienciaull\/proyectochicasconcienciaull\/rosa-aguilar-informatica\/\"]}]},{\"@type\":\"BreadcrumbList\",\"@id\":\"https:\/\/www.ull.es\/portal\/cienciaull\/proyectochicasconcienciaull\/rosa-aguilar-informatica\/#breadcrumb\",\"itemListElement\":[{\"@type\":\"ListItem\",\"position\":1,\"name\":\"Portada\",\"item\":\"https:\/\/www.ull.es\/portal\/cienciaull\/\"},{\"@type\":\"ListItem\",\"position\":2,\"name\":\"Chicas con Cienci@ULL\",\"item\":\"https:\/\/www.ull.es\/portal\/cienciaull\/proyectochicasconcienciaull\/\"},{\"@type\":\"ListItem\",\"position\":3,\"name\":\"Rosa Aguilar &#8211; Inform\u00e1tica\"}]},{\"@type\":\"WebSite\",\"@id\":\"https:\/\/www.ull.es\/portal\/cienciaull\/#website\",\"url\":\"https:\/\/www.ull.es\/portal\/cienciaull\/\",\"name\":\"\",\"description\":\"Unidad de Cultura Cient\u00edfica y de la Innovaci\u00f3n de la Universidad de La Laguna\",\"potentialAction\":[{\"@type\":\"SearchAction\",\"target\":{\"@type\":\"EntryPoint\",\"urlTemplate\":\"https:\/\/www.ull.es\/portal\/cienciaull\/?s={search_term_string}\"},\"query-input\":\"required name=search_term_string\"}],\"inLanguage\":\"es\"}]}<\/script>\n<!-- \/ Yoast SEO plugin. -->","yoast_head_json":{"title":"Rosa Aguilar - Inform\u00e1tica -","robots":{"index":"index","follow":"follow","max-snippet":"max-snippet:-1","max-image-preview":"max-image-preview:large","max-video-preview":"max-video-preview:-1"},"canonical":"https:\/\/www.ull.es\/portal\/cienciaull\/proyectochicasconcienciaull\/rosa-aguilar-informatica\/","og_locale":"es_ES","og_type":"article","og_title":"Rosa Aguilar - Inform\u00e1tica -","og_description":"[vc_row][vc_column][vc_empty_space][\/vc_column][\/vc_row][vc_row][vc_column width=\u00bb2\/3&#8243;][vc_empty_space css=\u00bb.vc_custom_1648119349600{margin-bottom: 3px !important;border-bottom-width: 3px !important;padding-bottom: 3px !important;}\u00bb][vc_custom_heading text=\u00bb\u00c1rea Ciencia y Tecnolog\u00eda\u00bb font_container=\u00bbtag:h2|text_align:left|color:%23ff8034&#8243; google_fonts=\u00bbfont_family:Roboto%20Slab%3A100%2C300%2Cregular%2C700|font_style:700%20bold%20regular%3A700%3Anormal\u00bb css=\u00bb.vc_custom_1648129854774{margin-bottom: 3px !important;border-bottom-width: 3px !important;padding-bottom: 3px !important;}\u00bb][vc_custom_heading text=\u00bbCap\u00edtulo 27. Rosa Aguilar &#8211; Inform\u00e1tica\u00bb font_container=\u00bbtag:h3|text_align:left|color:%23ff8034&#8243; google_fonts=\u00bbfont_family:Roboto%20Slab%3A100%2C300%2Cregular%2C700|font_style:700%20bold%20regular%3A700%3Anormal\u00bb css=\u00bb.vc_custom_1648129860475{margin-bottom: 5px !important;border-bottom-width: 5px !important;padding-bottom: 5px !important;}\u00bb][vc_custom_heading text=\u00bbBiograf\u00eda\u00bb font_container=\u00bbtag:h4|text_align:left|color:%23535968&#8243; google_fonts=\u00bbfont_family:Roboto%20Slab%3A100%2C300%2Cregular%2C700|font_style:700%20bold%20regular%3A700%3Anormal\u00bb css=\u00bb.vc_custom_1648125158044{margin-bottom: 5px !important;border-bottom-width: 5px !important;padding-bottom: 5px !important;}\u00bb][vc_column_text css=\u00bb.vc_custom_1738660603781{margin-bottom: 5px !important;border-bottom-width: 5px !important;padding-bottom: 5px !important;}\u00bb] Rosa...","og_url":"https:\/\/www.ull.es\/portal\/cienciaull\/proyectochicasconcienciaull\/rosa-aguilar-informatica\/","article_publisher":"https:\/\/www.facebook.com\/CienciaULL\/","article_modified_time":"2025-12-19T10:52:00+00:00","twitter_card":"summary_large_image","twitter_site":"@CienciaULL","twitter_misc":{"Tiempo de lectura":"3 minutos"},"schema":{"@context":"https:\/\/schema.org","@graph":[{"@type":"WebPage","@id":"https:\/\/www.ull.es\/portal\/cienciaull\/proyectochicasconcienciaull\/rosa-aguilar-informatica\/","url":"https:\/\/www.ull.es\/portal\/cienciaull\/proyectochicasconcienciaull\/rosa-aguilar-informatica\/","name":"Rosa Aguilar - Inform\u00e1tica -","isPartOf":{"@id":"https:\/\/www.ull.es\/portal\/cienciaull\/#website"},"datePublished":"2020-07-15T13:28:38+00:00","dateModified":"2025-12-19T10:52:00+00:00","breadcrumb":{"@id":"https:\/\/www.ull.es\/portal\/cienciaull\/proyectochicasconcienciaull\/rosa-aguilar-informatica\/#breadcrumb"},"inLanguage":"es","potentialAction":[{"@type":"ReadAction","target":["https:\/\/www.ull.es\/portal\/cienciaull\/proyectochicasconcienciaull\/rosa-aguilar-informatica\/"]}]},{"@type":"BreadcrumbList","@id":"https:\/\/www.ull.es\/portal\/cienciaull\/proyectochicasconcienciaull\/rosa-aguilar-informatica\/#breadcrumb","itemListElement":[{"@type":"ListItem","position":1,"name":"Portada","item":"https:\/\/www.ull.es\/portal\/cienciaull\/"},{"@type":"ListItem","position":2,"name":"Chicas con Cienci@ULL","item":"https:\/\/www.ull.es\/portal\/cienciaull\/proyectochicasconcienciaull\/"},{"@type":"ListItem","position":3,"name":"Rosa Aguilar &#8211; Inform\u00e1tica"}]},{"@type":"WebSite","@id":"https:\/\/www.ull.es\/portal\/cienciaull\/#website","url":"https:\/\/www.ull.es\/portal\/cienciaull\/","name":"","description":"Unidad de Cultura Cient\u00edfica y de la Innovaci\u00f3n de la Universidad de La Laguna","potentialAction":[{"@type":"SearchAction","target":{"@type":"EntryPoint","urlTemplate":"https:\/\/www.ull.es\/portal\/cienciaull\/?s={search_term_string}"},"query-input":"required name=search_term_string"}],"inLanguage":"es"}]}},"_links":{"self":[{"href":"https:\/\/www.ull.es\/portal\/cienciaull\/wp-json\/wp\/v2\/pages\/8264"}],"collection":[{"href":"https:\/\/www.ull.es\/portal\/cienciaull\/wp-json\/wp\/v2\/pages"}],"about":[{"href":"https:\/\/www.ull.es\/portal\/cienciaull\/wp-json\/wp\/v2\/types\/page"}],"author":[{"embeddable":true,"href":"https:\/\/www.ull.es\/portal\/cienciaull\/wp-json\/wp\/v2\/users\/56"}],"replies":[{"embeddable":true,"href":"https:\/\/www.ull.es\/portal\/cienciaull\/wp-json\/wp\/v2\/comments?post=8264"}],"version-history":[{"count":37,"href":"https:\/\/www.ull.es\/portal\/cienciaull\/wp-json\/wp\/v2\/pages\/8264\/revisions"}],"predecessor-version":[{"id":23215,"href":"https:\/\/www.ull.es\/portal\/cienciaull\/wp-json\/wp\/v2\/pages\/8264\/revisions\/23215"}],"up":[{"embeddable":true,"href":"https:\/\/www.ull.es\/portal\/cienciaull\/wp-json\/wp\/v2\/pages\/1606"}],"wp:attachment":[{"href":"https:\/\/www.ull.es\/portal\/cienciaull\/wp-json\/wp\/v2\/media?parent=8264"}],"curies":[{"name":"wp","href":"https:\/\/api.w.org\/{rel}","templated":true}]}}