{"id":8728,"date":"2020-09-16T07:45:46","date_gmt":"2020-09-16T07:45:46","guid":{"rendered":"https:\/\/www.ull.es\/portal\/cienciaull\/?page_id=8728"},"modified":"2020-11-03T11:51:31","modified_gmt":"2020-11-03T11:51:31","slug":"conecta-cienciaull-la-gomera-y-la-palma","status":"publish","type":"page","link":"https:\/\/www.ull.es\/portal\/cienciaull\/conecta-cienciaull-la-gomera-y-la-palma\/","title":{"rendered":"Conecta Ciencia@ULL La Gomera y La Palma"},"content":{"rendered":"<p>[vc_row][vc_column]\n<div id=\"rev_slider_47_1_wrapper\" class=\"rev_slider_wrapper fullwidthbanner-container\" data-source=\"gallery\" style=\"margin:0px auto;background:transparent;padding:0px;margin-top:0px;margin-bottom:0px;\">\n<!-- START REVOLUTION SLIDER 5.4.7.3 auto mode -->\n\t<div id=\"rev_slider_47_1\" class=\"rev_slider fullwidthabanner\" style=\"display:none;\" data-version=\"5.4.7.3\">\n<ul>\t<!-- SLIDE  -->\n\t<li data-index=\"rs-72\" data-transition=\"fade\" data-slotamount=\"default\" data-hideafterloop=\"0\" data-hideslideonmobile=\"off\"  data-easein=\"default\" data-easeout=\"default\" data-masterspeed=\"300\"  data-rotate=\"0\"  data-saveperformance=\"off\"  data-title=\"Slide\" data-param1=\"\" data-param2=\"\" data-param3=\"\" data-param4=\"\" data-param5=\"\" data-param6=\"\" data-param7=\"\" data-param8=\"\" data-param9=\"\" data-param10=\"\" data-description=\"\">\n\t\t<!-- MAIN IMAGE -->\n\t\t<img src=\"https:\/\/www.ull.es\/portal\/cienciaull\/wp-content\/plugins\/revslider\/admin\/assets\/images\/transparent.png\"  alt=\"\" title=\"Conecta Ciencia@ULL La Gomera y La Palma\"  data-bgposition=\"center center\" data-bgfit=\"cover\" data-bgrepeat=\"no-repeat\" class=\"rev-slidebg\" data-no-retina>\n\t\t<!-- LAYERS -->\n\n\t\t<!-- LAYER NR. 1 -->\n\t\t<div class=\"tp-caption   tp-resizeme\" \n\t\t\t id=\"slide-72-layer-2\" \n\t\t\t data-x=\"1\" \n\t\t\t data-y=\"2\" \n\t\t\t\t\t\tdata-width=\"['none','none','none','none']\"\n\t\t\tdata-height=\"['none','none','none','none']\"\n \n\t\t\tdata-type=\"image\" \n\t\t\tdata-responsive_offset=\"on\" \n\n\t\t\tdata-frames='[{\"delay\":0,\"speed\":300,\"frame\":\"0\",\"from\":\"opacity:0;\",\"to\":\"o:1;\",\"ease\":\"Power3.easeInOut\"},{\"delay\":\"wait\",\"speed\":300,\"frame\":\"999\",\"to\":\"opacity:0;\",\"ease\":\"Power3.easeInOut\"}]'\n\t\t\tdata-textAlign=\"['inherit','inherit','inherit','inherit']\"\n\t\t\tdata-paddingtop=\"[0,0,0,0]\"\n\t\t\tdata-paddingright=\"[0,0,0,0]\"\n\t\t\tdata-paddingbottom=\"[0,0,0,0]\"\n\t\t\tdata-paddingleft=\"[0,0,0,0]\"\n\n\t\t\tstyle=\"z-index: 6;\"><img src=\"https:\/\/www.ull.es\/portal\/cienciaull\/wp-content\/uploads\/sites\/24\/2020\/10\/Banners_ConectaCienciaULL-GOM-LPA-2.jpg\" alt=\"\" data-ww=\"1236px\" data-hh=\"647px\" width=\"1200\" height=\"628\" data-no-retina> <\/div>\n\t<\/li>\n<\/ul>\n<div class=\"tp-bannertimer tp-bottom\" style=\"visibility: hidden !important;\"><\/div>\t<\/div>\n<script>var htmlDiv = document.getElementById(\"rs-plugin-settings-inline-css\"); var htmlDivCss=\"\";\r\n\t\t\t\tif(htmlDiv) {\r\n\t\t\t\t\thtmlDiv.innerHTML = htmlDiv.innerHTML + htmlDivCss;\r\n\t\t\t\t}else{\r\n\t\t\t\t\tvar htmlDiv = document.createElement(\"div\");\r\n\t\t\t\t\thtmlDiv.innerHTML = \"<style>\" + htmlDivCss + \"<\/style>\";\r\n\t\t\t\t\tdocument.getElementsByTagName(\"head\")[0].appendChild(htmlDiv.childNodes[0]);\r\n\t\t\t\t}\r\n\t\t\t<\/script>\n\t\t<script type=\"text\/javascript\">\r\nif (setREVStartSize!==undefined) setREVStartSize(\r\n\t{c: '#rev_slider_47_1', gridwidth: [1236], gridheight: [647], sliderLayout: 'auto'});\r\n\t\t\t\r\nvar revapi47,\r\n\ttpj;\t\r\n(function() {\t\t\t\r\n\tif (!\/loaded|interactive|complete\/.test(document.readyState)) document.addEventListener(\"DOMContentLoaded\",onLoad); else onLoad();\t\r\n\tfunction onLoad() {\t\t\t\t\r\n\t\tif (tpj===undefined) { tpj = jQuery; if(\"off\" == \"on\") tpj.noConflict();}\r\n\tif(tpj(\"#rev_slider_47_1\").revolution == undefined){\n\t\trevslider_showDoubleJqueryError(\"#rev_slider_47_1\");\n\t}else{\n\t\trevapi47 = tpj(\"#rev_slider_47_1\").show().revolution({\n\t\t\tsliderType:\"standard\",\n\t\t\tjsFileLocation:\"\/\/www.ull.es\/portal\/cienciaull\/wp-content\/plugins\/revslider\/public\/assets\/js\/\",\n\t\t\tsliderLayout:\"auto\",\n\t\t\tdottedOverlay:\"none\",\n\t\t\tdelay:9000,\n\t\t\tnavigation: {\n\t\t\t\tonHoverStop:\"off\",\n\t\t\t},\n\t\t\tvisibilityLevels:[1240,1024,778,480],\n\t\t\tgridwidth:1236,\n\t\t\tgridheight:647,\n\t\t\tlazyType:\"none\",\n\t\t\tshadow:0,\n\t\t\tspinner:\"spinner0\",\n\t\t\tstopLoop:\"off\",\n\t\t\tstopAfterLoops:-1,\n\t\t\tstopAtSlide:-1,\n\t\t\tshuffle:\"off\",\n\t\t\tautoHeight:\"off\",\n\t\t\tdisableProgressBar:\"on\",\n\t\t\thideThumbsOnMobile:\"off\",\n\t\t\thideSliderAtLimit:0,\n\t\t\thideCaptionAtLimit:0,\n\t\t\thideAllCaptionAtLilmit:0,\n\t\t\tdebugMode:false,\n\t\t\tfallbacks: {\n\t\t\t\tsimplifyAll:\"off\",\n\t\t\t\tnextSlideOnWindowFocus:\"off\",\n\t\t\t\tdisableFocusListener:false,\n\t\t\t}\n\t\t});\n\t}; \/* END OF revapi call *\/\n\t\n }; \/* END OF ON LOAD FUNCTION *\/\r\n}()); \/* END OF WRAPPING FUNCTION *\/\r\n<\/script>\r\n\t\t<\/div><!-- END REVOLUTION SLIDER -->[vc_separator color=\u00bbsky\u00bb style=\u00bbdouble\u00bb border_width=\u00bb10&#8243;][\/vc_column][\/vc_row][vc_row][vc_column][vc_empty_space height=\u00bb40px\u00bb][vc_custom_heading text=\u00bbPresentaci\u00f3n\u00bb font_container=\u00bbtag:h2|text_align:left|color:%23884a95&#8243; google_fonts=\u00bbfont_family:Roboto%20Slab%3A100%2C300%2Cregular%2C700|font_style:700%20bold%20regular%3A700%3Anormal\u00bb css=\u00bb.vc_custom_1600292247469{margin-bottom: 7px !important;border-bottom-width: 7px !important;padding-bottom: 7px !important;}\u00bb][\/vc_column][\/vc_row][vc_row][vc_column width=\u00bb3\/4&#8243;][vc_column_text]<\/p>\n<p style=\"text-align: justify\">El\u00a0<em><strong>Programa educativo contra el fracaso escolar juvenil a trav\u00e9s del desarrollo de actividades divulgativas, orientativas y motivadoras para el fomento de las vocaciones cient\u00edficas, \u201cConecta Cienci@ULL\u201d<\/strong><\/em>\u00a0es un proyecto de divulgaci\u00f3n cient\u00edfica que tiene como finalidad \u201cayudar a disminuir la tasa de fracaso escolar en Canarias, y fomentar entre los\/as j\u00f3venes el inter\u00e9s por realizar estudios superiores\u201d. Para ello, se propone la realizaci\u00f3n de una serie de actividades divulgativas, orientativas, motivadoras y complementarias a los programas formativos de educaci\u00f3n secundaria y bachillerato, donde se muestra la ciencia, la tecnolog\u00eda, las ciencias sociales, las humanidades y artes de una forma cercana y aplicada a las necesidades del d\u00eda a d\u00eda, utilizando como medio conductor la actividad de investigaci\u00f3n que se desarrolla en la Universidad de La Laguna en dichas disciplinas.<\/p>\n<p style=\"text-align: justify\">En el marco de <strong>MacaroNight 2020 (<\/strong><strong>la Noche Europea de los Investigadores de la Macaronesia) se realiza una <\/strong><strong>nueva edici\u00f3n especial dirigida a los centros escolares de La Gomera y La Palma<\/strong><strong>, como pre-actividad al evento del 27 de noviembre de 2020.<\/strong><\/p>\n<p style=\"text-align: justify\">La actividad consistir\u00e1 en la realizaci\u00f3n de un taller cient\u00edfico de la mano de un\/a joven investigador\/a de la Universidad de La Laguna. Dicho taller se realizar\u00e1 de manera virtual y simult\u00e1nea con el\/la investigador\/a participante a trav\u00e9s de google.meet. Los alumnos y las alumnas podr\u00e1n seguir paso a paso el taller para que lo repliquen desde el centro escolar o desde casa, realizando consultas en directo.<\/p>\n<h3 style=\"text-align: justify\">P\u00fablico objetivo<\/h3>\n<p style=\"text-align: justify\">Alumnado de 3\u00ba y 4\u00ba de la ESO y 1\u00ba y 2\u00ba de Bachillerato de los centros educativos de las islas de La Gomera y La Palma<\/p>\n<h3 style=\"text-align: justify\">D\u00eda de celebraci\u00f3n<\/h3>\n<p style=\"text-align: justify\">\u2013 11 y 20 de noviembre de 2020 en La Gomera<\/p>\n<p style=\"text-align: justify\">\u2013 10, 11 y 13 de noviembre de 2020 en La Palma<\/p>\n<h3 style=\"text-align: justify\">Inscripci\u00f3n<\/h3>\n<p style=\"text-align: justify\">Para participar en esta actividad debe cumplimentar el siguiente formulario:<\/p>\n<p>[\/vc_column_text][vc_btn title=\u00bbFormulario para centros educativos de La Gomera\u00bb color=\u00bbturquoise\u00bb align=\u00bbcenter\u00bb link=\u00bburl:https%3A%2F%2Fforms.gle%2F8JJEgcHZqwVrri3v6&#8243;][vc_btn title=\u00bbFormulario para centros educativos de La Palma\u00bb color=\u00bbpink\u00bb align=\u00bbcenter\u00bb link=\u00bburl:https%3A%2F%2Fforms.gle%2Fe3AtmypykUEeVtvf6&#8243;][vc_column_text]Pueden consultar el cat\u00e1logo de talleres a trav\u00e9s de este enlace:[\/vc_column_text][vc_btn title=\u00bbCat\u00e1logo de talleres cient\u00edficos\u00bb color=\u00bbpurple\u00bb size=\u00bblg\u00bb align=\u00bbcenter\u00bb link=\u00bburl:https%3A%2F%2Fdrive.google.com%2Ffile%2Fd%2F1B6oUzdEM9qFChgiILOsmv-JUaUOsWheH%2Fview%3Fusp%3Dsharing\u00bb][\/vc_column][vc_column width=\u00bb1\/4&#8243;][vc_btn title=\u00bbMacaroNight 2020&#8243; color=\u00bbgreen\u00bb size=\u00bblg\u00bb align=\u00bbcenter\u00bb button_block=\u00bbtrue\u00bb link=\u00bburl:https%3A%2F%2Fwww.ull.es%2Fportal%2Fcienciaull%2Fmacaronight-2020%2F|title:MacaroNight%202020&#8243; css=\u00bb.vc_custom_1600325888108{margin-bottom: 3px !important;border-bottom-width: 3px !important;padding-bottom: 3px !important;}\u00bb][vc_btn title=\u00bbConcurso Divulgaci\u00f3n Cient\u00edfica\u00bb color=\u00bbsky\u00bb size=\u00bblg\u00bb align=\u00bbcenter\u00bb link=\u00bburl:https%3A%2F%2Fwww.ull.es%2Fportal%2Fcienciaull%2Fconcurso-de-divulgacion%2F|title:Concurso%20de%20Divulgaci%C3%B3n\u00bb css=\u00bb.vc_custom_1600325928308{margin-bottom: 3px !important;border-bottom-width: 3px !important;padding-bottom: 3px !important;}\u00bb][vc_btn title=\u00bbLaboratorio de Verano\u00bb color=\u00bborange\u00bb size=\u00bblg\u00bb align=\u00bbcenter\u00bb button_block=\u00bbtrue\u00bb link=\u00bburl:https%3A%2F%2Fwww.ull.es%2Fportal%2Fcienciaull%2Flaboratorio-arn-innova%2Factividades%2Flaboratorio-de-verano-de-ciencia-y-tecnologia-de-arona%2F|title:Laboratorio%20de%20Verano%20de%20Ciencia%20y%20Tecnolog%C3%ADa%20de%20Arona\u00bb css=\u00bb.vc_custom_1601904119612{margin-bottom: 3px !important;border-bottom-width: 3px !important;padding-bottom: 3px !important;}\u00bb][vc_btn title=\u00bbMuestra Documental\u00bb color=\u00bbviolet\u00bb size=\u00bblg\u00bb align=\u00bbcenter\u00bb button_block=\u00bbtrue\u00bb link=\u00bburl:https%3A%2F%2Fwww.ull.es%2Fportal%2Fcienciaull%2Fmuestra-documental-cientifico%2F|title:Muestra%20Documental%20Cient%C3%ADfico\u00bb css=\u00bb.vc_custom_1600325999052{margin-bottom: 3px !important;border-bottom-width: 3px !important;padding-bottom: 3px !important;}\u00bb][vc_btn title=\u00bbConcurso Infantil de Maletas Cient\u00edficas\u00bb color=\u00bbpink\u00bb size=\u00bblg\u00bb align=\u00bbcenter\u00bb link=\u00bburl:https%3A%2F%2Fwww.ull.es%2Fportal%2Fcienciaull%2Fconcurso-infantil-de-maletas-cientificas-de-canarias%2F|title:Concurso%20Infantil%20De%20Maletas%20Cient%C3%ADficas%20de%20Canarias\u00bb css=\u00bb.vc_custom_1600325971654{margin-bottom: 3px !important;border-bottom-width: 3px !important;padding-bottom: 3px !important;}\u00bb][vc_btn title=\u00bbRutas Cient\u00edficas de la Macaronesia\u00bb color=\u00bbvista-blue\u00bb size=\u00bblg\u00bb align=\u00bbcenter\u00bb button_block=\u00bbtrue\u00bb link=\u00bburl:https%3A%2F%2Fwww.ull.es%2Fportal%2Fcienciaull%2Frutas-cientificas-de-la-macaronesia%2F|title:Concurso%20Infantil%20De%20Maletas%20Cient%C3%ADficas%20de%20Canarias\u00bb css=\u00bb.vc_custom_1601983358026{margin-bottom: 3px !important;border-bottom-width: 3px !important;padding-bottom: 3px !important;}\u00bb][vc_btn title=\u00bbFeria de las Vocaciones Cient\u00edficas\u00bb color=\u00bbblue\u00bb size=\u00bblg\u00bb align=\u00bbcenter\u00bb link=\u00bburl:https%3A%2F%2Fwww.ull.es%2Fportal%2Fcienciaull%2Fferia-de-las-vocaciones-cientificas-y-profesionales-de-canarias%2F|title:Concurso%20Infantil%20De%20Maletas%20Cient%C3%ADficas%20de%20Canarias\u00bb css=\u00bb.vc_custom_1601890108090{margin-bottom: 3px !important;border-bottom-width: 3px !important;padding-bottom: 3px !important;}\u00bb][\/vc_column][\/vc_row]<\/p>\n","protected":false},"excerpt":{"rendered":"<p>[vc_row][vc_column][vc_separator color=\u00bbsky\u00bb style=\u00bbdouble\u00bb border_width=\u00bb10&#8243;][\/vc_column][\/vc_row][vc_row][vc_column][vc_empty_space height=\u00bb40px\u00bb][vc_custom_heading text=\u00bbPresentaci\u00f3n\u00bb font_container=\u00bbtag:h2|text_align:left|color:%23884a95&#8243; google_fonts=\u00bbfont_family:Roboto%20Slab%3A100%2C300%2Cregular%2C700|font_style:700%20bold%20regular%3A700%3Anormal\u00bb css=\u00bb.vc_custom_1600292247469{margin-bottom: 7px !important;border-bottom-width: 7px !important;padding-bottom: 7px !important;}\u00bb][\/vc_column][\/vc_row][vc_row][vc_column width=\u00bb3\/4&#8243;][vc_column_text] El\u00a0Programa educativo contra el fracaso escolar juvenil a trav\u00e9s del desarrollo de actividades divulgativas, orientativas y motivadoras para el fomento de las vocaciones cient\u00edficas, \u201cConecta Cienci@ULL\u201d\u00a0es un proyecto de divulgaci\u00f3n cient\u00edfica que tiene como finalidad \u201cayudar a disminuir la&#8230;<\/p>\n","protected":false},"author":56,"featured_media":0,"parent":0,"menu_order":0,"comment_status":"closed","ping_status":"closed","template":"templates\/cienciaull.php","meta":{"inline_featured_image":false,"footnotes":""},"acf":[],"yoast_head":"<!-- This site is optimized with the Yoast SEO plugin v21.3 - https:\/\/yoast.com\/wordpress\/plugins\/seo\/ -->\n<title>Conecta Ciencia@ULL La Gomera y La Palma -<\/title>\n<meta name=\"robots\" content=\"index, follow, max-snippet:-1, max-image-preview:large, max-video-preview:-1\" \/>\n<link rel=\"canonical\" href=\"https:\/\/www.ull.es\/portal\/cienciaull\/conecta-cienciaull-la-gomera-y-la-palma\/\" \/>\n<meta property=\"og:locale\" content=\"es_ES\" \/>\n<meta property=\"og:type\" content=\"article\" \/>\n<meta property=\"og:title\" content=\"Conecta Ciencia@ULL La Gomera y La Palma -\" \/>\n<meta property=\"og:description\" content=\"[vc_row][vc_column][vc_separator color=\u00bbsky\u00bb style=\u00bbdouble\u00bb border_width=\u00bb10&#8243;][\/vc_column][\/vc_row][vc_row][vc_column][vc_empty_space height=\u00bb40px\u00bb][vc_custom_heading text=\u00bbPresentaci\u00f3n\u00bb font_container=\u00bbtag:h2|text_align:left|color:%23884a95&#8243; google_fonts=\u00bbfont_family:Roboto%20Slab%3A100%2C300%2Cregular%2C700|font_style:700%20bold%20regular%3A700%3Anormal\u00bb css=\u00bb.vc_custom_1600292247469{margin-bottom: 7px !important;border-bottom-width: 7px !important;padding-bottom: 7px !important;}\u00bb][\/vc_column][\/vc_row][vc_row][vc_column width=\u00bb3\/4&#8243;][vc_column_text] El\u00a0Programa educativo contra el fracaso escolar juvenil a trav\u00e9s del desarrollo de actividades divulgativas, orientativas y motivadoras para el fomento de las vocaciones cient\u00edficas, \u201cConecta Cienci@ULL\u201d\u00a0es un proyecto de divulgaci\u00f3n cient\u00edfica que tiene como finalidad \u201cayudar a disminuir la...\" \/>\n<meta property=\"og:url\" content=\"https:\/\/www.ull.es\/portal\/cienciaull\/conecta-cienciaull-la-gomera-y-la-palma\/\" \/>\n<meta property=\"article:publisher\" content=\"https:\/\/www.facebook.com\/CienciaULL\/\" \/>\n<meta property=\"article:modified_time\" content=\"2020-11-03T11:51:31+00:00\" \/>\n<meta name=\"twitter:card\" content=\"summary_large_image\" \/>\n<meta name=\"twitter:site\" content=\"@CienciaULL\" \/>\n<meta name=\"twitter:label1\" content=\"Tiempo de lectura\" \/>\n\t<meta name=\"twitter:data1\" content=\"4 minutos\" \/>\n<script type=\"application\/ld+json\" class=\"yoast-schema-graph\">{\"@context\":\"https:\/\/schema.org\",\"@graph\":[{\"@type\":\"WebPage\",\"@id\":\"https:\/\/www.ull.es\/portal\/cienciaull\/conecta-cienciaull-la-gomera-y-la-palma\/\",\"url\":\"https:\/\/www.ull.es\/portal\/cienciaull\/conecta-cienciaull-la-gomera-y-la-palma\/\",\"name\":\"Conecta Ciencia@ULL La Gomera y La Palma -\",\"isPartOf\":{\"@id\":\"https:\/\/www.ull.es\/portal\/cienciaull\/#website\"},\"datePublished\":\"2020-09-16T07:45:46+00:00\",\"dateModified\":\"2020-11-03T11:51:31+00:00\",\"breadcrumb\":{\"@id\":\"https:\/\/www.ull.es\/portal\/cienciaull\/conecta-cienciaull-la-gomera-y-la-palma\/#breadcrumb\"},\"inLanguage\":\"es\",\"potentialAction\":[{\"@type\":\"ReadAction\",\"target\":[\"https:\/\/www.ull.es\/portal\/cienciaull\/conecta-cienciaull-la-gomera-y-la-palma\/\"]}]},{\"@type\":\"BreadcrumbList\",\"@id\":\"https:\/\/www.ull.es\/portal\/cienciaull\/conecta-cienciaull-la-gomera-y-la-palma\/#breadcrumb\",\"itemListElement\":[{\"@type\":\"ListItem\",\"position\":1,\"name\":\"Portada\",\"item\":\"https:\/\/www.ull.es\/portal\/cienciaull\/\"},{\"@type\":\"ListItem\",\"position\":2,\"name\":\"Conecta Ciencia@ULL La Gomera y La Palma\"}]},{\"@type\":\"WebSite\",\"@id\":\"https:\/\/www.ull.es\/portal\/cienciaull\/#website\",\"url\":\"https:\/\/www.ull.es\/portal\/cienciaull\/\",\"name\":\"\",\"description\":\"Unidad de Cultura Cient\u00edfica y de la Innovaci\u00f3n de la Universidad de La Laguna\",\"potentialAction\":[{\"@type\":\"SearchAction\",\"target\":{\"@type\":\"EntryPoint\",\"urlTemplate\":\"https:\/\/www.ull.es\/portal\/cienciaull\/?s={search_term_string}\"},\"query-input\":\"required name=search_term_string\"}],\"inLanguage\":\"es\"}]}<\/script>\n<!-- \/ Yoast SEO plugin. -->","yoast_head_json":{"title":"Conecta Ciencia@ULL La Gomera y La Palma -","robots":{"index":"index","follow":"follow","max-snippet":"max-snippet:-1","max-image-preview":"max-image-preview:large","max-video-preview":"max-video-preview:-1"},"canonical":"https:\/\/www.ull.es\/portal\/cienciaull\/conecta-cienciaull-la-gomera-y-la-palma\/","og_locale":"es_ES","og_type":"article","og_title":"Conecta Ciencia@ULL La Gomera y La Palma -","og_description":"[vc_row][vc_column][vc_separator color=\u00bbsky\u00bb style=\u00bbdouble\u00bb border_width=\u00bb10&#8243;][\/vc_column][\/vc_row][vc_row][vc_column][vc_empty_space height=\u00bb40px\u00bb][vc_custom_heading text=\u00bbPresentaci\u00f3n\u00bb font_container=\u00bbtag:h2|text_align:left|color:%23884a95&#8243; google_fonts=\u00bbfont_family:Roboto%20Slab%3A100%2C300%2Cregular%2C700|font_style:700%20bold%20regular%3A700%3Anormal\u00bb css=\u00bb.vc_custom_1600292247469{margin-bottom: 7px !important;border-bottom-width: 7px !important;padding-bottom: 7px !important;}\u00bb][\/vc_column][\/vc_row][vc_row][vc_column width=\u00bb3\/4&#8243;][vc_column_text] El\u00a0Programa educativo contra el fracaso escolar juvenil a trav\u00e9s del desarrollo de actividades divulgativas, orientativas y motivadoras para el fomento de las vocaciones cient\u00edficas, \u201cConecta Cienci@ULL\u201d\u00a0es un proyecto de divulgaci\u00f3n cient\u00edfica que tiene como finalidad \u201cayudar a disminuir la...","og_url":"https:\/\/www.ull.es\/portal\/cienciaull\/conecta-cienciaull-la-gomera-y-la-palma\/","article_publisher":"https:\/\/www.facebook.com\/CienciaULL\/","article_modified_time":"2020-11-03T11:51:31+00:00","twitter_card":"summary_large_image","twitter_site":"@CienciaULL","twitter_misc":{"Tiempo de lectura":"4 minutos"},"schema":{"@context":"https:\/\/schema.org","@graph":[{"@type":"WebPage","@id":"https:\/\/www.ull.es\/portal\/cienciaull\/conecta-cienciaull-la-gomera-y-la-palma\/","url":"https:\/\/www.ull.es\/portal\/cienciaull\/conecta-cienciaull-la-gomera-y-la-palma\/","name":"Conecta Ciencia@ULL La Gomera y La Palma -","isPartOf":{"@id":"https:\/\/www.ull.es\/portal\/cienciaull\/#website"},"datePublished":"2020-09-16T07:45:46+00:00","dateModified":"2020-11-03T11:51:31+00:00","breadcrumb":{"@id":"https:\/\/www.ull.es\/portal\/cienciaull\/conecta-cienciaull-la-gomera-y-la-palma\/#breadcrumb"},"inLanguage":"es","potentialAction":[{"@type":"ReadAction","target":["https:\/\/www.ull.es\/portal\/cienciaull\/conecta-cienciaull-la-gomera-y-la-palma\/"]}]},{"@type":"BreadcrumbList","@id":"https:\/\/www.ull.es\/portal\/cienciaull\/conecta-cienciaull-la-gomera-y-la-palma\/#breadcrumb","itemListElement":[{"@type":"ListItem","position":1,"name":"Portada","item":"https:\/\/www.ull.es\/portal\/cienciaull\/"},{"@type":"ListItem","position":2,"name":"Conecta Ciencia@ULL La Gomera y La Palma"}]},{"@type":"WebSite","@id":"https:\/\/www.ull.es\/portal\/cienciaull\/#website","url":"https:\/\/www.ull.es\/portal\/cienciaull\/","name":"","description":"Unidad de Cultura Cient\u00edfica y de la Innovaci\u00f3n de la Universidad de La Laguna","potentialAction":[{"@type":"SearchAction","target":{"@type":"EntryPoint","urlTemplate":"https:\/\/www.ull.es\/portal\/cienciaull\/?s={search_term_string}"},"query-input":"required name=search_term_string"}],"inLanguage":"es"}]}},"_links":{"self":[{"href":"https:\/\/www.ull.es\/portal\/cienciaull\/wp-json\/wp\/v2\/pages\/8728"}],"collection":[{"href":"https:\/\/www.ull.es\/portal\/cienciaull\/wp-json\/wp\/v2\/pages"}],"about":[{"href":"https:\/\/www.ull.es\/portal\/cienciaull\/wp-json\/wp\/v2\/types\/page"}],"author":[{"embeddable":true,"href":"https:\/\/www.ull.es\/portal\/cienciaull\/wp-json\/wp\/v2\/users\/56"}],"replies":[{"embeddable":true,"href":"https:\/\/www.ull.es\/portal\/cienciaull\/wp-json\/wp\/v2\/comments?post=8728"}],"version-history":[{"count":45,"href":"https:\/\/www.ull.es\/portal\/cienciaull\/wp-json\/wp\/v2\/pages\/8728\/revisions"}],"predecessor-version":[{"id":9956,"href":"https:\/\/www.ull.es\/portal\/cienciaull\/wp-json\/wp\/v2\/pages\/8728\/revisions\/9956"}],"wp:attachment":[{"href":"https:\/\/www.ull.es\/portal\/cienciaull\/wp-json\/wp\/v2\/media?parent=8728"}],"curies":[{"name":"wp","href":"https:\/\/api.w.org\/{rel}","templated":true}]}}