{"id":8891,"date":"2020-09-30T11:03:57","date_gmt":"2020-09-30T11:03:57","guid":{"rendered":"https:\/\/www.ull.es\/portal\/cienciaull\/?page_id=8891"},"modified":"2020-11-27T13:52:01","modified_gmt":"2020-11-27T13:52:01","slug":"directos","status":"publish","type":"page","link":"https:\/\/www.ull.es\/portal\/cienciaull\/directos\/","title":{"rendered":"Directos"},"content":{"rendered":"<p>[vc_row][vc_column]\n<div id=\"rev_slider_15_1_wrapper\" class=\"rev_slider_wrapper fullwidthbanner-container\" data-source=\"gallery\" style=\"margin:0px auto;background:transparent;padding:0px;margin-top:0px;margin-bottom:0px;\">\n<!-- START REVOLUTION SLIDER 5.4.7.3 auto mode -->\n\t<div id=\"rev_slider_15_1\" class=\"rev_slider fullwidthabanner\" style=\"display:none;\" data-version=\"5.4.7.3\">\n<ul>\t<!-- SLIDE  -->\n\t<li data-index=\"rs-37\" data-transition=\"fade\" data-slotamount=\"default\" data-hideafterloop=\"0\" data-hideslideonmobile=\"off\"  data-easein=\"default\" data-easeout=\"default\" data-masterspeed=\"300\"  data-rotate=\"0\"  data-saveperformance=\"off\"  data-title=\"Slide\" data-param1=\"\" data-param2=\"\" data-param3=\"\" data-param4=\"\" data-param5=\"\" data-param6=\"\" data-param7=\"\" data-param8=\"\" data-param9=\"\" data-param10=\"\" data-description=\"\">\n\t\t<!-- MAIN IMAGE -->\n\t\t<img src=\"https:\/\/s6.gifyu.com\/images\/Banner-CienciULL-Generico-1600-x-560.png\"  alt=\"\"  width=\"1920\" height=\"1080\" data-bgposition=\"center center\" data-bgfit=\"contain\" data-bgrepeat=\"no-repeat\" class=\"rev-slidebg\" data-no-retina>\n\t\t<!-- LAYERS -->\n\t<\/li>\n<\/ul>\n<div class=\"tp-bannertimer tp-bottom\" style=\"visibility: hidden !important;\"><\/div>\t<\/div>\n<script>var htmlDiv = document.getElementById(\"rs-plugin-settings-inline-css\"); var htmlDivCss=\"\";\r\n\t\t\t\tif(htmlDiv) {\r\n\t\t\t\t\thtmlDiv.innerHTML = htmlDiv.innerHTML + htmlDivCss;\r\n\t\t\t\t}else{\r\n\t\t\t\t\tvar htmlDiv = document.createElement(\"div\");\r\n\t\t\t\t\thtmlDiv.innerHTML = \"<style>\" + htmlDivCss + \"<\/style>\";\r\n\t\t\t\t\tdocument.getElementsByTagName(\"head\")[0].appendChild(htmlDiv.childNodes[0]);\r\n\t\t\t\t}\r\n\t\t\t<\/script>\n\t\t<script type=\"text\/javascript\">\r\nif (setREVStartSize!==undefined) setREVStartSize(\r\n\t{c: '#rev_slider_15_1', gridwidth: [1600], gridheight: [560], sliderLayout: 'auto'});\r\n\t\t\t\r\nvar revapi15,\r\n\ttpj;\t\r\n(function() {\t\t\t\r\n\tif (!\/loaded|interactive|complete\/.test(document.readyState)) document.addEventListener(\"DOMContentLoaded\",onLoad); else onLoad();\t\r\n\tfunction onLoad() {\t\t\t\t\r\n\t\tif (tpj===undefined) { tpj = jQuery; if(\"off\" == \"on\") tpj.noConflict();}\r\n\tif(tpj(\"#rev_slider_15_1\").revolution == undefined){\n\t\trevslider_showDoubleJqueryError(\"#rev_slider_15_1\");\n\t}else{\n\t\trevapi15 = tpj(\"#rev_slider_15_1\").show().revolution({\n\t\t\tsliderType:\"hero\",\n\t\t\tjsFileLocation:\"\/\/www.ull.es\/portal\/cienciaull\/wp-content\/plugins\/revslider\/public\/assets\/js\/\",\n\t\t\tsliderLayout:\"auto\",\n\t\t\tdottedOverlay:\"none\",\n\t\t\tdelay:9000,\n\t\t\tvisibilityLevels:[1240,1024,778,480],\n\t\t\tgridwidth:1600,\n\t\t\tgridheight:560,\n\t\t\tlazyType:\"none\",\n\t\t\tshadow:0,\n\t\t\tspinner:\"spinner0\",\n\t\t\tautoHeight:\"off\",\n\t\t\tdisableProgressBar:\"on\",\n\t\t\thideThumbsOnMobile:\"off\",\n\t\t\thideSliderAtLimit:0,\n\t\t\thideCaptionAtLimit:0,\n\t\t\thideAllCaptionAtLilmit:0,\n\t\t\tdebugMode:false,\n\t\t\tfallbacks: {\n\t\t\t\tsimplifyAll:\"off\",\n\t\t\t\tdisableFocusListener:false,\n\t\t\t}\n\t\t});\n\t}; \/* END OF revapi call *\/\n\t\n }; \/* END OF ON LOAD FUNCTION *\/\r\n}()); \/* END OF WRAPPING FUNCTION *\/\r\n<\/script>\r\n\t\t<\/div><!-- END REVOLUTION SLIDER -->[vc_separator color=\u00bbsky\u00bb border_width=\u00bb10&#8243;][vc_empty_space height=\u00bb20&#8243;][vc_custom_heading text=\u00bbDirectos Cienci@ULL\u00bb google_fonts=\u00bbfont_family:Roboto%20Slab%3A100%2C300%2Cregular%2C700|font_style:700%20bold%20regular%3A700%3Anormal\u00bb][vc_column_text]MacaroNight es una iniciativa enmarcada en la \u201cNoche Europea de los Investigadores\u201d que se celebra el \u00faltimo viernes de cada septiembre en m\u00e1s de 300 ciudades desde el a\u00f1o 2018. Su objetivo es \u201cdifundir la actividad investigadora que se desarrolla en las universidades y centros de I+D europeos, de una forma cercana y atractiva, y fomentar las vocaciones cient\u00edficas entre los y las j\u00f3venes\u201d.<\/p>\n<p>Podr\u00e1s ver este acto en directo desde el Paraninfo de la Universidad de La Laguna, hoy 27 de noviembre de 2020. \u00a1Te esperamos![\/vc_column_text][vc_video link=\u00bbhttps:\/\/youtu.be\/ISCeyCyF6ZU\u00bb][vc_empty_space height=\u00bb30&#8243;][vc_wp_text]<\/p>\n<p style=\"text-align: center\"><span style=\"color: #0000ff\"><strong>PROGRAMA<\/strong><\/span><\/p>\n<p><strong>17:30 -18:30 h<\/strong> <strong>LA CIENCIA DE LA PALABRA: la ciencia se escribe en femenino<\/strong><\/p>\n<p><strong>Ponente<\/strong>: Cristina Temprano<\/p>\n<p><strong>Resumen:<\/strong> \u00a0Muchos descubrimientos cient\u00edficos han sido realizados por mujeres, sin embargo, sus logros han sido silenciados por quienes escribieron la historia de la humanidad. Astronautas, f\u00edsicas, matem\u00e1ticas, bi\u00f3logas, inform\u00e1ticas, astr\u00f3nomas\u2026, sus vidas y sus trayectorias en el campo de la ciencia, resultan apasionantes. Hablemos de ellas, contemos qu\u00e9 hicieron, c\u00f3mo lograron dedicarse a sus respectivas vocaciones dentro de una sociedad que menospreciaba su val\u00eda. Contemos una historia de la ciencia donde no falten las mujeres.<\/p>\n<p>Una f\u00f3rmula intermedia entre narrativa y espect\u00e1culo ser\u00e1 conducida por Cristina Temprano, narradora oral e investigadora, autora de una tesis doctoral dedicada al papel social de la narraci\u00f3n oral en la sociedad del siglo XXI. Proponemos introducir la palabra narrada, la oralidad, la narraci\u00f3n oral, tomando en cuenta su relevancia como veh\u00edculo transmisor del conocimiento y su categor\u00eda de patrimonio inmaterial de la humanidad.<\/p>\n<p><strong>19:00 -21:00 h Charlitas con cient\u00edfic@s<\/strong><\/p>\n<p><strong>19:00 -19:10 h Decodificando el gen emprendedor <\/strong><\/p>\n<p>Cient\u00edfico: Francisco Garc\u00eda, Investigador principal del Grupo de investigaci\u00f3n empresa y sociedad y profesor titular de organizaci\u00f3n de empresas de la Universidad de La Laguna<\/p>\n<p><strong>19:15 -19:25 h Control de las enfermedades tropicales en Canarias<\/strong><\/p>\n<p>Cient\u00edfica: Mar\u00eda Reyes Batlle, investigadora Postdoctoral de la Red de Investigaci\u00f3n Cooperativa de Enfermedades Tropicales (RICET) de la Universidad de La Laguna<\/p>\n<p><strong>19:30 -19:40 h Creando experiencias digitales para las personas<\/strong><\/p>\n<p>Cient\u00edfica: Carina Gonz\u00e1lez, catedr\u00e1tica del Departamento de Ingenier\u00eda Inform\u00e1tica y de Sistemas de la Universidad de La Laguna<\/p>\n<p><strong>19:45 -19:55 h PETeR: investigar el Universo desde el aula<\/strong><\/p>\n<p>Cient\u00edfica: Nayra Rodr\u00edguez Eugenio, Astrof\u00edsica y divulgadora cient\u00edfica del IAC<\/p>\n<p><strong>20:00 -20:10 h Cefal\u00f3podos: cerebros y comportamientos complejos en animales invertebrados<\/strong><\/p>\n<p>Cient\u00edfico: Eduardo Almansa Berro, Cient\u00edfico Titular del IEO<\/p>\n<p><strong>20:15 -20:25 h Cristales y Medioambiente<\/strong><\/p>\n<p>Cient\u00edficos: Ver\u00f3nica Pino y Jorge Pasan investigadores de la Universidad de La Laguna<\/p>\n<p><strong>20:30 -20:40 h La investigaci\u00f3n y la sanidad vegetal. El caso de las bacterias del g\u00e9nero &#8216;Candidatus Liberibacter spp&#8217;<\/strong><\/p>\n<p>Cient\u00edfica: Mar\u00eda Quintana Gonz\u00e1lez de Chaves, investigadora de la Universidad de La Laguna<\/p>\n<p><strong>20:45 -20:55 h Carpinter\u00eda lum\u00ednica: las bases de la Astrof\u00edsica<\/strong><\/p>\n<p>Cient\u00edfico: Antonio Manuel Eff-Darwich Pe\u00f1a, Profesor Contratado Doctor de la Universidad de La Laguna<\/p>\n<p><strong>21:00 -21:10 h Camellos que curan<\/strong><\/p>\n<p>Cient\u00edfico: V\u00edctor G Tagua, investigador \u201cAgust\u00edn de Betancourt\u201d de la Universidad de La Laguna<\/p>\n<p><strong>21:00 -22:00 h Comunicaci\u00f3n de los y las ganadores del Concurso de Divulgaci\u00f3n Cienci@ULL y maletas cient\u00edficas. <\/strong>[\/vc_wp_text][\/vc_column][\/vc_row][vc_row][vc_column offset=\u00bbvc_col-xs-4\/5&#8243;][\/vc_column][\/vc_row]<\/p>\n","protected":false},"excerpt":{"rendered":"<p>[vc_row][vc_column][vc_separator color=\u00bbsky\u00bb border_width=\u00bb10&#8243;][vc_empty_space height=\u00bb20&#8243;][vc_custom_heading text=\u00bbDirectos Cienci@ULL\u00bb google_fonts=\u00bbfont_family:Roboto%20Slab%3A100%2C300%2Cregular%2C700|font_style:700%20bold%20regular%3A700%3Anormal\u00bb][vc_column_text]MacaroNight es una iniciativa enmarcada en la \u201cNoche Europea de los Investigadores\u201d que se celebra el \u00faltimo viernes de cada septiembre en m\u00e1s de 300 ciudades desde el a\u00f1o 2018. Su objetivo es \u201cdifundir la actividad investigadora que se desarrolla en las universidades y centros de I+D europeos, de&#8230;<\/p>\n","protected":false},"author":56,"featured_media":0,"parent":0,"menu_order":0,"comment_status":"closed","ping_status":"closed","template":"templates\/cienciaull.php","meta":{"inline_featured_image":false,"footnotes":""},"acf":[],"yoast_head":"<!-- This site is optimized with the Yoast SEO plugin v21.3 - https:\/\/yoast.com\/wordpress\/plugins\/seo\/ -->\n<title>Directos -<\/title>\n<meta name=\"robots\" content=\"index, follow, max-snippet:-1, max-image-preview:large, max-video-preview:-1\" \/>\n<link rel=\"canonical\" href=\"https:\/\/www.ull.es\/portal\/cienciaull\/directos\/\" \/>\n<meta property=\"og:locale\" content=\"es_ES\" \/>\n<meta property=\"og:type\" content=\"article\" \/>\n<meta property=\"og:title\" content=\"Directos -\" \/>\n<meta property=\"og:description\" content=\"[vc_row][vc_column][vc_separator color=\u00bbsky\u00bb border_width=\u00bb10&#8243;][vc_empty_space height=\u00bb20&#8243;][vc_custom_heading text=\u00bbDirectos Cienci@ULL\u00bb google_fonts=\u00bbfont_family:Roboto%20Slab%3A100%2C300%2Cregular%2C700|font_style:700%20bold%20regular%3A700%3Anormal\u00bb][vc_column_text]MacaroNight es una iniciativa enmarcada en la \u201cNoche Europea de los Investigadores\u201d que se celebra el \u00faltimo viernes de cada septiembre en m\u00e1s de 300 ciudades desde el a\u00f1o 2018. Su objetivo es \u201cdifundir la actividad investigadora que se desarrolla en las universidades y centros de I+D europeos, de...\" \/>\n<meta property=\"og:url\" content=\"https:\/\/www.ull.es\/portal\/cienciaull\/directos\/\" \/>\n<meta property=\"article:publisher\" content=\"https:\/\/www.facebook.com\/CienciaULL\/\" \/>\n<meta property=\"article:modified_time\" content=\"2020-11-27T13:52:01+00:00\" \/>\n<meta name=\"twitter:card\" content=\"summary_large_image\" \/>\n<meta name=\"twitter:site\" content=\"@CienciaULL\" \/>\n<meta name=\"twitter:label1\" content=\"Tiempo de lectura\" \/>\n\t<meta name=\"twitter:data1\" content=\"3 minutos\" \/>\n<script type=\"application\/ld+json\" class=\"yoast-schema-graph\">{\"@context\":\"https:\/\/schema.org\",\"@graph\":[{\"@type\":\"WebPage\",\"@id\":\"https:\/\/www.ull.es\/portal\/cienciaull\/directos\/\",\"url\":\"https:\/\/www.ull.es\/portal\/cienciaull\/directos\/\",\"name\":\"Directos -\",\"isPartOf\":{\"@id\":\"https:\/\/www.ull.es\/portal\/cienciaull\/#website\"},\"datePublished\":\"2020-09-30T11:03:57+00:00\",\"dateModified\":\"2020-11-27T13:52:01+00:00\",\"breadcrumb\":{\"@id\":\"https:\/\/www.ull.es\/portal\/cienciaull\/directos\/#breadcrumb\"},\"inLanguage\":\"es\",\"potentialAction\":[{\"@type\":\"ReadAction\",\"target\":[\"https:\/\/www.ull.es\/portal\/cienciaull\/directos\/\"]}]},{\"@type\":\"BreadcrumbList\",\"@id\":\"https:\/\/www.ull.es\/portal\/cienciaull\/directos\/#breadcrumb\",\"itemListElement\":[{\"@type\":\"ListItem\",\"position\":1,\"name\":\"Portada\",\"item\":\"https:\/\/www.ull.es\/portal\/cienciaull\/\"},{\"@type\":\"ListItem\",\"position\":2,\"name\":\"Directos\"}]},{\"@type\":\"WebSite\",\"@id\":\"https:\/\/www.ull.es\/portal\/cienciaull\/#website\",\"url\":\"https:\/\/www.ull.es\/portal\/cienciaull\/\",\"name\":\"\",\"description\":\"Unidad de Cultura Cient\u00edfica y de la Innovaci\u00f3n de la Universidad de La Laguna\",\"potentialAction\":[{\"@type\":\"SearchAction\",\"target\":{\"@type\":\"EntryPoint\",\"urlTemplate\":\"https:\/\/www.ull.es\/portal\/cienciaull\/?s={search_term_string}\"},\"query-input\":\"required name=search_term_string\"}],\"inLanguage\":\"es\"}]}<\/script>\n<!-- \/ Yoast SEO plugin. -->","yoast_head_json":{"title":"Directos -","robots":{"index":"index","follow":"follow","max-snippet":"max-snippet:-1","max-image-preview":"max-image-preview:large","max-video-preview":"max-video-preview:-1"},"canonical":"https:\/\/www.ull.es\/portal\/cienciaull\/directos\/","og_locale":"es_ES","og_type":"article","og_title":"Directos -","og_description":"[vc_row][vc_column][vc_separator color=\u00bbsky\u00bb border_width=\u00bb10&#8243;][vc_empty_space height=\u00bb20&#8243;][vc_custom_heading text=\u00bbDirectos Cienci@ULL\u00bb google_fonts=\u00bbfont_family:Roboto%20Slab%3A100%2C300%2Cregular%2C700|font_style:700%20bold%20regular%3A700%3Anormal\u00bb][vc_column_text]MacaroNight es una iniciativa enmarcada en la \u201cNoche Europea de los Investigadores\u201d que se celebra el \u00faltimo viernes de cada septiembre en m\u00e1s de 300 ciudades desde el a\u00f1o 2018. Su objetivo es \u201cdifundir la actividad investigadora que se desarrolla en las universidades y centros de I+D europeos, de...","og_url":"https:\/\/www.ull.es\/portal\/cienciaull\/directos\/","article_publisher":"https:\/\/www.facebook.com\/CienciaULL\/","article_modified_time":"2020-11-27T13:52:01+00:00","twitter_card":"summary_large_image","twitter_site":"@CienciaULL","twitter_misc":{"Tiempo de lectura":"3 minutos"},"schema":{"@context":"https:\/\/schema.org","@graph":[{"@type":"WebPage","@id":"https:\/\/www.ull.es\/portal\/cienciaull\/directos\/","url":"https:\/\/www.ull.es\/portal\/cienciaull\/directos\/","name":"Directos -","isPartOf":{"@id":"https:\/\/www.ull.es\/portal\/cienciaull\/#website"},"datePublished":"2020-09-30T11:03:57+00:00","dateModified":"2020-11-27T13:52:01+00:00","breadcrumb":{"@id":"https:\/\/www.ull.es\/portal\/cienciaull\/directos\/#breadcrumb"},"inLanguage":"es","potentialAction":[{"@type":"ReadAction","target":["https:\/\/www.ull.es\/portal\/cienciaull\/directos\/"]}]},{"@type":"BreadcrumbList","@id":"https:\/\/www.ull.es\/portal\/cienciaull\/directos\/#breadcrumb","itemListElement":[{"@type":"ListItem","position":1,"name":"Portada","item":"https:\/\/www.ull.es\/portal\/cienciaull\/"},{"@type":"ListItem","position":2,"name":"Directos"}]},{"@type":"WebSite","@id":"https:\/\/www.ull.es\/portal\/cienciaull\/#website","url":"https:\/\/www.ull.es\/portal\/cienciaull\/","name":"","description":"Unidad de Cultura Cient\u00edfica y de la Innovaci\u00f3n de la Universidad de La Laguna","potentialAction":[{"@type":"SearchAction","target":{"@type":"EntryPoint","urlTemplate":"https:\/\/www.ull.es\/portal\/cienciaull\/?s={search_term_string}"},"query-input":"required name=search_term_string"}],"inLanguage":"es"}]}},"_links":{"self":[{"href":"https:\/\/www.ull.es\/portal\/cienciaull\/wp-json\/wp\/v2\/pages\/8891"}],"collection":[{"href":"https:\/\/www.ull.es\/portal\/cienciaull\/wp-json\/wp\/v2\/pages"}],"about":[{"href":"https:\/\/www.ull.es\/portal\/cienciaull\/wp-json\/wp\/v2\/types\/page"}],"author":[{"embeddable":true,"href":"https:\/\/www.ull.es\/portal\/cienciaull\/wp-json\/wp\/v2\/users\/56"}],"replies":[{"embeddable":true,"href":"https:\/\/www.ull.es\/portal\/cienciaull\/wp-json\/wp\/v2\/comments?post=8891"}],"version-history":[{"count":66,"href":"https:\/\/www.ull.es\/portal\/cienciaull\/wp-json\/wp\/v2\/pages\/8891\/revisions"}],"predecessor-version":[{"id":10496,"href":"https:\/\/www.ull.es\/portal\/cienciaull\/wp-json\/wp\/v2\/pages\/8891\/revisions\/10496"}],"wp:attachment":[{"href":"https:\/\/www.ull.es\/portal\/cienciaull\/wp-json\/wp\/v2\/media?parent=8891"}],"curies":[{"name":"wp","href":"https:\/\/api.w.org\/{rel}","templated":true}]}}