{"id":8906,"date":"2020-09-30T12:59:11","date_gmt":"2020-09-30T12:59:11","guid":{"rendered":"https:\/\/www.ull.es\/portal\/cienciaull\/?page_id=8906"},"modified":"2021-04-06T12:37:12","modified_gmt":"2021-04-06T12:37:12","slug":"desde-newton-al-laser-y-la-fotosintesis-artificial","status":"publish","type":"page","link":"https:\/\/www.ull.es\/portal\/cienciaull\/desde-newton-al-laser-y-la-fotosintesis-artificial\/","title":{"rendered":"Desde Newton al L\u00e1ser y la Fotos\u00edntesis Artificial"},"content":{"rendered":"<p>[vc_row][vc_column][vc_empty_space height=\u00bb20px\u00bb][vc_single_image image=\u00bb8919&#8243; img_size=\u00bb1600&#215;800&#8243; alignment=\u00bbcenter\u00bb][vc_empty_space height=\u00bb20px\u00bb][vc_custom_heading text=\u00bbDesde Newton al L\u00e1ser y la Fotos\u00edntesis Artificial\u00bb font_container=\u00bbtag:h1|text_align:center\u00bb google_fonts=\u00bbfont_family:Roboto%20Slab%3A100%2C300%2Cregular%2C700|font_style:700%20bold%20regular%3A700%3Anormal\u00bb][\/vc_column][\/vc_row][vc_row][vc_column width=\u00bb2\/3&#8243;][vc_empty_space height=\u00bb10px\u00bb][vc_custom_heading text=\u00bbPresentaci\u00f3n\u00bb font_container=\u00bbtag:h3|text_align:left\u00bb google_fonts=\u00bbfont_family:Roboto%20Slab%3A100%2C300%2Cregular%2C700|font_style:700%20bold%20regular%3A700%3Anormal\u00bb][vc_empty_space height=\u00bb20px\u00bb][vc_column_text css=\u00bb.vc_custom_1601557357439{margin-top: -25px !important;border-top-width: -25px !important;padding-top: -25px !important;}\u00bb]<\/p>\n<p style=\"text-align: justify\">En el a\u00f1o 1666, Una pandemia de peste bub\u00f3nica asola Europa. La Universidades cierran y un joven Isaac Newton con 24 a\u00f1os se ve obligado a confinarse en su casa natal del Woolsthorpe, Inglaterra. Con su inspiraci\u00f3n, estudio y \u201cvisi\u00f3n de gigante\u201d dio lugar a una revoluci\u00f3n cient\u00edfica que cambi\u00f3 el mundo para siempre, sentando los principios de la Ciencia con may\u00fasculas que hoy conocemos. Desde las mareas, la gravitaci\u00f3n universal y el c\u00e1lculo infinitesimal hasta las \u00f3rbitas de los planetas y el estudio de la LUZ.<\/p>\n<p style=\"text-align: justify\">En esta sesi\u00f3n acad\u00e9mica haremos un viaje en el tiempo de la mano de la LUZ, desde los prismas de Newton hasta el L\u00e1ser de Einstein, desde el efecto fotoel\u00e9ctrico a las placas solares fotovoltaicas y a la Fotos\u00edntesis Artificial, dominando el secreto mejor guardado de las plantas para almacenar la energ\u00eda solar. Un viaje con la LUZ hacia el futuro y las prometedoras aplicaciones fot\u00f3nicas en energ\u00edas renovables y en biomedicina.<\/p>\n<p style=\"text-align: justify\">Descomponiendo la LUZ para entender su naturaleza, \u201cconfinando\u201d la luz para comunicarnos con fibra \u00f3ptica, generando y almacenando energ\u00eda con la luz y curando con la luz. LUZ, desde Newton al L\u00e1ser y la Fotos\u00edntesis Artificial.<\/p>\n<p style=\"text-align: justify\">Para ello, contaremos con el<strong> Dr. Jorge M\u00e9ndez Ramos de Universidad de La Laguna (Tenerife)<\/strong> y <strong>Dr. Amador Men\u00e9ndez Vel\u00e1zquez del Centro Tecnol\u00f3gico IDONIAL<\/strong> (Asturias) como ponentes de esta jornada.<\/p>\n<p>[\/vc_column_text][vc_btn title=\u00bbConsultar biograf\u00eda ponentes\u00bb color=\u00bbsky\u00bb size=\u00bblg\u00bb align=\u00bbcenter\u00bb link=\u00bburl:https%3A%2F%2Fwww.ull.es%2Fportal%2Fcienciaull%2Fponentes%2F\u00bb][vc_empty_space height=\u00bb20px\u00bb][vc_column_text css=\u00bb.vc_custom_1617712575043{margin-top: -25px !important;border-top-width: -25px !important;padding-top: -25px !important;}\u00bb]<\/p>\n<p style=\"text-align: justify\">Esta actividad es organizada por la <a href=\"https:\/\/www.ull.es\/\" target=\"_blank\" rel=\"noopener\">Universidad de La Laguna<\/a>, con la colaboraci\u00f3n de la Facultad de Ciencias, Escuela Superior de Ingenier\u00eda y Tecnolog\u00eda, la <a href=\"https:\/\/fg.ull.es\/\" target=\"_blank\" rel=\"noopener\">Fundaci\u00f3n General de la Universidad de La Laguna<\/a>; a trav\u00e9s de <a href=\"https:\/\/www.ull.es\/portal\/cienciaull\/\" target=\"_blank\" rel=\"noopener\">Cienci@ULL<\/a>; <a href=\"http:\/\/rac-ciencias.org\/\" target=\"_blank\" rel=\"noopener\">Real Academia Canarias de Ciencias<\/a> y <a href=\"http:\/\/www.rtvc.es\/\" target=\"_blank\" rel=\"noopener\">Radio Televisi\u00f3n Canaria<\/a>.<\/p>\n<p style=\"text-align: justify\"><strong>Fecha y hora:<\/strong> 27 de mayo de 2021, a partir de 17: 00 h.<\/p>\n<p style=\"text-align: justify\"><strong>Lugar:<\/strong> Paraninfo ULL<\/p>\n<p style=\"text-align: justify\"><strong>Dirigido a:<\/strong> Alumnado de nuevo ingreso de la Facultad de Ciencias y la Escuela Superior de Ingenier\u00eda y Tecnolog\u00eda<\/p>\n<p>[\/vc_column_text][\/vc_column][vc_column width=\u00bb1\/3&#8243;][vc_empty_space height=\u00bb80px\u00bb][vc_video link=\u00bbhttps:\/\/youtu.be\/YiUaAv6R9A8 \u00ab][vc_empty_space height=\u00bb40px\u00bb][vc_custom_heading text=\u00bbOrganiza:\u00bb font_container=\u00bbtag:h2|text_align:center\u00bb google_fonts=\u00bbfont_family:Roboto%20Slab%3A100%2C300%2Cregular%2C700|font_style:700%20bold%20regular%3A700%3Anormal\u00bb css=\u00bb.vc_custom_1601478207117{margin-bottom: 0px !important;border-bottom-width: 0px !important;padding-bottom: 0px !important;}\u00bb][vc_single_image image=\u00bb8997&#8243; img_size=\u00bbmedium\u00bb alignment=\u00bbcenter\u00bb css=\u00bb.vc_custom_1601478216854{margin-top: 0px !important;border-top-width: 0px !important;padding-top: 0px !important;}\u00bb][vc_single_image image=\u00bb9102&#8243; img_size=\u00bbmedium\u00bb alignment=\u00bbcenter\u00bb css=\u00bb.vc_custom_1601923833402{margin-top: 0px !important;border-top-width: 0px !important;padding-top: 0px !important;}\u00bb][vc_empty_space height=\u00bb20px\u00bb][vc_custom_heading text=\u00bbColabora:\u00bb font_container=\u00bbtag:h2|text_align:center\u00bb google_fonts=\u00bbfont_family:Roboto%20Slab%3A100%2C300%2Cregular%2C700|font_style:700%20bold%20regular%3A700%3Anormal\u00bb css=\u00bb.vc_custom_1601478603590{margin-bottom: 10px !important;border-bottom-width: 10px !important;padding-bottom: 10px !important;}\u00bb][vc_single_image image=\u00bb8949&#8243; img_size=\u00bbmedium\u00bb alignment=\u00bbcenter\u00bb][vc_empty_space height=\u00bb20px\u00bb][vc_single_image image=\u00bb8950&#8243; img_size=\u00bbmedium\u00bb alignment=\u00bbcenter\u00bb][vc_empty_space height=\u00bb20px\u00bb][vc_single_image image=\u00bb8951&#8243; img_size=\u00bbmedium\u00bb alignment=\u00bbcenter\u00bb][vc_empty_space height=\u00bb20px\u00bb][vc_single_image image=\u00bb8971&#8243; img_size=\u00bbmedium\u00bb alignment=\u00bbcenter\u00bb][vc_empty_space height=\u00bb20px\u00bb][vc_single_image image=\u00bb8954&#8243; img_size=\u00bbmedium\u00bb alignment=\u00bbcenter\u00bb][\/vc_column][\/vc_row]<\/p>\n","protected":false},"excerpt":{"rendered":"<p>[vc_row][vc_column][vc_empty_space height=\u00bb20px\u00bb][vc_single_image image=\u00bb8919&#8243; img_size=\u00bb1600&#215;800&#8243; alignment=\u00bbcenter\u00bb][vc_empty_space height=\u00bb20px\u00bb][vc_custom_heading text=\u00bbDesde Newton al L\u00e1ser y la Fotos\u00edntesis Artificial\u00bb font_container=\u00bbtag:h1|text_align:center\u00bb google_fonts=\u00bbfont_family:Roboto%20Slab%3A100%2C300%2Cregular%2C700|font_style:700%20bold%20regular%3A700%3Anormal\u00bb][\/vc_column][\/vc_row][vc_row][vc_column width=\u00bb2\/3&#8243;][vc_empty_space height=\u00bb10px\u00bb][vc_custom_heading text=\u00bbPresentaci\u00f3n\u00bb font_container=\u00bbtag:h3|text_align:left\u00bb google_fonts=\u00bbfont_family:Roboto%20Slab%3A100%2C300%2Cregular%2C700|font_style:700%20bold%20regular%3A700%3Anormal\u00bb][vc_empty_space height=\u00bb20px\u00bb][vc_column_text css=\u00bb.vc_custom_1601557357439{margin-top: -25px !important;border-top-width: -25px !important;padding-top: -25px !important;}\u00bb] En el a\u00f1o 1666, Una pandemia de peste bub\u00f3nica asola Europa. La Universidades cierran y un joven Isaac Newton con 24 a\u00f1os se ve obligado a&#8230;<\/p>\n","protected":false},"author":56,"featured_media":0,"parent":0,"menu_order":0,"comment_status":"closed","ping_status":"closed","template":"templates\/cienciaull.php","meta":{"inline_featured_image":false,"footnotes":""},"acf":[],"yoast_head":"<!-- This site is optimized with the Yoast SEO plugin v21.3 - https:\/\/yoast.com\/wordpress\/plugins\/seo\/ -->\n<title>Desde Newton al L\u00e1ser y la Fotos\u00edntesis Artificial -<\/title>\n<meta name=\"robots\" content=\"index, follow, max-snippet:-1, max-image-preview:large, max-video-preview:-1\" \/>\n<link rel=\"canonical\" href=\"https:\/\/www.ull.es\/portal\/cienciaull\/desde-newton-al-laser-y-la-fotosintesis-artificial\/\" \/>\n<meta property=\"og:locale\" content=\"es_ES\" \/>\n<meta property=\"og:type\" content=\"article\" \/>\n<meta property=\"og:title\" content=\"Desde Newton al L\u00e1ser y la Fotos\u00edntesis Artificial -\" \/>\n<meta property=\"og:description\" content=\"[vc_row][vc_column][vc_empty_space height=\u00bb20px\u00bb][vc_single_image image=\u00bb8919&#8243; img_size=\u00bb1600&#215;800&#8243; alignment=\u00bbcenter\u00bb][vc_empty_space height=\u00bb20px\u00bb][vc_custom_heading text=\u00bbDesde Newton al L\u00e1ser y la Fotos\u00edntesis Artificial\u00bb font_container=\u00bbtag:h1|text_align:center\u00bb google_fonts=\u00bbfont_family:Roboto%20Slab%3A100%2C300%2Cregular%2C700|font_style:700%20bold%20regular%3A700%3Anormal\u00bb][\/vc_column][\/vc_row][vc_row][vc_column width=\u00bb2\/3&#8243;][vc_empty_space height=\u00bb10px\u00bb][vc_custom_heading text=\u00bbPresentaci\u00f3n\u00bb font_container=\u00bbtag:h3|text_align:left\u00bb google_fonts=\u00bbfont_family:Roboto%20Slab%3A100%2C300%2Cregular%2C700|font_style:700%20bold%20regular%3A700%3Anormal\u00bb][vc_empty_space height=\u00bb20px\u00bb][vc_column_text css=\u00bb.vc_custom_1601557357439{margin-top: -25px !important;border-top-width: -25px !important;padding-top: -25px !important;}\u00bb] En el a\u00f1o 1666, Una pandemia de peste bub\u00f3nica asola Europa. La Universidades cierran y un joven Isaac Newton con 24 a\u00f1os se ve obligado a...\" \/>\n<meta property=\"og:url\" content=\"https:\/\/www.ull.es\/portal\/cienciaull\/desde-newton-al-laser-y-la-fotosintesis-artificial\/\" \/>\n<meta property=\"article:publisher\" content=\"https:\/\/www.facebook.com\/CienciaULL\/\" \/>\n<meta property=\"article:modified_time\" content=\"2021-04-06T12:37:12+00:00\" \/>\n<meta name=\"twitter:card\" content=\"summary_large_image\" \/>\n<meta name=\"twitter:site\" content=\"@CienciaULL\" \/>\n<meta name=\"twitter:label1\" content=\"Tiempo de lectura\" \/>\n\t<meta name=\"twitter:data1\" content=\"2 minutos\" \/>\n<script type=\"application\/ld+json\" class=\"yoast-schema-graph\">{\"@context\":\"https:\/\/schema.org\",\"@graph\":[{\"@type\":\"WebPage\",\"@id\":\"https:\/\/www.ull.es\/portal\/cienciaull\/desde-newton-al-laser-y-la-fotosintesis-artificial\/\",\"url\":\"https:\/\/www.ull.es\/portal\/cienciaull\/desde-newton-al-laser-y-la-fotosintesis-artificial\/\",\"name\":\"Desde Newton al L\u00e1ser y la Fotos\u00edntesis Artificial -\",\"isPartOf\":{\"@id\":\"https:\/\/www.ull.es\/portal\/cienciaull\/#website\"},\"datePublished\":\"2020-09-30T12:59:11+00:00\",\"dateModified\":\"2021-04-06T12:37:12+00:00\",\"breadcrumb\":{\"@id\":\"https:\/\/www.ull.es\/portal\/cienciaull\/desde-newton-al-laser-y-la-fotosintesis-artificial\/#breadcrumb\"},\"inLanguage\":\"es\",\"potentialAction\":[{\"@type\":\"ReadAction\",\"target\":[\"https:\/\/www.ull.es\/portal\/cienciaull\/desde-newton-al-laser-y-la-fotosintesis-artificial\/\"]}]},{\"@type\":\"BreadcrumbList\",\"@id\":\"https:\/\/www.ull.es\/portal\/cienciaull\/desde-newton-al-laser-y-la-fotosintesis-artificial\/#breadcrumb\",\"itemListElement\":[{\"@type\":\"ListItem\",\"position\":1,\"name\":\"Portada\",\"item\":\"https:\/\/www.ull.es\/portal\/cienciaull\/\"},{\"@type\":\"ListItem\",\"position\":2,\"name\":\"Desde Newton al L\u00e1ser y la Fotos\u00edntesis Artificial\"}]},{\"@type\":\"WebSite\",\"@id\":\"https:\/\/www.ull.es\/portal\/cienciaull\/#website\",\"url\":\"https:\/\/www.ull.es\/portal\/cienciaull\/\",\"name\":\"\",\"description\":\"Unidad de Cultura Cient\u00edfica y de la Innovaci\u00f3n de la Universidad de La Laguna\",\"potentialAction\":[{\"@type\":\"SearchAction\",\"target\":{\"@type\":\"EntryPoint\",\"urlTemplate\":\"https:\/\/www.ull.es\/portal\/cienciaull\/?s={search_term_string}\"},\"query-input\":\"required name=search_term_string\"}],\"inLanguage\":\"es\"}]}<\/script>\n<!-- \/ Yoast SEO plugin. -->","yoast_head_json":{"title":"Desde Newton al L\u00e1ser y la Fotos\u00edntesis Artificial -","robots":{"index":"index","follow":"follow","max-snippet":"max-snippet:-1","max-image-preview":"max-image-preview:large","max-video-preview":"max-video-preview:-1"},"canonical":"https:\/\/www.ull.es\/portal\/cienciaull\/desde-newton-al-laser-y-la-fotosintesis-artificial\/","og_locale":"es_ES","og_type":"article","og_title":"Desde Newton al L\u00e1ser y la Fotos\u00edntesis Artificial -","og_description":"[vc_row][vc_column][vc_empty_space height=\u00bb20px\u00bb][vc_single_image image=\u00bb8919&#8243; img_size=\u00bb1600&#215;800&#8243; alignment=\u00bbcenter\u00bb][vc_empty_space height=\u00bb20px\u00bb][vc_custom_heading text=\u00bbDesde Newton al L\u00e1ser y la Fotos\u00edntesis Artificial\u00bb font_container=\u00bbtag:h1|text_align:center\u00bb google_fonts=\u00bbfont_family:Roboto%20Slab%3A100%2C300%2Cregular%2C700|font_style:700%20bold%20regular%3A700%3Anormal\u00bb][\/vc_column][\/vc_row][vc_row][vc_column width=\u00bb2\/3&#8243;][vc_empty_space height=\u00bb10px\u00bb][vc_custom_heading text=\u00bbPresentaci\u00f3n\u00bb font_container=\u00bbtag:h3|text_align:left\u00bb google_fonts=\u00bbfont_family:Roboto%20Slab%3A100%2C300%2Cregular%2C700|font_style:700%20bold%20regular%3A700%3Anormal\u00bb][vc_empty_space height=\u00bb20px\u00bb][vc_column_text css=\u00bb.vc_custom_1601557357439{margin-top: -25px !important;border-top-width: -25px !important;padding-top: -25px !important;}\u00bb] En el a\u00f1o 1666, Una pandemia de peste bub\u00f3nica asola Europa. La Universidades cierran y un joven Isaac Newton con 24 a\u00f1os se ve obligado a...","og_url":"https:\/\/www.ull.es\/portal\/cienciaull\/desde-newton-al-laser-y-la-fotosintesis-artificial\/","article_publisher":"https:\/\/www.facebook.com\/CienciaULL\/","article_modified_time":"2021-04-06T12:37:12+00:00","twitter_card":"summary_large_image","twitter_site":"@CienciaULL","twitter_misc":{"Tiempo de lectura":"2 minutos"},"schema":{"@context":"https:\/\/schema.org","@graph":[{"@type":"WebPage","@id":"https:\/\/www.ull.es\/portal\/cienciaull\/desde-newton-al-laser-y-la-fotosintesis-artificial\/","url":"https:\/\/www.ull.es\/portal\/cienciaull\/desde-newton-al-laser-y-la-fotosintesis-artificial\/","name":"Desde Newton al L\u00e1ser y la Fotos\u00edntesis Artificial -","isPartOf":{"@id":"https:\/\/www.ull.es\/portal\/cienciaull\/#website"},"datePublished":"2020-09-30T12:59:11+00:00","dateModified":"2021-04-06T12:37:12+00:00","breadcrumb":{"@id":"https:\/\/www.ull.es\/portal\/cienciaull\/desde-newton-al-laser-y-la-fotosintesis-artificial\/#breadcrumb"},"inLanguage":"es","potentialAction":[{"@type":"ReadAction","target":["https:\/\/www.ull.es\/portal\/cienciaull\/desde-newton-al-laser-y-la-fotosintesis-artificial\/"]}]},{"@type":"BreadcrumbList","@id":"https:\/\/www.ull.es\/portal\/cienciaull\/desde-newton-al-laser-y-la-fotosintesis-artificial\/#breadcrumb","itemListElement":[{"@type":"ListItem","position":1,"name":"Portada","item":"https:\/\/www.ull.es\/portal\/cienciaull\/"},{"@type":"ListItem","position":2,"name":"Desde Newton al L\u00e1ser y la Fotos\u00edntesis Artificial"}]},{"@type":"WebSite","@id":"https:\/\/www.ull.es\/portal\/cienciaull\/#website","url":"https:\/\/www.ull.es\/portal\/cienciaull\/","name":"","description":"Unidad de Cultura Cient\u00edfica y de la Innovaci\u00f3n de la Universidad de La Laguna","potentialAction":[{"@type":"SearchAction","target":{"@type":"EntryPoint","urlTemplate":"https:\/\/www.ull.es\/portal\/cienciaull\/?s={search_term_string}"},"query-input":"required name=search_term_string"}],"inLanguage":"es"}]}},"_links":{"self":[{"href":"https:\/\/www.ull.es\/portal\/cienciaull\/wp-json\/wp\/v2\/pages\/8906"}],"collection":[{"href":"https:\/\/www.ull.es\/portal\/cienciaull\/wp-json\/wp\/v2\/pages"}],"about":[{"href":"https:\/\/www.ull.es\/portal\/cienciaull\/wp-json\/wp\/v2\/types\/page"}],"author":[{"embeddable":true,"href":"https:\/\/www.ull.es\/portal\/cienciaull\/wp-json\/wp\/v2\/users\/56"}],"replies":[{"embeddable":true,"href":"https:\/\/www.ull.es\/portal\/cienciaull\/wp-json\/wp\/v2\/comments?post=8906"}],"version-history":[{"count":94,"href":"https:\/\/www.ull.es\/portal\/cienciaull\/wp-json\/wp\/v2\/pages\/8906\/revisions"}],"predecessor-version":[{"id":11181,"href":"https:\/\/www.ull.es\/portal\/cienciaull\/wp-json\/wp\/v2\/pages\/8906\/revisions\/11181"}],"wp:attachment":[{"href":"https:\/\/www.ull.es\/portal\/cienciaull\/wp-json\/wp\/v2\/media?parent=8906"}],"curies":[{"name":"wp","href":"https:\/\/api.w.org\/{rel}","templated":true}]}}