{"id":9121,"date":"2020-10-06T11:11:07","date_gmt":"2020-10-06T11:11:07","guid":{"rendered":"https:\/\/www.ull.es\/portal\/cienciaull\/?page_id=9121"},"modified":"2020-10-19T10:09:18","modified_gmt":"2020-10-19T10:09:18","slug":"rutas-cientificas-de-la-macaronesia","status":"publish","type":"page","link":"https:\/\/www.ull.es\/portal\/cienciaull\/rutas-cientificas-de-la-macaronesia\/","title":{"rendered":"Rutas Cient\u00edficas de la Macaronesia"},"content":{"rendered":"<p>[vc_row][vc_column]\n<div id=\"rev_slider_51_1_wrapper\" class=\"rev_slider_wrapper fullwidthbanner-container\" data-source=\"gallery\" style=\"margin:0px auto;background:transparent;padding:0px;margin-top:0px;margin-bottom:0px;\">\n<!-- START REVOLUTION SLIDER 5.4.7.3 auto mode -->\n\t<div id=\"rev_slider_51_1\" class=\"rev_slider fullwidthabanner\" style=\"display:none;\" data-version=\"5.4.7.3\">\n<ul>\t<!-- SLIDE  -->\n\t<li data-index=\"rs-76\" data-transition=\"fade\" data-slotamount=\"default\" data-hideafterloop=\"0\" data-hideslideonmobile=\"off\"  data-easein=\"default\" data-easeout=\"default\" data-masterspeed=\"300\"  data-rotate=\"0\"  data-saveperformance=\"off\"  data-title=\"Slide\" data-param1=\"\" data-param2=\"\" data-param3=\"\" data-param4=\"\" data-param5=\"\" data-param6=\"\" data-param7=\"\" data-param8=\"\" data-param9=\"\" data-param10=\"\" data-description=\"\">\n\t\t<!-- MAIN IMAGE -->\n\t\t<img src=\"https:\/\/www.ull.es\/portal\/cienciaull\/wp-content\/plugins\/revslider\/admin\/assets\/images\/transparent.png\"  alt=\"\" title=\"Rutas Cient\u00edficas de la Macaronesia\"  data-bgposition=\"center center\" data-bgfit=\"cover\" data-bgrepeat=\"no-repeat\" class=\"rev-slidebg\" data-no-retina>\n\t\t<!-- LAYERS -->\n\n\t\t<!-- LAYER NR. 1 -->\n\t\t<div class=\"tp-caption   tp-resizeme\" \n\t\t\t id=\"slide-76-layer-3\" \n\t\t\t data-x=\"2\" \n\t\t\t data-y=\"1\" \n\t\t\t\t\t\tdata-width=\"['none','none','none','none']\"\n\t\t\tdata-height=\"['none','none','none','none']\"\n \n\t\t\tdata-type=\"image\" \n\t\t\tdata-responsive_offset=\"on\" \n\n\t\t\tdata-frames='[{\"delay\":0,\"speed\":310,\"frame\":\"0\",\"from\":\"opacity:0;\",\"to\":\"o:1;\",\"ease\":\"Power3.easeInOut\"},{\"delay\":\"wait\",\"speed\":310,\"frame\":\"999\",\"to\":\"opacity:0;\",\"ease\":\"Power3.easeInOut\"}]'\n\t\t\tdata-textAlign=\"['inherit','inherit','inherit','inherit']\"\n\t\t\tdata-paddingtop=\"[0,0,0,0]\"\n\t\t\tdata-paddingright=\"[0,0,0,0]\"\n\t\t\tdata-paddingbottom=\"[0,0,0,0]\"\n\t\t\tdata-paddingleft=\"[0,0,0,0]\"\n\n\t\t\tstyle=\"z-index: 5;\"><img src=\"https:\/\/www.ull.es\/portal\/cienciaull\/wp-content\/uploads\/sites\/24\/2020\/10\/Banners_Rutas-Cientificas-de-la-ULL-1200x628-1.jpg\" alt=\"\" data-ww=\"1201px\" data-hh=\"629px\" width=\"1201\" height=\"629\" data-no-retina> <\/div>\n\t<\/li>\n<\/ul>\n<div class=\"tp-bannertimer tp-bottom\" style=\"visibility: hidden !important;\"><\/div>\t<\/div>\n<script>var htmlDiv = document.getElementById(\"rs-plugin-settings-inline-css\"); var htmlDivCss=\"\";\r\n\t\t\t\tif(htmlDiv) {\r\n\t\t\t\t\thtmlDiv.innerHTML = htmlDiv.innerHTML + htmlDivCss;\r\n\t\t\t\t}else{\r\n\t\t\t\t\tvar htmlDiv = document.createElement(\"div\");\r\n\t\t\t\t\thtmlDiv.innerHTML = \"<style>\" + htmlDivCss + \"<\/style>\";\r\n\t\t\t\t\tdocument.getElementsByTagName(\"head\")[0].appendChild(htmlDiv.childNodes[0]);\r\n\t\t\t\t}\r\n\t\t\t<\/script>\n\t\t<script type=\"text\/javascript\">\r\nif (setREVStartSize!==undefined) setREVStartSize(\r\n\t{c: '#rev_slider_51_1', gridwidth: [1201], gridheight: [629], sliderLayout: 'auto'});\r\n\t\t\t\r\nvar revapi51,\r\n\ttpj;\t\r\n(function() {\t\t\t\r\n\tif (!\/loaded|interactive|complete\/.test(document.readyState)) document.addEventListener(\"DOMContentLoaded\",onLoad); else onLoad();\t\r\n\tfunction onLoad() {\t\t\t\t\r\n\t\tif (tpj===undefined) { tpj = jQuery; if(\"off\" == \"on\") tpj.noConflict();}\r\n\tif(tpj(\"#rev_slider_51_1\").revolution == undefined){\n\t\trevslider_showDoubleJqueryError(\"#rev_slider_51_1\");\n\t}else{\n\t\trevapi51 = tpj(\"#rev_slider_51_1\").show().revolution({\n\t\t\tsliderType:\"standard\",\n\t\t\tjsFileLocation:\"\/\/www.ull.es\/portal\/cienciaull\/wp-content\/plugins\/revslider\/public\/assets\/js\/\",\n\t\t\tsliderLayout:\"auto\",\n\t\t\tdottedOverlay:\"none\",\n\t\t\tdelay:9000,\n\t\t\tnavigation: {\n\t\t\t\tonHoverStop:\"off\",\n\t\t\t},\n\t\t\tvisibilityLevels:[1240,1024,778,480],\n\t\t\tgridwidth:1201,\n\t\t\tgridheight:629,\n\t\t\tlazyType:\"none\",\n\t\t\tshadow:0,\n\t\t\tspinner:\"spinner0\",\n\t\t\tstopLoop:\"off\",\n\t\t\tstopAfterLoops:-1,\n\t\t\tstopAtSlide:-1,\n\t\t\tshuffle:\"off\",\n\t\t\tautoHeight:\"off\",\n\t\t\tdisableProgressBar:\"on\",\n\t\t\thideThumbsOnMobile:\"off\",\n\t\t\thideSliderAtLimit:0,\n\t\t\thideCaptionAtLimit:0,\n\t\t\thideAllCaptionAtLilmit:0,\n\t\t\tdebugMode:false,\n\t\t\tfallbacks: {\n\t\t\t\tsimplifyAll:\"off\",\n\t\t\t\tnextSlideOnWindowFocus:\"off\",\n\t\t\t\tdisableFocusListener:false,\n\t\t\t}\n\t\t});\n\t}; \/* END OF revapi call *\/\n\t\n }; \/* END OF ON LOAD FUNCTION *\/\r\n}()); \/* END OF WRAPPING FUNCTION *\/\r\n<\/script>\r\n\t\t<\/div><!-- END REVOLUTION SLIDER -->[vc_row_inner][vc_column_inner][vc_empty_space height=\u00bb40px\u00bb][vc_custom_heading source=\u00bbpost_title\u00bb google_fonts=\u00bbfont_family:Roboto%20Slab%3A100%2C300%2Cregular%2C700|font_style:700%20bold%20regular%3A700%3Anormal\u00bb][\/vc_column_inner][\/vc_row_inner][\/vc_column][\/vc_row][vc_row][vc_column width=\u00bb3\/4&#8243;][vc_column_text]Como cada curso escolar, la Universidad de La Laguna y su Fundaci\u00f3n General, a trav\u00e9s de la Unidad de Cultura Cient\u00edfica y de la Innovaci\u00f3n (Cienci@ULL) y con la colaboraci\u00f3n de INtech Tenerife, organizan el proyecto \u201cPrograma de Acciones para el Fomento de las Vocaciones Cient\u00edficas y Profesionales del alumnado de la Isla de Tenerife\u201d.<\/p>\n<p>Dicho proyecto tiene como objetivo despertar las vocaciones cient\u00edficas y profesionales del alumnado de secundaria, bachillerato y formaci\u00f3n profesional de la isla. Entre las acciones a desarrollar se encuentran las \u201cRutas Cient\u00edficas de la ULL\u201d, en la que se persigue acercar a los j\u00f3venes canarios la actividad investigadora que se desarrolla en los diferentes Departamentos, Institutos Universitarios y Servicios Generales de Apoyo (SEGAI) de la ULL, para fomentar su inter\u00e9s por la ciencia y la tecnolog\u00eda y ayudarles a identificar su vocaci\u00f3n profesional\u201d.<\/p>\n<p>Para ello se han dise\u00f1ado diferentes rutas guiadas por las principales instalaciones de inter\u00e9s cient\u00edfico (laboratorios, talleres, etc.), Escuelas, Facultades, Institutos Universitarios y Servicios Generales de Apoyo a la Investigaci\u00f3n (SEGAI) de La Universidad de La Laguna vinculadas a las disciplinas de f\u00edsica, Biomedicina y salud, matem\u00e1ticas, qu\u00edmica e ingenier\u00eda, educaci\u00f3n, geograf\u00eda e historia, en ellas el personal investigador les explicar\u00e1 al alumnado participante su labor de investigaci\u00f3n mientras visitan las instalaciones cient\u00edficas, har\u00e1n uso de equipamiento cient\u00edfico y tecnol\u00f3gico y realizar\u00e1n peque\u00f1os experimentos.<\/p>\n<p>En esta ocasi\u00f3n, como pre-evento para <strong>MacaroNight 2020<\/strong>, se propone la realizaci\u00f3n de<strong> 4 rutas virtuales<\/strong> que consistir\u00e1n en:<\/p>\n<p>\u00b7 Un documental donde se har\u00e1 un recorrido por las instalaciones de la ULL de la mano de su personal investigador explicando la actividad investigadora que realizan en el d\u00eda a d\u00eda y su principal equipamiento cient\u00edfico.<\/p>\n<p>\u00b7 Charla con un\/a investigador\/a participante en la ruta cient\u00edfica a trav\u00e9s de streaming para que el alumnado tenga la oportunidad de preguntar cualquier cuesti\u00f3n despu\u00e9s de ver el documental.<\/p>\n<h3><\/h3>\n<h3>P\u00fablico Objetivo<\/h3>\n<p>Dirigidos a grupos de m\u00e1ximo de 30 alumnos de 3\u00ba y 4\u00ba de ESO, 1\u00ba y 2\u00ba Bachillerato o Formaci\u00f3n Profesional.<\/p>\n<h3><\/h3>\n<h3>D\u00edas de celebraci\u00f3n<\/h3>\n<p>17, 18, 19 y 20 de noviembre del 2020.<\/p>\n<p><strong>Horario:<\/strong> 9:30 a 11:00 h y 16:30 a 18:00 h<\/p>\n<h3>Inscripci\u00f3n<\/h3>\n<p>Si desea inscribirse en esta actividad deber\u00e1 hacerlo a trav\u00e9s del siguiente enlace:[\/vc_column_text][vc_btn title=\u00bbFormulario de inscripci\u00f3n\u00bb color=\u00bbsandy-brown\u00bb size=\u00bblg\u00bb align=\u00bbcenter\u00bb link=\u00bburl:https%3A%2F%2Fforms.gle%2Fz9LLAZSMguZVGi8VA\u00bb][vc_column_text]<strong>Periodo de inscripci\u00f3n:<\/strong> del 13 de octubre al 14 de noviembre del 2020 o hasta completar aforo.[\/vc_column_text][\/vc_column][vc_column width=\u00bb1\/4&#8243;][vc_btn title=\u00bbMacaroNight 2020&#8243; color=\u00bbsuccess\u00bb size=\u00bblg\u00bb align=\u00bbcenter\u00bb button_block=\u00bbtrue\u00bb link=\u00bburl:https%3A%2F%2Fwww.ull.es%2Fportal%2Fcienciaull%2Fmacaronight-2020%2F|title:MacaroNight%202020&#8243; css=\u00bb.vc_custom_1602027909704{margin-bottom: 3px !important;border-bottom-width: 3px !important;padding-bottom: 3px !important;}\u00bb][vc_btn title=\u00bbConcurso Divulgaci\u00f3n Cient\u00edfica\u00bb color=\u00bbinfo\u00bb size=\u00bblg\u00bb align=\u00bbcenter\u00bb button_block=\u00bbtrue\u00bb link=\u00bburl:https%3A%2F%2Fwww.ull.es%2Fportal%2Fcienciaull%2Fconcurso-de-divulgacion%2F|title:Feria%20de%20las%20Vocaciones%20Cient%C3%ADficas%20y%20Profesionales%20de%20Canarias\u00bb css=\u00bb.vc_custom_1602027928162{margin-bottom: 3px !important;border-bottom-width: 3px !important;padding-bottom: 3px !important;}\u00bb][vc_btn title=\u00bbLaboratorio de Verano\u00bb color=\u00bborange\u00bb size=\u00bblg\u00bb align=\u00bbcenter\u00bb button_block=\u00bbtrue\u00bb link=\u00bburl:https%3A%2F%2Fwww.ull.es%2Fportal%2Fcienciaull%2Flaboratorio-arn-innova%2Factividades%2Flaboratorio-de-verano-de-ciencia-y-tecnologia-de-arona%2F|title:MacaroNight%202020&#8243; css=\u00bb.vc_custom_1602027945068{margin-bottom: 3px !important;border-bottom-width: 3px !important;padding-bottom: 3px !important;}\u00bb][vc_btn title=\u00bbMuestra Documental\u00bb color=\u00bbviolet\u00bb size=\u00bblg\u00bb align=\u00bbcenter\u00bb button_block=\u00bbtrue\u00bb link=\u00bburl:https%3A%2F%2Fwww.ull.es%2Fportal%2Fcienciaull%2Fmuestra-documental-cientifico%2F|title:Muestra%20Documental%20Cient%C3%ADfico\u00bb css=\u00bb.vc_custom_1602027974986{margin-bottom: 3px !important;border-bottom-width: 3px !important;padding-bottom: 3px !important;}\u00bb][vc_btn title=\u00bbConecta Cienci@ULL\u00bb color=\u00bbdanger\u00bb size=\u00bblg\u00bb align=\u00bbcenter\u00bb button_block=\u00bbtrue\u00bb link=\u00bburl:https%3A%2F%2Fwww.ull.es%2Fportal%2Fcienciaull%2Fconecta-cienciaull-la-gomera-y-la-palma%2F|title:MacaroNight%202020&#8243; css=\u00bb.vc_custom_1602027998069{margin-bottom: 3px !important;border-bottom-width: 3px !important;padding-bottom: 3px !important;}\u00bb][vc_btn title=\u00bbConcurso Maletas Cient\u00edficas\u00bb color=\u00bbvista-blue\u00bb size=\u00bblg\u00bb align=\u00bbcenter\u00bb button_block=\u00bbtrue\u00bb link=\u00bburl:https%3A%2F%2Fwww.ull.es%2Fportal%2Fcienciaull%2Fconcurso-infantil-de-maletas-cientificas-de-canarias%2F|title:MacaroNight%202020&#8243; css=\u00bb.vc_custom_1602028012601{margin-bottom: 3px !important;border-bottom-width: 3px !important;padding-bottom: 3px !important;}\u00bb][vc_btn title=\u00bbFeria de las Vocaciones Cient\u00edficas\u00bb color=\u00bbblue\u00bb size=\u00bblg\u00bb align=\u00bbcenter\u00bb button_block=\u00bbtrue\u00bb link=\u00bburl:https%3A%2F%2Fwww.ull.es%2Fportal%2Fcienciaull%2Fferia-de-las-vocaciones-cientificas-y-profesionales-de-canarias%2F|title:Feria%20de%20las%20Vocaciones%20Cient%C3%ADficas%20y%20Profesionales%20de%20Canarias\u00bb][\/vc_column][\/vc_row]<\/p>\n","protected":false},"excerpt":{"rendered":"<p>[vc_row][vc_column][vc_row_inner][vc_column_inner][vc_empty_space height=\u00bb40px\u00bb][vc_custom_heading source=\u00bbpost_title\u00bb google_fonts=\u00bbfont_family:Roboto%20Slab%3A100%2C300%2Cregular%2C700|font_style:700%20bold%20regular%3A700%3Anormal\u00bb][\/vc_column_inner][\/vc_row_inner][\/vc_column][\/vc_row][vc_row][vc_column width=\u00bb3\/4&#8243;][vc_column_text]Como cada curso escolar, la Universidad de La Laguna y su Fundaci\u00f3n General, a trav\u00e9s de la Unidad de Cultura Cient\u00edfica y de la Innovaci\u00f3n (Cienci@ULL) y con la colaboraci\u00f3n de INtech Tenerife, organizan el proyecto \u201cPrograma de Acciones para el Fomento de las Vocaciones Cient\u00edficas y Profesionales del alumnado de&#8230;<\/p>\n","protected":false},"author":56,"featured_media":0,"parent":0,"menu_order":0,"comment_status":"closed","ping_status":"closed","template":"templates\/cienciaull.php","meta":{"inline_featured_image":false,"footnotes":""},"acf":[],"yoast_head":"<!-- This site is optimized with the Yoast SEO plugin v21.3 - https:\/\/yoast.com\/wordpress\/plugins\/seo\/ -->\n<title>Rutas Cient\u00edficas de la Macaronesia -<\/title>\n<meta name=\"robots\" content=\"index, follow, max-snippet:-1, max-image-preview:large, max-video-preview:-1\" \/>\n<link rel=\"canonical\" href=\"https:\/\/www.ull.es\/portal\/cienciaull\/rutas-cientificas-de-la-macaronesia\/\" \/>\n<meta property=\"og:locale\" content=\"es_ES\" \/>\n<meta property=\"og:type\" content=\"article\" \/>\n<meta property=\"og:title\" content=\"Rutas Cient\u00edficas de la Macaronesia -\" \/>\n<meta property=\"og:description\" content=\"[vc_row][vc_column][vc_row_inner][vc_column_inner][vc_empty_space height=\u00bb40px\u00bb][vc_custom_heading source=\u00bbpost_title\u00bb google_fonts=\u00bbfont_family:Roboto%20Slab%3A100%2C300%2Cregular%2C700|font_style:700%20bold%20regular%3A700%3Anormal\u00bb][\/vc_column_inner][\/vc_row_inner][\/vc_column][\/vc_row][vc_row][vc_column width=\u00bb3\/4&#8243;][vc_column_text]Como cada curso escolar, la Universidad de La Laguna y su Fundaci\u00f3n General, a trav\u00e9s de la Unidad de Cultura Cient\u00edfica y de la Innovaci\u00f3n (Cienci@ULL) y con la colaboraci\u00f3n de INtech Tenerife, organizan el proyecto \u201cPrograma de Acciones para el Fomento de las Vocaciones Cient\u00edficas y Profesionales del alumnado de...\" \/>\n<meta property=\"og:url\" content=\"https:\/\/www.ull.es\/portal\/cienciaull\/rutas-cientificas-de-la-macaronesia\/\" \/>\n<meta property=\"article:publisher\" content=\"https:\/\/www.facebook.com\/CienciaULL\/\" \/>\n<meta property=\"article:modified_time\" content=\"2020-10-19T10:09:18+00:00\" \/>\n<meta name=\"twitter:card\" content=\"summary_large_image\" \/>\n<meta name=\"twitter:site\" content=\"@CienciaULL\" \/>\n<meta name=\"twitter:label1\" content=\"Tiempo de lectura\" \/>\n\t<meta name=\"twitter:data1\" content=\"4 minutos\" \/>\n<script type=\"application\/ld+json\" class=\"yoast-schema-graph\">{\"@context\":\"https:\/\/schema.org\",\"@graph\":[{\"@type\":\"WebPage\",\"@id\":\"https:\/\/www.ull.es\/portal\/cienciaull\/rutas-cientificas-de-la-macaronesia\/\",\"url\":\"https:\/\/www.ull.es\/portal\/cienciaull\/rutas-cientificas-de-la-macaronesia\/\",\"name\":\"Rutas Cient\u00edficas de la Macaronesia -\",\"isPartOf\":{\"@id\":\"https:\/\/www.ull.es\/portal\/cienciaull\/#website\"},\"datePublished\":\"2020-10-06T11:11:07+00:00\",\"dateModified\":\"2020-10-19T10:09:18+00:00\",\"breadcrumb\":{\"@id\":\"https:\/\/www.ull.es\/portal\/cienciaull\/rutas-cientificas-de-la-macaronesia\/#breadcrumb\"},\"inLanguage\":\"es\",\"potentialAction\":[{\"@type\":\"ReadAction\",\"target\":[\"https:\/\/www.ull.es\/portal\/cienciaull\/rutas-cientificas-de-la-macaronesia\/\"]}]},{\"@type\":\"BreadcrumbList\",\"@id\":\"https:\/\/www.ull.es\/portal\/cienciaull\/rutas-cientificas-de-la-macaronesia\/#breadcrumb\",\"itemListElement\":[{\"@type\":\"ListItem\",\"position\":1,\"name\":\"Portada\",\"item\":\"https:\/\/www.ull.es\/portal\/cienciaull\/\"},{\"@type\":\"ListItem\",\"position\":2,\"name\":\"Rutas Cient\u00edficas de la Macaronesia\"}]},{\"@type\":\"WebSite\",\"@id\":\"https:\/\/www.ull.es\/portal\/cienciaull\/#website\",\"url\":\"https:\/\/www.ull.es\/portal\/cienciaull\/\",\"name\":\"\",\"description\":\"Unidad de Cultura Cient\u00edfica y de la Innovaci\u00f3n de la Universidad de La Laguna\",\"potentialAction\":[{\"@type\":\"SearchAction\",\"target\":{\"@type\":\"EntryPoint\",\"urlTemplate\":\"https:\/\/www.ull.es\/portal\/cienciaull\/?s={search_term_string}\"},\"query-input\":\"required name=search_term_string\"}],\"inLanguage\":\"es\"}]}<\/script>\n<!-- \/ Yoast SEO plugin. -->","yoast_head_json":{"title":"Rutas Cient\u00edficas de la Macaronesia -","robots":{"index":"index","follow":"follow","max-snippet":"max-snippet:-1","max-image-preview":"max-image-preview:large","max-video-preview":"max-video-preview:-1"},"canonical":"https:\/\/www.ull.es\/portal\/cienciaull\/rutas-cientificas-de-la-macaronesia\/","og_locale":"es_ES","og_type":"article","og_title":"Rutas Cient\u00edficas de la Macaronesia -","og_description":"[vc_row][vc_column][vc_row_inner][vc_column_inner][vc_empty_space height=\u00bb40px\u00bb][vc_custom_heading source=\u00bbpost_title\u00bb google_fonts=\u00bbfont_family:Roboto%20Slab%3A100%2C300%2Cregular%2C700|font_style:700%20bold%20regular%3A700%3Anormal\u00bb][\/vc_column_inner][\/vc_row_inner][\/vc_column][\/vc_row][vc_row][vc_column width=\u00bb3\/4&#8243;][vc_column_text]Como cada curso escolar, la Universidad de La Laguna y su Fundaci\u00f3n General, a trav\u00e9s de la Unidad de Cultura Cient\u00edfica y de la Innovaci\u00f3n (Cienci@ULL) y con la colaboraci\u00f3n de INtech Tenerife, organizan el proyecto \u201cPrograma de Acciones para el Fomento de las Vocaciones Cient\u00edficas y Profesionales del alumnado de...","og_url":"https:\/\/www.ull.es\/portal\/cienciaull\/rutas-cientificas-de-la-macaronesia\/","article_publisher":"https:\/\/www.facebook.com\/CienciaULL\/","article_modified_time":"2020-10-19T10:09:18+00:00","twitter_card":"summary_large_image","twitter_site":"@CienciaULL","twitter_misc":{"Tiempo de lectura":"4 minutos"},"schema":{"@context":"https:\/\/schema.org","@graph":[{"@type":"WebPage","@id":"https:\/\/www.ull.es\/portal\/cienciaull\/rutas-cientificas-de-la-macaronesia\/","url":"https:\/\/www.ull.es\/portal\/cienciaull\/rutas-cientificas-de-la-macaronesia\/","name":"Rutas Cient\u00edficas de la Macaronesia -","isPartOf":{"@id":"https:\/\/www.ull.es\/portal\/cienciaull\/#website"},"datePublished":"2020-10-06T11:11:07+00:00","dateModified":"2020-10-19T10:09:18+00:00","breadcrumb":{"@id":"https:\/\/www.ull.es\/portal\/cienciaull\/rutas-cientificas-de-la-macaronesia\/#breadcrumb"},"inLanguage":"es","potentialAction":[{"@type":"ReadAction","target":["https:\/\/www.ull.es\/portal\/cienciaull\/rutas-cientificas-de-la-macaronesia\/"]}]},{"@type":"BreadcrumbList","@id":"https:\/\/www.ull.es\/portal\/cienciaull\/rutas-cientificas-de-la-macaronesia\/#breadcrumb","itemListElement":[{"@type":"ListItem","position":1,"name":"Portada","item":"https:\/\/www.ull.es\/portal\/cienciaull\/"},{"@type":"ListItem","position":2,"name":"Rutas Cient\u00edficas de la Macaronesia"}]},{"@type":"WebSite","@id":"https:\/\/www.ull.es\/portal\/cienciaull\/#website","url":"https:\/\/www.ull.es\/portal\/cienciaull\/","name":"","description":"Unidad de Cultura Cient\u00edfica y de la Innovaci\u00f3n de la Universidad de La Laguna","potentialAction":[{"@type":"SearchAction","target":{"@type":"EntryPoint","urlTemplate":"https:\/\/www.ull.es\/portal\/cienciaull\/?s={search_term_string}"},"query-input":"required name=search_term_string"}],"inLanguage":"es"}]}},"_links":{"self":[{"href":"https:\/\/www.ull.es\/portal\/cienciaull\/wp-json\/wp\/v2\/pages\/9121"}],"collection":[{"href":"https:\/\/www.ull.es\/portal\/cienciaull\/wp-json\/wp\/v2\/pages"}],"about":[{"href":"https:\/\/www.ull.es\/portal\/cienciaull\/wp-json\/wp\/v2\/types\/page"}],"author":[{"embeddable":true,"href":"https:\/\/www.ull.es\/portal\/cienciaull\/wp-json\/wp\/v2\/users\/56"}],"replies":[{"embeddable":true,"href":"https:\/\/www.ull.es\/portal\/cienciaull\/wp-json\/wp\/v2\/comments?post=9121"}],"version-history":[{"count":11,"href":"https:\/\/www.ull.es\/portal\/cienciaull\/wp-json\/wp\/v2\/pages\/9121\/revisions"}],"predecessor-version":[{"id":9465,"href":"https:\/\/www.ull.es\/portal\/cienciaull\/wp-json\/wp\/v2\/pages\/9121\/revisions\/9465"}],"wp:attachment":[{"href":"https:\/\/www.ull.es\/portal\/cienciaull\/wp-json\/wp\/v2\/media?parent=9121"}],"curies":[{"name":"wp","href":"https:\/\/api.w.org\/{rel}","templated":true}]}}