{"id":9171,"date":"2020-10-08T08:53:58","date_gmt":"2020-10-08T08:53:58","guid":{"rendered":"https:\/\/www.ull.es\/portal\/cienciaull\/?page_id=9171"},"modified":"2020-10-30T12:47:37","modified_gmt":"2020-10-30T12:47:37","slug":"concurso-escolar-de-proyectos-cientificos-arona-junior-scientists","status":"publish","type":"page","link":"https:\/\/www.ull.es\/portal\/cienciaull\/laboratorio-arn-innova\/actividades\/concurso-escolar-de-proyectos-cientificos-arona-junior-scientists\/","title":{"rendered":"Concurso Escolar de Proyectos Cient\u00edficos Arona JUNIOR SCIENTISTS"},"content":{"rendered":"<p>[vc_row][vc_column][vc_single_image image=\u00bb9916&#8243; img_size=\u00bbfull\u00bb alignment=\u00bbcenter\u00bb][vc_separator color=\u00bbsandy_brown\u00bb style=\u00bbdouble\u00bb border_width=\u00bb10&#8243;][\/vc_column][\/vc_row][vc_row][vc_column][vc_empty_space][vc_custom_heading text=\u00bbConcurso Escolar de Proyectos Cient\u00edficos Arona Junior Scientists\u00bb google_fonts=\u00bbfont_family:Roboto%20Slab%3A100%2C300%2Cregular%2C700|font_style:700%20bold%20regular%3A700%3Anormal\u00bb][vc_column_text css=\u00bb.vc_custom_1604053325785{margin-top: 3px !important;margin-bottom: 3px !important;border-top-width: 3px !important;border-bottom-width: 3px !important;padding-top: 3px !important;padding-bottom: 3px !important;}\u00bb]<strong>PRESENTACI\u00d3N<\/strong><\/p>\n<p style=\"text-align: justify\">El \u201c<strong>Programa de actividades para el fomento de la innovaci\u00f3n empresarial en el municipio de Arona, ARN INNOVA\u201d<\/strong> es una iniciativa que surge, en diciembre de 2017 y de la mano del Ayuntamiento de Arona, la Universidad de La Laguna y su Fundaci\u00f3n General, para aunar fuerzas para fomentar el emprendimiento en el Municipio en el marco de la actividad del Centro empresarial de Las Galletas. Su primera edici\u00f3n, que ha tenido una duraci\u00f3n de dos a\u00f1os, ha obtenido muy buenos resultados en cada uno de los bloques de actividades, por lo que ha motivado el desarrollado de una segunda edici\u00f3n desde el 19 de febrero de 2020 al 31 de diciembre de 2021 para ayudar a mejor la realidad socioecon\u00f3mica de la comarca del sur de la isla.<\/p>\n<p style=\"text-align: justify\">Dentro del programa de actividades encontramos la realizaci\u00f3n de\u00a0<strong>un concurso de proyectos cient\u00edficos cuyos resultados sean de inter\u00e9s para la actividad del municipio de Arona<\/strong>, dirigido a alumnado de 5\u00ba y 6 de primaria y 1\u00ba y 2 \u00ba de la ESO de los centros escolares del municipio, donde cada clase inscrita podr\u00e1 participar con un m\u00e1ximo de tres proyectos. Dichos proyectos ser\u00e1n asesorados por doctorandos\/as de la ULL y tendr\u00e1n que presentarlo en el evento final tras la finalizaci\u00f3n del curso escolar de este programa. La realizaci\u00f3n de cada proyecto pasar\u00e1 por cada una de las fases del m\u00e9todo cient\u00edfico, desde que se plantea el problema a resolver, hasta que se obtiene la soluci\u00f3n m\u00e1s adecuada y se divulga a trav\u00e9s de una hoja de ruta elaborada por el equipo de Cienci@ULL. Los mejores proyectos ser\u00e1n premiados en el mes de junio.<\/p>\n<p>A continuaci\u00f3n, se recogen las bases que rigen este concurso escolar.<\/p>\n<p><strong>BASE 1.- OBJETIVO. &#8211;<\/strong><\/p>\n<p style=\"text-align: justify\">Fomentar las vocaciones cient\u00edficas y tecnol\u00f3gicas entre el alumnado escolar de Arona a trav\u00e9s del dise\u00f1o y desarrollo de proyectos cient\u00edficos vinculados a las actividades principales del municipio.<\/p>\n<p><strong>BASE 2.- PARTICIPANTES. &#8211;<\/strong><\/p>\n<p style=\"text-align: justify\">Podr\u00e1n participar en este concurso estudiantes de los niveles educativos 5\u00ba y 6\u00ba de primaria y 1\u00ba y 2\u00ba de la ESO, con un m\u00ednimo de cinco alumno\/as por clase y un m\u00e1ximo de 3 proyectos. Los centros deber\u00e1n estar ubicados en el municipio de Arona.<\/p>\n<p style=\"text-align: justify\"><strong>BASE 3.- REQUISITOS DE LOS TRABAJOS. &#8211;<\/strong><\/p>\n<p style=\"text-align: justify\">El concurso de proyectos cient\u00edficos se desarrollar\u00e1 seg\u00fan lo establecido en las siguientes bases:<\/p>\n<ul>\n<li style=\"text-align: justify\">Cada proyecto ser\u00e1 desarrollado por un grupo de trabajo de al menos 5 alumnos\/as.<\/li>\n<li style=\"text-align: justify\">Cada grupo desarrollar\u00e1 un proyecto relacionado con la actividad del municipio de Arona (turismo, educaci\u00f3n y cultura, pesca y agricultura, tejido empresarial, \u2026)<\/li>\n<li style=\"text-align: justify\">La realizaci\u00f3n de cada proyecto pasar\u00e1 por cada una de las fases del m\u00e9todo cient\u00edfico, desde que se plantea el problema a resolver, hasta que se obtiene la soluci\u00f3n m\u00e1s adecuada y se divulga a trav\u00e9s de una hoja de ruta.<\/li>\n<li style=\"text-align: justify\">Habr\u00e1 un Comit\u00e9 Evaluador de doctorandos\/as o investigador\/as que velar\u00e1 para que todos los proyectos educativos se adecuen a las l\u00edneas tem\u00e1ticas propuestas.<\/li>\n<li style=\"text-align: justify\">Los grupos de trabajo estar\u00e1n apoyados por el profesor\/a tutor de cada clase y el grupo de alumnos y alumnas de clase.<\/li>\n<li style=\"text-align: justify\">Al concluir el proyecto, cada grupo deber\u00e1 presentar una memoria final (m\u00e1ximo 10 p\u00e1ginas), dentro del plazo establecido, en la que se expondr\u00e1n los proyectos pasando por cada una de las fases del m\u00e9todo cient\u00edfico y finalmente, en el evento de cierre, su presentaci\u00f3n y divulgaci\u00f3n.<\/li>\n<li style=\"text-align: justify\">Tanto la memoria final como su presentaci\u00f3n y divulgaci\u00f3n ser\u00e1n objeto de evaluaci\u00f3n para la elecci\u00f3n de uno de los proyectos que se llevar\u00e1 una menci\u00f3n especial y un premio. Todos los proyectos presentados, sin excepci\u00f3n alguna, ser\u00e1n reconocidos con un diploma de participaci\u00f3n y realizaci\u00f3n de sus proyectos cient\u00edficos.<\/li>\n<li style=\"text-align: justify\">Los proyectos se desarrollar\u00e1n a lo largo del curso escolar y las memorias finales se presentar\u00e1n una semana antes de la realizaci\u00f3n del evento final donde se expondr\u00e1n los mismos haci\u00e9ndolos llegar al Comit\u00e9 Evaluador.<\/li>\n<li style=\"text-align: justify\">Para la presentaci\u00f3n y exposici\u00f3n de los proyectos en el evento, dispondr\u00e1n de 10 minutos de duraci\u00f3n, apoyada por los medios did\u00e1cticos y audiovisuales que precisen.<\/li>\n<li style=\"text-align: justify\">Una vez en el evento final de cierre, el Comit\u00e9 Evaluador har\u00e1 sus valoraciones atendiendo a criterios de rigor cient\u00edfico, originalidad y calidad de la memoria.<\/li>\n<li style=\"text-align: justify\">A finales del curso escolar se celebrar\u00e1 una \u201cJornada de cierre\u201d para realizar el concurso de proyectos cient\u00edficos, que ser\u00e1 organizado por la Unidad de Calidad Cient\u00edfica y de la Innovaci\u00f3n, Cienci@ULL, y presidido por una investigadora con l\u00edneas de investigaci\u00f3n cient\u00edfica, en la que todos los grupos participantes expondr\u00e1n sus proyectos cient\u00edficos.<\/li>\n<\/ul>\n<p><strong>BASE 04.- PREMIOS. &#8211;<\/strong><\/p>\n<p style=\"text-align: justify\">Se establecen tres categor\u00edas de premios (primer, segundo y tercer premio), cuya dotaci\u00f3n econ\u00f3mica estar\u00e1 destinada a la compra de material educativo. Las cuant\u00edas de los premios son las siguientes:<\/p>\n<p style=\"text-align: justify\"><strong>Primer premio:<\/strong>\u00a01.000,00 euros<\/p>\n<p style=\"text-align: justify\"><strong>Segundo premio:<\/strong>\u00a0750,00 euros<\/p>\n<p style=\"text-align: justify\"><strong>Tercer premio:<\/strong>\u00a0500,00 euros<\/p>\n<p style=\"text-align: justify\"><strong>BASE 05.- CRITERIOS DE VALORACI\u00d3N. &#8211;<\/strong><\/p>\n<p style=\"text-align: justify\">Se conformar\u00e1 una comisi\u00f3n de selecci\u00f3n, compuesta por un representante del Ayuntamiento de Aron, 1 de la Universidad de La Laguna, y dos de la Fundaci\u00f3n General de La Universidad de La Laguna, que elegir\u00e1n a los ganadores en funci\u00f3n de los siguientes criterios:<\/p>\n<ul>\n<li style=\"text-align: justify\">Originalidad de la idea.<\/li>\n<li style=\"text-align: justify\">Car\u00e1cter cient\u00edfico y divulgativo.<\/li>\n<li style=\"text-align: justify\">Impacto de los resultados de los proyectos en las \u00e1reas de trabajo del municipio de Arona (turismo, transportes, medioambiente y biodiversidad, energ\u00edas renovables, cultura, educaci\u00f3n, peque\u00f1o comercio y agricultura y pesca).<\/li>\n<li style=\"text-align: justify\">El material utilizado para su elaboraci\u00f3n y exposici\u00f3n, que sea econ\u00f3mico y reutilizable para proteger el medio ambiento.<\/li>\n<li style=\"text-align: justify\">La presentaci\u00f3n del trabajo (claridad, rigor y originalidad)-<\/li>\n<\/ul>\n<p><strong>BASE 06.- INSCRIPCI\u00d3N Y PRESENTACI\u00d3N DE TRABAJOS. &#8211;<\/strong><\/p>\n<p style=\"text-align: justify\">La inscripci\u00f3n estar\u00e1 abierta hasta el 31 de diciembre de 2020, para ellos debes de cumplimentar el siguiente formulario:<\/p>\n<p>[\/vc_column_text][vc_btn title=\u00bbFormulario de inscripci\u00f3n\u00bb color=\u00bbsandy-brown\u00bb align=\u00bbcenter\u00bb link=\u00bburl:https%3A%2F%2Fforms.gle%2FZJLsppFAVJBBoaKP8|target:_blank\u00bb][vc_column_text]<\/p>\n<p style=\"text-align: justify\">La memoria del proyecto se presentar\u00e1 antes del 01 de junio envi\u00e1ndola en el siguiente formulario<\/p>\n<p>[\/vc_column_text][vc_btn title=\u00bbPresentaci\u00f3n de Proyecto\u00bb color=\u00bbinfo\u00bb align=\u00bbcenter\u00bb link=\u00bburl:https%3A%2F%2Fforms.gle%2F9pDLje8HRc2d63p66|target:_blank\u00bb][vc_column_text]<\/p>\n<p style=\"text-align: justify\"><strong>BASE 07.- RESOLUCI\u00d3N DEL CONCURSO. &#8211;<\/strong><\/p>\n<p style=\"text-align: justify\">La propuesta y entrega de diplomas, como la menci\u00f3n especial, se realizar\u00e1 el mismo d\u00eda en el evento de cierre final al que se invitar\u00e1 a todos los equipos participantes y que tendr\u00e1 lugar en el municipio de Las Galletas. La fecha prevista para la entrega de premios ser\u00e1 cuando acabe el curso escolar. La organizaci\u00f3n se reserva el derecho a informar m\u00e1s delante de la fecha y el lugar de realizaci\u00f3n que puede estar sujeta a cambios por agenda. En cualquier caso, toda variaci\u00f3n ser\u00e1 comunicada con suficiente antelaci\u00f3n a todos los equipos participantes.<\/p>\n<p style=\"text-align: justify\"><strong>BASE 08.- FECHA L\u00cdMITE. &#8211; <\/strong><\/p>\n<p style=\"text-align: justify\">La fecha l\u00edmite para la presentaci\u00f3n de los trabajos es el <strong>31 de mayo de 2021.<\/strong><\/p>\n<p style=\"text-align: justify\">Para m\u00e1s informaci\u00f3n consultar las Bases de participaci\u00f3n.<\/p>\n<p>[\/vc_column_text][vc_btn title=\u00bbBases de Participaci\u00f3n\u00bb color=\u00bbvista-blue\u00bb align=\u00bbcenter\u00bb link=\u00bburl:https%3A%2F%2Fbit.ly%2F2HRAfkX|target:_blank\u00bb][vc_column_text]<strong>BASE 09.- ACEPTACI\u00d3N DE LAS BASES. &#8211;<\/strong><\/p>\n<p style=\"text-align: justify\">El hecho de participar en esta actividad presupone la aceptaci\u00f3n total de las de las presentes bases y la conformidad con las decisiones del Comit\u00e9 Evaluador.<\/p>\n<p style=\"text-align: justify\"><strong>BASE 10.- DATOS DE CONTACTO. &#8211;<\/strong><\/p>\n<p style=\"text-align: justify\">Para cualquier informaci\u00f3n adicional puede contactar con el equipo de la Unidad de Cultura Cient\u00edfica y de la Innovaci\u00f3n de la Universidad de La Laguna, a trav\u00e9s de la direcci\u00f3n de correo electr\u00f3nico\u00a0<a href=\"mailto:gciencia@fg.ull.es\" target=\"_blank\" rel=\"noopener\">gciencia@fg.ull.es<\/a>\u00a0o el tel\u00e9fono 922 319933.<\/p>\n<p><strong>BASE 11.- DISPOSICIONES FINALES. &#8211;<\/strong><\/p>\n<p style=\"text-align: justify\">El Ayuntamiento de Arona, la Universidad de La Laguna y su Fundaci\u00f3n General, se reservan los derechos de cambiar, ampliar o reducir las fechas del calendario de la I edici\u00f3n del <strong>Concurso Escolar de Proyectos Cient\u00edficos \u201cARONA JUNIOR SCIENTISTS\u201d<\/strong> por fuerza mayor.<\/p>\n<p>[\/vc_column_text][\/vc_column][\/vc_row]<\/p>\n","protected":false},"excerpt":{"rendered":"<p>[vc_row][vc_column][vc_single_image image=\u00bb9916&#8243; img_size=\u00bbfull\u00bb alignment=\u00bbcenter\u00bb][vc_separator color=\u00bbsandy_brown\u00bb style=\u00bbdouble\u00bb border_width=\u00bb10&#8243;][\/vc_column][\/vc_row][vc_row][vc_column][vc_empty_space][vc_custom_heading text=\u00bbConcurso Escolar de Proyectos Cient\u00edficos Arona Junior Scientists\u00bb google_fonts=\u00bbfont_family:Roboto%20Slab%3A100%2C300%2Cregular%2C700|font_style:700%20bold%20regular%3A700%3Anormal\u00bb][vc_column_text css=\u00bb.vc_custom_1604053325785{margin-top: 3px !important;margin-bottom: 3px !important;border-top-width: 3px !important;border-bottom-width: 3px !important;padding-top: 3px !important;padding-bottom: 3px !important;}\u00bb]PRESENTACI\u00d3N El \u201cPrograma de actividades para el fomento de la innovaci\u00f3n empresarial en el municipio de Arona, ARN INNOVA\u201d es una iniciativa que surge, en diciembre de&#8230;<\/p>\n","protected":false},"author":56,"featured_media":0,"parent":4248,"menu_order":3,"comment_status":"closed","ping_status":"closed","template":"","meta":{"inline_featured_image":false,"footnotes":""},"acf":[],"yoast_head":"<!-- This site is optimized with the Yoast SEO plugin v21.3 - https:\/\/yoast.com\/wordpress\/plugins\/seo\/ -->\n<title>Concurso Escolar de Proyectos Cient\u00edficos Arona JUNIOR SCIENTISTS -<\/title>\n<meta name=\"robots\" content=\"index, follow, max-snippet:-1, max-image-preview:large, max-video-preview:-1\" \/>\n<link rel=\"canonical\" href=\"https:\/\/www.ull.es\/portal\/cienciaull\/laboratorio-arn-innova\/actividades\/concurso-escolar-de-proyectos-cientificos-arona-junior-scientists\/\" \/>\n<meta property=\"og:locale\" content=\"es_ES\" \/>\n<meta property=\"og:type\" content=\"article\" \/>\n<meta property=\"og:title\" content=\"Concurso Escolar de Proyectos Cient\u00edficos Arona JUNIOR SCIENTISTS -\" \/>\n<meta property=\"og:description\" content=\"[vc_row][vc_column][vc_single_image image=\u00bb9916&#8243; img_size=\u00bbfull\u00bb alignment=\u00bbcenter\u00bb][vc_separator color=\u00bbsandy_brown\u00bb style=\u00bbdouble\u00bb border_width=\u00bb10&#8243;][\/vc_column][\/vc_row][vc_row][vc_column][vc_empty_space][vc_custom_heading text=\u00bbConcurso Escolar de Proyectos Cient\u00edficos Arona Junior Scientists\u00bb google_fonts=\u00bbfont_family:Roboto%20Slab%3A100%2C300%2Cregular%2C700|font_style:700%20bold%20regular%3A700%3Anormal\u00bb][vc_column_text css=\u00bb.vc_custom_1604053325785{margin-top: 3px !important;margin-bottom: 3px !important;border-top-width: 3px !important;border-bottom-width: 3px !important;padding-top: 3px !important;padding-bottom: 3px !important;}\u00bb]PRESENTACI\u00d3N El \u201cPrograma de actividades para el fomento de la innovaci\u00f3n empresarial en el municipio de Arona, ARN INNOVA\u201d es una iniciativa que surge, en diciembre de...\" \/>\n<meta property=\"og:url\" content=\"https:\/\/www.ull.es\/portal\/cienciaull\/laboratorio-arn-innova\/actividades\/concurso-escolar-de-proyectos-cientificos-arona-junior-scientists\/\" \/>\n<meta property=\"article:publisher\" content=\"https:\/\/www.facebook.com\/CienciaULL\/\" \/>\n<meta property=\"article:modified_time\" content=\"2020-10-30T12:47:37+00:00\" \/>\n<meta name=\"twitter:card\" content=\"summary_large_image\" \/>\n<meta name=\"twitter:site\" content=\"@CienciaULL\" \/>\n<meta name=\"twitter:label1\" content=\"Tiempo de lectura\" \/>\n\t<meta name=\"twitter:data1\" content=\"7 minutos\" \/>\n<script type=\"application\/ld+json\" class=\"yoast-schema-graph\">{\"@context\":\"https:\/\/schema.org\",\"@graph\":[{\"@type\":\"WebPage\",\"@id\":\"https:\/\/www.ull.es\/portal\/cienciaull\/laboratorio-arn-innova\/actividades\/concurso-escolar-de-proyectos-cientificos-arona-junior-scientists\/\",\"url\":\"https:\/\/www.ull.es\/portal\/cienciaull\/laboratorio-arn-innova\/actividades\/concurso-escolar-de-proyectos-cientificos-arona-junior-scientists\/\",\"name\":\"Concurso Escolar de Proyectos Cient\u00edficos Arona JUNIOR SCIENTISTS -\",\"isPartOf\":{\"@id\":\"https:\/\/www.ull.es\/portal\/cienciaull\/#website\"},\"datePublished\":\"2020-10-08T08:53:58+00:00\",\"dateModified\":\"2020-10-30T12:47:37+00:00\",\"breadcrumb\":{\"@id\":\"https:\/\/www.ull.es\/portal\/cienciaull\/laboratorio-arn-innova\/actividades\/concurso-escolar-de-proyectos-cientificos-arona-junior-scientists\/#breadcrumb\"},\"inLanguage\":\"es\",\"potentialAction\":[{\"@type\":\"ReadAction\",\"target\":[\"https:\/\/www.ull.es\/portal\/cienciaull\/laboratorio-arn-innova\/actividades\/concurso-escolar-de-proyectos-cientificos-arona-junior-scientists\/\"]}]},{\"@type\":\"BreadcrumbList\",\"@id\":\"https:\/\/www.ull.es\/portal\/cienciaull\/laboratorio-arn-innova\/actividades\/concurso-escolar-de-proyectos-cientificos-arona-junior-scientists\/#breadcrumb\",\"itemListElement\":[{\"@type\":\"ListItem\",\"position\":1,\"name\":\"Portada\",\"item\":\"https:\/\/www.ull.es\/portal\/cienciaull\/\"},{\"@type\":\"ListItem\",\"position\":2,\"name\":\"Laboratorio ARN Innova\",\"item\":\"https:\/\/www.ull.es\/portal\/cienciaull\/laboratorio-arn-innova\/\"},{\"@type\":\"ListItem\",\"position\":3,\"name\":\"Actividades\",\"item\":\"https:\/\/www.ull.es\/portal\/cienciaull\/laboratorio-arn-innova\/actividades\/\"},{\"@type\":\"ListItem\",\"position\":4,\"name\":\"Concurso Escolar de Proyectos Cient\u00edficos Arona JUNIOR SCIENTISTS\"}]},{\"@type\":\"WebSite\",\"@id\":\"https:\/\/www.ull.es\/portal\/cienciaull\/#website\",\"url\":\"https:\/\/www.ull.es\/portal\/cienciaull\/\",\"name\":\"\",\"description\":\"Unidad de Cultura Cient\u00edfica y de la Innovaci\u00f3n de la Universidad de La Laguna\",\"potentialAction\":[{\"@type\":\"SearchAction\",\"target\":{\"@type\":\"EntryPoint\",\"urlTemplate\":\"https:\/\/www.ull.es\/portal\/cienciaull\/?s={search_term_string}\"},\"query-input\":\"required name=search_term_string\"}],\"inLanguage\":\"es\"}]}<\/script>\n<!-- \/ Yoast SEO plugin. -->","yoast_head_json":{"title":"Concurso Escolar de Proyectos Cient\u00edficos Arona JUNIOR SCIENTISTS -","robots":{"index":"index","follow":"follow","max-snippet":"max-snippet:-1","max-image-preview":"max-image-preview:large","max-video-preview":"max-video-preview:-1"},"canonical":"https:\/\/www.ull.es\/portal\/cienciaull\/laboratorio-arn-innova\/actividades\/concurso-escolar-de-proyectos-cientificos-arona-junior-scientists\/","og_locale":"es_ES","og_type":"article","og_title":"Concurso Escolar de Proyectos Cient\u00edficos Arona JUNIOR SCIENTISTS -","og_description":"[vc_row][vc_column][vc_single_image image=\u00bb9916&#8243; img_size=\u00bbfull\u00bb alignment=\u00bbcenter\u00bb][vc_separator color=\u00bbsandy_brown\u00bb style=\u00bbdouble\u00bb border_width=\u00bb10&#8243;][\/vc_column][\/vc_row][vc_row][vc_column][vc_empty_space][vc_custom_heading text=\u00bbConcurso Escolar de Proyectos Cient\u00edficos Arona Junior Scientists\u00bb google_fonts=\u00bbfont_family:Roboto%20Slab%3A100%2C300%2Cregular%2C700|font_style:700%20bold%20regular%3A700%3Anormal\u00bb][vc_column_text css=\u00bb.vc_custom_1604053325785{margin-top: 3px !important;margin-bottom: 3px !important;border-top-width: 3px !important;border-bottom-width: 3px !important;padding-top: 3px !important;padding-bottom: 3px !important;}\u00bb]PRESENTACI\u00d3N El \u201cPrograma de actividades para el fomento de la innovaci\u00f3n empresarial en el municipio de Arona, ARN INNOVA\u201d es una iniciativa que surge, en diciembre de...","og_url":"https:\/\/www.ull.es\/portal\/cienciaull\/laboratorio-arn-innova\/actividades\/concurso-escolar-de-proyectos-cientificos-arona-junior-scientists\/","article_publisher":"https:\/\/www.facebook.com\/CienciaULL\/","article_modified_time":"2020-10-30T12:47:37+00:00","twitter_card":"summary_large_image","twitter_site":"@CienciaULL","twitter_misc":{"Tiempo de lectura":"7 minutos"},"schema":{"@context":"https:\/\/schema.org","@graph":[{"@type":"WebPage","@id":"https:\/\/www.ull.es\/portal\/cienciaull\/laboratorio-arn-innova\/actividades\/concurso-escolar-de-proyectos-cientificos-arona-junior-scientists\/","url":"https:\/\/www.ull.es\/portal\/cienciaull\/laboratorio-arn-innova\/actividades\/concurso-escolar-de-proyectos-cientificos-arona-junior-scientists\/","name":"Concurso Escolar de Proyectos Cient\u00edficos Arona JUNIOR SCIENTISTS -","isPartOf":{"@id":"https:\/\/www.ull.es\/portal\/cienciaull\/#website"},"datePublished":"2020-10-08T08:53:58+00:00","dateModified":"2020-10-30T12:47:37+00:00","breadcrumb":{"@id":"https:\/\/www.ull.es\/portal\/cienciaull\/laboratorio-arn-innova\/actividades\/concurso-escolar-de-proyectos-cientificos-arona-junior-scientists\/#breadcrumb"},"inLanguage":"es","potentialAction":[{"@type":"ReadAction","target":["https:\/\/www.ull.es\/portal\/cienciaull\/laboratorio-arn-innova\/actividades\/concurso-escolar-de-proyectos-cientificos-arona-junior-scientists\/"]}]},{"@type":"BreadcrumbList","@id":"https:\/\/www.ull.es\/portal\/cienciaull\/laboratorio-arn-innova\/actividades\/concurso-escolar-de-proyectos-cientificos-arona-junior-scientists\/#breadcrumb","itemListElement":[{"@type":"ListItem","position":1,"name":"Portada","item":"https:\/\/www.ull.es\/portal\/cienciaull\/"},{"@type":"ListItem","position":2,"name":"Laboratorio ARN Innova","item":"https:\/\/www.ull.es\/portal\/cienciaull\/laboratorio-arn-innova\/"},{"@type":"ListItem","position":3,"name":"Actividades","item":"https:\/\/www.ull.es\/portal\/cienciaull\/laboratorio-arn-innova\/actividades\/"},{"@type":"ListItem","position":4,"name":"Concurso Escolar de Proyectos Cient\u00edficos Arona JUNIOR SCIENTISTS"}]},{"@type":"WebSite","@id":"https:\/\/www.ull.es\/portal\/cienciaull\/#website","url":"https:\/\/www.ull.es\/portal\/cienciaull\/","name":"","description":"Unidad de Cultura Cient\u00edfica y de la Innovaci\u00f3n de la Universidad de La Laguna","potentialAction":[{"@type":"SearchAction","target":{"@type":"EntryPoint","urlTemplate":"https:\/\/www.ull.es\/portal\/cienciaull\/?s={search_term_string}"},"query-input":"required name=search_term_string"}],"inLanguage":"es"}]}},"_links":{"self":[{"href":"https:\/\/www.ull.es\/portal\/cienciaull\/wp-json\/wp\/v2\/pages\/9171"}],"collection":[{"href":"https:\/\/www.ull.es\/portal\/cienciaull\/wp-json\/wp\/v2\/pages"}],"about":[{"href":"https:\/\/www.ull.es\/portal\/cienciaull\/wp-json\/wp\/v2\/types\/page"}],"author":[{"embeddable":true,"href":"https:\/\/www.ull.es\/portal\/cienciaull\/wp-json\/wp\/v2\/users\/56"}],"replies":[{"embeddable":true,"href":"https:\/\/www.ull.es\/portal\/cienciaull\/wp-json\/wp\/v2\/comments?post=9171"}],"version-history":[{"count":13,"href":"https:\/\/www.ull.es\/portal\/cienciaull\/wp-json\/wp\/v2\/pages\/9171\/revisions"}],"predecessor-version":[{"id":9947,"href":"https:\/\/www.ull.es\/portal\/cienciaull\/wp-json\/wp\/v2\/pages\/9171\/revisions\/9947"}],"up":[{"embeddable":true,"href":"https:\/\/www.ull.es\/portal\/cienciaull\/wp-json\/wp\/v2\/pages\/4248"}],"wp:attachment":[{"href":"https:\/\/www.ull.es\/portal\/cienciaull\/wp-json\/wp\/v2\/media?parent=9171"}],"curies":[{"name":"wp","href":"https:\/\/api.w.org\/{rel}","templated":true}]}}