{"id":9203,"date":"2020-10-09T06:14:11","date_gmt":"2020-10-09T06:14:11","guid":{"rendered":"https:\/\/www.ull.es\/portal\/cienciaull\/?page_id=9203"},"modified":"2021-04-09T22:33:05","modified_gmt":"2021-04-09T22:33:05","slug":"zona-de-directos","status":"publish","type":"page","link":"https:\/\/www.ull.es\/portal\/cienciaull\/zona-de-directos\/","title":{"rendered":"Zona de directos"},"content":{"rendered":"<p>[vc_row][vc_column][vc_single_image image=\u00bb11171&#8243; img_size=\u00bb1500&#215;500&#8243;][vc_separator color=\u00bbsky\u00bb border_width=\u00bb10&#8243;][vc_empty_space height=\u00bb20px\u00bb][vc_wp_text]<\/p>\n<div class=\"wpb_text_column wpb_content_element \">\n<div class=\"wpb_wrapper\">\n<h2 style=\"text-align: center\"><span style=\"color: #000000\">Asiste en Directo a esta jornada el d\u00eda 15 de abril, de 17:00 a 19:00 h, desde esta p\u00e1gina<\/span><\/h2>\n<h2><\/h2>\n<\/div>\n<\/div>\n<p>[\/vc_wp_text][vc_empty_space height=\u00bb20px\u00bb][vc_separator color=\u00bbjuicy_pink\u00bb border_width=\u00bb3&#8243; css=\u00bb.vc_custom_1617977324833{margin-bottom: 2px !important;border-bottom-width: 2px !important;padding-bottom: 2px !important;}\u00bb][vc_video link=\u00bbhttps:\/\/youtu.be\/DC8O6zO7KeQ\u00bb][vc_separator color=\u00bbjuicy_pink\u00bb border_width=\u00bb3&#8243; css=\u00bb.vc_custom_1617977330961{margin-top: 0px !important;border-top-width: 0px !important;padding-top: 0px !important;}\u00bb][vc_empty_space height=\u00bb10px\u00bb][vc_wp_text]<\/p>\n<p style=\"text-align: center\"><strong>Durante esta jornada utilizaremos diferentes juegos que nos ayudaran a resolver problemas matem\u00e1ticos. Puedes desc\u00e1rgatelos a continuaci\u00f3n:<\/strong><\/p>\n<p>[\/vc_wp_text][vc_empty_space height=\u00bb10px\u00bb][\/vc_column][\/vc_row][vc_row css=\u00bb.vc_custom_1617981809768{margin-top: 5px !important;margin-bottom: 5px !important;border-top-width: 5px !important;border-bottom-width: 5px !important;padding-top: 5px !important;padding-bottom: 5px !important;background-color: #f4f6f6 !important;background-position: center !important;background-repeat: no-repeat !important;background-size: cover !important;}\u00bb][vc_column width=\u00bb1\/5&#8243;][vc_single_image image=\u00bb11223&#8243; img_size=\u00bb250&#215;250&#8243; onclick=\u00bbcustom_link\u00bb link=\u00bbhttps:\/\/drive.google.com\/drive\/folders\/1vnpcd4L_lh8_JWvxjq9zIqDfUD2F0YWU?usp=sharing\u00bb][\/vc_column][vc_column width=\u00bb1\/5&#8243;][vc_single_image image=\u00bb11237&#8243; img_size=\u00bb250&#215;210&#8243; onclick=\u00bbcustom_link\u00bb link=\u00bbhttps:\/\/drive.google.com\/drive\/folders\/1UQ1zFvoJkdtlQZY6SbBUWtnU7rVatZPs?usp=sharing\u00bb][\/vc_column][vc_column width=\u00bb1\/5&#8243;][vc_single_image image=\u00bb11247&#8243; img_size=\u00bb250&#215;215&#8243; onclick=\u00bbcustom_link\u00bb link=\u00bbhttps:\/\/drive.google.com\/drive\/folders\/17K4K9xHAPQvRQfqoS7zOG2nSQ_JNZKlR?usp=sharing\u00bb][\/vc_column][vc_column width=\u00bb1\/5&#8243;][vc_single_image image=\u00bb11218&#8243; img_size=\u00bb240&#215;195&#8243; onclick=\u00bbcustom_link\u00bb link=\u00bbhttps:\/\/drive.google.com\/drive\/folders\/1IxBp871SkHyYroU3eb0BALJDYTgLeGD-?usp=sharing\u00bb][\/vc_column][vc_column width=\u00bb1\/5&#8243;][vc_single_image image=\u00bb11216&#8243; img_size=\u00bb250&#215;215&#8243; onclick=\u00bbcustom_link\u00bb link=\u00bbhttps:\/\/drive.google.com\/drive\/folders\/1pEap1c5CvzaSinSeFgrSJnECT4e9trbX?usp=sharing\u00bb][\/vc_column][\/vc_row]<\/p>\n","protected":false},"excerpt":{"rendered":"<p>[vc_row][vc_column][vc_single_image image=\u00bb11171&#8243; img_size=\u00bb1500&#215;500&#8243;][vc_separator color=\u00bbsky\u00bb border_width=\u00bb10&#8243;][vc_empty_space height=\u00bb20px\u00bb][vc_wp_text] Asiste en Directo a esta jornada el d\u00eda 15 de abril, de 17:00 a 19:00 h, desde esta p\u00e1gina [\/vc_wp_text][vc_empty_space height=\u00bb20px\u00bb][vc_separator color=\u00bbjuicy_pink\u00bb border_width=\u00bb3&#8243; css=\u00bb.vc_custom_1617977324833{margin-bottom: 2px !important;border-bottom-width: 2px !important;padding-bottom: 2px !important;}\u00bb][vc_video link=\u00bbhttps:\/\/youtu.be\/DC8O6zO7KeQ\u00bb][vc_separator color=\u00bbjuicy_pink\u00bb border_width=\u00bb3&#8243; css=\u00bb.vc_custom_1617977330961{margin-top: 0px !important;border-top-width: 0px !important;padding-top: 0px !important;}\u00bb][vc_empty_space height=\u00bb10px\u00bb][vc_wp_text] Durante esta jornada utilizaremos diferentes juegos que nos&#8230;<\/p>\n","protected":false},"author":56,"featured_media":0,"parent":0,"menu_order":0,"comment_status":"closed","ping_status":"closed","template":"templates\/cienciaull.php","meta":{"inline_featured_image":false,"footnotes":""},"acf":[],"yoast_head":"<!-- This site is optimized with the Yoast SEO plugin v21.3 - https:\/\/yoast.com\/wordpress\/plugins\/seo\/ -->\n<title>Zona de directos -<\/title>\n<meta name=\"robots\" content=\"index, follow, max-snippet:-1, max-image-preview:large, max-video-preview:-1\" \/>\n<link rel=\"canonical\" href=\"https:\/\/www.ull.es\/portal\/cienciaull\/zona-de-directos\/\" \/>\n<meta property=\"og:locale\" content=\"es_ES\" \/>\n<meta property=\"og:type\" content=\"article\" \/>\n<meta property=\"og:title\" content=\"Zona de directos -\" \/>\n<meta property=\"og:description\" content=\"[vc_row][vc_column][vc_single_image image=\u00bb11171&#8243; img_size=\u00bb1500&#215;500&#8243;][vc_separator color=\u00bbsky\u00bb border_width=\u00bb10&#8243;][vc_empty_space height=\u00bb20px\u00bb][vc_wp_text] Asiste en Directo a esta jornada el d\u00eda 15 de abril, de 17:00 a 19:00 h, desde esta p\u00e1gina [\/vc_wp_text][vc_empty_space height=\u00bb20px\u00bb][vc_separator color=\u00bbjuicy_pink\u00bb border_width=\u00bb3&#8243; css=\u00bb.vc_custom_1617977324833{margin-bottom: 2px !important;border-bottom-width: 2px !important;padding-bottom: 2px !important;}\u00bb][vc_video link=\u00bbhttps:\/\/youtu.be\/DC8O6zO7KeQ\u00bb][vc_separator color=\u00bbjuicy_pink\u00bb border_width=\u00bb3&#8243; css=\u00bb.vc_custom_1617977330961{margin-top: 0px !important;border-top-width: 0px !important;padding-top: 0px !important;}\u00bb][vc_empty_space height=\u00bb10px\u00bb][vc_wp_text] Durante esta jornada utilizaremos diferentes juegos que nos...\" \/>\n<meta property=\"og:url\" content=\"https:\/\/www.ull.es\/portal\/cienciaull\/zona-de-directos\/\" \/>\n<meta property=\"article:publisher\" content=\"https:\/\/www.facebook.com\/CienciaULL\/\" \/>\n<meta property=\"article:modified_time\" content=\"2021-04-09T22:33:05+00:00\" \/>\n<meta name=\"twitter:card\" content=\"summary_large_image\" \/>\n<meta name=\"twitter:site\" content=\"@CienciaULL\" \/>\n<meta name=\"twitter:label1\" content=\"Tiempo de lectura\" \/>\n\t<meta name=\"twitter:data1\" content=\"1 minuto\" \/>\n<script type=\"application\/ld+json\" class=\"yoast-schema-graph\">{\"@context\":\"https:\/\/schema.org\",\"@graph\":[{\"@type\":\"WebPage\",\"@id\":\"https:\/\/www.ull.es\/portal\/cienciaull\/zona-de-directos\/\",\"url\":\"https:\/\/www.ull.es\/portal\/cienciaull\/zona-de-directos\/\",\"name\":\"Zona de directos -\",\"isPartOf\":{\"@id\":\"https:\/\/www.ull.es\/portal\/cienciaull\/#website\"},\"datePublished\":\"2020-10-09T06:14:11+00:00\",\"dateModified\":\"2021-04-09T22:33:05+00:00\",\"breadcrumb\":{\"@id\":\"https:\/\/www.ull.es\/portal\/cienciaull\/zona-de-directos\/#breadcrumb\"},\"inLanguage\":\"es\",\"potentialAction\":[{\"@type\":\"ReadAction\",\"target\":[\"https:\/\/www.ull.es\/portal\/cienciaull\/zona-de-directos\/\"]}]},{\"@type\":\"BreadcrumbList\",\"@id\":\"https:\/\/www.ull.es\/portal\/cienciaull\/zona-de-directos\/#breadcrumb\",\"itemListElement\":[{\"@type\":\"ListItem\",\"position\":1,\"name\":\"Portada\",\"item\":\"https:\/\/www.ull.es\/portal\/cienciaull\/\"},{\"@type\":\"ListItem\",\"position\":2,\"name\":\"Zona de directos\"}]},{\"@type\":\"WebSite\",\"@id\":\"https:\/\/www.ull.es\/portal\/cienciaull\/#website\",\"url\":\"https:\/\/www.ull.es\/portal\/cienciaull\/\",\"name\":\"\",\"description\":\"Unidad de Cultura Cient\u00edfica y de la Innovaci\u00f3n de la Universidad de La Laguna\",\"potentialAction\":[{\"@type\":\"SearchAction\",\"target\":{\"@type\":\"EntryPoint\",\"urlTemplate\":\"https:\/\/www.ull.es\/portal\/cienciaull\/?s={search_term_string}\"},\"query-input\":\"required name=search_term_string\"}],\"inLanguage\":\"es\"}]}<\/script>\n<!-- \/ Yoast SEO plugin. -->","yoast_head_json":{"title":"Zona de directos -","robots":{"index":"index","follow":"follow","max-snippet":"max-snippet:-1","max-image-preview":"max-image-preview:large","max-video-preview":"max-video-preview:-1"},"canonical":"https:\/\/www.ull.es\/portal\/cienciaull\/zona-de-directos\/","og_locale":"es_ES","og_type":"article","og_title":"Zona de directos -","og_description":"[vc_row][vc_column][vc_single_image image=\u00bb11171&#8243; img_size=\u00bb1500&#215;500&#8243;][vc_separator color=\u00bbsky\u00bb border_width=\u00bb10&#8243;][vc_empty_space height=\u00bb20px\u00bb][vc_wp_text] Asiste en Directo a esta jornada el d\u00eda 15 de abril, de 17:00 a 19:00 h, desde esta p\u00e1gina [\/vc_wp_text][vc_empty_space height=\u00bb20px\u00bb][vc_separator color=\u00bbjuicy_pink\u00bb border_width=\u00bb3&#8243; css=\u00bb.vc_custom_1617977324833{margin-bottom: 2px !important;border-bottom-width: 2px !important;padding-bottom: 2px !important;}\u00bb][vc_video link=\u00bbhttps:\/\/youtu.be\/DC8O6zO7KeQ\u00bb][vc_separator color=\u00bbjuicy_pink\u00bb border_width=\u00bb3&#8243; css=\u00bb.vc_custom_1617977330961{margin-top: 0px !important;border-top-width: 0px !important;padding-top: 0px !important;}\u00bb][vc_empty_space height=\u00bb10px\u00bb][vc_wp_text] Durante esta jornada utilizaremos diferentes juegos que nos...","og_url":"https:\/\/www.ull.es\/portal\/cienciaull\/zona-de-directos\/","article_publisher":"https:\/\/www.facebook.com\/CienciaULL\/","article_modified_time":"2021-04-09T22:33:05+00:00","twitter_card":"summary_large_image","twitter_site":"@CienciaULL","twitter_misc":{"Tiempo de lectura":"1 minuto"},"schema":{"@context":"https:\/\/schema.org","@graph":[{"@type":"WebPage","@id":"https:\/\/www.ull.es\/portal\/cienciaull\/zona-de-directos\/","url":"https:\/\/www.ull.es\/portal\/cienciaull\/zona-de-directos\/","name":"Zona de directos -","isPartOf":{"@id":"https:\/\/www.ull.es\/portal\/cienciaull\/#website"},"datePublished":"2020-10-09T06:14:11+00:00","dateModified":"2021-04-09T22:33:05+00:00","breadcrumb":{"@id":"https:\/\/www.ull.es\/portal\/cienciaull\/zona-de-directos\/#breadcrumb"},"inLanguage":"es","potentialAction":[{"@type":"ReadAction","target":["https:\/\/www.ull.es\/portal\/cienciaull\/zona-de-directos\/"]}]},{"@type":"BreadcrumbList","@id":"https:\/\/www.ull.es\/portal\/cienciaull\/zona-de-directos\/#breadcrumb","itemListElement":[{"@type":"ListItem","position":1,"name":"Portada","item":"https:\/\/www.ull.es\/portal\/cienciaull\/"},{"@type":"ListItem","position":2,"name":"Zona de directos"}]},{"@type":"WebSite","@id":"https:\/\/www.ull.es\/portal\/cienciaull\/#website","url":"https:\/\/www.ull.es\/portal\/cienciaull\/","name":"","description":"Unidad de Cultura Cient\u00edfica y de la Innovaci\u00f3n de la Universidad de La Laguna","potentialAction":[{"@type":"SearchAction","target":{"@type":"EntryPoint","urlTemplate":"https:\/\/www.ull.es\/portal\/cienciaull\/?s={search_term_string}"},"query-input":"required name=search_term_string"}],"inLanguage":"es"}]}},"_links":{"self":[{"href":"https:\/\/www.ull.es\/portal\/cienciaull\/wp-json\/wp\/v2\/pages\/9203"}],"collection":[{"href":"https:\/\/www.ull.es\/portal\/cienciaull\/wp-json\/wp\/v2\/pages"}],"about":[{"href":"https:\/\/www.ull.es\/portal\/cienciaull\/wp-json\/wp\/v2\/types\/page"}],"author":[{"embeddable":true,"href":"https:\/\/www.ull.es\/portal\/cienciaull\/wp-json\/wp\/v2\/users\/56"}],"replies":[{"embeddable":true,"href":"https:\/\/www.ull.es\/portal\/cienciaull\/wp-json\/wp\/v2\/comments?post=9203"}],"version-history":[{"count":94,"href":"https:\/\/www.ull.es\/portal\/cienciaull\/wp-json\/wp\/v2\/pages\/9203\/revisions"}],"predecessor-version":[{"id":11282,"href":"https:\/\/www.ull.es\/portal\/cienciaull\/wp-json\/wp\/v2\/pages\/9203\/revisions\/11282"}],"wp:attachment":[{"href":"https:\/\/www.ull.es\/portal\/cienciaull\/wp-json\/wp\/v2\/media?parent=9203"}],"curies":[{"name":"wp","href":"https:\/\/api.w.org\/{rel}","templated":true}]}}