{"id":9222,"date":"2020-10-09T09:33:07","date_gmt":"2020-10-09T09:33:07","guid":{"rendered":"https:\/\/www.ull.es\/portal\/cienciaull\/?page_id=9222"},"modified":"2020-10-15T13:07:59","modified_gmt":"2020-10-15T13:07:59","slug":"taller-2-la-ciencia-es-una-valiosa-herramienta-para-conocer-la-naturaleza","status":"publish","type":"page","link":"https:\/\/www.ull.es\/portal\/cienciaull\/proyectochicasconcienciaull\/taller-2-la-ciencia-es-una-valiosa-herramienta-para-conocer-la-naturaleza\/","title":{"rendered":"Taller 2. \u00abLa ciencia es una valiosa herramienta para conocer\u00a0la naturaleza\u00bb."},"content":{"rendered":"<p>[vc_row][vc_column][vc_empty_space][\/vc_column][\/vc_row][vc_row][vc_column width=\u00bb2\/3&#8243;][vc_empty_space][vc_custom_heading text=\u00bb\u00c1rea Biomedicina y Salud\u00bb font_container=\u00bbtag:h2|text_align:left|color:%235dade2&#8243; google_fonts=\u00bbfont_family:Roboto%20Slab%3A100%2C300%2Cregular%2C700|font_style:700%20bold%20regular%3A700%3Anormal\u00bb css=\u00bb.vc_custom_1602712633226{margin-bottom: 3px !important;border-bottom-width: 3px !important;padding-bottom: 3px !important;}\u00bb][vc_custom_heading text=\u00bbTaller 2. \u00abLa ciencia es una valiosa herramienta para conocer la naturaleza\u00bb.\u00bb font_container=\u00bbtag:h3|text_align:left|color:%235dade2&#8243; google_fonts=\u00bbfont_family:Roboto%20Slab%3A100%2C300%2Cregular%2C700|font_style:700%20bold%20regular%3A700%3Anormal\u00bb][vc_empty_space][vc_column_text]<\/p>\n<table>\n<tbody>\n<tr style=\"text-align: justify\">\n<td><strong>Breve descripci\u00f3n<\/strong><\/td>\n<\/tr>\n<tr>\n<td style=\"text-align: justify\">\n<table width=\"0\">\n<tbody>\n<tr>\n<td width=\"604\">En el presente taller se realizar\u00e1n una serie de experimentos sencillos sobre microbiolog\u00eda, farmacolog\u00eda, qu\u00edmica org\u00e1nica y qu\u00edmica general.\u00a0 Un conjunto de actividades que permitir\u00e1n a los estudiantes comprender algunas propiedades de la naturaleza y ampliar sus horizontes cient\u00edficos:<\/p>\n<p><strong>&#8211; Microorganismos:<\/strong> Se describir\u00e1 el concepto y tipos de microorganismos. Se conocer\u00e1n t\u00e9cnicas b\u00e1sicas para cultivarlos e identificar r\u00e1pidamente su naturaleza. Se realizar\u00e1n dos t\u00e9cnicas de cultivo en medio s\u00f3lido: Siembra por agotamiento en estr\u00edas y siembra en c\u00e9sped o masiva.<\/p>\n<p><strong>&#8211;<\/strong> <strong>Antibiograma:<\/strong> Historia, conocimiento, usos cl\u00ednicos y farmacol\u00f3gicos. Aprendizaje en la interpretaci\u00f3n de resultados.<\/p>\n<p><strong>&#8211;\u00a0 Antibi\u00f3ticos:<\/strong> Conceptos, farmacolog\u00eda y usos.<\/p>\n<p><strong>&#8211; Resoluci\u00f3n final de un caso te\u00f3rico-pr\u00e1ctico de un supuesto paciente:<\/strong> la correcta interpretaci\u00f3n de un antibiograma establece la comprensi\u00f3n de la probabilidad del \u00e9xito o del fracaso de los antibi\u00f3ticos. Elecci\u00f3n farmacol\u00f3gica y cl\u00ednica de un antibi\u00f3tico.<\/p>\n<p><strong>&#8211; Empleo y propiedades de indicadores qu\u00edmicos:<\/strong> compuestos o sustancias usados para determinar variaciones de propiedades fisicoqu\u00edmicas a trav\u00e9s de la observaci\u00f3n de un cambio, generalmente crom\u00e1tico. Con tal finalidad, el alumnado preparar\u00e1 disoluciones que cambiar\u00e1n de color debido a transformaciones qu\u00edmicas (por ejemplo, la botella m\u00e1gica) y aprender\u00e1 a utilizar e interpretar los resultados del denominado papel indicador.<\/p>\n<p>El taller ser\u00e1 desarrollado de forma individual y paso a paso por cada alumno\/a en un laboratorio. Se llevar\u00e1n a cabo un conjunto de actividades que posibilitar\u00e1n al alumnado acceder al conocimiento y uso de t\u00e9cnicas muy valiosas y ampliamente utilizadas en la investigaci\u00f3n biol\u00f3gica, farmac\u00e9utica, qu\u00edmica, f\u00edsica y m\u00e9dica. Un aprendizaje de cooperaci\u00f3n individual y grupal eficaz, responsable, respetuoso y divertido. Todo ello en un entorno de interacci\u00f3n contin\u00faa.<\/td>\n<\/tr>\n<\/tbody>\n<\/table>\n<\/td>\n<\/tr>\n<\/tbody>\n<\/table>\n<p>[\/vc_column_text][vc_column_text]<\/p>\n<table>\n<tbody>\n<tr>\n<td><strong>P\u00fablico al que se dirige<\/strong><\/td>\n<td><strong>Duraci\u00f3n<\/strong><\/td>\n<\/tr>\n<tr>\n<td><span style=\"font-weight: 400\"><br \/>\n<\/span><span style=\"font-weight: 400\">Alumnado de 3\u00ba y 4\u00ba de la ESO<\/span><span style=\"font-weight: 400\"><br \/>\n<\/span><\/td>\n<td><span style=\"font-weight: 400\"><br \/>\n<\/span><span style=\"font-weight: 400\">110 minutos<\/span><span style=\"font-weight: 400\"><br \/>\n<\/span><\/td>\n<\/tr>\n<\/tbody>\n<\/table>\n<p>[\/vc_column_text][vc_column_text]<\/p>\n<table width=\"0\">\n<tbody>\n<tr>\n<td width=\"604\"><strong>Materiales y recursos<\/strong><\/td>\n<\/tr>\n<tr>\n<td width=\"604\"><u>Reactivos y soluciones<br \/>\n<\/u>\u2022 Agua.<br \/>\n\u2022 Soluci\u00f3n de \u00e1cido clorh\u00eddrico (HCL) 0,1N.<br \/>\n\u2022 Soluci\u00f3n de hidr\u00f3xido s\u00f3dico (NaOH) 0,1N.<br \/>\n\u2022 Rojo fenol.<br \/>\n\u2022 Azul de metileno.<br \/>\n\u2022 Glucosa.<br \/>\n<u><br \/>\nMaterial de seguridad <\/u>(Por alumno\/a)<br \/>\n\u2022 Un par de guantes.<br \/>\n\u2022 Gafas de seguridad.<br \/>\n\u2022 Bata (de papel desechable).<br \/>\n\u2022 Mascarilla.<br \/>\n<u><\/u><u><br \/>\nMaterial de trabajo <\/u>(Individual, por alumno\/a)<br \/>\n\u2022 3 cuentagotas de pl\u00e1stico.<br \/>\n\u2022 1 vial peque\u00f1o de pl\u00e1stico o vidrio con una muestra de agua.<br \/>\n\u2022 1 vial peque\u00f1o de pl\u00e1stico o vidrio con 5-6 discos de papel de filtro de 0,5 cm de di\u00e1metro aproximadamente.<br \/>\n\u2022 2 viales peque\u00f1os de pl\u00e1stico: uno con azul de metileno y el otro con rojo fenol.<br \/>\n\u2022 1 placa de Petri con agar, est\u00e9ril.<br \/>\n\u2022 1 asa de siembra en forma de anillo, no calibrada.<br \/>\n\u2022 Unas pinzas.<br \/>\n\u2022 1 recipiente de 100 ml aprox. (un vaso de precipitado, un Erlenmeyer o un caso de pl\u00e1stico peque\u00f1o).<br \/>\n\u2022 1 gradilla o 1 vaso (para los tubos gruesos).<br \/>\n\u2022 2 tubos de ensayo de pl\u00e1stico: Uno con 2 g de NaOH y otro con 2 g de glucosa.<br \/>\n\u2022 1 botella de agua de pl\u00e1stico de 1\/2L, con la mitad de su contenido.<br \/>\n\u2022 2 tubos Falcon (u otro material) de 50 mL: Uno con 40 mL de soluci\u00f3n ac. clorh\u00eddrico 0,1N y otro con 40 mL de soluci\u00f3n de hidr\u00f3xido s\u00f3dico (NaOH) 0,1N.<br \/>\n\u2022 3 trozos (1cm aprox.) de papel indicador.<\/td>\n<\/tr>\n<\/tbody>\n<\/table>\n<p>[\/vc_column_text][vc_column_text]<\/p>\n<table width=\"0\">\n<tbody>\n<tr>\n<td width=\"146\"><strong>Investigadora<\/strong><\/td>\n<td width=\"459\">Rosal\u00eda Gonz\u00e1lez Brito<\/td>\n<\/tr>\n<tr>\n<td width=\"146\"><strong>Departamento<\/strong><\/td>\n<td width=\"459\">Qu\u00edmica Org\u00e1nica y colaboradora en Medicina F\u00edsica y Farmacolog\u00eda<\/td>\n<\/tr>\n<\/tbody>\n<\/table>\n<p>[\/vc_column_text][vc_column_text]<\/p>\n<table width=\"0\">\n<tbody>\n<tr>\n<td width=\"146\"><strong>Observaciones<\/strong><\/td>\n<td width=\"459\">En cuanto al material para realizar el taller se contactar\u00e1 con el centro educativo para organizar y preparar.<\/td>\n<\/tr>\n<tr>\n<td width=\"146\"><\/td>\n<td width=\"459\">El centro educativo debe disponer de ordenador\/tablet y conexi\u00f3n a internet dado que los talleres ser\u00e1n en directo, online.<\/td>\n<\/tr>\n<\/tbody>\n<\/table>\n<p>[\/vc_column_text][\/vc_column][vc_column width=\u00bb1\/3&#8243;][vc_empty_space height=\u00bb200px\u00bb][vc_single_image image=\u00bb9352&#8243; img_size=\u00bblarge\u00bb alignment=\u00bbcenter\u00bb][vc_btn title=\u00bbP\u00e1gina principal\u00bb color=\u00bbprimary\u00bb size=\u00bblg\u00bb align=\u00bbcenter\u00bb button_block=\u00bbtrue\u00bb link=\u00bburl:https%3A%2F%2Fwww.ull.es%2Fportal%2Fcienciaull%2Fchicasconcienciaull%2F\u00bb css=\u00bb.vc_custom_1602755242044{margin-bottom: 3px !important;border-bottom-width: 3px !important;padding-bottom: 3px !important;}\u00bb][vc_btn title=\u00bbRepositorio de Materiales\u00bb color=\u00bbprimary\u00bb size=\u00bblg\u00bb align=\u00bbcenter\u00bb button_block=\u00bbtrue\u00bb link=\u00bburl:https%3A%2F%2Fwww.ull.es%2Fportal%2Fcienciaull%2Fchicasconcienciaull%2Fmateriales%2F\u00bb css=\u00bb.vc_custom_1602738963849{margin-bottom: 3px !important;border-bottom-width: 3px !important;padding-bottom: 3px !important;}\u00bb][vc_btn title=\u00bbDescargar Ficha Taller\u00bb color=\u00bbprimary\u00bb size=\u00bblg\u00bb align=\u00bbcenter\u00bb button_block=\u00bbtrue\u00bb link=\u00bburl:https%3A%2F%2Fdrive.google.com%2Ffile%2Fd%2F12ahcOaKjGUax1Tubr1JAB4T09hDMFbeb%2Fview%3Fusp%3Dsharing\u00bb][\/vc_column][\/vc_row][vc_row][vc_column][\/vc_column][\/vc_row]<\/p>\n","protected":false},"excerpt":{"rendered":"<p>[vc_row][vc_column][vc_empty_space][\/vc_column][\/vc_row][vc_row][vc_column width=\u00bb2\/3&#8243;][vc_empty_space][vc_custom_heading text=\u00bb\u00c1rea Biomedicina y Salud\u00bb font_container=\u00bbtag:h2|text_align:left|color:%235dade2&#8243; google_fonts=\u00bbfont_family:Roboto%20Slab%3A100%2C300%2Cregular%2C700|font_style:700%20bold%20regular%3A700%3Anormal\u00bb css=\u00bb.vc_custom_1602712633226{margin-bottom: 3px !important;border-bottom-width: 3px !important;padding-bottom: 3px !important;}\u00bb][vc_custom_heading text=\u00bbTaller 2. \u00abLa ciencia es una valiosa herramienta para conocer la naturaleza\u00bb.\u00bb font_container=\u00bbtag:h3|text_align:left|color:%235dade2&#8243; google_fonts=\u00bbfont_family:Roboto%20Slab%3A100%2C300%2Cregular%2C700|font_style:700%20bold%20regular%3A700%3Anormal\u00bb][vc_empty_space][vc_column_text] Breve descripci\u00f3n En el presente taller se realizar\u00e1n una serie de experimentos sencillos sobre microbiolog\u00eda, farmacolog\u00eda, qu\u00edmica org\u00e1nica y qu\u00edmica general.\u00a0 Un conjunto de actividades que&#8230;<\/p>\n","protected":false},"author":56,"featured_media":0,"parent":1606,"menu_order":0,"comment_status":"closed","ping_status":"closed","template":"templates\/cienciaull.php","meta":{"inline_featured_image":false,"footnotes":""},"acf":[],"yoast_head":"<!-- This site is optimized with the Yoast SEO plugin v21.3 - https:\/\/yoast.com\/wordpress\/plugins\/seo\/ -->\n<title>Taller 2. \u00abLa ciencia es una valiosa herramienta para conocer\u00a0la naturaleza\u00bb. -<\/title>\n<meta name=\"robots\" content=\"index, follow, max-snippet:-1, max-image-preview:large, max-video-preview:-1\" \/>\n<link rel=\"canonical\" href=\"https:\/\/www.ull.es\/portal\/cienciaull\/proyectochicasconcienciaull\/taller-2-la-ciencia-es-una-valiosa-herramienta-para-conocer-la-naturaleza\/\" \/>\n<meta property=\"og:locale\" content=\"es_ES\" \/>\n<meta property=\"og:type\" content=\"article\" \/>\n<meta property=\"og:title\" content=\"Taller 2. \u00abLa ciencia es una valiosa herramienta para conocer\u00a0la naturaleza\u00bb. -\" \/>\n<meta property=\"og:description\" content=\"[vc_row][vc_column][vc_empty_space][\/vc_column][\/vc_row][vc_row][vc_column width=\u00bb2\/3&#8243;][vc_empty_space][vc_custom_heading text=\u00bb\u00c1rea Biomedicina y Salud\u00bb font_container=\u00bbtag:h2|text_align:left|color:%235dade2&#8243; google_fonts=\u00bbfont_family:Roboto%20Slab%3A100%2C300%2Cregular%2C700|font_style:700%20bold%20regular%3A700%3Anormal\u00bb css=\u00bb.vc_custom_1602712633226{margin-bottom: 3px !important;border-bottom-width: 3px !important;padding-bottom: 3px !important;}\u00bb][vc_custom_heading text=\u00bbTaller 2. \u00abLa ciencia es una valiosa herramienta para conocer la naturaleza\u00bb.\u00bb font_container=\u00bbtag:h3|text_align:left|color:%235dade2&#8243; google_fonts=\u00bbfont_family:Roboto%20Slab%3A100%2C300%2Cregular%2C700|font_style:700%20bold%20regular%3A700%3Anormal\u00bb][vc_empty_space][vc_column_text] Breve descripci\u00f3n En el presente taller se realizar\u00e1n una serie de experimentos sencillos sobre microbiolog\u00eda, farmacolog\u00eda, qu\u00edmica org\u00e1nica y qu\u00edmica general.\u00a0 Un conjunto de actividades que...\" \/>\n<meta property=\"og:url\" content=\"https:\/\/www.ull.es\/portal\/cienciaull\/proyectochicasconcienciaull\/taller-2-la-ciencia-es-una-valiosa-herramienta-para-conocer-la-naturaleza\/\" \/>\n<meta property=\"article:publisher\" content=\"https:\/\/www.facebook.com\/CienciaULL\/\" \/>\n<meta property=\"article:modified_time\" content=\"2020-10-15T13:07:59+00:00\" \/>\n<meta name=\"twitter:card\" content=\"summary_large_image\" \/>\n<meta name=\"twitter:site\" content=\"@CienciaULL\" \/>\n<meta name=\"twitter:label1\" content=\"Tiempo de lectura\" \/>\n\t<meta name=\"twitter:data1\" content=\"5 minutos\" \/>\n<script type=\"application\/ld+json\" class=\"yoast-schema-graph\">{\"@context\":\"https:\/\/schema.org\",\"@graph\":[{\"@type\":\"WebPage\",\"@id\":\"https:\/\/www.ull.es\/portal\/cienciaull\/proyectochicasconcienciaull\/taller-2-la-ciencia-es-una-valiosa-herramienta-para-conocer-la-naturaleza\/\",\"url\":\"https:\/\/www.ull.es\/portal\/cienciaull\/proyectochicasconcienciaull\/taller-2-la-ciencia-es-una-valiosa-herramienta-para-conocer-la-naturaleza\/\",\"name\":\"Taller 2. \u00abLa ciencia es una valiosa herramienta para conocer\u00a0la naturaleza\u00bb. -\",\"isPartOf\":{\"@id\":\"https:\/\/www.ull.es\/portal\/cienciaull\/#website\"},\"datePublished\":\"2020-10-09T09:33:07+00:00\",\"dateModified\":\"2020-10-15T13:07:59+00:00\",\"breadcrumb\":{\"@id\":\"https:\/\/www.ull.es\/portal\/cienciaull\/proyectochicasconcienciaull\/taller-2-la-ciencia-es-una-valiosa-herramienta-para-conocer-la-naturaleza\/#breadcrumb\"},\"inLanguage\":\"es\",\"potentialAction\":[{\"@type\":\"ReadAction\",\"target\":[\"https:\/\/www.ull.es\/portal\/cienciaull\/proyectochicasconcienciaull\/taller-2-la-ciencia-es-una-valiosa-herramienta-para-conocer-la-naturaleza\/\"]}]},{\"@type\":\"BreadcrumbList\",\"@id\":\"https:\/\/www.ull.es\/portal\/cienciaull\/proyectochicasconcienciaull\/taller-2-la-ciencia-es-una-valiosa-herramienta-para-conocer-la-naturaleza\/#breadcrumb\",\"itemListElement\":[{\"@type\":\"ListItem\",\"position\":1,\"name\":\"Portada\",\"item\":\"https:\/\/www.ull.es\/portal\/cienciaull\/\"},{\"@type\":\"ListItem\",\"position\":2,\"name\":\"Chicas con Cienci@ULL\",\"item\":\"https:\/\/www.ull.es\/portal\/cienciaull\/proyectochicasconcienciaull\/\"},{\"@type\":\"ListItem\",\"position\":3,\"name\":\"Taller 2. \u00abLa ciencia es una valiosa herramienta para conocer\u00a0la naturaleza\u00bb.\"}]},{\"@type\":\"WebSite\",\"@id\":\"https:\/\/www.ull.es\/portal\/cienciaull\/#website\",\"url\":\"https:\/\/www.ull.es\/portal\/cienciaull\/\",\"name\":\"\",\"description\":\"Unidad de Cultura Cient\u00edfica y de la Innovaci\u00f3n de la Universidad de La Laguna\",\"potentialAction\":[{\"@type\":\"SearchAction\",\"target\":{\"@type\":\"EntryPoint\",\"urlTemplate\":\"https:\/\/www.ull.es\/portal\/cienciaull\/?s={search_term_string}\"},\"query-input\":\"required name=search_term_string\"}],\"inLanguage\":\"es\"}]}<\/script>\n<!-- \/ Yoast SEO plugin. -->","yoast_head_json":{"title":"Taller 2. \u00abLa ciencia es una valiosa herramienta para conocer\u00a0la naturaleza\u00bb. -","robots":{"index":"index","follow":"follow","max-snippet":"max-snippet:-1","max-image-preview":"max-image-preview:large","max-video-preview":"max-video-preview:-1"},"canonical":"https:\/\/www.ull.es\/portal\/cienciaull\/proyectochicasconcienciaull\/taller-2-la-ciencia-es-una-valiosa-herramienta-para-conocer-la-naturaleza\/","og_locale":"es_ES","og_type":"article","og_title":"Taller 2. \u00abLa ciencia es una valiosa herramienta para conocer\u00a0la naturaleza\u00bb. -","og_description":"[vc_row][vc_column][vc_empty_space][\/vc_column][\/vc_row][vc_row][vc_column width=\u00bb2\/3&#8243;][vc_empty_space][vc_custom_heading text=\u00bb\u00c1rea Biomedicina y Salud\u00bb font_container=\u00bbtag:h2|text_align:left|color:%235dade2&#8243; google_fonts=\u00bbfont_family:Roboto%20Slab%3A100%2C300%2Cregular%2C700|font_style:700%20bold%20regular%3A700%3Anormal\u00bb css=\u00bb.vc_custom_1602712633226{margin-bottom: 3px !important;border-bottom-width: 3px !important;padding-bottom: 3px !important;}\u00bb][vc_custom_heading text=\u00bbTaller 2. \u00abLa ciencia es una valiosa herramienta para conocer la naturaleza\u00bb.\u00bb font_container=\u00bbtag:h3|text_align:left|color:%235dade2&#8243; google_fonts=\u00bbfont_family:Roboto%20Slab%3A100%2C300%2Cregular%2C700|font_style:700%20bold%20regular%3A700%3Anormal\u00bb][vc_empty_space][vc_column_text] Breve descripci\u00f3n En el presente taller se realizar\u00e1n una serie de experimentos sencillos sobre microbiolog\u00eda, farmacolog\u00eda, qu\u00edmica org\u00e1nica y qu\u00edmica general.\u00a0 Un conjunto de actividades que...","og_url":"https:\/\/www.ull.es\/portal\/cienciaull\/proyectochicasconcienciaull\/taller-2-la-ciencia-es-una-valiosa-herramienta-para-conocer-la-naturaleza\/","article_publisher":"https:\/\/www.facebook.com\/CienciaULL\/","article_modified_time":"2020-10-15T13:07:59+00:00","twitter_card":"summary_large_image","twitter_site":"@CienciaULL","twitter_misc":{"Tiempo de lectura":"5 minutos"},"schema":{"@context":"https:\/\/schema.org","@graph":[{"@type":"WebPage","@id":"https:\/\/www.ull.es\/portal\/cienciaull\/proyectochicasconcienciaull\/taller-2-la-ciencia-es-una-valiosa-herramienta-para-conocer-la-naturaleza\/","url":"https:\/\/www.ull.es\/portal\/cienciaull\/proyectochicasconcienciaull\/taller-2-la-ciencia-es-una-valiosa-herramienta-para-conocer-la-naturaleza\/","name":"Taller 2. \u00abLa ciencia es una valiosa herramienta para conocer\u00a0la naturaleza\u00bb. -","isPartOf":{"@id":"https:\/\/www.ull.es\/portal\/cienciaull\/#website"},"datePublished":"2020-10-09T09:33:07+00:00","dateModified":"2020-10-15T13:07:59+00:00","breadcrumb":{"@id":"https:\/\/www.ull.es\/portal\/cienciaull\/proyectochicasconcienciaull\/taller-2-la-ciencia-es-una-valiosa-herramienta-para-conocer-la-naturaleza\/#breadcrumb"},"inLanguage":"es","potentialAction":[{"@type":"ReadAction","target":["https:\/\/www.ull.es\/portal\/cienciaull\/proyectochicasconcienciaull\/taller-2-la-ciencia-es-una-valiosa-herramienta-para-conocer-la-naturaleza\/"]}]},{"@type":"BreadcrumbList","@id":"https:\/\/www.ull.es\/portal\/cienciaull\/proyectochicasconcienciaull\/taller-2-la-ciencia-es-una-valiosa-herramienta-para-conocer-la-naturaleza\/#breadcrumb","itemListElement":[{"@type":"ListItem","position":1,"name":"Portada","item":"https:\/\/www.ull.es\/portal\/cienciaull\/"},{"@type":"ListItem","position":2,"name":"Chicas con Cienci@ULL","item":"https:\/\/www.ull.es\/portal\/cienciaull\/proyectochicasconcienciaull\/"},{"@type":"ListItem","position":3,"name":"Taller 2. \u00abLa ciencia es una valiosa herramienta para conocer\u00a0la naturaleza\u00bb."}]},{"@type":"WebSite","@id":"https:\/\/www.ull.es\/portal\/cienciaull\/#website","url":"https:\/\/www.ull.es\/portal\/cienciaull\/","name":"","description":"Unidad de Cultura Cient\u00edfica y de la Innovaci\u00f3n de la Universidad de La Laguna","potentialAction":[{"@type":"SearchAction","target":{"@type":"EntryPoint","urlTemplate":"https:\/\/www.ull.es\/portal\/cienciaull\/?s={search_term_string}"},"query-input":"required name=search_term_string"}],"inLanguage":"es"}]}},"_links":{"self":[{"href":"https:\/\/www.ull.es\/portal\/cienciaull\/wp-json\/wp\/v2\/pages\/9222"}],"collection":[{"href":"https:\/\/www.ull.es\/portal\/cienciaull\/wp-json\/wp\/v2\/pages"}],"about":[{"href":"https:\/\/www.ull.es\/portal\/cienciaull\/wp-json\/wp\/v2\/types\/page"}],"author":[{"embeddable":true,"href":"https:\/\/www.ull.es\/portal\/cienciaull\/wp-json\/wp\/v2\/users\/56"}],"replies":[{"embeddable":true,"href":"https:\/\/www.ull.es\/portal\/cienciaull\/wp-json\/wp\/v2\/comments?post=9222"}],"version-history":[{"count":51,"href":"https:\/\/www.ull.es\/portal\/cienciaull\/wp-json\/wp\/v2\/pages\/9222\/revisions"}],"predecessor-version":[{"id":9380,"href":"https:\/\/www.ull.es\/portal\/cienciaull\/wp-json\/wp\/v2\/pages\/9222\/revisions\/9380"}],"up":[{"embeddable":true,"href":"https:\/\/www.ull.es\/portal\/cienciaull\/wp-json\/wp\/v2\/pages\/1606"}],"wp:attachment":[{"href":"https:\/\/www.ull.es\/portal\/cienciaull\/wp-json\/wp\/v2\/media?parent=9222"}],"curies":[{"name":"wp","href":"https:\/\/api.w.org\/{rel}","templated":true}]}}