{"id":9416,"date":"2020-10-19T08:59:40","date_gmt":"2020-10-19T08:59:40","guid":{"rendered":"https:\/\/www.ull.es\/portal\/cienciaull\/?page_id=9416"},"modified":"2020-10-20T07:17:42","modified_gmt":"2020-10-20T07:17:42","slug":"taller-3-como-siente-la-piel","status":"publish","type":"page","link":"https:\/\/www.ull.es\/portal\/cienciaull\/proyectochicasconcienciaull\/taller-3-como-siente-la-piel\/","title":{"rendered":"Taller 3. \u00abComo \u00absiente\u00bb la piel\u00bb."},"content":{"rendered":"<p>[vc_row][vc_column][vc_empty_space][\/vc_column][\/vc_row][vc_row][vc_column width=\u00bb2\/3&#8243;][vc_empty_space][vc_custom_heading text=\u00bb\u00c1rea Energ\u00eda, Biodiversidad y Medioambiente\u00bb font_container=\u00bbtag:h2|text_align:left|color:%237bd31d\u00bb google_fonts=\u00bbfont_family:Roboto%20Slab%3A100%2C300%2Cregular%2C700|font_style:700%20bold%20regular%3A700%3Anormal\u00bb css=\u00bb.vc_custom_1603098141935{margin-bottom: 3px !important;border-bottom-width: 3px !important;padding-bottom: 3px !important;}\u00bb][vc_custom_heading text=\u00bbTaller 3. \u00abComo \u00absiente\u00ab la piel\u00bb.\u00bb font_container=\u00bbtag:h3|text_align:left|color:%237bd31d\u00bb google_fonts=\u00bbfont_family:Roboto%20Slab%3A100%2C300%2Cregular%2C700|font_style:700%20bold%20regular%3A700%3Anormal\u00bb][vc_empty_space][vc_column_text]<\/p>\n<table>\n<tbody>\n<tr>\n<td><strong>Breve descripci\u00f3n<\/strong><\/td>\n<\/tr>\n<tr>\n<td>\n<table width=\"0\">\n<tbody>\n<tr>\n<td width=\"604\">La piel humana tiene diferentes receptores sensoriales que pueden ser diferenciados entre s\u00ed a trav\u00e9s del microscopio. Estos receptores responden a est\u00edmulos mec\u00e1nicos, qu\u00edmicos y t\u00e9rmicos. En la corteza cerebral se pueden diferenciar distintas regiones con una funci\u00f3n diferente cada una de ellas. Por ejemplo, en el l\u00f3bulo parietal se encuentra la corteza somatosensorial, donde la cantidad de espacio dedicado a los sentidos de cada parte del cuerpo es proporcional a la densidad de receptores sensoriales de esa parte del cuerpo. As\u00ed, es posible hacer una representaci\u00f3n de la forma en que es \u201csentida\u201d cada regi\u00f3n del cuerpo en la corteza mediante el sentido del tacto, en este caso. Esto adopta la figura de un hom\u00fanculo u hombre peque\u00f1o desproporcionado.<\/p>\n<p style=\"text-align: justify\">Por tanto, este taller tiene como finalidad estudiar la sensibilidad t\u00e1ctil humana, mediante la consecuci\u00f3n de una serie de ejercicios en parejas y en grupos, para que el alumnado alcance los siguientes objetivos espec\u00edficos:<\/p>\n<p style=\"text-align: justify\">1) Diferenciar las distintas regiones en la corteza cerebral y conocer sus funciones.<\/p>\n<p style=\"text-align: justify\">2) Determinar la cantidad de espacio dedicado a los sentidos de cada parte del cuerpo.<\/p>\n<p style=\"text-align: justify\">3) Representar gr\u00e1ficamente la forma en que es \u201csentida\u201d cada regi\u00f3n corporal en la corteza mediante el sentido del tacto.<\/p>\n<p style=\"text-align: justify\">4) Conocer c\u00f3mo se trasmite la informaci\u00f3n t\u00e1ctil y la velocidad de trasmisi\u00f3n y aprender c\u00f3mo se adapta el cerebro al est\u00edmulo.<\/p>\n<\/td>\n<\/tr>\n<\/tbody>\n<\/table>\n<\/td>\n<\/tr>\n<\/tbody>\n<\/table>\n<p>[\/vc_column_text][vc_column_text]<\/p>\n<table>\n<tbody>\n<tr>\n<td><strong>P\u00fablico al que se dirige<\/strong><\/td>\n<td><strong>Duraci\u00f3n<\/strong><\/td>\n<\/tr>\n<tr>\n<td><span style=\"font-weight: 400\"><br \/>\n<\/span><span style=\"font-weight: 400\">Alumnado de 3\u00ba y 4\u00ba de la ESO<\/span><span style=\"font-weight: 400\"><br \/>\n<\/span><\/td>\n<td><span style=\"font-weight: 400\"><br \/>\n<\/span><span style=\"font-weight: 400\">110 minutos<\/span><span style=\"font-weight: 400\"><br \/>\n<\/span><\/td>\n<\/tr>\n<\/tbody>\n<\/table>\n<p>[\/vc_column_text][vc_column_text]<\/p>\n<table width=\"0\">\n<tbody>\n<tr>\n<td width=\"604\"><strong>Materiales y recursos<\/strong><\/td>\n<\/tr>\n<tr>\n<td width=\"604\">\u00b7 Fotocopias explicativas.<br \/>\n\u00b7 L\u00e1piz (2 por pareja).<br \/>\n\u00b7 Regla (1 por pareja).<br \/>\n\u00b7 Papel milimetrado (1 por alumno(a).<br \/>\n\u00b7 Cron\u00f3metro (1 por pareja).<br \/>\n\u00b7 Timbre (1 por pareja).<br \/>\n\u00b7 Cinta m\u00e9trica (1 por pareja).<\/td>\n<\/tr>\n<\/tbody>\n<\/table>\n<p>[\/vc_column_text][vc_column_text]<\/p>\n<table width=\"0\">\n<tbody>\n<tr>\n<td width=\"146\"><strong>Investigadora<\/strong><\/td>\n<td width=\"459\">Sara Garc\u00eda Ravelo<\/td>\n<\/tr>\n<tr>\n<td width=\"146\"><strong>Departamento<\/strong><\/td>\n<td width=\"459\">Biolog\u00eda Animal, Edafolog\u00eda y Geolog\u00eda<\/td>\n<\/tr>\n<\/tbody>\n<\/table>\n<p>[\/vc_column_text][vc_column_text]<\/p>\n<table width=\"0\">\n<tbody>\n<tr>\n<td width=\"146\"><strong>Observaciones<\/strong><\/td>\n<td width=\"459\">En cuanto al material para realizar el taller se contactar\u00e1 con el centro educativo para organizar y preparar.<\/td>\n<\/tr>\n<tr>\n<td width=\"146\"><\/td>\n<td width=\"459\">El centro educativo debe disponer de ordenador\/tablet y conexi\u00f3n a internet dado que los talleres ser\u00e1n en directo, online.<\/td>\n<\/tr>\n<\/tbody>\n<\/table>\n<p>[\/vc_column_text][\/vc_column][vc_column width=\u00bb1\/3&#8243;][vc_empty_space height=\u00bb200px\u00bb][vc_single_image image=\u00bb9459&#8243; img_size=\u00bblarge\u00bb alignment=\u00bbcenter\u00bb][vc_btn title=\u00bbP\u00e1gina principal\u00bb color=\u00bbgreen\u00bb size=\u00bblg\u00bb align=\u00bbcenter\u00bb button_block=\u00bbtrue\u00bb link=\u00bburl:https%3A%2F%2Fwww.ull.es%2Fportal%2Fcienciaull%2Fchicasconcienciaull%2F\u00bb css=\u00bb.vc_custom_1603102096971{margin-bottom: 3px !important;border-bottom-width: 3px !important;padding-bottom: 3px !important;}\u00bb][vc_btn title=\u00bbRepositorio de Materiales\u00bb color=\u00bbgreen\u00bb size=\u00bblg\u00bb align=\u00bbcenter\u00bb button_block=\u00bbtrue\u00bb link=\u00bburl:https%3A%2F%2Fwww.ull.es%2Fportal%2Fcienciaull%2Fchicasconcienciaull%2Fmateriales%2F\u00bb css=\u00bb.vc_custom_1603102146169{margin-bottom: 3px !important;border-bottom-width: 3px !important;padding-bottom: 3px !important;}\u00bb][vc_btn title=\u00bbDescargar Ficha Taller\u00bb color=\u00bbgreen\u00bb size=\u00bblg\u00bb align=\u00bbcenter\u00bb button_block=\u00bbtrue\u00bb css=\u00bb.vc_custom_1603178246354{margin-bottom: 3px !important;border-bottom-width: 3px !important;padding-bottom: 3px !important;}\u00bb link=\u00bburl:https%3A%2F%2Fdrive.google.com%2Ffile%2Fd%2F1UHxP8wCEZOE70DJ0JaFCCOArs27qxCHx%2Fview%3Fusp%3Dsharing\u00bb][\/vc_column][\/vc_row]<\/p>\n","protected":false},"excerpt":{"rendered":"<p>[vc_row][vc_column][vc_empty_space][\/vc_column][\/vc_row][vc_row][vc_column width=\u00bb2\/3&#8243;][vc_empty_space][vc_custom_heading text=\u00bb\u00c1rea Energ\u00eda, Biodiversidad y Medioambiente\u00bb font_container=\u00bbtag:h2|text_align:left|color:%237bd31d\u00bb google_fonts=\u00bbfont_family:Roboto%20Slab%3A100%2C300%2Cregular%2C700|font_style:700%20bold%20regular%3A700%3Anormal\u00bb css=\u00bb.vc_custom_1603098141935{margin-bottom: 3px !important;border-bottom-width: 3px !important;padding-bottom: 3px !important;}\u00bb][vc_custom_heading text=\u00bbTaller 3. \u00abComo \u00absiente\u00ab la piel\u00bb.\u00bb font_container=\u00bbtag:h3|text_align:left|color:%237bd31d\u00bb google_fonts=\u00bbfont_family:Roboto%20Slab%3A100%2C300%2Cregular%2C700|font_style:700%20bold%20regular%3A700%3Anormal\u00bb][vc_empty_space][vc_column_text] Breve descripci\u00f3n La piel humana tiene diferentes receptores sensoriales que pueden ser diferenciados entre s\u00ed a trav\u00e9s del microscopio. Estos receptores responden a est\u00edmulos mec\u00e1nicos, qu\u00edmicos y t\u00e9rmicos. En la corteza&#8230;<\/p>\n","protected":false},"author":56,"featured_media":0,"parent":1606,"menu_order":0,"comment_status":"closed","ping_status":"closed","template":"templates\/cienciaull.php","meta":{"inline_featured_image":false,"footnotes":""},"acf":[],"yoast_head":"<!-- This site is optimized with the Yoast SEO plugin v21.3 - https:\/\/yoast.com\/wordpress\/plugins\/seo\/ -->\n<title>Taller 3. \u00abComo &quot;siente&quot; la piel\u00bb. -<\/title>\n<meta name=\"robots\" content=\"index, follow, max-snippet:-1, max-image-preview:large, max-video-preview:-1\" \/>\n<link rel=\"canonical\" href=\"https:\/\/www.ull.es\/portal\/cienciaull\/proyectochicasconcienciaull\/taller-3-como-siente-la-piel\/\" \/>\n<meta property=\"og:locale\" content=\"es_ES\" \/>\n<meta property=\"og:type\" content=\"article\" \/>\n<meta property=\"og:title\" content=\"Taller 3. \u00abComo &quot;siente&quot; la piel\u00bb. -\" \/>\n<meta property=\"og:description\" content=\"[vc_row][vc_column][vc_empty_space][\/vc_column][\/vc_row][vc_row][vc_column width=\u00bb2\/3&#8243;][vc_empty_space][vc_custom_heading text=\u00bb\u00c1rea Energ\u00eda, Biodiversidad y Medioambiente\u00bb font_container=\u00bbtag:h2|text_align:left|color:%237bd31d\u00bb google_fonts=\u00bbfont_family:Roboto%20Slab%3A100%2C300%2Cregular%2C700|font_style:700%20bold%20regular%3A700%3Anormal\u00bb css=\u00bb.vc_custom_1603098141935{margin-bottom: 3px !important;border-bottom-width: 3px !important;padding-bottom: 3px !important;}\u00bb][vc_custom_heading text=\u00bbTaller 3. \u00abComo \u00absiente\u00ab la piel\u00bb.\u00bb font_container=\u00bbtag:h3|text_align:left|color:%237bd31d\u00bb google_fonts=\u00bbfont_family:Roboto%20Slab%3A100%2C300%2Cregular%2C700|font_style:700%20bold%20regular%3A700%3Anormal\u00bb][vc_empty_space][vc_column_text] Breve descripci\u00f3n La piel humana tiene diferentes receptores sensoriales que pueden ser diferenciados entre s\u00ed a trav\u00e9s del microscopio. Estos receptores responden a est\u00edmulos mec\u00e1nicos, qu\u00edmicos y t\u00e9rmicos. En la corteza...\" \/>\n<meta property=\"og:url\" content=\"https:\/\/www.ull.es\/portal\/cienciaull\/proyectochicasconcienciaull\/taller-3-como-siente-la-piel\/\" \/>\n<meta property=\"article:publisher\" content=\"https:\/\/www.facebook.com\/CienciaULL\/\" \/>\n<meta property=\"article:modified_time\" content=\"2020-10-20T07:17:42+00:00\" \/>\n<meta name=\"twitter:card\" content=\"summary_large_image\" \/>\n<meta name=\"twitter:site\" content=\"@CienciaULL\" \/>\n<meta name=\"twitter:label1\" content=\"Tiempo de lectura\" \/>\n\t<meta name=\"twitter:data1\" content=\"3 minutos\" \/>\n<script type=\"application\/ld+json\" class=\"yoast-schema-graph\">{\"@context\":\"https:\/\/schema.org\",\"@graph\":[{\"@type\":\"WebPage\",\"@id\":\"https:\/\/www.ull.es\/portal\/cienciaull\/proyectochicasconcienciaull\/taller-3-como-siente-la-piel\/\",\"url\":\"https:\/\/www.ull.es\/portal\/cienciaull\/proyectochicasconcienciaull\/taller-3-como-siente-la-piel\/\",\"name\":\"Taller 3. \u00abComo \\\"siente\\\" la piel\u00bb. -\",\"isPartOf\":{\"@id\":\"https:\/\/www.ull.es\/portal\/cienciaull\/#website\"},\"datePublished\":\"2020-10-19T08:59:40+00:00\",\"dateModified\":\"2020-10-20T07:17:42+00:00\",\"breadcrumb\":{\"@id\":\"https:\/\/www.ull.es\/portal\/cienciaull\/proyectochicasconcienciaull\/taller-3-como-siente-la-piel\/#breadcrumb\"},\"inLanguage\":\"es\",\"potentialAction\":[{\"@type\":\"ReadAction\",\"target\":[\"https:\/\/www.ull.es\/portal\/cienciaull\/proyectochicasconcienciaull\/taller-3-como-siente-la-piel\/\"]}]},{\"@type\":\"BreadcrumbList\",\"@id\":\"https:\/\/www.ull.es\/portal\/cienciaull\/proyectochicasconcienciaull\/taller-3-como-siente-la-piel\/#breadcrumb\",\"itemListElement\":[{\"@type\":\"ListItem\",\"position\":1,\"name\":\"Portada\",\"item\":\"https:\/\/www.ull.es\/portal\/cienciaull\/\"},{\"@type\":\"ListItem\",\"position\":2,\"name\":\"Chicas con Cienci@ULL\",\"item\":\"https:\/\/www.ull.es\/portal\/cienciaull\/proyectochicasconcienciaull\/\"},{\"@type\":\"ListItem\",\"position\":3,\"name\":\"Taller 3. \u00abComo \u00absiente\u00bb la piel\u00bb.\"}]},{\"@type\":\"WebSite\",\"@id\":\"https:\/\/www.ull.es\/portal\/cienciaull\/#website\",\"url\":\"https:\/\/www.ull.es\/portal\/cienciaull\/\",\"name\":\"\",\"description\":\"Unidad de Cultura Cient\u00edfica y de la Innovaci\u00f3n de la Universidad de La Laguna\",\"potentialAction\":[{\"@type\":\"SearchAction\",\"target\":{\"@type\":\"EntryPoint\",\"urlTemplate\":\"https:\/\/www.ull.es\/portal\/cienciaull\/?s={search_term_string}\"},\"query-input\":\"required name=search_term_string\"}],\"inLanguage\":\"es\"}]}<\/script>\n<!-- \/ Yoast SEO plugin. -->","yoast_head_json":{"title":"Taller 3. \u00abComo \"siente\" la piel\u00bb. -","robots":{"index":"index","follow":"follow","max-snippet":"max-snippet:-1","max-image-preview":"max-image-preview:large","max-video-preview":"max-video-preview:-1"},"canonical":"https:\/\/www.ull.es\/portal\/cienciaull\/proyectochicasconcienciaull\/taller-3-como-siente-la-piel\/","og_locale":"es_ES","og_type":"article","og_title":"Taller 3. \u00abComo \"siente\" la piel\u00bb. -","og_description":"[vc_row][vc_column][vc_empty_space][\/vc_column][\/vc_row][vc_row][vc_column width=\u00bb2\/3&#8243;][vc_empty_space][vc_custom_heading text=\u00bb\u00c1rea Energ\u00eda, Biodiversidad y Medioambiente\u00bb font_container=\u00bbtag:h2|text_align:left|color:%237bd31d\u00bb google_fonts=\u00bbfont_family:Roboto%20Slab%3A100%2C300%2Cregular%2C700|font_style:700%20bold%20regular%3A700%3Anormal\u00bb css=\u00bb.vc_custom_1603098141935{margin-bottom: 3px !important;border-bottom-width: 3px !important;padding-bottom: 3px !important;}\u00bb][vc_custom_heading text=\u00bbTaller 3. \u00abComo \u00absiente\u00ab la piel\u00bb.\u00bb font_container=\u00bbtag:h3|text_align:left|color:%237bd31d\u00bb google_fonts=\u00bbfont_family:Roboto%20Slab%3A100%2C300%2Cregular%2C700|font_style:700%20bold%20regular%3A700%3Anormal\u00bb][vc_empty_space][vc_column_text] Breve descripci\u00f3n La piel humana tiene diferentes receptores sensoriales que pueden ser diferenciados entre s\u00ed a trav\u00e9s del microscopio. Estos receptores responden a est\u00edmulos mec\u00e1nicos, qu\u00edmicos y t\u00e9rmicos. En la corteza...","og_url":"https:\/\/www.ull.es\/portal\/cienciaull\/proyectochicasconcienciaull\/taller-3-como-siente-la-piel\/","article_publisher":"https:\/\/www.facebook.com\/CienciaULL\/","article_modified_time":"2020-10-20T07:17:42+00:00","twitter_card":"summary_large_image","twitter_site":"@CienciaULL","twitter_misc":{"Tiempo de lectura":"3 minutos"},"schema":{"@context":"https:\/\/schema.org","@graph":[{"@type":"WebPage","@id":"https:\/\/www.ull.es\/portal\/cienciaull\/proyectochicasconcienciaull\/taller-3-como-siente-la-piel\/","url":"https:\/\/www.ull.es\/portal\/cienciaull\/proyectochicasconcienciaull\/taller-3-como-siente-la-piel\/","name":"Taller 3. \u00abComo \"siente\" la piel\u00bb. -","isPartOf":{"@id":"https:\/\/www.ull.es\/portal\/cienciaull\/#website"},"datePublished":"2020-10-19T08:59:40+00:00","dateModified":"2020-10-20T07:17:42+00:00","breadcrumb":{"@id":"https:\/\/www.ull.es\/portal\/cienciaull\/proyectochicasconcienciaull\/taller-3-como-siente-la-piel\/#breadcrumb"},"inLanguage":"es","potentialAction":[{"@type":"ReadAction","target":["https:\/\/www.ull.es\/portal\/cienciaull\/proyectochicasconcienciaull\/taller-3-como-siente-la-piel\/"]}]},{"@type":"BreadcrumbList","@id":"https:\/\/www.ull.es\/portal\/cienciaull\/proyectochicasconcienciaull\/taller-3-como-siente-la-piel\/#breadcrumb","itemListElement":[{"@type":"ListItem","position":1,"name":"Portada","item":"https:\/\/www.ull.es\/portal\/cienciaull\/"},{"@type":"ListItem","position":2,"name":"Chicas con Cienci@ULL","item":"https:\/\/www.ull.es\/portal\/cienciaull\/proyectochicasconcienciaull\/"},{"@type":"ListItem","position":3,"name":"Taller 3. \u00abComo \u00absiente\u00bb la piel\u00bb."}]},{"@type":"WebSite","@id":"https:\/\/www.ull.es\/portal\/cienciaull\/#website","url":"https:\/\/www.ull.es\/portal\/cienciaull\/","name":"","description":"Unidad de Cultura Cient\u00edfica y de la Innovaci\u00f3n de la Universidad de La Laguna","potentialAction":[{"@type":"SearchAction","target":{"@type":"EntryPoint","urlTemplate":"https:\/\/www.ull.es\/portal\/cienciaull\/?s={search_term_string}"},"query-input":"required name=search_term_string"}],"inLanguage":"es"}]}},"_links":{"self":[{"href":"https:\/\/www.ull.es\/portal\/cienciaull\/wp-json\/wp\/v2\/pages\/9416"}],"collection":[{"href":"https:\/\/www.ull.es\/portal\/cienciaull\/wp-json\/wp\/v2\/pages"}],"about":[{"href":"https:\/\/www.ull.es\/portal\/cienciaull\/wp-json\/wp\/v2\/types\/page"}],"author":[{"embeddable":true,"href":"https:\/\/www.ull.es\/portal\/cienciaull\/wp-json\/wp\/v2\/users\/56"}],"replies":[{"embeddable":true,"href":"https:\/\/www.ull.es\/portal\/cienciaull\/wp-json\/wp\/v2\/comments?post=9416"}],"version-history":[{"count":11,"href":"https:\/\/www.ull.es\/portal\/cienciaull\/wp-json\/wp\/v2\/pages\/9416\/revisions"}],"predecessor-version":[{"id":9573,"href":"https:\/\/www.ull.es\/portal\/cienciaull\/wp-json\/wp\/v2\/pages\/9416\/revisions\/9573"}],"up":[{"embeddable":true,"href":"https:\/\/www.ull.es\/portal\/cienciaull\/wp-json\/wp\/v2\/pages\/1606"}],"wp:attachment":[{"href":"https:\/\/www.ull.es\/portal\/cienciaull\/wp-json\/wp\/v2\/media?parent=9416"}],"curies":[{"name":"wp","href":"https:\/\/api.w.org\/{rel}","templated":true}]}}