{"id":9489,"date":"2020-10-19T11:41:42","date_gmt":"2020-10-19T11:41:42","guid":{"rendered":"https:\/\/www.ull.es\/portal\/cienciaull\/?page_id=9489"},"modified":"2025-07-28T11:45:33","modified_gmt":"2025-07-28T11:45:33","slug":"taller-6-guia-para-hacer-un-diseno-en-3d","status":"publish","type":"page","link":"https:\/\/www.ull.es\/portal\/cienciaull\/laboratorio-virtual-conecta-cienciull\/ciencia-y-tecnologia\/taller-6-guia-para-hacer-un-diseno-en-3d\/","title":{"rendered":"Taller 6. \u00abGu\u00eda para hacer un dise\u00f1o en 3D\u00bb"},"content":{"rendered":"<p>[vc_row][vc_column][vc_custom_heading source=\u00bbpost_title\u00bb font_container=\u00bbtag:h2|text_align:left|color:%23dd9933&#8243; google_fonts=\u00bbfont_family:Roboto%20Slab%3A100%2C300%2Cregular%2C700|font_style:700%20bold%20regular%3A700%3Anormal\u00bb][\/vc_column][\/vc_row][vc_row][vc_column][vc_video link=\u00bbhttps:\/\/youtu.be\/TunV25tmYj0&#8243;][vc_empty_space][vc_column_text]<\/p>\n<table style=\"height: 57px\" width=\"1066\">\n<tbody>\n<tr>\n<td width=\"118\"><strong>Breve descripci\u00f3n<\/strong><\/td>\n<\/tr>\n<tr>\n<td>En este v\u00eddeo continuamos destripando el LLUBot. En esta ocasi\u00f3n vamos a aprender c\u00f3mo modelar en 3D una figura personalizada para el LLUBot.<\/td>\n<\/tr>\n<\/tbody>\n<\/table>\n<p>[\/vc_column_text][vc_column_text]<\/p>\n<table style=\"height: 15px\" width=\"651\">\n<tbody>\n<tr>\n<td width=\"152\"><strong>Publico al que se dirige<\/strong><\/td>\n<td width=\"80\"><strong>Duraci\u00f3n<\/strong><\/td>\n<\/tr>\n<tr>\n<td>3\u00ba\/4\u00ba ESO y Bachillerato<\/td>\n<td>21:23<\/td>\n<\/tr>\n<\/tbody>\n<\/table>\n<p>[\/vc_column_text][vc_column_text]<\/p>\n<table style=\"height: 90px\" width=\"1118\">\n<tbody>\n<tr>\n<td colspan=\"2\" width=\"566\"><strong>Materiales y recursos<\/strong><\/td>\n<\/tr>\n<tr>\n<td width=\"283\">\n<ul>\n<li>Un ordenador con rat\u00f3n por persona<br \/>\n(o tablet)<\/li>\n<\/ul>\n<\/td>\n<td width=\"283\"><\/td>\n<\/tr>\n<\/tbody>\n<\/table>\n<p>[\/vc_column_text][vc_column_text]<\/p>\n<table style=\"height: 46px\" width=\"597\">\n<tbody>\n<tr>\n<td width=\"152\"><strong>Investigadora<\/strong><\/td>\n<td width=\"152\">Luisana Lara Brice\u00f1o<\/td>\n<\/tr>\n<tr>\n<td><strong>Departamento<\/strong><\/td>\n<td>Ingeniera Electr\u00f3nica Industrial y Autom\u00e1tica<\/td>\n<\/tr>\n<\/tbody>\n<\/table>\n<p>[\/vc_column_text][vc_empty_space][vc_btn title=\u00bbDescargar ficha del taller\u00bb color=\u00bborange\u00bb align=\u00bbcenter\u00bb link=\u00bburl:https%3A%2F%2Fdrive.google.com%2Ffile%2Fd%2F1_k3gGams1appyv7cAw3b-D-6aFWrqLdL%2Fview%3Fusp%3Dsharing|target:_blank\u00bb][\/vc_column][\/vc_row]<\/p>\n","protected":false},"excerpt":{"rendered":"<p>[vc_row][vc_column][vc_custom_heading source=\u00bbpost_title\u00bb font_container=\u00bbtag:h2|text_align:left|color:%23dd9933&#8243; google_fonts=\u00bbfont_family:Roboto%20Slab%3A100%2C300%2Cregular%2C700|font_style:700%20bold%20regular%3A700%3Anormal\u00bb][\/vc_column][\/vc_row][vc_row][vc_column][vc_video link=\u00bbhttps:\/\/youtu.be\/TunV25tmYj0&#8243;][vc_empty_space][vc_column_text] Breve descripci\u00f3n En este v\u00eddeo continuamos destripando el LLUBot. En esta ocasi\u00f3n vamos a aprender c\u00f3mo modelar en 3D una figura personalizada para el LLUBot. [\/vc_column_text][vc_column_text] Publico al que se dirige Duraci\u00f3n 3\u00ba\/4\u00ba ESO y Bachillerato 21:23 [\/vc_column_text][vc_column_text] Materiales y recursos Un ordenador con rat\u00f3n por persona (o tablet) [\/vc_column_text][vc_column_text]&#8230;<\/p>\n","protected":false},"author":56,"featured_media":0,"parent":27036,"menu_order":6,"comment_status":"closed","ping_status":"closed","template":"","meta":{"inline_featured_image":false,"footnotes":""},"acf":[],"yoast_head":"<!-- This site is optimized with the Yoast SEO plugin v21.3 - https:\/\/yoast.com\/wordpress\/plugins\/seo\/ -->\n<title>Taller 6. \u00abGu\u00eda para hacer un dise\u00f1o en 3D\u00bb -<\/title>\n<meta name=\"robots\" content=\"index, follow, max-snippet:-1, max-image-preview:large, max-video-preview:-1\" \/>\n<link rel=\"canonical\" href=\"https:\/\/www.ull.es\/portal\/cienciaull\/laboratorio-virtual-conecta-cienciull\/ciencia-y-tecnologia\/taller-6-guia-para-hacer-un-diseno-en-3d\/\" \/>\n<meta property=\"og:locale\" content=\"es_ES\" \/>\n<meta property=\"og:type\" content=\"article\" \/>\n<meta property=\"og:title\" content=\"Taller 6. \u00abGu\u00eda para hacer un dise\u00f1o en 3D\u00bb -\" \/>\n<meta property=\"og:description\" content=\"[vc_row][vc_column][vc_custom_heading source=\u00bbpost_title\u00bb font_container=\u00bbtag:h2|text_align:left|color:%23dd9933&#8243; google_fonts=\u00bbfont_family:Roboto%20Slab%3A100%2C300%2Cregular%2C700|font_style:700%20bold%20regular%3A700%3Anormal\u00bb][\/vc_column][\/vc_row][vc_row][vc_column][vc_video link=\u00bbhttps:\/\/youtu.be\/TunV25tmYj0&#8243;][vc_empty_space][vc_column_text] Breve descripci\u00f3n En este v\u00eddeo continuamos destripando el LLUBot. En esta ocasi\u00f3n vamos a aprender c\u00f3mo modelar en 3D una figura personalizada para el LLUBot. [\/vc_column_text][vc_column_text] Publico al que se dirige Duraci\u00f3n 3\u00ba\/4\u00ba ESO y Bachillerato 21:23 [\/vc_column_text][vc_column_text] Materiales y recursos Un ordenador con rat\u00f3n por persona (o tablet) [\/vc_column_text][vc_column_text]...\" \/>\n<meta property=\"og:url\" content=\"https:\/\/www.ull.es\/portal\/cienciaull\/laboratorio-virtual-conecta-cienciull\/ciencia-y-tecnologia\/taller-6-guia-para-hacer-un-diseno-en-3d\/\" \/>\n<meta property=\"article:publisher\" content=\"https:\/\/www.facebook.com\/CienciaULL\/\" \/>\n<meta property=\"article:modified_time\" content=\"2025-07-28T11:45:33+00:00\" \/>\n<meta name=\"twitter:card\" content=\"summary_large_image\" \/>\n<meta name=\"twitter:site\" content=\"@CienciaULL\" \/>\n<meta name=\"twitter:label1\" content=\"Tiempo de lectura\" \/>\n\t<meta name=\"twitter:data1\" content=\"1 minuto\" \/>\n<script type=\"application\/ld+json\" class=\"yoast-schema-graph\">{\"@context\":\"https:\/\/schema.org\",\"@graph\":[{\"@type\":\"WebPage\",\"@id\":\"https:\/\/www.ull.es\/portal\/cienciaull\/laboratorio-virtual-conecta-cienciull\/ciencia-y-tecnologia\/taller-6-guia-para-hacer-un-diseno-en-3d\/\",\"url\":\"https:\/\/www.ull.es\/portal\/cienciaull\/laboratorio-virtual-conecta-cienciull\/ciencia-y-tecnologia\/taller-6-guia-para-hacer-un-diseno-en-3d\/\",\"name\":\"Taller 6. \u00abGu\u00eda para hacer un dise\u00f1o en 3D\u00bb -\",\"isPartOf\":{\"@id\":\"https:\/\/www.ull.es\/portal\/cienciaull\/#website\"},\"datePublished\":\"2020-10-19T11:41:42+00:00\",\"dateModified\":\"2025-07-28T11:45:33+00:00\",\"breadcrumb\":{\"@id\":\"https:\/\/www.ull.es\/portal\/cienciaull\/laboratorio-virtual-conecta-cienciull\/ciencia-y-tecnologia\/taller-6-guia-para-hacer-un-diseno-en-3d\/#breadcrumb\"},\"inLanguage\":\"es\",\"potentialAction\":[{\"@type\":\"ReadAction\",\"target\":[\"https:\/\/www.ull.es\/portal\/cienciaull\/laboratorio-virtual-conecta-cienciull\/ciencia-y-tecnologia\/taller-6-guia-para-hacer-un-diseno-en-3d\/\"]}]},{\"@type\":\"BreadcrumbList\",\"@id\":\"https:\/\/www.ull.es\/portal\/cienciaull\/laboratorio-virtual-conecta-cienciull\/ciencia-y-tecnologia\/taller-6-guia-para-hacer-un-diseno-en-3d\/#breadcrumb\",\"itemListElement\":[{\"@type\":\"ListItem\",\"position\":1,\"name\":\"Portada\",\"item\":\"https:\/\/www.ull.es\/portal\/cienciaull\/\"},{\"@type\":\"ListItem\",\"position\":2,\"name\":\"Laboratorio Virtual Conecta Cienci@ULL\",\"item\":\"https:\/\/www.ull.es\/portal\/cienciaull\/laboratorio-virtual-conecta-cienciull\/\"},{\"@type\":\"ListItem\",\"position\":3,\"name\":\"Ciencia y Tecnolog\u00eda\",\"item\":\"https:\/\/www.ull.es\/portal\/cienciaull\/laboratorio-virtual-conecta-cienciull\/ciencia-y-tecnologia\/\"},{\"@type\":\"ListItem\",\"position\":4,\"name\":\"Taller 6. \u00abGu\u00eda para hacer un dise\u00f1o en 3D\u00bb\"}]},{\"@type\":\"WebSite\",\"@id\":\"https:\/\/www.ull.es\/portal\/cienciaull\/#website\",\"url\":\"https:\/\/www.ull.es\/portal\/cienciaull\/\",\"name\":\"\",\"description\":\"Unidad de Cultura Cient\u00edfica y de la Innovaci\u00f3n de la Universidad de La Laguna\",\"potentialAction\":[{\"@type\":\"SearchAction\",\"target\":{\"@type\":\"EntryPoint\",\"urlTemplate\":\"https:\/\/www.ull.es\/portal\/cienciaull\/?s={search_term_string}\"},\"query-input\":\"required name=search_term_string\"}],\"inLanguage\":\"es\"}]}<\/script>\n<!-- \/ Yoast SEO plugin. -->","yoast_head_json":{"title":"Taller 6. \u00abGu\u00eda para hacer un dise\u00f1o en 3D\u00bb -","robots":{"index":"index","follow":"follow","max-snippet":"max-snippet:-1","max-image-preview":"max-image-preview:large","max-video-preview":"max-video-preview:-1"},"canonical":"https:\/\/www.ull.es\/portal\/cienciaull\/laboratorio-virtual-conecta-cienciull\/ciencia-y-tecnologia\/taller-6-guia-para-hacer-un-diseno-en-3d\/","og_locale":"es_ES","og_type":"article","og_title":"Taller 6. \u00abGu\u00eda para hacer un dise\u00f1o en 3D\u00bb -","og_description":"[vc_row][vc_column][vc_custom_heading source=\u00bbpost_title\u00bb font_container=\u00bbtag:h2|text_align:left|color:%23dd9933&#8243; google_fonts=\u00bbfont_family:Roboto%20Slab%3A100%2C300%2Cregular%2C700|font_style:700%20bold%20regular%3A700%3Anormal\u00bb][\/vc_column][\/vc_row][vc_row][vc_column][vc_video link=\u00bbhttps:\/\/youtu.be\/TunV25tmYj0&#8243;][vc_empty_space][vc_column_text] Breve descripci\u00f3n En este v\u00eddeo continuamos destripando el LLUBot. En esta ocasi\u00f3n vamos a aprender c\u00f3mo modelar en 3D una figura personalizada para el LLUBot. [\/vc_column_text][vc_column_text] Publico al que se dirige Duraci\u00f3n 3\u00ba\/4\u00ba ESO y Bachillerato 21:23 [\/vc_column_text][vc_column_text] Materiales y recursos Un ordenador con rat\u00f3n por persona (o tablet) [\/vc_column_text][vc_column_text]...","og_url":"https:\/\/www.ull.es\/portal\/cienciaull\/laboratorio-virtual-conecta-cienciull\/ciencia-y-tecnologia\/taller-6-guia-para-hacer-un-diseno-en-3d\/","article_publisher":"https:\/\/www.facebook.com\/CienciaULL\/","article_modified_time":"2025-07-28T11:45:33+00:00","twitter_card":"summary_large_image","twitter_site":"@CienciaULL","twitter_misc":{"Tiempo de lectura":"1 minuto"},"schema":{"@context":"https:\/\/schema.org","@graph":[{"@type":"WebPage","@id":"https:\/\/www.ull.es\/portal\/cienciaull\/laboratorio-virtual-conecta-cienciull\/ciencia-y-tecnologia\/taller-6-guia-para-hacer-un-diseno-en-3d\/","url":"https:\/\/www.ull.es\/portal\/cienciaull\/laboratorio-virtual-conecta-cienciull\/ciencia-y-tecnologia\/taller-6-guia-para-hacer-un-diseno-en-3d\/","name":"Taller 6. \u00abGu\u00eda para hacer un dise\u00f1o en 3D\u00bb -","isPartOf":{"@id":"https:\/\/www.ull.es\/portal\/cienciaull\/#website"},"datePublished":"2020-10-19T11:41:42+00:00","dateModified":"2025-07-28T11:45:33+00:00","breadcrumb":{"@id":"https:\/\/www.ull.es\/portal\/cienciaull\/laboratorio-virtual-conecta-cienciull\/ciencia-y-tecnologia\/taller-6-guia-para-hacer-un-diseno-en-3d\/#breadcrumb"},"inLanguage":"es","potentialAction":[{"@type":"ReadAction","target":["https:\/\/www.ull.es\/portal\/cienciaull\/laboratorio-virtual-conecta-cienciull\/ciencia-y-tecnologia\/taller-6-guia-para-hacer-un-diseno-en-3d\/"]}]},{"@type":"BreadcrumbList","@id":"https:\/\/www.ull.es\/portal\/cienciaull\/laboratorio-virtual-conecta-cienciull\/ciencia-y-tecnologia\/taller-6-guia-para-hacer-un-diseno-en-3d\/#breadcrumb","itemListElement":[{"@type":"ListItem","position":1,"name":"Portada","item":"https:\/\/www.ull.es\/portal\/cienciaull\/"},{"@type":"ListItem","position":2,"name":"Laboratorio Virtual Conecta Cienci@ULL","item":"https:\/\/www.ull.es\/portal\/cienciaull\/laboratorio-virtual-conecta-cienciull\/"},{"@type":"ListItem","position":3,"name":"Ciencia y Tecnolog\u00eda","item":"https:\/\/www.ull.es\/portal\/cienciaull\/laboratorio-virtual-conecta-cienciull\/ciencia-y-tecnologia\/"},{"@type":"ListItem","position":4,"name":"Taller 6. \u00abGu\u00eda para hacer un dise\u00f1o en 3D\u00bb"}]},{"@type":"WebSite","@id":"https:\/\/www.ull.es\/portal\/cienciaull\/#website","url":"https:\/\/www.ull.es\/portal\/cienciaull\/","name":"","description":"Unidad de Cultura Cient\u00edfica y de la Innovaci\u00f3n de la Universidad de La Laguna","potentialAction":[{"@type":"SearchAction","target":{"@type":"EntryPoint","urlTemplate":"https:\/\/www.ull.es\/portal\/cienciaull\/?s={search_term_string}"},"query-input":"required name=search_term_string"}],"inLanguage":"es"}]}},"_links":{"self":[{"href":"https:\/\/www.ull.es\/portal\/cienciaull\/wp-json\/wp\/v2\/pages\/9489"}],"collection":[{"href":"https:\/\/www.ull.es\/portal\/cienciaull\/wp-json\/wp\/v2\/pages"}],"about":[{"href":"https:\/\/www.ull.es\/portal\/cienciaull\/wp-json\/wp\/v2\/types\/page"}],"author":[{"embeddable":true,"href":"https:\/\/www.ull.es\/portal\/cienciaull\/wp-json\/wp\/v2\/users\/56"}],"replies":[{"embeddable":true,"href":"https:\/\/www.ull.es\/portal\/cienciaull\/wp-json\/wp\/v2\/comments?post=9489"}],"version-history":[{"count":10,"href":"https:\/\/www.ull.es\/portal\/cienciaull\/wp-json\/wp\/v2\/pages\/9489\/revisions"}],"predecessor-version":[{"id":16285,"href":"https:\/\/www.ull.es\/portal\/cienciaull\/wp-json\/wp\/v2\/pages\/9489\/revisions\/16285"}],"up":[{"embeddable":true,"href":"https:\/\/www.ull.es\/portal\/cienciaull\/wp-json\/wp\/v2\/pages\/27036"}],"wp:attachment":[{"href":"https:\/\/www.ull.es\/portal\/cienciaull\/wp-json\/wp\/v2\/media?parent=9489"}],"curies":[{"name":"wp","href":"https:\/\/api.w.org\/{rel}","templated":true}]}}