{"id":9492,"date":"2020-10-19T10:58:51","date_gmt":"2020-10-19T10:58:51","guid":{"rendered":"https:\/\/www.ull.es\/portal\/cienciaull\/?page_id=9492"},"modified":"2025-07-28T09:39:55","modified_gmt":"2025-07-28T09:39:55","slug":"taller-7-preparacion-e-interpretacion-de-un-antibiograma","status":"publish","type":"page","link":"https:\/\/www.ull.es\/portal\/cienciaull\/laboratorio-virtual-conecta-cienciull\/biomedicina-y-salud\/taller-7-preparacion-e-interpretacion-de-un-antibiograma\/","title":{"rendered":"Taller 7. \u00abPreparaci\u00f3n e interpretaci\u00f3n de un antibiograma\u00bb"},"content":{"rendered":"<p>[vc_row][vc_column][vc_custom_heading text=\u00bbTaller 7. \u00abPreparaci\u00f3n e interpretaci\u00f3n de un antibiograma\u00bb\u00bb font_container=\u00bbtag:h2|text_align:left|color:%235499c7&#8243; google_fonts=\u00bbfont_family:Roboto%20Slab%3A100%2C300%2Cregular%2C700|font_style:700%20bold%20regular%3A700%3Anormal\u00bb][vc_video link=\u00bbhttps:\/\/youtu.be\/JpBi7-4IJP8&#8243;][vc_empty_space][vc_column_text]<\/p>\n<table style=\"height: 110px\" width=\"1220\">\n<tbody>\n<tr>\n<td width=\"120\"><strong>Breve descripci\u00f3n<\/strong><\/td>\n<\/tr>\n<tr>\n<td>\n<p style=\"text-align: justify\">En el presente taller se realizar\u00e1n una serie de experimentos sencillos que nos permitir\u00e1n conocer mejor los microorganismos, aprender metodolog\u00edas para cultivarlos, identificarlos, estudiarlos y comprender las bases farmacol\u00f3gicas que posibilitan el uso racional de los antibi\u00f3ticos. Con la finalidad de alcanzar este \u00faltimo objetivo se explicar\u00e1 qu\u00e9 es un antibi\u00f3tico y qu\u00e9 es un antibiograma, as\u00ed como maneras de realizarlo e interpretar sus resultados.<\/p>\n<p style=\"text-align: justify\">&#8211; Microorganismos: Se describir\u00e1 el concepto y tipos de microorganismos. Se conocer\u00e1n t\u00e9cnicas b\u00e1sicas para cultivarlos e identificar r\u00e1pidamente su naturaleza. Se realizar\u00e1n dos t\u00e9cnicas de cultivo en medio s\u00f3lido: Siembra por agotamiento en estr\u00edas y siembra en c\u00e9sped o masiva.<\/p>\n<p style=\"text-align: justify\">&#8211; Antibiograma: Historia, conocimiento, usos cl\u00ednicos y farmacol\u00f3gicos. Aprendizaje en la interpretaci\u00f3n de resultados.<\/p>\n<p style=\"text-align: justify\">&#8211; Antibi\u00f3ticos: Conceptos, farmacolog\u00eda y usos.<\/p>\n<p style=\"text-align: justify\">&#8211; Resoluci\u00f3n final de un ejemplo de antibiograma: la correcta interpretaci\u00f3n de un antibiograma establece la comprensi\u00f3n de la probabilidad de \u00e9xito o fracaso de los antibi\u00f3ticos. Elecci\u00f3n farmacol\u00f3gica y cl\u00ednica de un antibi\u00f3tico.<\/p>\n<p style=\"text-align: justify\">El taller se presenta en formato de v\u00eddeo. Ser\u00e1 desarrollado de forma individual y paso a paso por cada alumno en una clase. Se llevar\u00e1n a cabo un conjunto de actividades que posibilitar\u00e1n al alumnado acceder al conocimiento y uso de t\u00e9cnicas muy valiosas y ampliamente utilizadas en la investigaci\u00f3n microbiol\u00f3gica, farmacol\u00f3gica y en la cl\u00ednica m\u00e9dica. Un aprendizaje de cooperaci\u00f3n individual y grupal eficaz, responsable, respetuoso y divertido. Todo ello en un entorno de interacci\u00f3n contin\u00faa.<\/p>\n<\/td>\n<\/tr>\n<\/tbody>\n<\/table>\n<p>[\/vc_column_text][vc_column_text]<\/p>\n<table style=\"height: 95px\" width=\"1232\">\n<tbody>\n<tr>\n<td width=\"120\"><strong>P\u00fablico al que se dirige<\/strong><\/td>\n<td width=\"65\"><strong>Duraci\u00f3n<\/strong><\/td>\n<\/tr>\n<tr>\n<td>3\/4 ESO y Bachillerato<\/td>\n<td>18:29<\/td>\n<\/tr>\n<\/tbody>\n<\/table>\n<p>[\/vc_column_text][vc_column_text]<\/p>\n<table style=\"height: 123px\" width=\"1229\">\n<tbody>\n<tr>\n<td width=\"120\"><strong>Materiales y recursos<\/strong><\/td>\n<\/tr>\n<tr>\n<td>\n<ul>\n<li style=\"text-align: justify\">1 cuentagotas de pl\u00e1stico.<\/li>\n<li style=\"text-align: justify\">1 vial de pl\u00e1stico peque\u00f1o con una muestra de agua.<\/li>\n<li style=\"text-align: justify\">1 vial de pl\u00e1stico peque\u00f1o con 5-6 discos de papel de filtro de 0,5 cm de di\u00e1metro aproximadamente.<\/li>\n<li style=\"text-align: justify\">1 placa de Petri con agar, est\u00e9ril.<\/li>\n<li style=\"text-align: justify\">1 asa de siembra en forma de anillo, nocalibrada.<\/li>\n<li style=\"text-align: justify\">1 asa de siembra en \u00abL\u00bb.<\/li>\n<li style=\"text-align: justify\">Unas pinzas.<\/li>\n<li style=\"text-align: justify\">Un par de guantes.<\/li>\n<li style=\"text-align: justify\">Gafas de seguridad (opcional es este taller. Solo trabajar\u00e1n con una muestra de agua que simular\u00e1 ser una muestra humana. Es para que aprendan a trabajar con todas las medidas de protecci\u00f3n).<\/li>\n<li style=\"text-align: justify\">Bata (de papel desechable).<\/li>\n<li style=\"text-align: justify\">Mascarilla (si el taller se realiza en aula, la de uso obligatorio por la enfermedad COVID-19).<\/li>\n<li style=\"text-align: justify\">Bolsa de basura.<\/li>\n<\/ul>\n<\/td>\n<\/tr>\n<\/tbody>\n<\/table>\n<p>[\/vc_column_text][vc_column_text]<\/p>\n<table style=\"height: 71px\" width=\"1198\">\n<tbody>\n<tr>\n<td width=\"120\"><strong>Investigadora<\/strong><\/td>\n<td width=\"65\">Rosal\u00eda Gonz\u00e1lez Brito<\/td>\n<\/tr>\n<tr>\n<td><strong>Departamento<\/strong><\/td>\n<td>Farmacolog\u00eda y Qu\u00edmica Org\u00e1nica<\/td>\n<\/tr>\n<\/tbody>\n<\/table>\n<p>[\/vc_column_text][vc_empty_space][vc_btn title=\u00bbDescargar ficha del taller\u00bb color=\u00bbsky\u00bb size=\u00bblg\u00bb align=\u00bbcenter\u00bb link=\u00bburl:https%3A%2F%2Fdrive.google.com%2Ffile%2Fd%2F1Kms1blwsLKfXP2ioj9ehBdDjVM3cqW9y%2Fview%3Fusp%3Dsharing|target:_blank\u00bb][\/vc_column][\/vc_row]<\/p>\n","protected":false},"excerpt":{"rendered":"<p>[vc_row][vc_column][vc_custom_heading text=\u00bbTaller 7. \u00abPreparaci\u00f3n e interpretaci\u00f3n de un antibiograma\u00bb\u00bb font_container=\u00bbtag:h2|text_align:left|color:%235499c7&#8243; google_fonts=\u00bbfont_family:Roboto%20Slab%3A100%2C300%2Cregular%2C700|font_style:700%20bold%20regular%3A700%3Anormal\u00bb][vc_video link=\u00bbhttps:\/\/youtu.be\/JpBi7-4IJP8&#8243;][vc_empty_space][vc_column_text] Breve descripci\u00f3n En el presente taller se realizar\u00e1n una serie de experimentos sencillos que nos permitir\u00e1n conocer mejor los microorganismos, aprender metodolog\u00edas para cultivarlos, identificarlos, estudiarlos y comprender las bases farmacol\u00f3gicas que posibilitan el uso racional de los antibi\u00f3ticos. Con la finalidad de&#8230;<\/p>\n","protected":false},"author":56,"featured_media":0,"parent":26937,"menu_order":7,"comment_status":"closed","ping_status":"closed","template":"","meta":{"inline_featured_image":false,"footnotes":""},"acf":[],"yoast_head":"<!-- This site is optimized with the Yoast SEO plugin v21.3 - https:\/\/yoast.com\/wordpress\/plugins\/seo\/ -->\n<title>Taller 7. \u00abPreparaci\u00f3n e interpretaci\u00f3n de un antibiograma\u00bb -<\/title>\n<meta name=\"robots\" content=\"index, follow, max-snippet:-1, max-image-preview:large, max-video-preview:-1\" \/>\n<link rel=\"canonical\" href=\"https:\/\/www.ull.es\/portal\/cienciaull\/laboratorio-virtual-conecta-cienciull\/biomedicina-y-salud\/taller-7-preparacion-e-interpretacion-de-un-antibiograma\/\" \/>\n<meta property=\"og:locale\" content=\"es_ES\" \/>\n<meta property=\"og:type\" content=\"article\" \/>\n<meta property=\"og:title\" content=\"Taller 7. \u00abPreparaci\u00f3n e interpretaci\u00f3n de un antibiograma\u00bb -\" \/>\n<meta property=\"og:description\" content=\"[vc_row][vc_column][vc_custom_heading text=\u00bbTaller 7. \u00abPreparaci\u00f3n e interpretaci\u00f3n de un antibiograma\u00bb\u00bb font_container=\u00bbtag:h2|text_align:left|color:%235499c7&#8243; google_fonts=\u00bbfont_family:Roboto%20Slab%3A100%2C300%2Cregular%2C700|font_style:700%20bold%20regular%3A700%3Anormal\u00bb][vc_video link=\u00bbhttps:\/\/youtu.be\/JpBi7-4IJP8&#8243;][vc_empty_space][vc_column_text] Breve descripci\u00f3n En el presente taller se realizar\u00e1n una serie de experimentos sencillos que nos permitir\u00e1n conocer mejor los microorganismos, aprender metodolog\u00edas para cultivarlos, identificarlos, estudiarlos y comprender las bases farmacol\u00f3gicas que posibilitan el uso racional de los antibi\u00f3ticos. Con la finalidad de...\" \/>\n<meta property=\"og:url\" content=\"https:\/\/www.ull.es\/portal\/cienciaull\/laboratorio-virtual-conecta-cienciull\/biomedicina-y-salud\/taller-7-preparacion-e-interpretacion-de-un-antibiograma\/\" \/>\n<meta property=\"article:publisher\" content=\"https:\/\/www.facebook.com\/CienciaULL\/\" \/>\n<meta property=\"article:modified_time\" content=\"2025-07-28T09:39:55+00:00\" \/>\n<meta name=\"twitter:card\" content=\"summary_large_image\" \/>\n<meta name=\"twitter:site\" content=\"@CienciaULL\" \/>\n<meta name=\"twitter:label1\" content=\"Tiempo de lectura\" \/>\n\t<meta name=\"twitter:data1\" content=\"2 minutos\" \/>\n<script type=\"application\/ld+json\" class=\"yoast-schema-graph\">{\"@context\":\"https:\/\/schema.org\",\"@graph\":[{\"@type\":\"WebPage\",\"@id\":\"https:\/\/www.ull.es\/portal\/cienciaull\/laboratorio-virtual-conecta-cienciull\/biomedicina-y-salud\/taller-7-preparacion-e-interpretacion-de-un-antibiograma\/\",\"url\":\"https:\/\/www.ull.es\/portal\/cienciaull\/laboratorio-virtual-conecta-cienciull\/biomedicina-y-salud\/taller-7-preparacion-e-interpretacion-de-un-antibiograma\/\",\"name\":\"Taller 7. \u00abPreparaci\u00f3n e interpretaci\u00f3n de un antibiograma\u00bb -\",\"isPartOf\":{\"@id\":\"https:\/\/www.ull.es\/portal\/cienciaull\/#website\"},\"datePublished\":\"2020-10-19T10:58:51+00:00\",\"dateModified\":\"2025-07-28T09:39:55+00:00\",\"breadcrumb\":{\"@id\":\"https:\/\/www.ull.es\/portal\/cienciaull\/laboratorio-virtual-conecta-cienciull\/biomedicina-y-salud\/taller-7-preparacion-e-interpretacion-de-un-antibiograma\/#breadcrumb\"},\"inLanguage\":\"es\",\"potentialAction\":[{\"@type\":\"ReadAction\",\"target\":[\"https:\/\/www.ull.es\/portal\/cienciaull\/laboratorio-virtual-conecta-cienciull\/biomedicina-y-salud\/taller-7-preparacion-e-interpretacion-de-un-antibiograma\/\"]}]},{\"@type\":\"BreadcrumbList\",\"@id\":\"https:\/\/www.ull.es\/portal\/cienciaull\/laboratorio-virtual-conecta-cienciull\/biomedicina-y-salud\/taller-7-preparacion-e-interpretacion-de-un-antibiograma\/#breadcrumb\",\"itemListElement\":[{\"@type\":\"ListItem\",\"position\":1,\"name\":\"Portada\",\"item\":\"https:\/\/www.ull.es\/portal\/cienciaull\/\"},{\"@type\":\"ListItem\",\"position\":2,\"name\":\"Laboratorio Virtual Conecta Cienci@ULL\",\"item\":\"https:\/\/www.ull.es\/portal\/cienciaull\/laboratorio-virtual-conecta-cienciull\/\"},{\"@type\":\"ListItem\",\"position\":3,\"name\":\"Biomedicina y Salud\",\"item\":\"https:\/\/www.ull.es\/portal\/cienciaull\/laboratorio-virtual-conecta-cienciull\/biomedicina-y-salud\/\"},{\"@type\":\"ListItem\",\"position\":4,\"name\":\"Taller 7. \u00abPreparaci\u00f3n e interpretaci\u00f3n de un antibiograma\u00bb\"}]},{\"@type\":\"WebSite\",\"@id\":\"https:\/\/www.ull.es\/portal\/cienciaull\/#website\",\"url\":\"https:\/\/www.ull.es\/portal\/cienciaull\/\",\"name\":\"\",\"description\":\"Unidad de Cultura Cient\u00edfica y de la Innovaci\u00f3n de la Universidad de La Laguna\",\"potentialAction\":[{\"@type\":\"SearchAction\",\"target\":{\"@type\":\"EntryPoint\",\"urlTemplate\":\"https:\/\/www.ull.es\/portal\/cienciaull\/?s={search_term_string}\"},\"query-input\":\"required name=search_term_string\"}],\"inLanguage\":\"es\"}]}<\/script>\n<!-- \/ Yoast SEO plugin. -->","yoast_head_json":{"title":"Taller 7. \u00abPreparaci\u00f3n e interpretaci\u00f3n de un antibiograma\u00bb -","robots":{"index":"index","follow":"follow","max-snippet":"max-snippet:-1","max-image-preview":"max-image-preview:large","max-video-preview":"max-video-preview:-1"},"canonical":"https:\/\/www.ull.es\/portal\/cienciaull\/laboratorio-virtual-conecta-cienciull\/biomedicina-y-salud\/taller-7-preparacion-e-interpretacion-de-un-antibiograma\/","og_locale":"es_ES","og_type":"article","og_title":"Taller 7. \u00abPreparaci\u00f3n e interpretaci\u00f3n de un antibiograma\u00bb -","og_description":"[vc_row][vc_column][vc_custom_heading text=\u00bbTaller 7. \u00abPreparaci\u00f3n e interpretaci\u00f3n de un antibiograma\u00bb\u00bb font_container=\u00bbtag:h2|text_align:left|color:%235499c7&#8243; google_fonts=\u00bbfont_family:Roboto%20Slab%3A100%2C300%2Cregular%2C700|font_style:700%20bold%20regular%3A700%3Anormal\u00bb][vc_video link=\u00bbhttps:\/\/youtu.be\/JpBi7-4IJP8&#8243;][vc_empty_space][vc_column_text] Breve descripci\u00f3n En el presente taller se realizar\u00e1n una serie de experimentos sencillos que nos permitir\u00e1n conocer mejor los microorganismos, aprender metodolog\u00edas para cultivarlos, identificarlos, estudiarlos y comprender las bases farmacol\u00f3gicas que posibilitan el uso racional de los antibi\u00f3ticos. Con la finalidad de...","og_url":"https:\/\/www.ull.es\/portal\/cienciaull\/laboratorio-virtual-conecta-cienciull\/biomedicina-y-salud\/taller-7-preparacion-e-interpretacion-de-un-antibiograma\/","article_publisher":"https:\/\/www.facebook.com\/CienciaULL\/","article_modified_time":"2025-07-28T09:39:55+00:00","twitter_card":"summary_large_image","twitter_site":"@CienciaULL","twitter_misc":{"Tiempo de lectura":"2 minutos"},"schema":{"@context":"https:\/\/schema.org","@graph":[{"@type":"WebPage","@id":"https:\/\/www.ull.es\/portal\/cienciaull\/laboratorio-virtual-conecta-cienciull\/biomedicina-y-salud\/taller-7-preparacion-e-interpretacion-de-un-antibiograma\/","url":"https:\/\/www.ull.es\/portal\/cienciaull\/laboratorio-virtual-conecta-cienciull\/biomedicina-y-salud\/taller-7-preparacion-e-interpretacion-de-un-antibiograma\/","name":"Taller 7. \u00abPreparaci\u00f3n e interpretaci\u00f3n de un antibiograma\u00bb -","isPartOf":{"@id":"https:\/\/www.ull.es\/portal\/cienciaull\/#website"},"datePublished":"2020-10-19T10:58:51+00:00","dateModified":"2025-07-28T09:39:55+00:00","breadcrumb":{"@id":"https:\/\/www.ull.es\/portal\/cienciaull\/laboratorio-virtual-conecta-cienciull\/biomedicina-y-salud\/taller-7-preparacion-e-interpretacion-de-un-antibiograma\/#breadcrumb"},"inLanguage":"es","potentialAction":[{"@type":"ReadAction","target":["https:\/\/www.ull.es\/portal\/cienciaull\/laboratorio-virtual-conecta-cienciull\/biomedicina-y-salud\/taller-7-preparacion-e-interpretacion-de-un-antibiograma\/"]}]},{"@type":"BreadcrumbList","@id":"https:\/\/www.ull.es\/portal\/cienciaull\/laboratorio-virtual-conecta-cienciull\/biomedicina-y-salud\/taller-7-preparacion-e-interpretacion-de-un-antibiograma\/#breadcrumb","itemListElement":[{"@type":"ListItem","position":1,"name":"Portada","item":"https:\/\/www.ull.es\/portal\/cienciaull\/"},{"@type":"ListItem","position":2,"name":"Laboratorio Virtual Conecta Cienci@ULL","item":"https:\/\/www.ull.es\/portal\/cienciaull\/laboratorio-virtual-conecta-cienciull\/"},{"@type":"ListItem","position":3,"name":"Biomedicina y Salud","item":"https:\/\/www.ull.es\/portal\/cienciaull\/laboratorio-virtual-conecta-cienciull\/biomedicina-y-salud\/"},{"@type":"ListItem","position":4,"name":"Taller 7. \u00abPreparaci\u00f3n e interpretaci\u00f3n de un antibiograma\u00bb"}]},{"@type":"WebSite","@id":"https:\/\/www.ull.es\/portal\/cienciaull\/#website","url":"https:\/\/www.ull.es\/portal\/cienciaull\/","name":"","description":"Unidad de Cultura Cient\u00edfica y de la Innovaci\u00f3n de la Universidad de La Laguna","potentialAction":[{"@type":"SearchAction","target":{"@type":"EntryPoint","urlTemplate":"https:\/\/www.ull.es\/portal\/cienciaull\/?s={search_term_string}"},"query-input":"required name=search_term_string"}],"inLanguage":"es"}]}},"_links":{"self":[{"href":"https:\/\/www.ull.es\/portal\/cienciaull\/wp-json\/wp\/v2\/pages\/9492"}],"collection":[{"href":"https:\/\/www.ull.es\/portal\/cienciaull\/wp-json\/wp\/v2\/pages"}],"about":[{"href":"https:\/\/www.ull.es\/portal\/cienciaull\/wp-json\/wp\/v2\/types\/page"}],"author":[{"embeddable":true,"href":"https:\/\/www.ull.es\/portal\/cienciaull\/wp-json\/wp\/v2\/users\/56"}],"replies":[{"embeddable":true,"href":"https:\/\/www.ull.es\/portal\/cienciaull\/wp-json\/wp\/v2\/comments?post=9492"}],"version-history":[{"count":30,"href":"https:\/\/www.ull.es\/portal\/cienciaull\/wp-json\/wp\/v2\/pages\/9492\/revisions"}],"predecessor-version":[{"id":34958,"href":"https:\/\/www.ull.es\/portal\/cienciaull\/wp-json\/wp\/v2\/pages\/9492\/revisions\/34958"}],"up":[{"embeddable":true,"href":"https:\/\/www.ull.es\/portal\/cienciaull\/wp-json\/wp\/v2\/pages\/26937"}],"wp:attachment":[{"href":"https:\/\/www.ull.es\/portal\/cienciaull\/wp-json\/wp\/v2\/media?parent=9492"}],"curies":[{"name":"wp","href":"https:\/\/api.w.org\/{rel}","templated":true}]}}