{"id":9519,"date":"2020-10-19T12:33:05","date_gmt":"2020-10-19T12:33:05","guid":{"rendered":"https:\/\/www.ull.es\/portal\/cienciaull\/?page_id=9519"},"modified":"2025-07-28T09:38:47","modified_gmt":"2025-07-28T09:38:47","slug":"taller-4-preparacion-de-polimeros","status":"publish","type":"page","link":"https:\/\/www.ull.es\/portal\/cienciaull\/laboratorio-virtual-conecta-cienciull\/biomedicina-y-salud\/taller-4-preparacion-de-polimeros\/","title":{"rendered":"Taller 4. \u00abPreparaci\u00f3n de pol\u00edmeros\u00bb"},"content":{"rendered":"<p>[vc_row][vc_column][vc_custom_heading text=\u00bbTaller 4. \u00abPreparaci\u00f3n de pol\u00edmeros\u00bb\u00bb font_container=\u00bbtag:h2|text_align:left|color:%235499c7&#8243; google_fonts=\u00bbfont_family:Roboto%20Slab%3A100%2C300%2Cregular%2C700|font_style:700%20bold%20regular%3A700%3Anormal\u00bb][vc_video link=\u00bbhttps:\/\/www.youtube.com\/watch?v=S9HGiEkSJOM\u00bb][vc_empty_space][vc_column_text]<\/p>\n<table style=\"height: 97px\" width=\"1231\">\n<tbody>\n<tr>\n<td width=\"120\"><strong>Breve descripci\u00f3n<\/strong><\/td>\n<\/tr>\n<tr>\n<td>\n<p style=\"text-align: justify\">En el presente taller se llevar\u00e1 a cabo la preparaci\u00f3n de un pol\u00edmero de diferentes propiedades fisicoqu\u00edmicas a los compuestos de partida: el acetato de polivinilo, el \u00e1cido b\u00f3rico y el bicarbonato s\u00f3dico.<\/p>\n<p style=\"text-align: justify\">Pr\u00e1ctica o actividad que ha sido dise\u00f1ada para ser realizada por el alumno en el centro estudiantil o en su casa. Esta tarea de experimentaci\u00f3n permitir\u00e1 al alumnado participar activamente durante todo el tiempo de visualizaci\u00f3n del v\u00eddeo y con posterioridad al mismo.<\/p>\n<p style=\"text-align: justify\">A lo largo del transcurso de esta experiencia de divulgaci\u00f3n cient\u00edfica el alumno ser\u00e1 capaz de crear pol\u00edmeros de diferentes propiedades y valorar las causas experimentales que han provocado tales desigualdades. De esta manera, los estudiantes podr\u00e1n adquirir nuevos conceptos y conocimientos a la vez que llevan a cabo labores de investigaci\u00f3n. Brindando, simult\u00e1neamente, la oportunidad a indagar y a aprender m\u00e1s sobre los nuevos conceptos que ser\u00e1n presentados gradualmente durante la realizaci\u00f3n del taller.<\/p>\n<p style=\"text-align: justify\">En este periodo, tambi\u00e9n se prestar\u00e1 atenci\u00f3n a la seguridad que se debe tener en cualquier trabajo con compuestos qu\u00edmicos y el respeto por el medio ambiente, acciones b\u00e1sicas en un laboratorio.<\/p>\n<p style=\"text-align: justify\">La actividad ser\u00e1 desarrollada de manera individual por cada alumno y permitir\u00e1 un aprendizaje eficaz, responsable, respetuoso, cordial, entretenido y divertido. Todo ello en un entorno de interacci\u00f3n contin\u00faa.<\/p>\n<p style=\"text-align: justify\">El taller se presenta en formato de v\u00eddeo. Durante los 15-20 minutos de explicaci\u00f3n, as\u00ed como posteriormente, los alumnos se sumergir\u00e1n en el mundo de la investigaci\u00f3n cient\u00edfica de forma din\u00e1mica. Transform\u00e1ndose en investigadores en Qu\u00edmica Org\u00e1nica y en Fisicoqu\u00edmica.<\/p>\n<\/td>\n<\/tr>\n<\/tbody>\n<\/table>\n<p>[\/vc_column_text][vc_column_text]<\/p>\n<table style=\"height: 98px\" width=\"1159\">\n<tbody>\n<tr>\n<td width=\"120\"><strong>P\u00fablico al que se dirige<\/strong><\/td>\n<td width=\"65\"><strong>Duraci\u00f3n<\/strong><\/td>\n<\/tr>\n<tr>\n<td>3\u00ba\/4\u00ba ESO y Bachillerato<\/td>\n<td>24:52<\/td>\n<\/tr>\n<\/tbody>\n<\/table>\n<p>[\/vc_column_text][vc_column_text]<\/p>\n<table style=\"height: 197px\" width=\"1202\">\n<tbody>\n<tr>\n<td width=\"120\"><strong>Materiales y recursos<\/strong><\/td>\n<\/tr>\n<tr>\n<td>\n<ul>\n<li>1 cuenco o bol de pl\u00e1stico.<\/li>\n<li>1 cuchara para revolver.<\/li>\n<li>Cola blanca (de acetato de polivinilo o PVA).<\/li>\n<li>L\u00edquido para limpiar lentillas (que contenga \u00e1cido b\u00f3rico o b\u00f3rax).<\/li>\n<li>Bicarbonato s\u00f3dico.<\/li>\n<li>Colorante (preferiblemente alimentario).<\/li>\n<li>Un par de guantes (de l\u00e1tex, vinilo o nitrilo).<\/li>\n<li>Gafas de seguridad (recomendado).<\/li>\n<li>Mascarilla (si el taller se realiza en aula, la de uso obligatorio por la enfermedad COVID-19).<\/li>\n<li>Bata desechable (si se realiza en aula).<\/li>\n<li>Bolsa de basura.<\/li>\n<\/ul>\n<\/td>\n<\/tr>\n<\/tbody>\n<\/table>\n<p>[\/vc_column_text][vc_column_text]<\/p>\n<table style=\"height: 73px\" width=\"1215\">\n<tbody>\n<tr>\n<td width=\"120\"><strong>Investigadora<\/strong><\/td>\n<td width=\"65\">Rosal\u00eda Gonz\u00e1lez Brito<\/td>\n<\/tr>\n<tr>\n<td><strong>Departamento<\/strong><\/td>\n<td>Farmacolog\u00eda y Qu\u00edmica Org\u00e1nica<\/td>\n<\/tr>\n<\/tbody>\n<\/table>\n<p>[\/vc_column_text][\/vc_column][\/vc_row][vc_row][vc_column][vc_btn title=\u00bbDescargar ficha del taller\u00bb color=\u00bbsky\u00bb size=\u00bblg\u00bb align=\u00bbcenter\u00bb link=\u00bburl:https%3A%2F%2Fdrive.google.com%2Ffile%2Fd%2F1fvZoWDEkMJoXzArkf5WTvgD3L7Yt0JlD%2Fview%3Fusp%3Dsharing|target:_blank\u00bb][\/vc_column][\/vc_row]<\/p>\n","protected":false},"excerpt":{"rendered":"<p>[vc_row][vc_column][vc_custom_heading text=\u00bbTaller 4. \u00abPreparaci\u00f3n de pol\u00edmeros\u00bb\u00bb font_container=\u00bbtag:h2|text_align:left|color:%235499c7&#8243; google_fonts=\u00bbfont_family:Roboto%20Slab%3A100%2C300%2Cregular%2C700|font_style:700%20bold%20regular%3A700%3Anormal\u00bb][vc_video link=\u00bbhttps:\/\/www.youtube.com\/watch?v=S9HGiEkSJOM\u00bb][vc_empty_space][vc_column_text] Breve descripci\u00f3n En el presente taller se llevar\u00e1 a cabo la preparaci\u00f3n de un pol\u00edmero de diferentes propiedades fisicoqu\u00edmicas a los compuestos de partida: el acetato de polivinilo, el \u00e1cido b\u00f3rico y el bicarbonato s\u00f3dico. Pr\u00e1ctica o actividad que ha sido dise\u00f1ada para ser realizada por&#8230;<\/p>\n","protected":false},"author":56,"featured_media":0,"parent":26937,"menu_order":4,"comment_status":"closed","ping_status":"closed","template":"","meta":{"inline_featured_image":false,"footnotes":""},"acf":[],"yoast_head":"<!-- This site is optimized with the Yoast SEO plugin v21.3 - https:\/\/yoast.com\/wordpress\/plugins\/seo\/ -->\n<title>Taller 4. \u00abPreparaci\u00f3n de pol\u00edmeros\u00bb -<\/title>\n<meta name=\"robots\" content=\"index, follow, max-snippet:-1, max-image-preview:large, max-video-preview:-1\" \/>\n<link rel=\"canonical\" href=\"https:\/\/www.ull.es\/portal\/cienciaull\/laboratorio-virtual-conecta-cienciull\/biomedicina-y-salud\/taller-4-preparacion-de-polimeros\/\" \/>\n<meta property=\"og:locale\" content=\"es_ES\" \/>\n<meta property=\"og:type\" content=\"article\" \/>\n<meta property=\"og:title\" content=\"Taller 4. \u00abPreparaci\u00f3n de pol\u00edmeros\u00bb -\" \/>\n<meta property=\"og:description\" content=\"[vc_row][vc_column][vc_custom_heading text=\u00bbTaller 4. \u00abPreparaci\u00f3n de pol\u00edmeros\u00bb\u00bb font_container=\u00bbtag:h2|text_align:left|color:%235499c7&#8243; google_fonts=\u00bbfont_family:Roboto%20Slab%3A100%2C300%2Cregular%2C700|font_style:700%20bold%20regular%3A700%3Anormal\u00bb][vc_video link=\u00bbhttps:\/\/www.youtube.com\/watch?v=S9HGiEkSJOM\u00bb][vc_empty_space][vc_column_text] Breve descripci\u00f3n En el presente taller se llevar\u00e1 a cabo la preparaci\u00f3n de un pol\u00edmero de diferentes propiedades fisicoqu\u00edmicas a los compuestos de partida: el acetato de polivinilo, el \u00e1cido b\u00f3rico y el bicarbonato s\u00f3dico. Pr\u00e1ctica o actividad que ha sido dise\u00f1ada para ser realizada por...\" \/>\n<meta property=\"og:url\" content=\"https:\/\/www.ull.es\/portal\/cienciaull\/laboratorio-virtual-conecta-cienciull\/biomedicina-y-salud\/taller-4-preparacion-de-polimeros\/\" \/>\n<meta property=\"article:publisher\" content=\"https:\/\/www.facebook.com\/CienciaULL\/\" \/>\n<meta property=\"article:modified_time\" content=\"2025-07-28T09:38:47+00:00\" \/>\n<meta name=\"twitter:card\" content=\"summary_large_image\" \/>\n<meta name=\"twitter:site\" content=\"@CienciaULL\" \/>\n<meta name=\"twitter:label1\" content=\"Tiempo de lectura\" \/>\n\t<meta name=\"twitter:data1\" content=\"2 minutos\" \/>\n<script type=\"application\/ld+json\" class=\"yoast-schema-graph\">{\"@context\":\"https:\/\/schema.org\",\"@graph\":[{\"@type\":\"WebPage\",\"@id\":\"https:\/\/www.ull.es\/portal\/cienciaull\/laboratorio-virtual-conecta-cienciull\/biomedicina-y-salud\/taller-4-preparacion-de-polimeros\/\",\"url\":\"https:\/\/www.ull.es\/portal\/cienciaull\/laboratorio-virtual-conecta-cienciull\/biomedicina-y-salud\/taller-4-preparacion-de-polimeros\/\",\"name\":\"Taller 4. \u00abPreparaci\u00f3n de pol\u00edmeros\u00bb -\",\"isPartOf\":{\"@id\":\"https:\/\/www.ull.es\/portal\/cienciaull\/#website\"},\"datePublished\":\"2020-10-19T12:33:05+00:00\",\"dateModified\":\"2025-07-28T09:38:47+00:00\",\"breadcrumb\":{\"@id\":\"https:\/\/www.ull.es\/portal\/cienciaull\/laboratorio-virtual-conecta-cienciull\/biomedicina-y-salud\/taller-4-preparacion-de-polimeros\/#breadcrumb\"},\"inLanguage\":\"es\",\"potentialAction\":[{\"@type\":\"ReadAction\",\"target\":[\"https:\/\/www.ull.es\/portal\/cienciaull\/laboratorio-virtual-conecta-cienciull\/biomedicina-y-salud\/taller-4-preparacion-de-polimeros\/\"]}]},{\"@type\":\"BreadcrumbList\",\"@id\":\"https:\/\/www.ull.es\/portal\/cienciaull\/laboratorio-virtual-conecta-cienciull\/biomedicina-y-salud\/taller-4-preparacion-de-polimeros\/#breadcrumb\",\"itemListElement\":[{\"@type\":\"ListItem\",\"position\":1,\"name\":\"Portada\",\"item\":\"https:\/\/www.ull.es\/portal\/cienciaull\/\"},{\"@type\":\"ListItem\",\"position\":2,\"name\":\"Laboratorio Virtual Conecta Cienci@ULL\",\"item\":\"https:\/\/www.ull.es\/portal\/cienciaull\/laboratorio-virtual-conecta-cienciull\/\"},{\"@type\":\"ListItem\",\"position\":3,\"name\":\"Biomedicina y Salud\",\"item\":\"https:\/\/www.ull.es\/portal\/cienciaull\/laboratorio-virtual-conecta-cienciull\/biomedicina-y-salud\/\"},{\"@type\":\"ListItem\",\"position\":4,\"name\":\"Taller 4. \u00abPreparaci\u00f3n de pol\u00edmeros\u00bb\"}]},{\"@type\":\"WebSite\",\"@id\":\"https:\/\/www.ull.es\/portal\/cienciaull\/#website\",\"url\":\"https:\/\/www.ull.es\/portal\/cienciaull\/\",\"name\":\"\",\"description\":\"Unidad de Cultura Cient\u00edfica y de la Innovaci\u00f3n de la Universidad de La Laguna\",\"potentialAction\":[{\"@type\":\"SearchAction\",\"target\":{\"@type\":\"EntryPoint\",\"urlTemplate\":\"https:\/\/www.ull.es\/portal\/cienciaull\/?s={search_term_string}\"},\"query-input\":\"required name=search_term_string\"}],\"inLanguage\":\"es\"}]}<\/script>\n<!-- \/ Yoast SEO plugin. -->","yoast_head_json":{"title":"Taller 4. \u00abPreparaci\u00f3n de pol\u00edmeros\u00bb -","robots":{"index":"index","follow":"follow","max-snippet":"max-snippet:-1","max-image-preview":"max-image-preview:large","max-video-preview":"max-video-preview:-1"},"canonical":"https:\/\/www.ull.es\/portal\/cienciaull\/laboratorio-virtual-conecta-cienciull\/biomedicina-y-salud\/taller-4-preparacion-de-polimeros\/","og_locale":"es_ES","og_type":"article","og_title":"Taller 4. \u00abPreparaci\u00f3n de pol\u00edmeros\u00bb -","og_description":"[vc_row][vc_column][vc_custom_heading text=\u00bbTaller 4. \u00abPreparaci\u00f3n de pol\u00edmeros\u00bb\u00bb font_container=\u00bbtag:h2|text_align:left|color:%235499c7&#8243; google_fonts=\u00bbfont_family:Roboto%20Slab%3A100%2C300%2Cregular%2C700|font_style:700%20bold%20regular%3A700%3Anormal\u00bb][vc_video link=\u00bbhttps:\/\/www.youtube.com\/watch?v=S9HGiEkSJOM\u00bb][vc_empty_space][vc_column_text] Breve descripci\u00f3n En el presente taller se llevar\u00e1 a cabo la preparaci\u00f3n de un pol\u00edmero de diferentes propiedades fisicoqu\u00edmicas a los compuestos de partida: el acetato de polivinilo, el \u00e1cido b\u00f3rico y el bicarbonato s\u00f3dico. Pr\u00e1ctica o actividad que ha sido dise\u00f1ada para ser realizada por...","og_url":"https:\/\/www.ull.es\/portal\/cienciaull\/laboratorio-virtual-conecta-cienciull\/biomedicina-y-salud\/taller-4-preparacion-de-polimeros\/","article_publisher":"https:\/\/www.facebook.com\/CienciaULL\/","article_modified_time":"2025-07-28T09:38:47+00:00","twitter_card":"summary_large_image","twitter_site":"@CienciaULL","twitter_misc":{"Tiempo de lectura":"2 minutos"},"schema":{"@context":"https:\/\/schema.org","@graph":[{"@type":"WebPage","@id":"https:\/\/www.ull.es\/portal\/cienciaull\/laboratorio-virtual-conecta-cienciull\/biomedicina-y-salud\/taller-4-preparacion-de-polimeros\/","url":"https:\/\/www.ull.es\/portal\/cienciaull\/laboratorio-virtual-conecta-cienciull\/biomedicina-y-salud\/taller-4-preparacion-de-polimeros\/","name":"Taller 4. \u00abPreparaci\u00f3n de pol\u00edmeros\u00bb -","isPartOf":{"@id":"https:\/\/www.ull.es\/portal\/cienciaull\/#website"},"datePublished":"2020-10-19T12:33:05+00:00","dateModified":"2025-07-28T09:38:47+00:00","breadcrumb":{"@id":"https:\/\/www.ull.es\/portal\/cienciaull\/laboratorio-virtual-conecta-cienciull\/biomedicina-y-salud\/taller-4-preparacion-de-polimeros\/#breadcrumb"},"inLanguage":"es","potentialAction":[{"@type":"ReadAction","target":["https:\/\/www.ull.es\/portal\/cienciaull\/laboratorio-virtual-conecta-cienciull\/biomedicina-y-salud\/taller-4-preparacion-de-polimeros\/"]}]},{"@type":"BreadcrumbList","@id":"https:\/\/www.ull.es\/portal\/cienciaull\/laboratorio-virtual-conecta-cienciull\/biomedicina-y-salud\/taller-4-preparacion-de-polimeros\/#breadcrumb","itemListElement":[{"@type":"ListItem","position":1,"name":"Portada","item":"https:\/\/www.ull.es\/portal\/cienciaull\/"},{"@type":"ListItem","position":2,"name":"Laboratorio Virtual Conecta Cienci@ULL","item":"https:\/\/www.ull.es\/portal\/cienciaull\/laboratorio-virtual-conecta-cienciull\/"},{"@type":"ListItem","position":3,"name":"Biomedicina y Salud","item":"https:\/\/www.ull.es\/portal\/cienciaull\/laboratorio-virtual-conecta-cienciull\/biomedicina-y-salud\/"},{"@type":"ListItem","position":4,"name":"Taller 4. \u00abPreparaci\u00f3n de pol\u00edmeros\u00bb"}]},{"@type":"WebSite","@id":"https:\/\/www.ull.es\/portal\/cienciaull\/#website","url":"https:\/\/www.ull.es\/portal\/cienciaull\/","name":"","description":"Unidad de Cultura Cient\u00edfica y de la Innovaci\u00f3n de la Universidad de La Laguna","potentialAction":[{"@type":"SearchAction","target":{"@type":"EntryPoint","urlTemplate":"https:\/\/www.ull.es\/portal\/cienciaull\/?s={search_term_string}"},"query-input":"required name=search_term_string"}],"inLanguage":"es"}]}},"_links":{"self":[{"href":"https:\/\/www.ull.es\/portal\/cienciaull\/wp-json\/wp\/v2\/pages\/9519"}],"collection":[{"href":"https:\/\/www.ull.es\/portal\/cienciaull\/wp-json\/wp\/v2\/pages"}],"about":[{"href":"https:\/\/www.ull.es\/portal\/cienciaull\/wp-json\/wp\/v2\/types\/page"}],"author":[{"embeddable":true,"href":"https:\/\/www.ull.es\/portal\/cienciaull\/wp-json\/wp\/v2\/users\/56"}],"replies":[{"embeddable":true,"href":"https:\/\/www.ull.es\/portal\/cienciaull\/wp-json\/wp\/v2\/comments?post=9519"}],"version-history":[{"count":19,"href":"https:\/\/www.ull.es\/portal\/cienciaull\/wp-json\/wp\/v2\/pages\/9519\/revisions"}],"predecessor-version":[{"id":34955,"href":"https:\/\/www.ull.es\/portal\/cienciaull\/wp-json\/wp\/v2\/pages\/9519\/revisions\/34955"}],"up":[{"embeddable":true,"href":"https:\/\/www.ull.es\/portal\/cienciaull\/wp-json\/wp\/v2\/pages\/26937"}],"wp:attachment":[{"href":"https:\/\/www.ull.es\/portal\/cienciaull\/wp-json\/wp\/v2\/media?parent=9519"}],"curies":[{"name":"wp","href":"https:\/\/api.w.org\/{rel}","templated":true}]}}