{"id":9560,"date":"2020-10-20T06:52:47","date_gmt":"2020-10-20T06:52:47","guid":{"rendered":"https:\/\/www.ull.es\/portal\/cienciaull\/?page_id=9560"},"modified":"2025-07-28T09:39:16","modified_gmt":"2025-07-28T09:39:16","slug":"taller-5-reto-magnetico-es-posible-superar-los-3-niveles-para-conseguir-el-clip","status":"publish","type":"page","link":"https:\/\/www.ull.es\/portal\/cienciaull\/laboratorio-virtual-conecta-cienciull\/biomedicina-y-salud\/taller-5-reto-magnetico-es-posible-superar-los-3-niveles-para-conseguir-el-clip\/","title":{"rendered":"Taller 5. \u00abReto magn\u00e9tico: \u00bfes posible superar los 3 niveles para conseguir el clip?\u00bb"},"content":{"rendered":"<p>[vc_row][vc_column][vc_custom_heading source=\u00bbpost_title\u00bb font_container=\u00bbtag:h2|text_align:left|color:%235499c7&#8243; google_fonts=\u00bbfont_family:Roboto%20Slab%3A100%2C300%2Cregular%2C700|font_style:700%20bold%20regular%3A700%3Anormal\u00bb][\/vc_column][\/vc_row][vc_row][vc_column][vc_video link=\u00bbhttps:\/\/youtu.be\/rmHXqvGDJB4&#8243;][vc_empty_space][vc_column_text]<\/p>\n<table style=\"height: 83px\" width=\"1200\">\n<tbody>\n<tr>\n<td width=\"120\"><strong>Breve descripci\u00f3n<\/strong><\/td>\n<\/tr>\n<tr>\n<td>\n<p style=\"text-align: justify\"><span style=\"font-weight: 400\">En este experimento se plantea sacar un clip dentro de un tarro de cristal con agua, usando imanes por la parte externa del envase.<\/span><\/p>\n<p style=\"text-align: justify\"><span style=\"font-weight: 400\">Se har\u00e1n varios niveles de dificultad: nivel 1 clip met\u00e1lico peque\u00f1o, nivel 2 clip met\u00e1lico grande, nivel 3 clip recubierto de pl\u00e1stico.<\/span><\/p>\n<\/td>\n<\/tr>\n<\/tbody>\n<\/table>\n<p>[\/vc_column_text][vc_column_text]<\/p>\n<table style=\"height: 91px\" width=\"1191\">\n<tbody>\n<tr>\n<td width=\"120\"><strong>P\u00fablico al que se dirige<\/strong><\/td>\n<td width=\"65\"><strong>Duraci\u00f3n<\/strong><\/td>\n<\/tr>\n<tr>\n<td>3\u00ba\/4\u00ba ESO y Bachillerato<\/td>\n<td>6:16<\/td>\n<\/tr>\n<\/tbody>\n<\/table>\n<p>[\/vc_column_text][vc_column_text]<\/p>\n<table style=\"height: 83px\" width=\"1216\">\n<tbody>\n<tr>\n<td width=\"120\"><strong>Materiales y recursos<\/strong><\/td>\n<\/tr>\n<tr>\n<td>\n<ul>\n<li>Un vaso de pl\u00e1stico transparente<\/li>\n<li>Clips met\u00e1licos: uno peque\u00f1o y otro grande<\/li>\n<li>Im\u00e1n<\/li>\n<\/ul>\n<\/td>\n<\/tr>\n<\/tbody>\n<\/table>\n<p>[\/vc_column_text][vc_column_text]<\/p>\n<table style=\"height: 66px\" width=\"1188\">\n<tbody>\n<tr>\n<td width=\"120\"><strong>Investigadora<\/strong><\/td>\n<td width=\"65\">Laura Ezama Foronda<\/td>\n<\/tr>\n<tr>\n<td><strong>Departamento<\/strong><\/td>\n<td>Psicolog\u00eda Cognitiva, Social y Organizacional<br \/>\nFacultad de Psicolog\u00eda, Universidad de La Laguna<\/td>\n<\/tr>\n<\/tbody>\n<\/table>\n<p>[\/vc_column_text][vc_empty_space][vc_btn title=\u00bbDescargar ficha del taller\u00bb color=\u00bbsky\u00bb size=\u00bblg\u00bb align=\u00bbcenter\u00bb link=\u00bburl:https%3A%2F%2Fdrive.google.com%2Ffile%2Fd%2F1LN0bAOJWCTYNjPfZTC3vdsLViarJzzHS%2Fview%3Fusp%3Dsharing|target:_blank\u00bb][\/vc_column][\/vc_row]<\/p>\n","protected":false},"excerpt":{"rendered":"<p>[vc_row][vc_column][vc_custom_heading source=\u00bbpost_title\u00bb font_container=\u00bbtag:h2|text_align:left|color:%235499c7&#8243; google_fonts=\u00bbfont_family:Roboto%20Slab%3A100%2C300%2Cregular%2C700|font_style:700%20bold%20regular%3A700%3Anormal\u00bb][\/vc_column][\/vc_row][vc_row][vc_column][vc_video link=\u00bbhttps:\/\/youtu.be\/rmHXqvGDJB4&#8243;][vc_empty_space][vc_column_text] Breve descripci\u00f3n En este experimento se plantea sacar un clip dentro de un tarro de cristal con agua, usando imanes por la parte externa del envase. Se har\u00e1n varios niveles de dificultad: nivel 1 clip met\u00e1lico peque\u00f1o, nivel 2 clip met\u00e1lico grande, nivel 3 clip recubierto de pl\u00e1stico. [\/vc_column_text][vc_column_text] P\u00fablico&#8230;<\/p>\n","protected":false},"author":56,"featured_media":0,"parent":26937,"menu_order":5,"comment_status":"closed","ping_status":"closed","template":"","meta":{"inline_featured_image":false,"footnotes":""},"acf":[],"yoast_head":"<!-- This site is optimized with the Yoast SEO plugin v21.3 - https:\/\/yoast.com\/wordpress\/plugins\/seo\/ -->\n<title>Taller 5. \u00abReto magn\u00e9tico: \u00bfes posible superar los 3 niveles para conseguir el clip?\u00bb -<\/title>\n<meta name=\"robots\" content=\"index, follow, max-snippet:-1, max-image-preview:large, max-video-preview:-1\" \/>\n<link rel=\"canonical\" href=\"https:\/\/www.ull.es\/portal\/cienciaull\/laboratorio-virtual-conecta-cienciull\/biomedicina-y-salud\/taller-5-reto-magnetico-es-posible-superar-los-3-niveles-para-conseguir-el-clip\/\" \/>\n<meta property=\"og:locale\" content=\"es_ES\" \/>\n<meta property=\"og:type\" content=\"article\" \/>\n<meta property=\"og:title\" content=\"Taller 5. \u00abReto magn\u00e9tico: \u00bfes posible superar los 3 niveles para conseguir el clip?\u00bb -\" \/>\n<meta property=\"og:description\" content=\"[vc_row][vc_column][vc_custom_heading source=\u00bbpost_title\u00bb font_container=\u00bbtag:h2|text_align:left|color:%235499c7&#8243; google_fonts=\u00bbfont_family:Roboto%20Slab%3A100%2C300%2Cregular%2C700|font_style:700%20bold%20regular%3A700%3Anormal\u00bb][\/vc_column][\/vc_row][vc_row][vc_column][vc_video link=\u00bbhttps:\/\/youtu.be\/rmHXqvGDJB4&#8243;][vc_empty_space][vc_column_text] Breve descripci\u00f3n En este experimento se plantea sacar un clip dentro de un tarro de cristal con agua, usando imanes por la parte externa del envase. Se har\u00e1n varios niveles de dificultad: nivel 1 clip met\u00e1lico peque\u00f1o, nivel 2 clip met\u00e1lico grande, nivel 3 clip recubierto de pl\u00e1stico. [\/vc_column_text][vc_column_text] P\u00fablico...\" \/>\n<meta property=\"og:url\" content=\"https:\/\/www.ull.es\/portal\/cienciaull\/laboratorio-virtual-conecta-cienciull\/biomedicina-y-salud\/taller-5-reto-magnetico-es-posible-superar-los-3-niveles-para-conseguir-el-clip\/\" \/>\n<meta property=\"article:publisher\" content=\"https:\/\/www.facebook.com\/CienciaULL\/\" \/>\n<meta property=\"article:modified_time\" content=\"2025-07-28T09:39:16+00:00\" \/>\n<meta name=\"twitter:card\" content=\"summary_large_image\" \/>\n<meta name=\"twitter:site\" content=\"@CienciaULL\" \/>\n<meta name=\"twitter:label1\" content=\"Tiempo de lectura\" \/>\n\t<meta name=\"twitter:data1\" content=\"1 minuto\" \/>\n<script type=\"application\/ld+json\" class=\"yoast-schema-graph\">{\"@context\":\"https:\/\/schema.org\",\"@graph\":[{\"@type\":\"WebPage\",\"@id\":\"https:\/\/www.ull.es\/portal\/cienciaull\/laboratorio-virtual-conecta-cienciull\/biomedicina-y-salud\/taller-5-reto-magnetico-es-posible-superar-los-3-niveles-para-conseguir-el-clip\/\",\"url\":\"https:\/\/www.ull.es\/portal\/cienciaull\/laboratorio-virtual-conecta-cienciull\/biomedicina-y-salud\/taller-5-reto-magnetico-es-posible-superar-los-3-niveles-para-conseguir-el-clip\/\",\"name\":\"Taller 5. \u00abReto magn\u00e9tico: \u00bfes posible superar los 3 niveles para conseguir el clip?\u00bb -\",\"isPartOf\":{\"@id\":\"https:\/\/www.ull.es\/portal\/cienciaull\/#website\"},\"datePublished\":\"2020-10-20T06:52:47+00:00\",\"dateModified\":\"2025-07-28T09:39:16+00:00\",\"breadcrumb\":{\"@id\":\"https:\/\/www.ull.es\/portal\/cienciaull\/laboratorio-virtual-conecta-cienciull\/biomedicina-y-salud\/taller-5-reto-magnetico-es-posible-superar-los-3-niveles-para-conseguir-el-clip\/#breadcrumb\"},\"inLanguage\":\"es\",\"potentialAction\":[{\"@type\":\"ReadAction\",\"target\":[\"https:\/\/www.ull.es\/portal\/cienciaull\/laboratorio-virtual-conecta-cienciull\/biomedicina-y-salud\/taller-5-reto-magnetico-es-posible-superar-los-3-niveles-para-conseguir-el-clip\/\"]}]},{\"@type\":\"BreadcrumbList\",\"@id\":\"https:\/\/www.ull.es\/portal\/cienciaull\/laboratorio-virtual-conecta-cienciull\/biomedicina-y-salud\/taller-5-reto-magnetico-es-posible-superar-los-3-niveles-para-conseguir-el-clip\/#breadcrumb\",\"itemListElement\":[{\"@type\":\"ListItem\",\"position\":1,\"name\":\"Portada\",\"item\":\"https:\/\/www.ull.es\/portal\/cienciaull\/\"},{\"@type\":\"ListItem\",\"position\":2,\"name\":\"Laboratorio Virtual Conecta Cienci@ULL\",\"item\":\"https:\/\/www.ull.es\/portal\/cienciaull\/laboratorio-virtual-conecta-cienciull\/\"},{\"@type\":\"ListItem\",\"position\":3,\"name\":\"Biomedicina y Salud\",\"item\":\"https:\/\/www.ull.es\/portal\/cienciaull\/laboratorio-virtual-conecta-cienciull\/biomedicina-y-salud\/\"},{\"@type\":\"ListItem\",\"position\":4,\"name\":\"Taller 5. \u00abReto magn\u00e9tico: \u00bfes posible superar los 3 niveles para conseguir el clip?\u00bb\"}]},{\"@type\":\"WebSite\",\"@id\":\"https:\/\/www.ull.es\/portal\/cienciaull\/#website\",\"url\":\"https:\/\/www.ull.es\/portal\/cienciaull\/\",\"name\":\"\",\"description\":\"Unidad de Cultura Cient\u00edfica y de la Innovaci\u00f3n de la Universidad de La Laguna\",\"potentialAction\":[{\"@type\":\"SearchAction\",\"target\":{\"@type\":\"EntryPoint\",\"urlTemplate\":\"https:\/\/www.ull.es\/portal\/cienciaull\/?s={search_term_string}\"},\"query-input\":\"required name=search_term_string\"}],\"inLanguage\":\"es\"}]}<\/script>\n<!-- \/ Yoast SEO plugin. -->","yoast_head_json":{"title":"Taller 5. \u00abReto magn\u00e9tico: \u00bfes posible superar los 3 niveles para conseguir el clip?\u00bb -","robots":{"index":"index","follow":"follow","max-snippet":"max-snippet:-1","max-image-preview":"max-image-preview:large","max-video-preview":"max-video-preview:-1"},"canonical":"https:\/\/www.ull.es\/portal\/cienciaull\/laboratorio-virtual-conecta-cienciull\/biomedicina-y-salud\/taller-5-reto-magnetico-es-posible-superar-los-3-niveles-para-conseguir-el-clip\/","og_locale":"es_ES","og_type":"article","og_title":"Taller 5. \u00abReto magn\u00e9tico: \u00bfes posible superar los 3 niveles para conseguir el clip?\u00bb -","og_description":"[vc_row][vc_column][vc_custom_heading source=\u00bbpost_title\u00bb font_container=\u00bbtag:h2|text_align:left|color:%235499c7&#8243; google_fonts=\u00bbfont_family:Roboto%20Slab%3A100%2C300%2Cregular%2C700|font_style:700%20bold%20regular%3A700%3Anormal\u00bb][\/vc_column][\/vc_row][vc_row][vc_column][vc_video link=\u00bbhttps:\/\/youtu.be\/rmHXqvGDJB4&#8243;][vc_empty_space][vc_column_text] Breve descripci\u00f3n En este experimento se plantea sacar un clip dentro de un tarro de cristal con agua, usando imanes por la parte externa del envase. Se har\u00e1n varios niveles de dificultad: nivel 1 clip met\u00e1lico peque\u00f1o, nivel 2 clip met\u00e1lico grande, nivel 3 clip recubierto de pl\u00e1stico. [\/vc_column_text][vc_column_text] P\u00fablico...","og_url":"https:\/\/www.ull.es\/portal\/cienciaull\/laboratorio-virtual-conecta-cienciull\/biomedicina-y-salud\/taller-5-reto-magnetico-es-posible-superar-los-3-niveles-para-conseguir-el-clip\/","article_publisher":"https:\/\/www.facebook.com\/CienciaULL\/","article_modified_time":"2025-07-28T09:39:16+00:00","twitter_card":"summary_large_image","twitter_site":"@CienciaULL","twitter_misc":{"Tiempo de lectura":"1 minuto"},"schema":{"@context":"https:\/\/schema.org","@graph":[{"@type":"WebPage","@id":"https:\/\/www.ull.es\/portal\/cienciaull\/laboratorio-virtual-conecta-cienciull\/biomedicina-y-salud\/taller-5-reto-magnetico-es-posible-superar-los-3-niveles-para-conseguir-el-clip\/","url":"https:\/\/www.ull.es\/portal\/cienciaull\/laboratorio-virtual-conecta-cienciull\/biomedicina-y-salud\/taller-5-reto-magnetico-es-posible-superar-los-3-niveles-para-conseguir-el-clip\/","name":"Taller 5. \u00abReto magn\u00e9tico: \u00bfes posible superar los 3 niveles para conseguir el clip?\u00bb -","isPartOf":{"@id":"https:\/\/www.ull.es\/portal\/cienciaull\/#website"},"datePublished":"2020-10-20T06:52:47+00:00","dateModified":"2025-07-28T09:39:16+00:00","breadcrumb":{"@id":"https:\/\/www.ull.es\/portal\/cienciaull\/laboratorio-virtual-conecta-cienciull\/biomedicina-y-salud\/taller-5-reto-magnetico-es-posible-superar-los-3-niveles-para-conseguir-el-clip\/#breadcrumb"},"inLanguage":"es","potentialAction":[{"@type":"ReadAction","target":["https:\/\/www.ull.es\/portal\/cienciaull\/laboratorio-virtual-conecta-cienciull\/biomedicina-y-salud\/taller-5-reto-magnetico-es-posible-superar-los-3-niveles-para-conseguir-el-clip\/"]}]},{"@type":"BreadcrumbList","@id":"https:\/\/www.ull.es\/portal\/cienciaull\/laboratorio-virtual-conecta-cienciull\/biomedicina-y-salud\/taller-5-reto-magnetico-es-posible-superar-los-3-niveles-para-conseguir-el-clip\/#breadcrumb","itemListElement":[{"@type":"ListItem","position":1,"name":"Portada","item":"https:\/\/www.ull.es\/portal\/cienciaull\/"},{"@type":"ListItem","position":2,"name":"Laboratorio Virtual Conecta Cienci@ULL","item":"https:\/\/www.ull.es\/portal\/cienciaull\/laboratorio-virtual-conecta-cienciull\/"},{"@type":"ListItem","position":3,"name":"Biomedicina y Salud","item":"https:\/\/www.ull.es\/portal\/cienciaull\/laboratorio-virtual-conecta-cienciull\/biomedicina-y-salud\/"},{"@type":"ListItem","position":4,"name":"Taller 5. \u00abReto magn\u00e9tico: \u00bfes posible superar los 3 niveles para conseguir el clip?\u00bb"}]},{"@type":"WebSite","@id":"https:\/\/www.ull.es\/portal\/cienciaull\/#website","url":"https:\/\/www.ull.es\/portal\/cienciaull\/","name":"","description":"Unidad de Cultura Cient\u00edfica y de la Innovaci\u00f3n de la Universidad de La Laguna","potentialAction":[{"@type":"SearchAction","target":{"@type":"EntryPoint","urlTemplate":"https:\/\/www.ull.es\/portal\/cienciaull\/?s={search_term_string}"},"query-input":"required name=search_term_string"}],"inLanguage":"es"}]}},"_links":{"self":[{"href":"https:\/\/www.ull.es\/portal\/cienciaull\/wp-json\/wp\/v2\/pages\/9560"}],"collection":[{"href":"https:\/\/www.ull.es\/portal\/cienciaull\/wp-json\/wp\/v2\/pages"}],"about":[{"href":"https:\/\/www.ull.es\/portal\/cienciaull\/wp-json\/wp\/v2\/types\/page"}],"author":[{"embeddable":true,"href":"https:\/\/www.ull.es\/portal\/cienciaull\/wp-json\/wp\/v2\/users\/56"}],"replies":[{"embeddable":true,"href":"https:\/\/www.ull.es\/portal\/cienciaull\/wp-json\/wp\/v2\/comments?post=9560"}],"version-history":[{"count":16,"href":"https:\/\/www.ull.es\/portal\/cienciaull\/wp-json\/wp\/v2\/pages\/9560\/revisions"}],"predecessor-version":[{"id":34956,"href":"https:\/\/www.ull.es\/portal\/cienciaull\/wp-json\/wp\/v2\/pages\/9560\/revisions\/34956"}],"up":[{"embeddable":true,"href":"https:\/\/www.ull.es\/portal\/cienciaull\/wp-json\/wp\/v2\/pages\/26937"}],"wp:attachment":[{"href":"https:\/\/www.ull.es\/portal\/cienciaull\/wp-json\/wp\/v2\/media?parent=9560"}],"curies":[{"name":"wp","href":"https:\/\/api.w.org\/{rel}","templated":true}]}}