{"id":9624,"date":"2020-10-20T10:27:34","date_gmt":"2020-10-20T10:27:34","guid":{"rendered":"https:\/\/www.ull.es\/portal\/cienciaull\/?page_id=9624"},"modified":"2025-07-28T10:37:28","modified_gmt":"2025-07-28T10:37:28","slug":"taller-10-el-agua-un-recurso-tan-valioso-como-escaso","status":"publish","type":"page","link":"https:\/\/www.ull.es\/portal\/cienciaull\/laboratorio-virtual-conecta-cienciull\/energia-biodiversidad-y-medioambiente\/taller-10-el-agua-un-recurso-tan-valioso-como-escaso\/","title":{"rendered":"Taller 10 \u00abEl agua, un recurso tan valioso como escaso\u00bb"},"content":{"rendered":"<p>[vc_row][vc_column][vc_custom_heading source=\u00bbpost_title\u00bb font_container=\u00bbtag:h2|text_align:left|color:%236aaa3a\u00bb google_fonts=\u00bbfont_family:Roboto%20Slab%3A100%2C300%2Cregular%2C700|font_style:700%20bold%20regular%3A700%3Anormal\u00bb][\/vc_column][\/vc_row][vc_row][vc_column][vc_video link=\u00bbhttps:\/\/youtu.be\/Q1GS81zT018&#8243;][vc_empty_space][vc_column_text]<\/p>\n<table style=\"height: 269px\" width=\"1156\">\n<tbody>\n<tr>\n<td width=\"118\"><strong>Breve descripci\u00f3n<\/strong><\/td>\n<\/tr>\n<tr>\n<td>\n<p style=\"text-align: justify\">Taller apoyado sobre un v\u00eddeo de unos 10 \u2013 15 min en donde se explican tanto conceptos te\u00f3ricos como pr\u00e1cticos (tener disponibilidad de conexi\u00f3n a Internet). De igual modo, el v\u00eddeo ir\u00e1 acompa\u00f1ado de una presentaci\u00f3n en PPT con im\u00e1genes, v\u00eddeos, aclaraciones y multitud de material de inter\u00e9s para el alumnado.<\/p>\n<p style=\"text-align: justify\">La actividad a desarrollar consta de varias fases en las cuales se explicar\u00e1n tanto conceptos te\u00f3ricos, as\u00ed como la realizaci\u00f3n de experiencias pr\u00e1cticas. <span style=\"font-family: inherit;font-size: inherit\">Se har\u00e1 un repaso por la situaci\u00f3n actual del agua en Canarias, haciendo hincapi\u00e9 en los procesos actuales de depuraci\u00f3n del agua, as\u00ed como procesos de depuraci\u00f3n alternativos, naturales y m\u00e1s respetuosos con el medio ambiente.<\/span><\/p>\n<\/td>\n<\/tr>\n<\/tbody>\n<\/table>\n<p>[\/vc_column_text][vc_column_text]<\/p>\n<table style=\"height: 39px\" width=\"736\">\n<tbody>\n<tr>\n<td width=\"152\"><strong>P\u00fablico al que se dirige<\/strong><\/td>\n<td width=\"80\"><strong>Duraci\u00f3n\u00a0<\/strong><\/td>\n<\/tr>\n<tr>\n<td>3\u00ba\/4\u00ba ESO y Bachillerato<\/td>\n<td>20:24<\/td>\n<\/tr>\n<\/tbody>\n<\/table>\n<p>[\/vc_column_text][vc_column_text]<\/p>\n<table style=\"height: 36px\" width=\"556\">\n<tbody>\n<tr style=\"text-align: justify\">\n<td width=\"139\"><strong>Materiales y recursos<\/strong><\/td>\n<\/tr>\n<tr>\n<td>\n<p style=\"text-align: justify\">1\u00aa Experiencia. Simulaci\u00f3n de etapa de Pretratamiento de una EDAR (Estaci\u00f3n Depuradora de Aguas Residuales) convencional.<\/p>\n<ul style=\"text-align: justify\">\n<li><strong>2 recipientes pl\u00e1stico <\/strong><\/li>\n<li><strong>2 coladores<\/strong> de rejillas de diferente espaciado<\/li>\n<li><strong>Corcho\/l\u00e1piz\/tuvo de papel o similar<\/strong> a modo de barredor de aceite<\/li>\n<li><strong>Vaso con agua + materia org\u00e1nica y mineral<\/strong> (tierra, piedras, hojas secas, ramas, etc)<\/li>\n<li><strong style=\"font-family: inherit;font-size: inherit\">Vaso con agua + arena + aceite vegetal<\/strong><\/li>\n<\/ul>\n<p style=\"text-align: justify\">2\u00aa Experiencia. Simulaci\u00f3n de un sistema de SND (Sistema de Depuraci\u00f3n Natural).<\/p>\n<ul style=\"text-align: justify\">\n<li><strong>Botella de 500 mL o 1 L<\/strong>, de la cual recortaremos el fondo<\/li>\n<li><strong>Soporte<\/strong>: vaso pl\u00e1stico o tarro de vidrio para sujetar la botella<\/li>\n<li><strong>Vaso con agua + materia org\u00e1nica y mineral<\/strong> (tierra, piedras, hojas secas, ramas, etc)<\/li>\n<li><strong>Materia org\u00e1nica y mineral para generar las capas del suelo<\/strong> (perfil ed\u00e1fico). En orden de disposici\u00f3n en la botella:<\/li>\n<li>Materia organiza (ramas, hojas secas, etc)<\/li>\n<li>Tierra<\/li>\n<li>Arena<\/li>\n<li>Gravas finas<\/li>\n<li>Gravas gruesas<\/li>\n<li>En el tap\u00f3n colocamos un poco de algod\u00f3n o papel de cocina a modo de filtro de los elementos m\u00e1s finos<\/li>\n<\/ul>\n<p style=\"text-align: justify\">* El alumnado es libre de a\u00f1adir m\u00e1s capas de sustratos, ejemplo: arcillas, turba, etc.<\/p>\n<\/td>\n<\/tr>\n<\/tbody>\n<\/table>\n<p>[\/vc_column_text][vc_column_text]<\/p>\n<table style=\"height: 35px\" width=\"741\">\n<tbody>\n<tr>\n<td width=\"97\"><strong>Investigador<\/strong><\/td>\n<td width=\"80\">Cristopher Dom\u00ednguez Hern\u00e1ndez<\/td>\n<\/tr>\n<tr>\n<td><strong>Departamento<\/strong><\/td>\n<td>Ciencias Ambientales<\/td>\n<\/tr>\n<\/tbody>\n<\/table>\n<p>[\/vc_column_text][vc_empty_space][vc_btn title=\u00bbDescargar ficha del taller\u00bb color=\u00bbgreen\u00bb align=\u00bbcenter\u00bb link=\u00bburl:https%3A%2F%2Fdrive.google.com%2Ffile%2Fd%2F1dgmeVtJWJwUtiyRLq4Gv17JE3HVStboe%2Fview%3Fusp%3Dsharing|target:_blank\u00bb][\/vc_column][\/vc_row]<\/p>\n","protected":false},"excerpt":{"rendered":"<p>[vc_row][vc_column][vc_custom_heading source=\u00bbpost_title\u00bb font_container=\u00bbtag:h2|text_align:left|color:%236aaa3a\u00bb google_fonts=\u00bbfont_family:Roboto%20Slab%3A100%2C300%2Cregular%2C700|font_style:700%20bold%20regular%3A700%3Anormal\u00bb][\/vc_column][\/vc_row][vc_row][vc_column][vc_video link=\u00bbhttps:\/\/youtu.be\/Q1GS81zT018&#8243;][vc_empty_space][vc_column_text] Breve descripci\u00f3n Taller apoyado sobre un v\u00eddeo de unos 10 \u2013 15 min en donde se explican tanto conceptos te\u00f3ricos como pr\u00e1cticos (tener disponibilidad de conexi\u00f3n a Internet). De igual modo, el v\u00eddeo ir\u00e1 acompa\u00f1ado de una presentaci\u00f3n en PPT con im\u00e1genes, v\u00eddeos, aclaraciones y multitud de material de inter\u00e9s&#8230;<\/p>\n","protected":false},"author":56,"featured_media":0,"parent":26989,"menu_order":10,"comment_status":"closed","ping_status":"closed","template":"","meta":{"inline_featured_image":false,"footnotes":""},"acf":[],"yoast_head":"<!-- This site is optimized with the Yoast SEO plugin v21.3 - https:\/\/yoast.com\/wordpress\/plugins\/seo\/ -->\n<title>Taller 10 \u00abEl agua, un recurso tan valioso como escaso\u00bb -<\/title>\n<meta name=\"robots\" content=\"index, follow, max-snippet:-1, max-image-preview:large, max-video-preview:-1\" \/>\n<link rel=\"canonical\" href=\"https:\/\/www.ull.es\/portal\/cienciaull\/laboratorio-virtual-conecta-cienciull\/energia-biodiversidad-y-medioambiente\/taller-10-el-agua-un-recurso-tan-valioso-como-escaso\/\" \/>\n<meta property=\"og:locale\" content=\"es_ES\" \/>\n<meta property=\"og:type\" content=\"article\" \/>\n<meta property=\"og:title\" content=\"Taller 10 \u00abEl agua, un recurso tan valioso como escaso\u00bb -\" \/>\n<meta property=\"og:description\" content=\"[vc_row][vc_column][vc_custom_heading source=\u00bbpost_title\u00bb font_container=\u00bbtag:h2|text_align:left|color:%236aaa3a\u00bb google_fonts=\u00bbfont_family:Roboto%20Slab%3A100%2C300%2Cregular%2C700|font_style:700%20bold%20regular%3A700%3Anormal\u00bb][\/vc_column][\/vc_row][vc_row][vc_column][vc_video link=\u00bbhttps:\/\/youtu.be\/Q1GS81zT018&#8243;][vc_empty_space][vc_column_text] Breve descripci\u00f3n Taller apoyado sobre un v\u00eddeo de unos 10 \u2013 15 min en donde se explican tanto conceptos te\u00f3ricos como pr\u00e1cticos (tener disponibilidad de conexi\u00f3n a Internet). De igual modo, el v\u00eddeo ir\u00e1 acompa\u00f1ado de una presentaci\u00f3n en PPT con im\u00e1genes, v\u00eddeos, aclaraciones y multitud de material de inter\u00e9s...\" \/>\n<meta property=\"og:url\" content=\"https:\/\/www.ull.es\/portal\/cienciaull\/laboratorio-virtual-conecta-cienciull\/energia-biodiversidad-y-medioambiente\/taller-10-el-agua-un-recurso-tan-valioso-como-escaso\/\" \/>\n<meta property=\"article:publisher\" content=\"https:\/\/www.facebook.com\/CienciaULL\/\" \/>\n<meta property=\"article:modified_time\" content=\"2025-07-28T10:37:28+00:00\" \/>\n<meta name=\"twitter:card\" content=\"summary_large_image\" \/>\n<meta name=\"twitter:site\" content=\"@CienciaULL\" \/>\n<meta name=\"twitter:label1\" content=\"Tiempo de lectura\" \/>\n\t<meta name=\"twitter:data1\" content=\"2 minutos\" \/>\n<script type=\"application\/ld+json\" class=\"yoast-schema-graph\">{\"@context\":\"https:\/\/schema.org\",\"@graph\":[{\"@type\":\"WebPage\",\"@id\":\"https:\/\/www.ull.es\/portal\/cienciaull\/laboratorio-virtual-conecta-cienciull\/energia-biodiversidad-y-medioambiente\/taller-10-el-agua-un-recurso-tan-valioso-como-escaso\/\",\"url\":\"https:\/\/www.ull.es\/portal\/cienciaull\/laboratorio-virtual-conecta-cienciull\/energia-biodiversidad-y-medioambiente\/taller-10-el-agua-un-recurso-tan-valioso-como-escaso\/\",\"name\":\"Taller 10 \u00abEl agua, un recurso tan valioso como escaso\u00bb -\",\"isPartOf\":{\"@id\":\"https:\/\/www.ull.es\/portal\/cienciaull\/#website\"},\"datePublished\":\"2020-10-20T10:27:34+00:00\",\"dateModified\":\"2025-07-28T10:37:28+00:00\",\"breadcrumb\":{\"@id\":\"https:\/\/www.ull.es\/portal\/cienciaull\/laboratorio-virtual-conecta-cienciull\/energia-biodiversidad-y-medioambiente\/taller-10-el-agua-un-recurso-tan-valioso-como-escaso\/#breadcrumb\"},\"inLanguage\":\"es\",\"potentialAction\":[{\"@type\":\"ReadAction\",\"target\":[\"https:\/\/www.ull.es\/portal\/cienciaull\/laboratorio-virtual-conecta-cienciull\/energia-biodiversidad-y-medioambiente\/taller-10-el-agua-un-recurso-tan-valioso-como-escaso\/\"]}]},{\"@type\":\"BreadcrumbList\",\"@id\":\"https:\/\/www.ull.es\/portal\/cienciaull\/laboratorio-virtual-conecta-cienciull\/energia-biodiversidad-y-medioambiente\/taller-10-el-agua-un-recurso-tan-valioso-como-escaso\/#breadcrumb\",\"itemListElement\":[{\"@type\":\"ListItem\",\"position\":1,\"name\":\"Portada\",\"item\":\"https:\/\/www.ull.es\/portal\/cienciaull\/\"},{\"@type\":\"ListItem\",\"position\":2,\"name\":\"Laboratorio Virtual Conecta Cienci@ULL\",\"item\":\"https:\/\/www.ull.es\/portal\/cienciaull\/laboratorio-virtual-conecta-cienciull\/\"},{\"@type\":\"ListItem\",\"position\":3,\"name\":\"Energ\u00eda, Biodiversidad y Medioambiente\",\"item\":\"https:\/\/www.ull.es\/portal\/cienciaull\/laboratorio-virtual-conecta-cienciull\/energia-biodiversidad-y-medioambiente\/\"},{\"@type\":\"ListItem\",\"position\":4,\"name\":\"Taller 10 \u00abEl agua, un recurso tan valioso como escaso\u00bb\"}]},{\"@type\":\"WebSite\",\"@id\":\"https:\/\/www.ull.es\/portal\/cienciaull\/#website\",\"url\":\"https:\/\/www.ull.es\/portal\/cienciaull\/\",\"name\":\"\",\"description\":\"Unidad de Cultura Cient\u00edfica y de la Innovaci\u00f3n de la Universidad de La Laguna\",\"potentialAction\":[{\"@type\":\"SearchAction\",\"target\":{\"@type\":\"EntryPoint\",\"urlTemplate\":\"https:\/\/www.ull.es\/portal\/cienciaull\/?s={search_term_string}\"},\"query-input\":\"required name=search_term_string\"}],\"inLanguage\":\"es\"}]}<\/script>\n<!-- \/ Yoast SEO plugin. -->","yoast_head_json":{"title":"Taller 10 \u00abEl agua, un recurso tan valioso como escaso\u00bb -","robots":{"index":"index","follow":"follow","max-snippet":"max-snippet:-1","max-image-preview":"max-image-preview:large","max-video-preview":"max-video-preview:-1"},"canonical":"https:\/\/www.ull.es\/portal\/cienciaull\/laboratorio-virtual-conecta-cienciull\/energia-biodiversidad-y-medioambiente\/taller-10-el-agua-un-recurso-tan-valioso-como-escaso\/","og_locale":"es_ES","og_type":"article","og_title":"Taller 10 \u00abEl agua, un recurso tan valioso como escaso\u00bb -","og_description":"[vc_row][vc_column][vc_custom_heading source=\u00bbpost_title\u00bb font_container=\u00bbtag:h2|text_align:left|color:%236aaa3a\u00bb google_fonts=\u00bbfont_family:Roboto%20Slab%3A100%2C300%2Cregular%2C700|font_style:700%20bold%20regular%3A700%3Anormal\u00bb][\/vc_column][\/vc_row][vc_row][vc_column][vc_video link=\u00bbhttps:\/\/youtu.be\/Q1GS81zT018&#8243;][vc_empty_space][vc_column_text] Breve descripci\u00f3n Taller apoyado sobre un v\u00eddeo de unos 10 \u2013 15 min en donde se explican tanto conceptos te\u00f3ricos como pr\u00e1cticos (tener disponibilidad de conexi\u00f3n a Internet). De igual modo, el v\u00eddeo ir\u00e1 acompa\u00f1ado de una presentaci\u00f3n en PPT con im\u00e1genes, v\u00eddeos, aclaraciones y multitud de material de inter\u00e9s...","og_url":"https:\/\/www.ull.es\/portal\/cienciaull\/laboratorio-virtual-conecta-cienciull\/energia-biodiversidad-y-medioambiente\/taller-10-el-agua-un-recurso-tan-valioso-como-escaso\/","article_publisher":"https:\/\/www.facebook.com\/CienciaULL\/","article_modified_time":"2025-07-28T10:37:28+00:00","twitter_card":"summary_large_image","twitter_site":"@CienciaULL","twitter_misc":{"Tiempo de lectura":"2 minutos"},"schema":{"@context":"https:\/\/schema.org","@graph":[{"@type":"WebPage","@id":"https:\/\/www.ull.es\/portal\/cienciaull\/laboratorio-virtual-conecta-cienciull\/energia-biodiversidad-y-medioambiente\/taller-10-el-agua-un-recurso-tan-valioso-como-escaso\/","url":"https:\/\/www.ull.es\/portal\/cienciaull\/laboratorio-virtual-conecta-cienciull\/energia-biodiversidad-y-medioambiente\/taller-10-el-agua-un-recurso-tan-valioso-como-escaso\/","name":"Taller 10 \u00abEl agua, un recurso tan valioso como escaso\u00bb -","isPartOf":{"@id":"https:\/\/www.ull.es\/portal\/cienciaull\/#website"},"datePublished":"2020-10-20T10:27:34+00:00","dateModified":"2025-07-28T10:37:28+00:00","breadcrumb":{"@id":"https:\/\/www.ull.es\/portal\/cienciaull\/laboratorio-virtual-conecta-cienciull\/energia-biodiversidad-y-medioambiente\/taller-10-el-agua-un-recurso-tan-valioso-como-escaso\/#breadcrumb"},"inLanguage":"es","potentialAction":[{"@type":"ReadAction","target":["https:\/\/www.ull.es\/portal\/cienciaull\/laboratorio-virtual-conecta-cienciull\/energia-biodiversidad-y-medioambiente\/taller-10-el-agua-un-recurso-tan-valioso-como-escaso\/"]}]},{"@type":"BreadcrumbList","@id":"https:\/\/www.ull.es\/portal\/cienciaull\/laboratorio-virtual-conecta-cienciull\/energia-biodiversidad-y-medioambiente\/taller-10-el-agua-un-recurso-tan-valioso-como-escaso\/#breadcrumb","itemListElement":[{"@type":"ListItem","position":1,"name":"Portada","item":"https:\/\/www.ull.es\/portal\/cienciaull\/"},{"@type":"ListItem","position":2,"name":"Laboratorio Virtual Conecta Cienci@ULL","item":"https:\/\/www.ull.es\/portal\/cienciaull\/laboratorio-virtual-conecta-cienciull\/"},{"@type":"ListItem","position":3,"name":"Energ\u00eda, Biodiversidad y Medioambiente","item":"https:\/\/www.ull.es\/portal\/cienciaull\/laboratorio-virtual-conecta-cienciull\/energia-biodiversidad-y-medioambiente\/"},{"@type":"ListItem","position":4,"name":"Taller 10 \u00abEl agua, un recurso tan valioso como escaso\u00bb"}]},{"@type":"WebSite","@id":"https:\/\/www.ull.es\/portal\/cienciaull\/#website","url":"https:\/\/www.ull.es\/portal\/cienciaull\/","name":"","description":"Unidad de Cultura Cient\u00edfica y de la Innovaci\u00f3n de la Universidad de La Laguna","potentialAction":[{"@type":"SearchAction","target":{"@type":"EntryPoint","urlTemplate":"https:\/\/www.ull.es\/portal\/cienciaull\/?s={search_term_string}"},"query-input":"required name=search_term_string"}],"inLanguage":"es"}]}},"_links":{"self":[{"href":"https:\/\/www.ull.es\/portal\/cienciaull\/wp-json\/wp\/v2\/pages\/9624"}],"collection":[{"href":"https:\/\/www.ull.es\/portal\/cienciaull\/wp-json\/wp\/v2\/pages"}],"about":[{"href":"https:\/\/www.ull.es\/portal\/cienciaull\/wp-json\/wp\/v2\/types\/page"}],"author":[{"embeddable":true,"href":"https:\/\/www.ull.es\/portal\/cienciaull\/wp-json\/wp\/v2\/users\/56"}],"replies":[{"embeddable":true,"href":"https:\/\/www.ull.es\/portal\/cienciaull\/wp-json\/wp\/v2\/comments?post=9624"}],"version-history":[{"count":19,"href":"https:\/\/www.ull.es\/portal\/cienciaull\/wp-json\/wp\/v2\/pages\/9624\/revisions"}],"predecessor-version":[{"id":16282,"href":"https:\/\/www.ull.es\/portal\/cienciaull\/wp-json\/wp\/v2\/pages\/9624\/revisions\/16282"}],"up":[{"embeddable":true,"href":"https:\/\/www.ull.es\/portal\/cienciaull\/wp-json\/wp\/v2\/pages\/26989"}],"wp:attachment":[{"href":"https:\/\/www.ull.es\/portal\/cienciaull\/wp-json\/wp\/v2\/media?parent=9624"}],"curies":[{"name":"wp","href":"https:\/\/api.w.org\/{rel}","templated":true}]}}