{"id":9672,"date":"2020-10-20T12:28:10","date_gmt":"2020-10-20T12:28:10","guid":{"rendered":"https:\/\/www.ull.es\/portal\/cienciaull\/?page_id=9672"},"modified":"2025-07-28T10:12:22","modified_gmt":"2025-07-28T10:12:22","slug":"taller-2-arco-iris-liquido","status":"publish","type":"page","link":"https:\/\/www.ull.es\/portal\/cienciaull\/laboratorio-virtual-conecta-cienciull\/energia-biodiversidad-y-medioambiente\/taller-2-arco-iris-liquido\/","title":{"rendered":"Taller 2. \u00abArco-iris l\u00edquido\u00bb"},"content":{"rendered":"<p>[vc_row][vc_column][vc_custom_heading source=\u00bbpost_title\u00bb font_container=\u00bbtag:h2|text_align:left|color:%236aaa3a\u00bb google_fonts=\u00bbfont_family:Roboto%20Slab%3A100%2C300%2Cregular%2C700|font_style:700%20bold%20regular%3A700%3Anormal\u00bb][\/vc_column][\/vc_row][vc_row][vc_column][vc_video link=\u00bbhttps:\/\/www.youtube.com\/watch?v=u-Ac64NXgA0&#8243;][vc_column_text]<\/p>\n<table style=\"height: 34px\" width=\"755\">\n<tbody>\n<tr>\n<td width=\"118\"><strong>Breve descripci\u00f3n<\/strong><\/td>\n<\/tr>\n<tr>\n<td style=\"text-align: justify\">En primer lugar, para realizar este experimento, se a\u00f1ade 1 gota de colorante azul y 2 gotas de colorante rojo a la miel y se vierte en el fondo de un recipiente. En otro vaso se disuelven 3 cucharitas de az\u00facar en agua con 1 gota de colorante azul. Se vierte lentamente sobre la miel. A continuaci\u00f3n, se a\u00f1ade el jab\u00f3n lentamente y despu\u00e9s el aceite. Por \u00faltimo, se mezcla el alcohol con 1 gota de rojo y se vierte sobre el aceite. La densidad es la relaci\u00f3n entre la masa y el volumen; en este caso la miel es la sustancia m\u00e1s densa, seguida del agua al que a\u00f1adimos az\u00facar, despu\u00e9s el jab\u00f3n y el aceite y por \u00faltimo el alcohol. Jugando con las diferentes densidades de los l\u00edquidos puede obtenerse un arco-iris.<\/td>\n<\/tr>\n<\/tbody>\n<\/table>\n<p>[\/vc_column_text][vc_column_text]<\/p>\n<table style=\"height: 16px\" width=\"653\">\n<tbody>\n<tr>\n<td width=\"152\"><strong>P\u00fablico al que se dirige<\/strong><\/td>\n<td width=\"80\"><strong>Duraci\u00f3n\u00a0<\/strong><\/td>\n<\/tr>\n<tr>\n<td>3\u00ba\/4\u00ba ESO y Bachillerato<\/td>\n<td>3:51<\/td>\n<\/tr>\n<\/tbody>\n<\/table>\n<p>[\/vc_column_text][vc_column_text]<\/p>\n<table style=\"height: 39px\" width=\"746\">\n<tbody>\n<tr>\n<td width=\"139\"><strong>Materiales y recursos<\/strong><\/td>\n<\/tr>\n<tr>\n<td>\n<ul>\n<li>Recipiente<\/li>\n<li>Miel<\/li>\n<li>Agua<\/li>\n<li>Az\u00facar<\/li>\n<li>Alcohol<\/li>\n<li>Aceite,<\/li>\n<li>Colorantes alimenticios<\/li>\n<\/ul>\n<\/td>\n<\/tr>\n<\/tbody>\n<\/table>\n<p>[\/vc_column_text][vc_column_text]<\/p>\n<table style=\"height: 62px\" width=\"587\">\n<tbody>\n<tr>\n<td width=\"97\"><strong>Investigadora<\/strong><\/td>\n<td width=\"80\">Maximina Luis Sunga<\/td>\n<\/tr>\n<tr>\n<td><strong>Departamento<\/strong><\/td>\n<td>Grupo de Ciencia de Superficies y Electrocat\u00e1lisis<\/td>\n<\/tr>\n<\/tbody>\n<\/table>\n<p>[\/vc_column_text][vc_empty_space][vc_btn title=\u00bbDescargar ficha del taller\u00bb color=\u00bbgreen\u00bb align=\u00bbcenter\u00bb link=\u00bburl:https%3A%2F%2Fdrive.google.com%2Ffile%2Fd%2F14MEjR-czoRyLKnoDBwlIZPpo9O36Ld4T%2Fview%3Fusp%3Dsharing|target:_blank\u00bb][\/vc_column][\/vc_row]<\/p>\n","protected":false},"excerpt":{"rendered":"<p>[vc_row][vc_column][vc_custom_heading source=\u00bbpost_title\u00bb font_container=\u00bbtag:h2|text_align:left|color:%236aaa3a\u00bb google_fonts=\u00bbfont_family:Roboto%20Slab%3A100%2C300%2Cregular%2C700|font_style:700%20bold%20regular%3A700%3Anormal\u00bb][\/vc_column][\/vc_row][vc_row][vc_column][vc_video link=\u00bbhttps:\/\/www.youtube.com\/watch?v=u-Ac64NXgA0&#8243;][vc_column_text] Breve descripci\u00f3n En primer lugar, para realizar este experimento, se a\u00f1ade 1 gota de colorante azul y 2 gotas de colorante rojo a la miel y se vierte en el fondo de un recipiente. En otro vaso se disuelven 3 cucharitas de az\u00facar en agua con 1 gota de colorante&#8230;<\/p>\n","protected":false},"author":56,"featured_media":0,"parent":26989,"menu_order":2,"comment_status":"closed","ping_status":"closed","template":"","meta":{"inline_featured_image":false,"footnotes":""},"acf":[],"yoast_head":"<!-- This site is optimized with the Yoast SEO plugin v21.3 - https:\/\/yoast.com\/wordpress\/plugins\/seo\/ -->\n<title>Taller 2. \u00abArco-iris l\u00edquido\u00bb -<\/title>\n<meta name=\"robots\" content=\"index, follow, max-snippet:-1, max-image-preview:large, max-video-preview:-1\" \/>\n<link rel=\"canonical\" href=\"https:\/\/www.ull.es\/portal\/cienciaull\/laboratorio-virtual-conecta-cienciull\/energia-biodiversidad-y-medioambiente\/taller-2-arco-iris-liquido\/\" \/>\n<meta property=\"og:locale\" content=\"es_ES\" \/>\n<meta property=\"og:type\" content=\"article\" \/>\n<meta property=\"og:title\" content=\"Taller 2. \u00abArco-iris l\u00edquido\u00bb -\" \/>\n<meta property=\"og:description\" content=\"[vc_row][vc_column][vc_custom_heading source=\u00bbpost_title\u00bb font_container=\u00bbtag:h2|text_align:left|color:%236aaa3a\u00bb google_fonts=\u00bbfont_family:Roboto%20Slab%3A100%2C300%2Cregular%2C700|font_style:700%20bold%20regular%3A700%3Anormal\u00bb][\/vc_column][\/vc_row][vc_row][vc_column][vc_video link=\u00bbhttps:\/\/www.youtube.com\/watch?v=u-Ac64NXgA0&#8243;][vc_column_text] Breve descripci\u00f3n En primer lugar, para realizar este experimento, se a\u00f1ade 1 gota de colorante azul y 2 gotas de colorante rojo a la miel y se vierte en el fondo de un recipiente. En otro vaso se disuelven 3 cucharitas de az\u00facar en agua con 1 gota de colorante...\" \/>\n<meta property=\"og:url\" content=\"https:\/\/www.ull.es\/portal\/cienciaull\/laboratorio-virtual-conecta-cienciull\/energia-biodiversidad-y-medioambiente\/taller-2-arco-iris-liquido\/\" \/>\n<meta property=\"article:publisher\" content=\"https:\/\/www.facebook.com\/CienciaULL\/\" \/>\n<meta property=\"article:modified_time\" content=\"2025-07-28T10:12:22+00:00\" \/>\n<meta name=\"twitter:card\" content=\"summary_large_image\" \/>\n<meta name=\"twitter:site\" content=\"@CienciaULL\" \/>\n<meta name=\"twitter:label1\" content=\"Tiempo de lectura\" \/>\n\t<meta name=\"twitter:data1\" content=\"1 minuto\" \/>\n<script type=\"application\/ld+json\" class=\"yoast-schema-graph\">{\"@context\":\"https:\/\/schema.org\",\"@graph\":[{\"@type\":\"WebPage\",\"@id\":\"https:\/\/www.ull.es\/portal\/cienciaull\/laboratorio-virtual-conecta-cienciull\/energia-biodiversidad-y-medioambiente\/taller-2-arco-iris-liquido\/\",\"url\":\"https:\/\/www.ull.es\/portal\/cienciaull\/laboratorio-virtual-conecta-cienciull\/energia-biodiversidad-y-medioambiente\/taller-2-arco-iris-liquido\/\",\"name\":\"Taller 2. \u00abArco-iris l\u00edquido\u00bb -\",\"isPartOf\":{\"@id\":\"https:\/\/www.ull.es\/portal\/cienciaull\/#website\"},\"datePublished\":\"2020-10-20T12:28:10+00:00\",\"dateModified\":\"2025-07-28T10:12:22+00:00\",\"breadcrumb\":{\"@id\":\"https:\/\/www.ull.es\/portal\/cienciaull\/laboratorio-virtual-conecta-cienciull\/energia-biodiversidad-y-medioambiente\/taller-2-arco-iris-liquido\/#breadcrumb\"},\"inLanguage\":\"es\",\"potentialAction\":[{\"@type\":\"ReadAction\",\"target\":[\"https:\/\/www.ull.es\/portal\/cienciaull\/laboratorio-virtual-conecta-cienciull\/energia-biodiversidad-y-medioambiente\/taller-2-arco-iris-liquido\/\"]}]},{\"@type\":\"BreadcrumbList\",\"@id\":\"https:\/\/www.ull.es\/portal\/cienciaull\/laboratorio-virtual-conecta-cienciull\/energia-biodiversidad-y-medioambiente\/taller-2-arco-iris-liquido\/#breadcrumb\",\"itemListElement\":[{\"@type\":\"ListItem\",\"position\":1,\"name\":\"Portada\",\"item\":\"https:\/\/www.ull.es\/portal\/cienciaull\/\"},{\"@type\":\"ListItem\",\"position\":2,\"name\":\"Laboratorio Virtual Conecta Cienci@ULL\",\"item\":\"https:\/\/www.ull.es\/portal\/cienciaull\/laboratorio-virtual-conecta-cienciull\/\"},{\"@type\":\"ListItem\",\"position\":3,\"name\":\"Energ\u00eda, Biodiversidad y Medioambiente\",\"item\":\"https:\/\/www.ull.es\/portal\/cienciaull\/laboratorio-virtual-conecta-cienciull\/energia-biodiversidad-y-medioambiente\/\"},{\"@type\":\"ListItem\",\"position\":4,\"name\":\"Taller 2. \u00abArco-iris l\u00edquido\u00bb\"}]},{\"@type\":\"WebSite\",\"@id\":\"https:\/\/www.ull.es\/portal\/cienciaull\/#website\",\"url\":\"https:\/\/www.ull.es\/portal\/cienciaull\/\",\"name\":\"\",\"description\":\"Unidad de Cultura Cient\u00edfica y de la Innovaci\u00f3n de la Universidad de La Laguna\",\"potentialAction\":[{\"@type\":\"SearchAction\",\"target\":{\"@type\":\"EntryPoint\",\"urlTemplate\":\"https:\/\/www.ull.es\/portal\/cienciaull\/?s={search_term_string}\"},\"query-input\":\"required name=search_term_string\"}],\"inLanguage\":\"es\"}]}<\/script>\n<!-- \/ Yoast SEO plugin. -->","yoast_head_json":{"title":"Taller 2. \u00abArco-iris l\u00edquido\u00bb -","robots":{"index":"index","follow":"follow","max-snippet":"max-snippet:-1","max-image-preview":"max-image-preview:large","max-video-preview":"max-video-preview:-1"},"canonical":"https:\/\/www.ull.es\/portal\/cienciaull\/laboratorio-virtual-conecta-cienciull\/energia-biodiversidad-y-medioambiente\/taller-2-arco-iris-liquido\/","og_locale":"es_ES","og_type":"article","og_title":"Taller 2. \u00abArco-iris l\u00edquido\u00bb -","og_description":"[vc_row][vc_column][vc_custom_heading source=\u00bbpost_title\u00bb font_container=\u00bbtag:h2|text_align:left|color:%236aaa3a\u00bb google_fonts=\u00bbfont_family:Roboto%20Slab%3A100%2C300%2Cregular%2C700|font_style:700%20bold%20regular%3A700%3Anormal\u00bb][\/vc_column][\/vc_row][vc_row][vc_column][vc_video link=\u00bbhttps:\/\/www.youtube.com\/watch?v=u-Ac64NXgA0&#8243;][vc_column_text] Breve descripci\u00f3n En primer lugar, para realizar este experimento, se a\u00f1ade 1 gota de colorante azul y 2 gotas de colorante rojo a la miel y se vierte en el fondo de un recipiente. En otro vaso se disuelven 3 cucharitas de az\u00facar en agua con 1 gota de colorante...","og_url":"https:\/\/www.ull.es\/portal\/cienciaull\/laboratorio-virtual-conecta-cienciull\/energia-biodiversidad-y-medioambiente\/taller-2-arco-iris-liquido\/","article_publisher":"https:\/\/www.facebook.com\/CienciaULL\/","article_modified_time":"2025-07-28T10:12:22+00:00","twitter_card":"summary_large_image","twitter_site":"@CienciaULL","twitter_misc":{"Tiempo de lectura":"1 minuto"},"schema":{"@context":"https:\/\/schema.org","@graph":[{"@type":"WebPage","@id":"https:\/\/www.ull.es\/portal\/cienciaull\/laboratorio-virtual-conecta-cienciull\/energia-biodiversidad-y-medioambiente\/taller-2-arco-iris-liquido\/","url":"https:\/\/www.ull.es\/portal\/cienciaull\/laboratorio-virtual-conecta-cienciull\/energia-biodiversidad-y-medioambiente\/taller-2-arco-iris-liquido\/","name":"Taller 2. \u00abArco-iris l\u00edquido\u00bb -","isPartOf":{"@id":"https:\/\/www.ull.es\/portal\/cienciaull\/#website"},"datePublished":"2020-10-20T12:28:10+00:00","dateModified":"2025-07-28T10:12:22+00:00","breadcrumb":{"@id":"https:\/\/www.ull.es\/portal\/cienciaull\/laboratorio-virtual-conecta-cienciull\/energia-biodiversidad-y-medioambiente\/taller-2-arco-iris-liquido\/#breadcrumb"},"inLanguage":"es","potentialAction":[{"@type":"ReadAction","target":["https:\/\/www.ull.es\/portal\/cienciaull\/laboratorio-virtual-conecta-cienciull\/energia-biodiversidad-y-medioambiente\/taller-2-arco-iris-liquido\/"]}]},{"@type":"BreadcrumbList","@id":"https:\/\/www.ull.es\/portal\/cienciaull\/laboratorio-virtual-conecta-cienciull\/energia-biodiversidad-y-medioambiente\/taller-2-arco-iris-liquido\/#breadcrumb","itemListElement":[{"@type":"ListItem","position":1,"name":"Portada","item":"https:\/\/www.ull.es\/portal\/cienciaull\/"},{"@type":"ListItem","position":2,"name":"Laboratorio Virtual Conecta Cienci@ULL","item":"https:\/\/www.ull.es\/portal\/cienciaull\/laboratorio-virtual-conecta-cienciull\/"},{"@type":"ListItem","position":3,"name":"Energ\u00eda, Biodiversidad y Medioambiente","item":"https:\/\/www.ull.es\/portal\/cienciaull\/laboratorio-virtual-conecta-cienciull\/energia-biodiversidad-y-medioambiente\/"},{"@type":"ListItem","position":4,"name":"Taller 2. \u00abArco-iris l\u00edquido\u00bb"}]},{"@type":"WebSite","@id":"https:\/\/www.ull.es\/portal\/cienciaull\/#website","url":"https:\/\/www.ull.es\/portal\/cienciaull\/","name":"","description":"Unidad de Cultura Cient\u00edfica y de la Innovaci\u00f3n de la Universidad de La Laguna","potentialAction":[{"@type":"SearchAction","target":{"@type":"EntryPoint","urlTemplate":"https:\/\/www.ull.es\/portal\/cienciaull\/?s={search_term_string}"},"query-input":"required name=search_term_string"}],"inLanguage":"es"}]}},"_links":{"self":[{"href":"https:\/\/www.ull.es\/portal\/cienciaull\/wp-json\/wp\/v2\/pages\/9672"}],"collection":[{"href":"https:\/\/www.ull.es\/portal\/cienciaull\/wp-json\/wp\/v2\/pages"}],"about":[{"href":"https:\/\/www.ull.es\/portal\/cienciaull\/wp-json\/wp\/v2\/types\/page"}],"author":[{"embeddable":true,"href":"https:\/\/www.ull.es\/portal\/cienciaull\/wp-json\/wp\/v2\/users\/56"}],"replies":[{"embeddable":true,"href":"https:\/\/www.ull.es\/portal\/cienciaull\/wp-json\/wp\/v2\/comments?post=9672"}],"version-history":[{"count":11,"href":"https:\/\/www.ull.es\/portal\/cienciaull\/wp-json\/wp\/v2\/pages\/9672\/revisions"}],"predecessor-version":[{"id":34972,"href":"https:\/\/www.ull.es\/portal\/cienciaull\/wp-json\/wp\/v2\/pages\/9672\/revisions\/34972"}],"up":[{"embeddable":true,"href":"https:\/\/www.ull.es\/portal\/cienciaull\/wp-json\/wp\/v2\/pages\/26989"}],"wp:attachment":[{"href":"https:\/\/www.ull.es\/portal\/cienciaull\/wp-json\/wp\/v2\/media?parent=9672"}],"curies":[{"name":"wp","href":"https:\/\/api.w.org\/{rel}","templated":true}]}}