{"id":9678,"date":"2020-10-20T12:45:46","date_gmt":"2020-10-20T12:45:46","guid":{"rendered":"https:\/\/www.ull.es\/portal\/cienciaull\/?page_id=9678"},"modified":"2025-07-28T10:39:17","modified_gmt":"2025-07-28T10:39:17","slug":"taller-11-guia-para-la-elaboracion-de-un-herbario-de-algas","status":"publish","type":"page","link":"https:\/\/www.ull.es\/portal\/cienciaull\/laboratorio-virtual-conecta-cienciull\/energia-biodiversidad-y-medioambiente\/taller-11-guia-para-la-elaboracion-de-un-herbario-de-algas\/","title":{"rendered":"Taller 11. \u00abGu\u00eda para la elaboraci\u00f3n de un herbario de algas\u00bb"},"content":{"rendered":"<p>[vc_row][vc_column][vc_custom_heading source=\u00bbpost_title\u00bb font_container=\u00bbtag:h2|text_align:left|color:%236aaa3a\u00bb google_fonts=\u00bbfont_family:Roboto%20Slab%3A100%2C300%2Cregular%2C700|font_style:700%20bold%20regular%3A700%3Anormal\u00bb][\/vc_column][\/vc_row][vc_row][vc_column][vc_video link=\u00bbhttps:\/\/youtu.be\/G1HRCQFSlW4&#8243;][vc_empty_space][vc_column_text]<\/p>\n<table style=\"height: 146px\" width=\"1029\">\n<tbody>\n<tr>\n<td width=\"118\"><strong>Breve descripci\u00f3n<\/strong><\/td>\n<\/tr>\n<tr>\n<td style=\"text-align: justify\">El herbario es una herramienta cient\u00edfica imprescindible para los estudios bot\u00e1nicos, pero tambi\u00e9n para otras disciplinas que empleen plantas en sus investigaciones (Farmacia, Medicina, Veterinaria, Qu\u00edmica Org\u00e1nica, Geograf\u00eda, Antropolog\u00eda, Agr\u00edcolas, Ciencias Marinas, Ciencias Ambientales, y un largo etc\u00e9tera). Con este v\u00eddeo se pretende mostrar los pasos necesarios para la confecci\u00f3n de un herbario de algas. Tras la confecci\u00f3n del herbario personal, el alumnado podr\u00e1 tener siempre disponible las algas herborizadas para su posterior estudio.<\/td>\n<\/tr>\n<\/tbody>\n<\/table>\n<p>[\/vc_column_text][vc_column_text]<\/p>\n<table style=\"height: 57px\" width=\"744\">\n<tbody>\n<tr>\n<td width=\"152\"><strong>P\u00fablico al que se dirige<\/strong><\/td>\n<td width=\"80\"><strong>Duraci\u00f3n\u00a0<\/strong><\/td>\n<\/tr>\n<tr>\n<td>3\u00ba\/4\u00ba ESO y Bachillerato<\/td>\n<td>6:48<\/td>\n<\/tr>\n<\/tbody>\n<\/table>\n<p>[\/vc_column_text][vc_column_text]<\/p>\n<table>\n<tbody>\n<tr>\n<td colspan=\"2\" width=\"566\"><strong>Materiales y recursos<\/strong><\/td>\n<\/tr>\n<tr>\n<td width=\"283\">\n<ul>\n<li>Material vegetal de inter\u00e9s: algas<\/li>\n<li>Fiambrera pl\u00e1stica.<\/li>\n<li>Tela fina.<\/li>\n<li>Bandeja de tama\u00f1o mayor al DinA4.<\/li>\n<li>Papel de peri\u00f3dico.<\/li>\n<li>Pinzas.<\/li>\n<li>L\u00e1piz.<\/li>\n<li>Pincel.<\/li>\n<\/ul>\n<\/td>\n<td width=\"283\">\n<ul>\n<li>Tijera y pegamento<\/li>\n<li>Cartulina blanca DinA4.<\/li>\n<li>Funda pl\u00e1stica multitaladro.<\/li>\n<li>Papel blanco DinA4.<\/li>\n<li>Cuaderno de campo.<\/li>\n<li>Tel\u00e9fono m\u00f3vil \/ mapa<\/li>\n<li>Prensa (libros u otros objetos pesados)<\/li>\n<\/ul>\n<\/td>\n<\/tr>\n<\/tbody>\n<\/table>\n<p>[\/vc_column_text][vc_column_text]<\/p>\n<table style=\"height: 35px\" width=\"741\">\n<tbody>\n<tr>\n<td width=\"97\"><strong>Investigadora<\/strong><\/td>\n<td width=\"80\">Cristina Gonz\u00e1lez Montelongo<\/td>\n<\/tr>\n<tr>\n<td><strong>Departamento<\/strong><\/td>\n<td>Bot\u00e1nica, Ecolog\u00eda y Fisiolog\u00eda Vegetal<\/td>\n<\/tr>\n<\/tbody>\n<\/table>\n<p>[\/vc_column_text][vc_empty_space][vc_btn title=\u00bbDescargar ficha del taller\u00bb color=\u00bbgreen\u00bb align=\u00bbcenter\u00bb link=\u00bburl:https%3A%2F%2Fdrive.google.com%2Ffile%2Fd%2F1juqumG_d59xOoLsNFSM9X81tUWRkbGus%2Fview%3Fusp%3Dsharing|target:_blank\u00bb][\/vc_column][\/vc_row]<\/p>\n","protected":false},"excerpt":{"rendered":"<p>[vc_row][vc_column][vc_custom_heading source=\u00bbpost_title\u00bb font_container=\u00bbtag:h2|text_align:left|color:%236aaa3a\u00bb google_fonts=\u00bbfont_family:Roboto%20Slab%3A100%2C300%2Cregular%2C700|font_style:700%20bold%20regular%3A700%3Anormal\u00bb][\/vc_column][\/vc_row][vc_row][vc_column][vc_video link=\u00bbhttps:\/\/youtu.be\/G1HRCQFSlW4&#8243;][vc_empty_space][vc_column_text] Breve descripci\u00f3n El herbario es una herramienta cient\u00edfica imprescindible para los estudios bot\u00e1nicos, pero tambi\u00e9n para otras disciplinas que empleen plantas en sus investigaciones (Farmacia, Medicina, Veterinaria, Qu\u00edmica Org\u00e1nica, Geograf\u00eda, Antropolog\u00eda, Agr\u00edcolas, Ciencias Marinas, Ciencias Ambientales, y un largo etc\u00e9tera). Con este v\u00eddeo se pretende mostrar los pasos necesarios para&#8230;<\/p>\n","protected":false},"author":56,"featured_media":0,"parent":26989,"menu_order":11,"comment_status":"closed","ping_status":"closed","template":"","meta":{"inline_featured_image":false,"footnotes":""},"acf":[],"yoast_head":"<!-- This site is optimized with the Yoast SEO plugin v21.3 - https:\/\/yoast.com\/wordpress\/plugins\/seo\/ -->\n<title>Taller 11. \u00abGu\u00eda para la elaboraci\u00f3n de un herbario de algas\u00bb -<\/title>\n<meta name=\"robots\" content=\"index, follow, max-snippet:-1, max-image-preview:large, max-video-preview:-1\" \/>\n<link rel=\"canonical\" href=\"https:\/\/www.ull.es\/portal\/cienciaull\/laboratorio-virtual-conecta-cienciull\/energia-biodiversidad-y-medioambiente\/taller-11-guia-para-la-elaboracion-de-un-herbario-de-algas\/\" \/>\n<meta property=\"og:locale\" content=\"es_ES\" \/>\n<meta property=\"og:type\" content=\"article\" \/>\n<meta property=\"og:title\" content=\"Taller 11. \u00abGu\u00eda para la elaboraci\u00f3n de un herbario de algas\u00bb -\" \/>\n<meta property=\"og:description\" content=\"[vc_row][vc_column][vc_custom_heading source=\u00bbpost_title\u00bb font_container=\u00bbtag:h2|text_align:left|color:%236aaa3a\u00bb google_fonts=\u00bbfont_family:Roboto%20Slab%3A100%2C300%2Cregular%2C700|font_style:700%20bold%20regular%3A700%3Anormal\u00bb][\/vc_column][\/vc_row][vc_row][vc_column][vc_video link=\u00bbhttps:\/\/youtu.be\/G1HRCQFSlW4&#8243;][vc_empty_space][vc_column_text] Breve descripci\u00f3n El herbario es una herramienta cient\u00edfica imprescindible para los estudios bot\u00e1nicos, pero tambi\u00e9n para otras disciplinas que empleen plantas en sus investigaciones (Farmacia, Medicina, Veterinaria, Qu\u00edmica Org\u00e1nica, Geograf\u00eda, Antropolog\u00eda, Agr\u00edcolas, Ciencias Marinas, Ciencias Ambientales, y un largo etc\u00e9tera). Con este v\u00eddeo se pretende mostrar los pasos necesarios para...\" \/>\n<meta property=\"og:url\" content=\"https:\/\/www.ull.es\/portal\/cienciaull\/laboratorio-virtual-conecta-cienciull\/energia-biodiversidad-y-medioambiente\/taller-11-guia-para-la-elaboracion-de-un-herbario-de-algas\/\" \/>\n<meta property=\"article:publisher\" content=\"https:\/\/www.facebook.com\/CienciaULL\/\" \/>\n<meta property=\"article:modified_time\" content=\"2025-07-28T10:39:17+00:00\" \/>\n<meta name=\"twitter:card\" content=\"summary_large_image\" \/>\n<meta name=\"twitter:site\" content=\"@CienciaULL\" \/>\n<meta name=\"twitter:label1\" content=\"Tiempo de lectura\" \/>\n\t<meta name=\"twitter:data1\" content=\"1 minuto\" \/>\n<script type=\"application\/ld+json\" class=\"yoast-schema-graph\">{\"@context\":\"https:\/\/schema.org\",\"@graph\":[{\"@type\":\"WebPage\",\"@id\":\"https:\/\/www.ull.es\/portal\/cienciaull\/laboratorio-virtual-conecta-cienciull\/energia-biodiversidad-y-medioambiente\/taller-11-guia-para-la-elaboracion-de-un-herbario-de-algas\/\",\"url\":\"https:\/\/www.ull.es\/portal\/cienciaull\/laboratorio-virtual-conecta-cienciull\/energia-biodiversidad-y-medioambiente\/taller-11-guia-para-la-elaboracion-de-un-herbario-de-algas\/\",\"name\":\"Taller 11. \u00abGu\u00eda para la elaboraci\u00f3n de un herbario de algas\u00bb -\",\"isPartOf\":{\"@id\":\"https:\/\/www.ull.es\/portal\/cienciaull\/#website\"},\"datePublished\":\"2020-10-20T12:45:46+00:00\",\"dateModified\":\"2025-07-28T10:39:17+00:00\",\"breadcrumb\":{\"@id\":\"https:\/\/www.ull.es\/portal\/cienciaull\/laboratorio-virtual-conecta-cienciull\/energia-biodiversidad-y-medioambiente\/taller-11-guia-para-la-elaboracion-de-un-herbario-de-algas\/#breadcrumb\"},\"inLanguage\":\"es\",\"potentialAction\":[{\"@type\":\"ReadAction\",\"target\":[\"https:\/\/www.ull.es\/portal\/cienciaull\/laboratorio-virtual-conecta-cienciull\/energia-biodiversidad-y-medioambiente\/taller-11-guia-para-la-elaboracion-de-un-herbario-de-algas\/\"]}]},{\"@type\":\"BreadcrumbList\",\"@id\":\"https:\/\/www.ull.es\/portal\/cienciaull\/laboratorio-virtual-conecta-cienciull\/energia-biodiversidad-y-medioambiente\/taller-11-guia-para-la-elaboracion-de-un-herbario-de-algas\/#breadcrumb\",\"itemListElement\":[{\"@type\":\"ListItem\",\"position\":1,\"name\":\"Portada\",\"item\":\"https:\/\/www.ull.es\/portal\/cienciaull\/\"},{\"@type\":\"ListItem\",\"position\":2,\"name\":\"Laboratorio Virtual Conecta Cienci@ULL\",\"item\":\"https:\/\/www.ull.es\/portal\/cienciaull\/laboratorio-virtual-conecta-cienciull\/\"},{\"@type\":\"ListItem\",\"position\":3,\"name\":\"Energ\u00eda, Biodiversidad y Medioambiente\",\"item\":\"https:\/\/www.ull.es\/portal\/cienciaull\/laboratorio-virtual-conecta-cienciull\/energia-biodiversidad-y-medioambiente\/\"},{\"@type\":\"ListItem\",\"position\":4,\"name\":\"Taller 11. \u00abGu\u00eda para la elaboraci\u00f3n de un herbario de algas\u00bb\"}]},{\"@type\":\"WebSite\",\"@id\":\"https:\/\/www.ull.es\/portal\/cienciaull\/#website\",\"url\":\"https:\/\/www.ull.es\/portal\/cienciaull\/\",\"name\":\"\",\"description\":\"Unidad de Cultura Cient\u00edfica y de la Innovaci\u00f3n de la Universidad de La Laguna\",\"potentialAction\":[{\"@type\":\"SearchAction\",\"target\":{\"@type\":\"EntryPoint\",\"urlTemplate\":\"https:\/\/www.ull.es\/portal\/cienciaull\/?s={search_term_string}\"},\"query-input\":\"required name=search_term_string\"}],\"inLanguage\":\"es\"}]}<\/script>\n<!-- \/ Yoast SEO plugin. -->","yoast_head_json":{"title":"Taller 11. \u00abGu\u00eda para la elaboraci\u00f3n de un herbario de algas\u00bb -","robots":{"index":"index","follow":"follow","max-snippet":"max-snippet:-1","max-image-preview":"max-image-preview:large","max-video-preview":"max-video-preview:-1"},"canonical":"https:\/\/www.ull.es\/portal\/cienciaull\/laboratorio-virtual-conecta-cienciull\/energia-biodiversidad-y-medioambiente\/taller-11-guia-para-la-elaboracion-de-un-herbario-de-algas\/","og_locale":"es_ES","og_type":"article","og_title":"Taller 11. \u00abGu\u00eda para la elaboraci\u00f3n de un herbario de algas\u00bb -","og_description":"[vc_row][vc_column][vc_custom_heading source=\u00bbpost_title\u00bb font_container=\u00bbtag:h2|text_align:left|color:%236aaa3a\u00bb google_fonts=\u00bbfont_family:Roboto%20Slab%3A100%2C300%2Cregular%2C700|font_style:700%20bold%20regular%3A700%3Anormal\u00bb][\/vc_column][\/vc_row][vc_row][vc_column][vc_video link=\u00bbhttps:\/\/youtu.be\/G1HRCQFSlW4&#8243;][vc_empty_space][vc_column_text] Breve descripci\u00f3n El herbario es una herramienta cient\u00edfica imprescindible para los estudios bot\u00e1nicos, pero tambi\u00e9n para otras disciplinas que empleen plantas en sus investigaciones (Farmacia, Medicina, Veterinaria, Qu\u00edmica Org\u00e1nica, Geograf\u00eda, Antropolog\u00eda, Agr\u00edcolas, Ciencias Marinas, Ciencias Ambientales, y un largo etc\u00e9tera). Con este v\u00eddeo se pretende mostrar los pasos necesarios para...","og_url":"https:\/\/www.ull.es\/portal\/cienciaull\/laboratorio-virtual-conecta-cienciull\/energia-biodiversidad-y-medioambiente\/taller-11-guia-para-la-elaboracion-de-un-herbario-de-algas\/","article_publisher":"https:\/\/www.facebook.com\/CienciaULL\/","article_modified_time":"2025-07-28T10:39:17+00:00","twitter_card":"summary_large_image","twitter_site":"@CienciaULL","twitter_misc":{"Tiempo de lectura":"1 minuto"},"schema":{"@context":"https:\/\/schema.org","@graph":[{"@type":"WebPage","@id":"https:\/\/www.ull.es\/portal\/cienciaull\/laboratorio-virtual-conecta-cienciull\/energia-biodiversidad-y-medioambiente\/taller-11-guia-para-la-elaboracion-de-un-herbario-de-algas\/","url":"https:\/\/www.ull.es\/portal\/cienciaull\/laboratorio-virtual-conecta-cienciull\/energia-biodiversidad-y-medioambiente\/taller-11-guia-para-la-elaboracion-de-un-herbario-de-algas\/","name":"Taller 11. \u00abGu\u00eda para la elaboraci\u00f3n de un herbario de algas\u00bb -","isPartOf":{"@id":"https:\/\/www.ull.es\/portal\/cienciaull\/#website"},"datePublished":"2020-10-20T12:45:46+00:00","dateModified":"2025-07-28T10:39:17+00:00","breadcrumb":{"@id":"https:\/\/www.ull.es\/portal\/cienciaull\/laboratorio-virtual-conecta-cienciull\/energia-biodiversidad-y-medioambiente\/taller-11-guia-para-la-elaboracion-de-un-herbario-de-algas\/#breadcrumb"},"inLanguage":"es","potentialAction":[{"@type":"ReadAction","target":["https:\/\/www.ull.es\/portal\/cienciaull\/laboratorio-virtual-conecta-cienciull\/energia-biodiversidad-y-medioambiente\/taller-11-guia-para-la-elaboracion-de-un-herbario-de-algas\/"]}]},{"@type":"BreadcrumbList","@id":"https:\/\/www.ull.es\/portal\/cienciaull\/laboratorio-virtual-conecta-cienciull\/energia-biodiversidad-y-medioambiente\/taller-11-guia-para-la-elaboracion-de-un-herbario-de-algas\/#breadcrumb","itemListElement":[{"@type":"ListItem","position":1,"name":"Portada","item":"https:\/\/www.ull.es\/portal\/cienciaull\/"},{"@type":"ListItem","position":2,"name":"Laboratorio Virtual Conecta Cienci@ULL","item":"https:\/\/www.ull.es\/portal\/cienciaull\/laboratorio-virtual-conecta-cienciull\/"},{"@type":"ListItem","position":3,"name":"Energ\u00eda, Biodiversidad y Medioambiente","item":"https:\/\/www.ull.es\/portal\/cienciaull\/laboratorio-virtual-conecta-cienciull\/energia-biodiversidad-y-medioambiente\/"},{"@type":"ListItem","position":4,"name":"Taller 11. \u00abGu\u00eda para la elaboraci\u00f3n de un herbario de algas\u00bb"}]},{"@type":"WebSite","@id":"https:\/\/www.ull.es\/portal\/cienciaull\/#website","url":"https:\/\/www.ull.es\/portal\/cienciaull\/","name":"","description":"Unidad de Cultura Cient\u00edfica y de la Innovaci\u00f3n de la Universidad de La Laguna","potentialAction":[{"@type":"SearchAction","target":{"@type":"EntryPoint","urlTemplate":"https:\/\/www.ull.es\/portal\/cienciaull\/?s={search_term_string}"},"query-input":"required name=search_term_string"}],"inLanguage":"es"}]}},"_links":{"self":[{"href":"https:\/\/www.ull.es\/portal\/cienciaull\/wp-json\/wp\/v2\/pages\/9678"}],"collection":[{"href":"https:\/\/www.ull.es\/portal\/cienciaull\/wp-json\/wp\/v2\/pages"}],"about":[{"href":"https:\/\/www.ull.es\/portal\/cienciaull\/wp-json\/wp\/v2\/types\/page"}],"author":[{"embeddable":true,"href":"https:\/\/www.ull.es\/portal\/cienciaull\/wp-json\/wp\/v2\/users\/56"}],"replies":[{"embeddable":true,"href":"https:\/\/www.ull.es\/portal\/cienciaull\/wp-json\/wp\/v2\/comments?post=9678"}],"version-history":[{"count":10,"href":"https:\/\/www.ull.es\/portal\/cienciaull\/wp-json\/wp\/v2\/pages\/9678\/revisions"}],"predecessor-version":[{"id":13038,"href":"https:\/\/www.ull.es\/portal\/cienciaull\/wp-json\/wp\/v2\/pages\/9678\/revisions\/13038"}],"up":[{"embeddable":true,"href":"https:\/\/www.ull.es\/portal\/cienciaull\/wp-json\/wp\/v2\/pages\/26989"}],"wp:attachment":[{"href":"https:\/\/www.ull.es\/portal\/cienciaull\/wp-json\/wp\/v2\/media?parent=9678"}],"curies":[{"name":"wp","href":"https:\/\/api.w.org\/{rel}","templated":true}]}}