{"id":25,"date":"2017-04-26T13:54:32","date_gmt":"2017-04-26T13:54:32","guid":{"rendered":"http:\/\/demo.mumetic.com\/patrociniomecenazgo\/?page_id=25"},"modified":"2023-02-13T13:10:55","modified_gmt":"2023-02-13T13:10:55","slug":"lineas-colaboracion","status":"publish","type":"page","link":"https:\/\/www.ull.es\/portal\/colabora\/lineas-colaboracion\/","title":{"rendered":"L\u00edneas de Colaboraci\u00f3n"},"content":{"rendered":"<p>[vc_row full_width=\u00bbstretch_row\u00bb content_placement=\u00bbmiddle\u00bb css=\u00bb.vc_custom_1496850343166{padding-top: 30px !important;padding-bottom: 30px !important;background-image: url(https:\/\/www.ull.es\/portal\/colabora\/wp-content\/uploads\/sites\/23\/2017\/04\/cabecera-generica-1600&#215;167.jpg?id=229) !important;background-position: center !important;background-repeat: no-repeat !important;background-size: cover !important;}\u00bb][vc_column css=\u00bb.vc_custom_1494515651121{padding-top: 0px !important;}\u00bb][vc_custom_heading text=\u00bbPROGRAMA DE COLABORACI\u00d3N\u00bb font_container=\u00bbtag:h4|text_align:left|color:%23ffffff\u00bb use_theme_fonts=\u00bbyes\u00bb css=\u00bb.vc_custom_1509709258778{margin-top: 0px !important;margin-bottom: 0px !important;}\u00bb][vc_separator color=\u00bbwhite\u00bb align=\u00bbalign_left\u00bb el_width=\u00bb10&#8243; css=\u00bb.vc_custom_1494516178033{margin-top: 0px !important;margin-bottom: 8px !important;}\u00bb][vc_custom_heading text=\u00bbL\u00cdNEAS DE COLABORACI\u00d3N\u00bb font_container=\u00bbtag:h2|text_align:left|color:%23ffffff\u00bb use_theme_fonts=\u00bbyes\u00bb css=\u00bb.vc_custom_1509018995875{margin-bottom: 0px !important;}\u00bb][\/vc_column][\/vc_row][vc_row css=\u00bb.vc_custom_1509622649848{margin-bottom: 40px !important;}\u00bb][vc_column][vc_custom_heading text=\u00bbL\u00cdNEAS DE COLABORACI\u00d3N\u00bb use_theme_fonts=\u00bbyes\u00bb css=\u00bb.vc_custom_1510073888241{margin-top: 0px !important;margin-bottom: 0px !important;}\u00bb][vc_separator css=\u00bb.vc_custom_1496851104333{margin-top: 10px !important;margin-bottom: 25px !important;}\u00bb][vc_row_inner][vc_column_inner width=\u00bb1\/4&#8243;][vc_single_image image=\u00bb320&#8243; img_size=\u00bbfull\u00bb onclick=\u00bbcustom_link\u00bb link=\u00bbhttps:\/\/www.ull.es\/portal\/colabora\/lineas-colaboracion\/apoyo-para-la-formacion-del-estudiantado\/\u00bb css=\u00bb.vc_custom_1512127343688{margin-bottom: 0px !important;padding-top: 15px !important;padding-right: 15px !important;padding-left: 15px !important;background-color: #f4f4f4 !important;}\u00bb][vc_custom_heading text=\u00bbApoyo para la formaci\u00f3n del estudiantado \u00bb font_container=\u00bbtag:p|font_size:17px|text_align:center|color:%23333333|line_height:19px\u00bb use_theme_fonts=\u00bbyes\u00bb css=\u00bb.vc_custom_1512127381439{margin-bottom: 0px !important;padding-top: 10px !important;padding-bottom: 12px !important;background-color: #f4f4f4 !important;}\u00bb link=\u00bburl:https%3A%2F%2Fwww.ull.es%2Fportal%2Fcolabora%2Flineas-colaboracion%2Fapoyo-para-la-formacion-del-estudiantado%2F|||\u00bb][\/vc_column_inner][vc_column_inner width=\u00bb1\/4&#8243;][vc_single_image image=\u00bb321&#8243; img_size=\u00bbfull\u00bb onclick=\u00bbcustom_link\u00bb link=\u00bbhttps:\/\/www.ull.es\/portal\/colabora\/lineas-colaboracion\/cooperacion-en-la-docencia-innovacion-e-investigacion\/\u00bb css=\u00bb.vc_custom_1512127350338{margin-bottom: 0px !important;padding-top: 15px !important;padding-right: 15px !important;padding-left: 15px !important;background-color: #f4f4f4 !important;}\u00bb][vc_custom_heading text=\u00bbCooperaci\u00f3n en la docencia, innovaci\u00f3n e investigaci\u00f3n\u00bb font_container=\u00bbtag:p|font_size:17px|text_align:center|color:%23333333|line_height:19px\u00bb use_theme_fonts=\u00bbyes\u00bb css=\u00bb.vc_custom_1512127390117{margin-bottom: 0px !important;padding-top: 10px !important;padding-bottom: 12px !important;background-color: #f4f4f4 !important;}\u00bb link=\u00bburl:https%3A%2F%2Fwww.ull.es%2Fportal%2Fcolabora%2Flineas-colaboracion%2Fcooperacion-en-la-docencia-innovacion-e-investigacion%2F|||\u00bb][\/vc_column_inner][vc_column_inner width=\u00bb1\/4&#8243;][vc_single_image image=\u00bb322&#8243; img_size=\u00bbfull\u00bb onclick=\u00bbcustom_link\u00bb link=\u00bbhttps:\/\/www.ull.es\/portal\/colabora\/lineas-colaboracion\/apoyo-al-patrimonio-e-infraestructuras-de-la-ull\/\u00bb css=\u00bb.vc_custom_1512127358283{margin-bottom: 0px !important;padding-top: 15px !important;padding-right: 15px !important;padding-left: 15px !important;background-color: #f4f4f4 !important;}\u00bb][vc_custom_heading text=\u00bbApoyo al patrimonio e infraestructuras de la ULL\u00bb font_container=\u00bbtag:p|font_size:17px|text_align:center|color:%23333333|line_height:19px\u00bb use_theme_fonts=\u00bbyes\u00bb css=\u00bb.vc_custom_1512127399079{margin-bottom: 0px !important;padding-top: 10px !important;padding-bottom: 12px !important;background-color: #f4f4f4 !important;}\u00bb link=\u00bburl:https%3A%2F%2Fwww.ull.es%2Fportal%2Fcolabora%2Flineas-colaboracion%2Fapoyo-al-patrimonio-e-infraestructuras-de-la-ull%2F|||\u00bb][\/vc_column_inner][vc_column_inner width=\u00bb1\/4&#8243;][vc_single_image image=\u00bb323&#8243; img_size=\u00bbfull\u00bb onclick=\u00bbcustom_link\u00bb link=\u00bbhttps:\/\/www.ull.es\/portal\/colabora\/lineas-colaboracion\/colaboracion-en-el-desarrollo-social-historico-y-cultural\/\u00bb css=\u00bb.vc_custom_1512127366848{margin-bottom: 0px !important;padding-top: 15px !important;padding-right: 15px !important;padding-left: 15px !important;background-color: #f4f4f4 !important;}\u00bb][vc_custom_heading text=\u00bbColaboraci\u00f3n en el desarrollo social, hist\u00f3rico y cultural\u00bb font_container=\u00bbtag:p|font_size:17px|text_align:center|color:%23333333|line_height:19px\u00bb use_theme_fonts=\u00bbyes\u00bb css=\u00bb.vc_custom_1512127407254{margin-bottom: 0px !important;padding-top: 10px !important;padding-bottom: 12px !important;background-color: #f4f4f4 !important;}\u00bb link=\u00bburl:https%3A%2F%2Fwww.ull.es%2Fportal%2Fcolabora%2Flineas-colaboracion%2Fcolaboracion-en-el-desarrollo-social-historico-y-cultural%2F|||\u00bb][\/vc_column_inner][\/vc_row_inner][\/vc_column][\/vc_row][vc_row css=\u00bb.vc_custom_1510077288759{margin-bottom: 40px !important;}\u00bb][vc_column][vc_custom_heading text=\u00bbL\u00cdNEAS DE ESPECIAL INTER\u00c9S\u00bb use_theme_fonts=\u00bbyes\u00bb css=\u00bb.vc_custom_1509383805671{margin-top: 0px !important;margin-bottom: 0px !important;}\u00bb][vc_separator css=\u00bb.vc_custom_1496851104333{margin-top: 10px !important;margin-bottom: 25px !important;}\u00bb][vc_row_inner][vc_column_inner css=\u00bb.vc_custom_1510075421455{padding-right: 0px !important;padding-left: 0px !important;}\u00bb][vc_column_text]<style>\n    .news-card {\n        background: #f4f4f4;\n\t\tpadding:15px;\n    }\n    .news-block .caption h4 {\n        font-size: 17px;\n        font-weight: normal !important;\n        line-height: 19px !important;\n\t\ttext-align:center;\n    }\n    .news-block a:hover {\n        text-decoration: none !important;\n        border: 0;\n    }\n    .news-block .thumbnail {\n        border: 0;\n        padding: 0;\n        border-radius: 0;\n        margin-bottom: 0;\n    }\n\t.news-block a {\n        color:#333333;\n    }\n\t.news-block a:hover h4 {\n        opacity: .85;\n\t\tfilter: alpha(opacity=85); \/* For IE8 and earlier *\/\n    }\n    .news-block .thumbnail img {\n        width: 100%;\n    }\n<\/style>\n\n<div class=\"news-block\">\n        <div class=\"container-fluid\">\n                        <div class=\"row\">\n                        <a href=\"https:\/\/www.ull.es\/portal\/noticias\/2017\/catedra-responsabilidad-social-corporativa\/\">\n                <div class=\"col-md-3 col-xs-12\">\n                    <div class=\"news-card\">\n                        <div class=\"thumbnail\">\n                            <img src=\"https:\/\/www.ull.es\/portal\/noticias\/wp-content\/uploads\/sites\/13\/2017\/11\/img-rsc-300x150.jpg\" \/>\n                        <\/div>\n                        <div class=\"caption\">\n                            <h4>C\u00e1tedra de Responsabilidad Social Corporativa<\/h4>\n                        <\/div>\n                    <\/div>\n                <\/div> <!-- col -->\n                <\/a>\n                            <a href=\"https:\/\/www.ull.es\/portal\/noticias\/2017\/proyecto-idealo\/\">\n                <div class=\"col-md-3 col-xs-12\">\n                    <div class=\"news-card\">\n                        <div class=\"thumbnail\">\n                            <img src=\"https:\/\/www.ull.es\/portal\/noticias\/wp-content\/uploads\/sites\/13\/2017\/11\/img-idealo-300x150.jpg\" \/>\n                        <\/div>\n                        <div class=\"caption\">\n                            <h4>Proyecto ID\u00c9ALO<\/h4>\n                        <\/div>\n                    <\/div>\n                <\/div> <!-- col -->\n                <\/a>\n                        <\/div>\n    <\/div>\n<\/div>[\/vc_column_text][\/vc_column_inner][\/vc_row_inner][\/vc_column][\/vc_row][vc_row][vc_column width=\u00bb1\/2&#8243;][vc_custom_heading text=\u00bbPROMOCIONES Y OFERTAS\u00bb use_theme_fonts=\u00bbyes\u00bb css=\u00bb.vc_custom_1510136237155{margin-top: 0px !important;margin-bottom: 0px !important;}\u00bb][vc_separator css=\u00bb.vc_custom_1496851104333{margin-top: 10px !important;margin-bottom: 25px !important;}\u00bb][vc_row_inner][vc_column_inner width=\u00bb1\/2&#8243;][vc_single_image image=\u00bb415&#8243; img_size=\u00bbfull\u00bb alignment=\u00bbcenter\u00bb css=\u00bb.vc_custom_1549364264321{padding-top: 15px !important;padding-right: 15px !important;padding-bottom: 15px !important;padding-left: 15px !important;background-color: #f4f4f4 !important;}\u00bb][\/vc_column_inner][vc_column_inner width=\u00bb1\/2&#8243;][vc_column_text]<\/p>\n<p style=\"line-height: 24px;\">Ventajas comerciales que diversas empresas e instituciones han puesto a disposici\u00f3n de la comunidad universitaria de la ULL.<\/p>\n<p>[\/vc_column_text][vc_btn title=\u00bbLEER M\u00c1S\u00bb style=\u00bboutline-custom\u00bb outline_custom_color=\u00bb#7a3b7a\u00bb outline_custom_hover_background=\u00bb#7a3b7a\u00bb outline_custom_hover_text=\u00bb#ffffff\u00bb shape=\u00bbsquare\u00bb size=\u00bbxs\u00bb align=\u00bbleft\u00bb i_icon_fontawesome=\u00bbfa fa-chevron-right\u00bb add_icon=\u00bbtrue\u00bb link=\u00bburl:https%3A%2F%2Fwww.ull.es%2Fportal%2Fcolabora%2Fpromociones-y-ofertas-para-la-comunidad-universitaria%2F|||\u00bb][\/vc_column_inner][\/vc_row_inner][\/vc_column][vc_column width=\u00bb1\/2&#8243;][vc_row_inner][vc_column_inner width=\u00bb1\/2&#8243;][\/vc_column_inner][vc_column_inner width=\u00bb1\/2&#8243;][vc_column_text el_class=\u00bbbtn-destacado-inicio\u00bb]<a href=\"https:\/\/www.ull.es\/portal\/colabora\/contacto\/\" target=\"_blank\" rel=\"noopener\">QUIERO COLABORAR <i class=\"fa fa-arrow-right\"><\/i><\/a>[\/vc_column_text][\/vc_column_inner][\/vc_row_inner][\/vc_column][\/vc_row]<\/p>\n","protected":false},"excerpt":{"rendered":"<p>[vc_row full_width=\u00bbstretch_row\u00bb content_placement=\u00bbmiddle\u00bb css=\u00bb.vc_custom_1496850343166{padding-top: 30px !important;padding-bottom: 30px !important;background-image: url(https:\/\/www.ull.es\/portal\/colabora\/wp-content\/uploads\/sites\/23\/2017\/04\/cabecera-generica-1600&#215;167.jpg?id=229) !important;background-position: center !important;background-repeat: no-repeat !important;background-size: cover !important;}\u00bb][vc_column css=\u00bb.vc_custom_1494515651121{padding-top: 0px !important;}\u00bb][vc_custom_heading text=\u00bbPROGRAMA DE COLABORACI\u00d3N\u00bb font_container=\u00bbtag:h4|text_align:left|color:%23ffffff\u00bb use_theme_fonts=\u00bbyes\u00bb css=\u00bb.vc_custom_1509709258778{margin-top: 0px !important;margin-bottom: 0px !important;}\u00bb][vc_separator color=\u00bbwhite\u00bb align=\u00bbalign_left\u00bb el_width=\u00bb10&#8243; css=\u00bb.vc_custom_1494516178033{margin-top: 0px !important;margin-bottom: 8px !important;}\u00bb][vc_custom_heading text=\u00bbL\u00cdNEAS DE COLABORACI\u00d3N\u00bb font_container=\u00bbtag:h2|text_align:left|color:%23ffffff\u00bb use_theme_fonts=\u00bbyes\u00bb css=\u00bb.vc_custom_1509018995875{margin-bottom: 0px !important;}\u00bb][\/vc_column][\/vc_row][vc_row css=\u00bb.vc_custom_1509622649848{margin-bottom: 40px !important;}\u00bb][vc_column][vc_custom_heading text=\u00bbL\u00cdNEAS DE COLABORACI\u00d3N\u00bb use_theme_fonts=\u00bbyes\u00bb css=\u00bb.vc_custom_1510073888241{margin-top: 0px !important;margin-bottom:&#8230;<\/p>\n","protected":false},"author":1,"featured_media":0,"parent":0,"menu_order":0,"comment_status":"closed","ping_status":"closed","template":"templates\/template-no-title.php","meta":{"inline_featured_image":false,"footnotes":""},"acf":[],"yoast_head":"<!-- This site is optimized with the Yoast SEO plugin v21.3 - https:\/\/yoast.com\/wordpress\/plugins\/seo\/ -->\n<title>L\u00edneas de Colaboraci\u00f3n - Programa de Colaboraci\u00f3n<\/title>\n<meta name=\"robots\" content=\"index, follow, max-snippet:-1, max-image-preview:large, max-video-preview:-1\" \/>\n<link rel=\"canonical\" href=\"https:\/\/www.ull.es\/portal\/colabora\/lineas-colaboracion\/\" \/>\n<meta property=\"og:locale\" content=\"es_ES\" \/>\n<meta property=\"og:type\" content=\"article\" \/>\n<meta property=\"og:title\" content=\"L\u00edneas de Colaboraci\u00f3n - Programa de Colaboraci\u00f3n\" \/>\n<meta property=\"og:description\" content=\"[vc_row full_width=\u00bbstretch_row\u00bb content_placement=\u00bbmiddle\u00bb css=\u00bb.vc_custom_1496850343166{padding-top: 30px !important;padding-bottom: 30px !important;background-image: url(https:\/\/www.ull.es\/portal\/colabora\/wp-content\/uploads\/sites\/23\/2017\/04\/cabecera-generica-1600&#215;167.jpg?id=229) !important;background-position: center !important;background-repeat: no-repeat !important;background-size: cover !important;}\u00bb][vc_column css=\u00bb.vc_custom_1494515651121{padding-top: 0px !important;}\u00bb][vc_custom_heading text=\u00bbPROGRAMA DE COLABORACI\u00d3N\u00bb font_container=\u00bbtag:h4|text_align:left|color:%23ffffff\u00bb use_theme_fonts=\u00bbyes\u00bb css=\u00bb.vc_custom_1509709258778{margin-top: 0px !important;margin-bottom: 0px !important;}\u00bb][vc_separator color=\u00bbwhite\u00bb align=\u00bbalign_left\u00bb el_width=\u00bb10&#8243; css=\u00bb.vc_custom_1494516178033{margin-top: 0px !important;margin-bottom: 8px !important;}\u00bb][vc_custom_heading text=\u00bbL\u00cdNEAS DE COLABORACI\u00d3N\u00bb font_container=\u00bbtag:h2|text_align:left|color:%23ffffff\u00bb use_theme_fonts=\u00bbyes\u00bb css=\u00bb.vc_custom_1509018995875{margin-bottom: 0px !important;}\u00bb][\/vc_column][\/vc_row][vc_row css=\u00bb.vc_custom_1509622649848{margin-bottom: 40px !important;}\u00bb][vc_column][vc_custom_heading text=\u00bbL\u00cdNEAS DE COLABORACI\u00d3N\u00bb use_theme_fonts=\u00bbyes\u00bb css=\u00bb.vc_custom_1510073888241{margin-top: 0px !important;margin-bottom:...\" \/>\n<meta property=\"og:url\" content=\"https:\/\/www.ull.es\/portal\/colabora\/lineas-colaboracion\/\" \/>\n<meta property=\"og:site_name\" content=\"Programa de Colaboraci\u00f3n\" \/>\n<meta property=\"article:modified_time\" content=\"2023-02-13T13:10:55+00:00\" \/>\n<meta name=\"twitter:card\" content=\"summary_large_image\" \/>\n<meta name=\"twitter:label1\" content=\"Tiempo de lectura\" \/>\n\t<meta name=\"twitter:data1\" content=\"4 minutos\" \/>\n<script type=\"application\/ld+json\" class=\"yoast-schema-graph\">{\"@context\":\"https:\/\/schema.org\",\"@graph\":[{\"@type\":\"WebPage\",\"@id\":\"https:\/\/www.ull.es\/portal\/colabora\/lineas-colaboracion\/\",\"url\":\"https:\/\/www.ull.es\/portal\/colabora\/lineas-colaboracion\/\",\"name\":\"L\u00edneas de Colaboraci\u00f3n - Programa de Colaboraci\u00f3n\",\"isPartOf\":{\"@id\":\"https:\/\/www.ull.es\/portal\/colabora\/#website\"},\"datePublished\":\"2017-04-26T13:54:32+00:00\",\"dateModified\":\"2023-02-13T13:10:55+00:00\",\"breadcrumb\":{\"@id\":\"https:\/\/www.ull.es\/portal\/colabora\/lineas-colaboracion\/#breadcrumb\"},\"inLanguage\":\"es\",\"potentialAction\":[{\"@type\":\"ReadAction\",\"target\":[\"https:\/\/www.ull.es\/portal\/colabora\/lineas-colaboracion\/\"]}]},{\"@type\":\"BreadcrumbList\",\"@id\":\"https:\/\/www.ull.es\/portal\/colabora\/lineas-colaboracion\/#breadcrumb\",\"itemListElement\":[{\"@type\":\"ListItem\",\"position\":1,\"name\":\"Portada\",\"item\":\"https:\/\/www.ull.es\/portal\/colabora\/\"},{\"@type\":\"ListItem\",\"position\":2,\"name\":\"L\u00edneas de Colaboraci\u00f3n\"}]},{\"@type\":\"WebSite\",\"@id\":\"https:\/\/www.ull.es\/portal\/colabora\/#website\",\"url\":\"https:\/\/www.ull.es\/portal\/colabora\/\",\"name\":\"Programa de Colaboraci\u00f3n\",\"description\":\"\",\"potentialAction\":[{\"@type\":\"SearchAction\",\"target\":{\"@type\":\"EntryPoint\",\"urlTemplate\":\"https:\/\/www.ull.es\/portal\/colabora\/?s={search_term_string}\"},\"query-input\":\"required name=search_term_string\"}],\"inLanguage\":\"es\"}]}<\/script>\n<!-- \/ Yoast SEO plugin. -->","yoast_head_json":{"title":"L\u00edneas de Colaboraci\u00f3n - Programa de Colaboraci\u00f3n","robots":{"index":"index","follow":"follow","max-snippet":"max-snippet:-1","max-image-preview":"max-image-preview:large","max-video-preview":"max-video-preview:-1"},"canonical":"https:\/\/www.ull.es\/portal\/colabora\/lineas-colaboracion\/","og_locale":"es_ES","og_type":"article","og_title":"L\u00edneas de Colaboraci\u00f3n - Programa de Colaboraci\u00f3n","og_description":"[vc_row full_width=\u00bbstretch_row\u00bb content_placement=\u00bbmiddle\u00bb css=\u00bb.vc_custom_1496850343166{padding-top: 30px !important;padding-bottom: 30px !important;background-image: url(https:\/\/www.ull.es\/portal\/colabora\/wp-content\/uploads\/sites\/23\/2017\/04\/cabecera-generica-1600&#215;167.jpg?id=229) !important;background-position: center !important;background-repeat: no-repeat !important;background-size: cover !important;}\u00bb][vc_column css=\u00bb.vc_custom_1494515651121{padding-top: 0px !important;}\u00bb][vc_custom_heading text=\u00bbPROGRAMA DE COLABORACI\u00d3N\u00bb font_container=\u00bbtag:h4|text_align:left|color:%23ffffff\u00bb use_theme_fonts=\u00bbyes\u00bb css=\u00bb.vc_custom_1509709258778{margin-top: 0px !important;margin-bottom: 0px !important;}\u00bb][vc_separator color=\u00bbwhite\u00bb align=\u00bbalign_left\u00bb el_width=\u00bb10&#8243; css=\u00bb.vc_custom_1494516178033{margin-top: 0px !important;margin-bottom: 8px !important;}\u00bb][vc_custom_heading text=\u00bbL\u00cdNEAS DE COLABORACI\u00d3N\u00bb font_container=\u00bbtag:h2|text_align:left|color:%23ffffff\u00bb use_theme_fonts=\u00bbyes\u00bb css=\u00bb.vc_custom_1509018995875{margin-bottom: 0px !important;}\u00bb][\/vc_column][\/vc_row][vc_row css=\u00bb.vc_custom_1509622649848{margin-bottom: 40px !important;}\u00bb][vc_column][vc_custom_heading text=\u00bbL\u00cdNEAS DE COLABORACI\u00d3N\u00bb use_theme_fonts=\u00bbyes\u00bb css=\u00bb.vc_custom_1510073888241{margin-top: 0px !important;margin-bottom:...","og_url":"https:\/\/www.ull.es\/portal\/colabora\/lineas-colaboracion\/","og_site_name":"Programa de Colaboraci\u00f3n","article_modified_time":"2023-02-13T13:10:55+00:00","twitter_card":"summary_large_image","twitter_misc":{"Tiempo de lectura":"4 minutos"},"schema":{"@context":"https:\/\/schema.org","@graph":[{"@type":"WebPage","@id":"https:\/\/www.ull.es\/portal\/colabora\/lineas-colaboracion\/","url":"https:\/\/www.ull.es\/portal\/colabora\/lineas-colaboracion\/","name":"L\u00edneas de Colaboraci\u00f3n - Programa de Colaboraci\u00f3n","isPartOf":{"@id":"https:\/\/www.ull.es\/portal\/colabora\/#website"},"datePublished":"2017-04-26T13:54:32+00:00","dateModified":"2023-02-13T13:10:55+00:00","breadcrumb":{"@id":"https:\/\/www.ull.es\/portal\/colabora\/lineas-colaboracion\/#breadcrumb"},"inLanguage":"es","potentialAction":[{"@type":"ReadAction","target":["https:\/\/www.ull.es\/portal\/colabora\/lineas-colaboracion\/"]}]},{"@type":"BreadcrumbList","@id":"https:\/\/www.ull.es\/portal\/colabora\/lineas-colaboracion\/#breadcrumb","itemListElement":[{"@type":"ListItem","position":1,"name":"Portada","item":"https:\/\/www.ull.es\/portal\/colabora\/"},{"@type":"ListItem","position":2,"name":"L\u00edneas de Colaboraci\u00f3n"}]},{"@type":"WebSite","@id":"https:\/\/www.ull.es\/portal\/colabora\/#website","url":"https:\/\/www.ull.es\/portal\/colabora\/","name":"Programa de Colaboraci\u00f3n","description":"","potentialAction":[{"@type":"SearchAction","target":{"@type":"EntryPoint","urlTemplate":"https:\/\/www.ull.es\/portal\/colabora\/?s={search_term_string}"},"query-input":"required name=search_term_string"}],"inLanguage":"es"}]}},"_links":{"self":[{"href":"https:\/\/www.ull.es\/portal\/colabora\/wp-json\/wp\/v2\/pages\/25"}],"collection":[{"href":"https:\/\/www.ull.es\/portal\/colabora\/wp-json\/wp\/v2\/pages"}],"about":[{"href":"https:\/\/www.ull.es\/portal\/colabora\/wp-json\/wp\/v2\/types\/page"}],"author":[{"embeddable":true,"href":"https:\/\/www.ull.es\/portal\/colabora\/wp-json\/wp\/v2\/users\/1"}],"replies":[{"embeddable":true,"href":"https:\/\/www.ull.es\/portal\/colabora\/wp-json\/wp\/v2\/comments?post=25"}],"version-history":[{"count":3,"href":"https:\/\/www.ull.es\/portal\/colabora\/wp-json\/wp\/v2\/pages\/25\/revisions"}],"predecessor-version":[{"id":490,"href":"https:\/\/www.ull.es\/portal\/colabora\/wp-json\/wp\/v2\/pages\/25\/revisions\/490"}],"wp:attachment":[{"href":"https:\/\/www.ull.es\/portal\/colabora\/wp-json\/wp\/v2\/media?parent=25"}],"curies":[{"name":"wp","href":"https:\/\/api.w.org\/{rel}","templated":true}]}}