{"id":285,"date":"2017-10-30T16:50:53","date_gmt":"2017-10-30T16:50:53","guid":{"rendered":"http:\/\/demo.mumetic.com\/patrociniomecenazgo\/?page_id=285"},"modified":"2023-02-13T13:14:50","modified_gmt":"2023-02-13T13:14:50","slug":"cooperacion-en-la-docencia-innovacion-e-investigacion","status":"publish","type":"page","link":"https:\/\/www.ull.es\/portal\/colabora\/lineas-colaboracion\/cooperacion-en-la-docencia-innovacion-e-investigacion\/","title":{"rendered":"Cooperaci\u00f3n en la docencia, innovaci\u00f3n e investigaci\u00f3n"},"content":{"rendered":"<p>[vc_row full_width=\u00bbstretch_row\u00bb content_placement=\u00bbmiddle\u00bb css=\u00bb.vc_custom_1496914505624{padding-top: 30px !important;padding-bottom: 30px !important;background-image: url(https:\/\/www.ull.es\/portal\/colabora\/wp-content\/uploads\/sites\/23\/2017\/04\/cabecera-generica-1600&#215;167.jpg?id=229) !important;background-position: center !important;background-repeat: no-repeat !important;background-size: cover !important;}\u00bb][vc_column css=\u00bb.vc_custom_1494515651121{padding-top: 0px !important;}\u00bb][vc_custom_heading text=\u00bbPROGRAMA DE COLABORACI\u00d3N\u00bb font_container=\u00bbtag:h4|text_align:left|color:%23ffffff\u00bb use_theme_fonts=\u00bbyes\u00bb css=\u00bb.vc_custom_1509712575659{margin-top: 0px !important;margin-bottom: 0px !important;}\u00bb][vc_separator color=\u00bbwhite\u00bb align=\u00bbalign_left\u00bb el_width=\u00bb10&#8243; css=\u00bb.vc_custom_1494516178033{margin-top: 0px !important;margin-bottom: 8px !important;}\u00bb][vc_custom_heading text=\u00bbCOOPERACI\u00d3N EN LA DOCENCIA, INNOVACI\u00d3N E INVESTIGACI\u00d3N\u00bb font_container=\u00bbtag:h2|text_align:left|color:%23ffffff\u00bb use_theme_fonts=\u00bbyes\u00bb css=\u00bb.vc_custom_1509382071126{margin-bottom: 0px !important;}\u00bb][\/vc_column][\/vc_row][vc_row][vc_column width=\u00bb1\/3&#8243;][vc_single_image image=\u00bb321&#8243; img_size=\u00bbfull\u00bb alignment=\u00bbcenter\u00bb][vc_empty_space height=\u00bb20px\u00bb][vc_column_text el_class=\u00bbbtn-destacado-inicio\u00bb]<a style=\"min-height: 150px;\" href=\"https:\/\/www.ull.es\/portal\/colabora\/contacto\/\" target=\"_blank\" rel=\"noopener\">QUIERO COLABORAR <i class=\"fa fa-arrow-right\"><\/i><\/a>[\/vc_column_text][\/vc_column][vc_column width=\u00bb2\/3&#8243;][vc_column_text]La Universidad de La Laguna tiene por objetivo la mejora de la calidad de la docencia y el logro de la excelencia en la actividad investigadora, principales v\u00edas de conseguir que la formaci\u00f3n que reciben los estudiantes y la investigaci\u00f3n llevada a cabo sea la que efectivamente demanda la sociedad y el entorno. Los programas del \u00e1rea son los siguientes:<\/p>\n<ul>\n<li>Programa C\u00e1tedras Institucionales y de Empresa<\/li>\n<li>Programa Aulas de Empresa<\/li>\n<li>Apoyo a la investigaci\u00f3n, la innovaci\u00f3n y el emprendimiento<\/li>\n<li>Programa Master y Doctorado<\/li>\n<li>Programa Grados y T\u00edtulos Propios<\/li>\n<li>Programa movilidad del profesorado<\/li>\n<li>Universidad para mayores<\/li>\n<li>Cursos de verano<\/li>\n<li>Congresos, jornadas, workshop y eventos<\/li>\n<li>Programas ayudas y reconocimientos a profesorado y funcionariado<\/li>\n<li>Apoyo para publicaciones<\/li>\n<\/ul>\n<p>[\/vc_column_text][\/vc_column][\/vc_row]<\/p>\n","protected":false},"excerpt":{"rendered":"<p>[vc_row full_width=\u00bbstretch_row\u00bb content_placement=\u00bbmiddle\u00bb css=\u00bb.vc_custom_1496914505624{padding-top: 30px !important;padding-bottom: 30px !important;background-image: url(https:\/\/www.ull.es\/portal\/colabora\/wp-content\/uploads\/sites\/23\/2017\/04\/cabecera-generica-1600&#215;167.jpg?id=229) !important;background-position: center !important;background-repeat: no-repeat !important;background-size: cover !important;}\u00bb][vc_column css=\u00bb.vc_custom_1494515651121{padding-top: 0px !important;}\u00bb][vc_custom_heading text=\u00bbPROGRAMA DE COLABORACI\u00d3N\u00bb font_container=\u00bbtag:h4|text_align:left|color:%23ffffff\u00bb use_theme_fonts=\u00bbyes\u00bb css=\u00bb.vc_custom_1509712575659{margin-top: 0px !important;margin-bottom: 0px !important;}\u00bb][vc_separator color=\u00bbwhite\u00bb align=\u00bbalign_left\u00bb el_width=\u00bb10&#8243; css=\u00bb.vc_custom_1494516178033{margin-top: 0px !important;margin-bottom: 8px !important;}\u00bb][vc_custom_heading text=\u00bbCOOPERACI\u00d3N EN LA DOCENCIA, INNOVACI\u00d3N E INVESTIGACI\u00d3N\u00bb font_container=\u00bbtag:h2|text_align:left|color:%23ffffff\u00bb use_theme_fonts=\u00bbyes\u00bb css=\u00bb.vc_custom_1509382071126{margin-bottom: 0px !important;}\u00bb][\/vc_column][\/vc_row][vc_row][vc_column width=\u00bb1\/3&#8243;][vc_single_image image=\u00bb321&#8243; img_size=\u00bbfull\u00bb alignment=\u00bbcenter\u00bb][vc_empty_space height=\u00bb20px\u00bb][vc_column_text el_class=\u00bbbtn-destacado-inicio\u00bb]QUIERO&#8230;<\/p>\n","protected":false},"author":1,"featured_media":0,"parent":25,"menu_order":0,"comment_status":"closed","ping_status":"closed","template":"templates\/template-no-title.php","meta":{"inline_featured_image":false,"footnotes":""},"acf":[],"yoast_head":"<!-- This site is optimized with the Yoast SEO plugin v21.3 - https:\/\/yoast.com\/wordpress\/plugins\/seo\/ -->\n<title>Cooperaci\u00f3n en la docencia, innovaci\u00f3n e investigaci\u00f3n - Programa de Colaboraci\u00f3n<\/title>\n<meta name=\"robots\" content=\"index, follow, max-snippet:-1, max-image-preview:large, max-video-preview:-1\" \/>\n<link rel=\"canonical\" href=\"https:\/\/www.ull.es\/portal\/colabora\/lineas-colaboracion\/cooperacion-en-la-docencia-innovacion-e-investigacion\/\" \/>\n<meta property=\"og:locale\" content=\"es_ES\" \/>\n<meta property=\"og:type\" content=\"article\" \/>\n<meta property=\"og:title\" content=\"Cooperaci\u00f3n en la docencia, innovaci\u00f3n e investigaci\u00f3n - Programa de Colaboraci\u00f3n\" \/>\n<meta property=\"og:description\" content=\"[vc_row full_width=\u00bbstretch_row\u00bb content_placement=\u00bbmiddle\u00bb css=\u00bb.vc_custom_1496914505624{padding-top: 30px !important;padding-bottom: 30px !important;background-image: url(https:\/\/www.ull.es\/portal\/colabora\/wp-content\/uploads\/sites\/23\/2017\/04\/cabecera-generica-1600&#215;167.jpg?id=229) !important;background-position: center !important;background-repeat: no-repeat !important;background-size: cover !important;}\u00bb][vc_column css=\u00bb.vc_custom_1494515651121{padding-top: 0px !important;}\u00bb][vc_custom_heading text=\u00bbPROGRAMA DE COLABORACI\u00d3N\u00bb font_container=\u00bbtag:h4|text_align:left|color:%23ffffff\u00bb use_theme_fonts=\u00bbyes\u00bb css=\u00bb.vc_custom_1509712575659{margin-top: 0px !important;margin-bottom: 0px !important;}\u00bb][vc_separator color=\u00bbwhite\u00bb align=\u00bbalign_left\u00bb el_width=\u00bb10&#8243; css=\u00bb.vc_custom_1494516178033{margin-top: 0px !important;margin-bottom: 8px !important;}\u00bb][vc_custom_heading text=\u00bbCOOPERACI\u00d3N EN LA DOCENCIA, INNOVACI\u00d3N E INVESTIGACI\u00d3N\u00bb font_container=\u00bbtag:h2|text_align:left|color:%23ffffff\u00bb use_theme_fonts=\u00bbyes\u00bb css=\u00bb.vc_custom_1509382071126{margin-bottom: 0px !important;}\u00bb][\/vc_column][\/vc_row][vc_row][vc_column width=\u00bb1\/3&#8243;][vc_single_image image=\u00bb321&#8243; img_size=\u00bbfull\u00bb alignment=\u00bbcenter\u00bb][vc_empty_space height=\u00bb20px\u00bb][vc_column_text el_class=\u00bbbtn-destacado-inicio\u00bb]QUIERO...\" \/>\n<meta property=\"og:url\" content=\"https:\/\/www.ull.es\/portal\/colabora\/lineas-colaboracion\/cooperacion-en-la-docencia-innovacion-e-investigacion\/\" \/>\n<meta property=\"og:site_name\" content=\"Programa de Colaboraci\u00f3n\" \/>\n<meta property=\"article:modified_time\" content=\"2023-02-13T13:14:50+00:00\" \/>\n<meta name=\"twitter:card\" content=\"summary_large_image\" \/>\n<meta name=\"twitter:label1\" content=\"Tiempo de lectura\" \/>\n\t<meta name=\"twitter:data1\" content=\"2 minutos\" \/>\n<script type=\"application\/ld+json\" class=\"yoast-schema-graph\">{\"@context\":\"https:\/\/schema.org\",\"@graph\":[{\"@type\":\"WebPage\",\"@id\":\"https:\/\/www.ull.es\/portal\/colabora\/lineas-colaboracion\/cooperacion-en-la-docencia-innovacion-e-investigacion\/\",\"url\":\"https:\/\/www.ull.es\/portal\/colabora\/lineas-colaboracion\/cooperacion-en-la-docencia-innovacion-e-investigacion\/\",\"name\":\"Cooperaci\u00f3n en la docencia, innovaci\u00f3n e investigaci\u00f3n - Programa de Colaboraci\u00f3n\",\"isPartOf\":{\"@id\":\"https:\/\/www.ull.es\/portal\/colabora\/#website\"},\"datePublished\":\"2017-10-30T16:50:53+00:00\",\"dateModified\":\"2023-02-13T13:14:50+00:00\",\"breadcrumb\":{\"@id\":\"https:\/\/www.ull.es\/portal\/colabora\/lineas-colaboracion\/cooperacion-en-la-docencia-innovacion-e-investigacion\/#breadcrumb\"},\"inLanguage\":\"es\",\"potentialAction\":[{\"@type\":\"ReadAction\",\"target\":[\"https:\/\/www.ull.es\/portal\/colabora\/lineas-colaboracion\/cooperacion-en-la-docencia-innovacion-e-investigacion\/\"]}]},{\"@type\":\"BreadcrumbList\",\"@id\":\"https:\/\/www.ull.es\/portal\/colabora\/lineas-colaboracion\/cooperacion-en-la-docencia-innovacion-e-investigacion\/#breadcrumb\",\"itemListElement\":[{\"@type\":\"ListItem\",\"position\":1,\"name\":\"Portada\",\"item\":\"https:\/\/www.ull.es\/portal\/colabora\/\"},{\"@type\":\"ListItem\",\"position\":2,\"name\":\"L\u00edneas de Colaboraci\u00f3n\",\"item\":\"https:\/\/www.ull.es\/portal\/colabora\/lineas-colaboracion\/\"},{\"@type\":\"ListItem\",\"position\":3,\"name\":\"Cooperaci\u00f3n en la docencia, innovaci\u00f3n e investigaci\u00f3n\"}]},{\"@type\":\"WebSite\",\"@id\":\"https:\/\/www.ull.es\/portal\/colabora\/#website\",\"url\":\"https:\/\/www.ull.es\/portal\/colabora\/\",\"name\":\"Programa de Colaboraci\u00f3n\",\"description\":\"\",\"potentialAction\":[{\"@type\":\"SearchAction\",\"target\":{\"@type\":\"EntryPoint\",\"urlTemplate\":\"https:\/\/www.ull.es\/portal\/colabora\/?s={search_term_string}\"},\"query-input\":\"required name=search_term_string\"}],\"inLanguage\":\"es\"}]}<\/script>\n<!-- \/ Yoast SEO plugin. -->","yoast_head_json":{"title":"Cooperaci\u00f3n en la docencia, innovaci\u00f3n e investigaci\u00f3n - Programa de Colaboraci\u00f3n","robots":{"index":"index","follow":"follow","max-snippet":"max-snippet:-1","max-image-preview":"max-image-preview:large","max-video-preview":"max-video-preview:-1"},"canonical":"https:\/\/www.ull.es\/portal\/colabora\/lineas-colaboracion\/cooperacion-en-la-docencia-innovacion-e-investigacion\/","og_locale":"es_ES","og_type":"article","og_title":"Cooperaci\u00f3n en la docencia, innovaci\u00f3n e investigaci\u00f3n - Programa de Colaboraci\u00f3n","og_description":"[vc_row full_width=\u00bbstretch_row\u00bb content_placement=\u00bbmiddle\u00bb css=\u00bb.vc_custom_1496914505624{padding-top: 30px !important;padding-bottom: 30px !important;background-image: url(https:\/\/www.ull.es\/portal\/colabora\/wp-content\/uploads\/sites\/23\/2017\/04\/cabecera-generica-1600&#215;167.jpg?id=229) !important;background-position: center !important;background-repeat: no-repeat !important;background-size: cover !important;}\u00bb][vc_column css=\u00bb.vc_custom_1494515651121{padding-top: 0px !important;}\u00bb][vc_custom_heading text=\u00bbPROGRAMA DE COLABORACI\u00d3N\u00bb font_container=\u00bbtag:h4|text_align:left|color:%23ffffff\u00bb use_theme_fonts=\u00bbyes\u00bb css=\u00bb.vc_custom_1509712575659{margin-top: 0px !important;margin-bottom: 0px !important;}\u00bb][vc_separator color=\u00bbwhite\u00bb align=\u00bbalign_left\u00bb el_width=\u00bb10&#8243; css=\u00bb.vc_custom_1494516178033{margin-top: 0px !important;margin-bottom: 8px !important;}\u00bb][vc_custom_heading text=\u00bbCOOPERACI\u00d3N EN LA DOCENCIA, INNOVACI\u00d3N E INVESTIGACI\u00d3N\u00bb font_container=\u00bbtag:h2|text_align:left|color:%23ffffff\u00bb use_theme_fonts=\u00bbyes\u00bb css=\u00bb.vc_custom_1509382071126{margin-bottom: 0px !important;}\u00bb][\/vc_column][\/vc_row][vc_row][vc_column width=\u00bb1\/3&#8243;][vc_single_image image=\u00bb321&#8243; img_size=\u00bbfull\u00bb alignment=\u00bbcenter\u00bb][vc_empty_space height=\u00bb20px\u00bb][vc_column_text el_class=\u00bbbtn-destacado-inicio\u00bb]QUIERO...","og_url":"https:\/\/www.ull.es\/portal\/colabora\/lineas-colaboracion\/cooperacion-en-la-docencia-innovacion-e-investigacion\/","og_site_name":"Programa de Colaboraci\u00f3n","article_modified_time":"2023-02-13T13:14:50+00:00","twitter_card":"summary_large_image","twitter_misc":{"Tiempo de lectura":"2 minutos"},"schema":{"@context":"https:\/\/schema.org","@graph":[{"@type":"WebPage","@id":"https:\/\/www.ull.es\/portal\/colabora\/lineas-colaboracion\/cooperacion-en-la-docencia-innovacion-e-investigacion\/","url":"https:\/\/www.ull.es\/portal\/colabora\/lineas-colaboracion\/cooperacion-en-la-docencia-innovacion-e-investigacion\/","name":"Cooperaci\u00f3n en la docencia, innovaci\u00f3n e investigaci\u00f3n - Programa de Colaboraci\u00f3n","isPartOf":{"@id":"https:\/\/www.ull.es\/portal\/colabora\/#website"},"datePublished":"2017-10-30T16:50:53+00:00","dateModified":"2023-02-13T13:14:50+00:00","breadcrumb":{"@id":"https:\/\/www.ull.es\/portal\/colabora\/lineas-colaboracion\/cooperacion-en-la-docencia-innovacion-e-investigacion\/#breadcrumb"},"inLanguage":"es","potentialAction":[{"@type":"ReadAction","target":["https:\/\/www.ull.es\/portal\/colabora\/lineas-colaboracion\/cooperacion-en-la-docencia-innovacion-e-investigacion\/"]}]},{"@type":"BreadcrumbList","@id":"https:\/\/www.ull.es\/portal\/colabora\/lineas-colaboracion\/cooperacion-en-la-docencia-innovacion-e-investigacion\/#breadcrumb","itemListElement":[{"@type":"ListItem","position":1,"name":"Portada","item":"https:\/\/www.ull.es\/portal\/colabora\/"},{"@type":"ListItem","position":2,"name":"L\u00edneas de Colaboraci\u00f3n","item":"https:\/\/www.ull.es\/portal\/colabora\/lineas-colaboracion\/"},{"@type":"ListItem","position":3,"name":"Cooperaci\u00f3n en la docencia, innovaci\u00f3n e investigaci\u00f3n"}]},{"@type":"WebSite","@id":"https:\/\/www.ull.es\/portal\/colabora\/#website","url":"https:\/\/www.ull.es\/portal\/colabora\/","name":"Programa de Colaboraci\u00f3n","description":"","potentialAction":[{"@type":"SearchAction","target":{"@type":"EntryPoint","urlTemplate":"https:\/\/www.ull.es\/portal\/colabora\/?s={search_term_string}"},"query-input":"required name=search_term_string"}],"inLanguage":"es"}]}},"_links":{"self":[{"href":"https:\/\/www.ull.es\/portal\/colabora\/wp-json\/wp\/v2\/pages\/285"}],"collection":[{"href":"https:\/\/www.ull.es\/portal\/colabora\/wp-json\/wp\/v2\/pages"}],"about":[{"href":"https:\/\/www.ull.es\/portal\/colabora\/wp-json\/wp\/v2\/types\/page"}],"author":[{"embeddable":true,"href":"https:\/\/www.ull.es\/portal\/colabora\/wp-json\/wp\/v2\/users\/1"}],"replies":[{"embeddable":true,"href":"https:\/\/www.ull.es\/portal\/colabora\/wp-json\/wp\/v2\/comments?post=285"}],"version-history":[{"count":3,"href":"https:\/\/www.ull.es\/portal\/colabora\/wp-json\/wp\/v2\/pages\/285\/revisions"}],"predecessor-version":[{"id":485,"href":"https:\/\/www.ull.es\/portal\/colabora\/wp-json\/wp\/v2\/pages\/285\/revisions\/485"}],"up":[{"embeddable":true,"href":"https:\/\/www.ull.es\/portal\/colabora\/wp-json\/wp\/v2\/pages\/25"}],"wp:attachment":[{"href":"https:\/\/www.ull.es\/portal\/colabora\/wp-json\/wp\/v2\/media?parent=285"}],"curies":[{"name":"wp","href":"https:\/\/api.w.org\/{rel}","templated":true}]}}