{"id":360,"date":"2017-04-25T11:32:35","date_gmt":"2017-04-25T11:32:35","guid":{"rendered":"http:\/\/demo.mumetic.com\/patrociniomecenazgo\/?page_id=9"},"modified":"2023-02-13T13:13:03","modified_gmt":"2023-02-13T13:13:03","slug":"presentacion","status":"publish","type":"page","link":"https:\/\/www.ull.es\/portal\/colabora\/presentacion\/","title":{"rendered":"Presentaci\u00f3n"},"content":{"rendered":"<p>[vc_row full_width=\u00bbstretch_row\u00bb content_placement=\u00bbmiddle\u00bb css=\u00bb.vc_custom_1496914470395{padding-top: 30px !important;padding-bottom: 30px !important;background-image: url(https:\/\/www.ull.es\/portal\/colabora\/wp-content\/uploads\/sites\/23\/2017\/04\/cabecera-generica-1600&#215;167.jpg?id=229) !important;background-position: center !important;background-repeat: no-repeat !important;background-size: cover !important;}\u00bb][vc_column css=\u00bb.vc_custom_1494515651121{padding-top: 0px !important;}\u00bb][vc_custom_heading text=\u00bbPROGRAMA DE COLABORACI\u00d3N\u00bb font_container=\u00bbtag:h4|text_align:left|color:%23ffffff\u00bb use_theme_fonts=\u00bbyes\u00bb css=\u00bb.vc_custom_1509707851500{margin-top: 0px !important;margin-bottom: 0px !important;}\u00bb][vc_separator color=\u00bbwhite\u00bb align=\u00bbalign_left\u00bb el_width=\u00bb10&#8243; css=\u00bb.vc_custom_1494516178033{margin-top: 0px !important;margin-bottom: 8px !important;}\u00bb][vc_custom_heading text=\u00bbPRESENTACI\u00d3N\u00bb font_container=\u00bbtag:h2|text_align:left|color:%23ffffff\u00bb use_theme_fonts=\u00bbyes\u00bb css=\u00bb.vc_custom_1494516432991{margin-bottom: 0px !important;}\u00bb][\/vc_column][\/vc_row][vc_row][vc_column width=\u00bb3\/4&#8243;][vc_column_text]La Universidad de La Laguna tiene como misi\u00f3n garantizar una educaci\u00f3n superior de calidad y una investigaci\u00f3n cient\u00edfica y t\u00e9cnica de alto nivel. Para contribuir al progreso y modernizaci\u00f3n de nuestra comunidad tambi\u00e9n desarrolla actividades de extensi\u00f3n universitaria, difundiendo la cultura, el arte y el conocimiento acad\u00e9mico en Canarias.<\/p>\n<p>Asumiendo el reto de contribuir a la necesaria transformaci\u00f3n del sistema econ\u00f3mico de Canarias, en estos tiempos tan complejos, la Universidad de La Laguna tambi\u00e9n apuesta por la promoci\u00f3n de las actividades intensivas en conocimiento y por el fortalecimiento de los v\u00ednculos de la instituci\u00f3n con el conjunto de la sociedad, con instituciones y empresas, para que se incorpore con plenitud a esta nueva etapa.<\/p>\n<p>En nuestro af\u00e1n por tender puentes que permitan el desarrollo de actividades y proyectos conjuntos que beneficien al conjunto de la ciudadan\u00eda y faciliten el desarrollo socioecon\u00f3mico de Canarias, surge el Programa de Colaboraci\u00f3n de la Universidad de La Laguna con Empresas e Instituciones. Con \u00e9l se pretende posibilitar la generaci\u00f3n de proyectos conjuntos entre nuestra instituci\u00f3n y las personas, empresas e instituciones de nuestro entorno, que nos permitan avanzar juntos en beneficio de nuestra comunidad.[\/vc_column_text][\/vc_column][vc_column width=\u00bb1\/4&#8243;][vc_single_image image=\u00bb495&#8243; img_size=\u00bbfull\u00bb][vc_column_text]<\/p>\n<h5 style=\"margin-bottom: 8px;\">Rosa M\u00aa Aguilar Chinea<\/h5>\n<p style=\"font-size: 14px;\">Rectora de la Universidad de La Laguna<\/p>\n<p>[\/vc_column_text][\/vc_column][\/vc_row]<\/p>\n","protected":false},"excerpt":{"rendered":"<p>[vc_row full_width=\u00bbstretch_row\u00bb content_placement=\u00bbmiddle\u00bb css=\u00bb.vc_custom_1496914470395{padding-top: 30px !important;padding-bottom: 30px !important;background-image: url(https:\/\/www.ull.es\/portal\/colabora\/wp-content\/uploads\/sites\/23\/2017\/04\/cabecera-generica-1600&#215;167.jpg?id=229) !important;background-position: center !important;background-repeat: no-repeat !important;background-size: cover !important;}\u00bb][vc_column css=\u00bb.vc_custom_1494515651121{padding-top: 0px !important;}\u00bb][vc_custom_heading text=\u00bbPROGRAMA DE COLABORACI\u00d3N\u00bb font_container=\u00bbtag:h4|text_align:left|color:%23ffffff\u00bb use_theme_fonts=\u00bbyes\u00bb css=\u00bb.vc_custom_1509707851500{margin-top: 0px !important;margin-bottom: 0px !important;}\u00bb][vc_separator color=\u00bbwhite\u00bb align=\u00bbalign_left\u00bb el_width=\u00bb10&#8243; css=\u00bb.vc_custom_1494516178033{margin-top: 0px !important;margin-bottom: 8px !important;}\u00bb][vc_custom_heading text=\u00bbPRESENTACI\u00d3N\u00bb font_container=\u00bbtag:h2|text_align:left|color:%23ffffff\u00bb use_theme_fonts=\u00bbyes\u00bb css=\u00bb.vc_custom_1494516432991{margin-bottom: 0px !important;}\u00bb][\/vc_column][\/vc_row][vc_row][vc_column width=\u00bb3\/4&#8243;][vc_column_text]La Universidad de La Laguna tiene como misi\u00f3n garantizar una educaci\u00f3n superior&#8230;<\/p>\n","protected":false},"author":1,"featured_media":0,"parent":0,"menu_order":0,"comment_status":"closed","ping_status":"closed","template":"templates\/template-no-title.php","meta":{"inline_featured_image":false,"footnotes":""},"acf":[],"yoast_head":"<!-- This site is optimized with the Yoast SEO plugin v21.3 - https:\/\/yoast.com\/wordpress\/plugins\/seo\/ -->\n<title>Presentaci\u00f3n - Programa de Colaboraci\u00f3n<\/title>\n<meta name=\"robots\" content=\"index, follow, max-snippet:-1, max-image-preview:large, max-video-preview:-1\" \/>\n<link rel=\"canonical\" href=\"https:\/\/www.ull.es\/portal\/colabora\/presentacion\/\" \/>\n<meta property=\"og:locale\" content=\"es_ES\" \/>\n<meta property=\"og:type\" content=\"article\" \/>\n<meta property=\"og:title\" content=\"Presentaci\u00f3n - Programa de Colaboraci\u00f3n\" \/>\n<meta property=\"og:description\" content=\"[vc_row full_width=\u00bbstretch_row\u00bb content_placement=\u00bbmiddle\u00bb css=\u00bb.vc_custom_1496914470395{padding-top: 30px !important;padding-bottom: 30px !important;background-image: url(https:\/\/www.ull.es\/portal\/colabora\/wp-content\/uploads\/sites\/23\/2017\/04\/cabecera-generica-1600&#215;167.jpg?id=229) !important;background-position: center !important;background-repeat: no-repeat !important;background-size: cover !important;}\u00bb][vc_column css=\u00bb.vc_custom_1494515651121{padding-top: 0px !important;}\u00bb][vc_custom_heading text=\u00bbPROGRAMA DE COLABORACI\u00d3N\u00bb font_container=\u00bbtag:h4|text_align:left|color:%23ffffff\u00bb use_theme_fonts=\u00bbyes\u00bb css=\u00bb.vc_custom_1509707851500{margin-top: 0px !important;margin-bottom: 0px !important;}\u00bb][vc_separator color=\u00bbwhite\u00bb align=\u00bbalign_left\u00bb el_width=\u00bb10&#8243; css=\u00bb.vc_custom_1494516178033{margin-top: 0px !important;margin-bottom: 8px !important;}\u00bb][vc_custom_heading text=\u00bbPRESENTACI\u00d3N\u00bb font_container=\u00bbtag:h2|text_align:left|color:%23ffffff\u00bb use_theme_fonts=\u00bbyes\u00bb css=\u00bb.vc_custom_1494516432991{margin-bottom: 0px !important;}\u00bb][\/vc_column][\/vc_row][vc_row][vc_column width=\u00bb3\/4&#8243;][vc_column_text]La Universidad de La Laguna tiene como misi\u00f3n garantizar una educaci\u00f3n superior...\" \/>\n<meta property=\"og:url\" content=\"https:\/\/www.ull.es\/portal\/colabora\/presentacion\/\" \/>\n<meta property=\"og:site_name\" content=\"Programa de Colaboraci\u00f3n\" \/>\n<meta property=\"article:modified_time\" content=\"2023-02-13T13:13:03+00:00\" \/>\n<meta name=\"twitter:card\" content=\"summary_large_image\" \/>\n<meta name=\"twitter:label1\" content=\"Tiempo de lectura\" \/>\n\t<meta name=\"twitter:data1\" content=\"2 minutos\" \/>\n<script type=\"application\/ld+json\" class=\"yoast-schema-graph\">{\"@context\":\"https:\/\/schema.org\",\"@graph\":[{\"@type\":\"WebPage\",\"@id\":\"https:\/\/www.ull.es\/portal\/colabora\/presentacion\/\",\"url\":\"https:\/\/www.ull.es\/portal\/colabora\/presentacion\/\",\"name\":\"Presentaci\u00f3n - Programa de Colaboraci\u00f3n\",\"isPartOf\":{\"@id\":\"https:\/\/www.ull.es\/portal\/colabora\/#website\"},\"datePublished\":\"2017-04-25T11:32:35+00:00\",\"dateModified\":\"2023-02-13T13:13:03+00:00\",\"breadcrumb\":{\"@id\":\"https:\/\/www.ull.es\/portal\/colabora\/presentacion\/#breadcrumb\"},\"inLanguage\":\"es\",\"potentialAction\":[{\"@type\":\"ReadAction\",\"target\":[\"https:\/\/www.ull.es\/portal\/colabora\/presentacion\/\"]}]},{\"@type\":\"BreadcrumbList\",\"@id\":\"https:\/\/www.ull.es\/portal\/colabora\/presentacion\/#breadcrumb\",\"itemListElement\":[{\"@type\":\"ListItem\",\"position\":1,\"name\":\"Portada\",\"item\":\"https:\/\/www.ull.es\/portal\/colabora\/\"},{\"@type\":\"ListItem\",\"position\":2,\"name\":\"Presentaci\u00f3n\"}]},{\"@type\":\"WebSite\",\"@id\":\"https:\/\/www.ull.es\/portal\/colabora\/#website\",\"url\":\"https:\/\/www.ull.es\/portal\/colabora\/\",\"name\":\"Programa de Colaboraci\u00f3n\",\"description\":\"\",\"potentialAction\":[{\"@type\":\"SearchAction\",\"target\":{\"@type\":\"EntryPoint\",\"urlTemplate\":\"https:\/\/www.ull.es\/portal\/colabora\/?s={search_term_string}\"},\"query-input\":\"required name=search_term_string\"}],\"inLanguage\":\"es\"}]}<\/script>\n<!-- \/ Yoast SEO plugin. -->","yoast_head_json":{"title":"Presentaci\u00f3n - Programa de Colaboraci\u00f3n","robots":{"index":"index","follow":"follow","max-snippet":"max-snippet:-1","max-image-preview":"max-image-preview:large","max-video-preview":"max-video-preview:-1"},"canonical":"https:\/\/www.ull.es\/portal\/colabora\/presentacion\/","og_locale":"es_ES","og_type":"article","og_title":"Presentaci\u00f3n - Programa de Colaboraci\u00f3n","og_description":"[vc_row full_width=\u00bbstretch_row\u00bb content_placement=\u00bbmiddle\u00bb css=\u00bb.vc_custom_1496914470395{padding-top: 30px !important;padding-bottom: 30px !important;background-image: url(https:\/\/www.ull.es\/portal\/colabora\/wp-content\/uploads\/sites\/23\/2017\/04\/cabecera-generica-1600&#215;167.jpg?id=229) !important;background-position: center !important;background-repeat: no-repeat !important;background-size: cover !important;}\u00bb][vc_column css=\u00bb.vc_custom_1494515651121{padding-top: 0px !important;}\u00bb][vc_custom_heading text=\u00bbPROGRAMA DE COLABORACI\u00d3N\u00bb font_container=\u00bbtag:h4|text_align:left|color:%23ffffff\u00bb use_theme_fonts=\u00bbyes\u00bb css=\u00bb.vc_custom_1509707851500{margin-top: 0px !important;margin-bottom: 0px !important;}\u00bb][vc_separator color=\u00bbwhite\u00bb align=\u00bbalign_left\u00bb el_width=\u00bb10&#8243; css=\u00bb.vc_custom_1494516178033{margin-top: 0px !important;margin-bottom: 8px !important;}\u00bb][vc_custom_heading text=\u00bbPRESENTACI\u00d3N\u00bb font_container=\u00bbtag:h2|text_align:left|color:%23ffffff\u00bb use_theme_fonts=\u00bbyes\u00bb css=\u00bb.vc_custom_1494516432991{margin-bottom: 0px !important;}\u00bb][\/vc_column][\/vc_row][vc_row][vc_column width=\u00bb3\/4&#8243;][vc_column_text]La Universidad de La Laguna tiene como misi\u00f3n garantizar una educaci\u00f3n superior...","og_url":"https:\/\/www.ull.es\/portal\/colabora\/presentacion\/","og_site_name":"Programa de Colaboraci\u00f3n","article_modified_time":"2023-02-13T13:13:03+00:00","twitter_card":"summary_large_image","twitter_misc":{"Tiempo de lectura":"2 minutos"},"schema":{"@context":"https:\/\/schema.org","@graph":[{"@type":"WebPage","@id":"https:\/\/www.ull.es\/portal\/colabora\/presentacion\/","url":"https:\/\/www.ull.es\/portal\/colabora\/presentacion\/","name":"Presentaci\u00f3n - Programa de Colaboraci\u00f3n","isPartOf":{"@id":"https:\/\/www.ull.es\/portal\/colabora\/#website"},"datePublished":"2017-04-25T11:32:35+00:00","dateModified":"2023-02-13T13:13:03+00:00","breadcrumb":{"@id":"https:\/\/www.ull.es\/portal\/colabora\/presentacion\/#breadcrumb"},"inLanguage":"es","potentialAction":[{"@type":"ReadAction","target":["https:\/\/www.ull.es\/portal\/colabora\/presentacion\/"]}]},{"@type":"BreadcrumbList","@id":"https:\/\/www.ull.es\/portal\/colabora\/presentacion\/#breadcrumb","itemListElement":[{"@type":"ListItem","position":1,"name":"Portada","item":"https:\/\/www.ull.es\/portal\/colabora\/"},{"@type":"ListItem","position":2,"name":"Presentaci\u00f3n"}]},{"@type":"WebSite","@id":"https:\/\/www.ull.es\/portal\/colabora\/#website","url":"https:\/\/www.ull.es\/portal\/colabora\/","name":"Programa de Colaboraci\u00f3n","description":"","potentialAction":[{"@type":"SearchAction","target":{"@type":"EntryPoint","urlTemplate":"https:\/\/www.ull.es\/portal\/colabora\/?s={search_term_string}"},"query-input":"required name=search_term_string"}],"inLanguage":"es"}]}},"_links":{"self":[{"href":"https:\/\/www.ull.es\/portal\/colabora\/wp-json\/wp\/v2\/pages\/360"}],"collection":[{"href":"https:\/\/www.ull.es\/portal\/colabora\/wp-json\/wp\/v2\/pages"}],"about":[{"href":"https:\/\/www.ull.es\/portal\/colabora\/wp-json\/wp\/v2\/types\/page"}],"author":[{"embeddable":true,"href":"https:\/\/www.ull.es\/portal\/colabora\/wp-json\/wp\/v2\/users\/1"}],"replies":[{"embeddable":true,"href":"https:\/\/www.ull.es\/portal\/colabora\/wp-json\/wp\/v2\/comments?post=360"}],"version-history":[{"count":2,"href":"https:\/\/www.ull.es\/portal\/colabora\/wp-json\/wp\/v2\/pages\/360\/revisions"}],"predecessor-version":[{"id":497,"href":"https:\/\/www.ull.es\/portal\/colabora\/wp-json\/wp\/v2\/pages\/360\/revisions\/497"}],"wp:attachment":[{"href":"https:\/\/www.ull.es\/portal\/colabora\/wp-json\/wp\/v2\/media?parent=360"}],"curies":[{"name":"wp","href":"https:\/\/api.w.org\/{rel}","templated":true}]}}