{"id":361,"date":"2017-04-26T11:36:21","date_gmt":"2017-04-26T11:36:21","guid":{"rendered":"http:\/\/demo.mumetic.com\/patrociniomecenazgo\/?page_id=11"},"modified":"2023-02-13T13:15:00","modified_gmt":"2023-02-13T13:15:00","slug":"por-que-colaborar","status":"publish","type":"page","link":"https:\/\/www.ull.es\/portal\/colabora\/por-que-colaborar\/","title":{"rendered":"Por qu\u00e9 colaborar"},"content":{"rendered":"<p>[vc_row full_width=\u00bbstretch_row\u00bb content_placement=\u00bbmiddle\u00bb css=\u00bb.vc_custom_1496914415222{padding-top: 30px !important;padding-bottom: 30px !important;background-image: url(https:\/\/www.ull.es\/portal\/colabora\/wp-content\/uploads\/sites\/23\/2017\/04\/cabecera-generica-1600&#215;167.jpg?id=229) !important;background-position: center !important;background-repeat: no-repeat !important;background-size: cover !important;}\u00bb][vc_column css=\u00bb.vc_custom_1494515651121{padding-top: 0px !important;}\u00bb][vc_custom_heading text=\u00bbPROGRAMA DE COLABORACI\u00d3N\u00bb font_container=\u00bbtag:h4|text_align:left|color:%23ffffff\u00bb use_theme_fonts=\u00bbyes\u00bb css=\u00bb.vc_custom_1509711600089{margin-top: 0px !important;margin-bottom: 0px !important;}\u00bb][vc_separator color=\u00bbwhite\u00bb align=\u00bbalign_left\u00bb el_width=\u00bb10&#8243; css=\u00bb.vc_custom_1494516178033{margin-top: 0px !important;margin-bottom: 8px !important;}\u00bb][vc_custom_heading text=\u00bbPOR QU\u00c9 COLABORAR\u00bb font_container=\u00bbtag:h2|text_align:left|color:%23ffffff\u00bb use_theme_fonts=\u00bbyes\u00bb css=\u00bb.vc_custom_1496914405415{margin-bottom: 0px !important;}\u00bb][\/vc_column][\/vc_row][vc_row][vc_column width=\u00bb3\/4&#8243;][vc_custom_heading text=\u00bbRazones de inter\u00e9s para la empresa o instituci\u00f3n\u00bb use_theme_fonts=\u00bbyes\u00bb][vc_column_text]<\/p>\n<ol>\n<li>El orgullo y la satisfacci\u00f3n de ser colaborador, mecenas o patrocinador de la Universidad de La Laguna.<\/li>\n<li>Participar en los eventos de reconocimiento y ser invitado a los actos institucionales de la Universidad de La Laguna.<\/li>\n<li>Obtener las ventajas fiscales que determine la legislaci\u00f3n vigente, as\u00ed como recibir los certificados y documentos acreditativos de las aportaciones.<\/li>\n<li>Conseguir visibilidad y notoriedad mejorando la diferenciaci\u00f3n respecto a la competencia, la proyecci\u00f3n\u00a0\u00a0 y posicionamiento de la imagen.<\/li>\n<li>Recibir el informe o memoria anual de las actividades de mecenazgo y patrocinio de la Universidad de La Laguna.<\/li>\n<li>Recibir informaci\u00f3n peri\u00f3dica sobre los programas formativos, iniciativas de investigaci\u00f3n, as\u00ed como actividades, novedades y noticias de inter\u00e9s.<\/li>\n<li>Acceso a la comunidad de la Universidad de La Laguna, integrada por m\u00e1s de 20.000 personas.<\/li>\n<li>Cooperar en el desarrollo social, cultural, econ\u00f3mico y patrimonial de la sociedad\u00a0\u00a0 a trav\u00e9s de la colaboraci\u00f3n para la mejora de la educaci\u00f3n superior y la investigaci\u00f3n.<\/li>\n<li>Potenciar la reputaci\u00f3n y la responsabilidad social de la persona, empresa o instituci\u00f3n colaboradora.<\/li>\n<li>Potenciar un sentimiento de pertenencia\u00a0\u00a0 a la comunidad universitaria derivado de la colaboraci\u00f3n.<\/li>\n<\/ol>\n<p>[\/vc_column_text][vc_custom_heading text=\u00bbRazones de inter\u00e9s para la sociedad\u00bb use_theme_fonts=\u00bbyes\u00bb][vc_column_text]<\/p>\n<ol>\n<li>Contribuir al desarrollo de la Universidad, implicada\u00a0\u00a0 con su entorno.<\/li>\n<li>Fomentar una educaci\u00f3n, investigaci\u00f3n y transferencia\u00a0\u00a0 de calidad y de excelencia.<\/li>\n<li>Colaborar en el desarrollo sostenible en el \u00e1mbito social, cultural\u00a0\u00a0 y econ\u00f3mico de Canarias.<\/li>\n<li>Fomentar la igualdad de las personas y el acceso a su formaci\u00f3n, haciendo posible que muchos estudiantes sin recursos puedan comenzar y\/o continuar su formaci\u00f3n.<\/li>\n<li>Ayudar a que los investigadores puedan desarrollar sus l\u00edneas de trabajo.<\/li>\n<li>Contribuir a que la Universidad de La Laguna sea una de las universidades p\u00fablicas de referencia nacional e internacional.<\/li>\n<li>Colaborar en el futuro y el bienestar de m\u00e1s de 20.000 personas que est\u00e1n vinculadas a la instituci\u00f3n entre estudiantes, personal docente e investigador y de administraci\u00f3n y servicios.<\/li>\n<\/ol>\n<p>[\/vc_column_text][\/vc_column][vc_column width=\u00bb1\/4&#8243;][vc_single_image image=\u00bb311&#8243; img_size=\u00bbfull\u00bb][vc_column_text el_class=\u00bbbtn-destacado-inicio\u00bb]<a href=\"https:\/\/www.ull.es\/portal\/colabora\/contacto\/\" target=\"_blank\" rel=\"noopener\">Quiero colaborar<i class=\"fa fa-arrow-right\"><\/i><\/a>[\/vc_column_text][\/vc_column][\/vc_row][vc_row disable_element=\u00bbyes\u00bb][vc_column][vc_tta_tabs style=\u00bbmodern\u00bb active_section=\u00bb1&#8243;][vc_tta_section title=\u00bbPERSONAS, EMPRESAS O INSTITUCIONES\u00bb tab_id=\u00bbpersonas-empresas-instituciones\u00bb][vc_row_inner css=\u00bb.vc_custom_1494329106244{padding: 20px !important;}\u00bb][vc_column_inner][vc_column_text]<\/p>\n<ol>\n<li>Obtener el rango de colaborador Mecenas de la Universidad de La Laguna.<\/li>\n<li>Obtener las\u00a0<a href=\"#fiscalidad\" target=\"_blank\" rel=\"noopener\"><strong>ventajas fiscales<\/strong><\/a>\u00a0que determine la legislaci\u00f3n vigente, y recibir los certificados y documentos acreditativos de las aportaciones.<\/li>\n<li>Conseguir visibilidad y notoriedad mejorando la diferenciaci\u00f3n respecto a la competencia, la proyecci\u00f3n y posicionamiento de la imagen, la reputaci\u00f3n y la responsabilidad social de la persona, empresa o instituci\u00f3n colaboradora.<\/li>\n<li>Participar en los eventos de reconocimiento y ser invitado a los actos institucionales de la Universidad de La Laguna.<\/li>\n<li>Recibir el informe o memoria anual de las actividades de mecenazgo y patrocinio de la Universidad de La Laguna.<\/li>\n<li>Recibir informaci\u00f3n peri\u00f3dica\u00a0sobre los programas formativos, iniciativas de investigaci\u00f3n, as\u00ed como actividades, novedades y noticias de inter\u00e9s.<\/li>\n<li>Acceso a la comunidad de la Universidad de La Laguna, integrada por m\u00e1s de 20.000 personas.<\/li>\n<li>Cooperar en el desarrollo social, cultural, econ\u00f3mico y patrimonial de la sociedad a trav\u00e9s de la colaboraci\u00f3n para la mejora de la educaci\u00f3n superior y la investigaci\u00f3n.<\/li>\n<li>Potenciar un sentimiento de pertenencia a la comunidad universitaria derivado de la colaboraci\u00f3n.<\/li>\n<\/ol>\n<p>[\/vc_column_text][\/vc_column_inner][\/vc_row_inner][\/vc_tta_section][vc_tta_section title=\u00bbSOCIEDAD\u00bb tab_id=\u00bbsociedad\u00bb][vc_row_inner css=\u00bb.vc_custom_1496916505210{padding: 20px !important;}\u00bb][vc_column_inner][vc_column_text]<\/p>\n<ol>\n<li>Contribuir al desarrollo de una universidad p\u00fablica implicada con su entorno.<\/li>\n<li>Fomentar una\u00a0<strong>educaci\u00f3n, investigaci\u00f3n y transferencia de calidad<\/strong>\u00a0y de excelencia.<\/li>\n<li>Colaborar en el desarrollo sostenible en el \u00e1mbito social, cultural y econ\u00f3mico de Canarias.<\/li>\n<li>Fomentar la igualdad de las personas y el acceso a su formaci\u00f3n, haciendo posible que muchos estudiantes sin recursos puedan comenzar y\/o continuar su formaci\u00f3n.<\/li>\n<li>Ayudar a que los investigadores puedan desarrollar sus l\u00edneas de trabajo.<\/li>\n<li>Contribuir a que la Universidad de La Laguna sea una de las universidades p\u00fablicas de referencia nacional e internacional.<\/li>\n<li>Colaborar en el futuro y el bienestar de m\u00e1s de 20.000 personas que est\u00e1n vinculadas a la instituci\u00f3n entre estudiantes, personal docente e investigador y de administraci\u00f3n y servicios.<\/li>\n<\/ol>\n<p>[\/vc_column_text][\/vc_column_inner][\/vc_row_inner][\/vc_tta_section][vc_tta_section title=\u00bbFISCALIDAD\u00bb tab_id=\u00bbfiscalidad\u00bb][vc_row_inner css=\u00bb.vc_custom_1496916517441{padding: 20px !important;}\u00bb][vc_column_inner][vc_column_text]<\/p>\n<h3>DONACIONES<\/h3>\n<p>Las deducciones por la colaboraci\u00f3n con entidades beneficiarias del mecenazgo se regulan con car\u00e1cter general en los art\u00edculos 19, 20 y 21 de la Ley 49\/2002.<\/p>\n<p><strong>En el<\/strong> <strong>Impuesto sobre la Renta de las Personas F\u00edsicas<\/strong> tendr\u00e1n derecho a deducir de la cuota \u00edntegra el resultado de aplicar, seg\u00fan lo dispuesto en el art\u00edculo 18 de esta Ley, la siguiente escala:<\/p>\n<table width=\"257\">\n<tbody>\n<tr>\n<td><strong>Base de deducci\u00f3n<br \/>\nImporte hasta<\/strong><\/td>\n<td width=\"122\"><strong>Porcentaje de deducci\u00f3n<\/strong><\/td>\n<\/tr>\n<tr>\n<td>150 euros<\/td>\n<td width=\"122\">75<\/td>\n<\/tr>\n<tr>\n<td>Resto de la deducci\u00f3n<\/td>\n<td width=\"122\">30<\/td>\n<\/tr>\n<\/tbody>\n<\/table>\n<p>Si en los dos per\u00edodos impositivos inmediatos anteriores se hubieran realizado donativos, donaciones o aportaciones con derecho a deducci\u00f3n en favor de una misma entidad por importe igual o superior, en cada uno de ellos, al del ejercicio anterior, el porcentaje de deducci\u00f3n aplicable a la base de la deducci\u00f3n en favor de esa misma entidad que exceda de 150 euros, ser\u00e1 el 35 por ciento.<\/p>\n<p>Respecto al <strong>Impuesto sobre Sociedades<\/strong>, los sujetos pasivos del Impuesto sobre Sociedades tendr\u00e1n derecho a deducir de la cuota \u00edntegra, minorada en las deducciones y bonificaciones previstas en la legislaci\u00f3n del Impuesto sobre Sociedades, el 35 por 100 de la base de la deducci\u00f3n determinada seg\u00fan lo dispuesto en el art\u00edculo 18 de la propia Ley. Si en los dos per\u00edodos impositivos inmediatos anteriores se hubieran realizado donativos, donaciones o aportaciones con derecho a deducci\u00f3n en favor de una misma entidad por importe igual o superior, en cada uno de ellos, al del per\u00edodo impositivo anterior, el porcentaje de deducci\u00f3n aplicable a la base de la deducci\u00f3n en favor de esa misma entidad ser\u00e1 el 40 por ciento.<\/p>\n<h3>CONVENIOS DE COLABORACI\u00d3N<\/h3>\n<p>En el caso de los convenios de colaboraci\u00f3n empresarial, las cantidades satisfechas o los gastos realizados tendr\u00e1n la consideraci\u00f3n de gastos deducibles para determinar la base imponible del Impuesto sobre Sociedades de la entidad colaboradora o del Impuesto sobre la Renta de no Residentes de los contribuyentes que operen en territorio espa\u00f1ol mediante establecimiento permanente, o el rendimiento neto de la actividad econ\u00f3mica de los contribuyentes acogidos al r\u00e9gimen de estimaci\u00f3n directa del Impuesto sobre la Renta de las Personas F\u00edsicas. El r\u00e9gimen fiscal aplicable a las cantidades satisfechas en cumplimiento de estos convenios ser\u00e1 incompatible con los dem\u00e1s beneficios fiscales previstos en la Ley.<\/p>\n<p>El art\u00edculo 25 de la Ley 49\/2002 precisa que \u201cla difusi\u00f3n de la participaci\u00f3n del colaborador en el marco de los convenios de colaboraci\u00f3n definidos en este art\u00edculo no constituye una prestaci\u00f3n de servicios\u201d[\/vc_column_text][\/vc_column_inner][\/vc_row_inner][\/vc_tta_section][\/vc_tta_tabs][\/vc_column][\/vc_row]<\/p>\n","protected":false},"excerpt":{"rendered":"<p>[vc_row full_width=\u00bbstretch_row\u00bb content_placement=\u00bbmiddle\u00bb css=\u00bb.vc_custom_1496914415222{padding-top: 30px !important;padding-bottom: 30px !important;background-image: url(https:\/\/www.ull.es\/portal\/colabora\/wp-content\/uploads\/sites\/23\/2017\/04\/cabecera-generica-1600&#215;167.jpg?id=229) !important;background-position: center !important;background-repeat: no-repeat !important;background-size: cover !important;}\u00bb][vc_column css=\u00bb.vc_custom_1494515651121{padding-top: 0px !important;}\u00bb][vc_custom_heading text=\u00bbPROGRAMA DE COLABORACI\u00d3N\u00bb font_container=\u00bbtag:h4|text_align:left|color:%23ffffff\u00bb use_theme_fonts=\u00bbyes\u00bb css=\u00bb.vc_custom_1509711600089{margin-top: 0px !important;margin-bottom: 0px !important;}\u00bb][vc_separator color=\u00bbwhite\u00bb align=\u00bbalign_left\u00bb el_width=\u00bb10&#8243; css=\u00bb.vc_custom_1494516178033{margin-top: 0px !important;margin-bottom: 8px !important;}\u00bb][vc_custom_heading text=\u00bbPOR QU\u00c9 COLABORAR\u00bb font_container=\u00bbtag:h2|text_align:left|color:%23ffffff\u00bb use_theme_fonts=\u00bbyes\u00bb css=\u00bb.vc_custom_1496914405415{margin-bottom: 0px !important;}\u00bb][\/vc_column][\/vc_row][vc_row][vc_column width=\u00bb3\/4&#8243;][vc_custom_heading text=\u00bbRazones de inter\u00e9s para la empresa o instituci\u00f3n\u00bb use_theme_fonts=\u00bbyes\u00bb][vc_column_text]&#8230;<\/p>\n","protected":false},"author":1,"featured_media":0,"parent":0,"menu_order":0,"comment_status":"closed","ping_status":"closed","template":"templates\/template-no-title.php","meta":{"inline_featured_image":false,"footnotes":""},"acf":[],"yoast_head":"<!-- This site is optimized with the Yoast SEO plugin v21.3 - https:\/\/yoast.com\/wordpress\/plugins\/seo\/ -->\n<title>Por qu\u00e9 colaborar - Programa de Colaboraci\u00f3n<\/title>\n<meta name=\"robots\" content=\"index, follow, max-snippet:-1, max-image-preview:large, max-video-preview:-1\" \/>\n<link rel=\"canonical\" href=\"https:\/\/www.ull.es\/portal\/colabora\/por-que-colaborar\/\" \/>\n<meta property=\"og:locale\" content=\"es_ES\" \/>\n<meta property=\"og:type\" content=\"article\" \/>\n<meta property=\"og:title\" content=\"Por qu\u00e9 colaborar - Programa de Colaboraci\u00f3n\" \/>\n<meta property=\"og:description\" content=\"[vc_row full_width=\u00bbstretch_row\u00bb content_placement=\u00bbmiddle\u00bb css=\u00bb.vc_custom_1496914415222{padding-top: 30px !important;padding-bottom: 30px !important;background-image: url(https:\/\/www.ull.es\/portal\/colabora\/wp-content\/uploads\/sites\/23\/2017\/04\/cabecera-generica-1600&#215;167.jpg?id=229) !important;background-position: center !important;background-repeat: no-repeat !important;background-size: cover !important;}\u00bb][vc_column css=\u00bb.vc_custom_1494515651121{padding-top: 0px !important;}\u00bb][vc_custom_heading text=\u00bbPROGRAMA DE COLABORACI\u00d3N\u00bb font_container=\u00bbtag:h4|text_align:left|color:%23ffffff\u00bb use_theme_fonts=\u00bbyes\u00bb css=\u00bb.vc_custom_1509711600089{margin-top: 0px !important;margin-bottom: 0px !important;}\u00bb][vc_separator color=\u00bbwhite\u00bb align=\u00bbalign_left\u00bb el_width=\u00bb10&#8243; css=\u00bb.vc_custom_1494516178033{margin-top: 0px !important;margin-bottom: 8px !important;}\u00bb][vc_custom_heading text=\u00bbPOR QU\u00c9 COLABORAR\u00bb font_container=\u00bbtag:h2|text_align:left|color:%23ffffff\u00bb use_theme_fonts=\u00bbyes\u00bb css=\u00bb.vc_custom_1496914405415{margin-bottom: 0px !important;}\u00bb][\/vc_column][\/vc_row][vc_row][vc_column width=\u00bb3\/4&#8243;][vc_custom_heading text=\u00bbRazones de inter\u00e9s para la empresa o instituci\u00f3n\u00bb use_theme_fonts=\u00bbyes\u00bb][vc_column_text]...\" \/>\n<meta property=\"og:url\" content=\"https:\/\/www.ull.es\/portal\/colabora\/por-que-colaborar\/\" \/>\n<meta property=\"og:site_name\" content=\"Programa de Colaboraci\u00f3n\" \/>\n<meta property=\"article:modified_time\" content=\"2023-02-13T13:15:00+00:00\" \/>\n<meta name=\"twitter:card\" content=\"summary_large_image\" \/>\n<meta name=\"twitter:label1\" content=\"Tiempo de lectura\" \/>\n\t<meta name=\"twitter:data1\" content=\"7 minutos\" \/>\n<script type=\"application\/ld+json\" class=\"yoast-schema-graph\">{\"@context\":\"https:\/\/schema.org\",\"@graph\":[{\"@type\":\"WebPage\",\"@id\":\"https:\/\/www.ull.es\/portal\/colabora\/por-que-colaborar\/\",\"url\":\"https:\/\/www.ull.es\/portal\/colabora\/por-que-colaborar\/\",\"name\":\"Por qu\u00e9 colaborar - Programa de Colaboraci\u00f3n\",\"isPartOf\":{\"@id\":\"https:\/\/www.ull.es\/portal\/colabora\/#website\"},\"datePublished\":\"2017-04-26T11:36:21+00:00\",\"dateModified\":\"2023-02-13T13:15:00+00:00\",\"breadcrumb\":{\"@id\":\"https:\/\/www.ull.es\/portal\/colabora\/por-que-colaborar\/#breadcrumb\"},\"inLanguage\":\"es\",\"potentialAction\":[{\"@type\":\"ReadAction\",\"target\":[\"https:\/\/www.ull.es\/portal\/colabora\/por-que-colaborar\/\"]}]},{\"@type\":\"BreadcrumbList\",\"@id\":\"https:\/\/www.ull.es\/portal\/colabora\/por-que-colaborar\/#breadcrumb\",\"itemListElement\":[{\"@type\":\"ListItem\",\"position\":1,\"name\":\"Portada\",\"item\":\"https:\/\/www.ull.es\/portal\/colabora\/\"},{\"@type\":\"ListItem\",\"position\":2,\"name\":\"Por qu\u00e9 colaborar\"}]},{\"@type\":\"WebSite\",\"@id\":\"https:\/\/www.ull.es\/portal\/colabora\/#website\",\"url\":\"https:\/\/www.ull.es\/portal\/colabora\/\",\"name\":\"Programa de Colaboraci\u00f3n\",\"description\":\"\",\"potentialAction\":[{\"@type\":\"SearchAction\",\"target\":{\"@type\":\"EntryPoint\",\"urlTemplate\":\"https:\/\/www.ull.es\/portal\/colabora\/?s={search_term_string}\"},\"query-input\":\"required name=search_term_string\"}],\"inLanguage\":\"es\"}]}<\/script>\n<!-- \/ Yoast SEO plugin. -->","yoast_head_json":{"title":"Por qu\u00e9 colaborar - Programa de Colaboraci\u00f3n","robots":{"index":"index","follow":"follow","max-snippet":"max-snippet:-1","max-image-preview":"max-image-preview:large","max-video-preview":"max-video-preview:-1"},"canonical":"https:\/\/www.ull.es\/portal\/colabora\/por-que-colaborar\/","og_locale":"es_ES","og_type":"article","og_title":"Por qu\u00e9 colaborar - Programa de Colaboraci\u00f3n","og_description":"[vc_row full_width=\u00bbstretch_row\u00bb content_placement=\u00bbmiddle\u00bb css=\u00bb.vc_custom_1496914415222{padding-top: 30px !important;padding-bottom: 30px !important;background-image: url(https:\/\/www.ull.es\/portal\/colabora\/wp-content\/uploads\/sites\/23\/2017\/04\/cabecera-generica-1600&#215;167.jpg?id=229) !important;background-position: center !important;background-repeat: no-repeat !important;background-size: cover !important;}\u00bb][vc_column css=\u00bb.vc_custom_1494515651121{padding-top: 0px !important;}\u00bb][vc_custom_heading text=\u00bbPROGRAMA DE COLABORACI\u00d3N\u00bb font_container=\u00bbtag:h4|text_align:left|color:%23ffffff\u00bb use_theme_fonts=\u00bbyes\u00bb css=\u00bb.vc_custom_1509711600089{margin-top: 0px !important;margin-bottom: 0px !important;}\u00bb][vc_separator color=\u00bbwhite\u00bb align=\u00bbalign_left\u00bb el_width=\u00bb10&#8243; css=\u00bb.vc_custom_1494516178033{margin-top: 0px !important;margin-bottom: 8px !important;}\u00bb][vc_custom_heading text=\u00bbPOR QU\u00c9 COLABORAR\u00bb font_container=\u00bbtag:h2|text_align:left|color:%23ffffff\u00bb use_theme_fonts=\u00bbyes\u00bb css=\u00bb.vc_custom_1496914405415{margin-bottom: 0px !important;}\u00bb][\/vc_column][\/vc_row][vc_row][vc_column width=\u00bb3\/4&#8243;][vc_custom_heading text=\u00bbRazones de inter\u00e9s para la empresa o instituci\u00f3n\u00bb use_theme_fonts=\u00bbyes\u00bb][vc_column_text]...","og_url":"https:\/\/www.ull.es\/portal\/colabora\/por-que-colaborar\/","og_site_name":"Programa de Colaboraci\u00f3n","article_modified_time":"2023-02-13T13:15:00+00:00","twitter_card":"summary_large_image","twitter_misc":{"Tiempo de lectura":"7 minutos"},"schema":{"@context":"https:\/\/schema.org","@graph":[{"@type":"WebPage","@id":"https:\/\/www.ull.es\/portal\/colabora\/por-que-colaborar\/","url":"https:\/\/www.ull.es\/portal\/colabora\/por-que-colaborar\/","name":"Por qu\u00e9 colaborar - Programa de Colaboraci\u00f3n","isPartOf":{"@id":"https:\/\/www.ull.es\/portal\/colabora\/#website"},"datePublished":"2017-04-26T11:36:21+00:00","dateModified":"2023-02-13T13:15:00+00:00","breadcrumb":{"@id":"https:\/\/www.ull.es\/portal\/colabora\/por-que-colaborar\/#breadcrumb"},"inLanguage":"es","potentialAction":[{"@type":"ReadAction","target":["https:\/\/www.ull.es\/portal\/colabora\/por-que-colaborar\/"]}]},{"@type":"BreadcrumbList","@id":"https:\/\/www.ull.es\/portal\/colabora\/por-que-colaborar\/#breadcrumb","itemListElement":[{"@type":"ListItem","position":1,"name":"Portada","item":"https:\/\/www.ull.es\/portal\/colabora\/"},{"@type":"ListItem","position":2,"name":"Por qu\u00e9 colaborar"}]},{"@type":"WebSite","@id":"https:\/\/www.ull.es\/portal\/colabora\/#website","url":"https:\/\/www.ull.es\/portal\/colabora\/","name":"Programa de Colaboraci\u00f3n","description":"","potentialAction":[{"@type":"SearchAction","target":{"@type":"EntryPoint","urlTemplate":"https:\/\/www.ull.es\/portal\/colabora\/?s={search_term_string}"},"query-input":"required name=search_term_string"}],"inLanguage":"es"}]}},"_links":{"self":[{"href":"https:\/\/www.ull.es\/portal\/colabora\/wp-json\/wp\/v2\/pages\/361"}],"collection":[{"href":"https:\/\/www.ull.es\/portal\/colabora\/wp-json\/wp\/v2\/pages"}],"about":[{"href":"https:\/\/www.ull.es\/portal\/colabora\/wp-json\/wp\/v2\/types\/page"}],"author":[{"embeddable":true,"href":"https:\/\/www.ull.es\/portal\/colabora\/wp-json\/wp\/v2\/users\/1"}],"replies":[{"embeddable":true,"href":"https:\/\/www.ull.es\/portal\/colabora\/wp-json\/wp\/v2\/comments?post=361"}],"version-history":[{"count":2,"href":"https:\/\/www.ull.es\/portal\/colabora\/wp-json\/wp\/v2\/pages\/361\/revisions"}],"predecessor-version":[{"id":500,"href":"https:\/\/www.ull.es\/portal\/colabora\/wp-json\/wp\/v2\/pages\/361\/revisions\/500"}],"wp:attachment":[{"href":"https:\/\/www.ull.es\/portal\/colabora\/wp-json\/wp\/v2\/media?parent=361"}],"curies":[{"name":"wp","href":"https:\/\/api.w.org\/{rel}","templated":true}]}}