{"id":132,"date":"2022-11-30T15:51:18","date_gmt":"2022-11-30T15:51:18","guid":{"rendered":"https:\/\/www.ull.es\/portal\/consejo-social\/?page_id=132"},"modified":"2024-01-31T14:32:14","modified_gmt":"2024-01-31T14:32:14","slug":"comision-de-permanencia","status":"publish","type":"page","link":"https:\/\/www.ull.es\/portal\/consejo-social\/comision-de-permanencia\/","title":{"rendered":"Comisi\u00f3n de Permanencia"},"content":{"rendered":"\t\t<div data-elementor-type=\"wp-page\" data-elementor-id=\"132\" class=\"elementor elementor-132\">\n\t\t\t\t\t\t\t\t\t<section class=\"elementor-section elementor-top-section elementor-element elementor-element-a2209f5 elementor-section-boxed elementor-section-height-default elementor-section-height-default\" data-id=\"a2209f5\" data-element_type=\"section\">\n\t\t\t\t\t\t<div class=\"elementor-container elementor-column-gap-default\">\n\t\t\t\t\t<div class=\"elementor-column elementor-col-100 elementor-top-column elementor-element elementor-element-e2a147e\" data-id=\"e2a147e\" data-element_type=\"column\">\n\t\t\t<div class=\"elementor-widget-wrap elementor-element-populated\">\n\t\t\t\t\t\t\t\t<div class=\"elementor-element elementor-element-9f04dbb elementor-widget elementor-widget-heading\" data-id=\"9f04dbb\" data-element_type=\"widget\" data-widget_type=\"heading.default\">\n\t\t\t\t<div class=\"elementor-widget-container\">\n\t\t\t<style>\/*! elementor - v3.9.2 - 21-12-2022 *\/\n.elementor-heading-title{padding:0;margin:0;line-height:1}.elementor-widget-heading .elementor-heading-title[class*=elementor-size-]>a{color:inherit;font-size:inherit;line-height:inherit}.elementor-widget-heading .elementor-heading-title.elementor-size-small{font-size:15px}.elementor-widget-heading .elementor-heading-title.elementor-size-medium{font-size:19px}.elementor-widget-heading .elementor-heading-title.elementor-size-large{font-size:29px}.elementor-widget-heading .elementor-heading-title.elementor-size-xl{font-size:39px}.elementor-widget-heading .elementor-heading-title.elementor-size-xxl{font-size:59px}<\/style><h1 class=\"elementor-heading-title elementor-size-default\">Comisi\u00f3n de Permanencia <\/h1>\t\t<\/div>\n\t\t\t\t<\/div>\n\t\t\t\t<div class=\"elementor-element elementor-element-ce37ad6 elementor-widget-divider--view-line elementor-widget elementor-widget-divider\" data-id=\"ce37ad6\" data-element_type=\"widget\" data-widget_type=\"divider.default\">\n\t\t\t\t<div class=\"elementor-widget-container\">\n\t\t\t<style>\/*! elementor - v3.9.2 - 21-12-2022 *\/\n.elementor-widget-divider{--divider-border-style:none;--divider-border-width:1px;--divider-color:#2c2c2c;--divider-icon-size:20px;--divider-element-spacing:10px;--divider-pattern-height:24px;--divider-pattern-size:20px;--divider-pattern-url:none;--divider-pattern-repeat:repeat-x}.elementor-widget-divider .elementor-divider{display:flex}.elementor-widget-divider .elementor-divider__text{font-size:15px;line-height:1;max-width:95%}.elementor-widget-divider .elementor-divider__element{margin:0 var(--divider-element-spacing);flex-shrink:0}.elementor-widget-divider .elementor-icon{font-size:var(--divider-icon-size)}.elementor-widget-divider .elementor-divider-separator{display:flex;margin:0;direction:ltr}.elementor-widget-divider--view-line_icon .elementor-divider-separator,.elementor-widget-divider--view-line_text .elementor-divider-separator{align-items:center}.elementor-widget-divider--view-line_icon .elementor-divider-separator:after,.elementor-widget-divider--view-line_icon .elementor-divider-separator:before,.elementor-widget-divider--view-line_text .elementor-divider-separator:after,.elementor-widget-divider--view-line_text .elementor-divider-separator:before{display:block;content:\"\";border-bottom:0;flex-grow:1;border-top:var(--divider-border-width) var(--divider-border-style) var(--divider-color)}.elementor-widget-divider--element-align-left .elementor-divider .elementor-divider-separator>.elementor-divider__svg:first-of-type{flex-grow:0;flex-shrink:100}.elementor-widget-divider--element-align-left .elementor-divider-separator:before{content:none}.elementor-widget-divider--element-align-left .elementor-divider__element{margin-left:0}.elementor-widget-divider--element-align-right .elementor-divider .elementor-divider-separator>.elementor-divider__svg:last-of-type{flex-grow:0;flex-shrink:100}.elementor-widget-divider--element-align-right .elementor-divider-separator:after{content:none}.elementor-widget-divider--element-align-right .elementor-divider__element{margin-right:0}.elementor-widget-divider:not(.elementor-widget-divider--view-line_text):not(.elementor-widget-divider--view-line_icon) .elementor-divider-separator{border-top:var(--divider-border-width) var(--divider-border-style) var(--divider-color)}.elementor-widget-divider--separator-type-pattern{--divider-border-style:none}.elementor-widget-divider--separator-type-pattern.elementor-widget-divider--view-line .elementor-divider-separator,.elementor-widget-divider--separator-type-pattern:not(.elementor-widget-divider--view-line) .elementor-divider-separator:after,.elementor-widget-divider--separator-type-pattern:not(.elementor-widget-divider--view-line) .elementor-divider-separator:before,.elementor-widget-divider--separator-type-pattern:not([class*=elementor-widget-divider--view]) .elementor-divider-separator{width:100%;min-height:var(--divider-pattern-height);-webkit-mask-size:var(--divider-pattern-size) 100%;mask-size:var(--divider-pattern-size) 100%;-webkit-mask-repeat:var(--divider-pattern-repeat);mask-repeat:var(--divider-pattern-repeat);background-color:var(--divider-color);-webkit-mask-image:var(--divider-pattern-url);mask-image:var(--divider-pattern-url)}.elementor-widget-divider--no-spacing{--divider-pattern-size:auto}.elementor-widget-divider--bg-round{--divider-pattern-repeat:round}.rtl .elementor-widget-divider .elementor-divider__text{direction:rtl}.e-con-inner>.elementor-widget-divider,.e-con>.elementor-widget-divider{width:var(--container-widget-width);--flex-grow:var(--container-widget-flex-grow)}<\/style>\t\t<div class=\"elementor-divider\">\n\t\t\t<span class=\"elementor-divider-separator\">\n\t\t\t\t\t\t<\/span>\n\t\t<\/div>\n\t\t\t\t<\/div>\n\t\t\t\t<\/div>\n\t\t\t\t\t<\/div>\n\t\t<\/div>\n\t\t\t\t\t\t\t<\/div>\n\t\t<\/section>\n\t\t\t\t<section class=\"elementor-section elementor-top-section elementor-element elementor-element-8b70231 elementor-section-boxed elementor-section-height-default elementor-section-height-default\" data-id=\"8b70231\" data-element_type=\"section\">\n\t\t\t\t\t\t<div class=\"elementor-container elementor-column-gap-default\">\n\t\t\t\t\t<div class=\"elementor-column elementor-col-100 elementor-top-column elementor-element elementor-element-0a04259\" data-id=\"0a04259\" data-element_type=\"column\">\n\t\t\t<div class=\"elementor-widget-wrap elementor-element-populated\">\n\t\t\t\t\t\t\t\t<div class=\"elementor-element elementor-element-36a33b6 elementor-widget elementor-widget-accordion\" data-id=\"36a33b6\" data-element_type=\"widget\" data-widget_type=\"accordion.default\">\n\t\t\t\t<div class=\"elementor-widget-container\">\n\t\t\t<style>\/*! elementor - v3.9.2 - 21-12-2022 *\/\n.elementor-accordion{text-align:left}.elementor-accordion .elementor-accordion-item{border:1px solid #d4d4d4}.elementor-accordion .elementor-accordion-item+.elementor-accordion-item{border-top:none}.elementor-accordion .elementor-tab-title{margin:0;padding:15px 20px;font-weight:700;line-height:1;cursor:pointer;outline:none}.elementor-accordion .elementor-tab-title .elementor-accordion-icon{display:inline-block;width:1.5em}.elementor-accordion .elementor-tab-title .elementor-accordion-icon svg{width:1em;height:1em}.elementor-accordion .elementor-tab-title .elementor-accordion-icon.elementor-accordion-icon-right{float:right;text-align:right}.elementor-accordion .elementor-tab-title .elementor-accordion-icon.elementor-accordion-icon-left{float:left;text-align:left}.elementor-accordion .elementor-tab-title .elementor-accordion-icon .elementor-accordion-icon-closed{display:block}.elementor-accordion .elementor-tab-title .elementor-accordion-icon .elementor-accordion-icon-opened,.elementor-accordion .elementor-tab-title.elementor-active .elementor-accordion-icon-closed{display:none}.elementor-accordion .elementor-tab-title.elementor-active .elementor-accordion-icon-opened{display:block}.elementor-accordion .elementor-tab-content{display:none;padding:15px 20px;border-top:1px solid #d4d4d4}@media (max-width:767px){.elementor-accordion .elementor-tab-title{padding:12px 15px}.elementor-accordion .elementor-tab-title .elementor-accordion-icon{width:1.2em}.elementor-accordion .elementor-tab-content{padding:7px 15px}}.e-con-inner>.elementor-widget-accordion,.e-con>.elementor-widget-accordion{width:var(--container-widget-width);--flex-grow:var(--container-widget-flex-grow)}<\/style>\t\t<div class=\"elementor-accordion\" role=\"tablist\">\n\t\t\t\t\t\t\t<div class=\"elementor-accordion-item\">\n\t\t\t\t\t<div id=\"elementor-tab-title-5721\" class=\"elementor-tab-title\" data-tab=\"1\" role=\"tab\" aria-controls=\"elementor-tab-content-5721\" aria-expanded=\"false\">\n\t\t\t\t\t\t\t\t\t\t\t\t\t<span class=\"elementor-accordion-icon elementor-accordion-icon-left\" aria-hidden=\"true\">\n\t\t\t\t\t\t\t\t\t\t\t\t\t\t\t<span class=\"elementor-accordion-icon-closed\"><i class=\"fas fa-plus\"><\/i><\/span>\n\t\t\t\t\t\t\t\t<span class=\"elementor-accordion-icon-opened\"><i class=\"fas fa-minus\"><\/i><\/span>\n\t\t\t\t\t\t\t\t\t\t\t\t\t\t<\/span>\n\t\t\t\t\t\t\t\t\t\t\t\t<a class=\"elementor-accordion-title\" href=\"\" target=\"_blank\" rel=\"noopener\">2023<\/a>\n\t\t\t\t\t<\/div>\n\t\t\t\t\t<div id=\"elementor-tab-content-5721\" class=\"elementor-tab-content elementor-clearfix\" data-tab=\"1\" role=\"tabpanel\" aria-labelledby=\"elementor-tab-title-5721\"><ul><li><a href=\"https:\/\/drive.google.com\/file\/d\/1YLh9aTpwbxpqque82Bwiocn66_VTd3gV\/view?usp=drive_link\" target=\"_blank\" rel=\"noopener\">Sesi\u00f3n del 8 de junio de 2023<\/a><\/li><\/ul><\/div>\n\t\t\t\t<\/div>\n\t\t\t\t\t\t\t<div class=\"elementor-accordion-item\">\n\t\t\t\t\t<div id=\"elementor-tab-title-5722\" class=\"elementor-tab-title\" data-tab=\"2\" role=\"tab\" aria-controls=\"elementor-tab-content-5722\" aria-expanded=\"false\">\n\t\t\t\t\t\t\t\t\t\t\t\t\t<span class=\"elementor-accordion-icon elementor-accordion-icon-left\" aria-hidden=\"true\">\n\t\t\t\t\t\t\t\t\t\t\t\t\t\t\t<span class=\"elementor-accordion-icon-closed\"><i class=\"fas fa-plus\"><\/i><\/span>\n\t\t\t\t\t\t\t\t<span class=\"elementor-accordion-icon-opened\"><i class=\"fas fa-minus\"><\/i><\/span>\n\t\t\t\t\t\t\t\t\t\t\t\t\t\t<\/span>\n\t\t\t\t\t\t\t\t\t\t\t\t<a class=\"elementor-accordion-title\" href=\"\" target=\"_blank\" rel=\"noopener\">2022<\/a>\n\t\t\t\t\t<\/div>\n\t\t\t\t\t<div id=\"elementor-tab-content-5722\" class=\"elementor-tab-content elementor-clearfix\" data-tab=\"2\" role=\"tabpanel\" aria-labelledby=\"elementor-tab-title-5722\"><ul><li><a href=\"https:\/\/drive.google.com\/file\/d\/1mcfFZHgN9nPOyTZq8cH3o4VM3N9kY6ya\/view?usp=share_link\" target=\"_blank\" rel=\"noopener\" target=\"_blank\" rel=\"noopener\">Sesi\u00f3n 9 de febrero<\/a><\/li><li><a href=\"https:\/\/drive.google.com\/file\/d\/1y9uL4L9-Csh-L_V_wU5SrzhfkCVi85pz\/view?usp=share_link\" target=\"_blank\" rel=\"noopener\" target=\"_blank\" rel=\"noopener\">Sesi\u00f3n 4 de octubre<\/a><\/li><li><a href=\"https:\/\/drive.google.com\/file\/d\/1l7g_iQQRpmopqipqfLjYi04O5Ml7HGGf\/view?usp=share_link\" target=\"_blank\" rel=\"noopener\" target=\"_blank\" rel=\"noopener\">Sesi\u00f3n 18 de octubre<\/a><\/li><li><a href=\"https:\/\/drive.google.com\/file\/d\/1mQShIJxrSV48Am3kX6O-wI1eK9nPMObg\/view?usp=share_link\" target=\"_blank\" rel=\"noopener\" target=\"_blank\" rel=\"noopener\">Sesi\u00f3n 22 de noviembre<\/a><\/li><\/ul><\/div>\n\t\t\t\t<\/div>\n\t\t\t\t\t\t\t<div class=\"elementor-accordion-item\">\n\t\t\t\t\t<div id=\"elementor-tab-title-5723\" class=\"elementor-tab-title\" data-tab=\"3\" role=\"tab\" aria-controls=\"elementor-tab-content-5723\" aria-expanded=\"false\">\n\t\t\t\t\t\t\t\t\t\t\t\t\t<span class=\"elementor-accordion-icon elementor-accordion-icon-left\" aria-hidden=\"true\">\n\t\t\t\t\t\t\t\t\t\t\t\t\t\t\t<span class=\"elementor-accordion-icon-closed\"><i class=\"fas fa-plus\"><\/i><\/span>\n\t\t\t\t\t\t\t\t<span class=\"elementor-accordion-icon-opened\"><i class=\"fas fa-minus\"><\/i><\/span>\n\t\t\t\t\t\t\t\t\t\t\t\t\t\t<\/span>\n\t\t\t\t\t\t\t\t\t\t\t\t<a class=\"elementor-accordion-title\" href=\"\" target=\"_blank\" rel=\"noopener\">2021<\/a>\n\t\t\t\t\t<\/div>\n\t\t\t\t\t<div id=\"elementor-tab-content-5723\" class=\"elementor-tab-content elementor-clearfix\" data-tab=\"3\" role=\"tabpanel\" aria-labelledby=\"elementor-tab-title-5723\"><ul><li style=\"font-weight: 400;\"><a href=\"https:\/\/drive.google.com\/file\/d\/13_62VnNICAbVrTkgnL7HUKhcvzHrsE0j\/view?usp=share_link\" target=\"_blank\" rel=\"noopener\" target=\"_blank\" rel=\"noopener\">Sesi\u00f3n 4 de marzo<\/a><\/li><li style=\"font-weight: 400;\"><a href=\"https:\/\/drive.google.com\/file\/d\/16b3266Ejjg8xwUXG7d8oZH4eakMuoQXX\/view?usp=share_link\" target=\"_blank\" rel=\"noopener\" target=\"_blank\" rel=\"noopener\">Sesi\u00f3n 17 de junio<\/a><\/li><li style=\"font-weight: 400;\"><a href=\"https:\/\/drive.google.com\/file\/d\/1EMLsSLh_iVQ55Jn3SmYFbtxkJNRRXDcS\/view?usp=share_link\" target=\"_blank\" rel=\"noopener\" target=\"_blank\" rel=\"noopener\">Sesi\u00f3n 2 de noviembre<\/a><\/li><li style=\"font-weight: 400;\"><a href=\"https:\/\/drive.google.com\/file\/d\/1eCnRXZ0hqYbEwOPU59Bqn7zgqY3CGs71\/view?usp=share_link\" target=\"_blank\" rel=\"noopener\" target=\"_blank\" rel=\"noopener\">Sesi\u00f3n 22 de diciembre<\/a><\/li><\/ul><\/div>\n\t\t\t\t<\/div>\n\t\t\t\t\t\t\t<div class=\"elementor-accordion-item\">\n\t\t\t\t\t<div id=\"elementor-tab-title-5724\" class=\"elementor-tab-title\" data-tab=\"4\" role=\"tab\" aria-controls=\"elementor-tab-content-5724\" aria-expanded=\"false\">\n\t\t\t\t\t\t\t\t\t\t\t\t\t<span class=\"elementor-accordion-icon elementor-accordion-icon-left\" aria-hidden=\"true\">\n\t\t\t\t\t\t\t\t\t\t\t\t\t\t\t<span class=\"elementor-accordion-icon-closed\"><i class=\"fas fa-plus\"><\/i><\/span>\n\t\t\t\t\t\t\t\t<span class=\"elementor-accordion-icon-opened\"><i class=\"fas fa-minus\"><\/i><\/span>\n\t\t\t\t\t\t\t\t\t\t\t\t\t\t<\/span>\n\t\t\t\t\t\t\t\t\t\t\t\t<a class=\"elementor-accordion-title\" href=\"\" target=\"_blank\" rel=\"noopener\">2020<\/a>\n\t\t\t\t\t<\/div>\n\t\t\t\t\t<div id=\"elementor-tab-content-5724\" class=\"elementor-tab-content elementor-clearfix\" data-tab=\"4\" role=\"tabpanel\" aria-labelledby=\"elementor-tab-title-5724\"><\/div>\n\t\t\t\t<\/div>\n\t\t\t\t\t\t\t<div class=\"elementor-accordion-item\">\n\t\t\t\t\t<div id=\"elementor-tab-title-5725\" class=\"elementor-tab-title\" data-tab=\"5\" role=\"tab\" aria-controls=\"elementor-tab-content-5725\" aria-expanded=\"false\">\n\t\t\t\t\t\t\t\t\t\t\t\t\t<span class=\"elementor-accordion-icon elementor-accordion-icon-left\" aria-hidden=\"true\">\n\t\t\t\t\t\t\t\t\t\t\t\t\t\t\t<span class=\"elementor-accordion-icon-closed\"><i class=\"fas fa-plus\"><\/i><\/span>\n\t\t\t\t\t\t\t\t<span class=\"elementor-accordion-icon-opened\"><i class=\"fas fa-minus\"><\/i><\/span>\n\t\t\t\t\t\t\t\t\t\t\t\t\t\t<\/span>\n\t\t\t\t\t\t\t\t\t\t\t\t<a class=\"elementor-accordion-title\" href=\"\" target=\"_blank\" rel=\"noopener\">2019<\/a>\n\t\t\t\t\t<\/div>\n\t\t\t\t\t<div id=\"elementor-tab-content-5725\" class=\"elementor-tab-content elementor-clearfix\" data-tab=\"5\" role=\"tabpanel\" aria-labelledby=\"elementor-tab-title-5725\"><ul><li><a href=\"https:\/\/drive.google.com\/file\/d\/1nOKgVhmEtnn3Ty-Z53n06QFJyHhMvWhl\/view?usp=share_link\" target=\"_blank\" rel=\"noopener\" target=\"_blank\" rel=\"noopener\">Sesi\u00f3n 15 de enero<\/a><\/li><li><a href=\"https:\/\/drive.google.com\/file\/d\/11jRQjgXz8Mm2frC7zWEXw5MbLtmbtMOp\/view?usp=share_link\" target=\"_blank\" rel=\"noopener\" target=\"_blank\" rel=\"noopener\">Sesi\u00f3n 21 de febrero<\/a><\/li><li><a href=\"https:\/\/drive.google.com\/file\/d\/1eZ5S5KBfcCVKBA4GSTbizp6eDss2qDh8\/view?usp=share_link\" target=\"_blank\" rel=\"noopener\" target=\"_blank\" rel=\"noopener\">Sesi\u00f3n 12 de marzo<\/a><\/li><li><a href=\"https:\/\/drive.google.com\/file\/d\/1_r7ZaASKsHPFFp-7P08FTZqS0kCFbX0U\/view?usp=share_link\" target=\"_blank\" rel=\"noopener\" target=\"_blank\" rel=\"noopener\">Sesi\u00f3n 9 de octubre<\/a><\/li><li><a href=\"https:\/\/drive.google.com\/file\/d\/1OWv2odlPp2rTm057B-p634OKdgOy3OZ7\/view?usp=share_link\" target=\"_blank\" rel=\"noopener\" target=\"_blank\" rel=\"noopener\">Sesi\u00f3n 4 de noviembre<\/a><\/li><li><a href=\"https:\/\/drive.google.com\/file\/d\/1wT61cbZOrkzbn4eRqqI1kn1bcuV80y29\/view?usp=share_link\" target=\"_blank\" rel=\"noopener\" target=\"_blank\" rel=\"noopener\">Sesi\u00f3n 13 de diciembre<\/a><\/li><\/ul><\/div>\n\t\t\t\t<\/div>\n\t\t\t\t\t\t\t\t<\/div>\n\t\t\t\t<\/div>\n\t\t\t\t<\/div>\n\t\t\t\t\t<\/div>\n\t\t<\/div>\n\t\t\t\t\t\t\t<\/div>\n\t\t<\/section>\n\t\t\t\t\t\t\t<\/div>\n\t\t","protected":false},"excerpt":{"rendered":"<p>Comisi\u00f3n de Permanencia 2023 Sesi\u00f3n del 8 de junio de 2023 2022 Sesi\u00f3n 9 de febrero Sesi\u00f3n 4 de octubre Sesi\u00f3n 18 de octubre Sesi\u00f3n 22 de noviembre 2021 Sesi\u00f3n 4 de marzo Sesi\u00f3n 17 de junio Sesi\u00f3n 2 de noviembre Sesi\u00f3n 22 de diciembre 2020 2019 Sesi\u00f3n 15 de enero Sesi\u00f3n 21 de febrero&#8230;<\/p>\n","protected":false},"author":93,"featured_media":0,"parent":0,"menu_order":0,"comment_status":"closed","ping_status":"closed","template":"","meta":{"inline_featured_image":false,"footnotes":""},"acf":[],"yoast_head":"<!-- This site is optimized with the Yoast SEO plugin v21.3 - https:\/\/yoast.com\/wordpress\/plugins\/seo\/ -->\n<title>Comisi\u00f3n de Permanencia - Consejo Social<\/title>\n<meta name=\"robots\" content=\"index, follow, max-snippet:-1, max-image-preview:large, max-video-preview:-1\" \/>\n<link rel=\"canonical\" href=\"https:\/\/www.ull.es\/portal\/consejo-social\/comision-de-permanencia\/\" \/>\n<meta property=\"og:locale\" content=\"es_ES\" \/>\n<meta property=\"og:type\" content=\"article\" \/>\n<meta property=\"og:title\" content=\"Comisi\u00f3n de Permanencia - Consejo Social\" \/>\n<meta property=\"og:description\" content=\"Comisi\u00f3n de Permanencia 2023 Sesi\u00f3n del 8 de junio de 2023 2022 Sesi\u00f3n 9 de febrero Sesi\u00f3n 4 de octubre Sesi\u00f3n 18 de octubre Sesi\u00f3n 22 de noviembre 2021 Sesi\u00f3n 4 de marzo Sesi\u00f3n 17 de junio Sesi\u00f3n 2 de noviembre Sesi\u00f3n 22 de diciembre 2020 2019 Sesi\u00f3n 15 de enero Sesi\u00f3n 21 de febrero...\" \/>\n<meta property=\"og:url\" content=\"https:\/\/www.ull.es\/portal\/consejo-social\/comision-de-permanencia\/\" \/>\n<meta property=\"og:site_name\" content=\"Consejo Social\" \/>\n<meta property=\"article:modified_time\" content=\"2024-01-31T14:32:14+00:00\" \/>\n<meta name=\"twitter:card\" content=\"summary_large_image\" \/>\n<meta name=\"twitter:label1\" content=\"Tiempo de lectura\" \/>\n\t<meta name=\"twitter:data1\" content=\"1 minuto\" \/>\n<script type=\"application\/ld+json\" class=\"yoast-schema-graph\">{\"@context\":\"https:\/\/schema.org\",\"@graph\":[{\"@type\":\"WebPage\",\"@id\":\"https:\/\/www.ull.es\/portal\/consejo-social\/comision-de-permanencia\/\",\"url\":\"https:\/\/www.ull.es\/portal\/consejo-social\/comision-de-permanencia\/\",\"name\":\"Comisi\u00f3n de Permanencia - Consejo Social\",\"isPartOf\":{\"@id\":\"https:\/\/www.ull.es\/portal\/consejo-social\/#website\"},\"datePublished\":\"2022-11-30T15:51:18+00:00\",\"dateModified\":\"2024-01-31T14:32:14+00:00\",\"breadcrumb\":{\"@id\":\"https:\/\/www.ull.es\/portal\/consejo-social\/comision-de-permanencia\/#breadcrumb\"},\"inLanguage\":\"es\",\"potentialAction\":[{\"@type\":\"ReadAction\",\"target\":[\"https:\/\/www.ull.es\/portal\/consejo-social\/comision-de-permanencia\/\"]}]},{\"@type\":\"BreadcrumbList\",\"@id\":\"https:\/\/www.ull.es\/portal\/consejo-social\/comision-de-permanencia\/#breadcrumb\",\"itemListElement\":[{\"@type\":\"ListItem\",\"position\":1,\"name\":\"Portada\",\"item\":\"https:\/\/www.ull.es\/portal\/consejo-social\/\"},{\"@type\":\"ListItem\",\"position\":2,\"name\":\"Comisi\u00f3n de Permanencia\"}]},{\"@type\":\"WebSite\",\"@id\":\"https:\/\/www.ull.es\/portal\/consejo-social\/#website\",\"url\":\"https:\/\/www.ull.es\/portal\/consejo-social\/\",\"name\":\"Consejo Social\",\"description\":\"\",\"potentialAction\":[{\"@type\":\"SearchAction\",\"target\":{\"@type\":\"EntryPoint\",\"urlTemplate\":\"https:\/\/www.ull.es\/portal\/consejo-social\/?s={search_term_string}\"},\"query-input\":\"required name=search_term_string\"}],\"inLanguage\":\"es\"}]}<\/script>\n<!-- \/ Yoast SEO plugin. -->","yoast_head_json":{"title":"Comisi\u00f3n de Permanencia - Consejo Social","robots":{"index":"index","follow":"follow","max-snippet":"max-snippet:-1","max-image-preview":"max-image-preview:large","max-video-preview":"max-video-preview:-1"},"canonical":"https:\/\/www.ull.es\/portal\/consejo-social\/comision-de-permanencia\/","og_locale":"es_ES","og_type":"article","og_title":"Comisi\u00f3n de Permanencia - Consejo Social","og_description":"Comisi\u00f3n de Permanencia 2023 Sesi\u00f3n del 8 de junio de 2023 2022 Sesi\u00f3n 9 de febrero Sesi\u00f3n 4 de octubre Sesi\u00f3n 18 de octubre Sesi\u00f3n 22 de noviembre 2021 Sesi\u00f3n 4 de marzo Sesi\u00f3n 17 de junio Sesi\u00f3n 2 de noviembre Sesi\u00f3n 22 de diciembre 2020 2019 Sesi\u00f3n 15 de enero Sesi\u00f3n 21 de febrero...","og_url":"https:\/\/www.ull.es\/portal\/consejo-social\/comision-de-permanencia\/","og_site_name":"Consejo Social","article_modified_time":"2024-01-31T14:32:14+00:00","twitter_card":"summary_large_image","twitter_misc":{"Tiempo de lectura":"1 minuto"},"schema":{"@context":"https:\/\/schema.org","@graph":[{"@type":"WebPage","@id":"https:\/\/www.ull.es\/portal\/consejo-social\/comision-de-permanencia\/","url":"https:\/\/www.ull.es\/portal\/consejo-social\/comision-de-permanencia\/","name":"Comisi\u00f3n de Permanencia - Consejo Social","isPartOf":{"@id":"https:\/\/www.ull.es\/portal\/consejo-social\/#website"},"datePublished":"2022-11-30T15:51:18+00:00","dateModified":"2024-01-31T14:32:14+00:00","breadcrumb":{"@id":"https:\/\/www.ull.es\/portal\/consejo-social\/comision-de-permanencia\/#breadcrumb"},"inLanguage":"es","potentialAction":[{"@type":"ReadAction","target":["https:\/\/www.ull.es\/portal\/consejo-social\/comision-de-permanencia\/"]}]},{"@type":"BreadcrumbList","@id":"https:\/\/www.ull.es\/portal\/consejo-social\/comision-de-permanencia\/#breadcrumb","itemListElement":[{"@type":"ListItem","position":1,"name":"Portada","item":"https:\/\/www.ull.es\/portal\/consejo-social\/"},{"@type":"ListItem","position":2,"name":"Comisi\u00f3n de Permanencia"}]},{"@type":"WebSite","@id":"https:\/\/www.ull.es\/portal\/consejo-social\/#website","url":"https:\/\/www.ull.es\/portal\/consejo-social\/","name":"Consejo Social","description":"","potentialAction":[{"@type":"SearchAction","target":{"@type":"EntryPoint","urlTemplate":"https:\/\/www.ull.es\/portal\/consejo-social\/?s={search_term_string}"},"query-input":"required name=search_term_string"}],"inLanguage":"es"}]}},"_links":{"self":[{"href":"https:\/\/www.ull.es\/portal\/consejo-social\/wp-json\/wp\/v2\/pages\/132"}],"collection":[{"href":"https:\/\/www.ull.es\/portal\/consejo-social\/wp-json\/wp\/v2\/pages"}],"about":[{"href":"https:\/\/www.ull.es\/portal\/consejo-social\/wp-json\/wp\/v2\/types\/page"}],"author":[{"embeddable":true,"href":"https:\/\/www.ull.es\/portal\/consejo-social\/wp-json\/wp\/v2\/users\/93"}],"replies":[{"embeddable":true,"href":"https:\/\/www.ull.es\/portal\/consejo-social\/wp-json\/wp\/v2\/comments?post=132"}],"version-history":[{"count":22,"href":"https:\/\/www.ull.es\/portal\/consejo-social\/wp-json\/wp\/v2\/pages\/132\/revisions"}],"predecessor-version":[{"id":836,"href":"https:\/\/www.ull.es\/portal\/consejo-social\/wp-json\/wp\/v2\/pages\/132\/revisions\/836"}],"wp:attachment":[{"href":"https:\/\/www.ull.es\/portal\/consejo-social\/wp-json\/wp\/v2\/media?parent=132"}],"curies":[{"name":"wp","href":"https:\/\/api.w.org\/{rel}","templated":true}]}}