{"id":168,"date":"2022-11-30T16:26:02","date_gmt":"2022-11-30T16:26:02","guid":{"rendered":"https:\/\/www.ull.es\/portal\/consejo-social\/?page_id=168"},"modified":"2024-06-17T12:43:03","modified_gmt":"2024-06-17T12:43:03","slug":"normativa","status":"publish","type":"page","link":"https:\/\/www.ull.es\/portal\/consejo-social\/normativa\/","title":{"rendered":"NORMATIVA"},"content":{"rendered":"\t\t<div data-elementor-type=\"wp-page\" data-elementor-id=\"168\" class=\"elementor elementor-168\">\n\t\t\t\t\t\t\t\t\t<section class=\"elementor-section elementor-top-section elementor-element elementor-element-092b785 elementor-section-boxed elementor-section-height-default elementor-section-height-default\" data-id=\"092b785\" data-element_type=\"section\" data-settings=\"{&quot;background_background&quot;:&quot;classic&quot;}\">\n\t\t\t\t\t\t<div class=\"elementor-container elementor-column-gap-default\">\n\t\t\t\t\t<div class=\"elementor-column elementor-col-100 elementor-top-column elementor-element elementor-element-58321b2\" data-id=\"58321b2\" data-element_type=\"column\">\n\t\t\t<div class=\"elementor-widget-wrap elementor-element-populated\">\n\t\t\t\t\t\t\t\t<div class=\"elementor-element elementor-element-8aad03b elementor-widget elementor-widget-heading\" data-id=\"8aad03b\" data-element_type=\"widget\" data-widget_type=\"heading.default\">\n\t\t\t\t<div class=\"elementor-widget-container\">\n\t\t\t<style>\/*! elementor - v3.9.2 - 21-12-2022 *\/\n.elementor-heading-title{padding:0;margin:0;line-height:1}.elementor-widget-heading .elementor-heading-title[class*=elementor-size-]>a{color:inherit;font-size:inherit;line-height:inherit}.elementor-widget-heading .elementor-heading-title.elementor-size-small{font-size:15px}.elementor-widget-heading .elementor-heading-title.elementor-size-medium{font-size:19px}.elementor-widget-heading .elementor-heading-title.elementor-size-large{font-size:29px}.elementor-widget-heading .elementor-heading-title.elementor-size-xl{font-size:39px}.elementor-widget-heading .elementor-heading-title.elementor-size-xxl{font-size:59px}<\/style><h1 class=\"elementor-heading-title elementor-size-default\">Normativa<\/h1>\t\t<\/div>\n\t\t\t\t<\/div>\n\t\t\t\t\t<\/div>\n\t\t<\/div>\n\t\t\t\t\t\t\t<\/div>\n\t\t<\/section>\n\t\t\t\t<section class=\"elementor-section elementor-top-section elementor-element elementor-element-16e2dd8 elementor-section-boxed elementor-section-height-default elementor-section-height-default\" data-id=\"16e2dd8\" data-element_type=\"section\">\n\t\t\t\t\t\t<div class=\"elementor-container elementor-column-gap-default\">\n\t\t\t\t\t<div class=\"elementor-column elementor-col-100 elementor-top-column elementor-element elementor-element-d64c9e9\" data-id=\"d64c9e9\" data-element_type=\"column\">\n\t\t\t<div class=\"elementor-widget-wrap elementor-element-populated\">\n\t\t\t\t\t\t\t\t<div class=\"elementor-element elementor-element-f09c426 elementor-icon-list--layout-traditional elementor-list-item-link-full_width elementor-widget elementor-widget-icon-list\" data-id=\"f09c426\" data-element_type=\"widget\" data-widget_type=\"icon-list.default\">\n\t\t\t\t<div class=\"elementor-widget-container\">\n\t\t\t<link rel=\"stylesheet\" href=\"https:\/\/www.ull.es\/portal\/consejo-social\/wp-content\/plugins\/elementor\/assets\/css\/widget-icon-list.min.css\">\t\t<ul class=\"elementor-icon-list-items\">\n\t\t\t\t\t\t\t<li class=\"elementor-icon-list-item\">\n\t\t\t\t\t\t\t\t\t\t\t<a href=\"https:\/\/www.ull.es\/portal\/normativa\/normativa\/acuerdo-5-a-de-15-06-2023-del-consejo-de-gobierno-de-la-universidad-de-la-laguna-por-el-que-se-aprueba-la-modificacion-de-la-normativa-de-permanencia-y-progreso-de-la-universidad-de-la-laguna\/\" target=\"_blank\" target=\"_blank\" rel=\"noopener\">\n\n\t\t\t\t\t\t\t\t\t\t\t\t<span class=\"elementor-icon-list-icon\">\n\t\t\t\t\t\t\t<i aria-hidden=\"true\" class=\"far fa-file-pdf\"><\/i>\t\t\t\t\t\t<\/span>\n\t\t\t\t\t\t\t\t\t\t<span class=\"elementor-icon-list-text\">Normativa de Progreso y Permanencia en las Titulaciones Oficiales en la Universidad de La Laguna 2023<\/span>\n\t\t\t\t\t\t\t\t\t\t\t<\/a>\n\t\t\t\t\t\t\t\t\t<\/li>\n\t\t\t\t\t\t\t\t<li class=\"elementor-icon-list-item\">\n\t\t\t\t\t\t\t\t\t\t\t<a href=\"https:\/\/www.boe.es\/buscar\/pdf\/2023\/BOE-A-2023-7500-consolidado.pdf\" target=\"_blank\" rel=\"noopener\">\n\n\t\t\t\t\t\t\t\t\t\t\t\t<span class=\"elementor-icon-list-icon\">\n\t\t\t\t\t\t\t<i aria-hidden=\"true\" class=\"far fa-file-pdf\"><\/i>\t\t\t\t\t\t<\/span>\n\t\t\t\t\t\t\t\t\t\t<span class=\"elementor-icon-list-text\">Ley Org\u00e1nica 2\/2023, de 22 de marzo, del Sistema Universitario<\/span>\n\t\t\t\t\t\t\t\t\t\t\t<\/a>\n\t\t\t\t\t\t\t\t\t<\/li>\n\t\t\t\t\t\t\t\t<li class=\"elementor-icon-list-item\">\n\t\t\t\t\t\t\t\t\t\t\t<a href=\"https:\/\/riull.ull.es\/xmlui\/bitstream\/handle\/915\/26890\/boc-a-2022-067-1107.pdf\" target=\"_blank\" rel=\"noopener\">\n\n\t\t\t\t\t\t\t\t\t\t\t\t<span class=\"elementor-icon-list-icon\">\n\t\t\t\t\t\t\t<i aria-hidden=\"true\" class=\"far fa-file-pdf\"><\/i>\t\t\t\t\t\t<\/span>\n\t\t\t\t\t\t\t\t\t\t<span class=\"elementor-icon-list-text\">Decreto 66\/2022, de 24 de marzo, por el que se aprueba la reforma de los Estatutos de la Universidad de La Laguna<\/span>\n\t\t\t\t\t\t\t\t\t\t\t<\/a>\n\t\t\t\t\t\t\t\t\t<\/li>\n\t\t\t\t\t\t\t\t<li class=\"elementor-icon-list-item\">\n\t\t\t\t\t\t\t\t\t\t\t<a href=\"https:\/\/www.ull.es\/portal\/consejo-social\/wp-content\/uploads\/sites\/54\/2022\/11\/1.-BOC-Reglamento-del-Consejo-Social-24-10-17.pdf\" target=\"_blank\" target=\"_blank\" rel=\"noopener\">\n\n\t\t\t\t\t\t\t\t\t\t\t\t<span class=\"elementor-icon-list-icon\">\n\t\t\t\t\t\t\t<i aria-hidden=\"true\" class=\"far fa-file-pdf\"><\/i>\t\t\t\t\t\t<\/span>\n\t\t\t\t\t\t\t\t\t\t<span class=\"elementor-icon-list-text\">Decreto 215\/2017, de 16 de octubre, por el que se aprueba el Reglamento de Organizaci\u00f3n y Funcionamiento del Consejo Social de la Universidad de La Laguna<\/span>\n\t\t\t\t\t\t\t\t\t\t\t<\/a>\n\t\t\t\t\t\t\t\t\t<\/li>\n\t\t\t\t\t\t\t\t<li class=\"elementor-icon-list-item\">\n\t\t\t\t\t\t\t\t\t\t\t<a href=\"https:\/\/www.ull.es\/portal\/consejo-social\/wp-content\/uploads\/sites\/54\/2022\/11\/Ley-40-2015-Regimen-Juridico-Sector-Publico.pdf\" target=\"_blank\" target=\"_blank\" rel=\"noopener\">\n\n\t\t\t\t\t\t\t\t\t\t\t\t<span class=\"elementor-icon-list-icon\">\n\t\t\t\t\t\t\t<i aria-hidden=\"true\" class=\"far fa-file-pdf\"><\/i>\t\t\t\t\t\t<\/span>\n\t\t\t\t\t\t\t\t\t\t<span class=\"elementor-icon-list-text\">Ley 40\/2015, de 1 de octubre, de R\u00e9gimen Jur\u00eddico del Sector P\u00fablico<\/span>\n\t\t\t\t\t\t\t\t\t\t\t<\/a>\n\t\t\t\t\t\t\t\t\t<\/li>\n\t\t\t\t\t\t\t\t<li class=\"elementor-icon-list-item\">\n\t\t\t\t\t\t\t\t\t\t\t<a href=\"https:\/\/www.ull.es\/portal\/consejo-social\/wp-content\/uploads\/sites\/54\/2022\/11\/5._Ley_5-2009_de_24_de_abril.pdf\" target=\"_blank\" target=\"_blank\" rel=\"noopener\">\n\n\t\t\t\t\t\t\t\t\t\t\t\t<span class=\"elementor-icon-list-icon\">\n\t\t\t\t\t\t\t<i aria-hidden=\"true\" class=\"far fa-file-pdf\"><\/i>\t\t\t\t\t\t<\/span>\n\t\t\t\t\t\t\t\t\t\t<span class=\"elementor-icon-list-text\">Ley 5\/2009, de 24 de abril, por la que se modifica la Ley 11\/2003, de 4 de abril, sobre Consejos Sociales y Coordinaci\u00f3n del Sistema Universitario de Canarias.<\/span>\n\t\t\t\t\t\t\t\t\t\t\t<\/a>\n\t\t\t\t\t\t\t\t\t<\/li>\n\t\t\t\t\t\t\t\t<li class=\"elementor-icon-list-item\">\n\t\t\t\t\t\t\t\t\t\t\t<a href=\"https:\/\/www.ull.es\/portal\/consejo-social\/wp-content\/uploads\/sites\/54\/2022\/11\/2._LOU_4-2007.pdf\" target=\"_blank\" target=\"_blank\" rel=\"noopener\">\n\n\t\t\t\t\t\t\t\t\t\t\t\t<span class=\"elementor-icon-list-icon\">\n\t\t\t\t\t\t\t<i aria-hidden=\"true\" class=\"far fa-file-pdf\"><\/i>\t\t\t\t\t\t<\/span>\n\t\t\t\t\t\t\t\t\t\t<span class=\"elementor-icon-list-text\">Ley Org\u00e1nica 4\/2007, de 12 de abril, por la que se modifica la Ley Org\u00e1nica 6\/2001, de 21 de diciembre, de Universidades<\/span>\n\t\t\t\t\t\t\t\t\t\t\t<\/a>\n\t\t\t\t\t\t\t\t\t<\/li>\n\t\t\t\t\t\t\t\t<li class=\"elementor-icon-list-item\">\n\t\t\t\t\t\t\t\t\t\t\t<a href=\"https:\/\/www.ull.es\/portal\/consejo-social\/wp-content\/uploads\/sites\/54\/2022\/11\/3._Ley_11-2003__de_Consejos_Sociales.pdf\" target=\"_blank\" target=\"_blank\" rel=\"noopener\">\n\n\t\t\t\t\t\t\t\t\t\t\t\t<span class=\"elementor-icon-list-icon\">\n\t\t\t\t\t\t\t<i aria-hidden=\"true\" class=\"far fa-file-pdf\"><\/i>\t\t\t\t\t\t<\/span>\n\t\t\t\t\t\t\t\t\t\t<span class=\"elementor-icon-list-text\">Ley Org\u00e1nica 11\/2003, de 4 de abril, sobre Consejos Sociales y Coordinaci\u00f3n del Sistema Universitario de Canarias<\/span>\n\t\t\t\t\t\t\t\t\t\t\t<\/a>\n\t\t\t\t\t\t\t\t\t<\/li>\n\t\t\t\t\t\t<\/ul>\n\t\t\t\t<\/div>\n\t\t\t\t<\/div>\n\t\t\t\t\t<\/div>\n\t\t<\/div>\n\t\t\t\t\t\t\t<\/div>\n\t\t<\/section>\n\t\t\t\t\t\t\t<\/div>\n\t\t","protected":false},"excerpt":{"rendered":"<p>Normativa Normativa de Progreso y Permanencia en las Titulaciones Oficiales en la Universidad de La Laguna 2023 Ley Org\u00e1nica 2\/2023, de 22 de marzo, del Sistema Universitario Decreto 66\/2022, de 24 de marzo, por el que se aprueba la reforma de los Estatutos de la Universidad de La Laguna Decreto 215\/2017, de 16 de octubre,&#8230;<\/p>\n","protected":false},"author":93,"featured_media":0,"parent":0,"menu_order":0,"comment_status":"closed","ping_status":"closed","template":"","meta":{"inline_featured_image":false,"footnotes":""},"acf":[],"yoast_head":"<!-- This site is optimized with the Yoast SEO plugin v21.3 - https:\/\/yoast.com\/wordpress\/plugins\/seo\/ -->\n<title>NORMATIVA - Consejo Social<\/title>\n<meta name=\"robots\" content=\"index, follow, max-snippet:-1, max-image-preview:large, max-video-preview:-1\" \/>\n<link rel=\"canonical\" href=\"https:\/\/www.ull.es\/portal\/consejo-social\/normativa\/\" \/>\n<meta property=\"og:locale\" content=\"es_ES\" \/>\n<meta property=\"og:type\" content=\"article\" \/>\n<meta property=\"og:title\" content=\"NORMATIVA - Consejo Social\" \/>\n<meta property=\"og:description\" content=\"Normativa Normativa de Progreso y Permanencia en las Titulaciones Oficiales en la Universidad de La Laguna 2023 Ley Org\u00e1nica 2\/2023, de 22 de marzo, del Sistema Universitario Decreto 66\/2022, de 24 de marzo, por el que se aprueba la reforma de los Estatutos de la Universidad de La Laguna Decreto 215\/2017, de 16 de octubre,...\" \/>\n<meta property=\"og:url\" content=\"https:\/\/www.ull.es\/portal\/consejo-social\/normativa\/\" \/>\n<meta property=\"og:site_name\" content=\"Consejo Social\" \/>\n<meta property=\"article:modified_time\" content=\"2024-06-17T12:43:03+00:00\" \/>\n<meta name=\"twitter:card\" content=\"summary_large_image\" \/>\n<meta name=\"twitter:label1\" content=\"Tiempo de lectura\" \/>\n\t<meta name=\"twitter:data1\" content=\"1 minuto\" \/>\n<script type=\"application\/ld+json\" class=\"yoast-schema-graph\">{\"@context\":\"https:\/\/schema.org\",\"@graph\":[{\"@type\":\"WebPage\",\"@id\":\"https:\/\/www.ull.es\/portal\/consejo-social\/normativa\/\",\"url\":\"https:\/\/www.ull.es\/portal\/consejo-social\/normativa\/\",\"name\":\"NORMATIVA - Consejo Social\",\"isPartOf\":{\"@id\":\"https:\/\/www.ull.es\/portal\/consejo-social\/#website\"},\"datePublished\":\"2022-11-30T16:26:02+00:00\",\"dateModified\":\"2024-06-17T12:43:03+00:00\",\"breadcrumb\":{\"@id\":\"https:\/\/www.ull.es\/portal\/consejo-social\/normativa\/#breadcrumb\"},\"inLanguage\":\"es\",\"potentialAction\":[{\"@type\":\"ReadAction\",\"target\":[\"https:\/\/www.ull.es\/portal\/consejo-social\/normativa\/\"]}]},{\"@type\":\"BreadcrumbList\",\"@id\":\"https:\/\/www.ull.es\/portal\/consejo-social\/normativa\/#breadcrumb\",\"itemListElement\":[{\"@type\":\"ListItem\",\"position\":1,\"name\":\"Portada\",\"item\":\"https:\/\/www.ull.es\/portal\/consejo-social\/\"},{\"@type\":\"ListItem\",\"position\":2,\"name\":\"NORMATIVA\"}]},{\"@type\":\"WebSite\",\"@id\":\"https:\/\/www.ull.es\/portal\/consejo-social\/#website\",\"url\":\"https:\/\/www.ull.es\/portal\/consejo-social\/\",\"name\":\"Consejo Social\",\"description\":\"\",\"potentialAction\":[{\"@type\":\"SearchAction\",\"target\":{\"@type\":\"EntryPoint\",\"urlTemplate\":\"https:\/\/www.ull.es\/portal\/consejo-social\/?s={search_term_string}\"},\"query-input\":\"required name=search_term_string\"}],\"inLanguage\":\"es\"}]}<\/script>\n<!-- \/ Yoast SEO plugin. -->","yoast_head_json":{"title":"NORMATIVA - Consejo Social","robots":{"index":"index","follow":"follow","max-snippet":"max-snippet:-1","max-image-preview":"max-image-preview:large","max-video-preview":"max-video-preview:-1"},"canonical":"https:\/\/www.ull.es\/portal\/consejo-social\/normativa\/","og_locale":"es_ES","og_type":"article","og_title":"NORMATIVA - Consejo Social","og_description":"Normativa Normativa de Progreso y Permanencia en las Titulaciones Oficiales en la Universidad de La Laguna 2023 Ley Org\u00e1nica 2\/2023, de 22 de marzo, del Sistema Universitario Decreto 66\/2022, de 24 de marzo, por el que se aprueba la reforma de los Estatutos de la Universidad de La Laguna Decreto 215\/2017, de 16 de octubre,...","og_url":"https:\/\/www.ull.es\/portal\/consejo-social\/normativa\/","og_site_name":"Consejo Social","article_modified_time":"2024-06-17T12:43:03+00:00","twitter_card":"summary_large_image","twitter_misc":{"Tiempo de lectura":"1 minuto"},"schema":{"@context":"https:\/\/schema.org","@graph":[{"@type":"WebPage","@id":"https:\/\/www.ull.es\/portal\/consejo-social\/normativa\/","url":"https:\/\/www.ull.es\/portal\/consejo-social\/normativa\/","name":"NORMATIVA - Consejo Social","isPartOf":{"@id":"https:\/\/www.ull.es\/portal\/consejo-social\/#website"},"datePublished":"2022-11-30T16:26:02+00:00","dateModified":"2024-06-17T12:43:03+00:00","breadcrumb":{"@id":"https:\/\/www.ull.es\/portal\/consejo-social\/normativa\/#breadcrumb"},"inLanguage":"es","potentialAction":[{"@type":"ReadAction","target":["https:\/\/www.ull.es\/portal\/consejo-social\/normativa\/"]}]},{"@type":"BreadcrumbList","@id":"https:\/\/www.ull.es\/portal\/consejo-social\/normativa\/#breadcrumb","itemListElement":[{"@type":"ListItem","position":1,"name":"Portada","item":"https:\/\/www.ull.es\/portal\/consejo-social\/"},{"@type":"ListItem","position":2,"name":"NORMATIVA"}]},{"@type":"WebSite","@id":"https:\/\/www.ull.es\/portal\/consejo-social\/#website","url":"https:\/\/www.ull.es\/portal\/consejo-social\/","name":"Consejo Social","description":"","potentialAction":[{"@type":"SearchAction","target":{"@type":"EntryPoint","urlTemplate":"https:\/\/www.ull.es\/portal\/consejo-social\/?s={search_term_string}"},"query-input":"required name=search_term_string"}],"inLanguage":"es"}]}},"_links":{"self":[{"href":"https:\/\/www.ull.es\/portal\/consejo-social\/wp-json\/wp\/v2\/pages\/168"}],"collection":[{"href":"https:\/\/www.ull.es\/portal\/consejo-social\/wp-json\/wp\/v2\/pages"}],"about":[{"href":"https:\/\/www.ull.es\/portal\/consejo-social\/wp-json\/wp\/v2\/types\/page"}],"author":[{"embeddable":true,"href":"https:\/\/www.ull.es\/portal\/consejo-social\/wp-json\/wp\/v2\/users\/93"}],"replies":[{"embeddable":true,"href":"https:\/\/www.ull.es\/portal\/consejo-social\/wp-json\/wp\/v2\/comments?post=168"}],"version-history":[{"count":42,"href":"https:\/\/www.ull.es\/portal\/consejo-social\/wp-json\/wp\/v2\/pages\/168\/revisions"}],"predecessor-version":[{"id":923,"href":"https:\/\/www.ull.es\/portal\/consejo-social\/wp-json\/wp\/v2\/pages\/168\/revisions\/923"}],"wp:attachment":[{"href":"https:\/\/www.ull.es\/portal\/consejo-social\/wp-json\/wp\/v2\/media?parent=168"}],"curies":[{"name":"wp","href":"https:\/\/api.w.org\/{rel}","templated":true}]}}