{"id":224,"date":"2022-12-01T08:00:48","date_gmt":"2022-12-01T08:00:48","guid":{"rendered":"https:\/\/www.ull.es\/portal\/consejo-social\/?page_id=224"},"modified":"2024-09-25T12:02:50","modified_gmt":"2024-09-25T12:02:50","slug":"comisiones","status":"publish","type":"page","link":"https:\/\/www.ull.es\/portal\/consejo-social\/comisiones\/","title":{"rendered":"Comisiones"},"content":{"rendered":"\t\t<div data-elementor-type=\"wp-page\" data-elementor-id=\"224\" class=\"elementor elementor-224\">\n\t\t\t\t\t\t\t\t\t<section class=\"elementor-section elementor-top-section elementor-element elementor-element-add858d elementor-section-boxed elementor-section-height-default elementor-section-height-default\" data-id=\"add858d\" data-element_type=\"section\" data-settings=\"{&quot;background_background&quot;:&quot;classic&quot;}\">\n\t\t\t\t\t\t<div class=\"elementor-container elementor-column-gap-default\">\n\t\t\t\t\t<div class=\"elementor-column elementor-col-100 elementor-top-column elementor-element elementor-element-83bcd1c\" data-id=\"83bcd1c\" data-element_type=\"column\">\n\t\t\t<div class=\"elementor-widget-wrap elementor-element-populated\">\n\t\t\t\t\t\t\t\t<div class=\"elementor-element elementor-element-95ced4a elementor-widget elementor-widget-heading\" data-id=\"95ced4a\" data-element_type=\"widget\" data-widget_type=\"heading.default\">\n\t\t\t\t<div class=\"elementor-widget-container\">\n\t\t\t<style>\/*! elementor - v3.9.2 - 21-12-2022 *\/\n.elementor-heading-title{padding:0;margin:0;line-height:1}.elementor-widget-heading .elementor-heading-title[class*=elementor-size-]>a{color:inherit;font-size:inherit;line-height:inherit}.elementor-widget-heading .elementor-heading-title.elementor-size-small{font-size:15px}.elementor-widget-heading .elementor-heading-title.elementor-size-medium{font-size:19px}.elementor-widget-heading .elementor-heading-title.elementor-size-large{font-size:29px}.elementor-widget-heading .elementor-heading-title.elementor-size-xl{font-size:39px}.elementor-widget-heading .elementor-heading-title.elementor-size-xxl{font-size:59px}<\/style><h2 class=\"elementor-heading-title elementor-size-default\">Vocales que componen la Comisi\u00f3n Permanente<\/h2>\t\t<\/div>\n\t\t\t\t<\/div>\n\t\t\t\t\t<\/div>\n\t\t<\/div>\n\t\t\t\t\t\t\t<\/div>\n\t\t<\/section>\n\t\t\t\t<section class=\"elementor-section elementor-top-section elementor-element elementor-element-46f1cd3 elementor-section-boxed elementor-section-height-default elementor-section-height-default\" data-id=\"46f1cd3\" data-element_type=\"section\">\n\t\t\t\t\t\t<div class=\"elementor-container elementor-column-gap-default\">\n\t\t\t\t\t<div class=\"elementor-column elementor-col-100 elementor-top-column elementor-element elementor-element-065955a\" data-id=\"065955a\" data-element_type=\"column\">\n\t\t\t<div class=\"elementor-widget-wrap elementor-element-populated\">\n\t\t\t\t\t\t\t\t<div class=\"elementor-element elementor-element-bd23887 elementor-widget elementor-widget-text-editor\" data-id=\"bd23887\" data-element_type=\"widget\" data-widget_type=\"text-editor.default\">\n\t\t\t\t<div class=\"elementor-widget-container\">\n\t\t\t<style>\/*! elementor - v3.9.2 - 21-12-2022 *\/\n.elementor-widget-text-editor.elementor-drop-cap-view-stacked .elementor-drop-cap{background-color:#818a91;color:#fff}.elementor-widget-text-editor.elementor-drop-cap-view-framed .elementor-drop-cap{color:#818a91;border:3px solid;background-color:transparent}.elementor-widget-text-editor:not(.elementor-drop-cap-view-default) .elementor-drop-cap{margin-top:8px}.elementor-widget-text-editor:not(.elementor-drop-cap-view-default) .elementor-drop-cap-letter{width:1em;height:1em}.elementor-widget-text-editor .elementor-drop-cap{float:left;text-align:center;line-height:1;font-size:50px}.elementor-widget-text-editor .elementor-drop-cap-letter{display:inline-block}<\/style>\t\t\t\t<p><strong>Presidencia.<\/strong>&#8211; Francisco Vicente Almeida Ossa<\/p><p><strong>Vocal Comunidad<\/strong> <strong>Universitaria<\/strong>.- Francisco Javier Garc\u00eda Rodr\u00edguez<\/p><p><strong>Vocal Comunidad Universitaria.<\/strong>&#8211; Mar\u00eda Teresa Covisa Rubio<\/p><p><strong>Vocal Comunidad Universitaria.<\/strong>&#8211; Juan Antonio Garc\u00eda Garc\u00eda<\/p><p><strong>Vocal Consejer\u00eda\u00a0<\/strong><b>Universidades, Ciencia e Innovaci\u00f3n y Cultura<\/b>.-\u00a0 Paola Plasencia Arzola<\/p><p><b>Vocal Consejer\u00eda Universidades, Ciencia e Innovaci\u00f3n y Cultura.<\/b>&#8211; V\u00edctor Manuel D\u00edaz Dom\u00ednguez<\/p><p><strong>Vocal Parlamento de Canarias.<\/strong>&#8211; Amparo L\u00f3pez Vergara<\/p><p><strong>Vocal Cabildos Insulares.<\/strong>&#8211; Seraf\u00edn Mesa Exp\u00f3sito<\/p><p><strong>Vocal Organizaciones Sindicales.-<\/strong> Elisa Mar\u00eda Trujillo Mart\u00edn<\/p><p><strong>Vocal Asociaciones empresariales o colegios profesionales<\/strong>.- Mercedes Leonor Morales Alonso<\/p><p><strong>Secretario Consejo Social.-<\/strong> Jorge D\u00edaz S\u00e1nchez<\/p>\t\t\t\t\t\t<\/div>\n\t\t\t\t<\/div>\n\t\t\t\t\t<\/div>\n\t\t<\/div>\n\t\t\t\t\t\t\t<\/div>\n\t\t<\/section>\n\t\t\t\t<section class=\"elementor-section elementor-top-section elementor-element elementor-element-3af4ab5 elementor-section-boxed elementor-section-height-default elementor-section-height-default\" data-id=\"3af4ab5\" data-element_type=\"section\" data-settings=\"{&quot;background_background&quot;:&quot;classic&quot;}\">\n\t\t\t\t\t\t<div class=\"elementor-container elementor-column-gap-default\">\n\t\t\t\t\t<div class=\"elementor-column elementor-col-100 elementor-top-column elementor-element elementor-element-1888ef7\" data-id=\"1888ef7\" data-element_type=\"column\">\n\t\t\t<div class=\"elementor-widget-wrap elementor-element-populated\">\n\t\t\t\t\t\t\t\t<div class=\"elementor-element elementor-element-43c2a8c elementor-widget elementor-widget-heading\" data-id=\"43c2a8c\" data-element_type=\"widget\" data-widget_type=\"heading.default\">\n\t\t\t\t<div class=\"elementor-widget-container\">\n\t\t\t<h2 class=\"elementor-heading-title elementor-size-default\">Comisi\u00f3n de Asuntos Econ\u00f3micos y Pol\u00edtica Universitaria<\/h2>\t\t<\/div>\n\t\t\t\t<\/div>\n\t\t\t\t\t<\/div>\n\t\t<\/div>\n\t\t\t\t\t\t\t<\/div>\n\t\t<\/section>\n\t\t\t\t<section class=\"elementor-section elementor-top-section elementor-element elementor-element-9839f30 elementor-section-boxed elementor-section-height-default elementor-section-height-default\" data-id=\"9839f30\" data-element_type=\"section\">\n\t\t\t\t\t\t<div class=\"elementor-container elementor-column-gap-default\">\n\t\t\t\t\t<div class=\"elementor-column elementor-col-100 elementor-top-column elementor-element elementor-element-8de23fd\" data-id=\"8de23fd\" data-element_type=\"column\">\n\t\t\t<div class=\"elementor-widget-wrap elementor-element-populated\">\n\t\t\t\t\t\t\t\t<div class=\"elementor-element elementor-element-03b9a02 elementor-widget elementor-widget-text-editor\" data-id=\"03b9a02\" data-element_type=\"widget\" data-widget_type=\"text-editor.default\">\n\t\t\t\t<div class=\"elementor-widget-container\">\n\t\t\t\t\t\t\t<p><strong>Francisco Almeida Ossa (Presidente)<\/strong><\/p><p><strong>Fernando Jos\u00e9 Berge Royo<\/strong><\/p><p><strong>Emilio V\u00edctor Hern\u00e1ndez Montero<\/strong><\/p><p><strong>Mar\u00eda Teresa Covisa Rubia<\/strong><\/p><p><strong>Rosa Elena Garc\u00eda Meneses<\/strong><\/p><p><strong>Primitivo Jer\u00f3nimo P\u00e9rez<\/strong><\/p><p><strong>Juan Eladio Linares Feria<\/strong><\/p><p><strong>Seraf\u00edn Mesa Exp\u00f3sito<\/strong><\/p><p><strong>Mercedes Leonor Morales Alonso<\/strong><\/p><p><strong>Andr\u00e9s Paz Pais<\/strong><\/p>\t\t\t\t\t\t<\/div>\n\t\t\t\t<\/div>\n\t\t\t\t\t<\/div>\n\t\t<\/div>\n\t\t\t\t\t\t\t<\/div>\n\t\t<\/section>\n\t\t\t\t<section class=\"elementor-section elementor-top-section elementor-element elementor-element-81b1c96 elementor-section-boxed elementor-section-height-default elementor-section-height-default\" data-id=\"81b1c96\" data-element_type=\"section\" data-settings=\"{&quot;background_background&quot;:&quot;classic&quot;}\">\n\t\t\t\t\t\t<div class=\"elementor-container elementor-column-gap-default\">\n\t\t\t\t\t<div class=\"elementor-column elementor-col-100 elementor-top-column elementor-element elementor-element-305cdf4\" data-id=\"305cdf4\" data-element_type=\"column\">\n\t\t\t<div class=\"elementor-widget-wrap elementor-element-populated\">\n\t\t\t\t\t\t\t\t<div class=\"elementor-element elementor-element-1f1bd15 elementor-widget elementor-widget-heading\" data-id=\"1f1bd15\" data-element_type=\"widget\" data-widget_type=\"heading.default\">\n\t\t\t\t<div class=\"elementor-widget-container\">\n\t\t\t<h2 class=\"elementor-heading-title elementor-size-default\">Comisi\u00f3n de Planificaci\u00f3n y Calidad<\/h2>\t\t<\/div>\n\t\t\t\t<\/div>\n\t\t\t\t\t<\/div>\n\t\t<\/div>\n\t\t\t\t\t\t\t<\/div>\n\t\t<\/section>\n\t\t\t\t<section class=\"elementor-section elementor-top-section elementor-element elementor-element-acd7b10 elementor-section-boxed elementor-section-height-default elementor-section-height-default\" data-id=\"acd7b10\" data-element_type=\"section\">\n\t\t\t\t\t\t<div class=\"elementor-container elementor-column-gap-default\">\n\t\t\t\t\t<div class=\"elementor-column elementor-col-100 elementor-top-column elementor-element elementor-element-dd67a68\" data-id=\"dd67a68\" data-element_type=\"column\">\n\t\t\t<div class=\"elementor-widget-wrap elementor-element-populated\">\n\t\t\t\t\t\t\t\t<div class=\"elementor-element elementor-element-d5116f4 elementor-widget elementor-widget-text-editor\" data-id=\"d5116f4\" data-element_type=\"widget\" data-widget_type=\"text-editor.default\">\n\t\t\t\t<div class=\"elementor-widget-container\">\n\t\t\t\t\t\t\t<p><strong>Francisco Almeida Ossa (Presidente)<\/strong><\/p><p><strong>V\u00edctor Modesto Alonso Falc\u00f3n<\/strong><\/p><p><strong>Olaia Mor\u00e1n Ram\u00edrez<\/strong><\/p><p><strong>\u00c1ngel Gabriel D\u00edaz C\u00e1ceres<\/strong><\/p><p><strong>Andr\u00e9s Paz Pais<\/strong><\/p><p><strong>Paola Plasencia Arzola<\/strong><\/p><p><strong>Inmaculada Rey Merino<\/strong><\/p><p><strong>Ascensi\u00f3n Toledo Hern\u00e1ndez<\/strong><\/p><p><strong>Elisa M\u00aa Trujillo Mart\u00edn<\/strong><\/p>\t\t\t\t\t\t<\/div>\n\t\t\t\t<\/div>\n\t\t\t\t\t<\/div>\n\t\t<\/div>\n\t\t\t\t\t\t\t<\/div>\n\t\t<\/section>\n\t\t\t\t<section class=\"elementor-section elementor-top-section elementor-element elementor-element-d18e923 elementor-section-boxed elementor-section-height-default elementor-section-height-default\" data-id=\"d18e923\" data-element_type=\"section\" data-settings=\"{&quot;background_background&quot;:&quot;classic&quot;}\">\n\t\t\t\t\t\t<div class=\"elementor-container elementor-column-gap-default\">\n\t\t\t\t\t<div class=\"elementor-column elementor-col-100 elementor-top-column elementor-element elementor-element-0dfd18c\" data-id=\"0dfd18c\" data-element_type=\"column\">\n\t\t\t<div class=\"elementor-widget-wrap elementor-element-populated\">\n\t\t\t\t\t\t\t\t<div class=\"elementor-element elementor-element-686d636 elementor-widget elementor-widget-heading\" data-id=\"686d636\" data-element_type=\"widget\" data-widget_type=\"heading.default\">\n\t\t\t\t<div class=\"elementor-widget-container\">\n\t\t\t<h2 class=\"elementor-heading-title elementor-size-default\">Comisi\u00f3n Conjunta de Asuntos Econ\u00f3micos y Pol\u00edtica Universitaria y Planificaci\u00f3n y Calidad<\/h2>\t\t<\/div>\n\t\t\t\t<\/div>\n\t\t\t\t\t<\/div>\n\t\t<\/div>\n\t\t\t\t\t\t\t<\/div>\n\t\t<\/section>\n\t\t\t\t<section class=\"elementor-section elementor-top-section elementor-element elementor-element-d797eb8 elementor-section-boxed elementor-section-height-default elementor-section-height-default\" data-id=\"d797eb8\" data-element_type=\"section\">\n\t\t\t\t\t\t<div class=\"elementor-container elementor-column-gap-default\">\n\t\t\t\t\t<div class=\"elementor-column elementor-col-100 elementor-top-column elementor-element elementor-element-e06d729\" data-id=\"e06d729\" data-element_type=\"column\">\n\t\t\t<div class=\"elementor-widget-wrap elementor-element-populated\">\n\t\t\t\t\t\t\t\t<div class=\"elementor-element elementor-element-ce8bd7f elementor-widget elementor-widget-text-editor\" data-id=\"ce8bd7f\" data-element_type=\"widget\" data-widget_type=\"text-editor.default\">\n\t\t\t\t<div class=\"elementor-widget-container\">\n\t\t\t\t\t\t\t<p style=\"font-weight: 400;\"><strong>Francisco Almeida Ossa<\/strong><\/p><p style=\"font-weight: 400;\"><strong>Fernando Jos\u00e9 Berge Royo<\/strong><\/p><p style=\"font-weight: 400;\"><strong>Emilio V\u00edctor Hern\u00e1ndez Montero<\/strong><\/p><p style=\"font-weight: 400;\"><strong>Mar\u00eda Teresa Covisa Rubia<\/strong><\/p><p style=\"font-weight: 400;\"><strong>Rosa Elena Garc\u00eda Meneses<\/strong><\/p><p style=\"font-weight: 400;\"><strong>Primitivo Jer\u00f3nimo P\u00e9rez<\/strong><\/p><p style=\"font-weight: 400;\"><strong>Juan Eladio Linares Feria<\/strong><\/p><p style=\"font-weight: 400;\"><strong>Seraf\u00edn Mesa Exp\u00f3sito<\/strong><\/p><p style=\"font-weight: 400;\"><strong>Mercedes Leonor Morales Alonso<\/strong><\/p><p style=\"font-weight: 400;\"><strong>V\u00edctor Modesto Alonso Falc\u00f3n<\/strong><\/p><p style=\"font-weight: 400;\"><strong>Olaia Mor\u00e1n Ram\u00edrez<\/strong><\/p><p style=\"font-weight: 400;\"><strong>\u00c1ngel Gabriel D\u00edaz C\u00e1ceres<\/strong><\/p><p style=\"font-weight: 400;\"><strong>Andr\u00e9s Paz Pais<\/strong><\/p><p style=\"font-weight: 400;\"><strong>Paola Plasencia Arzola<\/strong><\/p><p style=\"font-weight: 400;\"><strong>Inmaculada Rey Merino<\/strong><\/p><p style=\"font-weight: 400;\"><strong>Ascensi\u00f3n Toledo Hern\u00e1ndez<\/strong><\/p><p style=\"font-weight: 400;\"><strong>Elisa M\u00aa Trujillo Mart\u00edn\u00a0<\/strong><\/p>\t\t\t\t\t\t<\/div>\n\t\t\t\t<\/div>\n\t\t\t\t\t<\/div>\n\t\t<\/div>\n\t\t\t\t\t\t\t<\/div>\n\t\t<\/section>\n\t\t\t\t<section class=\"elementor-section elementor-top-section elementor-element elementor-element-e03fc45 elementor-section-boxed elementor-section-height-default elementor-section-height-default\" data-id=\"e03fc45\" data-element_type=\"section\" data-settings=\"{&quot;background_background&quot;:&quot;classic&quot;}\">\n\t\t\t\t\t\t<div class=\"elementor-container elementor-column-gap-default\">\n\t\t\t\t\t<div class=\"elementor-column elementor-col-100 elementor-top-column elementor-element elementor-element-0f4bc9a\" data-id=\"0f4bc9a\" data-element_type=\"column\">\n\t\t\t<div class=\"elementor-widget-wrap elementor-element-populated\">\n\t\t\t\t\t\t\t\t<div class=\"elementor-element elementor-element-a4d42c9 elementor-widget elementor-widget-heading\" data-id=\"a4d42c9\" data-element_type=\"widget\" data-widget_type=\"heading.default\">\n\t\t\t\t<div class=\"elementor-widget-container\">\n\t\t\t<h2 class=\"elementor-heading-title elementor-size-default\">Comisi\u00f3n de Relaciones con la Sociedad<\/h2>\t\t<\/div>\n\t\t\t\t<\/div>\n\t\t\t\t\t<\/div>\n\t\t<\/div>\n\t\t\t\t\t\t\t<\/div>\n\t\t<\/section>\n\t\t\t\t<section class=\"elementor-section elementor-top-section elementor-element elementor-element-d35676b elementor-section-boxed elementor-section-height-default elementor-section-height-default\" data-id=\"d35676b\" data-element_type=\"section\">\n\t\t\t\t\t\t<div class=\"elementor-container elementor-column-gap-default\">\n\t\t\t\t\t<div class=\"elementor-column elementor-col-100 elementor-top-column elementor-element elementor-element-5db296d\" data-id=\"5db296d\" data-element_type=\"column\">\n\t\t\t<div class=\"elementor-widget-wrap elementor-element-populated\">\n\t\t\t\t\t\t\t\t<div class=\"elementor-element elementor-element-5906d46 elementor-widget elementor-widget-text-editor\" data-id=\"5906d46\" data-element_type=\"widget\" data-widget_type=\"text-editor.default\">\n\t\t\t\t<div class=\"elementor-widget-container\">\n\t\t\t\t\t\t\t<p><strong>Francisco Almeida Ossa (Presidente)<\/strong><\/p><p><strong>Antonio Alarc\u00f3 Hern\u00e1ndez<\/strong><\/p><p><strong>Alberto Rafael Brito Delgado<\/strong><\/p><p><strong>V\u00edctor Manuel D\u00edaz Dom\u00ednguez<\/strong><\/p><p><strong>Jos\u00e9 Manuel Garc\u00eda Fraga<\/strong><\/p><p><strong>Carlos Alberto Gonz\u00e1lez Delgado<\/strong><\/p><p><strong>Sara Mateos Artiles<span style=\"color: #3d3d3d; font-family: ArgentumSans, sans-serif;\">\u00a0<\/span><\/strong><\/p><p><strong>Juan Eladio Linares Feria<\/strong><\/p><p><strong>Mar\u00eda Reyes Henr\u00edquez Escuela<\/strong><\/p>\t\t\t\t\t\t<\/div>\n\t\t\t\t<\/div>\n\t\t\t\t\t<\/div>\n\t\t<\/div>\n\t\t\t\t\t\t\t<\/div>\n\t\t<\/section>\n\t\t\t\t<section class=\"elementor-section elementor-top-section elementor-element elementor-element-b772720 elementor-section-boxed elementor-section-height-default elementor-section-height-default\" data-id=\"b772720\" data-element_type=\"section\" data-settings=\"{&quot;background_background&quot;:&quot;classic&quot;}\">\n\t\t\t\t\t\t<div class=\"elementor-container elementor-column-gap-default\">\n\t\t\t\t\t<div class=\"elementor-column elementor-col-100 elementor-top-column elementor-element elementor-element-7e05a83\" data-id=\"7e05a83\" data-element_type=\"column\">\n\t\t\t<div class=\"elementor-widget-wrap elementor-element-populated\">\n\t\t\t\t\t\t\t\t\t<\/div>\n\t\t<\/div>\n\t\t\t\t\t\t\t<\/div>\n\t\t<\/section>\n\t\t\t\t<section class=\"elementor-section elementor-top-section elementor-element elementor-element-6e126b0 elementor-section-boxed elementor-section-height-default elementor-section-height-default\" data-id=\"6e126b0\" data-element_type=\"section\">\n\t\t\t\t\t\t<div class=\"elementor-container elementor-column-gap-default\">\n\t\t\t\t\t<div class=\"elementor-column elementor-col-100 elementor-top-column elementor-element elementor-element-349d674\" data-id=\"349d674\" data-element_type=\"column\">\n\t\t\t<div class=\"elementor-widget-wrap elementor-element-populated\">\n\t\t\t\t\t\t\t\t<div class=\"elementor-element elementor-element-374744d elementor-widget elementor-widget-text-editor\" data-id=\"374744d\" data-element_type=\"widget\" data-widget_type=\"text-editor.default\">\n\t\t\t\t<div class=\"elementor-widget-container\">\n\t\t\t\t\t\t\t\t\t\t\t\t\t<\/div>\n\t\t\t\t<\/div>\n\t\t\t\t\t<\/div>\n\t\t<\/div>\n\t\t\t\t\t\t\t<\/div>\n\t\t<\/section>\n\t\t\t\t\t\t\t<\/div>\n\t\t","protected":false},"excerpt":{"rendered":"<p>Vocales que componen la Comisi\u00f3n Permanente Presidencia.&#8211; Francisco Vicente Almeida Ossa Vocal Comunidad Universitaria.- Francisco Javier Garc\u00eda Rodr\u00edguez Vocal Comunidad Universitaria.&#8211; Mar\u00eda Teresa Covisa Rubio Vocal Comunidad Universitaria.&#8211; Juan Antonio Garc\u00eda Garc\u00eda Vocal Consejer\u00eda\u00a0Universidades, Ciencia e Innovaci\u00f3n y Cultura.-\u00a0 Paola Plasencia Arzola Vocal Consejer\u00eda Universidades, Ciencia e Innovaci\u00f3n y Cultura.&#8211; V\u00edctor Manuel D\u00edaz Dom\u00ednguez Vocal&#8230;<\/p>\n","protected":false},"author":91,"featured_media":0,"parent":0,"menu_order":0,"comment_status":"closed","ping_status":"closed","template":"","meta":{"inline_featured_image":false,"footnotes":""},"acf":[],"yoast_head":"<!-- This site is optimized with the Yoast SEO plugin v21.3 - https:\/\/yoast.com\/wordpress\/plugins\/seo\/ -->\n<title>Comisiones - Consejo Social<\/title>\n<meta name=\"robots\" content=\"index, follow, max-snippet:-1, max-image-preview:large, max-video-preview:-1\" \/>\n<link rel=\"canonical\" href=\"https:\/\/www.ull.es\/portal\/consejo-social\/comisiones\/\" \/>\n<meta property=\"og:locale\" content=\"es_ES\" \/>\n<meta property=\"og:type\" content=\"article\" \/>\n<meta property=\"og:title\" content=\"Comisiones - Consejo Social\" \/>\n<meta property=\"og:description\" content=\"Vocales que componen la Comisi\u00f3n Permanente Presidencia.&#8211; Francisco Vicente Almeida Ossa Vocal Comunidad Universitaria.- Francisco Javier Garc\u00eda Rodr\u00edguez Vocal Comunidad Universitaria.&#8211; Mar\u00eda Teresa Covisa Rubio Vocal Comunidad Universitaria.&#8211; Juan Antonio Garc\u00eda Garc\u00eda Vocal Consejer\u00eda\u00a0Universidades, Ciencia e Innovaci\u00f3n y Cultura.-\u00a0 Paola Plasencia Arzola Vocal Consejer\u00eda Universidades, Ciencia e Innovaci\u00f3n y Cultura.&#8211; V\u00edctor Manuel D\u00edaz Dom\u00ednguez Vocal...\" \/>\n<meta property=\"og:url\" content=\"https:\/\/www.ull.es\/portal\/consejo-social\/comisiones\/\" \/>\n<meta property=\"og:site_name\" content=\"Consejo Social\" \/>\n<meta property=\"article:modified_time\" content=\"2024-09-25T12:02:50+00:00\" \/>\n<meta name=\"twitter:card\" content=\"summary_large_image\" \/>\n<meta name=\"twitter:label1\" content=\"Tiempo de lectura\" \/>\n\t<meta name=\"twitter:data1\" content=\"2 minutos\" \/>\n<script type=\"application\/ld+json\" class=\"yoast-schema-graph\">{\"@context\":\"https:\/\/schema.org\",\"@graph\":[{\"@type\":\"WebPage\",\"@id\":\"https:\/\/www.ull.es\/portal\/consejo-social\/comisiones\/\",\"url\":\"https:\/\/www.ull.es\/portal\/consejo-social\/comisiones\/\",\"name\":\"Comisiones - Consejo Social\",\"isPartOf\":{\"@id\":\"https:\/\/www.ull.es\/portal\/consejo-social\/#website\"},\"datePublished\":\"2022-12-01T08:00:48+00:00\",\"dateModified\":\"2024-09-25T12:02:50+00:00\",\"breadcrumb\":{\"@id\":\"https:\/\/www.ull.es\/portal\/consejo-social\/comisiones\/#breadcrumb\"},\"inLanguage\":\"es\",\"potentialAction\":[{\"@type\":\"ReadAction\",\"target\":[\"https:\/\/www.ull.es\/portal\/consejo-social\/comisiones\/\"]}]},{\"@type\":\"BreadcrumbList\",\"@id\":\"https:\/\/www.ull.es\/portal\/consejo-social\/comisiones\/#breadcrumb\",\"itemListElement\":[{\"@type\":\"ListItem\",\"position\":1,\"name\":\"Portada\",\"item\":\"https:\/\/www.ull.es\/portal\/consejo-social\/\"},{\"@type\":\"ListItem\",\"position\":2,\"name\":\"Comisiones\"}]},{\"@type\":\"WebSite\",\"@id\":\"https:\/\/www.ull.es\/portal\/consejo-social\/#website\",\"url\":\"https:\/\/www.ull.es\/portal\/consejo-social\/\",\"name\":\"Consejo Social\",\"description\":\"\",\"potentialAction\":[{\"@type\":\"SearchAction\",\"target\":{\"@type\":\"EntryPoint\",\"urlTemplate\":\"https:\/\/www.ull.es\/portal\/consejo-social\/?s={search_term_string}\"},\"query-input\":\"required name=search_term_string\"}],\"inLanguage\":\"es\"}]}<\/script>\n<!-- \/ Yoast SEO plugin. -->","yoast_head_json":{"title":"Comisiones - Consejo Social","robots":{"index":"index","follow":"follow","max-snippet":"max-snippet:-1","max-image-preview":"max-image-preview:large","max-video-preview":"max-video-preview:-1"},"canonical":"https:\/\/www.ull.es\/portal\/consejo-social\/comisiones\/","og_locale":"es_ES","og_type":"article","og_title":"Comisiones - Consejo Social","og_description":"Vocales que componen la Comisi\u00f3n Permanente Presidencia.&#8211; Francisco Vicente Almeida Ossa Vocal Comunidad Universitaria.- Francisco Javier Garc\u00eda Rodr\u00edguez Vocal Comunidad Universitaria.&#8211; Mar\u00eda Teresa Covisa Rubio Vocal Comunidad Universitaria.&#8211; Juan Antonio Garc\u00eda Garc\u00eda Vocal Consejer\u00eda\u00a0Universidades, Ciencia e Innovaci\u00f3n y Cultura.-\u00a0 Paola Plasencia Arzola Vocal Consejer\u00eda Universidades, Ciencia e Innovaci\u00f3n y Cultura.&#8211; V\u00edctor Manuel D\u00edaz Dom\u00ednguez Vocal...","og_url":"https:\/\/www.ull.es\/portal\/consejo-social\/comisiones\/","og_site_name":"Consejo Social","article_modified_time":"2024-09-25T12:02:50+00:00","twitter_card":"summary_large_image","twitter_misc":{"Tiempo de lectura":"2 minutos"},"schema":{"@context":"https:\/\/schema.org","@graph":[{"@type":"WebPage","@id":"https:\/\/www.ull.es\/portal\/consejo-social\/comisiones\/","url":"https:\/\/www.ull.es\/portal\/consejo-social\/comisiones\/","name":"Comisiones - Consejo Social","isPartOf":{"@id":"https:\/\/www.ull.es\/portal\/consejo-social\/#website"},"datePublished":"2022-12-01T08:00:48+00:00","dateModified":"2024-09-25T12:02:50+00:00","breadcrumb":{"@id":"https:\/\/www.ull.es\/portal\/consejo-social\/comisiones\/#breadcrumb"},"inLanguage":"es","potentialAction":[{"@type":"ReadAction","target":["https:\/\/www.ull.es\/portal\/consejo-social\/comisiones\/"]}]},{"@type":"BreadcrumbList","@id":"https:\/\/www.ull.es\/portal\/consejo-social\/comisiones\/#breadcrumb","itemListElement":[{"@type":"ListItem","position":1,"name":"Portada","item":"https:\/\/www.ull.es\/portal\/consejo-social\/"},{"@type":"ListItem","position":2,"name":"Comisiones"}]},{"@type":"WebSite","@id":"https:\/\/www.ull.es\/portal\/consejo-social\/#website","url":"https:\/\/www.ull.es\/portal\/consejo-social\/","name":"Consejo Social","description":"","potentialAction":[{"@type":"SearchAction","target":{"@type":"EntryPoint","urlTemplate":"https:\/\/www.ull.es\/portal\/consejo-social\/?s={search_term_string}"},"query-input":"required name=search_term_string"}],"inLanguage":"es"}]}},"_links":{"self":[{"href":"https:\/\/www.ull.es\/portal\/consejo-social\/wp-json\/wp\/v2\/pages\/224"}],"collection":[{"href":"https:\/\/www.ull.es\/portal\/consejo-social\/wp-json\/wp\/v2\/pages"}],"about":[{"href":"https:\/\/www.ull.es\/portal\/consejo-social\/wp-json\/wp\/v2\/types\/page"}],"author":[{"embeddable":true,"href":"https:\/\/www.ull.es\/portal\/consejo-social\/wp-json\/wp\/v2\/users\/91"}],"replies":[{"embeddable":true,"href":"https:\/\/www.ull.es\/portal\/consejo-social\/wp-json\/wp\/v2\/comments?post=224"}],"version-history":[{"count":78,"href":"https:\/\/www.ull.es\/portal\/consejo-social\/wp-json\/wp\/v2\/pages\/224\/revisions"}],"predecessor-version":[{"id":1052,"href":"https:\/\/www.ull.es\/portal\/consejo-social\/wp-json\/wp\/v2\/pages\/224\/revisions\/1052"}],"wp:attachment":[{"href":"https:\/\/www.ull.es\/portal\/consejo-social\/wp-json\/wp\/v2\/media?parent=224"}],"curies":[{"name":"wp","href":"https:\/\/api.w.org\/{rel}","templated":true}]}}