{"id":275,"date":"2022-12-01T09:56:57","date_gmt":"2022-12-01T09:56:57","guid":{"rendered":"https:\/\/www.ull.es\/portal\/consejo-social\/?page_id=275"},"modified":"2024-04-01T10:17:30","modified_gmt":"2024-04-01T10:17:30","slug":"organigrama-administrativo","status":"publish","type":"page","link":"https:\/\/www.ull.es\/portal\/consejo-social\/organigrama-administrativo\/","title":{"rendered":"Organigrama Administrativo"},"content":{"rendered":"\t\t<div data-elementor-type=\"wp-page\" data-elementor-id=\"275\" class=\"elementor elementor-275\">\n\t\t\t\t\t\t\t\t\t<section class=\"elementor-section elementor-top-section elementor-element elementor-element-876c771 elementor-section-boxed elementor-section-height-default elementor-section-height-default\" data-id=\"876c771\" data-element_type=\"section\">\n\t\t\t\t\t\t<div class=\"elementor-container elementor-column-gap-default\">\n\t\t\t\t\t<div class=\"elementor-column elementor-col-100 elementor-top-column elementor-element elementor-element-1ed0e3d\" data-id=\"1ed0e3d\" data-element_type=\"column\">\n\t\t\t<div class=\"elementor-widget-wrap elementor-element-populated\">\n\t\t\t\t\t\t\t\t<div class=\"elementor-element elementor-element-ca98d94 elementor-widget elementor-widget-heading\" data-id=\"ca98d94\" data-element_type=\"widget\" data-widget_type=\"heading.default\">\n\t\t\t\t<div class=\"elementor-widget-container\">\n\t\t\t<style>\/*! elementor - v3.9.2 - 21-12-2022 *\/\n.elementor-heading-title{padding:0;margin:0;line-height:1}.elementor-widget-heading .elementor-heading-title[class*=elementor-size-]>a{color:inherit;font-size:inherit;line-height:inherit}.elementor-widget-heading .elementor-heading-title.elementor-size-small{font-size:15px}.elementor-widget-heading .elementor-heading-title.elementor-size-medium{font-size:19px}.elementor-widget-heading .elementor-heading-title.elementor-size-large{font-size:29px}.elementor-widget-heading .elementor-heading-title.elementor-size-xl{font-size:39px}.elementor-widget-heading .elementor-heading-title.elementor-size-xxl{font-size:59px}<\/style><h2 class=\"elementor-heading-title elementor-size-default\">Servicio de Secretar\u00eda <\/h2>\t\t<\/div>\n\t\t\t\t<\/div>\n\t\t\t\t\t<\/div>\n\t\t<\/div>\n\t\t\t\t\t\t\t<\/div>\n\t\t<\/section>\n\t\t\t\t<section class=\"elementor-section elementor-top-section elementor-element elementor-element-15a9b20 elementor-section-boxed elementor-section-height-default elementor-section-height-default\" data-id=\"15a9b20\" data-element_type=\"section\">\n\t\t\t\t\t\t<div class=\"elementor-container elementor-column-gap-default\">\n\t\t\t\t\t<div class=\"elementor-column elementor-col-50 elementor-top-column elementor-element elementor-element-bf55a9c\" data-id=\"bf55a9c\" data-element_type=\"column\" data-settings=\"{&quot;background_background&quot;:&quot;classic&quot;}\">\n\t\t\t<div class=\"elementor-widget-wrap elementor-element-populated\">\n\t\t\t\t\t\t\t\t<div class=\"elementor-element elementor-element-a0a7b20 elementor-widget elementor-widget-heading\" data-id=\"a0a7b20\" data-element_type=\"widget\" data-widget_type=\"heading.default\">\n\t\t\t\t<div class=\"elementor-widget-container\">\n\t\t\t<h3 class=\"elementor-heading-title elementor-size-default\">Secretario del Consejo Social\n<\/h3>\t\t<\/div>\n\t\t\t\t<\/div>\n\t\t\t\t<div class=\"elementor-element elementor-element-bc77ab1 elementor-widget elementor-widget-text-editor\" data-id=\"bc77ab1\" data-element_type=\"widget\" data-widget_type=\"text-editor.default\">\n\t\t\t\t<div class=\"elementor-widget-container\">\n\t\t\t<style>\/*! elementor - v3.9.2 - 21-12-2022 *\/\n.elementor-widget-text-editor.elementor-drop-cap-view-stacked .elementor-drop-cap{background-color:#818a91;color:#fff}.elementor-widget-text-editor.elementor-drop-cap-view-framed .elementor-drop-cap{color:#818a91;border:3px solid;background-color:transparent}.elementor-widget-text-editor:not(.elementor-drop-cap-view-default) .elementor-drop-cap{margin-top:8px}.elementor-widget-text-editor:not(.elementor-drop-cap-view-default) .elementor-drop-cap-letter{width:1em;height:1em}.elementor-widget-text-editor .elementor-drop-cap{float:left;text-align:center;line-height:1;font-size:50px}.elementor-widget-text-editor .elementor-drop-cap-letter{display:inline-block}<\/style>\t\t\t\t<p><strong>Jorge D\u00edaz S\u00e1nchez<\/strong><\/p><p>Tel\u00e9fono: 922 31 97 04<\/p><p>Correo electr\u00f3nico: <a href=\"mailto:csocial@ull.edu.es\" target=\"_blank\" rel=\"noopener\">csocial@ull.edu.es<\/a><\/p>\t\t\t\t\t\t<\/div>\n\t\t\t\t<\/div>\n\t\t\t\t\t<\/div>\n\t\t<\/div>\n\t\t\t\t<div class=\"elementor-column elementor-col-50 elementor-top-column elementor-element elementor-element-7a7e0e4\" data-id=\"7a7e0e4\" data-element_type=\"column\" data-settings=\"{&quot;background_background&quot;:&quot;classic&quot;}\">\n\t\t\t<div class=\"elementor-widget-wrap elementor-element-populated\">\n\t\t\t\t\t\t\t\t<div class=\"elementor-element elementor-element-c61cc65 elementor-widget elementor-widget-heading\" data-id=\"c61cc65\" data-element_type=\"widget\" data-widget_type=\"heading.default\">\n\t\t\t\t<div class=\"elementor-widget-container\">\n\t\t\t<h3 class=\"elementor-heading-title elementor-size-default\">Jefe de Negociado<\/h3>\t\t<\/div>\n\t\t\t\t<\/div>\n\t\t\t\t<div class=\"elementor-element elementor-element-f5f9e69 elementor-widget elementor-widget-text-editor\" data-id=\"f5f9e69\" data-element_type=\"widget\" data-widget_type=\"text-editor.default\">\n\t\t\t\t<div class=\"elementor-widget-container\">\n\t\t\t\t\t\t\t<p><strong>Francisco B\u00e1ez Hern\u00e1ndez<\/strong><\/p><p>Tel\u00e9fono 922 31 97 02<\/p><p>Correo electr\u00f3nico: <a href=\"mailto:csocial@ull.edu.es\" target=\"_blank\" rel=\"noopener\">csocial@ull.edu.es<\/a><\/p>\t\t\t\t\t\t<\/div>\n\t\t\t\t<\/div>\n\t\t\t\t\t<\/div>\n\t\t<\/div>\n\t\t\t\t\t\t\t<\/div>\n\t\t<\/section>\n\t\t\t\t<section class=\"elementor-section elementor-top-section elementor-element elementor-element-d06cf68 elementor-section-boxed elementor-section-height-default elementor-section-height-default\" data-id=\"d06cf68\" data-element_type=\"section\">\n\t\t\t\t\t\t<div class=\"elementor-container elementor-column-gap-default\">\n\t\t\t\t\t<div class=\"elementor-column elementor-col-50 elementor-top-column elementor-element elementor-element-773244a\" data-id=\"773244a\" data-element_type=\"column\" data-settings=\"{&quot;background_background&quot;:&quot;classic&quot;}\">\n\t\t\t<div class=\"elementor-widget-wrap elementor-element-populated\">\n\t\t\t\t\t\t\t\t<div class=\"elementor-element elementor-element-a2edae0 elementor-widget elementor-widget-heading\" data-id=\"a2edae0\" data-element_type=\"widget\" data-widget_type=\"heading.default\">\n\t\t\t\t<div class=\"elementor-widget-container\">\n\t\t\t<h3 class=\"elementor-heading-title elementor-size-default\">Colaboradora<\/h3>\t\t<\/div>\n\t\t\t\t<\/div>\n\t\t\t\t<div class=\"elementor-element elementor-element-eebf087 elementor-widget elementor-widget-text-editor\" data-id=\"eebf087\" data-element_type=\"widget\" data-widget_type=\"text-editor.default\">\n\t\t\t\t<div class=\"elementor-widget-container\">\n\t\t\t\t\t\t\t<p><strong>Mar\u00eda Isabel P\u00e9rez P\u00e9rez <\/strong><\/p><p>Tel\u00e9fono 922 31 97 03<\/p><p>Correo electr\u00f3nico: <a href=\"mailto:csocial@ull.edu.es\" target=\"_blank\" rel=\"noopener\">csocial@ull.edu.es<\/a><\/p>\t\t\t\t\t\t<\/div>\n\t\t\t\t<\/div>\n\t\t\t\t\t<\/div>\n\t\t<\/div>\n\t\t\t\t<div class=\"elementor-column elementor-col-50 elementor-top-column elementor-element elementor-element-d3693d3\" data-id=\"d3693d3\" data-element_type=\"column\" data-settings=\"{&quot;background_background&quot;:&quot;classic&quot;}\">\n\t\t\t<div class=\"elementor-widget-wrap elementor-element-populated\">\n\t\t\t\t\t\t\t\t<div class=\"elementor-element elementor-element-69ba1ca elementor-widget elementor-widget-heading\" data-id=\"69ba1ca\" data-element_type=\"widget\" data-widget_type=\"heading.default\">\n\t\t\t\t<div class=\"elementor-widget-container\">\n\t\t\t<h3 class=\"elementor-heading-title elementor-size-default\">Administrativo Base<\/h3>\t\t<\/div>\n\t\t\t\t<\/div>\n\t\t\t\t<div class=\"elementor-element elementor-element-9a524c4 elementor-widget elementor-widget-text-editor\" data-id=\"9a524c4\" data-element_type=\"widget\" data-widget_type=\"text-editor.default\">\n\t\t\t\t<div class=\"elementor-widget-container\">\n\t\t\t\t\t\t\t<p><strong>Mar\u00eda del Mar Estrada Alonso<\/strong><\/p><p>Tel\u00e9fono 922 31 97 03<\/p><p>Correo electr\u00f3nico: <a href=\"mailto:csocial@ull.edu.es\" target=\"_blank\" rel=\"noopener\">csocial@ull.edu.es<\/a><\/p>\t\t\t\t\t\t<\/div>\n\t\t\t\t<\/div>\n\t\t\t\t\t<\/div>\n\t\t<\/div>\n\t\t\t\t\t\t\t<\/div>\n\t\t<\/section>\n\t\t\t\t<section class=\"elementor-section elementor-top-section elementor-element elementor-element-03eba10 elementor-section-boxed elementor-section-height-default elementor-section-height-default\" data-id=\"03eba10\" data-element_type=\"section\">\n\t\t\t\t\t\t<div class=\"elementor-container elementor-column-gap-default\">\n\t\t\t\t\t<div class=\"elementor-column elementor-col-100 elementor-top-column elementor-element elementor-element-1f71fb3\" data-id=\"1f71fb3\" data-element_type=\"column\">\n\t\t\t<div class=\"elementor-widget-wrap elementor-element-populated\">\n\t\t\t\t\t\t\t\t<div class=\"elementor-element elementor-element-1a05460 elementor-widget elementor-widget-heading\" data-id=\"1a05460\" data-element_type=\"widget\" data-widget_type=\"heading.default\">\n\t\t\t\t<div class=\"elementor-widget-container\">\n\t\t\t<h2 class=\"elementor-heading-title elementor-size-default\">Servicio de Intervenci\u00f3n<\/h2>\t\t<\/div>\n\t\t\t\t<\/div>\n\t\t\t\t\t<\/div>\n\t\t<\/div>\n\t\t\t\t\t\t\t<\/div>\n\t\t<\/section>\n\t\t\t\t<section class=\"elementor-section elementor-top-section elementor-element elementor-element-b3ac12b elementor-section-boxed elementor-section-height-default elementor-section-height-default\" data-id=\"b3ac12b\" data-element_type=\"section\">\n\t\t\t\t\t\t<div class=\"elementor-container elementor-column-gap-default\">\n\t\t\t\t\t<div class=\"elementor-column elementor-col-50 elementor-top-column elementor-element elementor-element-77a6b81\" data-id=\"77a6b81\" data-element_type=\"column\" data-settings=\"{&quot;background_background&quot;:&quot;classic&quot;}\">\n\t\t\t<div class=\"elementor-widget-wrap elementor-element-populated\">\n\t\t\t\t\t\t\t\t<div class=\"elementor-element elementor-element-8116bb7 elementor-widget elementor-widget-heading\" data-id=\"8116bb7\" data-element_type=\"widget\" data-widget_type=\"heading.default\">\n\t\t\t\t<div class=\"elementor-widget-container\">\n\t\t\t<h3 class=\"elementor-heading-title elementor-size-default\">Interventora<\/h3>\t\t<\/div>\n\t\t\t\t<\/div>\n\t\t\t\t<div class=\"elementor-element elementor-element-b73c128 elementor-widget elementor-widget-text-editor\" data-id=\"b73c128\" data-element_type=\"widget\" data-widget_type=\"text-editor.default\">\n\t\t\t\t<div class=\"elementor-widget-container\">\n\t\t\t\t\t\t\t<p><strong>Corina Mar\u00eda Mart\u00edn Arteaga<\/strong><\/p><p>Correo electr\u00f3nico: <a href=\"mailto:cmartina@ull.es\" target=\"_blank\" rel=\"noopener\">cmartina@ull.es<\/a><\/p><p>Tel\u00e9fono: 922 319 483<\/p>\t\t\t\t\t\t<\/div>\n\t\t\t\t<\/div>\n\t\t\t\t\t<\/div>\n\t\t<\/div>\n\t\t\t\t<div class=\"elementor-column elementor-col-50 elementor-top-column elementor-element elementor-element-6f341c3\" data-id=\"6f341c3\" data-element_type=\"column\" data-settings=\"{&quot;background_background&quot;:&quot;classic&quot;}\">\n\t\t\t<div class=\"elementor-widget-wrap elementor-element-populated\">\n\t\t\t\t\t\t\t\t<div class=\"elementor-element elementor-element-cdd6447 elementor-widget elementor-widget-heading\" data-id=\"cdd6447\" data-element_type=\"widget\" data-widget_type=\"heading.default\">\n\t\t\t\t<div class=\"elementor-widget-container\">\n\t\t\t<h3 class=\"elementor-heading-title elementor-size-default\">Jefa de Secci\u00f3n<\/h3>\t\t<\/div>\n\t\t\t\t<\/div>\n\t\t\t\t<div class=\"elementor-element elementor-element-ad41b41 elementor-widget elementor-widget-text-editor\" data-id=\"ad41b41\" data-element_type=\"widget\" data-widget_type=\"text-editor.default\">\n\t\t\t\t<div class=\"elementor-widget-container\">\n\t\t\t\t\t\t\t<p><strong>M\u00aa Sonia Calvo Gonz\u00e1lez<\/strong><\/p><p>Correo electr\u00f3nico: <a href=\"mailto:sinterv@ull.es\" target=\"_blank\" rel=\"noopener\">sinterv@ull.es<\/a><\/p><p>Tel\u00e9fono: 922 316 502 (Ext. 6036)<\/p>\t\t\t\t\t\t<\/div>\n\t\t\t\t<\/div>\n\t\t\t\t\t<\/div>\n\t\t<\/div>\n\t\t\t\t\t\t\t<\/div>\n\t\t<\/section>\n\t\t\t\t<section class=\"elementor-section elementor-top-section elementor-element elementor-element-10c51e3 elementor-section-boxed elementor-section-height-default elementor-section-height-default\" data-id=\"10c51e3\" data-element_type=\"section\">\n\t\t\t\t\t\t<div class=\"elementor-container elementor-column-gap-default\">\n\t\t\t\t\t<div class=\"elementor-column elementor-col-50 elementor-top-column elementor-element elementor-element-d75556b\" data-id=\"d75556b\" data-element_type=\"column\" data-settings=\"{&quot;background_background&quot;:&quot;classic&quot;}\">\n\t\t\t<div class=\"elementor-widget-wrap elementor-element-populated\">\n\t\t\t\t\t\t\t\t<div class=\"elementor-element elementor-element-8252de9 elementor-widget elementor-widget-heading\" data-id=\"8252de9\" data-element_type=\"widget\" data-widget_type=\"heading.default\">\n\t\t\t\t<div class=\"elementor-widget-container\">\n\t\t\t<h3 class=\"elementor-heading-title elementor-size-default\">Jefe de Negociado<\/h3>\t\t<\/div>\n\t\t\t\t<\/div>\n\t\t\t\t<div class=\"elementor-element elementor-element-f557e94 elementor-widget elementor-widget-text-editor\" data-id=\"f557e94\" data-element_type=\"widget\" data-widget_type=\"text-editor.default\">\n\t\t\t\t<div class=\"elementor-widget-container\">\n\t\t\t\t\t\t\t<p><strong>Jos\u00e9 Juan Reyes Reyes<\/strong><\/p><p>Correo electr\u00f3nico: <a href=\"mailto:sinterv@ull.es\" target=\"_blank\" rel=\"noopener\">sinterv@ull.es<\/a><\/p><p>Tel\u00e9fono: 922 316 502 (Ext. 6036)<\/p>\t\t\t\t\t\t<\/div>\n\t\t\t\t<\/div>\n\t\t\t\t\t<\/div>\n\t\t<\/div>\n\t\t\t\t<div class=\"elementor-column elementor-col-50 elementor-top-column elementor-element elementor-element-7be2ba9\" data-id=\"7be2ba9\" data-element_type=\"column\" data-settings=\"{&quot;background_background&quot;:&quot;classic&quot;}\">\n\t\t\t<div class=\"elementor-widget-wrap elementor-element-populated\">\n\t\t\t\t\t\t\t\t<div class=\"elementor-element elementor-element-11ea61b elementor-widget elementor-widget-heading\" data-id=\"11ea61b\" data-element_type=\"widget\" data-widget_type=\"heading.default\">\n\t\t\t\t<div class=\"elementor-widget-container\">\n\t\t\t<h3 class=\"elementor-heading-title elementor-size-default\">T\u00e9cnica<\/h3>\t\t<\/div>\n\t\t\t\t<\/div>\n\t\t\t\t<div class=\"elementor-element elementor-element-99320de elementor-widget elementor-widget-text-editor\" data-id=\"99320de\" data-element_type=\"widget\" data-widget_type=\"text-editor.default\">\n\t\t\t\t<div class=\"elementor-widget-container\">\n\t\t\t\t\t\t\t<p><strong>Mar\u00eda Isabel Gonz\u00e1lez D\u00edaz<\/strong><\/p><p>Correo electr\u00f3nico: <a href=\"mailto:sinterv@ull.edu.es\" target=\"_blank\" rel=\"noopener\">sinterv@ull.edu.es<\/a><\/p><p>Tel\u00e9fono: 922316502\u00a0 (Ext. 6036)<\/p>\t\t\t\t\t\t<\/div>\n\t\t\t\t<\/div>\n\t\t\t\t\t<\/div>\n\t\t<\/div>\n\t\t\t\t\t\t\t<\/div>\n\t\t<\/section>\n\t\t\t\t<section class=\"elementor-section elementor-top-section elementor-element elementor-element-6846d05 elementor-section-boxed elementor-section-height-default elementor-section-height-default\" data-id=\"6846d05\" data-element_type=\"section\">\n\t\t\t\t\t\t<div class=\"elementor-container elementor-column-gap-default\">\n\t\t\t\t\t<div class=\"elementor-column elementor-col-50 elementor-top-column elementor-element elementor-element-4078f72\" data-id=\"4078f72\" data-element_type=\"column\" data-settings=\"{&quot;background_background&quot;:&quot;classic&quot;}\">\n\t\t\t<div class=\"elementor-widget-wrap elementor-element-populated\">\n\t\t\t\t\t\t\t\t<div class=\"elementor-element elementor-element-c98e353 elementor-widget elementor-widget-heading\" data-id=\"c98e353\" data-element_type=\"widget\" data-widget_type=\"heading.default\">\n\t\t\t\t<div class=\"elementor-widget-container\">\n\t\t\t<h3 class=\"elementor-heading-title elementor-size-default\">Colaboradora<\/h3>\t\t<\/div>\n\t\t\t\t<\/div>\n\t\t\t\t<div class=\"elementor-element elementor-element-b92d046 elementor-widget elementor-widget-text-editor\" data-id=\"b92d046\" data-element_type=\"widget\" data-widget_type=\"text-editor.default\">\n\t\t\t\t<div class=\"elementor-widget-container\">\n\t\t\t\t\t\t\t<p><strong>M\u00aa Concepci\u00f3n Rodr\u00edguez Alonso<\/strong><\/p><p>Correo electr\u00f3nico: <a href=\"mailto:sinterv@ull.es\" target=\"_blank\" rel=\"noopener\">sinterv@ull.es<\/a><\/p><p>Tel\u00e9fono: 922 316 502 (Ext. 6036)<\/p>\t\t\t\t\t\t<\/div>\n\t\t\t\t<\/div>\n\t\t\t\t\t<\/div>\n\t\t<\/div>\n\t\t\t\t<div class=\"elementor-column elementor-col-50 elementor-top-column elementor-element elementor-element-4fe3d47\" data-id=\"4fe3d47\" data-element_type=\"column\" data-settings=\"{&quot;background_background&quot;:&quot;classic&quot;}\">\n\t\t\t<div class=\"elementor-widget-wrap elementor-element-populated\">\n\t\t\t\t\t\t\t\t<div class=\"elementor-element elementor-element-85bdd4e elementor-widget elementor-widget-heading\" data-id=\"85bdd4e\" data-element_type=\"widget\" data-widget_type=\"heading.default\">\n\t\t\t\t<div class=\"elementor-widget-container\">\n\t\t\t<h3 class=\"elementor-heading-title elementor-size-default\">Administrativo Base<\/h3>\t\t<\/div>\n\t\t\t\t<\/div>\n\t\t\t\t<div class=\"elementor-element elementor-element-e783d85 elementor-widget elementor-widget-text-editor\" data-id=\"e783d85\" data-element_type=\"widget\" data-widget_type=\"text-editor.default\">\n\t\t\t\t<div class=\"elementor-widget-container\">\n\t\t\t\t\t\t\t<p><strong>Natalia Mar\u00eda Gaspar Ramos<\/strong><\/p><p>Correo electr\u00f3nico: <a href=\"mailto:sinterv@ull.es\" target=\"_blank\" rel=\"noopener\">sinterv@ull.es<\/a><\/p><p>Tel\u00e9fono: 922 316 502 (Ext. 6036)<\/p>\t\t\t\t\t\t<\/div>\n\t\t\t\t<\/div>\n\t\t\t\t\t<\/div>\n\t\t<\/div>\n\t\t\t\t\t\t\t<\/div>\n\t\t<\/section>\n\t\t\t\t\t\t\t<\/div>\n\t\t","protected":false},"excerpt":{"rendered":"<p>Servicio de Secretar\u00eda Secretario del Consejo Social Jorge D\u00edaz S\u00e1nchez Tel\u00e9fono: 922 31 97 04 Correo electr\u00f3nico: csocial@ull.edu.es Jefe de Negociado Francisco B\u00e1ez Hern\u00e1ndez Tel\u00e9fono 922 31 97 02 Correo electr\u00f3nico: csocial@ull.edu.es Colaboradora Mar\u00eda Isabel P\u00e9rez P\u00e9rez Tel\u00e9fono 922 31 97 03 Correo electr\u00f3nico: csocial@ull.edu.es Administrativo Base Mar\u00eda del Mar Estrada Alonso Tel\u00e9fono 922 31&#8230;<\/p>\n","protected":false},"author":91,"featured_media":0,"parent":0,"menu_order":0,"comment_status":"closed","ping_status":"closed","template":"","meta":{"inline_featured_image":false,"footnotes":""},"acf":[],"yoast_head":"<!-- This site is optimized with the Yoast SEO plugin v21.3 - https:\/\/yoast.com\/wordpress\/plugins\/seo\/ -->\n<title>Organigrama Administrativo - Consejo Social<\/title>\n<meta name=\"robots\" content=\"index, follow, max-snippet:-1, max-image-preview:large, max-video-preview:-1\" \/>\n<link rel=\"canonical\" href=\"https:\/\/www.ull.es\/portal\/consejo-social\/organigrama-administrativo\/\" \/>\n<meta property=\"og:locale\" content=\"es_ES\" \/>\n<meta property=\"og:type\" content=\"article\" \/>\n<meta property=\"og:title\" content=\"Organigrama Administrativo - Consejo Social\" \/>\n<meta property=\"og:description\" content=\"Servicio de Secretar\u00eda Secretario del Consejo Social Jorge D\u00edaz S\u00e1nchez Tel\u00e9fono: 922 31 97 04 Correo electr\u00f3nico: csocial@ull.edu.es Jefe de Negociado Francisco B\u00e1ez Hern\u00e1ndez Tel\u00e9fono 922 31 97 02 Correo electr\u00f3nico: csocial@ull.edu.es Colaboradora Mar\u00eda Isabel P\u00e9rez P\u00e9rez Tel\u00e9fono 922 31 97 03 Correo electr\u00f3nico: csocial@ull.edu.es Administrativo Base Mar\u00eda del Mar Estrada Alonso Tel\u00e9fono 922 31...\" \/>\n<meta property=\"og:url\" content=\"https:\/\/www.ull.es\/portal\/consejo-social\/organigrama-administrativo\/\" \/>\n<meta property=\"og:site_name\" content=\"Consejo Social\" \/>\n<meta property=\"article:modified_time\" content=\"2024-04-01T10:17:30+00:00\" \/>\n<meta name=\"twitter:card\" content=\"summary_large_image\" \/>\n<meta name=\"twitter:label1\" content=\"Tiempo de lectura\" \/>\n\t<meta name=\"twitter:data1\" content=\"1 minuto\" \/>\n<script type=\"application\/ld+json\" class=\"yoast-schema-graph\">{\"@context\":\"https:\/\/schema.org\",\"@graph\":[{\"@type\":\"WebPage\",\"@id\":\"https:\/\/www.ull.es\/portal\/consejo-social\/organigrama-administrativo\/\",\"url\":\"https:\/\/www.ull.es\/portal\/consejo-social\/organigrama-administrativo\/\",\"name\":\"Organigrama Administrativo - Consejo Social\",\"isPartOf\":{\"@id\":\"https:\/\/www.ull.es\/portal\/consejo-social\/#website\"},\"datePublished\":\"2022-12-01T09:56:57+00:00\",\"dateModified\":\"2024-04-01T10:17:30+00:00\",\"breadcrumb\":{\"@id\":\"https:\/\/www.ull.es\/portal\/consejo-social\/organigrama-administrativo\/#breadcrumb\"},\"inLanguage\":\"es\",\"potentialAction\":[{\"@type\":\"ReadAction\",\"target\":[\"https:\/\/www.ull.es\/portal\/consejo-social\/organigrama-administrativo\/\"]}]},{\"@type\":\"BreadcrumbList\",\"@id\":\"https:\/\/www.ull.es\/portal\/consejo-social\/organigrama-administrativo\/#breadcrumb\",\"itemListElement\":[{\"@type\":\"ListItem\",\"position\":1,\"name\":\"Portada\",\"item\":\"https:\/\/www.ull.es\/portal\/consejo-social\/\"},{\"@type\":\"ListItem\",\"position\":2,\"name\":\"Organigrama Administrativo\"}]},{\"@type\":\"WebSite\",\"@id\":\"https:\/\/www.ull.es\/portal\/consejo-social\/#website\",\"url\":\"https:\/\/www.ull.es\/portal\/consejo-social\/\",\"name\":\"Consejo Social\",\"description\":\"\",\"potentialAction\":[{\"@type\":\"SearchAction\",\"target\":{\"@type\":\"EntryPoint\",\"urlTemplate\":\"https:\/\/www.ull.es\/portal\/consejo-social\/?s={search_term_string}\"},\"query-input\":\"required name=search_term_string\"}],\"inLanguage\":\"es\"}]}<\/script>\n<!-- \/ Yoast SEO plugin. -->","yoast_head_json":{"title":"Organigrama Administrativo - Consejo Social","robots":{"index":"index","follow":"follow","max-snippet":"max-snippet:-1","max-image-preview":"max-image-preview:large","max-video-preview":"max-video-preview:-1"},"canonical":"https:\/\/www.ull.es\/portal\/consejo-social\/organigrama-administrativo\/","og_locale":"es_ES","og_type":"article","og_title":"Organigrama Administrativo - Consejo Social","og_description":"Servicio de Secretar\u00eda Secretario del Consejo Social Jorge D\u00edaz S\u00e1nchez Tel\u00e9fono: 922 31 97 04 Correo electr\u00f3nico: csocial@ull.edu.es Jefe de Negociado Francisco B\u00e1ez Hern\u00e1ndez Tel\u00e9fono 922 31 97 02 Correo electr\u00f3nico: csocial@ull.edu.es Colaboradora Mar\u00eda Isabel P\u00e9rez P\u00e9rez Tel\u00e9fono 922 31 97 03 Correo electr\u00f3nico: csocial@ull.edu.es Administrativo Base Mar\u00eda del Mar Estrada Alonso Tel\u00e9fono 922 31...","og_url":"https:\/\/www.ull.es\/portal\/consejo-social\/organigrama-administrativo\/","og_site_name":"Consejo Social","article_modified_time":"2024-04-01T10:17:30+00:00","twitter_card":"summary_large_image","twitter_misc":{"Tiempo de lectura":"1 minuto"},"schema":{"@context":"https:\/\/schema.org","@graph":[{"@type":"WebPage","@id":"https:\/\/www.ull.es\/portal\/consejo-social\/organigrama-administrativo\/","url":"https:\/\/www.ull.es\/portal\/consejo-social\/organigrama-administrativo\/","name":"Organigrama Administrativo - Consejo Social","isPartOf":{"@id":"https:\/\/www.ull.es\/portal\/consejo-social\/#website"},"datePublished":"2022-12-01T09:56:57+00:00","dateModified":"2024-04-01T10:17:30+00:00","breadcrumb":{"@id":"https:\/\/www.ull.es\/portal\/consejo-social\/organigrama-administrativo\/#breadcrumb"},"inLanguage":"es","potentialAction":[{"@type":"ReadAction","target":["https:\/\/www.ull.es\/portal\/consejo-social\/organigrama-administrativo\/"]}]},{"@type":"BreadcrumbList","@id":"https:\/\/www.ull.es\/portal\/consejo-social\/organigrama-administrativo\/#breadcrumb","itemListElement":[{"@type":"ListItem","position":1,"name":"Portada","item":"https:\/\/www.ull.es\/portal\/consejo-social\/"},{"@type":"ListItem","position":2,"name":"Organigrama Administrativo"}]},{"@type":"WebSite","@id":"https:\/\/www.ull.es\/portal\/consejo-social\/#website","url":"https:\/\/www.ull.es\/portal\/consejo-social\/","name":"Consejo Social","description":"","potentialAction":[{"@type":"SearchAction","target":{"@type":"EntryPoint","urlTemplate":"https:\/\/www.ull.es\/portal\/consejo-social\/?s={search_term_string}"},"query-input":"required name=search_term_string"}],"inLanguage":"es"}]}},"_links":{"self":[{"href":"https:\/\/www.ull.es\/portal\/consejo-social\/wp-json\/wp\/v2\/pages\/275"}],"collection":[{"href":"https:\/\/www.ull.es\/portal\/consejo-social\/wp-json\/wp\/v2\/pages"}],"about":[{"href":"https:\/\/www.ull.es\/portal\/consejo-social\/wp-json\/wp\/v2\/types\/page"}],"author":[{"embeddable":true,"href":"https:\/\/www.ull.es\/portal\/consejo-social\/wp-json\/wp\/v2\/users\/91"}],"replies":[{"embeddable":true,"href":"https:\/\/www.ull.es\/portal\/consejo-social\/wp-json\/wp\/v2\/comments?post=275"}],"version-history":[{"count":46,"href":"https:\/\/www.ull.es\/portal\/consejo-social\/wp-json\/wp\/v2\/pages\/275\/revisions"}],"predecessor-version":[{"id":848,"href":"https:\/\/www.ull.es\/portal\/consejo-social\/wp-json\/wp\/v2\/pages\/275\/revisions\/848"}],"wp:attachment":[{"href":"https:\/\/www.ull.es\/portal\/consejo-social\/wp-json\/wp\/v2\/media?parent=275"}],"curies":[{"name":"wp","href":"https:\/\/api.w.org\/{rel}","templated":true}]}}