{"id":1763,"date":"2024-08-01T12:08:26","date_gmt":"2024-08-01T12:08:26","guid":{"rendered":"https:\/\/www.ull.es\/portal\/coro-polifonico\/?page_id=1763"},"modified":"2024-08-01T12:15:43","modified_gmt":"2024-08-01T12:15:43","slug":"conocenos","status":"publish","type":"page","link":"https:\/\/www.ull.es\/portal\/coro-polifonico\/conocenos\/","title":{"rendered":"Con\u00f3cenos"},"content":{"rendered":"\t\t<div data-elementor-type=\"wp-page\" data-elementor-id=\"1763\" class=\"elementor elementor-1763\">\n\t\t\t\t\t\t\t\t\t<section class=\"elementor-section elementor-top-section elementor-element elementor-element-f0cfe4b elementor-section-boxed elementor-section-height-default elementor-section-height-default\" data-id=\"f0cfe4b\" data-element_type=\"section\" data-settings=\"{&quot;background_background&quot;:&quot;classic&quot;}\">\n\t\t\t\t\t\t\t<div class=\"elementor-background-overlay\"><\/div>\n\t\t\t\t\t\t\t<div class=\"elementor-container elementor-column-gap-default\">\n\t\t\t\t\t<div class=\"elementor-column elementor-col-100 elementor-top-column elementor-element elementor-element-a796732\" data-id=\"a796732\" data-element_type=\"column\">\n\t\t\t<div class=\"elementor-widget-wrap elementor-element-populated\">\n\t\t\t\t\t\t\t\t<div class=\"elementor-element elementor-element-15339a8 elementor-invisible elementor-widget elementor-widget-heading\" data-id=\"15339a8\" data-element_type=\"widget\" data-settings=\"{&quot;_animation&quot;:&quot;fadeInLeft&quot;}\" data-widget_type=\"heading.default\">\n\t\t\t\t<div class=\"elementor-widget-container\">\n\t\t\t<style>\/*! elementor - v3.9.2 - 21-12-2022 *\/\n.elementor-heading-title{padding:0;margin:0;line-height:1}.elementor-widget-heading .elementor-heading-title[class*=elementor-size-]>a{color:inherit;font-size:inherit;line-height:inherit}.elementor-widget-heading .elementor-heading-title.elementor-size-small{font-size:15px}.elementor-widget-heading .elementor-heading-title.elementor-size-medium{font-size:19px}.elementor-widget-heading .elementor-heading-title.elementor-size-large{font-size:29px}.elementor-widget-heading .elementor-heading-title.elementor-size-xl{font-size:39px}.elementor-widget-heading .elementor-heading-title.elementor-size-xxl{font-size:59px}<\/style><h2 class=\"elementor-heading-title elementor-size-default\">Con\u00f3cenos<\/h2>\t\t<\/div>\n\t\t\t\t<\/div>\n\t\t\t\t\t<\/div>\n\t\t<\/div>\n\t\t\t\t\t\t\t<\/div>\n\t\t<\/section>\n\t\t\t\t<section class=\"elementor-section elementor-top-section elementor-element elementor-element-32f97b4 elementor-section-boxed elementor-section-height-default elementor-section-height-default elementor-invisible\" data-id=\"32f97b4\" data-element_type=\"section\" data-settings=\"{&quot;animation&quot;:&quot;fadeInDown&quot;}\">\n\t\t\t\t\t\t<div class=\"elementor-container elementor-column-gap-default\">\n\t\t\t\t\t<div class=\"elementor-column elementor-col-100 elementor-top-column elementor-element elementor-element-67f8b7a\" data-id=\"67f8b7a\" data-element_type=\"column\">\n\t\t\t<div class=\"elementor-widget-wrap elementor-element-populated\">\n\t\t\t\t\t\t\t\t<div class=\"elementor-element elementor-element-d8291f4 elementor-widget elementor-widget-text-editor\" data-id=\"d8291f4\" data-element_type=\"widget\" data-widget_type=\"text-editor.default\">\n\t\t\t\t<div class=\"elementor-widget-container\">\n\t\t\t<style>\/*! elementor - v3.9.2 - 21-12-2022 *\/\n.elementor-widget-text-editor.elementor-drop-cap-view-stacked .elementor-drop-cap{background-color:#818a91;color:#fff}.elementor-widget-text-editor.elementor-drop-cap-view-framed .elementor-drop-cap{color:#818a91;border:3px solid;background-color:transparent}.elementor-widget-text-editor:not(.elementor-drop-cap-view-default) .elementor-drop-cap{margin-top:8px}.elementor-widget-text-editor:not(.elementor-drop-cap-view-default) .elementor-drop-cap-letter{width:1em;height:1em}.elementor-widget-text-editor .elementor-drop-cap{float:left;text-align:center;line-height:1;font-size:50px}.elementor-widget-text-editor .elementor-drop-cap-letter{display:inline-block}<\/style>\t\t\t\tEl <strong>Coro Polif\u00f3nico de la Universidad de La Laguna<\/strong> fue fundado en 1983 y es s\u00edmbolo de esa actividad universitaria que es capaz de traspasar las paredes de las aulas. Su significativo palmar\u00e9s de \u00e9xitos en concursos, tanto nacionales como internacionales, y su versatilidad interpretativa se deben fundamentalmente al trabajo constante de sus componentes y al consolidado magisterio de las personas que han estado al frente de su direcci\u00f3n.\t\t\t\t\t\t<\/div>\n\t\t\t\t<\/div>\n\t\t\t\t\t<\/div>\n\t\t<\/div>\n\t\t\t\t\t\t\t<\/div>\n\t\t<\/section>\n\t\t\t\t<section class=\"elementor-section elementor-top-section elementor-element elementor-element-73cc262 elementor-section-boxed elementor-section-height-default elementor-section-height-default\" data-id=\"73cc262\" data-element_type=\"section\">\n\t\t\t\t\t\t<div class=\"elementor-container elementor-column-gap-default\">\n\t\t\t\t\t<div class=\"elementor-column elementor-col-50 elementor-top-column elementor-element elementor-element-e2ce7fc\" data-id=\"e2ce7fc\" data-element_type=\"column\">\n\t\t\t<div class=\"elementor-widget-wrap elementor-element-populated\">\n\t\t\t\t\t\t\t\t<div class=\"elementor-element elementor-element-2abe8b7 elementor-invisible elementor-widget elementor-widget-text-editor\" data-id=\"2abe8b7\" data-element_type=\"widget\" data-settings=\"{&quot;_animation&quot;:&quot;fadeInLeft&quot;}\" data-widget_type=\"text-editor.default\">\n\t\t\t\t<div class=\"elementor-widget-container\">\n\t\t\t\t\t\t\tEl heterog\u00e9neo marco de intereses art\u00edsticos ha llevado al Coro Polif\u00f3nico de la Universidad de La Laguna a afrontar todos los estilos, repertorios, \u00e9pocas de la literatura musical, tanto en su vertiente sinf\u00f3nica como a capella. Ha sido colaborador regular de la Orquesta Sinf\u00f3nica de Tenerife, co-organizador del Encuentro Coral Ciudad de La Laguna, presencia significativa en la Temporada de \u00d3pera y Zarzuela de Tenerife, pionero en el Concierto Extraordinario de Navidad organizado por la Autoridad Portuaria de Santa Cruz de Tenerife, coro invitado en el Festival Internacional de M\u00fasica de Cine de Tenerife (FIMUCIT\u00c9), am\u00e9n de protagonista de una destacable discograf\u00eda con versiones de referencia y de rescate del patrimonio musical de la polifon\u00eda contempor\u00e1nea de Canarias.<br><bR>\n\nDesde el a\u00f1o 2015 el Coro Polif\u00f3nico de La Universidad de La Laguna se encuentra bajo la direcci\u00f3n de Julio Chinea Pedraza\t\t\t\t\t\t<\/div>\n\t\t\t\t<\/div>\n\t\t\t\t\t<\/div>\n\t\t<\/div>\n\t\t\t\t<div class=\"elementor-column elementor-col-50 elementor-top-column elementor-element elementor-element-026eb99\" data-id=\"026eb99\" data-element_type=\"column\">\n\t\t\t<div class=\"elementor-widget-wrap elementor-element-populated\">\n\t\t\t\t\t\t\t\t<div class=\"elementor-element elementor-element-6b108cc elementor-invisible elementor-widget elementor-widget-image\" data-id=\"6b108cc\" data-element_type=\"widget\" data-settings=\"{&quot;_animation&quot;:&quot;fadeInRight&quot;}\" data-widget_type=\"image.default\">\n\t\t\t\t<div class=\"elementor-widget-container\">\n\t\t\t<style>\/*! elementor - v3.9.2 - 21-12-2022 *\/\n.elementor-widget-image{text-align:center}.elementor-widget-image a{display:inline-block}.elementor-widget-image a img[src$=\".svg\"]{width:48px}.elementor-widget-image img{vertical-align:middle;display:inline-block}<\/style>\t\t\t\t\t\t\t\t\t\t\t\t<img decoding=\"async\" loading=\"lazy\" width=\"2048\" height=\"1536\" src=\"https:\/\/www.ull.es\/portal\/coro-polifonico\/wp-content\/uploads\/sites\/65\/2024\/08\/CPU_12.jpg\" class=\"attachment-full size-full wp-image-1712\" alt=\"\" srcset=\"https:\/\/www.ull.es\/portal\/coro-polifonico\/wp-content\/uploads\/sites\/65\/2024\/08\/CPU_12.jpg 2048w, https:\/\/www.ull.es\/portal\/coro-polifonico\/wp-content\/uploads\/sites\/65\/2024\/08\/CPU_12-300x225.jpg 300w, https:\/\/www.ull.es\/portal\/coro-polifonico\/wp-content\/uploads\/sites\/65\/2024\/08\/CPU_12-1024x768.jpg 1024w, https:\/\/www.ull.es\/portal\/coro-polifonico\/wp-content\/uploads\/sites\/65\/2024\/08\/CPU_12-768x576.jpg 768w, https:\/\/www.ull.es\/portal\/coro-polifonico\/wp-content\/uploads\/sites\/65\/2024\/08\/CPU_12-1536x1152.jpg 1536w, https:\/\/www.ull.es\/portal\/coro-polifonico\/wp-content\/uploads\/sites\/65\/2024\/08\/CPU_12-375x281.jpg 375w, https:\/\/www.ull.es\/portal\/coro-polifonico\/wp-content\/uploads\/sites\/65\/2024\/08\/CPU_12-750x563.jpg 750w, https:\/\/www.ull.es\/portal\/coro-polifonico\/wp-content\/uploads\/sites\/65\/2024\/08\/CPU_12-1140x855.jpg 1140w, https:\/\/www.ull.es\/portal\/coro-polifonico\/wp-content\/uploads\/sites\/65\/2024\/08\/CPU_12-108x81.jpg 108w\" sizes=\"(max-width: 2048px) 100vw, 2048px\" \/>\t\t\t\t\t\t\t\t\t\t\t\t\t\t\t<\/div>\n\t\t\t\t<\/div>\n\t\t\t\t\t<\/div>\n\t\t<\/div>\n\t\t\t\t\t\t\t<\/div>\n\t\t<\/section>\n\t\t\t\t\t\t\t<\/div>\n\t\t","protected":false},"excerpt":{"rendered":"<p>Con\u00f3cenos El Coro Polif\u00f3nico de la Universidad de La Laguna fue fundado en 1983 y es s\u00edmbolo de esa actividad universitaria que es capaz de traspasar las paredes de las aulas. Su significativo palmar\u00e9s de \u00e9xitos en concursos, tanto nacionales como internacionales, y su versatilidad interpretativa se deben fundamentalmente al trabajo constante de sus componentes&#8230;<\/p>\n","protected":false},"author":103,"featured_media":0,"parent":0,"menu_order":0,"comment_status":"closed","ping_status":"closed","template":"elementor_header_footer","meta":{"inline_featured_image":false,"footnotes":""},"acf":[],"yoast_head":"<!-- This site is optimized with the Yoast SEO plugin v21.3 - https:\/\/yoast.com\/wordpress\/plugins\/seo\/ -->\n<title>Con\u00f3cenos - Coro Polif\u00f3nico<\/title>\n<meta name=\"robots\" content=\"index, follow, max-snippet:-1, max-image-preview:large, max-video-preview:-1\" \/>\n<link rel=\"canonical\" href=\"https:\/\/www.ull.es\/portal\/coro-polifonico\/conocenos\/\" \/>\n<meta property=\"og:locale\" content=\"es_ES\" \/>\n<meta property=\"og:type\" content=\"article\" \/>\n<meta property=\"og:title\" content=\"Con\u00f3cenos - Coro Polif\u00f3nico\" \/>\n<meta property=\"og:description\" content=\"Con\u00f3cenos El Coro Polif\u00f3nico de la Universidad de La Laguna fue fundado en 1983 y es s\u00edmbolo de esa actividad universitaria que es capaz de traspasar las paredes de las aulas. Su significativo palmar\u00e9s de \u00e9xitos en concursos, tanto nacionales como internacionales, y su versatilidad interpretativa se deben fundamentalmente al trabajo constante de sus componentes...\" \/>\n<meta property=\"og:url\" content=\"https:\/\/www.ull.es\/portal\/coro-polifonico\/conocenos\/\" \/>\n<meta property=\"og:site_name\" content=\"Coro Polif\u00f3nico\" \/>\n<meta property=\"article:modified_time\" content=\"2024-08-01T12:15:43+00:00\" \/>\n<meta property=\"og:image\" content=\"https:\/\/www.ull.es\/portal\/coro-polifonico\/wp-content\/uploads\/sites\/65\/2024\/08\/CPU_12.jpg\" \/>\n<meta name=\"twitter:card\" content=\"summary_large_image\" \/>\n<meta name=\"twitter:label1\" content=\"Tiempo de lectura\" \/>\n\t<meta name=\"twitter:data1\" content=\"2 minutos\" \/>\n<script type=\"application\/ld+json\" class=\"yoast-schema-graph\">{\"@context\":\"https:\/\/schema.org\",\"@graph\":[{\"@type\":\"WebPage\",\"@id\":\"https:\/\/www.ull.es\/portal\/coro-polifonico\/conocenos\/\",\"url\":\"https:\/\/www.ull.es\/portal\/coro-polifonico\/conocenos\/\",\"name\":\"Con\u00f3cenos - Coro Polif\u00f3nico\",\"isPartOf\":{\"@id\":\"https:\/\/www.ull.es\/portal\/coro-polifonico\/#website\"},\"datePublished\":\"2024-08-01T12:08:26+00:00\",\"dateModified\":\"2024-08-01T12:15:43+00:00\",\"breadcrumb\":{\"@id\":\"https:\/\/www.ull.es\/portal\/coro-polifonico\/conocenos\/#breadcrumb\"},\"inLanguage\":\"es\",\"potentialAction\":[{\"@type\":\"ReadAction\",\"target\":[\"https:\/\/www.ull.es\/portal\/coro-polifonico\/conocenos\/\"]}]},{\"@type\":\"BreadcrumbList\",\"@id\":\"https:\/\/www.ull.es\/portal\/coro-polifonico\/conocenos\/#breadcrumb\",\"itemListElement\":[{\"@type\":\"ListItem\",\"position\":1,\"name\":\"Portada\",\"item\":\"https:\/\/www.ull.es\/portal\/coro-polifonico\/\"},{\"@type\":\"ListItem\",\"position\":2,\"name\":\"Con\u00f3cenos\"}]},{\"@type\":\"WebSite\",\"@id\":\"https:\/\/www.ull.es\/portal\/coro-polifonico\/#website\",\"url\":\"https:\/\/www.ull.es\/portal\/coro-polifonico\/\",\"name\":\"Coro Polif\u00f3nico\",\"description\":\"\",\"potentialAction\":[{\"@type\":\"SearchAction\",\"target\":{\"@type\":\"EntryPoint\",\"urlTemplate\":\"https:\/\/www.ull.es\/portal\/coro-polifonico\/?s={search_term_string}\"},\"query-input\":\"required name=search_term_string\"}],\"inLanguage\":\"es\"}]}<\/script>\n<!-- \/ Yoast SEO plugin. -->","yoast_head_json":{"title":"Con\u00f3cenos - Coro Polif\u00f3nico","robots":{"index":"index","follow":"follow","max-snippet":"max-snippet:-1","max-image-preview":"max-image-preview:large","max-video-preview":"max-video-preview:-1"},"canonical":"https:\/\/www.ull.es\/portal\/coro-polifonico\/conocenos\/","og_locale":"es_ES","og_type":"article","og_title":"Con\u00f3cenos - Coro Polif\u00f3nico","og_description":"Con\u00f3cenos El Coro Polif\u00f3nico de la Universidad de La Laguna fue fundado en 1983 y es s\u00edmbolo de esa actividad universitaria que es capaz de traspasar las paredes de las aulas. Su significativo palmar\u00e9s de \u00e9xitos en concursos, tanto nacionales como internacionales, y su versatilidad interpretativa se deben fundamentalmente al trabajo constante de sus componentes...","og_url":"https:\/\/www.ull.es\/portal\/coro-polifonico\/conocenos\/","og_site_name":"Coro Polif\u00f3nico","article_modified_time":"2024-08-01T12:15:43+00:00","og_image":[{"url":"https:\/\/www.ull.es\/portal\/coro-polifonico\/wp-content\/uploads\/sites\/65\/2024\/08\/CPU_12.jpg"}],"twitter_card":"summary_large_image","twitter_misc":{"Tiempo de lectura":"2 minutos"},"schema":{"@context":"https:\/\/schema.org","@graph":[{"@type":"WebPage","@id":"https:\/\/www.ull.es\/portal\/coro-polifonico\/conocenos\/","url":"https:\/\/www.ull.es\/portal\/coro-polifonico\/conocenos\/","name":"Con\u00f3cenos - Coro Polif\u00f3nico","isPartOf":{"@id":"https:\/\/www.ull.es\/portal\/coro-polifonico\/#website"},"datePublished":"2024-08-01T12:08:26+00:00","dateModified":"2024-08-01T12:15:43+00:00","breadcrumb":{"@id":"https:\/\/www.ull.es\/portal\/coro-polifonico\/conocenos\/#breadcrumb"},"inLanguage":"es","potentialAction":[{"@type":"ReadAction","target":["https:\/\/www.ull.es\/portal\/coro-polifonico\/conocenos\/"]}]},{"@type":"BreadcrumbList","@id":"https:\/\/www.ull.es\/portal\/coro-polifonico\/conocenos\/#breadcrumb","itemListElement":[{"@type":"ListItem","position":1,"name":"Portada","item":"https:\/\/www.ull.es\/portal\/coro-polifonico\/"},{"@type":"ListItem","position":2,"name":"Con\u00f3cenos"}]},{"@type":"WebSite","@id":"https:\/\/www.ull.es\/portal\/coro-polifonico\/#website","url":"https:\/\/www.ull.es\/portal\/coro-polifonico\/","name":"Coro Polif\u00f3nico","description":"","potentialAction":[{"@type":"SearchAction","target":{"@type":"EntryPoint","urlTemplate":"https:\/\/www.ull.es\/portal\/coro-polifonico\/?s={search_term_string}"},"query-input":"required name=search_term_string"}],"inLanguage":"es"}]}},"_links":{"self":[{"href":"https:\/\/www.ull.es\/portal\/coro-polifonico\/wp-json\/wp\/v2\/pages\/1763"}],"collection":[{"href":"https:\/\/www.ull.es\/portal\/coro-polifonico\/wp-json\/wp\/v2\/pages"}],"about":[{"href":"https:\/\/www.ull.es\/portal\/coro-polifonico\/wp-json\/wp\/v2\/types\/page"}],"author":[{"embeddable":true,"href":"https:\/\/www.ull.es\/portal\/coro-polifonico\/wp-json\/wp\/v2\/users\/103"}],"replies":[{"embeddable":true,"href":"https:\/\/www.ull.es\/portal\/coro-polifonico\/wp-json\/wp\/v2\/comments?post=1763"}],"version-history":[{"count":16,"href":"https:\/\/www.ull.es\/portal\/coro-polifonico\/wp-json\/wp\/v2\/pages\/1763\/revisions"}],"predecessor-version":[{"id":1780,"href":"https:\/\/www.ull.es\/portal\/coro-polifonico\/wp-json\/wp\/v2\/pages\/1763\/revisions\/1780"}],"wp:attachment":[{"href":"https:\/\/www.ull.es\/portal\/coro-polifonico\/wp-json\/wp\/v2\/media?parent=1763"}],"curies":[{"name":"wp","href":"https:\/\/api.w.org\/{rel}","templated":true}]}}