{"id":1781,"date":"2024-08-01T12:18:23","date_gmt":"2024-08-01T12:18:23","guid":{"rendered":"https:\/\/www.ull.es\/portal\/coro-polifonico\/?page_id=1781"},"modified":"2024-08-01T12:25:46","modified_gmt":"2024-08-01T12:25:46","slug":"director","status":"publish","type":"page","link":"https:\/\/www.ull.es\/portal\/coro-polifonico\/director\/","title":{"rendered":"Director"},"content":{"rendered":"\t\t<div data-elementor-type=\"wp-page\" data-elementor-id=\"1781\" class=\"elementor elementor-1781\">\n\t\t\t\t\t\t\t\t\t<section class=\"elementor-section elementor-top-section elementor-element elementor-element-f0cfe4b elementor-section-boxed elementor-section-height-default elementor-section-height-default\" data-id=\"f0cfe4b\" data-element_type=\"section\" data-settings=\"{&quot;background_background&quot;:&quot;classic&quot;}\">\n\t\t\t\t\t\t\t<div class=\"elementor-background-overlay\"><\/div>\n\t\t\t\t\t\t\t<div class=\"elementor-container elementor-column-gap-default\">\n\t\t\t\t\t<div class=\"elementor-column elementor-col-100 elementor-top-column elementor-element elementor-element-a796732\" data-id=\"a796732\" data-element_type=\"column\">\n\t\t\t<div class=\"elementor-widget-wrap elementor-element-populated\">\n\t\t\t\t\t\t\t\t<div class=\"elementor-element elementor-element-15339a8 elementor-invisible elementor-widget elementor-widget-heading\" data-id=\"15339a8\" data-element_type=\"widget\" data-settings=\"{&quot;_animation&quot;:&quot;fadeInLeft&quot;}\" data-widget_type=\"heading.default\">\n\t\t\t\t<div class=\"elementor-widget-container\">\n\t\t\t<style>\/*! elementor - v3.9.2 - 21-12-2022 *\/\n.elementor-heading-title{padding:0;margin:0;line-height:1}.elementor-widget-heading .elementor-heading-title[class*=elementor-size-]>a{color:inherit;font-size:inherit;line-height:inherit}.elementor-widget-heading .elementor-heading-title.elementor-size-small{font-size:15px}.elementor-widget-heading .elementor-heading-title.elementor-size-medium{font-size:19px}.elementor-widget-heading .elementor-heading-title.elementor-size-large{font-size:29px}.elementor-widget-heading .elementor-heading-title.elementor-size-xl{font-size:39px}.elementor-widget-heading .elementor-heading-title.elementor-size-xxl{font-size:59px}<\/style><h2 class=\"elementor-heading-title elementor-size-default\">Director<\/h2>\t\t<\/div>\n\t\t\t\t<\/div>\n\t\t\t\t\t<\/div>\n\t\t<\/div>\n\t\t\t\t\t\t\t<\/div>\n\t\t<\/section>\n\t\t\t\t<section class=\"elementor-section elementor-top-section elementor-element elementor-element-32f97b4 elementor-section-boxed elementor-section-height-default elementor-section-height-default elementor-invisible\" data-id=\"32f97b4\" data-element_type=\"section\" data-settings=\"{&quot;animation&quot;:&quot;fadeInDown&quot;}\">\n\t\t\t\t\t\t<div class=\"elementor-container elementor-column-gap-default\">\n\t\t\t\t\t<div class=\"elementor-column elementor-col-100 elementor-top-column elementor-element elementor-element-67f8b7a\" data-id=\"67f8b7a\" data-element_type=\"column\">\n\t\t\t<div class=\"elementor-widget-wrap elementor-element-populated\">\n\t\t\t\t\t\t\t\t<div class=\"elementor-element elementor-element-d8291f4 elementor-widget elementor-widget-text-editor\" data-id=\"d8291f4\" data-element_type=\"widget\" data-widget_type=\"text-editor.default\">\n\t\t\t\t<div class=\"elementor-widget-container\">\n\t\t\t<style>\/*! elementor - v3.9.2 - 21-12-2022 *\/\n.elementor-widget-text-editor.elementor-drop-cap-view-stacked .elementor-drop-cap{background-color:#818a91;color:#fff}.elementor-widget-text-editor.elementor-drop-cap-view-framed .elementor-drop-cap{color:#818a91;border:3px solid;background-color:transparent}.elementor-widget-text-editor:not(.elementor-drop-cap-view-default) .elementor-drop-cap{margin-top:8px}.elementor-widget-text-editor:not(.elementor-drop-cap-view-default) .elementor-drop-cap-letter{width:1em;height:1em}.elementor-widget-text-editor .elementor-drop-cap{float:left;text-align:center;line-height:1;font-size:50px}.elementor-widget-text-editor .elementor-drop-cap-letter{display:inline-block}<\/style>\t\t\t\tJulio Chinea Pedraza comienza con la direcci\u00f3n del Coro Polif\u00f3nico Universitario el 23 de julio de 2015. Nace en 1982 en Tenerife, donde inicia sus estudios musicales en el Conservatorio Superior de M\u00fasica a la edad de 7 a\u00f1os. Su experiencia como cantante comienza a los 12 a\u00f1os, participando hasta la fecha en las agrupaciones corales m\u00e1s importantes de la isla, cantando como bajo solista en la mayor\u00eda de ellas.\t\t\t\t\t\t<\/div>\n\t\t\t\t<\/div>\n\t\t\t\t\t<\/div>\n\t\t<\/div>\n\t\t\t\t\t\t\t<\/div>\n\t\t<\/section>\n\t\t\t\t<section class=\"elementor-section elementor-top-section elementor-element elementor-element-73cc262 elementor-section-boxed elementor-section-height-default elementor-section-height-default\" data-id=\"73cc262\" data-element_type=\"section\">\n\t\t\t\t\t\t<div class=\"elementor-container elementor-column-gap-default\">\n\t\t\t\t\t<div class=\"elementor-column elementor-col-50 elementor-top-column elementor-element elementor-element-e2ce7fc\" data-id=\"e2ce7fc\" data-element_type=\"column\">\n\t\t\t<div class=\"elementor-widget-wrap elementor-element-populated\">\n\t\t\t\t\t\t\t\t<div class=\"elementor-element elementor-element-2abe8b7 elementor-invisible elementor-widget elementor-widget-text-editor\" data-id=\"2abe8b7\" data-element_type=\"widget\" data-settings=\"{&quot;_animation&quot;:&quot;fadeInLeft&quot;}\" data-widget_type=\"text-editor.default\">\n\t\t\t\t<div class=\"elementor-widget-container\">\n\t\t\t\t\t\t\tPor otro lado, cabe destacar tambi\u00e9n su participaci\u00f3n en el Tenerife Film Choir desde su fundaci\u00f3n, participando en los Festivales Internacionales de M\u00fasica de Cine de Tenerife (FIMUCITE) que se han celebrado hasta la fecha. Ha asistido a varias ediciones de los Cursos Universitarios \u201cM\u00fasica en Compostela\u201d, en la modalidad de M\u00fasica Polif\u00f3nica, cuya c\u00e1tedra ostenta la Maestra Carmen Cruz Sim\u00f3. En el Curso de 2014 recibe el Premio en M\u00fasica Polif\u00f3nica. Asimismo, ha realizado varios de los Cursos de Direcci\u00f3n Coral, organizados por la Red de Coros de Tenerife, recibiendo clases de t\u00e9cnica de direcci\u00f3n por parte de la Maestra Nuria Fern\u00e1ndez Herranz. Por \u00faltimo, ha participado en diversos talleres de interpretaci\u00f3n y direcci\u00f3n coral, impartidos por diversos Maestros referentes en el \u00e1mbito nacional e internacional, como son Paulo Louren\u00e7o, Javier Busto, Josu Elberdin y Pedro Teixeira, entre otros.\t\t\t\t\t\t<\/div>\n\t\t\t\t<\/div>\n\t\t\t\t\t<\/div>\n\t\t<\/div>\n\t\t\t\t<div class=\"elementor-column elementor-col-50 elementor-top-column elementor-element elementor-element-026eb99\" data-id=\"026eb99\" data-element_type=\"column\">\n\t\t\t<div class=\"elementor-widget-wrap elementor-element-populated\">\n\t\t\t\t\t\t\t\t<div class=\"elementor-element elementor-element-6b108cc elementor-invisible elementor-widget elementor-widget-image\" data-id=\"6b108cc\" data-element_type=\"widget\" data-settings=\"{&quot;_animation&quot;:&quot;fadeInRight&quot;}\" data-widget_type=\"image.default\">\n\t\t\t\t<div class=\"elementor-widget-container\">\n\t\t\t<style>\/*! elementor - v3.9.2 - 21-12-2022 *\/\n.elementor-widget-image{text-align:center}.elementor-widget-image a{display:inline-block}.elementor-widget-image a img[src$=\".svg\"]{width:48px}.elementor-widget-image img{vertical-align:middle;display:inline-block}<\/style>\t\t\t\t\t\t\t\t\t\t\t\t<img decoding=\"async\" loading=\"lazy\" width=\"828\" height=\"832\" src=\"https:\/\/www.ull.es\/portal\/coro-polifonico\/wp-content\/uploads\/sites\/65\/2024\/08\/Director.jpg\" class=\"attachment-full size-full wp-image-1784\" alt=\"\" srcset=\"https:\/\/www.ull.es\/portal\/coro-polifonico\/wp-content\/uploads\/sites\/65\/2024\/08\/Director.jpg 828w, https:\/\/www.ull.es\/portal\/coro-polifonico\/wp-content\/uploads\/sites\/65\/2024\/08\/Director-300x300.jpg 300w, https:\/\/www.ull.es\/portal\/coro-polifonico\/wp-content\/uploads\/sites\/65\/2024\/08\/Director-150x150.jpg 150w, https:\/\/www.ull.es\/portal\/coro-polifonico\/wp-content\/uploads\/sites\/65\/2024\/08\/Director-768x772.jpg 768w, https:\/\/www.ull.es\/portal\/coro-polifonico\/wp-content\/uploads\/sites\/65\/2024\/08\/Director-375x377.jpg 375w, https:\/\/www.ull.es\/portal\/coro-polifonico\/wp-content\/uploads\/sites\/65\/2024\/08\/Director-750x754.jpg 750w, https:\/\/www.ull.es\/portal\/coro-polifonico\/wp-content\/uploads\/sites\/65\/2024\/08\/Director-50x50.jpg 50w\" sizes=\"(max-width: 828px) 100vw, 828px\" \/>\t\t\t\t\t\t\t\t\t\t\t\t\t\t\t<\/div>\n\t\t\t\t<\/div>\n\t\t\t\t\t<\/div>\n\t\t<\/div>\n\t\t\t\t\t\t\t<\/div>\n\t\t<\/section>\n\t\t\t\t\t\t\t<\/div>\n\t\t","protected":false},"excerpt":{"rendered":"<p>Director Julio Chinea Pedraza comienza con la direcci\u00f3n del Coro Polif\u00f3nico Universitario el 23 de julio de 2015. Nace en 1982 en Tenerife, donde inicia sus estudios musicales en el Conservatorio Superior de M\u00fasica a la edad de 7 a\u00f1os. Su experiencia como cantante comienza a los 12 a\u00f1os, participando hasta la fecha en las&#8230;<\/p>\n","protected":false},"author":103,"featured_media":0,"parent":0,"menu_order":0,"comment_status":"closed","ping_status":"closed","template":"elementor_header_footer","meta":{"inline_featured_image":false,"footnotes":""},"acf":[],"yoast_head":"<!-- This site is optimized with the Yoast SEO plugin v21.3 - https:\/\/yoast.com\/wordpress\/plugins\/seo\/ -->\n<title>Director - Coro Polif\u00f3nico<\/title>\n<meta name=\"robots\" content=\"index, follow, max-snippet:-1, max-image-preview:large, max-video-preview:-1\" \/>\n<link rel=\"canonical\" href=\"https:\/\/www.ull.es\/portal\/coro-polifonico\/director\/\" \/>\n<meta property=\"og:locale\" content=\"es_ES\" \/>\n<meta property=\"og:type\" content=\"article\" \/>\n<meta property=\"og:title\" content=\"Director - Coro Polif\u00f3nico\" \/>\n<meta property=\"og:description\" content=\"Director Julio Chinea Pedraza comienza con la direcci\u00f3n del Coro Polif\u00f3nico Universitario el 23 de julio de 2015. Nace en 1982 en Tenerife, donde inicia sus estudios musicales en el Conservatorio Superior de M\u00fasica a la edad de 7 a\u00f1os. Su experiencia como cantante comienza a los 12 a\u00f1os, participando hasta la fecha en las...\" \/>\n<meta property=\"og:url\" content=\"https:\/\/www.ull.es\/portal\/coro-polifonico\/director\/\" \/>\n<meta property=\"og:site_name\" content=\"Coro Polif\u00f3nico\" \/>\n<meta property=\"article:modified_time\" content=\"2024-08-01T12:25:46+00:00\" \/>\n<meta property=\"og:image\" content=\"https:\/\/www.ull.es\/portal\/coro-polifonico\/wp-content\/uploads\/sites\/65\/2024\/08\/Director.jpg\" \/>\n<meta name=\"twitter:card\" content=\"summary_large_image\" \/>\n<meta name=\"twitter:label1\" content=\"Tiempo de lectura\" \/>\n\t<meta name=\"twitter:data1\" content=\"2 minutos\" \/>\n<script type=\"application\/ld+json\" class=\"yoast-schema-graph\">{\"@context\":\"https:\/\/schema.org\",\"@graph\":[{\"@type\":\"WebPage\",\"@id\":\"https:\/\/www.ull.es\/portal\/coro-polifonico\/director\/\",\"url\":\"https:\/\/www.ull.es\/portal\/coro-polifonico\/director\/\",\"name\":\"Director - Coro Polif\u00f3nico\",\"isPartOf\":{\"@id\":\"https:\/\/www.ull.es\/portal\/coro-polifonico\/#website\"},\"datePublished\":\"2024-08-01T12:18:23+00:00\",\"dateModified\":\"2024-08-01T12:25:46+00:00\",\"breadcrumb\":{\"@id\":\"https:\/\/www.ull.es\/portal\/coro-polifonico\/director\/#breadcrumb\"},\"inLanguage\":\"es\",\"potentialAction\":[{\"@type\":\"ReadAction\",\"target\":[\"https:\/\/www.ull.es\/portal\/coro-polifonico\/director\/\"]}]},{\"@type\":\"BreadcrumbList\",\"@id\":\"https:\/\/www.ull.es\/portal\/coro-polifonico\/director\/#breadcrumb\",\"itemListElement\":[{\"@type\":\"ListItem\",\"position\":1,\"name\":\"Portada\",\"item\":\"https:\/\/www.ull.es\/portal\/coro-polifonico\/\"},{\"@type\":\"ListItem\",\"position\":2,\"name\":\"Director\"}]},{\"@type\":\"WebSite\",\"@id\":\"https:\/\/www.ull.es\/portal\/coro-polifonico\/#website\",\"url\":\"https:\/\/www.ull.es\/portal\/coro-polifonico\/\",\"name\":\"Coro Polif\u00f3nico\",\"description\":\"\",\"potentialAction\":[{\"@type\":\"SearchAction\",\"target\":{\"@type\":\"EntryPoint\",\"urlTemplate\":\"https:\/\/www.ull.es\/portal\/coro-polifonico\/?s={search_term_string}\"},\"query-input\":\"required name=search_term_string\"}],\"inLanguage\":\"es\"}]}<\/script>\n<!-- \/ Yoast SEO plugin. -->","yoast_head_json":{"title":"Director - Coro Polif\u00f3nico","robots":{"index":"index","follow":"follow","max-snippet":"max-snippet:-1","max-image-preview":"max-image-preview:large","max-video-preview":"max-video-preview:-1"},"canonical":"https:\/\/www.ull.es\/portal\/coro-polifonico\/director\/","og_locale":"es_ES","og_type":"article","og_title":"Director - Coro Polif\u00f3nico","og_description":"Director Julio Chinea Pedraza comienza con la direcci\u00f3n del Coro Polif\u00f3nico Universitario el 23 de julio de 2015. Nace en 1982 en Tenerife, donde inicia sus estudios musicales en el Conservatorio Superior de M\u00fasica a la edad de 7 a\u00f1os. Su experiencia como cantante comienza a los 12 a\u00f1os, participando hasta la fecha en las...","og_url":"https:\/\/www.ull.es\/portal\/coro-polifonico\/director\/","og_site_name":"Coro Polif\u00f3nico","article_modified_time":"2024-08-01T12:25:46+00:00","og_image":[{"url":"https:\/\/www.ull.es\/portal\/coro-polifonico\/wp-content\/uploads\/sites\/65\/2024\/08\/Director.jpg"}],"twitter_card":"summary_large_image","twitter_misc":{"Tiempo de lectura":"2 minutos"},"schema":{"@context":"https:\/\/schema.org","@graph":[{"@type":"WebPage","@id":"https:\/\/www.ull.es\/portal\/coro-polifonico\/director\/","url":"https:\/\/www.ull.es\/portal\/coro-polifonico\/director\/","name":"Director - Coro Polif\u00f3nico","isPartOf":{"@id":"https:\/\/www.ull.es\/portal\/coro-polifonico\/#website"},"datePublished":"2024-08-01T12:18:23+00:00","dateModified":"2024-08-01T12:25:46+00:00","breadcrumb":{"@id":"https:\/\/www.ull.es\/portal\/coro-polifonico\/director\/#breadcrumb"},"inLanguage":"es","potentialAction":[{"@type":"ReadAction","target":["https:\/\/www.ull.es\/portal\/coro-polifonico\/director\/"]}]},{"@type":"BreadcrumbList","@id":"https:\/\/www.ull.es\/portal\/coro-polifonico\/director\/#breadcrumb","itemListElement":[{"@type":"ListItem","position":1,"name":"Portada","item":"https:\/\/www.ull.es\/portal\/coro-polifonico\/"},{"@type":"ListItem","position":2,"name":"Director"}]},{"@type":"WebSite","@id":"https:\/\/www.ull.es\/portal\/coro-polifonico\/#website","url":"https:\/\/www.ull.es\/portal\/coro-polifonico\/","name":"Coro Polif\u00f3nico","description":"","potentialAction":[{"@type":"SearchAction","target":{"@type":"EntryPoint","urlTemplate":"https:\/\/www.ull.es\/portal\/coro-polifonico\/?s={search_term_string}"},"query-input":"required name=search_term_string"}],"inLanguage":"es"}]}},"_links":{"self":[{"href":"https:\/\/www.ull.es\/portal\/coro-polifonico\/wp-json\/wp\/v2\/pages\/1781"}],"collection":[{"href":"https:\/\/www.ull.es\/portal\/coro-polifonico\/wp-json\/wp\/v2\/pages"}],"about":[{"href":"https:\/\/www.ull.es\/portal\/coro-polifonico\/wp-json\/wp\/v2\/types\/page"}],"author":[{"embeddable":true,"href":"https:\/\/www.ull.es\/portal\/coro-polifonico\/wp-json\/wp\/v2\/users\/103"}],"replies":[{"embeddable":true,"href":"https:\/\/www.ull.es\/portal\/coro-polifonico\/wp-json\/wp\/v2\/comments?post=1781"}],"version-history":[{"count":7,"href":"https:\/\/www.ull.es\/portal\/coro-polifonico\/wp-json\/wp\/v2\/pages\/1781\/revisions"}],"predecessor-version":[{"id":1790,"href":"https:\/\/www.ull.es\/portal\/coro-polifonico\/wp-json\/wp\/v2\/pages\/1781\/revisions\/1790"}],"wp:attachment":[{"href":"https:\/\/www.ull.es\/portal\/coro-polifonico\/wp-json\/wp\/v2\/media?parent=1781"}],"curies":[{"name":"wp","href":"https:\/\/api.w.org\/{rel}","templated":true}]}}