{"id":1791,"date":"2024-08-01T12:26:57","date_gmt":"2024-08-01T12:26:57","guid":{"rendered":"https:\/\/www.ull.es\/portal\/coro-polifonico\/?page_id=1791"},"modified":"2024-08-06T09:53:32","modified_gmt":"2024-08-06T09:53:32","slug":"recursos","status":"publish","type":"page","link":"https:\/\/www.ull.es\/portal\/coro-polifonico\/recursos\/","title":{"rendered":"Recursos"},"content":{"rendered":"\t\t<div data-elementor-type=\"wp-page\" data-elementor-id=\"1791\" class=\"elementor elementor-1791\">\n\t\t\t\t\t\t\t\t\t<section class=\"elementor-section elementor-top-section elementor-element elementor-element-f0cfe4b elementor-section-boxed elementor-section-height-default elementor-section-height-default\" data-id=\"f0cfe4b\" data-element_type=\"section\" data-settings=\"{&quot;background_background&quot;:&quot;classic&quot;}\">\n\t\t\t\t\t\t\t<div class=\"elementor-background-overlay\"><\/div>\n\t\t\t\t\t\t\t<div class=\"elementor-container elementor-column-gap-default\">\n\t\t\t\t\t<div class=\"elementor-column elementor-col-100 elementor-top-column elementor-element elementor-element-a796732\" data-id=\"a796732\" data-element_type=\"column\">\n\t\t\t<div class=\"elementor-widget-wrap elementor-element-populated\">\n\t\t\t\t\t\t\t\t<div class=\"elementor-element elementor-element-15339a8 elementor-invisible elementor-widget elementor-widget-heading\" data-id=\"15339a8\" data-element_type=\"widget\" data-settings=\"{&quot;_animation&quot;:&quot;fadeInLeft&quot;}\" data-widget_type=\"heading.default\">\n\t\t\t\t<div class=\"elementor-widget-container\">\n\t\t\t<style>\/*! elementor - v3.9.2 - 21-12-2022 *\/\n.elementor-heading-title{padding:0;margin:0;line-height:1}.elementor-widget-heading .elementor-heading-title[class*=elementor-size-]>a{color:inherit;font-size:inherit;line-height:inherit}.elementor-widget-heading .elementor-heading-title.elementor-size-small{font-size:15px}.elementor-widget-heading .elementor-heading-title.elementor-size-medium{font-size:19px}.elementor-widget-heading .elementor-heading-title.elementor-size-large{font-size:29px}.elementor-widget-heading .elementor-heading-title.elementor-size-xl{font-size:39px}.elementor-widget-heading .elementor-heading-title.elementor-size-xxl{font-size:59px}<\/style><h2 class=\"elementor-heading-title elementor-size-default\">Recursos<\/h2>\t\t<\/div>\n\t\t\t\t<\/div>\n\t\t\t\t\t<\/div>\n\t\t<\/div>\n\t\t\t\t\t\t\t<\/div>\n\t\t<\/section>\n\t\t\t\t<section class=\"elementor-section elementor-top-section elementor-element elementor-element-73cc262 elementor-section-boxed elementor-section-height-default elementor-section-height-default\" data-id=\"73cc262\" data-element_type=\"section\">\n\t\t\t\t\t\t<div class=\"elementor-container elementor-column-gap-default\">\n\t\t\t\t\t<div class=\"elementor-column elementor-col-50 elementor-top-column elementor-element elementor-element-e2ce7fc elementor-invisible\" data-id=\"e2ce7fc\" data-element_type=\"column\" data-settings=\"{&quot;animation&quot;:&quot;fadeInLeft&quot;}\">\n\t\t\t<div class=\"elementor-widget-wrap elementor-element-populated\">\n\t\t\t\t\t\t\t\t<div class=\"elementor-element elementor-element-b481725 elementor-view-default elementor-mobile-position-top elementor-vertical-align-top elementor-widget elementor-widget-icon-box\" data-id=\"b481725\" data-element_type=\"widget\" data-widget_type=\"icon-box.default\">\n\t\t\t\t<div class=\"elementor-widget-container\">\n\t\t\t<link rel=\"stylesheet\" href=\"https:\/\/www.ull.es\/portal\/coro-polifonico\/wp-content\/uploads\/sites\/65\/elementor\/css\/custom-widget-icon-box.min.css?ver=1699438960\">\t\t<div class=\"elementor-icon-box-wrapper\">\n\t\t\t\t\t\t<div class=\"elementor-icon-box-icon\">\n\t\t\t\t<a class=\"elementor-icon elementor-animation-\" href=\"https:\/\/www.youtube.com\/@CoroPolifonicoULL\" target=\"_blank\" rel=\"noopener\">\n\t\t\t\t<i aria-hidden=\"true\" class=\"fab fa-youtube\"><\/i>\t\t\t\t<\/a>\n\t\t\t<\/div>\n\t\t\t\t\t\t<div class=\"elementor-icon-box-content\">\n\t\t\t\t<h3 class=\"elementor-icon-box-title\">\n\t\t\t\t\t<a href=\"https:\/\/www.youtube.com\/@CoroPolifonicoULL\"  target=\"_blank\" rel=\"noopener\">\n\t\t\t\t\t\tActuaciones del Coro Polif\u00f3nico de la Universidad de La Laguna\t\t\t\t\t<\/a>\n\t\t\t\t<\/h3>\n\t\t\t\t\t\t\t\t\t<p class=\"elementor-icon-box-description\">\n\t\t\t\t\t\tCompartimos contigo las actuaciones del coro<br><br>\t\t\t\t\t<\/p>\n\t\t\t\t\t\t\t<\/div>\n\t\t<\/div>\n\t\t\t\t<\/div>\n\t\t\t\t<\/div>\n\t\t\t\t\t<\/div>\n\t\t<\/div>\n\t\t\t\t<div class=\"elementor-column elementor-col-50 elementor-top-column elementor-element elementor-element-026eb99 elementor-invisible\" data-id=\"026eb99\" data-element_type=\"column\" data-settings=\"{&quot;animation&quot;:&quot;fadeInRight&quot;}\">\n\t\t\t<div class=\"elementor-widget-wrap elementor-element-populated\">\n\t\t\t\t\t\t\t\t<div class=\"elementor-element elementor-element-205aa2b elementor-view-default elementor-mobile-position-top elementor-vertical-align-top elementor-widget elementor-widget-icon-box\" data-id=\"205aa2b\" data-element_type=\"widget\" data-widget_type=\"icon-box.default\">\n\t\t\t\t<div class=\"elementor-widget-container\">\n\t\t\t\t\t<div class=\"elementor-icon-box-wrapper\">\n\t\t\t\t\t\t<div class=\"elementor-icon-box-icon\">\n\t\t\t\t<a class=\"elementor-icon elementor-animation-\" href=\"https:\/\/open.spotify.com\/intl-es\/artist\/2dw41F9e50TEhfebLyFpll\" target=\"_blank\" rel=\"noopener\">\n\t\t\t\t<i aria-hidden=\"true\" class=\"fab fa-spotify\"><\/i>\t\t\t\t<\/a>\n\t\t\t<\/div>\n\t\t\t\t\t\t<div class=\"elementor-icon-box-content\">\n\t\t\t\t<h3 class=\"elementor-icon-box-title\">\n\t\t\t\t\t<a href=\"https:\/\/open.spotify.com\/intl-es\/artist\/2dw41F9e50TEhfebLyFpll\"  target=\"_blank\" rel=\"noopener\">\n\t\t\t\t\t\tAudios del Coro Polif\u00f3nico de la Universidad de La Laguna\t\t\t\t\t<\/a>\n\t\t\t\t<\/h3>\n\t\t\t\t\t\t\t\t\t<p class=\"elementor-icon-box-description\">\n\t\t\t\t\t\tOfrecemos las versiones de audio para que te acompa\u00f1en all\u00e1 donde vayas\t\t\t\t\t<\/p>\n\t\t\t\t\t\t\t<\/div>\n\t\t<\/div>\n\t\t\t\t<\/div>\n\t\t\t\t<\/div>\n\t\t\t\t\t<\/div>\n\t\t<\/div>\n\t\t\t\t\t\t\t<\/div>\n\t\t<\/section>\n\t\t\t\t\t\t\t<\/div>\n\t\t","protected":false},"excerpt":{"rendered":"<p>Recursos Actuaciones del Coro Polif\u00f3nico de la Universidad de La Laguna Compartimos contigo las actuaciones del coro Audios del Coro Polif\u00f3nico de la Universidad de La Laguna Ofrecemos las versiones de audio para que te acompa\u00f1en all\u00e1 donde vayas<\/p>\n","protected":false},"author":103,"featured_media":0,"parent":0,"menu_order":0,"comment_status":"closed","ping_status":"closed","template":"elementor_header_footer","meta":{"inline_featured_image":false,"footnotes":""},"acf":[],"yoast_head":"<!-- This site is optimized with the Yoast SEO plugin v21.3 - https:\/\/yoast.com\/wordpress\/plugins\/seo\/ -->\n<title>Recursos - Coro Polif\u00f3nico<\/title>\n<meta name=\"robots\" content=\"index, follow, max-snippet:-1, max-image-preview:large, max-video-preview:-1\" \/>\n<link rel=\"canonical\" href=\"https:\/\/www.ull.es\/portal\/coro-polifonico\/recursos\/\" \/>\n<meta property=\"og:locale\" content=\"es_ES\" \/>\n<meta property=\"og:type\" content=\"article\" \/>\n<meta property=\"og:title\" content=\"Recursos - Coro Polif\u00f3nico\" \/>\n<meta property=\"og:description\" content=\"Recursos Actuaciones del Coro Polif\u00f3nico de la Universidad de La Laguna Compartimos contigo las actuaciones del coro Audios del Coro Polif\u00f3nico de la Universidad de La Laguna Ofrecemos las versiones de audio para que te acompa\u00f1en all\u00e1 donde vayas\" \/>\n<meta property=\"og:url\" content=\"https:\/\/www.ull.es\/portal\/coro-polifonico\/recursos\/\" \/>\n<meta property=\"og:site_name\" content=\"Coro Polif\u00f3nico\" \/>\n<meta property=\"article:modified_time\" content=\"2024-08-06T09:53:32+00:00\" \/>\n<meta name=\"twitter:card\" content=\"summary_large_image\" \/>\n<meta name=\"twitter:label1\" content=\"Tiempo de lectura\" \/>\n\t<meta name=\"twitter:data1\" content=\"1 minuto\" \/>\n<script type=\"application\/ld+json\" class=\"yoast-schema-graph\">{\"@context\":\"https:\/\/schema.org\",\"@graph\":[{\"@type\":\"WebPage\",\"@id\":\"https:\/\/www.ull.es\/portal\/coro-polifonico\/recursos\/\",\"url\":\"https:\/\/www.ull.es\/portal\/coro-polifonico\/recursos\/\",\"name\":\"Recursos - Coro Polif\u00f3nico\",\"isPartOf\":{\"@id\":\"https:\/\/www.ull.es\/portal\/coro-polifonico\/#website\"},\"datePublished\":\"2024-08-01T12:26:57+00:00\",\"dateModified\":\"2024-08-06T09:53:32+00:00\",\"breadcrumb\":{\"@id\":\"https:\/\/www.ull.es\/portal\/coro-polifonico\/recursos\/#breadcrumb\"},\"inLanguage\":\"es\",\"potentialAction\":[{\"@type\":\"ReadAction\",\"target\":[\"https:\/\/www.ull.es\/portal\/coro-polifonico\/recursos\/\"]}]},{\"@type\":\"BreadcrumbList\",\"@id\":\"https:\/\/www.ull.es\/portal\/coro-polifonico\/recursos\/#breadcrumb\",\"itemListElement\":[{\"@type\":\"ListItem\",\"position\":1,\"name\":\"Portada\",\"item\":\"https:\/\/www.ull.es\/portal\/coro-polifonico\/\"},{\"@type\":\"ListItem\",\"position\":2,\"name\":\"Recursos\"}]},{\"@type\":\"WebSite\",\"@id\":\"https:\/\/www.ull.es\/portal\/coro-polifonico\/#website\",\"url\":\"https:\/\/www.ull.es\/portal\/coro-polifonico\/\",\"name\":\"Coro Polif\u00f3nico\",\"description\":\"\",\"potentialAction\":[{\"@type\":\"SearchAction\",\"target\":{\"@type\":\"EntryPoint\",\"urlTemplate\":\"https:\/\/www.ull.es\/portal\/coro-polifonico\/?s={search_term_string}\"},\"query-input\":\"required name=search_term_string\"}],\"inLanguage\":\"es\"}]}<\/script>\n<!-- \/ Yoast SEO plugin. -->","yoast_head_json":{"title":"Recursos - Coro Polif\u00f3nico","robots":{"index":"index","follow":"follow","max-snippet":"max-snippet:-1","max-image-preview":"max-image-preview:large","max-video-preview":"max-video-preview:-1"},"canonical":"https:\/\/www.ull.es\/portal\/coro-polifonico\/recursos\/","og_locale":"es_ES","og_type":"article","og_title":"Recursos - Coro Polif\u00f3nico","og_description":"Recursos Actuaciones del Coro Polif\u00f3nico de la Universidad de La Laguna Compartimos contigo las actuaciones del coro Audios del Coro Polif\u00f3nico de la Universidad de La Laguna Ofrecemos las versiones de audio para que te acompa\u00f1en all\u00e1 donde vayas","og_url":"https:\/\/www.ull.es\/portal\/coro-polifonico\/recursos\/","og_site_name":"Coro Polif\u00f3nico","article_modified_time":"2024-08-06T09:53:32+00:00","twitter_card":"summary_large_image","twitter_misc":{"Tiempo de lectura":"1 minuto"},"schema":{"@context":"https:\/\/schema.org","@graph":[{"@type":"WebPage","@id":"https:\/\/www.ull.es\/portal\/coro-polifonico\/recursos\/","url":"https:\/\/www.ull.es\/portal\/coro-polifonico\/recursos\/","name":"Recursos - Coro Polif\u00f3nico","isPartOf":{"@id":"https:\/\/www.ull.es\/portal\/coro-polifonico\/#website"},"datePublished":"2024-08-01T12:26:57+00:00","dateModified":"2024-08-06T09:53:32+00:00","breadcrumb":{"@id":"https:\/\/www.ull.es\/portal\/coro-polifonico\/recursos\/#breadcrumb"},"inLanguage":"es","potentialAction":[{"@type":"ReadAction","target":["https:\/\/www.ull.es\/portal\/coro-polifonico\/recursos\/"]}]},{"@type":"BreadcrumbList","@id":"https:\/\/www.ull.es\/portal\/coro-polifonico\/recursos\/#breadcrumb","itemListElement":[{"@type":"ListItem","position":1,"name":"Portada","item":"https:\/\/www.ull.es\/portal\/coro-polifonico\/"},{"@type":"ListItem","position":2,"name":"Recursos"}]},{"@type":"WebSite","@id":"https:\/\/www.ull.es\/portal\/coro-polifonico\/#website","url":"https:\/\/www.ull.es\/portal\/coro-polifonico\/","name":"Coro Polif\u00f3nico","description":"","potentialAction":[{"@type":"SearchAction","target":{"@type":"EntryPoint","urlTemplate":"https:\/\/www.ull.es\/portal\/coro-polifonico\/?s={search_term_string}"},"query-input":"required name=search_term_string"}],"inLanguage":"es"}]}},"_links":{"self":[{"href":"https:\/\/www.ull.es\/portal\/coro-polifonico\/wp-json\/wp\/v2\/pages\/1791"}],"collection":[{"href":"https:\/\/www.ull.es\/portal\/coro-polifonico\/wp-json\/wp\/v2\/pages"}],"about":[{"href":"https:\/\/www.ull.es\/portal\/coro-polifonico\/wp-json\/wp\/v2\/types\/page"}],"author":[{"embeddable":true,"href":"https:\/\/www.ull.es\/portal\/coro-polifonico\/wp-json\/wp\/v2\/users\/103"}],"replies":[{"embeddable":true,"href":"https:\/\/www.ull.es\/portal\/coro-polifonico\/wp-json\/wp\/v2\/comments?post=1791"}],"version-history":[{"count":16,"href":"https:\/\/www.ull.es\/portal\/coro-polifonico\/wp-json\/wp\/v2\/pages\/1791\/revisions"}],"predecessor-version":[{"id":1830,"href":"https:\/\/www.ull.es\/portal\/coro-polifonico\/wp-json\/wp\/v2\/pages\/1791\/revisions\/1830"}],"wp:attachment":[{"href":"https:\/\/www.ull.es\/portal\/coro-polifonico\/wp-json\/wp\/v2\/media?parent=1791"}],"curies":[{"name":"wp","href":"https:\/\/api.w.org\/{rel}","templated":true}]}}