{"id":61,"date":"2019-05-28T14:18:01","date_gmt":"2019-05-28T12:18:01","guid":{"rendered":"https:\/\/wwwpre.ull.es\/portal\/guia-expertos\/?page_id=61"},"modified":"2019-06-14T11:08:49","modified_gmt":"2019-06-14T09:08:49","slug":"inicio","status":"publish","type":"page","link":"https:\/\/www.ull.es\/portal\/guia-expertos\/","title":{"rendered":"Inicio"},"content":{"rendered":"<p>[vc_row full_width=\u00bbstretch_row\u00bb css=\u00bb.vc_custom_1557332117777{background-image: url(http:\/\/arcocrossmarketing.info\/wp-content\/uploads\/2019\/02\/gde.png?id=1280) !important;background-position: center !important;background-repeat: no-repeat !important;background-size: cover !important;}\u00bb][vc_column][vc_empty_space][vc_empty_space][vc_custom_heading text=\u00bbGu\u00eda de Expertos\u00bb font_container=\u00bbtag:h1|font_size:3em|text_align:left|color:%23ffffff\u00bb use_theme_fonts=\u00bbyes\u00bb][vc_empty_space][vc_empty_space][\/vc_column][\/vc_row][vc_row][vc_column width=\u00bb2\/3&#8243;][vc_column_text]<\/p>\n<h3>La Gu\u00eda de Expertos y Expertas de la Universidad de La Laguna es una iniciativa dirigida a los medios de comunicaci\u00f3n, que surge con el prop\u00f3sito de ofrecer una herramienta de trabajo eficaz y rigurosa para los profesionales de la informaci\u00f3n, y tambi\u00e9n para la sociedad en general.<\/h3>\n<p>[\/vc_column_text][vc_separator color=\u00bbblack\u00bb][\/vc_column][vc_column width=\u00bb1\/3&#8243;][vc_column_text]<\/p>\n<p style=\"text-align: center\"><a class=\"btn-destacado\" href=\"https:\/\/sede.ull.es\/ecivilis-site\/catalog\/showProcedure\/506:1\" target=\"_blank\" rel=\"noopener noreferrer\" target=\"_blank\" rel=\"noopener\">Alta o Modificaci\u00f3n<br \/>\nen la Gu\u00eda de Expertos<\/a><\/p>\n<p>[\/vc_column_text][\/vc_column][\/vc_row][vc_row full_width=\u00bbstretch_row\u00bb content_placement=\u00bbmiddle\u00bb][vc_column][vc_separator css=\u00bb.vc_custom_1554371876182{margin-top: 50px !important;}\u00bb][vc_raw_html]JTVCZGF0YXRhYmxlJTIwY2F0ZWdvcmlhJTNEZ2RlJTVE[\/vc_raw_html][\/vc_column][\/vc_row]<\/p>\n","protected":false},"excerpt":{"rendered":"<p>[vc_row full_width=\u00bbstretch_row\u00bb css=\u00bb.vc_custom_1557332117777{background-image: url(http:\/\/arcocrossmarketing.info\/wp-content\/uploads\/2019\/02\/gde.png?id=1280) !important;background-position: center !important;background-repeat: no-repeat !important;background-size: cover !important;}\u00bb][vc_column][vc_empty_space][vc_empty_space][vc_custom_heading text=\u00bbGu\u00eda de Expertos\u00bb font_container=\u00bbtag:h1|font_size:3em|text_align:left|color:%23ffffff\u00bb use_theme_fonts=\u00bbyes\u00bb][vc_empty_space][vc_empty_space][\/vc_column][\/vc_row][vc_row][vc_column width=\u00bb2\/3&#8243;][vc_column_text] La Gu\u00eda de Expertos y Expertas de la Universidad de La Laguna es una iniciativa dirigida a los medios de comunicaci\u00f3n, que surge con el prop\u00f3sito de ofrecer una herramienta de trabajo eficaz y rigurosa para los profesionales&#8230;<\/p>\n","protected":false},"author":22,"featured_media":0,"parent":0,"menu_order":0,"comment_status":"closed","ping_status":"closed","template":"templates\/template-no-title.php","meta":{"inline_featured_image":false,"footnotes":""},"acf":[],"yoast_head":"<!-- This site is optimized with the Yoast SEO plugin v21.3 - https:\/\/yoast.com\/wordpress\/plugins\/seo\/ -->\n<title>Inicio - Gu\u00eda de expertos<\/title>\n<meta name=\"robots\" content=\"index, follow, max-snippet:-1, max-image-preview:large, max-video-preview:-1\" \/>\n<link rel=\"canonical\" href=\"https:\/\/www.ull.es\/portal\/guia-expertos\/\" \/>\n<meta property=\"og:locale\" content=\"es_ES\" \/>\n<meta property=\"og:type\" content=\"article\" \/>\n<meta property=\"og:title\" content=\"Inicio - Gu\u00eda de expertos\" \/>\n<meta property=\"og:description\" content=\"[vc_row full_width=\u00bbstretch_row\u00bb css=\u00bb.vc_custom_1557332117777{background-image: url(http:\/\/arcocrossmarketing.info\/wp-content\/uploads\/2019\/02\/gde.png?id=1280) !important;background-position: center !important;background-repeat: no-repeat !important;background-size: cover !important;}\u00bb][vc_column][vc_empty_space][vc_empty_space][vc_custom_heading text=\u00bbGu\u00eda de Expertos\u00bb font_container=\u00bbtag:h1|font_size:3em|text_align:left|color:%23ffffff\u00bb use_theme_fonts=\u00bbyes\u00bb][vc_empty_space][vc_empty_space][\/vc_column][\/vc_row][vc_row][vc_column width=\u00bb2\/3&#8243;][vc_column_text] La Gu\u00eda de Expertos y Expertas de la Universidad de La Laguna es una iniciativa dirigida a los medios de comunicaci\u00f3n, que surge con el prop\u00f3sito de ofrecer una herramienta de trabajo eficaz y rigurosa para los profesionales...\" \/>\n<meta property=\"og:url\" content=\"https:\/\/www.ull.es\/portal\/guia-expertos\/\" \/>\n<meta property=\"og:site_name\" content=\"Gu\u00eda de expertos\" \/>\n<meta property=\"article:modified_time\" content=\"2019-06-14T09:08:49+00:00\" \/>\n<meta name=\"twitter:card\" content=\"summary_large_image\" \/>\n<meta name=\"twitter:label1\" content=\"Tiempo de lectura\" \/>\n\t<meta name=\"twitter:data1\" content=\"1 minuto\" \/>\n<script type=\"application\/ld+json\" class=\"yoast-schema-graph\">{\"@context\":\"https:\/\/schema.org\",\"@graph\":[{\"@type\":\"WebPage\",\"@id\":\"https:\/\/www.ull.es\/portal\/guia-expertos\/\",\"url\":\"https:\/\/www.ull.es\/portal\/guia-expertos\/\",\"name\":\"Inicio - Gu\u00eda de expertos\",\"isPartOf\":{\"@id\":\"https:\/\/www.ull.es\/portal\/guia-expertos\/#website\"},\"datePublished\":\"2019-05-28T12:18:01+00:00\",\"dateModified\":\"2019-06-14T09:08:49+00:00\",\"breadcrumb\":{\"@id\":\"https:\/\/www.ull.es\/portal\/guia-expertos\/#breadcrumb\"},\"inLanguage\":\"es\",\"potentialAction\":[{\"@type\":\"ReadAction\",\"target\":[\"https:\/\/www.ull.es\/portal\/guia-expertos\/\"]}]},{\"@type\":\"BreadcrumbList\",\"@id\":\"https:\/\/www.ull.es\/portal\/guia-expertos\/#breadcrumb\",\"itemListElement\":[{\"@type\":\"ListItem\",\"position\":1,\"name\":\"Portada\",\"item\":\"https:\/\/www.ull.es\/portal\/guia-expertos\/\"},{\"@type\":\"ListItem\",\"position\":2,\"name\":\"Inicio\"}]},{\"@type\":\"WebSite\",\"@id\":\"https:\/\/www.ull.es\/portal\/guia-expertos\/#website\",\"url\":\"https:\/\/www.ull.es\/portal\/guia-expertos\/\",\"name\":\"Gu\u00eda de expertos\",\"description\":\"\",\"potentialAction\":[{\"@type\":\"SearchAction\",\"target\":{\"@type\":\"EntryPoint\",\"urlTemplate\":\"https:\/\/www.ull.es\/portal\/guia-expertos\/?s={search_term_string}\"},\"query-input\":\"required name=search_term_string\"}],\"inLanguage\":\"es\"}]}<\/script>\n<!-- \/ Yoast SEO plugin. -->","yoast_head_json":{"title":"Inicio - Gu\u00eda de expertos","robots":{"index":"index","follow":"follow","max-snippet":"max-snippet:-1","max-image-preview":"max-image-preview:large","max-video-preview":"max-video-preview:-1"},"canonical":"https:\/\/www.ull.es\/portal\/guia-expertos\/","og_locale":"es_ES","og_type":"article","og_title":"Inicio - Gu\u00eda de expertos","og_description":"[vc_row full_width=\u00bbstretch_row\u00bb css=\u00bb.vc_custom_1557332117777{background-image: url(http:\/\/arcocrossmarketing.info\/wp-content\/uploads\/2019\/02\/gde.png?id=1280) !important;background-position: center !important;background-repeat: no-repeat !important;background-size: cover !important;}\u00bb][vc_column][vc_empty_space][vc_empty_space][vc_custom_heading text=\u00bbGu\u00eda de Expertos\u00bb font_container=\u00bbtag:h1|font_size:3em|text_align:left|color:%23ffffff\u00bb use_theme_fonts=\u00bbyes\u00bb][vc_empty_space][vc_empty_space][\/vc_column][\/vc_row][vc_row][vc_column width=\u00bb2\/3&#8243;][vc_column_text] La Gu\u00eda de Expertos y Expertas de la Universidad de La Laguna es una iniciativa dirigida a los medios de comunicaci\u00f3n, que surge con el prop\u00f3sito de ofrecer una herramienta de trabajo eficaz y rigurosa para los profesionales...","og_url":"https:\/\/www.ull.es\/portal\/guia-expertos\/","og_site_name":"Gu\u00eda de expertos","article_modified_time":"2019-06-14T09:08:49+00:00","twitter_card":"summary_large_image","twitter_misc":{"Tiempo de lectura":"1 minuto"},"schema":{"@context":"https:\/\/schema.org","@graph":[{"@type":"WebPage","@id":"https:\/\/www.ull.es\/portal\/guia-expertos\/","url":"https:\/\/www.ull.es\/portal\/guia-expertos\/","name":"Inicio - Gu\u00eda de expertos","isPartOf":{"@id":"https:\/\/www.ull.es\/portal\/guia-expertos\/#website"},"datePublished":"2019-05-28T12:18:01+00:00","dateModified":"2019-06-14T09:08:49+00:00","breadcrumb":{"@id":"https:\/\/www.ull.es\/portal\/guia-expertos\/#breadcrumb"},"inLanguage":"es","potentialAction":[{"@type":"ReadAction","target":["https:\/\/www.ull.es\/portal\/guia-expertos\/"]}]},{"@type":"BreadcrumbList","@id":"https:\/\/www.ull.es\/portal\/guia-expertos\/#breadcrumb","itemListElement":[{"@type":"ListItem","position":1,"name":"Portada","item":"https:\/\/www.ull.es\/portal\/guia-expertos\/"},{"@type":"ListItem","position":2,"name":"Inicio"}]},{"@type":"WebSite","@id":"https:\/\/www.ull.es\/portal\/guia-expertos\/#website","url":"https:\/\/www.ull.es\/portal\/guia-expertos\/","name":"Gu\u00eda de expertos","description":"","potentialAction":[{"@type":"SearchAction","target":{"@type":"EntryPoint","urlTemplate":"https:\/\/www.ull.es\/portal\/guia-expertos\/?s={search_term_string}"},"query-input":"required name=search_term_string"}],"inLanguage":"es"}]}},"_links":{"self":[{"href":"https:\/\/www.ull.es\/portal\/guia-expertos\/wp-json\/wp\/v2\/pages\/61"}],"collection":[{"href":"https:\/\/www.ull.es\/portal\/guia-expertos\/wp-json\/wp\/v2\/pages"}],"about":[{"href":"https:\/\/www.ull.es\/portal\/guia-expertos\/wp-json\/wp\/v2\/types\/page"}],"author":[{"embeddable":true,"href":"https:\/\/www.ull.es\/portal\/guia-expertos\/wp-json\/wp\/v2\/users\/22"}],"replies":[{"embeddable":true,"href":"https:\/\/www.ull.es\/portal\/guia-expertos\/wp-json\/wp\/v2\/comments?post=61"}],"version-history":[{"count":12,"href":"https:\/\/www.ull.es\/portal\/guia-expertos\/wp-json\/wp\/v2\/pages\/61\/revisions"}],"predecessor-version":[{"id":78,"href":"https:\/\/www.ull.es\/portal\/guia-expertos\/wp-json\/wp\/v2\/pages\/61\/revisions\/78"}],"wp:attachment":[{"href":"https:\/\/www.ull.es\/portal\/guia-expertos\/wp-json\/wp\/v2\/media?parent=61"}],"curies":[{"name":"wp","href":"https:\/\/api.w.org\/{rel}","templated":true}]}}