{"id":2351,"date":"2016-08-03T11:33:57","date_gmt":"2016-08-03T11:33:57","guid":{"rendered":"https:\/\/www.ull.es\/guiadelingresoalegreso\/?page_id=2351"},"modified":"2017-10-06T13:22:05","modified_gmt":"2017-10-06T13:22:05","slug":"acceso-por-traslado-de-expediente-desde-otra-universidad","status":"publish","type":"page","link":"https:\/\/www.ull.es\/portal\/guiadelingresoalegreso\/acceso-por-traslado-de-expediente-desde-otra-universidad\/","title":{"rendered":"Acceso por traslado de expediente, desde otra universidad"},"content":{"rendered":"<h4>\u00bfQu\u00e9 tengo que hacer para acceder por traslado de expediente, desde otra universidad?<\/h4>\n<p>1- Preguntar en el Servicio de Informaci\u00f3n y Orientaci\u00f3n,\u00a0a primeros de junio, la fecha para realizar el tr\u00e1mite (se publicar\u00e1 en la Instrucci\u00f3n que regula el procedimiento de acceso a nuestra universidad).<\/p>\n<p>2- Solicitar la admisi\u00f3n\u00a0por traslado de expediente (deben reconocerte al menos 30 ECTS), presentando la documentaci\u00f3n que te indican en la solicitud.<\/p>\n<p>3-Si te conceden el traslado te entregar\u00e1n una resoluci\u00f3n \u00a0en la que te indicar\u00e1n la fecha en la que podr\u00e1s\u00a0matricularte.<\/p>\n<p>4- Con esa resoluci\u00f3n debes acudir al centro\/universidad de origen y tramitar el traslado de expediente abonando las tasas administrativas del mismo (conserva el comprobante pues lo debes presentar cuando te matricules en nuestra universidad).<\/p>\n<p>5- Una vez matriculado\/a podr\u00e1s solicitar el reconocimiento de cr\u00e9ditos (tienes un mes desde que comienza el curso).<\/p>\n<p><a href=\"https:\/\/www.ull.es\/admision-becas\/solicitud-plaza-grados\/matricula#alumnos-con-estudios-iniciados\">M\u00e1s informaci\u00f3n<\/a><\/p>\n","protected":false},"excerpt":{"rendered":"<p>\u00bfQu\u00e9 tengo que hacer para acceder por traslado de expediente, desde otra universidad? 1- Preguntar en el Servicio de Informaci\u00f3n y Orientaci\u00f3n,\u00a0a primeros de junio, la fecha para realizar el tr\u00e1mite (se publicar\u00e1 en la Instrucci\u00f3n que regula el procedimiento de acceso a nuestra universidad). 2- Solicitar la admisi\u00f3n\u00a0por traslado de expediente (deben reconocerte al [&hellip;]<\/p>\n","protected":false},"author":1,"featured_media":0,"parent":0,"menu_order":0,"comment_status":"closed","ping_status":"closed","template":"home.php","meta":{"inline_featured_image":false,"footnotes":""},"acf":[],"yoast_head":"<!-- This site is optimized with the Yoast SEO plugin v21.3 - https:\/\/yoast.com\/wordpress\/plugins\/seo\/ -->\n<title>Acceso por traslado de expediente, desde otra universidad - Gu\u00eda del ingreso al egreso<\/title>\n<meta name=\"robots\" content=\"index, follow, max-snippet:-1, max-image-preview:large, max-video-preview:-1\" \/>\n<link rel=\"canonical\" href=\"https:\/\/www.ull.es\/portal\/guiadelingresoalegreso\/acceso-por-traslado-de-expediente-desde-otra-universidad\/\" \/>\n<meta property=\"og:locale\" content=\"es_ES\" \/>\n<meta property=\"og:type\" content=\"article\" \/>\n<meta property=\"og:title\" content=\"Acceso por traslado de expediente, desde otra universidad - Gu\u00eda del ingreso al egreso\" \/>\n<meta property=\"og:description\" content=\"\u00bfQu\u00e9 tengo que hacer para acceder por traslado de expediente, desde otra universidad? 1- Preguntar en el Servicio de Informaci\u00f3n y Orientaci\u00f3n,\u00a0a primeros de junio, la fecha para realizar el tr\u00e1mite (se publicar\u00e1 en la Instrucci\u00f3n que regula el procedimiento de acceso a nuestra universidad). 2- Solicitar la admisi\u00f3n\u00a0por traslado de expediente (deben reconocerte al [&hellip;]\" \/>\n<meta property=\"og:url\" content=\"https:\/\/www.ull.es\/portal\/guiadelingresoalegreso\/acceso-por-traslado-de-expediente-desde-otra-universidad\/\" \/>\n<meta property=\"og:site_name\" content=\"Gu\u00eda del ingreso al egreso\" \/>\n<meta property=\"article:modified_time\" content=\"2017-10-06T13:22:05+00:00\" \/>\n<meta name=\"twitter:card\" content=\"summary_large_image\" \/>\n<meta name=\"twitter:label1\" content=\"Tiempo de lectura\" \/>\n\t<meta name=\"twitter:data1\" content=\"1 minuto\" \/>\n<script type=\"application\/ld+json\" class=\"yoast-schema-graph\">{\"@context\":\"https:\/\/schema.org\",\"@graph\":[{\"@type\":\"WebPage\",\"@id\":\"https:\/\/www.ull.es\/portal\/guiadelingresoalegreso\/acceso-por-traslado-de-expediente-desde-otra-universidad\/\",\"url\":\"https:\/\/www.ull.es\/portal\/guiadelingresoalegreso\/acceso-por-traslado-de-expediente-desde-otra-universidad\/\",\"name\":\"Acceso por traslado de expediente, desde otra universidad - Gu\u00eda del ingreso al egreso\",\"isPartOf\":{\"@id\":\"https:\/\/www.ull.es\/portal\/guiadelingresoalegreso\/#website\"},\"datePublished\":\"2016-08-03T11:33:57+00:00\",\"dateModified\":\"2017-10-06T13:22:05+00:00\",\"breadcrumb\":{\"@id\":\"https:\/\/www.ull.es\/portal\/guiadelingresoalegreso\/acceso-por-traslado-de-expediente-desde-otra-universidad\/#breadcrumb\"},\"inLanguage\":\"es\",\"potentialAction\":[{\"@type\":\"ReadAction\",\"target\":[\"https:\/\/www.ull.es\/portal\/guiadelingresoalegreso\/acceso-por-traslado-de-expediente-desde-otra-universidad\/\"]}]},{\"@type\":\"BreadcrumbList\",\"@id\":\"https:\/\/www.ull.es\/portal\/guiadelingresoalegreso\/acceso-por-traslado-de-expediente-desde-otra-universidad\/#breadcrumb\",\"itemListElement\":[{\"@type\":\"ListItem\",\"position\":1,\"name\":\"Portada\",\"item\":\"https:\/\/www.ull.es\/portal\/guiadelingresoalegreso\/\"},{\"@type\":\"ListItem\",\"position\":2,\"name\":\"Acceso por traslado de expediente, desde otra universidad\"}]},{\"@type\":\"WebSite\",\"@id\":\"https:\/\/www.ull.es\/portal\/guiadelingresoalegreso\/#website\",\"url\":\"https:\/\/www.ull.es\/portal\/guiadelingresoalegreso\/\",\"name\":\"Gu\u00eda del ingreso al egreso\",\"description\":\"Otro sitio m\u00e1s de Sitios Web ULL\",\"potentialAction\":[{\"@type\":\"SearchAction\",\"target\":{\"@type\":\"EntryPoint\",\"urlTemplate\":\"https:\/\/www.ull.es\/portal\/guiadelingresoalegreso\/?s={search_term_string}\"},\"query-input\":\"required name=search_term_string\"}],\"inLanguage\":\"es\"}]}<\/script>\n<!-- \/ Yoast SEO plugin. -->","yoast_head_json":{"title":"Acceso por traslado de expediente, desde otra universidad - Gu\u00eda del ingreso al egreso","robots":{"index":"index","follow":"follow","max-snippet":"max-snippet:-1","max-image-preview":"max-image-preview:large","max-video-preview":"max-video-preview:-1"},"canonical":"https:\/\/www.ull.es\/portal\/guiadelingresoalegreso\/acceso-por-traslado-de-expediente-desde-otra-universidad\/","og_locale":"es_ES","og_type":"article","og_title":"Acceso por traslado de expediente, desde otra universidad - Gu\u00eda del ingreso al egreso","og_description":"\u00bfQu\u00e9 tengo que hacer para acceder por traslado de expediente, desde otra universidad? 1- Preguntar en el Servicio de Informaci\u00f3n y Orientaci\u00f3n,\u00a0a primeros de junio, la fecha para realizar el tr\u00e1mite (se publicar\u00e1 en la Instrucci\u00f3n que regula el procedimiento de acceso a nuestra universidad). 2- Solicitar la admisi\u00f3n\u00a0por traslado de expediente (deben reconocerte al [&hellip;]","og_url":"https:\/\/www.ull.es\/portal\/guiadelingresoalegreso\/acceso-por-traslado-de-expediente-desde-otra-universidad\/","og_site_name":"Gu\u00eda del ingreso al egreso","article_modified_time":"2017-10-06T13:22:05+00:00","twitter_card":"summary_large_image","twitter_misc":{"Tiempo de lectura":"1 minuto"},"schema":{"@context":"https:\/\/schema.org","@graph":[{"@type":"WebPage","@id":"https:\/\/www.ull.es\/portal\/guiadelingresoalegreso\/acceso-por-traslado-de-expediente-desde-otra-universidad\/","url":"https:\/\/www.ull.es\/portal\/guiadelingresoalegreso\/acceso-por-traslado-de-expediente-desde-otra-universidad\/","name":"Acceso por traslado de expediente, desde otra universidad - Gu\u00eda del ingreso al egreso","isPartOf":{"@id":"https:\/\/www.ull.es\/portal\/guiadelingresoalegreso\/#website"},"datePublished":"2016-08-03T11:33:57+00:00","dateModified":"2017-10-06T13:22:05+00:00","breadcrumb":{"@id":"https:\/\/www.ull.es\/portal\/guiadelingresoalegreso\/acceso-por-traslado-de-expediente-desde-otra-universidad\/#breadcrumb"},"inLanguage":"es","potentialAction":[{"@type":"ReadAction","target":["https:\/\/www.ull.es\/portal\/guiadelingresoalegreso\/acceso-por-traslado-de-expediente-desde-otra-universidad\/"]}]},{"@type":"BreadcrumbList","@id":"https:\/\/www.ull.es\/portal\/guiadelingresoalegreso\/acceso-por-traslado-de-expediente-desde-otra-universidad\/#breadcrumb","itemListElement":[{"@type":"ListItem","position":1,"name":"Portada","item":"https:\/\/www.ull.es\/portal\/guiadelingresoalegreso\/"},{"@type":"ListItem","position":2,"name":"Acceso por traslado de expediente, desde otra universidad"}]},{"@type":"WebSite","@id":"https:\/\/www.ull.es\/portal\/guiadelingresoalegreso\/#website","url":"https:\/\/www.ull.es\/portal\/guiadelingresoalegreso\/","name":"Gu\u00eda del ingreso al egreso","description":"Otro sitio m\u00e1s de Sitios Web ULL","potentialAction":[{"@type":"SearchAction","target":{"@type":"EntryPoint","urlTemplate":"https:\/\/www.ull.es\/portal\/guiadelingresoalegreso\/?s={search_term_string}"},"query-input":"required name=search_term_string"}],"inLanguage":"es"}]}},"_links":{"self":[{"href":"https:\/\/www.ull.es\/portal\/guiadelingresoalegreso\/wp-json\/wp\/v2\/pages\/2351"}],"collection":[{"href":"https:\/\/www.ull.es\/portal\/guiadelingresoalegreso\/wp-json\/wp\/v2\/pages"}],"about":[{"href":"https:\/\/www.ull.es\/portal\/guiadelingresoalegreso\/wp-json\/wp\/v2\/types\/page"}],"author":[{"embeddable":true,"href":"https:\/\/www.ull.es\/portal\/guiadelingresoalegreso\/wp-json\/wp\/v2\/users\/1"}],"replies":[{"embeddable":true,"href":"https:\/\/www.ull.es\/portal\/guiadelingresoalegreso\/wp-json\/wp\/v2\/comments?post=2351"}],"version-history":[{"count":4,"href":"https:\/\/www.ull.es\/portal\/guiadelingresoalegreso\/wp-json\/wp\/v2\/pages\/2351\/revisions"}],"predecessor-version":[{"id":2642,"href":"https:\/\/www.ull.es\/portal\/guiadelingresoalegreso\/wp-json\/wp\/v2\/pages\/2351\/revisions\/2642"}],"wp:attachment":[{"href":"https:\/\/www.ull.es\/portal\/guiadelingresoalegreso\/wp-json\/wp\/v2\/media?parent=2351"}],"curies":[{"name":"wp","href":"https:\/\/api.w.org\/{rel}","templated":true}]}}