{"id":2381,"date":"2016-09-02T08:14:43","date_gmt":"2016-09-02T08:14:43","guid":{"rendered":"https:\/\/www.ull.es\/guiadelingresoalegreso\/?page_id=2381"},"modified":"2017-10-09T12:04:22","modified_gmt":"2017-10-09T12:04:22","slug":"aspectos-a-tener-en-cuenta-si-piensas-cambiar-de-estudios-el-proximo-curso","status":"publish","type":"page","link":"https:\/\/www.ull.es\/portal\/guiadelingresoalegreso\/aspectos-a-tener-en-cuenta-si-piensas-cambiar-de-estudios-el-proximo-curso\/","title":{"rendered":"Aspectos a tener en cuenta si piensas cambiar de estudios el pr\u00f3ximo curso"},"content":{"rendered":"<p>Existe una casu\u00edstica variada en este supuesto si atendemos a los motivos por los que accedes con la intenci\u00f3n de cambiar el pr\u00f3ximo curso. Comentaremos los aspectos generales a tener en cuenta y que pueden influir en el acceso, el pr\u00f3ximo curso, a los estudios que deseas.<\/p>\n<p>Recuerda que, con car\u00e1cter general, solo podr\u00e1s disfrutar de una beca por curso (una para primero, una para segundo\u2026), con independencia del grado. Por ello si disfrutas de beca este curso (1\u00ba del grado A) no podr\u00e1s disfrutar de beca el pr\u00f3ximo curso cuando accedas a primero del Grado B.<\/p>\n<p>Tendr\u00e1s que valorar cu\u00e1ndo pedirla: para este curso o para el pr\u00f3ximo. Consulta la casu\u00edstica que te podr\u00e1s encontrar atendiendo al posible rendimiento que tendr\u00e1s en este primer curso y en el pr\u00f3ximo (<a href=\"https:\/\/www.ull.es\/portal\/guiadelingresoalegreso\/wp-content\/uploads\/sites\/8\/2016\/09\/cambio-de-grado_becas.pdf\" target=\"_blank\" rel=\"noopener\">cuadro resumen<\/a>)<\/p>\n<p>En lo que respecta al reconocimiento de las asignaturas que vayas a cursar este curso tienes que observar que si vas a cambiar a otra titulaci\u00f3n de la misma rama tienes derecho, como m\u00ednimo, a que te reconozcan las denominadas asignaturas b\u00e1sicas de rama, siempre y cuando las tengas aprobadas. Amplia la informaci\u00f3n sobre el reconocimiento de cr\u00e9ditos accediendo a la titulaci\u00f3n de tu inter\u00e9s a trav\u00e9s del siguiente <a href=\"https:\/\/www.ull.es\/estudios-docencia\/grados\">enlace<\/a>.<\/p>\n<p>Si el objetivo es acceder por traslado de expediente recomendamos consultes el apartado \u201c<a href=\"https:\/\/www.ull.es\/portal\/guiadelingresoalegreso\/acceso-por-traslado-de-expediente\/\">Acceso por traslado de expediente<\/a>\u201d.<\/p>\n","protected":false},"excerpt":{"rendered":"<p>Existe una casu\u00edstica variada en este supuesto si atendemos a los motivos por los que accedes con la intenci\u00f3n de cambiar el pr\u00f3ximo curso. Comentaremos los aspectos generales a tener en cuenta y que pueden influir en el acceso, el pr\u00f3ximo curso, a los estudios que deseas. Recuerda que, con car\u00e1cter general, solo podr\u00e1s disfrutar [&hellip;]<\/p>\n","protected":false},"author":1,"featured_media":0,"parent":0,"menu_order":0,"comment_status":"closed","ping_status":"closed","template":"home.php","meta":{"inline_featured_image":false,"footnotes":""},"acf":[],"yoast_head":"<!-- This site is optimized with the Yoast SEO plugin v21.3 - https:\/\/yoast.com\/wordpress\/plugins\/seo\/ -->\n<title>Aspectos a tener en cuenta si piensas cambiar de estudios el pr\u00f3ximo curso - Gu\u00eda del ingreso al egreso<\/title>\n<meta name=\"robots\" content=\"index, follow, max-snippet:-1, max-image-preview:large, max-video-preview:-1\" \/>\n<link rel=\"canonical\" href=\"https:\/\/www.ull.es\/portal\/guiadelingresoalegreso\/aspectos-a-tener-en-cuenta-si-piensas-cambiar-de-estudios-el-proximo-curso\/\" \/>\n<meta property=\"og:locale\" content=\"es_ES\" \/>\n<meta property=\"og:type\" content=\"article\" \/>\n<meta property=\"og:title\" content=\"Aspectos a tener en cuenta si piensas cambiar de estudios el pr\u00f3ximo curso - Gu\u00eda del ingreso al egreso\" \/>\n<meta property=\"og:description\" content=\"Existe una casu\u00edstica variada en este supuesto si atendemos a los motivos por los que accedes con la intenci\u00f3n de cambiar el pr\u00f3ximo curso. Comentaremos los aspectos generales a tener en cuenta y que pueden influir en el acceso, el pr\u00f3ximo curso, a los estudios que deseas. Recuerda que, con car\u00e1cter general, solo podr\u00e1s disfrutar [&hellip;]\" \/>\n<meta property=\"og:url\" content=\"https:\/\/www.ull.es\/portal\/guiadelingresoalegreso\/aspectos-a-tener-en-cuenta-si-piensas-cambiar-de-estudios-el-proximo-curso\/\" \/>\n<meta property=\"og:site_name\" content=\"Gu\u00eda del ingreso al egreso\" \/>\n<meta property=\"article:modified_time\" content=\"2017-10-09T12:04:22+00:00\" \/>\n<meta name=\"twitter:card\" content=\"summary_large_image\" \/>\n<meta name=\"twitter:label1\" content=\"Tiempo de lectura\" \/>\n\t<meta name=\"twitter:data1\" content=\"1 minuto\" \/>\n<script type=\"application\/ld+json\" class=\"yoast-schema-graph\">{\"@context\":\"https:\/\/schema.org\",\"@graph\":[{\"@type\":\"WebPage\",\"@id\":\"https:\/\/www.ull.es\/portal\/guiadelingresoalegreso\/aspectos-a-tener-en-cuenta-si-piensas-cambiar-de-estudios-el-proximo-curso\/\",\"url\":\"https:\/\/www.ull.es\/portal\/guiadelingresoalegreso\/aspectos-a-tener-en-cuenta-si-piensas-cambiar-de-estudios-el-proximo-curso\/\",\"name\":\"Aspectos a tener en cuenta si piensas cambiar de estudios el pr\u00f3ximo curso - Gu\u00eda del ingreso al egreso\",\"isPartOf\":{\"@id\":\"https:\/\/www.ull.es\/portal\/guiadelingresoalegreso\/#website\"},\"datePublished\":\"2016-09-02T08:14:43+00:00\",\"dateModified\":\"2017-10-09T12:04:22+00:00\",\"breadcrumb\":{\"@id\":\"https:\/\/www.ull.es\/portal\/guiadelingresoalegreso\/aspectos-a-tener-en-cuenta-si-piensas-cambiar-de-estudios-el-proximo-curso\/#breadcrumb\"},\"inLanguage\":\"es\",\"potentialAction\":[{\"@type\":\"ReadAction\",\"target\":[\"https:\/\/www.ull.es\/portal\/guiadelingresoalegreso\/aspectos-a-tener-en-cuenta-si-piensas-cambiar-de-estudios-el-proximo-curso\/\"]}]},{\"@type\":\"BreadcrumbList\",\"@id\":\"https:\/\/www.ull.es\/portal\/guiadelingresoalegreso\/aspectos-a-tener-en-cuenta-si-piensas-cambiar-de-estudios-el-proximo-curso\/#breadcrumb\",\"itemListElement\":[{\"@type\":\"ListItem\",\"position\":1,\"name\":\"Portada\",\"item\":\"https:\/\/www.ull.es\/portal\/guiadelingresoalegreso\/\"},{\"@type\":\"ListItem\",\"position\":2,\"name\":\"Aspectos a tener en cuenta si piensas cambiar de estudios el pr\u00f3ximo curso\"}]},{\"@type\":\"WebSite\",\"@id\":\"https:\/\/www.ull.es\/portal\/guiadelingresoalegreso\/#website\",\"url\":\"https:\/\/www.ull.es\/portal\/guiadelingresoalegreso\/\",\"name\":\"Gu\u00eda del ingreso al egreso\",\"description\":\"Otro sitio m\u00e1s de Sitios Web ULL\",\"potentialAction\":[{\"@type\":\"SearchAction\",\"target\":{\"@type\":\"EntryPoint\",\"urlTemplate\":\"https:\/\/www.ull.es\/portal\/guiadelingresoalegreso\/?s={search_term_string}\"},\"query-input\":\"required name=search_term_string\"}],\"inLanguage\":\"es\"}]}<\/script>\n<!-- \/ Yoast SEO plugin. -->","yoast_head_json":{"title":"Aspectos a tener en cuenta si piensas cambiar de estudios el pr\u00f3ximo curso - Gu\u00eda del ingreso al egreso","robots":{"index":"index","follow":"follow","max-snippet":"max-snippet:-1","max-image-preview":"max-image-preview:large","max-video-preview":"max-video-preview:-1"},"canonical":"https:\/\/www.ull.es\/portal\/guiadelingresoalegreso\/aspectos-a-tener-en-cuenta-si-piensas-cambiar-de-estudios-el-proximo-curso\/","og_locale":"es_ES","og_type":"article","og_title":"Aspectos a tener en cuenta si piensas cambiar de estudios el pr\u00f3ximo curso - Gu\u00eda del ingreso al egreso","og_description":"Existe una casu\u00edstica variada en este supuesto si atendemos a los motivos por los que accedes con la intenci\u00f3n de cambiar el pr\u00f3ximo curso. Comentaremos los aspectos generales a tener en cuenta y que pueden influir en el acceso, el pr\u00f3ximo curso, a los estudios que deseas. Recuerda que, con car\u00e1cter general, solo podr\u00e1s disfrutar [&hellip;]","og_url":"https:\/\/www.ull.es\/portal\/guiadelingresoalegreso\/aspectos-a-tener-en-cuenta-si-piensas-cambiar-de-estudios-el-proximo-curso\/","og_site_name":"Gu\u00eda del ingreso al egreso","article_modified_time":"2017-10-09T12:04:22+00:00","twitter_card":"summary_large_image","twitter_misc":{"Tiempo de lectura":"1 minuto"},"schema":{"@context":"https:\/\/schema.org","@graph":[{"@type":"WebPage","@id":"https:\/\/www.ull.es\/portal\/guiadelingresoalegreso\/aspectos-a-tener-en-cuenta-si-piensas-cambiar-de-estudios-el-proximo-curso\/","url":"https:\/\/www.ull.es\/portal\/guiadelingresoalegreso\/aspectos-a-tener-en-cuenta-si-piensas-cambiar-de-estudios-el-proximo-curso\/","name":"Aspectos a tener en cuenta si piensas cambiar de estudios el pr\u00f3ximo curso - Gu\u00eda del ingreso al egreso","isPartOf":{"@id":"https:\/\/www.ull.es\/portal\/guiadelingresoalegreso\/#website"},"datePublished":"2016-09-02T08:14:43+00:00","dateModified":"2017-10-09T12:04:22+00:00","breadcrumb":{"@id":"https:\/\/www.ull.es\/portal\/guiadelingresoalegreso\/aspectos-a-tener-en-cuenta-si-piensas-cambiar-de-estudios-el-proximo-curso\/#breadcrumb"},"inLanguage":"es","potentialAction":[{"@type":"ReadAction","target":["https:\/\/www.ull.es\/portal\/guiadelingresoalegreso\/aspectos-a-tener-en-cuenta-si-piensas-cambiar-de-estudios-el-proximo-curso\/"]}]},{"@type":"BreadcrumbList","@id":"https:\/\/www.ull.es\/portal\/guiadelingresoalegreso\/aspectos-a-tener-en-cuenta-si-piensas-cambiar-de-estudios-el-proximo-curso\/#breadcrumb","itemListElement":[{"@type":"ListItem","position":1,"name":"Portada","item":"https:\/\/www.ull.es\/portal\/guiadelingresoalegreso\/"},{"@type":"ListItem","position":2,"name":"Aspectos a tener en cuenta si piensas cambiar de estudios el pr\u00f3ximo curso"}]},{"@type":"WebSite","@id":"https:\/\/www.ull.es\/portal\/guiadelingresoalegreso\/#website","url":"https:\/\/www.ull.es\/portal\/guiadelingresoalegreso\/","name":"Gu\u00eda del ingreso al egreso","description":"Otro sitio m\u00e1s de Sitios Web ULL","potentialAction":[{"@type":"SearchAction","target":{"@type":"EntryPoint","urlTemplate":"https:\/\/www.ull.es\/portal\/guiadelingresoalegreso\/?s={search_term_string}"},"query-input":"required name=search_term_string"}],"inLanguage":"es"}]}},"_links":{"self":[{"href":"https:\/\/www.ull.es\/portal\/guiadelingresoalegreso\/wp-json\/wp\/v2\/pages\/2381"}],"collection":[{"href":"https:\/\/www.ull.es\/portal\/guiadelingresoalegreso\/wp-json\/wp\/v2\/pages"}],"about":[{"href":"https:\/\/www.ull.es\/portal\/guiadelingresoalegreso\/wp-json\/wp\/v2\/types\/page"}],"author":[{"embeddable":true,"href":"https:\/\/www.ull.es\/portal\/guiadelingresoalegreso\/wp-json\/wp\/v2\/users\/1"}],"replies":[{"embeddable":true,"href":"https:\/\/www.ull.es\/portal\/guiadelingresoalegreso\/wp-json\/wp\/v2\/comments?post=2381"}],"version-history":[{"count":2,"href":"https:\/\/www.ull.es\/portal\/guiadelingresoalegreso\/wp-json\/wp\/v2\/pages\/2381\/revisions"}],"predecessor-version":[{"id":2672,"href":"https:\/\/www.ull.es\/portal\/guiadelingresoalegreso\/wp-json\/wp\/v2\/pages\/2381\/revisions\/2672"}],"wp:attachment":[{"href":"https:\/\/www.ull.es\/portal\/guiadelingresoalegreso\/wp-json\/wp\/v2\/media?parent=2381"}],"curies":[{"name":"wp","href":"https:\/\/api.w.org\/{rel}","templated":true}]}}