{"id":2401,"date":"2016-09-02T09:28:37","date_gmt":"2016-09-02T09:28:37","guid":{"rendered":"https:\/\/www.ull.es\/guiadelingresoalegreso\/?page_id=2401"},"modified":"2017-10-10T08:22:41","modified_gmt":"2017-10-10T08:22:41","slug":"plazos-para-anulacion-o-total-o-parcial-de-matricula","status":"publish","type":"page","link":"https:\/\/www.ull.es\/portal\/guiadelingresoalegreso\/plazos-para-anulacion-o-total-o-parcial-de-matricula\/","title":{"rendered":"Plazos para anulaci\u00f3n total o parcial de matr\u00edcula"},"content":{"rendered":"<p>Las fechas exactas las debes consultar en la <a href=\"https:\/\/www.ull.es\/admision-becas\/solicitud-plaza-grados\/normativa\/\" target=\"_blank\" rel=\"noopener\">instrucci\u00f3n que cada curso acad\u00e9mico regula la matr\u00edcula<\/a>.<\/p>\n<p>Con car\u00e1cter orientativo son:<\/p>\n<ul>\n<li>Anulaci\u00f3n total:\n<ul>\n<li>Hasta la primera quincena de octubre (implica devoluci\u00f3n de precios p\u00fablicos por servicios acad\u00e9micos y seguro escolar)<\/li>\n<li>Hasta la primera quincena de diciembre se puede solicitar, pero no da derecho a devoluci\u00f3n.<\/li>\n<li>A partir de la primera quincena de diciembre las solicitudes se tratar\u00e1n como fuera de plazo y resuelve la Secretaria General.<\/li>\n<\/ul>\n<\/li>\n<li>Anulaci\u00f3n parcial:\n<ul>\n<li>Hasta la primera quincena de octubre para asignaturas de primer cuatrimestre.<\/li>\n<li>Hasta finales de febrero para anulaci\u00f3n de asignaturas anuales o de segundo cuatrimestre.<\/li>\n<\/ul>\n<\/li>\n<\/ul>\n<p>&nbsp;<\/p>\n","protected":false},"excerpt":{"rendered":"<p>Las fechas exactas las debes consultar en la instrucci\u00f3n que cada curso acad\u00e9mico regula la matr\u00edcula. Con car\u00e1cter orientativo son: Anulaci\u00f3n total: Hasta la primera quincena de octubre (implica devoluci\u00f3n de precios p\u00fablicos por servicios acad\u00e9micos y seguro escolar) Hasta la primera quincena de diciembre se puede solicitar, pero no da derecho a devoluci\u00f3n. A [&hellip;]<\/p>\n","protected":false},"author":1,"featured_media":0,"parent":0,"menu_order":0,"comment_status":"closed","ping_status":"closed","template":"home.php","meta":{"inline_featured_image":false,"footnotes":""},"acf":[],"yoast_head":"<!-- This site is optimized with the Yoast SEO plugin v21.3 - https:\/\/yoast.com\/wordpress\/plugins\/seo\/ -->\n<title>Plazos para anulaci\u00f3n total o parcial de matr\u00edcula - Gu\u00eda del ingreso al egreso<\/title>\n<meta name=\"robots\" content=\"index, follow, max-snippet:-1, max-image-preview:large, max-video-preview:-1\" \/>\n<link rel=\"canonical\" href=\"https:\/\/www.ull.es\/portal\/guiadelingresoalegreso\/plazos-para-anulacion-o-total-o-parcial-de-matricula\/\" \/>\n<meta property=\"og:locale\" content=\"es_ES\" \/>\n<meta property=\"og:type\" content=\"article\" \/>\n<meta property=\"og:title\" content=\"Plazos para anulaci\u00f3n total o parcial de matr\u00edcula - Gu\u00eda del ingreso al egreso\" \/>\n<meta property=\"og:description\" content=\"Las fechas exactas las debes consultar en la instrucci\u00f3n que cada curso acad\u00e9mico regula la matr\u00edcula. Con car\u00e1cter orientativo son: Anulaci\u00f3n total: Hasta la primera quincena de octubre (implica devoluci\u00f3n de precios p\u00fablicos por servicios acad\u00e9micos y seguro escolar) Hasta la primera quincena de diciembre se puede solicitar, pero no da derecho a devoluci\u00f3n. A [&hellip;]\" \/>\n<meta property=\"og:url\" content=\"https:\/\/www.ull.es\/portal\/guiadelingresoalegreso\/plazos-para-anulacion-o-total-o-parcial-de-matricula\/\" \/>\n<meta property=\"og:site_name\" content=\"Gu\u00eda del ingreso al egreso\" \/>\n<meta property=\"article:modified_time\" content=\"2017-10-10T08:22:41+00:00\" \/>\n<meta name=\"twitter:card\" content=\"summary_large_image\" \/>\n<meta name=\"twitter:label1\" content=\"Tiempo de lectura\" \/>\n\t<meta name=\"twitter:data1\" content=\"1 minuto\" \/>\n<script type=\"application\/ld+json\" class=\"yoast-schema-graph\">{\"@context\":\"https:\/\/schema.org\",\"@graph\":[{\"@type\":\"WebPage\",\"@id\":\"https:\/\/www.ull.es\/portal\/guiadelingresoalegreso\/plazos-para-anulacion-o-total-o-parcial-de-matricula\/\",\"url\":\"https:\/\/www.ull.es\/portal\/guiadelingresoalegreso\/plazos-para-anulacion-o-total-o-parcial-de-matricula\/\",\"name\":\"Plazos para anulaci\u00f3n total o parcial de matr\u00edcula - Gu\u00eda del ingreso al egreso\",\"isPartOf\":{\"@id\":\"https:\/\/www.ull.es\/portal\/guiadelingresoalegreso\/#website\"},\"datePublished\":\"2016-09-02T09:28:37+00:00\",\"dateModified\":\"2017-10-10T08:22:41+00:00\",\"breadcrumb\":{\"@id\":\"https:\/\/www.ull.es\/portal\/guiadelingresoalegreso\/plazos-para-anulacion-o-total-o-parcial-de-matricula\/#breadcrumb\"},\"inLanguage\":\"es\",\"potentialAction\":[{\"@type\":\"ReadAction\",\"target\":[\"https:\/\/www.ull.es\/portal\/guiadelingresoalegreso\/plazos-para-anulacion-o-total-o-parcial-de-matricula\/\"]}]},{\"@type\":\"BreadcrumbList\",\"@id\":\"https:\/\/www.ull.es\/portal\/guiadelingresoalegreso\/plazos-para-anulacion-o-total-o-parcial-de-matricula\/#breadcrumb\",\"itemListElement\":[{\"@type\":\"ListItem\",\"position\":1,\"name\":\"Portada\",\"item\":\"https:\/\/www.ull.es\/portal\/guiadelingresoalegreso\/\"},{\"@type\":\"ListItem\",\"position\":2,\"name\":\"Plazos para anulaci\u00f3n total o parcial de matr\u00edcula\"}]},{\"@type\":\"WebSite\",\"@id\":\"https:\/\/www.ull.es\/portal\/guiadelingresoalegreso\/#website\",\"url\":\"https:\/\/www.ull.es\/portal\/guiadelingresoalegreso\/\",\"name\":\"Gu\u00eda del ingreso al egreso\",\"description\":\"Otro sitio m\u00e1s de Sitios Web ULL\",\"potentialAction\":[{\"@type\":\"SearchAction\",\"target\":{\"@type\":\"EntryPoint\",\"urlTemplate\":\"https:\/\/www.ull.es\/portal\/guiadelingresoalegreso\/?s={search_term_string}\"},\"query-input\":\"required name=search_term_string\"}],\"inLanguage\":\"es\"}]}<\/script>\n<!-- \/ Yoast SEO plugin. -->","yoast_head_json":{"title":"Plazos para anulaci\u00f3n total o parcial de matr\u00edcula - Gu\u00eda del ingreso al egreso","robots":{"index":"index","follow":"follow","max-snippet":"max-snippet:-1","max-image-preview":"max-image-preview:large","max-video-preview":"max-video-preview:-1"},"canonical":"https:\/\/www.ull.es\/portal\/guiadelingresoalegreso\/plazos-para-anulacion-o-total-o-parcial-de-matricula\/","og_locale":"es_ES","og_type":"article","og_title":"Plazos para anulaci\u00f3n total o parcial de matr\u00edcula - Gu\u00eda del ingreso al egreso","og_description":"Las fechas exactas las debes consultar en la instrucci\u00f3n que cada curso acad\u00e9mico regula la matr\u00edcula. Con car\u00e1cter orientativo son: Anulaci\u00f3n total: Hasta la primera quincena de octubre (implica devoluci\u00f3n de precios p\u00fablicos por servicios acad\u00e9micos y seguro escolar) Hasta la primera quincena de diciembre se puede solicitar, pero no da derecho a devoluci\u00f3n. A [&hellip;]","og_url":"https:\/\/www.ull.es\/portal\/guiadelingresoalegreso\/plazos-para-anulacion-o-total-o-parcial-de-matricula\/","og_site_name":"Gu\u00eda del ingreso al egreso","article_modified_time":"2017-10-10T08:22:41+00:00","twitter_card":"summary_large_image","twitter_misc":{"Tiempo de lectura":"1 minuto"},"schema":{"@context":"https:\/\/schema.org","@graph":[{"@type":"WebPage","@id":"https:\/\/www.ull.es\/portal\/guiadelingresoalegreso\/plazos-para-anulacion-o-total-o-parcial-de-matricula\/","url":"https:\/\/www.ull.es\/portal\/guiadelingresoalegreso\/plazos-para-anulacion-o-total-o-parcial-de-matricula\/","name":"Plazos para anulaci\u00f3n total o parcial de matr\u00edcula - Gu\u00eda del ingreso al egreso","isPartOf":{"@id":"https:\/\/www.ull.es\/portal\/guiadelingresoalegreso\/#website"},"datePublished":"2016-09-02T09:28:37+00:00","dateModified":"2017-10-10T08:22:41+00:00","breadcrumb":{"@id":"https:\/\/www.ull.es\/portal\/guiadelingresoalegreso\/plazos-para-anulacion-o-total-o-parcial-de-matricula\/#breadcrumb"},"inLanguage":"es","potentialAction":[{"@type":"ReadAction","target":["https:\/\/www.ull.es\/portal\/guiadelingresoalegreso\/plazos-para-anulacion-o-total-o-parcial-de-matricula\/"]}]},{"@type":"BreadcrumbList","@id":"https:\/\/www.ull.es\/portal\/guiadelingresoalegreso\/plazos-para-anulacion-o-total-o-parcial-de-matricula\/#breadcrumb","itemListElement":[{"@type":"ListItem","position":1,"name":"Portada","item":"https:\/\/www.ull.es\/portal\/guiadelingresoalegreso\/"},{"@type":"ListItem","position":2,"name":"Plazos para anulaci\u00f3n total o parcial de matr\u00edcula"}]},{"@type":"WebSite","@id":"https:\/\/www.ull.es\/portal\/guiadelingresoalegreso\/#website","url":"https:\/\/www.ull.es\/portal\/guiadelingresoalegreso\/","name":"Gu\u00eda del ingreso al egreso","description":"Otro sitio m\u00e1s de Sitios Web ULL","potentialAction":[{"@type":"SearchAction","target":{"@type":"EntryPoint","urlTemplate":"https:\/\/www.ull.es\/portal\/guiadelingresoalegreso\/?s={search_term_string}"},"query-input":"required name=search_term_string"}],"inLanguage":"es"}]}},"_links":{"self":[{"href":"https:\/\/www.ull.es\/portal\/guiadelingresoalegreso\/wp-json\/wp\/v2\/pages\/2401"}],"collection":[{"href":"https:\/\/www.ull.es\/portal\/guiadelingresoalegreso\/wp-json\/wp\/v2\/pages"}],"about":[{"href":"https:\/\/www.ull.es\/portal\/guiadelingresoalegreso\/wp-json\/wp\/v2\/types\/page"}],"author":[{"embeddable":true,"href":"https:\/\/www.ull.es\/portal\/guiadelingresoalegreso\/wp-json\/wp\/v2\/users\/1"}],"replies":[{"embeddable":true,"href":"https:\/\/www.ull.es\/portal\/guiadelingresoalegreso\/wp-json\/wp\/v2\/comments?post=2401"}],"version-history":[{"count":1,"href":"https:\/\/www.ull.es\/portal\/guiadelingresoalegreso\/wp-json\/wp\/v2\/pages\/2401\/revisions"}],"predecessor-version":[{"id":2702,"href":"https:\/\/www.ull.es\/portal\/guiadelingresoalegreso\/wp-json\/wp\/v2\/pages\/2401\/revisions\/2702"}],"wp:attachment":[{"href":"https:\/\/www.ull.es\/portal\/guiadelingresoalegreso\/wp-json\/wp\/v2\/media?parent=2401"}],"curies":[{"name":"wp","href":"https:\/\/api.w.org\/{rel}","templated":true}]}}